{"id":1910,"date":"2024-10-08T13:58:59","date_gmt":"2024-10-08T05:58:59","guid":{"rendered":"https:\/\/www.ajflyinghome.com\/?page_id=1910"},"modified":"2025-04-27T11:08:30","modified_gmt":"2025-04-27T03:08:30","slug":"white-shaker-kitchen-cabinets","status":"publish","type":"page","link":"https:\/\/www.ajflyinghome.com\/de\/white-shaker-kitchen-cabinets\/","title":{"rendered":"Ma\u00dfgeschneiderte wei\u00dfe Shaker-K\u00fcchen cabinets vom Hersteller aus China"},"content":{"rendered":"<div data-elementor-type=\"wp-page\" data-elementor-id=\"1910\" class=\"elementor elementor-1910\">\n\t\t\t\t<div class=\"elementor-element elementor-element-24e2c382 e-flex e-con-boxed e-con e-parent\" data-id=\"24e2c382\" data-element_type=\"container\" data-settings=\"{&quot;background_background&quot;:&quot;classic&quot;}\">\n\t\t\t\t\t<div class=\"e-con-inner\">\n\t\t<div class=\"elementor-element elementor-element-7cd5439f e-con-full e-flex e-con e-child\" data-id=\"7cd5439f\" data-element_type=\"container\" data-settings=\"{&quot;background_background&quot;:&quot;classic&quot;}\">\n\t\t\t\t<div class=\"elementor-element elementor-element-4ac78232 elementor-widget elementor-widget-heading\" data-id=\"4ac78232\" data-element_type=\"widget\" data-widget_type=\"heading.default\">\n\t\t\t\t<div class=\"elementor-widget-container\">\n\t\t\t\t\t<h2 class=\"elementor-heading-title elementor-size-default\">Wei\u00dfe Shaker-K\u00fcchenschr\u00e4nke<\/h2>\t\t\t\t<\/div>\n\t\t\t\t<\/div>\n\t\t\t\t<div class=\"elementor-element elementor-element-6b715236 elementor-widget elementor-widget-text-editor\" data-id=\"6b715236\" data-element_type=\"widget\" data-widget_type=\"text-editor.default\">\n\t\t\t\t<div class=\"elementor-widget-container\">\n\t\t\t\t\t\t\t\t\t<p>AJ Flying kann Ihre wei\u00dfen Shaker-K\u00fcchenschr\u00e4nke in verschiedenen Stilen und Gr\u00f6\u00dfen anpassen, um Ihren K\u00fcchenaufbau zu passen. Au\u00dferdem bieten wir eine Reihe von individuellen Optionen von <a href=\"https:\/\/www.ajflyinghome.com\/de\/kitchen-cabinet-color-trends\/\">Farbe<\/a> bis hin zu Materialien, um Ihre K\u00fcchenfunktion und das Erscheinungsbild zu erf\u00fcllen.<\/p>\t\t\t\t\t\t\t\t<\/div>\n\t\t\t\t<\/div>\n\t\t\t\t<div class=\"elementor-element elementor-element-454d7c0b elementor-tablet-align-center popmake-1598 elementor-widget elementor-widget-button\" data-id=\"454d7c0b\" data-element_type=\"widget\" data-widget_type=\"button.default\">\n\t\t\t\t<div class=\"elementor-widget-container\">\n\t\t\t\t\t\t\t\t\t<div class=\"elementor-button-wrapper\">\n\t\t\t\t\t<a class=\"elementor-button elementor-size-sm\" role=\"button\">\n\t\t\t\t\t\t<span class=\"elementor-button-content-wrapper\">\n\t\t\t\t\t\t\t\t\t<span class=\"elementor-button-text\">Anfrage jetzt<\/span>\n\t\t\t\t\t<\/span>\n\t\t\t\t\t<\/a>\n\t\t\t\t<\/div>\n\t\t\t\t\t\t\t\t<\/div>\n\t\t\t\t<\/div>\n\t\t\t\t<\/div>\n\t\t\t\t\t<\/div>\n\t\t\t\t<\/div>\n\t\t<div class=\"elementor-element elementor-element-2a7f8634 e-flex e-con-boxed e-con e-parent\" data-id=\"2a7f8634\" data-element_type=\"container\">\n\t\t\t\t\t<div class=\"e-con-inner\">\n\t\t\t\t<div class=\"elementor-element elementor-element-7a740a3a elementor-widget elementor-widget-heading\" data-id=\"7a740a3a\" data-element_type=\"widget\" data-widget_type=\"heading.default\">\n\t\t\t\t<div class=\"elementor-widget-container\">\n\t\t\t\t\t<h2 class=\"elementor-heading-title elementor-size-default\">AJ Flying - Ma\u00dfgeschneiderte wei\u00dfe Shaker-Schr\u00e4nke<\/h2>\t\t\t\t<\/div>\n\t\t\t\t<\/div>\n\t\t\t\t<div class=\"elementor-element elementor-element-48558b3e elementor-widget elementor-widget-text-editor\" data-id=\"48558b3e\" data-element_type=\"widget\" data-widget_type=\"text-editor.default\">\n\t\t\t\t<div class=\"elementor-widget-container\">\n\t\t\t\t\t\t\t\t\t<p>AJ Flying wei\u00dfe Shaker-Schr\u00e4nke k\u00f6nnen Ihrer K\u00fcche ein sauberes und einfaches Aussehen verleihen, was sie sowohl f\u00fcr minimalistische moderne als auch f\u00fcr traditionelle K\u00fcchen ideal macht.<\/p><p>Unsere <a href=\"https:\/\/www.ajflyinghome.com\/de\/shaker-kitchen-cabinets\/\">Shaker-K\u00fcchenschr\u00e4nke<\/a> k\u00f6nnen in verschiedenen wei\u00dfen Erscheinungsbildern angepasst werden, wie Eiswei\u00df, Elfenbeinwei\u00df oder Taubenwei\u00df, was eine hellere und offenere K\u00fcche schafft.<\/p><p>Sie finden eine Vielzahl von Materialien f\u00fcr Ihre wei\u00dfen Shaker-K\u00fcchenschr\u00e4nke, sowohl erschwingliche als auch luxuri\u00f6se Optionen. AJ Flying kann HDF oder Sperrholz verwenden, um einen wettbewerbsf\u00e4higen Preis zu bieten, der Ihren Budgets entspricht. Sie sind robust und emissionsarm. Sie k\u00f6nnen Massivholz wie Eiche oder Kirsche w\u00e4hlen, um einen warmen und nat\u00fcrlichen Schrank zu schaffen und das Niveau Ihrer K\u00fcche zu erh\u00f6hen.<\/p><p>Wenn Sie eine zeitlose und klassisch aussehende K\u00fcche bauen m\u00f6chten, ziehen Sie die wei\u00dfen Shaker-Schr\u00e4nke von AJ Flying in Betracht.<\/p>\t\t\t\t\t\t\t\t<\/div>\n\t\t\t\t<\/div>\n\t\t\t\t<div class=\"elementor-element elementor-element-2b489540 elementor-tablet-align-center popmake-1598 elementor-align-left elementor-widget elementor-widget-button\" data-id=\"2b489540\" data-element_type=\"widget\" data-widget_type=\"button.default\">\n\t\t\t\t<div class=\"elementor-widget-container\">\n\t\t\t\t\t\t\t\t\t<div class=\"elementor-button-wrapper\">\n\t\t\t\t\t<a class=\"elementor-button elementor-size-sm\" role=\"button\">\n\t\t\t\t\t\t<span class=\"elementor-button-content-wrapper\">\n\t\t\t\t\t\t\t\t\t<span class=\"elementor-button-text\">Anfrage senden<\/span>\n\t\t\t\t\t<\/span>\n\t\t\t\t\t<\/a>\n\t\t\t\t<\/div>\n\t\t\t\t\t\t\t\t<\/div>\n\t\t\t\t<\/div>\n\t\t\t\t\t<\/div>\n\t\t\t\t<\/div>\n\t\t<div class=\"elementor-element elementor-element-5d50512b e-flex e-con-boxed e-con e-parent\" data-id=\"5d50512b\" data-element_type=\"container\" data-settings=\"{&quot;background_background&quot;:&quot;classic&quot;}\">\n\t\t\t\t\t<div class=\"e-con-inner\">\n\t\t\t\t<div class=\"elementor-element elementor-element-24f4da3c elementor-widget__width-initial elementor-widget-tablet__width-inherit elementor-widget elementor-widget-image\" data-id=\"24f4da3c\" data-element_type=\"widget\" data-widget_type=\"image.default\">\n\t\t\t\t<div class=\"elementor-widget-container\">\n\t\t\t\t\t\t\t\t\t\t\t\t\t\t\t<img fetchpriority=\"high\" decoding=\"async\" width=\"515\" height=\"640\" src=\"https:\/\/www.ajflyinghome.com\/wp-content\/uploads\/2024\/10\/Statement-Making-White-Color.webp\" class=\"attachment-large size-large wp-image-1992\" alt=\"Aussagekr\u00e4ftige wei\u00dfe Farbe\" title=\"\">\t\t\t\t\t\t\t\t\t\t\t\t\t\t\t<\/div>\n\t\t\t\t<\/div>\n\t\t<div class=\"elementor-element elementor-element-7825d45b e-con-full e-flex e-con e-child\" data-id=\"7825d45b\" data-element_type=\"container\">\n\t\t\t\t<div class=\"elementor-element elementor-element-4c08e776 elementor-widget elementor-widget-heading\" data-id=\"4c08e776\" data-element_type=\"widget\" data-widget_type=\"heading.default\">\n\t\t\t\t<div class=\"elementor-widget-container\">\n\t\t\t\t\t<h2 class=\"elementor-heading-title elementor-size-default\">Aussagekr\u00e4ftige wei\u00dfe Farbe<\/h2>\t\t\t\t<\/div>\n\t\t\t\t<\/div>\n\t\t\t\t<div class=\"elementor-element elementor-element-1241929e elementor-widget elementor-widget-text-editor\" data-id=\"1241929e\" data-element_type=\"widget\" data-widget_type=\"text-editor.default\">\n\t\t\t\t<div class=\"elementor-widget-container\">\n\t\t\t\t\t\t\t\t\t<p>AJ Flying bietet mehrere wei\u00dfe Farboptionen, damit Ihre K\u00fcche in unterschiedlichen Gef\u00fchlen erscheinen kann. Wir bieten Ihnen ein sanfteres und w\u00e4rmeres Elfenbeinwei\u00df, um Bauernhaus- oder Landhausk\u00fcchen zu gestalten, und Sie k\u00f6nnen eine Taubenwei\u00df-Farbe finden, um eine \u00dcbergangsk\u00fcche zu erg\u00e4nzen. Sie k\u00f6nnen auch Eiswei\u00df w\u00e4hlen, damit Ihre K\u00fcche heller und k\u00fchler aussieht.<\/p><p>Entdecken Sie die vollst\u00e4ndige wei\u00dfe Auswahl unten, Sie finden eine L\u00f6sung f\u00fcr Ihre K\u00fcche.<\/p>\t\t\t\t\t\t\t\t<\/div>\n\t\t\t\t<\/div>\n\t\t<div class=\"elementor-element elementor-element-11a8713 e-grid e-con-full e-con e-child\" data-id=\"11a8713\" data-element_type=\"container\">\n\t\t\t\t<div class=\"elementor-element elementor-element-87e878b elementor-widget elementor-widget-text-editor\" data-id=\"87e878b\" data-element_type=\"widget\" data-widget_type=\"text-editor.default\">\n\t\t\t\t<div class=\"elementor-widget-container\">\n\t\t\t\t\t\t\t\t\t<ul><li>Colorado Wei\u00df<\/li><li>Eiswei\u00df<\/li><li>Arcadia Wei\u00df<\/li><li>Off-white<\/li><\/ul>\t\t\t\t\t\t\t\t<\/div>\n\t\t\t\t<\/div>\n\t\t\t\t<div class=\"elementor-element elementor-element-a50d3e4 elementor-widget elementor-widget-text-editor\" data-id=\"a50d3e4\" data-element_type=\"widget\" data-widget_type=\"text-editor.default\">\n\t\t\t\t<div class=\"elementor-widget-container\">\n\t\t\t\t\t\t\t\t\t<ul><li>Malibu Wei\u00df<\/li><li>Taubwei\u00df<\/li><li>Aspenwei\u00df<\/li><li>Helles Wei\u00df<\/li><\/ul>\t\t\t\t\t\t\t\t<\/div>\n\t\t\t\t<\/div>\n\t\t\t\t<div class=\"elementor-element elementor-element-c93d8da elementor-widget elementor-widget-text-editor\" data-id=\"c93d8da\" data-element_type=\"widget\" data-widget_type=\"text-editor.default\">\n\t\t\t\t<div class=\"elementor-widget-container\">\n\t\t\t\t\t\t\t\t\t<ul><li>Satinwei\u00df<\/li><li>Elfenbeinwei\u00df<\/li><li>D\u00e4mmerwei\u00df<\/li><li>Schneewei\u00df<\/li><li>Antikwei\u00df<\/li><\/ul>\t\t\t\t\t\t\t\t<\/div>\n\t\t\t\t<\/div>\n\t\t\t\t<\/div>\n\t\t\t\t<div class=\"elementor-element elementor-element-1a9857bc elementor-tablet-align-center popmake-1598 elementor-widget elementor-widget-button\" data-id=\"1a9857bc\" data-element_type=\"widget\" data-widget_type=\"button.default\">\n\t\t\t\t<div class=\"elementor-widget-container\">\n\t\t\t\t\t\t\t\t\t<div class=\"elementor-button-wrapper\">\n\t\t\t\t\t<a class=\"elementor-button elementor-size-sm\" role=\"button\">\n\t\t\t\t\t\t<span class=\"elementor-button-content-wrapper\">\n\t\t\t\t\t\t\t\t\t<span class=\"elementor-button-text\">Erfahren Sie mehr<\/span>\n\t\t\t\t\t<\/span>\n\t\t\t\t\t<\/a>\n\t\t\t\t<\/div>\n\t\t\t\t\t\t\t\t<\/div>\n\t\t\t\t<\/div>\n\t\t\t\t<\/div>\n\t\t\t\t\t<\/div>\n\t\t\t\t<\/div>\n\t\t<div class=\"elementor-element elementor-element-453cb10f e-flex e-con-boxed e-con e-parent\" data-id=\"453cb10f\" data-element_type=\"container\" data-settings=\"{&quot;background_background&quot;:&quot;classic&quot;}\">\n\t\t\t\t\t<div class=\"e-con-inner\">\n\t\t<div class=\"elementor-element elementor-element-56bada8b e-con-full e-flex e-con e-child\" data-id=\"56bada8b\" data-element_type=\"container\">\n\t\t\t\t<div class=\"elementor-element elementor-element-31318fa6 elementor-widget elementor-widget-heading\" data-id=\"31318fa6\" data-element_type=\"widget\" data-widget_type=\"heading.default\">\n\t\t\t\t<div class=\"elementor-widget-container\">\n\t\t\t\t\t<h2 class=\"elementor-heading-title elementor-size-default\">Benutzerdefinierter Aufbewahrungs-Schublade<\/h2>\t\t\t\t<\/div>\n\t\t\t\t<\/div>\n\t\t\t\t<div class=\"elementor-element elementor-element-150769fc elementor-widget elementor-widget-text-editor\" data-id=\"150769fc\" data-element_type=\"widget\" data-widget_type=\"text-editor.default\">\n\t\t\t\t<div class=\"elementor-widget-container\">\n\t\t\t\t\t\t\t\t\t<p>Die Schublade von <a href=\"https:\/\/www.ajflyinghome.com\/de\/shaker-style-cabinets-vs-flat-panel-cabinets\/\">Sch\u00fcttelkastenm\u00f6beln<\/a> kann an verschiedene Funktionen angepasst werden. AJ Flying bietet langlebige und stabile Schwalbenschwanzkonstruktion, um die Tragf\u00e4higkeit der Schublade zu erh\u00f6hen. Wir verwenden hochwertige <a href=\"https:\/\/www.ajflyinghome.com\/de\/mdf-kitchen-cabinet\/\">MDF<\/a>, HDF- oder Sperrholzplatten, um die Schrankt\u00fcren und Schubladenfronten herzustellen, um Rissbildung und Expansion zu vermeiden, sie sind kosteng\u00fcnstige Optionen. Sie kann mit Soft-Close-Gleitern installiert werden, um Zuschlagen zu verhindern, und bietet einen ger\u00e4uschlosen Betrieb.<\/p>\t\t\t\t\t\t\t\t<\/div>\n\t\t\t\t<\/div>\n\t\t\t\t<div class=\"elementor-element elementor-element-7b935f2e elementor-tablet-align-center popmake-1598 elementor-widget elementor-widget-button\" data-id=\"7b935f2e\" data-element_type=\"widget\" data-widget_type=\"button.default\">\n\t\t\t\t<div class=\"elementor-widget-container\">\n\t\t\t\t\t\t\t\t\t<div class=\"elementor-button-wrapper\">\n\t\t\t\t\t<a class=\"elementor-button elementor-size-sm\" role=\"button\">\n\t\t\t\t\t\t<span class=\"elementor-button-content-wrapper\">\n\t\t\t\t\t\t\t\t\t<span class=\"elementor-button-text\">Anfrage jetzt<\/span>\n\t\t\t\t\t<\/span>\n\t\t\t\t\t<\/a>\n\t\t\t\t<\/div>\n\t\t\t\t\t\t\t\t<\/div>\n\t\t\t\t<\/div>\n\t\t\t\t<\/div>\n\t\t<div class=\"elementor-element elementor-element-20fc9f91 e-con-full e-flex e-con e-child\" data-id=\"20fc9f91\" data-element_type=\"container\">\n\t\t\t\t<div class=\"elementor-element elementor-element-29a7b19 elementor-widget elementor-widget-image\" data-id=\"29a7b19\" data-element_type=\"widget\" data-widget_type=\"image.default\">\n\t\t\t\t<div class=\"elementor-widget-container\">\n\t\t\t\t\t\t\t\t\t\t\t\t\t\t\t<img decoding=\"async\" width=\"515\" height=\"350\" src=\"https:\/\/www.ajflyinghome.com\/wp-content\/uploads\/2024\/10\/Custom-Storage-Drawer.webp\" class=\"attachment-large size-large wp-image-1993\" alt=\"Benutzerdefinierter Aufbewahrungs-Schublade\" title=\"\">\t\t\t\t\t\t\t\t\t\t\t\t\t\t\t<\/div>\n\t\t\t\t<\/div>\n\t\t\t\t<\/div>\n\t\t\t\t\t<\/div>\n\t\t\t\t<\/div>\n\t\t<div class=\"elementor-element elementor-element-508bda82 e-flex e-con-boxed e-con e-parent\" data-id=\"508bda82\" data-element_type=\"container\" data-settings=\"{&quot;background_background&quot;:&quot;classic&quot;}\">\n\t\t\t\t\t<div class=\"e-con-inner\">\n\t\t<div class=\"elementor-element elementor-element-68f09552 e-flex e-con-boxed e-con e-child\" data-id=\"68f09552\" data-element_type=\"container\" data-settings=\"{&quot;background_background&quot;:&quot;classic&quot;}\">\n\t\t\t\t\t<div class=\"e-con-inner\">\n\t\t<div class=\"elementor-element elementor-element-3f2fa2fd e-con-full e-flex e-con e-child\" data-id=\"3f2fa2fd\" data-element_type=\"container\" data-settings=\"{&quot;background_background&quot;:&quot;classic&quot;}\">\n\t\t\t\t<div class=\"elementor-element elementor-element-52951334 elementor-widget__width-initial elementor-widget elementor-widget-heading\" data-id=\"52951334\" data-element_type=\"widget\" data-widget_type=\"heading.default\">\n\t\t\t\t<div class=\"elementor-widget-container\">\n\t\t\t\t\t<h2 class=\"elementor-heading-title elementor-size-default\">Passen Sie Ihr K\u00fcchenlayout an<\/h2>\t\t\t\t<\/div>\n\t\t\t\t<\/div>\n\t\t\t\t<div class=\"elementor-element elementor-element-1cd27789 elementor-widget elementor-widget-text-editor\" data-id=\"1cd27789\" data-element_type=\"widget\" data-widget_type=\"text-editor.default\">\n\t\t\t\t<div class=\"elementor-widget-container\">\n\t\t\t\t\t\t\t\t\t<p>Bei AJ Flying k\u00f6nnen Sie die wei\u00dfen Sch\u00fcttelkastenm\u00f6bel in verschiedenen Gr\u00f6\u00dfen und Formen vollst\u00e4ndig anpassen. Wir bieten regul\u00e4re Formen wie rechteckige oder quadratische M\u00f6bel, Sie k\u00f6nnen auch L- und U-Formen finden oder sie in unregelm\u00e4\u00dfigen Formen anpassen, um Ihr K\u00fcchenlayout zu erf\u00fcllen. Sie k\u00f6nnen in Standardgr\u00f6\u00dfen wie 12, 15, 27 oder 36 Zoll hergestellt werden, oder Sie passen sie an, um nahtlos in Ihr K\u00fcchendesign zu passen.<\/p>\t\t\t\t\t\t\t\t<\/div>\n\t\t\t\t<\/div>\n\t\t\t\t<div class=\"elementor-element elementor-element-2b067705 elementor-tablet-align-justify elementor-align-justify popmake-1598 elementor-widget elementor-widget-button\" data-id=\"2b067705\" data-element_type=\"widget\" data-widget_type=\"button.default\">\n\t\t\t\t<div class=\"elementor-widget-container\">\n\t\t\t\t\t\t\t\t\t<div class=\"elementor-button-wrapper\">\n\t\t\t\t\t<a class=\"elementor-button elementor-size-sm\" role=\"button\">\n\t\t\t\t\t\t<span class=\"elementor-button-content-wrapper\">\n\t\t\t\t\t\t\t\t\t<span class=\"elementor-button-text\">Anfrage senden<\/span>\n\t\t\t\t\t<\/span>\n\t\t\t\t\t<\/a>\n\t\t\t\t<\/div>\n\t\t\t\t\t\t\t\t<\/div>\n\t\t\t\t<\/div>\n\t\t\t\t<\/div>\n\t\t\t\t\t<\/div>\n\t\t\t\t<\/div>\n\t\t\t\t\t<\/div>\n\t\t\t\t<\/div>\n\t\t<div class=\"elementor-element elementor-element-ea4b798 e-flex e-con-boxed e-con e-parent\" data-id=\"ea4b798\" data-element_type=\"container\" data-settings=\"{&quot;background_background&quot;:&quot;classic&quot;}\">\n\t\t\t\t\t<div class=\"e-con-inner\">\n\t\t<div class=\"elementor-element elementor-element-2379e4e e-con-full e-flex e-con e-child\" data-id=\"2379e4e\" data-element_type=\"container\">\n\t\t\t\t<div class=\"elementor-element elementor-element-7f73f5c elementor-widget elementor-widget-image\" data-id=\"7f73f5c\" data-element_type=\"widget\" data-widget_type=\"image.default\">\n\t\t\t\t<div class=\"elementor-widget-container\">\n\t\t\t\t\t\t\t\t\t\t\t\t\t\t\t<img decoding=\"async\" width=\"515\" height=\"350\" src=\"https:\/\/www.ajflyinghome.com\/wp-content\/uploads\/2024\/10\/Custom-White-Shaker-Cabinets-Types.webp\" class=\"attachment-large size-large wp-image-1995\" alt=\"\" title=\"\">\t\t\t\t\t\t\t\t\t\t\t\t\t\t\t<\/div>\n\t\t\t\t<\/div>\n\t\t\t\t<\/div>\n\t\t<div class=\"elementor-element elementor-element-a9ede4a e-con-full e-flex e-con e-child\" data-id=\"a9ede4a\" data-element_type=\"container\">\n\t\t\t\t<div class=\"elementor-element elementor-element-2db1b9c elementor-widget elementor-widget-heading\" data-id=\"2db1b9c\" data-element_type=\"widget\" data-widget_type=\"heading.default\">\n\t\t\t\t<div class=\"elementor-widget-container\">\n\t\t\t\t\t<h2 class=\"elementor-heading-title elementor-size-default\">Benutzerdefinierte wei\u00dfe Sch\u00fcttelkastenm\u00f6bel-Typen<\/h2>\t\t\t\t<\/div>\n\t\t\t\t<\/div>\n\t\t\t\t<div class=\"elementor-element elementor-element-c864af8 elementor-widget elementor-widget-text-editor\" data-id=\"c864af8\" data-element_type=\"widget\" data-widget_type=\"text-editor.default\">\n\t\t\t\t<div class=\"elementor-widget-container\">\n\t\t\t\t\t\t\t\t\t<p>AJ Flying bietet eine vollst\u00e4ndige Palette von Schranktypen an, Sie finden Unterschr\u00e4nke mit einzelner T\u00fcr f\u00fcr kleine K\u00fcchen, und wir bieten Doppel-T\u00fcr-Unterschr\u00e4nke f\u00fcr mittelgro\u00dfe bis gro\u00dfe Staurauml\u00f6sungen. Unsere <a href=\"https:\/\/www.ajflyinghome.com\/de\/kitchen-cabinets\/\">K\u00fcchenschr\u00e4nken<\/a> sind darauf ausgelegt, Ihren K\u00fcchenstauraum zu maximieren, und Sie k\u00f6nnen alle K\u00fcchenwerkzeuge, Besteck und kleine Ger\u00e4te organisieren, um Ihre K\u00fcche sauber zu halten und mehr Platz f\u00fcr die Arbeit zu schaffen. Senden Sie eine Anfrage, um unsere Schranktypen zu pr\u00fcfen und ein Gesch\u00e4ft mit uns zu starten.<\/p>\t\t\t\t\t\t\t\t<\/div>\n\t\t\t\t<\/div>\n\t\t\t\t<div class=\"elementor-element elementor-element-312023a elementor-tablet-align-center popmake-1598 elementor-widget elementor-widget-button\" data-id=\"312023a\" data-element_type=\"widget\" data-widget_type=\"button.default\">\n\t\t\t\t<div class=\"elementor-widget-container\">\n\t\t\t\t\t\t\t\t\t<div class=\"elementor-button-wrapper\">\n\t\t\t\t\t<a class=\"elementor-button elementor-size-sm\" role=\"button\">\n\t\t\t\t\t\t<span class=\"elementor-button-content-wrapper\">\n\t\t\t\t\t\t\t\t\t<span class=\"elementor-button-text\">Angebot anfordern<\/span>\n\t\t\t\t\t<\/span>\n\t\t\t\t\t<\/a>\n\t\t\t\t<\/div>\n\t\t\t\t\t\t\t\t<\/div>\n\t\t\t\t<\/div>\n\t\t\t\t<\/div>\n\t\t\t\t\t<\/div>\n\t\t\t\t<\/div>\n\t\t<div class=\"elementor-element elementor-element-4191e8e e-flex e-con-boxed e-con e-parent\" data-id=\"4191e8e\" data-element_type=\"container\">\n\t\t\t\t\t<div class=\"e-con-inner\">\n\t\t\t\t<div class=\"elementor-element elementor-element-2853446 elementor-widget elementor-widget-text-editor\" data-id=\"2853446\" data-element_type=\"widget\" data-widget_type=\"text-editor.default\">\n\t\t\t\t<div class=\"elementor-widget-container\">\n\t\t\t\t\t\t\t\t\t<p><strong>Wei\u00dfer Shaker-Unterschrank:\u00a0<\/strong><\/p><ul><li>Ein-\/Doppelt\u00fcrenschr\u00e4nke<\/li><li>Sp\u00fclbecken-Unterschr\u00e4nke<\/li><li>Eck-Unterschr\u00e4nke<\/li><li>Winkel-Unterschr\u00e4nke<\/li><li>M\u00fcll-Unterschr\u00e4nke<\/li><\/ul>\t\t\t\t\t\t\t\t<\/div>\n\t\t\t\t<\/div>\n\t\t\t\t<div class=\"elementor-element elementor-element-828e402 elementor-widget elementor-widget-text-editor\" data-id=\"828e402\" data-element_type=\"widget\" data-widget_type=\"text-editor.default\">\n\t\t\t\t<div class=\"elementor-widget-container\">\n\t\t\t\t\t\t\t\t\t<p><strong>Wand Shaker Schr\u00e4nke:<\/strong><\/p><ul><li>Wand Diagonale Eckschr\u00e4nke<\/li><li>Wand Blind-Eckschrank<\/li><li>Winkel-Wandschrank<\/li><li>Wand Mikrowellenschr\u00e4nke<\/li><\/ul>\t\t\t\t\t\t\t\t<\/div>\n\t\t\t\t<\/div>\n\t\t\t\t<div class=\"elementor-element elementor-element-f14f958 elementor-widget elementor-widget-text-editor\" data-id=\"f14f958\" data-element_type=\"widget\" data-widget_type=\"text-editor.default\">\n\t\t\t\t<div class=\"elementor-widget-container\">\n\t\t\t\t\t\t\t\t\t<p><strong>Hohe Shaker Schr\u00e4nke<\/strong><\/p><ul><li>84\u2033h Speisekammer Schr\u00e4nke<\/li><li>90\u2033h Speisekammer Schr\u00e4nke<\/li><li>Backschr\u00e4nke<\/li><\/ul>\t\t\t\t\t\t\t\t<\/div>\n\t\t\t\t<\/div>\n\t\t\t\t\t<\/div>\n\t\t\t\t<\/div>\n\t\t\t\t<\/div>","protected":false},"excerpt":{"rendered":"<p>Wei\u00dfe Shaker-K\u00fcchenschr\u00e4nke AJ Flying kann Ihre wei\u00dfen Shaker-K\u00fcchenschr\u00e4nke in verschiedenen Stilen und Gr\u00f6\u00dfen anpassen, um Ihre K\u00fcchenanordnung zu erg\u00e4nzen. Dar\u00fcber hinaus bieten wir eine Reihe von individuellen Optionen von Farbe bis Material, um Ihren funktionalen und optischen Anforderungen gerecht zu werden. Anfrage jetzt AJ Flying - Ma\u00dfgeschneiderte Wei\u00dfe Shaker-Schr\u00e4nke AJ Flying wei\u00dfe Shaker\u2026<\/p>","protected":false},"author":1,"featured_media":3190,"parent":0,"menu_order":0,"comment_status":"closed","ping_status":"closed","template":"elementor_header_footer","meta":{"_acf_changed":false,"footnotes":""},"class_list":["post-1910","page","type-page","status-publish","has-post-thumbnail","hentry"],"blocksy_meta":[],"acf":[],"_links":{"self":[{"href":"https:\/\/www.ajflyinghome.com\/de\/wp-json\/wp\/v2\/pages\/1910","targetHints":{"allow":["GET"]}}],"collection":[{"href":"https:\/\/www.ajflyinghome.com\/de\/wp-json\/wp\/v2\/pages"}],"about":[{"href":"https:\/\/www.ajflyinghome.com\/de\/wp-json\/wp\/v2\/types\/page"}],"author":[{"embeddable":true,"href":"https:\/\/www.ajflyinghome.com\/de\/wp-json\/wp\/v2\/users\/1"}],"replies":[{"embeddable":true,"href":"https:\/\/www.ajflyinghome.com\/de\/wp-json\/wp\/v2\/comments?post=1910"}],"version-history":[{"count":0,"href":"https:\/\/www.ajflyinghome.com\/de\/wp-json\/wp\/v2\/pages\/1910\/revisions"}],"wp:featuredmedia":[{"embeddable":true,"href":"https:\/\/www.ajflyinghome.com\/de\/wp-json\/wp\/v2\/media\/3190"}],"wp:attachment":[{"href":"https:\/\/www.ajflyinghome.com\/de\/wp-json\/wp\/v2\/media?parent=1910"}],"curies":[{"name":"wp","href":"https:\/\/api.w.org\/{rel}","templated":true}]}}