{"id":2543,"date":"2024-11-26T17:06:10","date_gmt":"2024-11-26T09:06:10","guid":{"rendered":"https:\/\/www.ajflyinghome.com\/?page_id=2543"},"modified":"2025-03-10T14:05:58","modified_gmt":"2025-03-10T06:05:58","slug":"kitchen-wall-cabinets","status":"publish","type":"page","link":"https:\/\/www.ajflyinghome.com\/de\/kitchen-wall-cabinets\/","title":{"rendered":"China OEM K\u00fcchenwand-Schr\u00e4nke Hersteller"},"content":{"rendered":"<div data-elementor-type=\"wp-page\" data-elementor-id=\"2543\" class=\"elementor elementor-2543\">\n\t\t\t\t<div class=\"elementor-element elementor-element-48878cbf e-flex e-con-boxed e-con e-parent\" data-id=\"48878cbf\" data-element_type=\"container\" data-settings=\"{&quot;background_background&quot;:&quot;classic&quot;}\">\n\t\t\t\t\t<div class=\"e-con-inner\">\n\t\t<div class=\"elementor-element elementor-element-373a2d0d e-con-full e-flex e-con e-child\" data-id=\"373a2d0d\" data-element_type=\"container\" data-settings=\"{&quot;background_background&quot;:&quot;classic&quot;}\">\n\t\t\t\t<div class=\"elementor-element elementor-element-27dbc497 elementor-widget elementor-widget-heading\" data-id=\"27dbc497\" data-element_type=\"widget\" data-widget_type=\"heading.default\">\n\t\t\t\t<div class=\"elementor-widget-container\">\n\t\t\t\t\t<h2 class=\"elementor-heading-title elementor-size-default\">K\u00fcchenwand-Schr\u00e4nke<\/h2>\t\t\t\t<\/div>\n\t\t\t\t<\/div>\n\t\t\t\t<div class=\"elementor-element elementor-element-3c0f47eb elementor-widget elementor-widget-text-editor\" data-id=\"3c0f47eb\" data-element_type=\"widget\" data-widget_type=\"text-editor.default\">\n\t\t\t\t<div class=\"elementor-widget-container\">\n\t\t\t\t\t\t\t\t\t<p>K\u00fcchenwand-Schr\u00e4nke sind eine Art von oberen K\u00fcchenschr\u00e4nken. Neben Wand-Schr\u00e4nken stellen wir auch Unterschr\u00e4nke, H\u00e4ngeschr\u00e4nke, Weinschr\u00e4nke usw. her.<\/p><p>Wir haben engagierte Qualit\u00e4tspr\u00fcfer, um die Qualit\u00e4t jedes Produkts sicherzustellen. Wenn Sie an unseren Produkten interessiert sind, kontaktieren Sie uns bitte!<\/p>\t\t\t\t\t\t\t\t<\/div>\n\t\t\t\t<\/div>\n\t\t\t\t<div class=\"elementor-element elementor-element-2721aa8c elementor-tablet-align-center popmake-1598 elementor-widget elementor-widget-button\" data-id=\"2721aa8c\" data-element_type=\"widget\" data-widget_type=\"button.default\">\n\t\t\t\t<div class=\"elementor-widget-container\">\n\t\t\t\t\t\t\t\t\t<div class=\"elementor-button-wrapper\">\n\t\t\t\t\t<a class=\"elementor-button elementor-size-sm\" role=\"button\">\n\t\t\t\t\t\t<span class=\"elementor-button-content-wrapper\">\n\t\t\t\t\t\t\t\t\t<span class=\"elementor-button-text\">Preis erhalten<\/span>\n\t\t\t\t\t<\/span>\n\t\t\t\t\t<\/a>\n\t\t\t\t<\/div>\n\t\t\t\t\t\t\t\t<\/div>\n\t\t\t\t<\/div>\n\t\t\t\t<\/div>\n\t\t\t\t\t<\/div>\n\t\t\t\t<\/div>\n\t\t<div class=\"elementor-element elementor-element-710628b6 e-flex e-con-boxed e-con e-parent\" data-id=\"710628b6\" data-element_type=\"container\">\n\t\t\t\t\t<div class=\"e-con-inner\">\n\t\t\t\t<div class=\"elementor-element elementor-element-4c07c645 elementor-widget elementor-widget-heading\" data-id=\"4c07c645\" data-element_type=\"widget\" data-widget_type=\"heading.default\">\n\t\t\t\t<div class=\"elementor-widget-container\">\n\t\t\t\t\t<h2 class=\"elementor-heading-title elementor-size-default\">Lieferant f\u00fcr K\u00fcchenwand-Schr\u00e4nke in Deutschland<\/h2>\t\t\t\t<\/div>\n\t\t\t\t<\/div>\n\t\t\t\t<div class=\"elementor-element elementor-element-57aac88b elementor-widget elementor-widget-text-editor\" data-id=\"57aac88b\" data-element_type=\"widget\" data-widget_type=\"text-editor.default\">\n\t\t\t\t<div class=\"elementor-widget-container\">\n\t\t\t\t\t\t\t\t\t<p>Ein K\u00fcchenwand-Schrank ist ein Stauraum-Schrank, der an der K\u00fcchenwand installiert ist und \u00fcblicherweise zur Aufbewahrung von K\u00fcchenutensilien wie Geschirr, Besteck, Gew\u00fcrzen, Zutaten, Reinigungsmitteln usw. verwendet wird. Es ist wichtig, den Stauraum optimal zu nutzen und die K\u00fcche sauber und ordentlich zu halten.<\/p><p>Wir stellen K\u00fcchenwand-Schr\u00e4nke aus verschiedenen Materialien, Gr\u00f6\u00dfen und Typen her. In unserer Fabrik arbeiten mehr als 10 Ingenieur-Designer, die den Stil, die Farbe und die Oberfl\u00e4che Ihrer Wand-Schr\u00e4nke entsprechend dem Dekor Ihrer K\u00fcche anpassen k\u00f6nnen.<\/p><p>Um die T\u00fcr\u00f6ffnungsgewohnheiten und Bed\u00fcrfnisse verschiedener Familien f\u00fcr K\u00fcchenwand-Schr\u00e4nke zu l\u00f6sen, haben wir viele T\u00fcr\u00f6ffnungsarten entworfen, wie Schieben, Klappen, Falten usw. Wenn Sie K\u00fcchenwand-Schr\u00e4nke kaufen m\u00f6chten, kontaktieren Sie uns bitte f\u00fcr ein Angebot und einen ma\u00dfgeschneiderten Plan!<\/p>\t\t\t\t\t\t\t\t<\/div>\n\t\t\t\t<\/div>\n\t\t\t\t<div class=\"elementor-element elementor-element-29ca5354 elementor-tablet-align-center popmake-1598 elementor-align-left elementor-widget elementor-widget-button\" data-id=\"29ca5354\" data-element_type=\"widget\" data-widget_type=\"button.default\">\n\t\t\t\t<div class=\"elementor-widget-container\">\n\t\t\t\t\t\t\t\t\t<div class=\"elementor-button-wrapper\">\n\t\t\t\t\t<a class=\"elementor-button elementor-size-sm\" role=\"button\">\n\t\t\t\t\t\t<span class=\"elementor-button-content-wrapper\">\n\t\t\t\t\t\t\t\t\t<span class=\"elementor-button-text\">Anfrage senden<\/span>\n\t\t\t\t\t<\/span>\n\t\t\t\t\t<\/a>\n\t\t\t\t<\/div>\n\t\t\t\t\t\t\t\t<\/div>\n\t\t\t\t<\/div>\n\t\t\t\t\t<\/div>\n\t\t\t\t<\/div>\n\t\t<div class=\"elementor-element elementor-element-7c770137 e-flex e-con-boxed e-con e-parent\" data-id=\"7c770137\" data-element_type=\"container\" data-settings=\"{&quot;background_background&quot;:&quot;classic&quot;}\">\n\t\t\t\t\t<div class=\"e-con-inner\">\n\t\t\t\t<div class=\"elementor-element elementor-element-1b790b70 elementor-widget__width-initial elementor-widget-tablet__width-inherit elementor-widget elementor-widget-image\" data-id=\"1b790b70\" data-element_type=\"widget\" data-widget_type=\"image.default\">\n\t\t\t\t<div class=\"elementor-widget-container\">\n\t\t\t\t\t\t\t\t\t\t\t\t\t\t\t<img fetchpriority=\"high\" decoding=\"async\" width=\"725\" height=\"901\" src=\"https:\/\/www.ajflyinghome.com\/wp-content\/uploads\/2024\/11\/Kitchen-Wall-Cabinets-size.jpg\" class=\"attachment-large size-large wp-image-2565\" alt=\"Gr\u00f6\u00dfe der K\u00fcchenwand-Schr\u00e4nke\" title=\"\">\t\t\t\t\t\t\t\t\t\t\t\t\t\t\t<\/div>\n\t\t\t\t<\/div>\n\t\t<div class=\"elementor-element elementor-element-73e5dc6d e-con-full e-flex e-con e-child\" data-id=\"73e5dc6d\" data-element_type=\"container\">\n\t\t\t\t<div class=\"elementor-element elementor-element-356d659 elementor-widget elementor-widget-heading\" data-id=\"356d659\" data-element_type=\"widget\" data-widget_type=\"heading.default\">\n\t\t\t\t<div class=\"elementor-widget-container\">\n\t\t\t\t\t<h2 class=\"elementor-heading-title elementor-size-default\">Ma\u00dfgeschneiderte Gr\u00f6\u00dfe<\/h2>\t\t\t\t<\/div>\n\t\t\t\t<\/div>\n\t\t\t\t<div class=\"elementor-element elementor-element-405488c3 elementor-widget elementor-widget-text-editor\" data-id=\"405488c3\" data-element_type=\"widget\" data-widget_type=\"text-editor.default\">\n\t\t\t\t<div class=\"elementor-widget-container\">\n\t\t\t\t\t\t\t\t\t<p>AJ Flying\u2018s K\u00fcchenwandk\u00e4sten bieten Ihnen eine Vielzahl von Gr\u00f6\u00dfenoptionen, um verschiedene K\u00fcchenlayouts und Stauraumbed\u00fcrfnisse zu erf\u00fcllen. Die H\u00f6hen sind optional 575mm, 720mm und 900mm, die Breite reicht von 150mm bis 1000mm, und die Tiefe betr\u00e4gt 300mm bis 600mm. Diese Gr\u00f6\u00dfen sind so konzipiert, dass sie flexibel sind und leicht an kleine K\u00fcchen oder gro\u00dfe offene R\u00e4ume angepasst werden k\u00f6nnen, um die Nutzung des K\u00fcchenraums zu maximieren und gleichzeitig Sch\u00f6nheit und Praktikabilit\u00e4t zu bewahren.<\/p><p>Zus\u00e4tzlich zu den oben genannten Gr\u00f6\u00dfen unterst\u00fctzen wir auch tiefgehende Anpassungsdienste. Sie k\u00f6nnen uns Ihre CAD-Zeichnungen schicken, und unsere Designer werden f\u00fcr Sie entwerfen und Renderings bereitstellen.<\/p>\t\t\t\t\t\t\t\t<\/div>\n\t\t\t\t<\/div>\n\t\t\t\t<div class=\"elementor-element elementor-element-bd2e0fa elementor-tablet-align-center popmake-1598 elementor-widget elementor-widget-button\" data-id=\"bd2e0fa\" data-element_type=\"widget\" data-widget_type=\"button.default\">\n\t\t\t\t<div class=\"elementor-widget-container\">\n\t\t\t\t\t\t\t\t\t<div class=\"elementor-button-wrapper\">\n\t\t\t\t\t<a class=\"elementor-button elementor-size-sm\" role=\"button\">\n\t\t\t\t\t\t<span class=\"elementor-button-content-wrapper\">\n\t\t\t\t\t\t\t\t\t<span class=\"elementor-button-text\">Angebot anfordern<\/span>\n\t\t\t\t\t<\/span>\n\t\t\t\t\t<\/a>\n\t\t\t\t<\/div>\n\t\t\t\t\t\t\t\t<\/div>\n\t\t\t\t<\/div>\n\t\t\t\t<\/div>\n\t\t\t\t\t<\/div>\n\t\t\t\t<\/div>\n\t\t<div class=\"elementor-element elementor-element-2e3eacab e-flex e-con-boxed e-con e-parent\" data-id=\"2e3eacab\" data-element_type=\"container\" data-settings=\"{&quot;background_background&quot;:&quot;classic&quot;}\">\n\t\t\t\t\t<div class=\"e-con-inner\">\n\t\t<div class=\"elementor-element elementor-element-1f4d8175 e-con-full e-flex e-con e-child\" data-id=\"1f4d8175\" data-element_type=\"container\">\n\t\t\t\t<div class=\"elementor-element elementor-element-2e3fefb0 elementor-widget elementor-widget-heading\" data-id=\"2e3fefb0\" data-element_type=\"widget\" data-widget_type=\"heading.default\">\n\t\t\t\t<div class=\"elementor-widget-container\">\n\t\t\t\t\t<h2 class=\"elementor-heading-title elementor-size-default\">Die richtige Materialwahl treffen<\/h2>\t\t\t\t<\/div>\n\t\t\t\t<\/div>\n\t\t\t\t<div class=\"elementor-element elementor-element-2647406d elementor-widget elementor-widget-text-editor\" data-id=\"2647406d\" data-element_type=\"widget\" data-widget_type=\"text-editor.default\">\n\t\t\t\t<div class=\"elementor-widget-container\">\n\t\t\t\t\t\t\t\t\t<p>AJ Flying\u2018s K\u00fcchenwandk\u00e4sten bestehen aus einer Vielzahl hochwertiger Materialien, um Ihren unterschiedlichen Bed\u00fcrfnissen gerecht zu werden. Sperrholz hat eine stabile Struktur und ein hohes Kosten-Leistungs-Verh\u00e4ltnis; mitteldichte Faserplatte\uff08<a href=\"https:\/\/www.ajflyinghome.com\/de\/mdf-kitchen-cabinet\/\">MDF<\/a> hat eine einheitliche Textur und ist f\u00fcr verschiedene Oberfl\u00e4chenbehandlungen geeignet; Massivholz ist nat\u00fcrlich sch\u00f6n und zeigt einen hochwertigen Geschmack; Metallmaterialien sind langlebig und modern; Glaskonstruktionen sind transparent und elegant, voller Mode.\u00a0<\/p><p>Egal, ob Ihre K\u00fcchendekoration modern und schlicht oder traditionell klassisch ist, unsere K\u00fcchenwandk\u00e4sten k\u00f6nnen Ihnen eine perfekte K\u00fcchenaufbewahrungsl\u00f6sung bieten, um die Effizienz und den visuellen Eindruck der K\u00fcche zu verbessern.<\/p>\t\t\t\t\t\t\t\t<\/div>\n\t\t\t\t<\/div>\n\t\t\t\t<div class=\"elementor-element elementor-element-5676ab80 elementor-tablet-align-center popmake-1598 elementor-widget elementor-widget-button\" data-id=\"5676ab80\" data-element_type=\"widget\" data-widget_type=\"button.default\">\n\t\t\t\t<div class=\"elementor-widget-container\">\n\t\t\t\t\t\t\t\t\t<div class=\"elementor-button-wrapper\">\n\t\t\t\t\t<a class=\"elementor-button elementor-size-sm\" role=\"button\">\n\t\t\t\t\t\t<span class=\"elementor-button-content-wrapper\">\n\t\t\t\t\t\t\t\t\t<span class=\"elementor-button-text\">Anfrage jetzt<\/span>\n\t\t\t\t\t<\/span>\n\t\t\t\t\t<\/a>\n\t\t\t\t<\/div>\n\t\t\t\t\t\t\t\t<\/div>\n\t\t\t\t<\/div>\n\t\t\t\t<\/div>\n\t\t<div class=\"elementor-element elementor-element-1383e0f4 e-con-full e-flex e-con e-child\" data-id=\"1383e0f4\" data-element_type=\"container\">\n\t\t\t\t<div class=\"elementor-element elementor-element-641307be elementor-widget elementor-widget-image\" data-id=\"641307be\" data-element_type=\"widget\" data-widget_type=\"image.default\">\n\t\t\t\t<div class=\"elementor-widget-container\">\n\t\t\t\t\t\t\t\t\t\t\t\t\t\t\t<img decoding=\"async\" width=\"800\" height=\"800\" src=\"https:\/\/www.ajflyinghome.com\/wp-content\/uploads\/2024\/11\/Kitchen-wall-cabinets.jpg\" class=\"attachment-large size-large wp-image-2567\" alt=\"K\u00fcchenwand-Schr\u00e4nke\" srcset=\"https:\/\/www.ajflyinghome.com\/wp-content\/uploads\/2024\/11\/Kitchen-wall-cabinets.jpg 800w, https:\/\/www.ajflyinghome.com\/wp-content\/uploads\/2024\/11\/Kitchen-wall-cabinets-768x768.jpg 768w\" sizes=\"(max-width: 800px) 100vw, 800px\" title=\"\">\t\t\t\t\t\t\t\t\t\t\t\t\t\t\t<\/div>\n\t\t\t\t<\/div>\n\t\t\t\t<\/div>\n\t\t\t\t\t<\/div>\n\t\t\t\t<\/div>\n\t\t<div class=\"elementor-element elementor-element-1ade2a5c e-flex e-con-boxed e-con e-parent\" data-id=\"1ade2a5c\" data-element_type=\"container\" data-settings=\"{&quot;background_background&quot;:&quot;classic&quot;}\">\n\t\t\t\t\t<div class=\"e-con-inner\">\n\t\t<div class=\"elementor-element elementor-element-cccd92c e-con-full e-flex e-con e-child\" data-id=\"cccd92c\" data-element_type=\"container\">\n\t\t\t\t<div class=\"elementor-element elementor-element-c179c94 elementor-widget__width-initial elementor-widget elementor-widget-image\" data-id=\"c179c94\" data-element_type=\"widget\" data-widget_type=\"image.default\">\n\t\t\t\t<div class=\"elementor-widget-container\">\n\t\t\t\t\t\t\t\t\t\t\t\t\t\t\t<img decoding=\"async\" width=\"800\" height=\"533\" src=\"https:\/\/www.ajflyinghome.com\/wp-content\/uploads\/2024\/11\/Wall-Cabinets-Types.jpg\" class=\"attachment-large size-large wp-image-2568\" alt=\"\" srcset=\"https:\/\/www.ajflyinghome.com\/wp-content\/uploads\/2024\/11\/Wall-Cabinets-Types.jpg 800w, https:\/\/www.ajflyinghome.com\/wp-content\/uploads\/2024\/11\/Wall-Cabinets-Types-768x512.jpg 768w\" sizes=\"(max-width: 800px) 100vw, 800px\" title=\"\">\t\t\t\t\t\t\t\t\t\t\t\t\t\t\t<\/div>\n\t\t\t\t<\/div>\n\t\t<div class=\"elementor-element elementor-element-4caafd8 e-con-full e-flex e-con e-child\" data-id=\"4caafd8\" data-element_type=\"container\">\n\t\t\t\t<div class=\"elementor-element elementor-element-a6fe967 elementor-widget elementor-widget-heading\" data-id=\"a6fe967\" data-element_type=\"widget\" data-widget_type=\"heading.default\">\n\t\t\t\t<div class=\"elementor-widget-container\">\n\t\t\t\t\t<h2 class=\"elementor-heading-title elementor-size-default\">Arten von Wandk\u00e4sten<\/h2>\t\t\t\t<\/div>\n\t\t\t\t<\/div>\n\t\t\t\t<div class=\"elementor-element elementor-element-bf1b37f elementor-widget elementor-widget-text-editor\" data-id=\"bf1b37f\" data-element_type=\"widget\" data-widget_type=\"text-editor.default\">\n\t\t\t\t<div class=\"elementor-widget-container\">\n\t\t\t\t\t\t\t\t\t<p>Wir haben eine Vielzahl von K\u00fcchenwandkastenarten, um Ihren unterschiedlichen Bed\u00fcrfnissen und K\u00fcchenlayouts gerecht zu werden:<\/p><ul><li><strong>Geschlossener Wand-Schrankschrank<\/strong>: Verstecken Sie den Stauraum, um die K\u00fcche ordentlich zu halten; kann in Einzel- und Doppel-Wandger\u00e4te unterteilt werden.<\/li><li><strong>Offener Wand-Schrankschrank<\/strong>: Bequem und schnell Gegenst\u00e4nde lagern und zugreifen sowie Dekorationen anzeigen;<\/li><li><strong>Glas-Wand-Schrankschrank <\/strong>: verleiht ein modernes Gef\u00fchl, zeigt Gegenst\u00e4nde und bewahrt die Transparenz;<\/li><li><strong>Eck-Wand-Schrankschrank <\/strong>: nutzt den Eckenraum in der K\u00fcche effizient und optimiert das Layout.<\/li><\/ul>\t\t\t\t\t\t\t\t<\/div>\n\t\t\t\t<\/div>\n\t\t\t\t<div class=\"elementor-element elementor-element-0fef740 elementor-tablet-align-center popmake-1598 elementor-widget elementor-widget-button\" data-id=\"0fef740\" data-element_type=\"widget\" data-widget_type=\"button.default\">\n\t\t\t\t<div class=\"elementor-widget-container\">\n\t\t\t\t\t\t\t\t\t<div class=\"elementor-button-wrapper\">\n\t\t\t\t\t<a class=\"elementor-button elementor-size-sm\" role=\"button\">\n\t\t\t\t\t\t<span class=\"elementor-button-content-wrapper\">\n\t\t\t\t\t\t\t\t\t<span class=\"elementor-button-text\">Anfrage jetzt<\/span>\n\t\t\t\t\t<\/span>\n\t\t\t\t\t<\/a>\n\t\t\t\t<\/div>\n\t\t\t\t\t\t\t\t<\/div>\n\t\t\t\t<\/div>\n\t\t\t\t<\/div>\n\t\t\t\t<\/div>\n\t\t\t\t\t<\/div>\n\t\t\t\t<\/div>\n\t\t<div class=\"elementor-element elementor-element-8902f57 e-flex e-con-boxed e-con e-parent\" data-id=\"8902f57\" data-element_type=\"container\">\n\t\t\t\t\t<div class=\"e-con-inner\">\n\t\t<div class=\"elementor-element elementor-element-480fc52 e-con-full e-flex e-con e-child\" data-id=\"480fc52\" data-element_type=\"container\">\n\t\t\t\t<div class=\"elementor-element elementor-element-20a411c elementor-widget__width-initial elementor-widget elementor-widget-image\" data-id=\"20a411c\" data-element_type=\"widget\" data-widget_type=\"image.default\">\n\t\t\t\t<div class=\"elementor-widget-container\">\n\t\t\t\t\t\t\t\t\t\t\t\t\t\t\t<img loading=\"lazy\" decoding=\"async\" width=\"800\" height=\"800\" src=\"https:\/\/www.ajflyinghome.com\/wp-content\/uploads\/2024\/11\/Kitchen-Wall-Cabinets-Style.jpg\" class=\"attachment-large size-large wp-image-2569\" alt=\"\" srcset=\"https:\/\/www.ajflyinghome.com\/wp-content\/uploads\/2024\/11\/Kitchen-Wall-Cabinets-Style.jpg 800w, https:\/\/www.ajflyinghome.com\/wp-content\/uploads\/2024\/11\/Kitchen-Wall-Cabinets-Style-768x768.jpg 768w, https:\/\/www.ajflyinghome.com\/wp-content\/uploads\/2024\/11\/elementor\/thumbs\/Kitchen-Wall-Cabinets-Style.jpg 1000w\" sizes=\"(max-width: 800px) 100vw, 800px\" title=\"\">\t\t\t\t\t\t\t\t\t\t\t\t\t\t\t<\/div>\n\t\t\t\t<\/div>\n\t\t\t\t<\/div>\n\t\t<div class=\"elementor-element elementor-element-42a07b0 e-con-full e-flex e-con e-child\" data-id=\"42a07b0\" data-element_type=\"container\">\n\t\t\t\t<div class=\"elementor-element elementor-element-cca1dac elementor-widget elementor-widget-heading\" data-id=\"cca1dac\" data-element_type=\"widget\" data-widget_type=\"heading.default\">\n\t\t\t\t<div class=\"elementor-widget-container\">\n\t\t\t\t\t<h2 class=\"elementor-heading-title elementor-size-default\">Stiloptionen<\/h2>\t\t\t\t<\/div>\n\t\t\t\t<\/div>\n\t\t\t\t<div class=\"elementor-element elementor-element-9f26f66 elementor-widget elementor-widget-text-editor\" data-id=\"9f26f66\" data-element_type=\"widget\" data-widget_type=\"text-editor.default\">\n\t\t\t\t<div class=\"elementor-widget-container\">\n\t\t\t\t\t\t\t\t\t<p>Es gibt viele Stile von K\u00fcchenwandk\u00e4sten. Basierend auf Marktforschung und Kundenfeedback empfehlen wir Ihnen die folgenden K\u00fcchenwandkaststile:<\/p><ul><li>Erh\u00f6hte Paneelk\u00e4sten<\/li><li><a href=\"https:\/\/www.ajflyinghome.com\/de\/shaker-kitchen-cabinets\/\">Shaker-Schr\u00e4nke<\/a><\/li><li>Perlbohrerschr\u00e4nke<\/li><li>Lamellenk\u00e4sten<\/li><li>Rahmenlose Glask\u00e4sten<\/li><li>Glaseins\u00e4tze K\u00fcchenk\u00e4sten<\/li><li>Unfertige K\u00fcchenk\u00e4sten<\/li><\/ul>\t\t\t\t\t\t\t\t<\/div>\n\t\t\t\t<\/div>\n\t\t\t\t<div class=\"elementor-element elementor-element-d9fe6cb elementor-tablet-align-center popmake-1598 elementor-widget elementor-widget-button\" data-id=\"d9fe6cb\" data-element_type=\"widget\" data-widget_type=\"button.default\">\n\t\t\t\t<div class=\"elementor-widget-container\">\n\t\t\t\t\t\t\t\t\t<div class=\"elementor-button-wrapper\">\n\t\t\t\t\t<a class=\"elementor-button elementor-size-sm\" role=\"button\">\n\t\t\t\t\t\t<span class=\"elementor-button-content-wrapper\">\n\t\t\t\t\t\t\t\t\t<span class=\"elementor-button-text\">Anfrage jetzt<\/span>\n\t\t\t\t\t<\/span>\n\t\t\t\t\t<\/a>\n\t\t\t\t<\/div>\n\t\t\t\t\t\t\t\t<\/div>\n\t\t\t\t<\/div>\n\t\t\t\t<\/div>\n\t\t\t\t\t<\/div>\n\t\t\t\t<\/div>\n\t\t<div class=\"elementor-element elementor-element-5be2703 e-flex e-con-boxed e-con e-parent\" data-id=\"5be2703\" data-element_type=\"container\">\n\t\t\t\t\t<div class=\"e-con-inner\">\n\t\t\t\t<div class=\"elementor-element elementor-element-117fb37 elementor-widget elementor-widget-image\" data-id=\"117fb37\" data-element_type=\"widget\" data-widget_type=\"image.default\">\n\t\t\t\t<div class=\"elementor-widget-container\">\n\t\t\t\t\t\t\t\t\t\t\t\t\t\t\t<img loading=\"lazy\" decoding=\"async\" width=\"800\" height=\"533\" src=\"https:\/\/www.ajflyinghome.com\/wp-content\/uploads\/2024\/11\/upper-cabinets.jpg\" class=\"attachment-large size-large wp-image-2570\" alt=\"\" srcset=\"https:\/\/www.ajflyinghome.com\/wp-content\/uploads\/2024\/11\/upper-cabinets.jpg 800w, https:\/\/www.ajflyinghome.com\/wp-content\/uploads\/2024\/11\/upper-cabinets-768x512.jpg 768w\" sizes=\"(max-width: 800px) 100vw, 800px\" title=\"\">\t\t\t\t\t\t\t\t\t\t\t\t\t\t\t<\/div>\n\t\t\t\t<\/div>\n\t\t<div class=\"elementor-element elementor-element-db85181 e-con-full e-flex e-con e-child\" data-id=\"db85181\" data-element_type=\"container\">\n\t\t\t\t<div class=\"elementor-element elementor-element-3fcb26e elementor-widget elementor-widget-heading\" data-id=\"3fcb26e\" data-element_type=\"widget\" data-widget_type=\"heading.default\">\n\t\t\t\t<div class=\"elementor-widget-container\">\n\t\t\t\t\t<h2 class=\"elementor-heading-title elementor-size-default\">Ma\u00dfgeschneiderte Oberfl\u00e4chen &amp; Farben<\/h2>\t\t\t\t<\/div>\n\t\t\t\t<\/div>\n\t\t\t\t<div class=\"elementor-element elementor-element-e93829e elementor-widget elementor-widget-text-editor\" data-id=\"e93829e\" data-element_type=\"widget\" data-widget_type=\"text-editor.default\">\n\t\t\t\t<div class=\"elementor-widget-container\">\n\t\t\t\t\t\t\t\t\t<p>Die Auswahl des Finishs und der Farbe von K\u00fcchenwandk\u00e4sten ist ein wichtiger Bestandteil des K\u00fcchendesigns. Zum Beispiel umfassen Holzoberfl\u00e4chen Walnuss-Effekt; wei\u00dfer Holz-Effekt, gemustert, Eiche usw., w\u00e4hrend Metall- und Glasoberfl\u00e4chen ein moderneres und schlichtes \u00c4sthetik haben.<\/p><p>Die Farbauswahl ist vielf\u00e4ltiger, wie Eiswei\u00df, Wei\u00df, Schwarz, Grau, Navy, Blau, Gr\u00fcn, Braun usw. Wenn Sie nicht wissen, welches Finish und welche Farbe f\u00fcr Ihre Wandk\u00e4sten geeignet sind, teilen Sie uns bitte Ihre Ideen mit.<\/p>\t\t\t\t\t\t\t\t<\/div>\n\t\t\t\t<\/div>\n\t\t\t\t<div class=\"elementor-element elementor-element-1f4c5ef elementor-tablet-align-center popmake-1598 elementor-widget elementor-widget-button\" data-id=\"1f4c5ef\" data-element_type=\"widget\" data-widget_type=\"button.default\">\n\t\t\t\t<div class=\"elementor-widget-container\">\n\t\t\t\t\t\t\t\t\t<div class=\"elementor-button-wrapper\">\n\t\t\t\t\t<a class=\"elementor-button elementor-size-sm\" role=\"button\">\n\t\t\t\t\t\t<span class=\"elementor-button-content-wrapper\">\n\t\t\t\t\t\t\t\t\t<span class=\"elementor-button-text\">Anfrage jetzt<\/span>\n\t\t\t\t\t<\/span>\n\t\t\t\t\t<\/a>\n\t\t\t\t<\/div>\n\t\t\t\t\t\t\t\t<\/div>\n\t\t\t\t<\/div>\n\t\t\t\t<\/div>\n\t\t\t\t\t<\/div>\n\t\t\t\t<\/div>\n\t\t<div class=\"elementor-element elementor-element-d7bdcaf e-flex e-con-boxed e-con e-parent\" data-id=\"d7bdcaf\" data-element_type=\"container\">\n\t\t\t\t\t<div class=\"e-con-inner\">\n\t\t\t\t<div class=\"elementor-element elementor-element-d663f2d elementor-widget__width-initial elementor-widget elementor-widget-image\" data-id=\"d663f2d\" data-element_type=\"widget\" data-widget_type=\"image.default\">\n\t\t\t\t<div class=\"elementor-widget-container\">\n\t\t\t\t\t\t\t\t\t\t\t\t\t\t\t<img loading=\"lazy\" decoding=\"async\" width=\"800\" height=\"533\" src=\"https:\/\/www.ajflyinghome.com\/wp-content\/uploads\/2024\/11\/upper-kitchen-cabinets.jpeg\" class=\"attachment-large size-large wp-image-2571\" alt=\"obere K\u00fcchenschr\u00e4nke\" srcset=\"https:\/\/www.ajflyinghome.com\/wp-content\/uploads\/2024\/11\/upper-kitchen-cabinets.jpeg 800w, https:\/\/www.ajflyinghome.com\/wp-content\/uploads\/2024\/11\/upper-kitchen-cabinets-768x512.jpeg 768w\" sizes=\"(max-width: 800px) 100vw, 800px\" title=\"\">\t\t\t\t\t\t\t\t\t\t\t\t\t\t\t<\/div>\n\t\t\t\t<\/div>\n\t\t<div class=\"elementor-element elementor-element-ead11dd e-con-full e-flex e-con e-child\" data-id=\"ead11dd\" data-element_type=\"container\">\n\t\t\t\t<div class=\"elementor-element elementor-element-aaf9652 elementor-widget elementor-widget-heading\" data-id=\"aaf9652\" data-element_type=\"widget\" data-widget_type=\"heading.default\">\n\t\t\t\t<div class=\"elementor-widget-container\">\n\t\t\t\t\t<h2 class=\"elementor-heading-title elementor-size-default\">W\u00e4hlen Sie die T\u00fcr\u00f6ffnungsmethode<\/h2>\t\t\t\t<\/div>\n\t\t\t\t<\/div>\n\t\t\t\t<div class=\"elementor-element elementor-element-45e2b40 elementor-widget elementor-widget-text-editor\" data-id=\"45e2b40\" data-element_type=\"widget\" data-widget_type=\"text-editor.default\">\n\t\t\t\t<div class=\"elementor-widget-container\">\n\t\t\t\t\t\t\t\t\t<p>Es gibt viele M\u00f6glichkeiten, die K\u00fcchent\u00fcr zu \u00f6ffnen. Jede T\u00fcr\u00f6ffnungsart hat ihre eigenen einzigartigen Funktionen und \u00e4sthetischen Merkmale. Sie k\u00f6nnen je nach Nutzungsgewohnheiten oder K\u00fcchendesign die folgenden verschiedenen Arten von K\u00fcchent\u00fcren w\u00e4hlen\uff1a<\/p><ul><li>Schwenkt\u00fcren<\/li><li>Klappent\u00fcren<\/li><li>Schiebet\u00fcren nach oben<\/li><li>Hebe-T\u00fcren<\/li><li>Faltent\u00fcren<\/li><li>Rolll\u00e4den<\/li><\/ul>\t\t\t\t\t\t\t\t<\/div>\n\t\t\t\t<\/div>\n\t\t\t\t<div class=\"elementor-element elementor-element-4c2ace1 elementor-tablet-align-center popmake-1598 elementor-widget elementor-widget-button\" data-id=\"4c2ace1\" data-element_type=\"widget\" data-widget_type=\"button.default\">\n\t\t\t\t<div class=\"elementor-widget-container\">\n\t\t\t\t\t\t\t\t\t<div class=\"elementor-button-wrapper\">\n\t\t\t\t\t<a class=\"elementor-button elementor-size-sm\" role=\"button\">\n\t\t\t\t\t\t<span class=\"elementor-button-content-wrapper\">\n\t\t\t\t\t\t\t\t\t<span class=\"elementor-button-text\">Anfrage jetzt<\/span>\n\t\t\t\t\t<\/span>\n\t\t\t\t\t<\/a>\n\t\t\t\t<\/div>\n\t\t\t\t\t\t\t\t<\/div>\n\t\t\t\t<\/div>\n\t\t\t\t<\/div>\n\t\t\t\t\t<\/div>\n\t\t\t\t<\/div>\n\t\t\t\t<\/div>","protected":false},"excerpt":{"rendered":"<p>K\u00fcchenwandregale K\u00fcchenwandregale sind eine Art von oberen K\u00fcchenregalen. Neben Wandregalen stellen wir auch Unterschr\u00e4nke, H\u00e4ngeschr\u00e4nke, Weinschr\u00e4nke usw. her. Wir haben engagierte Qualit\u00e4tskontrolleure, die die Qualit\u00e4t jedes Produkts sicherstellen. Wenn Sie an unseren Produkten interessiert sind, kontaktieren Sie uns bitte! Preis erhalten China K\u00fcchenwandregale [\u2026]<\/p>","protected":false},"author":2,"featured_media":0,"parent":0,"menu_order":0,"comment_status":"closed","ping_status":"closed","template":"elementor_header_footer","meta":{"_acf_changed":false,"footnotes":""},"class_list":["post-2543","page","type-page","status-publish","hentry"],"blocksy_meta":[],"acf":[],"_links":{"self":[{"href":"https:\/\/www.ajflyinghome.com\/de\/wp-json\/wp\/v2\/pages\/2543","targetHints":{"allow":["GET"]}}],"collection":[{"href":"https:\/\/www.ajflyinghome.com\/de\/wp-json\/wp\/v2\/pages"}],"about":[{"href":"https:\/\/www.ajflyinghome.com\/de\/wp-json\/wp\/v2\/types\/page"}],"author":[{"embeddable":true,"href":"https:\/\/www.ajflyinghome.com\/de\/wp-json\/wp\/v2\/users\/2"}],"replies":[{"embeddable":true,"href":"https:\/\/www.ajflyinghome.com\/de\/wp-json\/wp\/v2\/comments?post=2543"}],"version-history":[{"count":0,"href":"https:\/\/www.ajflyinghome.com\/de\/wp-json\/wp\/v2\/pages\/2543\/revisions"}],"wp:attachment":[{"href":"https:\/\/www.ajflyinghome.com\/de\/wp-json\/wp\/v2\/media?parent=2543"}],"curies":[{"name":"wp","href":"https:\/\/api.w.org\/{rel}","templated":true}]}}