{"id":2612,"date":"2024-11-27T14:10:30","date_gmt":"2024-11-27T06:10:30","guid":{"rendered":"https:\/\/www.ajflyinghome.com\/?page_id=2612"},"modified":"2025-04-27T10:28:08","modified_gmt":"2025-04-27T02:28:08","slug":"kitchen-base-cabinets","status":"publish","type":"page","link":"https:\/\/www.ajflyinghome.com\/de\/kitchen-base-cabinets\/","title":{"rendered":"Lieferanten und Hersteller von chinesischen K\u00fcchen-Unterschr\u00e4nken"},"content":{"rendered":"<div data-elementor-type=\"wp-page\" data-elementor-id=\"2612\" class=\"elementor elementor-2612\">\n\t\t\t\t<div class=\"elementor-element elementor-element-2910a3af e-flex e-con-boxed e-con e-parent\" data-id=\"2910a3af\" data-element_type=\"container\" data-settings=\"{&quot;background_background&quot;:&quot;classic&quot;}\">\n\t\t\t\t\t<div class=\"e-con-inner\">\n\t\t<div class=\"elementor-element elementor-element-5446c508 e-con-full e-flex e-con e-child\" data-id=\"5446c508\" data-element_type=\"container\" data-settings=\"{&quot;background_background&quot;:&quot;classic&quot;}\">\n\t\t\t\t<div class=\"elementor-element elementor-element-2204c0a6 elementor-widget elementor-widget-heading\" data-id=\"2204c0a6\" data-element_type=\"widget\" data-widget_type=\"heading.default\">\n\t\t\t\t<div class=\"elementor-widget-container\">\n\t\t\t\t\t<h2 class=\"elementor-heading-title elementor-size-default\">Oem K\u00fcchenunterschr\u00e4nke<\/h2>\t\t\t\t<\/div>\n\t\t\t\t<\/div>\n\t\t\t\t<div class=\"elementor-element elementor-element-1966011f elementor-widget elementor-widget-text-editor\" data-id=\"1966011f\" data-element_type=\"widget\" data-widget_type=\"text-editor.default\">\n\t\t\t\t<div class=\"elementor-widget-container\">\n\t\t\t\t\t\t\t\t\t<p>AJ Flying, ein renommierter K\u00fcchenm\u00f6belzulieferer und Hersteller in Deutschland mit \u00fcber einem Jahrzehnt Erfahrung, bietet eine gro\u00dfe Auswahl an Schrankstilen und -gr\u00f6\u00dfen sowie umfangreiche Anpassungsdienste<\/p>\t\t\t\t\t\t\t\t<\/div>\n\t\t\t\t<\/div>\n\t\t\t\t<div class=\"elementor-element elementor-element-200b36e elementor-tablet-align-center popmake-1598 elementor-widget elementor-widget-button\" data-id=\"200b36e\" data-element_type=\"widget\" data-widget_type=\"button.default\">\n\t\t\t\t<div class=\"elementor-widget-container\">\n\t\t\t\t\t\t\t\t\t<div class=\"elementor-button-wrapper\">\n\t\t\t\t\t<a class=\"elementor-button elementor-size-sm\" role=\"button\">\n\t\t\t\t\t\t<span class=\"elementor-button-content-wrapper\">\n\t\t\t\t\t\t\t\t\t<span class=\"elementor-button-text\">Angebot anfordern<\/span>\n\t\t\t\t\t<\/span>\n\t\t\t\t\t<\/a>\n\t\t\t\t<\/div>\n\t\t\t\t\t\t\t\t<\/div>\n\t\t\t\t<\/div>\n\t\t\t\t<\/div>\n\t\t\t\t\t<\/div>\n\t\t\t\t<\/div>\n\t\t<div class=\"elementor-element elementor-element-48b01f65 e-flex e-con-boxed e-con e-parent\" data-id=\"48b01f65\" data-element_type=\"container\">\n\t\t\t\t\t<div class=\"e-con-inner\">\n\t\t\t\t<div class=\"elementor-element elementor-element-290a56ee elementor-widget elementor-widget-heading\" data-id=\"290a56ee\" data-element_type=\"widget\" data-widget_type=\"heading.default\">\n\t\t\t\t<div class=\"elementor-widget-container\">\n\t\t\t\t\t<h2 class=\"elementor-heading-title elementor-size-default\">Hersteller von K\u00fcchenunterschr\u00e4nken<\/h2>\t\t\t\t<\/div>\n\t\t\t\t<\/div>\n\t\t\t\t<div class=\"elementor-element elementor-element-520197a4 elementor-widget elementor-widget-text-editor\" data-id=\"520197a4\" data-element_type=\"widget\" data-widget_type=\"text-editor.default\">\n\t\t\t\t<div class=\"elementor-widget-container\">\n\t\t\t\t\t\t\t\t\t<p>K\u00fcchenschr\u00e4nke sind die Basiseinheiten der K\u00fcche und ein unverzichtbarer Stauraum in der K\u00fcche. Sie werden \u00fcblicherweise zur Aufbewahrung verschiedener K\u00fcchenutensilien und Lebensmittel verwendet. Als ein bekannter K\u00fcchenm\u00f6belzulieferer und Hersteller in Deutschland ist AJ Flying seit mehr als zehn Jahren tief im Bereich der K\u00fcchenm\u00f6bel t\u00e4tig und verpflichtet sich, Kunden Schr\u00e4nke verschiedener Stile und Gr\u00f6\u00dfen anzubieten sowie umfassende Anpassungsdienste zu unterst\u00fctzen.<\/p><p>Um sich an die Einrichtungsstile verschiedener Familienk\u00fcchen anzupassen, fertigen wir K\u00fcchenm\u00f6bel aus unterschiedlichen Materialien. Die Designingenieure des Unternehmens k\u00f6nnen <a href=\"https:\/\/www.ajflyinghome.com\/de\/page\/4\/?s=color&amp;ct_post_type=post%3Apage\">K\u00fcchenschr\u00e4nke in verschiedenen Farben<\/a> und Stilen f\u00fcr Sie entsprechend Ihrer K\u00fccheneinrichtung abstimmen. Zudem bieten wir verschiedene Zubeh\u00f6rteile f\u00fcr K\u00fcchenm\u00f6bel an.<\/p><p>Wenn Sie nach einem passenden K\u00fcchenm\u00f6bel suchen, k\u00f6nnen wir Ihnen helfen!<\/p>\t\t\t\t\t\t\t\t<\/div>\n\t\t\t\t<\/div>\n\t\t\t\t<div class=\"elementor-element elementor-element-4866d0fb elementor-tablet-align-center popmake-1598 elementor-align-left elementor-widget elementor-widget-button\" data-id=\"4866d0fb\" data-element_type=\"widget\" data-widget_type=\"button.default\">\n\t\t\t\t<div class=\"elementor-widget-container\">\n\t\t\t\t\t\t\t\t\t<div class=\"elementor-button-wrapper\">\n\t\t\t\t\t<a class=\"elementor-button elementor-size-sm\" role=\"button\">\n\t\t\t\t\t\t<span class=\"elementor-button-content-wrapper\">\n\t\t\t\t\t\t\t\t\t<span class=\"elementor-button-text\">Anfrage senden<\/span>\n\t\t\t\t\t<\/span>\n\t\t\t\t\t<\/a>\n\t\t\t\t<\/div>\n\t\t\t\t\t\t\t\t<\/div>\n\t\t\t\t<\/div>\n\t\t\t\t\t<\/div>\n\t\t\t\t<\/div>\n\t\t<div class=\"elementor-element elementor-element-59ee1eb2 e-flex e-con-boxed e-con e-parent\" data-id=\"59ee1eb2\" data-element_type=\"container\" data-settings=\"{&quot;background_background&quot;:&quot;classic&quot;}\">\n\t\t\t\t\t<div class=\"e-con-inner\">\n\t\t\t\t<div class=\"elementor-element elementor-element-4ce866f6 elementor-widget__width-initial elementor-widget-tablet__width-inherit elementor-widget elementor-widget-image\" data-id=\"4ce866f6\" data-element_type=\"widget\" data-widget_type=\"image.default\">\n\t\t\t\t<div class=\"elementor-widget-container\">\n\t\t\t\t\t\t\t\t\t\t\t\t\t\t\t<img fetchpriority=\"high\" decoding=\"async\" width=\"580\" height=\"715\" src=\"https:\/\/www.ajflyinghome.com\/wp-content\/uploads\/2024\/11\/Types-Of-Base-Cabinets.webp\" class=\"attachment-large size-large wp-image-2716\" alt=\"\" title=\"\">\t\t\t\t\t\t\t\t\t\t\t\t\t\t\t<\/div>\n\t\t\t\t<\/div>\n\t\t<div class=\"elementor-element elementor-element-7ee95799 e-con-full e-flex e-con e-child\" data-id=\"7ee95799\" data-element_type=\"container\">\n\t\t\t\t<div class=\"elementor-element elementor-element-5f9fce20 elementor-widget elementor-widget-heading\" data-id=\"5f9fce20\" data-element_type=\"widget\" data-widget_type=\"heading.default\">\n\t\t\t\t<div class=\"elementor-widget-container\">\n\t\t\t\t\t<h2 class=\"elementor-heading-title elementor-size-default\">Arten von Unterschr\u00e4nken<\/h2>\t\t\t\t<\/div>\n\t\t\t\t<\/div>\n\t\t\t\t<div class=\"elementor-element elementor-element-1eb066f2 elementor-widget elementor-widget-text-editor\" data-id=\"1eb066f2\" data-element_type=\"widget\" data-widget_type=\"text-editor.default\">\n\t\t\t\t<div class=\"elementor-widget-container\">\n\t\t\t\t\t\t\t\t\t<p>Das Design und der Stil der Unterschr\u00e4nke beeinflussen direkt die Effizienz, \u00c4sthetik und den Gesamtstil der K\u00fcche. Im Folgenden sind einige g\u00e4ngige Stile von K\u00fcchenunterschr\u00e4nken aufgef\u00fchrt. Wenn Sie einen ma\u00dfgeschneiderten Stil ben\u00f6tigen, stellen Sie uns bitte CAD-Zeichnungen zur Verf\u00fcgung oder teilen Sie uns Ihre Ideen mit:<\/p><ul><li>Sp\u00fclenschrankbasis<\/li><li>Eck-Unterschrank<\/li><li>Schubladen-Unterschrank<\/li><li>T\u00fcr- und Regal-Unterschrank<\/li><li>T\u00fcr- und Schubladen-Unterschrank<\/li><li>Speisekammer-Unterschrank<\/li><li>Backofen-Unterschrank<\/li><\/ul>\t\t\t\t\t\t\t\t<\/div>\n\t\t\t\t<\/div>\n\t\t\t\t<div class=\"elementor-element elementor-element-77ddda2b elementor-tablet-align-center popmake-1598 elementor-widget elementor-widget-button\" data-id=\"77ddda2b\" data-element_type=\"widget\" data-widget_type=\"button.default\">\n\t\t\t\t<div class=\"elementor-widget-container\">\n\t\t\t\t\t\t\t\t\t<div class=\"elementor-button-wrapper\">\n\t\t\t\t\t<a class=\"elementor-button elementor-size-sm\" role=\"button\">\n\t\t\t\t\t\t<span class=\"elementor-button-content-wrapper\">\n\t\t\t\t\t\t\t\t\t<span class=\"elementor-button-text\">Angebot anfordern<\/span>\n\t\t\t\t\t<\/span>\n\t\t\t\t\t<\/a>\n\t\t\t\t<\/div>\n\t\t\t\t\t\t\t\t<\/div>\n\t\t\t\t<\/div>\n\t\t\t\t<\/div>\n\t\t\t\t\t<\/div>\n\t\t\t\t<\/div>\n\t\t<div class=\"elementor-element elementor-element-70d79718 e-flex e-con-boxed e-con e-parent\" data-id=\"70d79718\" data-element_type=\"container\" data-settings=\"{&quot;background_background&quot;:&quot;classic&quot;}\">\n\t\t\t\t\t<div class=\"e-con-inner\">\n\t\t<div class=\"elementor-element elementor-element-248c626c e-con-full e-flex e-con e-child\" data-id=\"248c626c\" data-element_type=\"container\">\n\t\t\t\t<div class=\"elementor-element elementor-element-28bc4e59 elementor-widget elementor-widget-heading\" data-id=\"28bc4e59\" data-element_type=\"widget\" data-widget_type=\"heading.default\">\n\t\t\t\t<div class=\"elementor-widget-container\">\n\t\t\t\t\t<h2 class=\"elementor-heading-title elementor-size-default\">Ma\u00dfgeschneiderte Gr\u00f6\u00dfen<\/h2>\t\t\t\t<\/div>\n\t\t\t\t<\/div>\n\t\t\t\t<div class=\"elementor-element elementor-element-3492eb6c elementor-widget elementor-widget-text-editor\" data-id=\"3492eb6c\" data-element_type=\"widget\" data-widget_type=\"text-editor.default\">\n\t\t\t\t<div class=\"elementor-widget-container\">\n\t\t\t\t\t\t\t\t\t<p>Die Gr\u00f6\u00dfe des K\u00fcchenunterschranks wurde sorgf\u00e4ltig gestaltet und streng auf Qualit\u00e4t gepr\u00fcft, wobei die unterschiedlichen Bed\u00fcrfnisse der Nutzer ber\u00fccksichtigt und das Kocherlebnis verbessert werden:<\/p><p>Die H\u00f6he liegt in der Regel zwischen 60 und 90 cm, um den Bedienkomfort von Nutzern unterschiedlicher K\u00f6rpergr\u00f6\u00dfen zu gew\u00e4hrleisten;<\/p><p>In Bezug auf die Breite bieten wir Standardma\u00dfe von 76 cm (Einzelbecken), 84 cm (Doppelbecken, versetztes Becken), 91 cm (Doppelbecken), 122 cm oder 23 bis 61 cm und andere Optionen, um sich an verschiedene K\u00fcchenlayouts und funktionale Anforderungen anzupassen;<\/p><p>Die Tiefe liegt in der Regel zwischen 55 und 61 cm, um ausreichend Stauraum zu gew\u00e4hrleisten und gleichzeitig das B\u00fccken der Nutzer zu vermeiden und die k\u00f6rperliche Belastung zu reduzieren.<\/p>\t\t\t\t\t\t\t\t<\/div>\n\t\t\t\t<\/div>\n\t\t\t\t<div class=\"elementor-element elementor-element-210d6121 elementor-tablet-align-center popmake-1598 elementor-widget elementor-widget-button\" data-id=\"210d6121\" data-element_type=\"widget\" data-widget_type=\"button.default\">\n\t\t\t\t<div class=\"elementor-widget-container\">\n\t\t\t\t\t\t\t\t\t<div class=\"elementor-button-wrapper\">\n\t\t\t\t\t<a class=\"elementor-button elementor-size-sm\" role=\"button\">\n\t\t\t\t\t\t<span class=\"elementor-button-content-wrapper\">\n\t\t\t\t\t\t\t\t\t<span class=\"elementor-button-text\">Anfrage jetzt<\/span>\n\t\t\t\t\t<\/span>\n\t\t\t\t\t<\/a>\n\t\t\t\t<\/div>\n\t\t\t\t\t\t\t\t<\/div>\n\t\t\t\t<\/div>\n\t\t\t\t<\/div>\n\t\t<div class=\"elementor-element elementor-element-64dc74d4 e-con-full e-flex e-con e-child\" data-id=\"64dc74d4\" data-element_type=\"container\">\n\t\t\t\t<div class=\"elementor-element elementor-element-203d6dfa elementor-widget elementor-widget-image\" data-id=\"203d6dfa\" data-element_type=\"widget\" data-widget_type=\"image.default\">\n\t\t\t\t<div class=\"elementor-widget-container\">\n\t\t\t\t\t\t\t\t\t\t\t\t\t\t\t<img decoding=\"async\" width=\"515\" height=\"345\" src=\"https:\/\/www.ajflyinghome.com\/wp-content\/uploads\/2024\/11\/Custom-Sizes.webp\" class=\"attachment-large size-large wp-image-2713\" alt=\"Ma\u00dfe der Unterschr\u00e4nke\" title=\"\">\t\t\t\t\t\t\t\t\t\t\t\t\t\t\t<\/div>\n\t\t\t\t<\/div>\n\t\t\t\t<\/div>\n\t\t\t\t\t<\/div>\n\t\t\t\t<\/div>\n\t\t<div class=\"elementor-element elementor-element-458c93e0 e-flex e-con-boxed e-con e-parent\" data-id=\"458c93e0\" data-element_type=\"container\" data-settings=\"{&quot;background_background&quot;:&quot;classic&quot;}\">\n\t\t\t\t\t<div class=\"e-con-inner\">\n\t\t<div class=\"elementor-element elementor-element-2f6d58b3 e-flex e-con-boxed e-con e-child\" data-id=\"2f6d58b3\" data-element_type=\"container\" data-settings=\"{&quot;background_background&quot;:&quot;classic&quot;}\">\n\t\t\t\t\t<div class=\"e-con-inner\">\n\t\t<div class=\"elementor-element elementor-element-6e7213ce e-con-full e-flex e-con e-child\" data-id=\"6e7213ce\" data-element_type=\"container\" data-settings=\"{&quot;background_background&quot;:&quot;classic&quot;}\">\n\t\t\t\t<div class=\"elementor-element elementor-element-33f08f9c elementor-widget elementor-widget-heading\" data-id=\"33f08f9c\" data-element_type=\"widget\" data-widget_type=\"heading.default\">\n\t\t\t\t<div class=\"elementor-widget-container\">\n\t\t\t\t\t<h2 class=\"elementor-heading-title elementor-size-default\">Ma\u00dfgeschneiderte Farben<\/h2>\t\t\t\t<\/div>\n\t\t\t\t<\/div>\n\t\t\t\t<div class=\"elementor-element elementor-element-6bdb91e3 elementor-widget elementor-widget-text-editor\" data-id=\"6bdb91e3\" data-element_type=\"widget\" data-widget_type=\"text-editor.default\">\n\t\t\t\t<div class=\"elementor-widget-container\">\n\t\t\t\t\t\t\t\t\t<p>Farben beeinflussen die Gesamtatmosph\u00e4re der K\u00fcche erheblich. Unter Ber\u00fccksichtigung der \u00c4sthetik und Praktikabilit\u00e4t von Unterschr\u00e4nken im t\u00e4glichen Gebrauch bieten wir Ihnen, von klassischem Wei\u00df und Schwarz bis hin zu nat\u00fcrlichen Holzfarben, modischen Grau-, Blau-, Gr\u00fcn-, Nanowei\u00df-, Nanogr\u00fcn-Farben usw.<\/p><p>Die AJ Flying Fabrik verf\u00fcgt \u00fcber 2 vollautomatische Lackiermaschinen und 3 vollautomatische Spritzgussmaschinen, die K\u00fcchenunterschr\u00e4nke gleichm\u00e4\u00dfig f\u00e4rben und die Qualit\u00e4t sichern. Egal welche Farbw\u00fcnsche Sie f\u00fcr Ihre K\u00fcchenunterschr\u00e4nke haben, wir k\u00f6nnen Sie zufriedenstellen.<\/p>\t\t\t\t\t\t\t\t<\/div>\n\t\t\t\t<\/div>\n\t\t\t\t<div class=\"elementor-element elementor-element-67ebc0b0 elementor-tablet-align-justify elementor-align-justify popmake-1598 elementor-widget elementor-widget-button\" data-id=\"67ebc0b0\" data-element_type=\"widget\" data-widget_type=\"button.default\">\n\t\t\t\t<div class=\"elementor-widget-container\">\n\t\t\t\t\t\t\t\t\t<div class=\"elementor-button-wrapper\">\n\t\t\t\t\t<a class=\"elementor-button elementor-size-sm\" role=\"button\">\n\t\t\t\t\t\t<span class=\"elementor-button-content-wrapper\">\n\t\t\t\t\t\t\t\t\t<span class=\"elementor-button-text\">Ma\u00dfgeschneidertes Ihre Schrank<\/span>\n\t\t\t\t\t<\/span>\n\t\t\t\t\t<\/a>\n\t\t\t\t<\/div>\n\t\t\t\t\t\t\t\t<\/div>\n\t\t\t\t<\/div>\n\t\t\t\t<\/div>\n\t\t\t\t\t<\/div>\n\t\t\t\t<\/div>\n\t\t\t\t\t<\/div>\n\t\t\t\t<\/div>\n\t\t<div class=\"elementor-element elementor-element-2e45659 e-flex e-con-boxed e-con e-parent\" data-id=\"2e45659\" data-element_type=\"container\">\n\t\t\t\t\t<div class=\"e-con-inner\">\n\t\t<div class=\"elementor-element elementor-element-9c8c656 e-con-full e-flex e-con e-child\" data-id=\"9c8c656\" data-element_type=\"container\">\n\t\t<div class=\"elementor-element elementor-element-df83f85 e-con-full e-flex e-con e-child\" data-id=\"df83f85\" data-element_type=\"container\">\n\t\t\t\t<div class=\"elementor-element elementor-element-81b3e7f elementor-widget elementor-widget-heading\" data-id=\"81b3e7f\" data-element_type=\"widget\" data-widget_type=\"heading.default\">\n\t\t\t\t<div class=\"elementor-widget-container\">\n\t\t\t\t\t<h2 class=\"elementor-heading-title elementor-size-default\">W\u00e4hlen Sie das Material des Unterschranks<\/h2>\t\t\t\t<\/div>\n\t\t\t\t<\/div>\n\t\t\t\t<div class=\"elementor-element elementor-element-e1ee137 elementor-widget elementor-widget-text-editor\" data-id=\"e1ee137\" data-element_type=\"widget\" data-widget_type=\"text-editor.default\">\n\t\t\t\t<div class=\"elementor-widget-container\">\n\t\t\t\t\t\t\t\t\t<p>Wir w\u00e4hlen eine Vielzahl hochwertiger Materialien aus, um K\u00fcchenschr\u00e4nke herzustellen, die Langlebigkeit, Sch\u00f6nheit und Funktionalit\u00e4t gew\u00e4hrleisten. Massivholz und Sperrholz k\u00f6nnen nat\u00fcrliche Textur und lange Lebensdauer bieten; <a href=\"https:\/\/www.ajflyinghome.com\/de\/mdf-kitchen-cabinet\/\">MDF<\/a> (mitteldichte Faserplatte) und Spanplatten sind feuchtigkeitsbest\u00e4ndig und geeignet f\u00fcr feuchte Umgebungen in K\u00fcchen; Edelstahl- und Aluminiummaterialien sorgen f\u00fcr Modernit\u00e4t und sind leicht zu reinigen.<\/p><p>Alle Materialien werden streng auf Qualit\u00e4t gepr\u00fcft, und das verwendete Holz entspricht den Umweltstandards der E1-Klasse und h\u00f6her, der Formaldehydemissionsgehalt betr\u00e4gt \u22640,124mg\/m\u00b3. Es kann eine ges\u00fcndere und sicherere Wohnumgebung f\u00fcr Ihre Familie bieten.<\/p>\t\t\t\t\t\t\t\t<\/div>\n\t\t\t\t<\/div>\n\t\t\t\t<div class=\"elementor-element elementor-element-6a7c432 elementor-tablet-align-center popmake-1598 elementor-align-left elementor-widget elementor-widget-button\" data-id=\"6a7c432\" data-element_type=\"widget\" data-widget_type=\"button.default\">\n\t\t\t\t<div class=\"elementor-widget-container\">\n\t\t\t\t\t\t\t\t\t<div class=\"elementor-button-wrapper\">\n\t\t\t\t\t<a class=\"elementor-button elementor-size-sm\" role=\"button\">\n\t\t\t\t\t\t<span class=\"elementor-button-content-wrapper\">\n\t\t\t\t\t\t\t\t\t<span class=\"elementor-button-text\">Anfrage senden<\/span>\n\t\t\t\t\t<\/span>\n\t\t\t\t\t<\/a>\n\t\t\t\t<\/div>\n\t\t\t\t\t\t\t\t<\/div>\n\t\t\t\t<\/div>\n\t\t\t\t<\/div>\n\t\t\t\t<\/div>\n\t\t<div class=\"elementor-element elementor-element-99df625 e-con-full e-flex e-con e-child\" data-id=\"99df625\" data-element_type=\"container\">\n\t\t\t\t<div class=\"elementor-element elementor-element-1707349 elementor-widget elementor-widget-image\" data-id=\"1707349\" data-element_type=\"widget\" data-widget_type=\"image.default\">\n\t\t\t\t<div class=\"elementor-widget-container\">\n\t\t\t\t\t\t\t\t\t\t\t\t\t\t\t<img decoding=\"async\" width=\"550\" height=\"365\" src=\"https:\/\/www.ajflyinghome.com\/wp-content\/uploads\/2024\/11\/Choose-Base-Cabinet-Material.webp\" class=\"attachment-large size-large wp-image-2711\" alt=\"Basis-Schrankmaterial\" title=\"\">\t\t\t\t\t\t\t\t\t\t\t\t\t\t\t<\/div>\n\t\t\t\t<\/div>\n\t\t\t\t<\/div>\n\t\t\t\t\t<\/div>\n\t\t\t\t<\/div>\n\t\t<div class=\"elementor-element elementor-element-e82aa78 e-flex e-con-boxed e-con e-parent\" data-id=\"e82aa78\" data-element_type=\"container\">\n\t\t\t\t\t<div class=\"e-con-inner\">\n\t\t<div class=\"elementor-element elementor-element-dd8fcba e-con-full e-flex e-con e-child\" data-id=\"dd8fcba\" data-element_type=\"container\">\n\t\t\t\t<div class=\"elementor-element elementor-element-15fe32a elementor-widget elementor-widget-image\" data-id=\"15fe32a\" data-element_type=\"widget\" data-widget_type=\"image.default\">\n\t\t\t\t<div class=\"elementor-widget-container\">\n\t\t\t\t\t\t\t\t\t\t\t\t\t\t\t<img loading=\"lazy\" decoding=\"async\" width=\"550\" height=\"365\" src=\"https:\/\/www.ajflyinghome.com\/wp-content\/uploads\/2024\/11\/Kitchen-Base-Cabinet-Accessories.webp\" class=\"attachment-large size-large wp-image-2714\" alt=\"K\u00fcchen-Unterschrankzubeh\u00f6r\" title=\"\">\t\t\t\t\t\t\t\t\t\t\t\t\t\t\t<\/div>\n\t\t\t\t<\/div>\n\t\t\t\t<\/div>\n\t\t<div class=\"elementor-element elementor-element-a554172 e-con-full e-flex e-con e-child\" data-id=\"a554172\" data-element_type=\"container\">\n\t\t<div class=\"elementor-element elementor-element-e628695 e-con-full e-flex e-con e-child\" data-id=\"e628695\" data-element_type=\"container\">\n\t\t\t\t<div class=\"elementor-element elementor-element-da6f76b elementor-widget elementor-widget-heading\" data-id=\"da6f76b\" data-element_type=\"widget\" data-widget_type=\"heading.default\">\n\t\t\t\t<div class=\"elementor-widget-container\">\n\t\t\t\t\t<h2 class=\"elementor-heading-title elementor-size-default\">K\u00fcchen-Unterschrankzubeh\u00f6r<\/h2>\t\t\t\t<\/div>\n\t\t\t\t<\/div>\n\t\t\t\t<\/div>\n\t\t\t\t<div class=\"elementor-element elementor-element-caf9150 elementor-widget elementor-widget-text-editor\" data-id=\"caf9150\" data-element_type=\"widget\" data-widget_type=\"text-editor.default\">\n\t\t\t\t<div class=\"elementor-widget-container\">\n\t\t\t\t\t\t\t\t\t<p>AJ Flying\u2019s K\u00fcchenschr\u00e4nke wurden in mehr als 160 L\u00e4nder und Regionen exportiert, daher kennen wir die Bedeutung von Zubeh\u00f6r f\u00fcr die Funktionalit\u00e4t und das Nutzererlebnis der Schr\u00e4nke. Wir bieten hochwertige Schubladenausz\u00fcge, Scharniere, Lazy Susan Lagerung, Fu\u00dfleisten, Abfallbeh\u00e4lter, Schubladen, Regale, Regalst\u00fctzen usw.<\/p><p>Jedes Zubeh\u00f6r wird sorgf\u00e4ltig ausgew\u00e4hlt und gestaltet, um die Praktikabilit\u00e4t, Sch\u00f6nheit und Langlebigkeit der K\u00fcchenschr\u00e4nke zu verbessern und Ihnen das beste Kocherlebnis zu bieten. Wenn Sie mehr \u00fcber anderes Schrankzubeh\u00f6r erfahren m\u00f6chten, senden Sie uns bitte eine E-Mail.<\/p>\t\t\t\t\t\t\t\t<\/div>\n\t\t\t\t<\/div>\n\t\t\t\t<div class=\"elementor-element elementor-element-34e3246 elementor-tablet-align-center popmake-1598 elementor-widget elementor-widget-button\" data-id=\"34e3246\" data-element_type=\"widget\" data-widget_type=\"button.default\">\n\t\t\t\t<div class=\"elementor-widget-container\">\n\t\t\t\t\t\t\t\t\t<div class=\"elementor-button-wrapper\">\n\t\t\t\t\t<a class=\"elementor-button elementor-size-sm\" role=\"button\">\n\t\t\t\t\t\t<span class=\"elementor-button-content-wrapper\">\n\t\t\t\t\t\t\t\t\t<span class=\"elementor-button-text\">Angebot anfordern<\/span>\n\t\t\t\t\t<\/span>\n\t\t\t\t\t<\/a>\n\t\t\t\t<\/div>\n\t\t\t\t\t\t\t\t<\/div>\n\t\t\t\t<\/div>\n\t\t\t\t<\/div>\n\t\t\t\t\t<\/div>\n\t\t\t\t<\/div>\n\t\t\t\t<\/div>","protected":false},"excerpt":{"rendered":"<p>Oem K\u00fcchen-Unterschr\u00e4nke AJ Flying, ein renommierter Anbieter und Hersteller von K\u00fcchenschr\u00e4nken in Deutschland mit \u00fcber einem Jahrzehnt Erfahrung, bietet eine gro\u00dfe Auswahl an Schrankstilen und -gr\u00f6\u00dfen sowie umfangreiche Anpassungsdienste. Angebot anfordern Hersteller von K\u00fcchen-Unterschr\u00e4nken K\u00fcchenm\u00f6bel sind die Grundbausteine der K\u00fcche und ein unverzichtbarer Stauraum [\u2026]<\/p>","protected":false},"author":2,"featured_media":3167,"parent":0,"menu_order":0,"comment_status":"closed","ping_status":"closed","template":"elementor_header_footer","meta":{"_acf_changed":false,"footnotes":""},"class_list":["post-2612","page","type-page","status-publish","has-post-thumbnail","hentry"],"blocksy_meta":[],"acf":[],"_links":{"self":[{"href":"https:\/\/www.ajflyinghome.com\/de\/wp-json\/wp\/v2\/pages\/2612","targetHints":{"allow":["GET"]}}],"collection":[{"href":"https:\/\/www.ajflyinghome.com\/de\/wp-json\/wp\/v2\/pages"}],"about":[{"href":"https:\/\/www.ajflyinghome.com\/de\/wp-json\/wp\/v2\/types\/page"}],"author":[{"embeddable":true,"href":"https:\/\/www.ajflyinghome.com\/de\/wp-json\/wp\/v2\/users\/2"}],"replies":[{"embeddable":true,"href":"https:\/\/www.ajflyinghome.com\/de\/wp-json\/wp\/v2\/comments?post=2612"}],"version-history":[{"count":0,"href":"https:\/\/www.ajflyinghome.com\/de\/wp-json\/wp\/v2\/pages\/2612\/revisions"}],"wp:featuredmedia":[{"embeddable":true,"href":"https:\/\/www.ajflyinghome.com\/de\/wp-json\/wp\/v2\/media\/3167"}],"wp:attachment":[{"href":"https:\/\/www.ajflyinghome.com\/de\/wp-json\/wp\/v2\/media?parent=2612"}],"curies":[{"name":"wp","href":"https:\/\/api.w.org\/{rel}","templated":true}]}}