{"id":2736,"date":"2024-11-30T10:12:46","date_gmt":"2024-11-30T02:12:46","guid":{"rendered":"https:\/\/www.ajflyinghome.com\/?page_id=2736"},"modified":"2025-03-10T14:03:32","modified_gmt":"2025-03-10T06:03:32","slug":"lazy-susan-cabinet","status":"publish","type":"page","link":"https:\/\/www.ajflyinghome.com\/de\/lazy-susan-cabinet\/","title":{"rendered":"China Lazy Susan Schrankhersteller"},"content":{"rendered":"<div data-elementor-type=\"wp-page\" data-elementor-id=\"2736\" class=\"elementor elementor-2736\">\n\t\t\t\t<div class=\"elementor-element elementor-element-10789007 e-flex e-con-boxed e-con e-parent\" data-id=\"10789007\" data-element_type=\"container\" data-settings=\"{&quot;background_background&quot;:&quot;classic&quot;}\">\n\t\t\t\t\t<div class=\"e-con-inner\">\n\t\t<div class=\"elementor-element elementor-element-17f25bd5 e-con-full e-flex e-con e-child\" data-id=\"17f25bd5\" data-element_type=\"container\" data-settings=\"{&quot;background_background&quot;:&quot;classic&quot;}\">\n\t\t\t\t<div class=\"elementor-element elementor-element-13248df8 elementor-widget elementor-widget-heading\" data-id=\"13248df8\" data-element_type=\"widget\" data-widget_type=\"heading.default\">\n\t\t\t\t<div class=\"elementor-widget-container\">\n\t\t\t\t\t<h2 class=\"elementor-heading-title elementor-size-default\">China Lazy Susan Schrankhersteller<\/h2>\t\t\t\t<\/div>\n\t\t\t\t<\/div>\n\t\t\t\t<div class=\"elementor-element elementor-element-65a76cd7 elementor-widget elementor-widget-text-editor\" data-id=\"65a76cd7\" data-element_type=\"widget\" data-widget_type=\"text-editor.default\">\n\t\t\t\t<div class=\"elementor-widget-container\">\n\t\t\t\t\t\t\t\t\t<p>AJ Flying ist ein professioneller Hersteller von Lazy Susan-Schr\u00e4nken in Deutschland. Wir bieten ma\u00dfgeschneiderte Dienstleistungen zur Herstellung von Lazy Susan-Schr\u00e4nken f\u00fcr Ihre K\u00fcche an, um Gew\u00fcrze, Konserven, verpackte Lebensmittel und sogar kleine Ger\u00e4te zu lagern und hochwertige Tiefenlagerbereiche zu schaffen, die Ihren Lagerbedarf erf\u00fcllen.<\/p>\t\t\t\t\t\t\t\t<\/div>\n\t\t\t\t<\/div>\n\t\t\t\t<div class=\"elementor-element elementor-element-7b73d25d elementor-tablet-align-center popmake-1598 elementor-widget elementor-widget-button\" data-id=\"7b73d25d\" data-element_type=\"widget\" data-widget_type=\"button.default\">\n\t\t\t\t<div class=\"elementor-widget-container\">\n\t\t\t\t\t\t\t\t\t<div class=\"elementor-button-wrapper\">\n\t\t\t\t\t<a class=\"elementor-button elementor-size-sm\" role=\"button\">\n\t\t\t\t\t\t<span class=\"elementor-button-content-wrapper\">\n\t\t\t\t\t\t\t\t\t<span class=\"elementor-button-text\">Erfahren Sie mehr<\/span>\n\t\t\t\t\t<\/span>\n\t\t\t\t\t<\/a>\n\t\t\t\t<\/div>\n\t\t\t\t\t\t\t\t<\/div>\n\t\t\t\t<\/div>\n\t\t\t\t<\/div>\n\t\t\t\t\t<\/div>\n\t\t\t\t<\/div>\n\t\t<div class=\"elementor-element elementor-element-78b3b47c e-flex e-con-boxed e-con e-parent\" data-id=\"78b3b47c\" data-element_type=\"container\">\n\t\t\t\t\t<div class=\"e-con-inner\">\n\t\t\t\t<div class=\"elementor-element elementor-element-3a7b62cb elementor-widget elementor-widget-heading\" data-id=\"3a7b62cb\" data-element_type=\"widget\" data-widget_type=\"heading.default\">\n\t\t\t\t<div class=\"elementor-widget-container\">\n\t\t\t\t\t<h2 class=\"elementor-heading-title elementor-size-default\">AJ Flying-Lazy Susan-Schrank<\/h2>\t\t\t\t<\/div>\n\t\t\t\t<\/div>\n\t\t\t\t<div class=\"elementor-element elementor-element-1e07f361 elementor-widget elementor-widget-text-editor\" data-id=\"1e07f361\" data-element_type=\"widget\" data-widget_type=\"text-editor.default\">\n\t\t\t\t<div class=\"elementor-widget-container\">\n\t\t\t\t\t\t\t\t\t<p>Unser Lazy Susan-Schrank kann je nach Bedarf mit verschiedenen Materialien angepasst werden. Verschiedene Teile k\u00f6nnen mit unterschiedlichen Materialien gestaltet werden, wie Massivholzscharen und Kunststoff-Lazy Susan, um die funktionalen Anforderungen Ihres Lazy Susan-Schranks zu erf\u00fcllen.<\/p><p>AJ Flying\u2019s Lazy Susan-Schr\u00e4nke verwenden fortschrittliche Schneidetechnologien. Unser professionelles Anpassungsteam bietet ma\u00dfgeschneiderte Gr\u00f6\u00dfen entsprechend Ihren Anforderungen und f\u00fchrt pr\u00e4zises Schneiden und Bohren durch, um die Installation zu erleichtern. Au\u00dferdem kann das professionelle Design- und F&amp;E-Team individuell geformte Lazy Susan-Schr\u00e4nke f\u00fcr Sie anfertigen. Egal, welche Form Sie w\u00fcnschen, hier finden Sie eine passende L\u00f6sung.<\/p><p>Wir bieten eine Vielzahl von Oberfl\u00e4chenbehandlungstechnologien wie Lackierung, Laminierung usw., um Ihnen eine Vielzahl von Farboptionen und Oberfl\u00e4chenfinishs zu bieten, die zu Ihrem vielf\u00e4ltigen K\u00fcchendesign passen.<\/p><p>Wenn Sie den Lazy Susan-Schrank in verschiedenen besonderen Stilen anpassen m\u00f6chten, senden Sie uns bitte Ihre Anfrage, und wir werden Ihnen exzellente L\u00f6sungen anbieten.<\/p>\t\t\t\t\t\t\t\t<\/div>\n\t\t\t\t<\/div>\n\t\t\t\t<div class=\"elementor-element elementor-element-6a5aa1ed elementor-tablet-align-center popmake-1598 elementor-align-left elementor-widget elementor-widget-button\" data-id=\"6a5aa1ed\" data-element_type=\"widget\" data-widget_type=\"button.default\">\n\t\t\t\t<div class=\"elementor-widget-container\">\n\t\t\t\t\t\t\t\t\t<div class=\"elementor-button-wrapper\">\n\t\t\t\t\t<a class=\"elementor-button elementor-size-sm\" role=\"button\">\n\t\t\t\t\t\t<span class=\"elementor-button-content-wrapper\">\n\t\t\t\t\t\t\t\t\t<span class=\"elementor-button-text\">Anfrage senden<\/span>\n\t\t\t\t\t<\/span>\n\t\t\t\t\t<\/a>\n\t\t\t\t<\/div>\n\t\t\t\t\t\t\t\t<\/div>\n\t\t\t\t<\/div>\n\t\t\t\t\t<\/div>\n\t\t\t\t<\/div>\n\t\t<div class=\"elementor-element elementor-element-4461fd20 e-flex e-con-boxed e-con e-parent\" data-id=\"4461fd20\" data-element_type=\"container\">\n\t\t\t\t\t<div class=\"e-con-inner\">\n\t\t\t\t<div class=\"elementor-element elementor-element-161a94e1 elementor-widget elementor-widget-heading\" data-id=\"161a94e1\" data-element_type=\"widget\" data-widget_type=\"heading.default\">\n\t\t\t\t<div class=\"elementor-widget-container\">\n\t\t\t\t\t<h2 class=\"elementor-heading-title elementor-size-default\">Merkmale des Lazy Susan-Schrankes<\/h2>\t\t\t\t<\/div>\n\t\t\t\t<\/div>\n\t\t<div class=\"elementor-element elementor-element-4cacfd4d e-con-full e-flex e-con e-child\" data-id=\"4cacfd4d\" data-element_type=\"container\">\n\t\t<div class=\"elementor-element elementor-element-3b7522b2 e-con-full e-flex e-con e-child\" data-id=\"3b7522b2\" data-element_type=\"container\">\n\t\t\t\t<div class=\"elementor-element elementor-element-6bb60632 elementor-widget__width-initial elementor-widget elementor-widget-icon-box\" data-id=\"6bb60632\" data-element_type=\"widget\" data-widget_type=\"icon-box.default\">\n\t\t\t\t<div class=\"elementor-widget-container\">\n\t\t\t\t\t\t\t<div class=\"elementor-icon-box-wrapper\">\n\n\t\t\t\n\t\t\t\t\t\t<div class=\"elementor-icon-box-content\">\n\n\t\t\t\t\t\t\t\t\t<h3 class=\"elementor-icon-box-title\">\n\t\t\t\t\t\t<span  >\n\t\t\t\t\t\t\tHohe Effizienz\t\t\t\t\t\t<\/span>\n\t\t\t\t\t<\/h3>\n\t\t\t\t\n\t\t\t\t\t\t\t\t\t<p class=\"elementor-icon-box-description\">\n\t\t\t\t\t\tDer drehbare Teller erm\u00f6glicht einfachen Zugriff auf Gegenst\u00e4nde, die im gesamten Schrank aufbewahrt werden, und verbessert die Effizienz im t\u00e4glichen Gebrauch.\t\t\t\t\t<\/p>\n\t\t\t\t\n\t\t\t<\/div>\n\t\t\t\n\t\t<\/div>\n\t\t\t\t\t\t<\/div>\n\t\t\t\t<\/div>\n\t\t\t\t<\/div>\n\t\t<div class=\"elementor-element elementor-element-25309062 e-con-full e-flex e-con e-child\" data-id=\"25309062\" data-element_type=\"container\">\n\t\t\t\t<div class=\"elementor-element elementor-element-79fe854 elementor-widget elementor-widget-icon-box\" data-id=\"79fe854\" data-element_type=\"widget\" data-widget_type=\"icon-box.default\">\n\t\t\t\t<div class=\"elementor-widget-container\">\n\t\t\t\t\t\t\t<div class=\"elementor-icon-box-wrapper\">\n\n\t\t\t\n\t\t\t\t\t\t<div class=\"elementor-icon-box-content\">\n\n\t\t\t\t\t\t\t\t\t<h3 class=\"elementor-icon-box-title\">\n\t\t\t\t\t\t<span  >\n\t\t\t\t\t\t\tHaltbarkeit\t\t\t\t\t\t<\/span>\n\t\t\t\t\t<\/h3>\n\t\t\t\t\n\t\t\t\t\t\t\t\t\t<p class=\"elementor-icon-box-description\">\n\t\t\t\t\t\tMehrschichtige und verstellbare Regale k\u00f6nnen verwendet werden, um eine Vielzahl von Gegenst\u00e4nden zu lagern, von verschiedenen Gew\u00fcrzen bis hin zu elektrischen Ger\u00e4ten.\t\t\t\t\t<\/p>\n\t\t\t\t\n\t\t\t<\/div>\n\t\t\t\n\t\t<\/div>\n\t\t\t\t\t\t<\/div>\n\t\t\t\t<\/div>\n\t\t\t\t<\/div>\n\t\t<div class=\"elementor-element elementor-element-47e0baf1 e-con-full e-flex e-con e-child\" data-id=\"47e0baf1\" data-element_type=\"container\">\n\t\t\t\t<div class=\"elementor-element elementor-element-26b55199 elementor-widget elementor-widget-icon-box\" data-id=\"26b55199\" data-element_type=\"widget\" data-widget_type=\"icon-box.default\">\n\t\t\t\t<div class=\"elementor-widget-container\">\n\t\t\t\t\t\t\t<div class=\"elementor-icon-box-wrapper\">\n\n\t\t\t\n\t\t\t\t\t\t<div class=\"elementor-icon-box-content\">\n\n\t\t\t\t\t\t\t\t\t<h3 class=\"elementor-icon-box-title\">\n\t\t\t\t\t\t<span  >\n\t\t\t\t\t\t\tMaximale Lagerung \t\t\t\t\t\t<\/span>\n\t\t\t\t\t<\/h3>\n\t\t\t\t\n\t\t\t\t\t\t\t\t\t<p class=\"elementor-icon-box-description\">\n\t\t\t\t\t\tLazy Susan-Schubladen bestehen aus robusten Materialien und Mechanismen, die eine langlebige Leistung gew\u00e4hrleisten.\t\t\t\t\t<\/p>\n\t\t\t\t\n\t\t\t<\/div>\n\t\t\t\n\t\t<\/div>\n\t\t\t\t\t\t<\/div>\n\t\t\t\t<\/div>\n\t\t\t\t<\/div>\n\t\t<div class=\"elementor-element elementor-element-14a735b4 e-con-full e-flex e-con e-child\" data-id=\"14a735b4\" data-element_type=\"container\">\n\t\t\t\t<div class=\"elementor-element elementor-element-2410322f elementor-widget elementor-widget-icon-box\" data-id=\"2410322f\" data-element_type=\"widget\" data-widget_type=\"icon-box.default\">\n\t\t\t\t<div class=\"elementor-widget-container\">\n\t\t\t\t\t\t\t<div class=\"elementor-icon-box-wrapper\">\n\n\t\t\t\n\t\t\t\t\t\t<div class=\"elementor-icon-box-content\">\n\n\t\t\t\t\t\t\t\t\t<h3 class=\"elementor-icon-box-title\">\n\t\t\t\t\t\t<span  >\n\t\t\t\t\t\t\tLanglebigkeit\t\t\t\t\t\t<\/span>\n\t\t\t\t\t<\/h3>\n\t\t\t\t\n\t\t\t\t\t\t\t\t\t<p class=\"elementor-icon-box-description\">\n\t\t\t\t\t\tLeicht zu reinigende Oberfl\u00e4chen, hochwertige Materialien in Kombination mit langlebigen Komponenten haben eine lange Lebensdauer.\t\t\t\t\t<\/p>\n\t\t\t\t\n\t\t\t<\/div>\n\t\t\t\n\t\t<\/div>\n\t\t\t\t\t\t<\/div>\n\t\t\t\t<\/div>\n\t\t\t\t<\/div>\n\t\t\t\t<\/div>\n\t\t\t\t\t<\/div>\n\t\t\t\t<\/div>\n\t\t<div class=\"elementor-element elementor-element-7a440f78 e-flex e-con-boxed e-con e-parent\" data-id=\"7a440f78\" data-element_type=\"container\" data-settings=\"{&quot;background_background&quot;:&quot;classic&quot;}\">\n\t\t\t\t\t<div class=\"e-con-inner\">\n\t\t\t\t<div class=\"elementor-element elementor-element-1bb1008 elementor-widget__width-initial elementor-widget-tablet__width-inherit elementor-widget elementor-widget-image\" data-id=\"1bb1008\" data-element_type=\"widget\" data-widget_type=\"image.default\">\n\t\t\t\t<div class=\"elementor-widget-container\">\n\t\t\t\t\t\t\t\t\t\t\t\t\t\t\t<img fetchpriority=\"high\" decoding=\"async\" width=\"575\" height=\"715\" src=\"https:\/\/www.ajflyinghome.com\/wp-content\/uploads\/2024\/11\/Custom-Material.webp\" class=\"attachment-large size-large wp-image-2788\" alt=\"\" title=\"\">\t\t\t\t\t\t\t\t\t\t\t\t\t\t\t<\/div>\n\t\t\t\t<\/div>\n\t\t<div class=\"elementor-element elementor-element-3af6af66 e-con-full e-flex e-con e-child\" data-id=\"3af6af66\" data-element_type=\"container\">\n\t\t\t\t<div class=\"elementor-element elementor-element-17dd7465 elementor-widget elementor-widget-heading\" data-id=\"17dd7465\" data-element_type=\"widget\" data-widget_type=\"heading.default\">\n\t\t\t\t<div class=\"elementor-widget-container\">\n\t\t\t\t\t<h2 class=\"elementor-heading-title elementor-size-default\">Ma\u00dfgeschneidertes Material<\/h2>\t\t\t\t<\/div>\n\t\t\t\t<\/div>\n\t\t\t\t<div class=\"elementor-element elementor-element-7df7d8eb elementor-widget elementor-widget-text-editor\" data-id=\"7df7d8eb\" data-element_type=\"widget\" data-widget_type=\"text-editor.default\">\n\t\t\t\t<div class=\"elementor-widget-container\">\n\t\t\t\t\t\t\t\t\t<p>AJ Flying bietet eine Vielzahl von Materialien, um Ihren Lazy Susan-Schrank individuell anzupassen. Wir verwenden eine Verbindungskonstruktion, um professionelle und funktionale Schr\u00e4nke zu gestalten. F\u00fcr verschiedene Teile des Schranks w\u00e4hlen wir unterschiedliche Materialien. Sie k\u00f6nnen je nach Bedarf Ihr bevorzugtes Material ausw\u00e4hlen.<\/p><ul><li>Schrankk\u00f6rper: Massivholz, Sperrholz, <a href=\"https:\/\/www.ajflyinghome.com\/de\/mdf-kitchen-cabinet\/\">MDF<\/a>\u2026\u2026<\/li><li>Lazy Susan: Kunststoff, Holz, Metall Stahl, Bandholz\u2026\u2026<\/li><li>Drehmechanismus: Metall, Kunststoff\u2026\u2026<\/li><li>T\u00fcren: Massivholz, MDF, Glaspaneele\u2026\u2026<\/li><\/ul>\t\t\t\t\t\t\t\t<\/div>\n\t\t\t\t<\/div>\n\t\t\t\t<div class=\"elementor-element elementor-element-6bd7b48b elementor-tablet-align-center popmake-1598 elementor-widget elementor-widget-button\" data-id=\"6bd7b48b\" data-element_type=\"widget\" data-widget_type=\"button.default\">\n\t\t\t\t<div class=\"elementor-widget-container\">\n\t\t\t\t\t\t\t\t\t<div class=\"elementor-button-wrapper\">\n\t\t\t\t\t<a class=\"elementor-button elementor-size-sm\" role=\"button\">\n\t\t\t\t\t\t<span class=\"elementor-button-content-wrapper\">\n\t\t\t\t\t\t\t\t\t<span class=\"elementor-button-text\">Angebot anfordern<\/span>\n\t\t\t\t\t<\/span>\n\t\t\t\t\t<\/a>\n\t\t\t\t<\/div>\n\t\t\t\t\t\t\t\t<\/div>\n\t\t\t\t<\/div>\n\t\t\t\t<\/div>\n\t\t\t\t\t<\/div>\n\t\t\t\t<\/div>\n\t\t<div class=\"elementor-element elementor-element-4b992fa2 e-flex e-con-boxed e-con e-parent\" data-id=\"4b992fa2\" data-element_type=\"container\" data-settings=\"{&quot;background_background&quot;:&quot;classic&quot;}\">\n\t\t\t\t\t<div class=\"e-con-inner\">\n\t\t<div class=\"elementor-element elementor-element-1e5e226a e-con-full e-flex e-con e-child\" data-id=\"1e5e226a\" data-element_type=\"container\">\n\t\t\t\t<div class=\"elementor-element elementor-element-7ad854c4 elementor-widget elementor-widget-heading\" data-id=\"7ad854c4\" data-element_type=\"widget\" data-widget_type=\"heading.default\">\n\t\t\t\t<div class=\"elementor-widget-container\">\n\t\t\t\t\t<h2 class=\"elementor-heading-title elementor-size-default\">Benutzerdefinierte Gr\u00f6\u00dfe<\/h2>\t\t\t\t<\/div>\n\t\t\t\t<\/div>\n\t\t\t\t<div class=\"elementor-element elementor-element-5b140a92 elementor-widget elementor-widget-text-editor\" data-id=\"5b140a92\" data-element_type=\"widget\" data-widget_type=\"text-editor.default\">\n\t\t\t\t<div class=\"elementor-widget-container\">\n\t\t\t\t\t\t\t\t\t<p>AJ Flying passt die Gr\u00f6\u00dfe Ihres Lazy Susan-Schranks entsprechend Ihrer K\u00fcchenanordnung an. Wir verf\u00fcgen \u00fcber hochpr\u00e4zise CNC-Ger\u00e4te wie CNC, um Ihren Lazy Susan-Schrank genau zuzuschneiden. Unsere professionelle Schneidetechnologie kann Millimeter- oder sogar Mikrometer-genaue Ergebnisse erzielen, geeignet f\u00fcr individuelle Bed\u00fcrfnisse verschiedener Gr\u00f6\u00dfen, wie 16\u2033, 18\u2033, 24\u2033, 28\u2033, 30\u2033, 32\u2033, 36\u2033 usw. Wir k\u00f6nnen auch Ihre Anforderungen an komplexe oder spezielle Gr\u00f6\u00dfenanpassungen erf\u00fcllen.<\/p>\t\t\t\t\t\t\t\t<\/div>\n\t\t\t\t<\/div>\n\t\t\t\t<div class=\"elementor-element elementor-element-428ded5b elementor-tablet-align-center popmake-1598 elementor-widget elementor-widget-button\" data-id=\"428ded5b\" data-element_type=\"widget\" data-widget_type=\"button.default\">\n\t\t\t\t<div class=\"elementor-widget-container\">\n\t\t\t\t\t\t\t\t\t<div class=\"elementor-button-wrapper\">\n\t\t\t\t\t<a class=\"elementor-button elementor-size-sm\" role=\"button\">\n\t\t\t\t\t\t<span class=\"elementor-button-content-wrapper\">\n\t\t\t\t\t\t\t\t\t<span class=\"elementor-button-text\">Anfrage jetzt<\/span>\n\t\t\t\t\t<\/span>\n\t\t\t\t\t<\/a>\n\t\t\t\t<\/div>\n\t\t\t\t\t\t\t\t<\/div>\n\t\t\t\t<\/div>\n\t\t\t\t<\/div>\n\t\t<div class=\"elementor-element elementor-element-15adad9e e-con-full e-flex e-con e-child\" data-id=\"15adad9e\" data-element_type=\"container\">\n\t\t\t\t<div class=\"elementor-element elementor-element-3c6f74cc elementor-widget elementor-widget-image\" data-id=\"3c6f74cc\" data-element_type=\"widget\" data-widget_type=\"image.default\">\n\t\t\t\t<div class=\"elementor-widget-container\">\n\t\t\t\t\t\t\t\t\t\t\t\t\t\t\t<img decoding=\"async\" width=\"515\" height=\"470\" src=\"https:\/\/www.ajflyinghome.com\/wp-content\/uploads\/2024\/11\/Custom-Size.webp\" class=\"attachment-large size-large wp-image-2789\" alt=\"Benutzerdefinierte Gr\u00f6\u00dfe\" title=\"\">\t\t\t\t\t\t\t\t\t\t\t\t\t\t\t<\/div>\n\t\t\t\t<\/div>\n\t\t\t\t<\/div>\n\t\t\t\t\t<\/div>\n\t\t\t\t<\/div>\n\t\t<div class=\"elementor-element elementor-element-72ae88aa e-flex e-con-boxed e-con e-parent\" data-id=\"72ae88aa\" data-element_type=\"container\" data-settings=\"{&quot;background_background&quot;:&quot;classic&quot;}\">\n\t\t\t\t\t<div class=\"e-con-inner\">\n\t\t\t\t<div class=\"elementor-element elementor-element-35927955 elementor-widget__width-initial elementor-widget-tablet__width-inherit elementor-widget elementor-widget-image\" data-id=\"35927955\" data-element_type=\"widget\" data-widget_type=\"image.default\">\n\t\t\t\t<div class=\"elementor-widget-container\">\n\t\t\t\t\t\t\t\t\t\t\t\t\t\t\t<img decoding=\"async\" width=\"580\" height=\"715\" src=\"https:\/\/www.ajflyinghome.com\/wp-content\/uploads\/2024\/11\/Shape-Design.webp\" class=\"attachment-large size-large wp-image-2790\" alt=\"\" title=\"\">\t\t\t\t\t\t\t\t\t\t\t\t\t\t\t<\/div>\n\t\t\t\t<\/div>\n\t\t<div class=\"elementor-element elementor-element-4a4b036d e-con-full e-flex e-con e-child\" data-id=\"4a4b036d\" data-element_type=\"container\">\n\t\t\t\t<div class=\"elementor-element elementor-element-2e93f92e elementor-widget elementor-widget-heading\" data-id=\"2e93f92e\" data-element_type=\"widget\" data-widget_type=\"heading.default\">\n\t\t\t\t<div class=\"elementor-widget-container\">\n\t\t\t\t\t<h2 class=\"elementor-heading-title elementor-size-default\">Formdesign<\/h2>\t\t\t\t<\/div>\n\t\t\t\t<\/div>\n\t\t\t\t<div class=\"elementor-element elementor-element-31591e4b elementor-widget elementor-widget-text-editor\" data-id=\"31591e4b\" data-element_type=\"widget\" data-widget_type=\"text-editor.default\">\n\t\t\t\t<div class=\"elementor-widget-container\">\n\t\t\t\t\t\t\t\t\t<p>AJ Flying verf\u00fcgt \u00fcber professionelle Designtechnologie und kann die Form von Lazy Susan-Schr\u00e4nken entsprechend Ihren Bed\u00fcrfnissen anpassen. Wir verwenden professionelle Designsoftware (wie AutoCAD, SolidWorks), um Produktmodelle beliebiger Formen zu entwerfen und das Design nahtlos in die Produktionsphase zu \u00fcbertragen. Im Folgenden sind einige Stile aufgef\u00fchrt, die wir h\u00e4ufig herstellen. Wenn Sie andere Designanforderungen haben, k\u00f6nnen Sie unser Anpassungsteam kontaktieren.\u200e<\/p><ul><li>Nierenform<\/li><li>Torten-Schnitt<\/li><li>Form<\/li><li>Halbmond<\/li><\/ul>\t\t\t\t\t\t\t\t<\/div>\n\t\t\t\t<\/div>\n\t\t\t\t<div class=\"elementor-element elementor-element-64fdee14 elementor-tablet-align-center popmake-1598 elementor-widget elementor-widget-button\" data-id=\"64fdee14\" data-element_type=\"widget\" data-widget_type=\"button.default\">\n\t\t\t\t<div class=\"elementor-widget-container\">\n\t\t\t\t\t\t\t\t\t<div class=\"elementor-button-wrapper\">\n\t\t\t\t\t<a class=\"elementor-button elementor-size-sm\" role=\"button\">\n\t\t\t\t\t\t<span class=\"elementor-button-content-wrapper\">\n\t\t\t\t\t\t\t\t\t<span class=\"elementor-button-text\">Angebot anfordern<\/span>\n\t\t\t\t\t<\/span>\n\t\t\t\t\t<\/a>\n\t\t\t\t<\/div>\n\t\t\t\t\t\t\t\t<\/div>\n\t\t\t\t<\/div>\n\t\t\t\t<\/div>\n\t\t\t\t\t<\/div>\n\t\t\t\t<\/div>\n\t\t<div class=\"elementor-element elementor-element-417430d2 e-flex e-con-boxed e-con e-parent\" data-id=\"417430d2\" data-element_type=\"container\" data-settings=\"{&quot;background_background&quot;:&quot;classic&quot;}\">\n\t\t\t\t\t<div class=\"e-con-inner\">\n\t\t<div class=\"elementor-element elementor-element-7ad753de e-flex e-con-boxed e-con e-child\" data-id=\"7ad753de\" data-element_type=\"container\" data-settings=\"{&quot;background_background&quot;:&quot;classic&quot;}\">\n\t\t\t\t\t<div class=\"e-con-inner\">\n\t\t<div class=\"elementor-element elementor-element-467c9e e-con-full e-flex e-con e-child\" data-id=\"467c9e\" data-element_type=\"container\" data-settings=\"{&quot;background_background&quot;:&quot;classic&quot;}\">\n\t\t\t\t<div class=\"elementor-element elementor-element-784eb7c2 elementor-widget elementor-widget-heading\" data-id=\"784eb7c2\" data-element_type=\"widget\" data-widget_type=\"heading.default\">\n\t\t\t\t<div class=\"elementor-widget-container\">\n\t\t\t\t\t<h2 class=\"elementor-heading-title elementor-size-default\">\nFarbe &amp; Oberfl\u00e4che<\/h2>\t\t\t\t<\/div>\n\t\t\t\t<\/div>\n\t\t\t\t<div class=\"elementor-element elementor-element-690db197 elementor-widget elementor-widget-text-editor\" data-id=\"690db197\" data-element_type=\"widget\" data-widget_type=\"text-editor.default\">\n\t\t\t\t<div class=\"elementor-widget-container\">\n\t\t\t\t\t\t\t\t\t<p>\u00a0<\/p><p>Das Farbabstimmungssystem und das Farbabstimmungsteam von AJ Flying k\u00f6nnen eine Reihe von Farbdesigns realisieren, wie neutrale Farben wie Wei\u00df, Creme oder Taubengrau, Dunkelgrau oder Graphit, Schwarz, Dunkelbraun oder Espresso usw. Au\u00dferdem beherrschen wir fortschrittliche Oberfl\u00e4chenbehandlungstechnologien wie Lackierung, Holzoberfl\u00e4che, <a href=\"https:\/\/www.ajflyinghome.com\/de\/laminate-kitchen-cabinets\/\">Laminatoberfl\u00e4che<\/a>, Furnieroberfl\u00e4che usw., um Ihre vielf\u00e4ltigen Farbverarbeitungsarten zu erf\u00fcllen und die Stabilit\u00e4t sowie die Anpassungsf\u00e4higkeit der Lazy Susan Schrankfarbe zu gew\u00e4hrleisten.<\/p>\t\t\t\t\t\t\t\t<\/div>\n\t\t\t\t<\/div>\n\t\t\t\t<div class=\"elementor-element elementor-element-227c337a elementor-tablet-align-justify elementor-align-justify popmake-1598 elementor-widget elementor-widget-button\" data-id=\"227c337a\" data-element_type=\"widget\" data-widget_type=\"button.default\">\n\t\t\t\t<div class=\"elementor-widget-container\">\n\t\t\t\t\t\t\t\t\t<div class=\"elementor-button-wrapper\">\n\t\t\t\t\t<a class=\"elementor-button elementor-size-sm\" role=\"button\">\n\t\t\t\t\t\t<span class=\"elementor-button-content-wrapper\">\n\t\t\t\t\t\t\t\t\t<span class=\"elementor-button-text\">Frage nach Design<\/span>\n\t\t\t\t\t<\/span>\n\t\t\t\t\t<\/a>\n\t\t\t\t<\/div>\n\t\t\t\t\t\t\t\t<\/div>\n\t\t\t\t<\/div>\n\t\t\t\t<\/div>\n\t\t\t\t\t<\/div>\n\t\t\t\t<\/div>\n\t\t\t\t\t<\/div>\n\t\t\t\t<\/div>\n\t\t\t\t<\/div>","protected":false},"excerpt":{"rendered":"<p>AJ Flying ist ein professioneller Hersteller von Lazy Susan Schr\u00e4nken in Deutschland. Wir bieten ma\u00dfgeschneiderte Dienstleistungen zur Herstellung von Lazy Susan Schr\u00e4nken f\u00fcr Ihre K\u00fcche an, um Gew\u00fcrze, Konserven, verpackte Lebensmittel und sogar kleine Ger\u00e4te zu lagern und hochwertige Tiefenlagerbereiche zu schaffen, die Ihren Lagerbedarf erf\u00fcllen. Erfahren Sie mehr AJ Flying-Lazy [\u2026]<\/p>","protected":false},"author":2,"featured_media":3180,"parent":0,"menu_order":0,"comment_status":"closed","ping_status":"closed","template":"elementor_header_footer","meta":{"_acf_changed":false,"footnotes":""},"class_list":["post-2736","page","type-page","status-publish","has-post-thumbnail","hentry"],"blocksy_meta":[],"acf":[],"_links":{"self":[{"href":"https:\/\/www.ajflyinghome.com\/de\/wp-json\/wp\/v2\/pages\/2736","targetHints":{"allow":["GET"]}}],"collection":[{"href":"https:\/\/www.ajflyinghome.com\/de\/wp-json\/wp\/v2\/pages"}],"about":[{"href":"https:\/\/www.ajflyinghome.com\/de\/wp-json\/wp\/v2\/types\/page"}],"author":[{"embeddable":true,"href":"https:\/\/www.ajflyinghome.com\/de\/wp-json\/wp\/v2\/users\/2"}],"replies":[{"embeddable":true,"href":"https:\/\/www.ajflyinghome.com\/de\/wp-json\/wp\/v2\/comments?post=2736"}],"version-history":[{"count":0,"href":"https:\/\/www.ajflyinghome.com\/de\/wp-json\/wp\/v2\/pages\/2736\/revisions"}],"wp:featuredmedia":[{"embeddable":true,"href":"https:\/\/www.ajflyinghome.com\/de\/wp-json\/wp\/v2\/media\/3180"}],"wp:attachment":[{"href":"https:\/\/www.ajflyinghome.com\/de\/wp-json\/wp\/v2\/media?parent=2736"}],"curies":[{"name":"wp","href":"https:\/\/api.w.org\/{rel}","templated":true}]}}