{"id":2797,"date":"2024-12-02T17:14:08","date_gmt":"2024-12-02T09:14:08","guid":{"rendered":"https:\/\/www.ajflyinghome.com\/?page_id=2797"},"modified":"2025-06-09T10:34:13","modified_gmt":"2025-06-09T02:34:13","slug":"shallow-kitchen-cabinets","status":"publish","type":"page","link":"https:\/\/www.ajflyinghome.com\/de\/shallow-kitchen-cabinets\/","title":{"rendered":"China Flache K\u00fcchenschr\u00e4nke Lieferant"},"content":{"rendered":"<div data-elementor-type=\"wp-page\" data-elementor-id=\"2797\" class=\"elementor elementor-2797\">\n\t\t\t\t<div class=\"elementor-element elementor-element-59665e5a e-flex e-con-boxed e-con e-parent\" data-id=\"59665e5a\" data-element_type=\"container\" data-settings=\"{&quot;background_background&quot;:&quot;classic&quot;}\">\n\t\t\t\t\t<div class=\"e-con-inner\">\n\t\t<div class=\"elementor-element elementor-element-66f4c432 e-con-full e-flex e-con e-child\" data-id=\"66f4c432\" data-element_type=\"container\" data-settings=\"{&quot;background_background&quot;:&quot;classic&quot;}\">\n\t\t\t\t<div class=\"elementor-element elementor-element-25d4f44d elementor-widget elementor-widget-heading\" data-id=\"25d4f44d\" data-element_type=\"widget\" data-widget_type=\"heading.default\">\n\t\t\t\t<div class=\"elementor-widget-container\">\n\t\t\t\t\t<h2 class=\"elementor-heading-title elementor-size-default\">China Flache K\u00fcchenschrankhersteller<\/h2>\t\t\t\t<\/div>\n\t\t\t\t<\/div>\n\t\t\t\t<div class=\"elementor-element elementor-element-5ebf7476 elementor-widget elementor-widget-text-editor\" data-id=\"5ebf7476\" data-element_type=\"widget\" data-widget_type=\"text-editor.default\">\n\t\t\t\t<div class=\"elementor-widget-container\">\n\t\t\t\t\t\t\t\t\t<p>AJ Flying produziert verk\u00fcrzte Schr\u00e4nke f\u00fcr begrenzten K\u00fcchenraum, sie k\u00f6nnen in verschiedenen Materialien, Gr\u00f6\u00dfen, Farben und Stilen angepasst werden. Au\u00dferdem entsprechen unsere Schr\u00e4nke den Standards ANSI A161.1 und IOS 7170 mit St\u00e4rke und Haltbarkeit.<\/p>\t\t\t\t\t\t\t\t<\/div>\n\t\t\t\t<\/div>\n\t\t\t\t<div class=\"elementor-element elementor-element-4e8cf225 elementor-tablet-align-center popmake-1598 elementor-widget elementor-widget-button\" data-id=\"4e8cf225\" data-element_type=\"widget\" data-widget_type=\"button.default\">\n\t\t\t\t<div class=\"elementor-widget-container\">\n\t\t\t\t\t\t\t\t\t<div class=\"elementor-button-wrapper\">\n\t\t\t\t\t<a class=\"elementor-button elementor-size-sm\" role=\"button\">\n\t\t\t\t\t\t<span class=\"elementor-button-content-wrapper\">\n\t\t\t\t\t\t\t\t\t<span class=\"elementor-button-text\">Anfrage jetzt<\/span>\n\t\t\t\t\t<\/span>\n\t\t\t\t\t<\/a>\n\t\t\t\t<\/div>\n\t\t\t\t\t\t\t\t<\/div>\n\t\t\t\t<\/div>\n\t\t\t\t<\/div>\n\t\t\t\t\t<\/div>\n\t\t\t\t<\/div>\n\t\t<div class=\"elementor-element elementor-element-18e027d7 e-flex e-con-boxed e-con e-parent\" data-id=\"18e027d7\" data-element_type=\"container\">\n\t\t\t\t\t<div class=\"e-con-inner\">\n\t\t\t\t<div class=\"elementor-element elementor-element-5827cef9 elementor-widget elementor-widget-heading\" data-id=\"5827cef9\" data-element_type=\"widget\" data-widget_type=\"heading.default\">\n\t\t\t\t<div class=\"elementor-widget-container\">\n\t\t\t\t\t<h2 class=\"elementor-heading-title elementor-size-default\">AJ Flying - Schr\u00e4nke mit reduzierter Tiefe f\u00fcr die K\u00fcche<\/h2>\t\t\t\t<\/div>\n\t\t\t\t<\/div>\n\t\t\t\t<div class=\"elementor-element elementor-element-15c2d44f elementor-widget elementor-widget-text-editor\" data-id=\"15c2d44f\" data-element_type=\"widget\" data-widget_type=\"text-editor.default\">\n\t\t\t\t<div class=\"elementor-widget-container\">\n\t\t\t\t\t\t\t\t\t<p>Flache K\u00fcchenschr\u00e4nke werden verwendet, um die K\u00fcche oder Flure zu verengen und eine glatte, nahtlose Oberfl\u00e4che zu schaffen, w\u00e4hrend normale Schr\u00e4nke zu sehr hervorstehen w\u00fcrden.\u00a0<\/p><p>Unsere schlanken K\u00fcchenschr\u00e4nke basieren auf ergonomischem Design, Sie k\u00f6nnen Gegenst\u00e4nde leicht erreichen, da sie nicht in tiefen Regalen verborgen sind. Au\u00dferdem ist der Schrank mit Schubladen und Ausz\u00fcgen ausgestattet, um die Nutzbarkeit zu maximieren.<\/p><p>AJ Flying bietet eine vollst\u00e4ndige Palette an ma\u00dfgeschneiderten Optionen, Sie k\u00f6nnen verschiedene Materialien w\u00e4hlen, um Schr\u00e4nke zu erstellen, wie <a href=\"https:\/\/www.ajflyinghome.com\/de\/mdf-kitchen-cabinet\/\">MDF<\/a>, Sperrholz, und <a href=\"https:\/\/www.ajflyinghome.com\/de\/melamine-kitchen-cabinet\/\">Melamin<\/a>, sie alle zuverl\u00e4ssige Pr\u00fcfungen auf Formaldehydemissionen bestehen, und langlebig sind, ohne Verformung oder Ausfall bei langfristiger Nutzung.<\/p><p>Egal, ob Sie die Funktionalit\u00e4t oder \u00c4sthetik anpassen m\u00f6chten, AJ Flying kann Ihre Bed\u00fcrfnisse erf\u00fcllen.<\/p>\t\t\t\t\t\t\t\t<\/div>\n\t\t\t\t<\/div>\n\t\t\t\t<div class=\"elementor-element elementor-element-15c913f7 elementor-tablet-align-center popmake-1598 elementor-align-left elementor-widget elementor-widget-button\" data-id=\"15c913f7\" data-element_type=\"widget\" data-widget_type=\"button.default\">\n\t\t\t\t<div class=\"elementor-widget-container\">\n\t\t\t\t\t\t\t\t\t<div class=\"elementor-button-wrapper\">\n\t\t\t\t\t<a class=\"elementor-button elementor-size-sm\" role=\"button\">\n\t\t\t\t\t\t<span class=\"elementor-button-content-wrapper\">\n\t\t\t\t\t\t\t\t\t<span class=\"elementor-button-text\">Anfrage senden<\/span>\n\t\t\t\t\t<\/span>\n\t\t\t\t\t<\/a>\n\t\t\t\t<\/div>\n\t\t\t\t\t\t\t\t<\/div>\n\t\t\t\t<\/div>\n\t\t\t\t\t<\/div>\n\t\t\t\t<\/div>\n\t\t<div class=\"elementor-element elementor-element-1c2a5953 e-flex e-con-boxed e-con e-parent\" data-id=\"1c2a5953\" data-element_type=\"container\" data-settings=\"{&quot;background_background&quot;:&quot;classic&quot;}\">\n\t\t\t\t\t<div class=\"e-con-inner\">\n\t\t\t\t<div class=\"elementor-element elementor-element-7f6ac6c4 elementor-widget__width-initial elementor-widget-tablet__width-inherit elementor-widget elementor-widget-image\" data-id=\"7f6ac6c4\" data-element_type=\"widget\" data-widget_type=\"image.default\">\n\t\t\t\t<div class=\"elementor-widget-container\">\n\t\t\t\t\t\t\t\t\t\t\t\t\t\t\t<img fetchpriority=\"high\" decoding=\"async\" width=\"575\" height=\"715\" src=\"https:\/\/www.ajflyinghome.com\/wp-content\/uploads\/2024\/12\/Durable-and-Reliable-Materials.webp\" class=\"attachment-large size-large wp-image-2826\" alt=\"Langlebige und Zuverl\u00e4ssige Materialien\" title=\"\">\t\t\t\t\t\t\t\t\t\t\t\t\t\t\t<\/div>\n\t\t\t\t<\/div>\n\t\t<div class=\"elementor-element elementor-element-3267b71 e-con-full e-flex e-con e-child\" data-id=\"3267b71\" data-element_type=\"container\">\n\t\t\t\t<div class=\"elementor-element elementor-element-6c0d24c elementor-widget elementor-widget-heading\" data-id=\"6c0d24c\" data-element_type=\"widget\" data-widget_type=\"heading.default\">\n\t\t\t\t<div class=\"elementor-widget-container\">\n\t\t\t\t\t<h2 class=\"elementor-heading-title elementor-size-default\">Langlebige und Zuverl\u00e4ssige Materialien<\/h2>\t\t\t\t<\/div>\n\t\t\t\t<\/div>\n\t\t\t\t<div class=\"elementor-element elementor-element-133e23aa elementor-widget elementor-widget-text-editor\" data-id=\"133e23aa\" data-element_type=\"widget\" data-widget_type=\"text-editor.default\">\n\t\t\t\t<div class=\"elementor-widget-container\">\n\t\t\t\t\t\t\t\t\t<p>Flache K\u00fcchenschr\u00e4nke bestehen aus preisg\u00fcnstigen, technischen Holzplatten wie Spanplatten, mitteldichte Faserplatten und Sperrholz. Wir bieten eine standardm\u00e4\u00dfige 16mm wirtschaftliche Wahl an, und Sie k\u00f6nnen eine dickere 18mm Platte w\u00e4hlen, um die Tragf\u00e4higkeit des Schranks f\u00fcr h\u00e4ufige und schwere Belastungen zu verbessern.<\/p><p>Die Kante der Platte wurde mit 1mm Aquadichtungen behandelt, die die Feuchtigkeits- und Wasserdurchdringungsbest\u00e4ndigkeit Ihrer flachen K\u00fcchenschr\u00e4nke verbessern k\u00f6nnen. Dies vermeidet nicht nur Aufquellen, Verziehen oder Verschlechterung, sondern reduziert auch das Risiko von Splittern oder Rauheit und verleiht Ihren Schr\u00e4nken ein nahtloses Aussehen.<\/p>\t\t\t\t\t\t\t\t<\/div>\n\t\t\t\t<\/div>\n\t\t\t\t<div class=\"elementor-element elementor-element-32510606 elementor-tablet-align-center popmake-1598 elementor-widget elementor-widget-button\" data-id=\"32510606\" data-element_type=\"widget\" data-widget_type=\"button.default\">\n\t\t\t\t<div class=\"elementor-widget-container\">\n\t\t\t\t\t\t\t\t\t<div class=\"elementor-button-wrapper\">\n\t\t\t\t\t<a class=\"elementor-button elementor-size-sm\" role=\"button\">\n\t\t\t\t\t\t<span class=\"elementor-button-content-wrapper\">\n\t\t\t\t\t\t\t\t\t<span class=\"elementor-button-text\">Angebot anfordern<\/span>\n\t\t\t\t\t<\/span>\n\t\t\t\t\t<\/a>\n\t\t\t\t<\/div>\n\t\t\t\t\t\t\t\t<\/div>\n\t\t\t\t<\/div>\n\t\t\t\t<\/div>\n\t\t\t\t\t<\/div>\n\t\t\t\t<\/div>\n\t\t<div class=\"elementor-element elementor-element-581e3c8b e-flex e-con-boxed e-con e-parent\" data-id=\"581e3c8b\" data-element_type=\"container\" data-settings=\"{&quot;background_background&quot;:&quot;classic&quot;}\">\n\t\t\t\t\t<div class=\"e-con-inner\">\n\t\t<div class=\"elementor-element elementor-element-2efa1d7f e-con-full e-flex e-con e-child\" data-id=\"2efa1d7f\" data-element_type=\"container\">\n\t\t\t\t<div class=\"elementor-element elementor-element-5be4f554 elementor-widget elementor-widget-heading\" data-id=\"5be4f554\" data-element_type=\"widget\" data-widget_type=\"heading.default\">\n\t\t\t\t<div class=\"elementor-widget-container\">\n\t\t\t\t\t<h2 class=\"elementor-heading-title elementor-size-default\">Oberfl\u00e4chen- und Farboption<\/h2>\t\t\t\t<\/div>\n\t\t\t\t<\/div>\n\t\t\t\t<div class=\"elementor-element elementor-element-71daf78c elementor-widget elementor-widget-text-editor\" data-id=\"71daf78c\" data-element_type=\"widget\" data-widget_type=\"text-editor.default\">\n\t\t\t\t<div class=\"elementor-widget-container\">\n\t\t\t\t\t\t\t\t\t<p>Unsere flachen K\u00fcchenschr\u00e4nke k\u00f6nnen mit Melamin behandelt werden, um eine langlebige, attraktive und funktionale Oberfl\u00e4che zu schaffen. Es kann die Oberfl\u00e4che Ihres Schranks glatt, langlebig und resistent gegen Kratzer, Flecken und Feuchtigkeit machen, was die Lebensdauer des Schranks verbessert. Ihre Schr\u00e4nke k\u00f6nnen in <a href=\"https:\/\/www.ajflyinghome.com\/de\/kitchen-cabinet-color-trends\/\">einer Vielzahl von Farben angepasst werden<\/a>, Muster und Texturen, einschlie\u00dflich realistischer Holzmaserungen, Steinstrukturen und einfarbiger Farben.<\/p><p>AJ Flying kann Acryl verwenden, um eine spiegel\u00e4hnliche reflektierende Oberfl\u00e4che zu formen, um die Helligkeit zu erh\u00f6hen und ein luxuri\u00f6ses Erscheinungsbild Ihrer Schr\u00e4nke zu verleihen, sie k\u00f6nnen dem Verblassen oder Verf\u00e4rben bei Sonneneinstrahlung widerstehen.<\/p>\t\t\t\t\t\t\t\t<\/div>\n\t\t\t\t<\/div>\n\t\t\t\t<div class=\"elementor-element elementor-element-1891959a elementor-tablet-align-center popmake-1598 elementor-widget elementor-widget-button\" data-id=\"1891959a\" data-element_type=\"widget\" data-widget_type=\"button.default\">\n\t\t\t\t<div class=\"elementor-widget-container\">\n\t\t\t\t\t\t\t\t\t<div class=\"elementor-button-wrapper\">\n\t\t\t\t\t<a class=\"elementor-button elementor-size-sm\" role=\"button\">\n\t\t\t\t\t\t<span class=\"elementor-button-content-wrapper\">\n\t\t\t\t\t\t\t\t\t<span class=\"elementor-button-text\">Anfrage jetzt<\/span>\n\t\t\t\t\t<\/span>\n\t\t\t\t\t<\/a>\n\t\t\t\t<\/div>\n\t\t\t\t\t\t\t\t<\/div>\n\t\t\t\t<\/div>\n\t\t\t\t<\/div>\n\t\t<div class=\"elementor-element elementor-element-592431c5 e-con-full e-flex e-con e-child\" data-id=\"592431c5\" data-element_type=\"container\">\n\t\t\t\t<div class=\"elementor-element elementor-element-52632c9 elementor-widget elementor-widget-image\" data-id=\"52632c9\" data-element_type=\"widget\" data-widget_type=\"image.default\">\n\t\t\t\t<div class=\"elementor-widget-container\">\n\t\t\t\t\t\t\t\t\t\t\t\t\t\t\t<img decoding=\"async\" width=\"515\" height=\"620\" src=\"https:\/\/www.ajflyinghome.com\/wp-content\/uploads\/2024\/12\/Surface-and-Color-Option.webp\" class=\"attachment-large size-large wp-image-2827\" alt=\"Oberfl\u00e4chen- und Farboption\" title=\"\">\t\t\t\t\t\t\t\t\t\t\t\t\t\t\t<\/div>\n\t\t\t\t<\/div>\n\t\t\t\t<\/div>\n\t\t\t\t\t<\/div>\n\t\t\t\t<\/div>\n\t\t<div class=\"elementor-element elementor-element-5db745a9 e-flex e-con-boxed e-con e-parent\" data-id=\"5db745a9\" data-element_type=\"container\" data-settings=\"{&quot;background_background&quot;:&quot;classic&quot;}\">\n\t\t\t\t\t<div class=\"e-con-inner\">\n\t\t<div class=\"elementor-element elementor-element-2870bb2a e-flex e-con-boxed e-con e-child\" data-id=\"2870bb2a\" data-element_type=\"container\" data-settings=\"{&quot;background_background&quot;:&quot;classic&quot;}\">\n\t\t\t\t\t<div class=\"e-con-inner\">\n\t\t<div class=\"elementor-element elementor-element-3a431307 e-con-full e-flex e-con e-child\" data-id=\"3a431307\" data-element_type=\"container\" data-settings=\"{&quot;background_background&quot;:&quot;classic&quot;}\">\n\t\t\t\t<div class=\"elementor-element elementor-element-f6177f5 elementor-widget elementor-widget-heading\" data-id=\"f6177f5\" data-element_type=\"widget\" data-widget_type=\"heading.default\">\n\t\t\t\t<div class=\"elementor-widget-container\">\n\t\t\t\t\t<h2 class=\"elementor-heading-title elementor-size-default\">Flacher Schrankanwendung<\/h2>\t\t\t\t<\/div>\n\t\t\t\t<\/div>\n\t\t\t\t<div class=\"elementor-element elementor-element-77e171db elementor-widget elementor-widget-text-editor\" data-id=\"77e171db\" data-element_type=\"widget\" data-widget_type=\"text-editor.default\">\n\t\t\t\t<div class=\"elementor-widget-container\">\n\t\t\t\t\t\t\t\t\t<p>Flache Schr\u00e4nke sind eine vielseitige Aufbewahrungsl\u00f6sung f\u00fcr viele Anwendungen. Mit einer reduzierten Tiefe sind sie die perfekte Idee, um eine robuste Arbeitsplatte zu bieten, auf der Ger\u00e4te platziert werden k\u00f6nnen, und bieten ausreichend Platz f\u00fcr Gew\u00fcrze und Backzutaten, w\u00e4hrend Sie noch Platz zum Kochen und Passieren haben. Zus\u00e4tzlich k\u00f6nnen flache Schr\u00e4nke als wandmontiert verwendet oder auf der R\u00fcckseite von <a href=\"https:\/\/www.ajflyinghome.com\/de\/bespoke-kitchen-island\/\">K\u00fccheninseln<\/a> platziert werden, um zus\u00e4tzlichen Stauraum f\u00fcr nicht essentielle Gegenst\u00e4nde zu schaffen.<\/p>\t\t\t\t\t\t\t\t<\/div>\n\t\t\t\t<\/div>\n\t\t\t\t<div class=\"elementor-element elementor-element-5453276a elementor-tablet-align-justify elementor-align-justify popmake-1598 elementor-widget elementor-widget-button\" data-id=\"5453276a\" data-element_type=\"widget\" data-widget_type=\"button.default\">\n\t\t\t\t<div class=\"elementor-widget-container\">\n\t\t\t\t\t\t\t\t\t<div class=\"elementor-button-wrapper\">\n\t\t\t\t\t<a class=\"elementor-button elementor-size-sm\" role=\"button\">\n\t\t\t\t\t\t<span class=\"elementor-button-content-wrapper\">\n\t\t\t\t\t\t\t\t\t<span class=\"elementor-button-text\">Teilen Sie Ihre Ideen<\/span>\n\t\t\t\t\t<\/span>\n\t\t\t\t\t<\/a>\n\t\t\t\t<\/div>\n\t\t\t\t\t\t\t\t<\/div>\n\t\t\t\t<\/div>\n\t\t\t\t<\/div>\n\t\t\t\t\t<\/div>\n\t\t\t\t<\/div>\n\t\t\t\t\t<\/div>\n\t\t\t\t<\/div>\n\t\t<div class=\"elementor-element elementor-element-53fc681 e-flex e-con-boxed e-con e-parent\" data-id=\"53fc681\" data-element_type=\"container\">\n\t\t\t\t\t<div class=\"e-con-inner\">\n\t\t<div class=\"elementor-element elementor-element-48d05d3 e-con-full e-flex e-con e-child\" data-id=\"48d05d3\" data-element_type=\"container\">\n\t\t\t\t<div class=\"elementor-element elementor-element-ad1f71a elementor-widget elementor-widget-heading\" data-id=\"ad1f71a\" data-element_type=\"widget\" data-widget_type=\"heading.default\">\n\t\t\t\t<div class=\"elementor-widget-container\">\n\t\t\t\t\t<h2 class=\"elementor-heading-title elementor-size-default\">Ma\u00dfgeschneiderter Stauraum<\/h2>\t\t\t\t<\/div>\n\t\t\t\t<\/div>\n\t\t\t\t<div class=\"elementor-element elementor-element-003f076 elementor-widget elementor-widget-text-editor\" data-id=\"003f076\" data-element_type=\"widget\" data-widget_type=\"text-editor.default\">\n\t\t\t\t<div class=\"elementor-widget-container\">\n\t\t\t\t\t\t\t\t\t<p>Eine vern\u00fcnftige Anordnung von T\u00fcren und Schubladen macht den Stauraum von Schr\u00e4nken bequemer und nutzbarer.\u00a0 Sie k\u00f6nnen eine T\u00fcr eines flachen Schranks ohne zentrale Trennwand w\u00e4hlen, um gr\u00f6\u00dfere K\u00fcchenanwendungen zu lagern.\u00a0 Wir bieten 2 T\u00fcroptionen f\u00fcr Schr\u00e4nke mit einer Breite von \u00fcber 60 cm, ein symmetrisches Design, das traditionelle oder klassische K\u00fcchen erg\u00e4nzt.<\/p><p>Die verstellbaren Regale sind von AJ Flying erh\u00e4ltlich, um den inneren Raum effizient zu nutzen, indem ungenutzter Raum eliminiert wird, sodass jeder Zentimeter des Schranks genutzt wird.<\/p>\t\t\t\t\t\t\t\t<\/div>\n\t\t\t\t<\/div>\n\t\t\t\t<div class=\"elementor-element elementor-element-d0fa418 elementor-tablet-align-center popmake-1598 elementor-widget elementor-widget-button\" data-id=\"d0fa418\" data-element_type=\"widget\" data-widget_type=\"button.default\">\n\t\t\t\t<div class=\"elementor-widget-container\">\n\t\t\t\t\t\t\t\t\t<div class=\"elementor-button-wrapper\">\n\t\t\t\t\t<a class=\"elementor-button elementor-size-sm\" role=\"button\">\n\t\t\t\t\t\t<span class=\"elementor-button-content-wrapper\">\n\t\t\t\t\t\t\t\t\t<span class=\"elementor-button-text\">Anfrage jetzt<\/span>\n\t\t\t\t\t<\/span>\n\t\t\t\t\t<\/a>\n\t\t\t\t<\/div>\n\t\t\t\t\t\t\t\t<\/div>\n\t\t\t\t<\/div>\n\t\t\t\t<\/div>\n\t\t<div class=\"elementor-element elementor-element-af70796 e-con-full e-flex e-con e-child\" data-id=\"af70796\" data-element_type=\"container\">\n\t\t\t\t<div class=\"elementor-element elementor-element-e53cc33 elementor-widget elementor-widget-image\" data-id=\"e53cc33\" data-element_type=\"widget\" data-widget_type=\"image.default\">\n\t\t\t\t<div class=\"elementor-widget-container\">\n\t\t\t\t\t\t\t\t\t\t\t\t\t\t\t<img decoding=\"async\" width=\"550\" height=\"470\" src=\"https:\/\/www.ajflyinghome.com\/wp-content\/uploads\/2024\/12\/Bespoke-Storage-Space.webp\" class=\"attachment-large size-large wp-image-2829\" alt=\"Ma\u00dfgeschneiderter Stauraum\" title=\"\">\t\t\t\t\t\t\t\t\t\t\t\t\t\t\t<\/div>\n\t\t\t\t<\/div>\n\t\t\t\t<\/div>\n\t\t\t\t\t<\/div>\n\t\t\t\t<\/div>\n\t\t<div class=\"elementor-element elementor-element-ff13755 e-flex e-con-boxed e-con e-parent\" data-id=\"ff13755\" data-element_type=\"container\">\n\t\t\t\t\t<div class=\"e-con-inner\">\n\t\t<div class=\"elementor-element elementor-element-259b797 e-con-full e-flex e-con e-child\" data-id=\"259b797\" data-element_type=\"container\">\n\t\t\t\t<div class=\"elementor-element elementor-element-72217d4 elementor-widget elementor-widget-image\" data-id=\"72217d4\" data-element_type=\"widget\" data-widget_type=\"image.default\">\n\t\t\t\t<div class=\"elementor-widget-container\">\n\t\t\t\t\t\t\t\t\t\t\t\t\t\t\t<img loading=\"lazy\" decoding=\"async\" width=\"550\" height=\"470\" src=\"https:\/\/www.ajflyinghome.com\/wp-content\/uploads\/2024\/12\/Size-and-Pack-Format.webp\" class=\"attachment-large size-large wp-image-2830\" alt=\"\" title=\"\">\t\t\t\t\t\t\t\t\t\t\t\t\t\t\t<\/div>\n\t\t\t\t<\/div>\n\t\t\t\t<\/div>\n\t\t<div class=\"elementor-element elementor-element-b057d8d e-con-full e-flex e-con e-child\" data-id=\"b057d8d\" data-element_type=\"container\">\n\t\t\t\t<div class=\"elementor-element elementor-element-6496ff8 elementor-widget elementor-widget-heading\" data-id=\"6496ff8\" data-element_type=\"widget\" data-widget_type=\"heading.default\">\n\t\t\t\t<div class=\"elementor-widget-container\">\n\t\t\t\t\t<h2 class=\"elementor-heading-title elementor-size-default\">Gr\u00f6\u00dfe und Packformat<\/h2>\t\t\t\t<\/div>\n\t\t\t\t<\/div>\n\t\t\t\t<div class=\"elementor-element elementor-element-b4fd69b elementor-widget elementor-widget-text-editor\" data-id=\"b4fd69b\" data-element_type=\"widget\" data-widget_type=\"text-editor.default\">\n\t\t\t\t<div class=\"elementor-widget-container\">\n\t\t\t\t\t\t\t\t\t<p>Unsere Produktionslinie ist mit modernen CNC-Maschinen ausgestattet, um Ihnen Zuschnitt-zu-Gr\u00f6\u00dfe-Service anzubieten. Die Paneele werden genau nach Ihren Schrankanforderungen zugeschnitten, was Nachbearbeitung \u00fcberfl\u00fcssig macht. Dies verbessert die Kosteneffizienz durch Reduzierung von Abfall.<\/p><p>Auf diese Weise k\u00f6nnen Sie einen flachen, vorgefertigten Schrank w\u00e4hlen, der zugeschnitten und vorgebohrt wurde, was Ihnen viel Versandkosten spart, da sie in kleinem Volumen versendet werden. Wenn Sie es nicht selbst montieren m\u00f6chten, k\u00f6nnen wir es direkt in unserer Fabrik zusammenbauen, was Ihnen viel Zeit spart.<\/p>\t\t\t\t\t\t\t\t<\/div>\n\t\t\t\t<\/div>\n\t\t\t\t<div class=\"elementor-element elementor-element-bf13a25 elementor-tablet-align-center popmake-1598 elementor-widget elementor-widget-button\" data-id=\"bf13a25\" data-element_type=\"widget\" data-widget_type=\"button.default\">\n\t\t\t\t<div class=\"elementor-widget-container\">\n\t\t\t\t\t\t\t\t\t<div class=\"elementor-button-wrapper\">\n\t\t\t\t\t<a class=\"elementor-button elementor-size-sm\" role=\"button\">\n\t\t\t\t\t\t<span class=\"elementor-button-content-wrapper\">\n\t\t\t\t\t\t\t\t\t<span class=\"elementor-button-text\">Anfrage jetzt<\/span>\n\t\t\t\t\t<\/span>\n\t\t\t\t\t<\/a>\n\t\t\t\t<\/div>\n\t\t\t\t\t\t\t\t<\/div>\n\t\t\t\t<\/div>\n\t\t\t\t<\/div>\n\t\t\t\t\t<\/div>\n\t\t\t\t<\/div>\n\t\t\t\t<\/div>","protected":false},"excerpt":{"rendered":"<p>AJ Flying - Reduzierte Tiefe K\u00fcchenschr\u00e4nke\n\nFlache K\u00fcchenschr\u00e4nke werden verwendet, um den Raum zu maximieren [\u2026]<\/p>","protected":false},"author":1,"featured_media":3184,"parent":0,"menu_order":0,"comment_status":"closed","ping_status":"closed","template":"elementor_header_footer","meta":{"_acf_changed":false,"footnotes":""},"class_list":["post-2797","page","type-page","status-publish","has-post-thumbnail","hentry"],"blocksy_meta":[],"acf":[],"_links":{"self":[{"href":"https:\/\/www.ajflyinghome.com\/de\/wp-json\/wp\/v2\/pages\/2797","targetHints":{"allow":["GET"]}}],"collection":[{"href":"https:\/\/www.ajflyinghome.com\/de\/wp-json\/wp\/v2\/pages"}],"about":[{"href":"https:\/\/www.ajflyinghome.com\/de\/wp-json\/wp\/v2\/types\/page"}],"author":[{"embeddable":true,"href":"https:\/\/www.ajflyinghome.com\/de\/wp-json\/wp\/v2\/users\/1"}],"replies":[{"embeddable":true,"href":"https:\/\/www.ajflyinghome.com\/de\/wp-json\/wp\/v2\/comments?post=2797"}],"version-history":[{"count":0,"href":"https:\/\/www.ajflyinghome.com\/de\/wp-json\/wp\/v2\/pages\/2797\/revisions"}],"wp:featuredmedia":[{"embeddable":true,"href":"https:\/\/www.ajflyinghome.com\/de\/wp-json\/wp\/v2\/media\/3184"}],"wp:attachment":[{"href":"https:\/\/www.ajflyinghome.com\/de\/wp-json\/wp\/v2\/media?parent=2797"}],"curies":[{"name":"wp","href":"https:\/\/api.w.org\/{rel}","templated":true}]}}