{"id":2838,"date":"2024-12-05T14:17:51","date_gmt":"2024-12-05T06:17:51","guid":{"rendered":"https:\/\/www.ajflyinghome.com\/?page_id=2838"},"modified":"2025-06-09T10:33:22","modified_gmt":"2025-06-09T02:33:22","slug":"kitchen-sink-cabinet","status":"publish","type":"page","link":"https:\/\/www.ajflyinghome.com\/de\/kitchen-sink-cabinet\/","title":{"rendered":"China K\u00fcchenwaschbecken-Schranklieferant"},"content":{"rendered":"<div data-elementor-type=\"wp-page\" data-elementor-id=\"2838\" class=\"elementor elementor-2838\">\n\t\t\t\t<div class=\"elementor-element elementor-element-13101207 e-flex e-con-boxed e-con e-parent\" data-id=\"13101207\" data-element_type=\"container\" data-settings=\"{&quot;background_background&quot;:&quot;classic&quot;}\">\n\t\t\t\t\t<div class=\"e-con-inner\">\n\t\t<div class=\"elementor-element elementor-element-7b126ded e-con-full e-flex e-con e-child\" data-id=\"7b126ded\" data-element_type=\"container\" data-settings=\"{&quot;background_background&quot;:&quot;classic&quot;}\">\n\t\t\t\t<div class=\"elementor-element elementor-element-2248dfc7 elementor-widget elementor-widget-heading\" data-id=\"2248dfc7\" data-element_type=\"widget\" data-widget_type=\"heading.default\">\n\t\t\t\t<div class=\"elementor-widget-container\">\n\t\t\t\t\t<h2 class=\"elementor-heading-title elementor-size-default\">K\u00fcchensp\u00fcle Unterschrank<\/h2>\t\t\t\t<\/div>\n\t\t\t\t<\/div>\n\t\t\t\t<div class=\"elementor-element elementor-element-4edfdc67 elementor-widget elementor-widget-text-editor\" data-id=\"4edfdc67\" data-element_type=\"widget\" data-widget_type=\"text-editor.default\">\n\t\t\t\t<div class=\"elementor-widget-container\">\n\t\t\t\t\t\t\t\t\t<p>AJ Flying ist ein Hersteller von ma\u00dfgeschneiderten K\u00fcchensp\u00fclenunterschr\u00e4nken, die sich in Materialien, Gr\u00f6\u00dfen, Stilen, Farben und Stauraumfunktionen unterscheiden. Dies bietet Ihnen eine nahezu unbegrenzte Auswahl an K\u00fcchenwaschbecken-Designs und Stauraumm\u00f6glichkeiten.<\/p><p>Standards E1 und E0, die niedrigsten zul\u00e4ssigen Formaldehydemissionen.<\/p><p>Unterst\u00fctzung <a href=\"https:\/\/www.ajflyinghome.com\/de\/ready-to-assemble-kitchen-cabinets\/\">ready-to-assemble<\/a> und vollst\u00e4ndig montierte K\u00fcchensp\u00fclenunterschr\u00e4nke.<\/p>\t\t\t\t\t\t\t\t<\/div>\n\t\t\t\t<\/div>\n\t\t\t\t<div class=\"elementor-element elementor-element-3d3ed0f elementor-tablet-align-center popmake-1598 elementor-widget elementor-widget-button\" data-id=\"3d3ed0f\" data-element_type=\"widget\" data-widget_type=\"button.default\">\n\t\t\t\t<div class=\"elementor-widget-container\">\n\t\t\t\t\t\t\t\t\t<div class=\"elementor-button-wrapper\">\n\t\t\t\t\t<a class=\"elementor-button elementor-size-sm\" role=\"button\">\n\t\t\t\t\t\t<span class=\"elementor-button-content-wrapper\">\n\t\t\t\t\t\t\t\t\t<span class=\"elementor-button-text\">Erfahren Sie mehr<\/span>\n\t\t\t\t\t<\/span>\n\t\t\t\t\t<\/a>\n\t\t\t\t<\/div>\n\t\t\t\t\t\t\t\t<\/div>\n\t\t\t\t<\/div>\n\t\t\t\t<\/div>\n\t\t\t\t\t<\/div>\n\t\t\t\t<\/div>\n\t\t<div class=\"elementor-element elementor-element-361a14be e-flex e-con-boxed e-con e-parent\" data-id=\"361a14be\" data-element_type=\"container\">\n\t\t\t\t\t<div class=\"e-con-inner\">\n\t\t\t\t<div class=\"elementor-element elementor-element-67e81a77 elementor-widget elementor-widget-heading\" data-id=\"67e81a77\" data-element_type=\"widget\" data-widget_type=\"heading.default\">\n\t\t\t\t<div class=\"elementor-widget-container\">\n\t\t\t\t\t<h2 class=\"elementor-heading-title elementor-size-default\">Hersteller von K\u00fcchensp\u00fclenunterschr\u00e4nken<\/h2>\t\t\t\t<\/div>\n\t\t\t\t<\/div>\n\t\t\t\t<div class=\"elementor-element elementor-element-47a5cd1a elementor-widget elementor-widget-text-editor\" data-id=\"47a5cd1a\" data-element_type=\"widget\" data-widget_type=\"text-editor.default\">\n\t\t\t\t<div class=\"elementor-widget-container\">\n\t\t\t\t\t\t\t\t\t<p>Der K\u00fcchensp\u00fclenunterschrank ist so konstruiert, dass er das Waschbecken tr\u00e4gt und die Sanit\u00e4rinstallation beherbergt. Der Unterschrank ist nahtlos und intelligent in die umliegenden Schr\u00e4nke und Arbeitsplatten integriert, um die gesamte K\u00fcche zu \u00fcberblicken.<\/p><p>AJ Flying K\u00fcchensp\u00fclenunterschr\u00e4nke bestehen aus Spanplatten wie <a href=\"https:\/\/www.ajflyinghome.com\/de\/mdf-kitchen-cabinet\/\">MDF<\/a> und Sperrholz, sie sind mit einem <a href=\"https:\/\/www.ajflyinghome.com\/de\/laminate-kitchen-cabinets\/\">Laminat<\/a> Oberfl\u00e4chenfinish behandelt, um Feuchtigkeit zu widerstehen und Sch\u00e4den durch Wasserversch\u00fcttungen oder Lecks zu verhindern.<\/p><p>In jeder Gr\u00f6\u00dfe in H\u00f6he, Breite oder Tiefe nach den Anforderungen Ihrer K\u00fcchenanordnung und Lagerbed\u00fcrfnisse eingebaut. W\u00e4hlen Sie aus verschiedenen Typen wie rustikal, modern, Bauernhaus und anderen Sp\u00fclen und <a href=\"https:\/\/www.ajflyinghome.com\/de\/kitchen-countertop-height-and-depth\/\">verschiedene Abmessungen von Arbeitsplatten<\/a> um die spezifischen K\u00fcchenbed\u00fcrfnisse zu erf\u00fcllen.<\/p>\t\t\t\t\t\t\t\t<\/div>\n\t\t\t\t<\/div>\n\t\t\t\t<div class=\"elementor-element elementor-element-7181bb0c elementor-tablet-align-center popmake-1598 elementor-align-left elementor-widget elementor-widget-button\" data-id=\"7181bb0c\" data-element_type=\"widget\" data-widget_type=\"button.default\">\n\t\t\t\t<div class=\"elementor-widget-container\">\n\t\t\t\t\t\t\t\t\t<div class=\"elementor-button-wrapper\">\n\t\t\t\t\t<a class=\"elementor-button elementor-size-sm\" role=\"button\">\n\t\t\t\t\t\t<span class=\"elementor-button-content-wrapper\">\n\t\t\t\t\t\t\t\t\t<span class=\"elementor-button-text\">Anfrage senden<\/span>\n\t\t\t\t\t<\/span>\n\t\t\t\t\t<\/a>\n\t\t\t\t<\/div>\n\t\t\t\t\t\t\t\t<\/div>\n\t\t\t\t<\/div>\n\t\t\t\t\t<\/div>\n\t\t\t\t<\/div>\n\t\t<div class=\"elementor-element elementor-element-1715beb1 e-flex e-con-boxed e-con e-parent\" data-id=\"1715beb1\" data-element_type=\"container\" data-settings=\"{&quot;background_background&quot;:&quot;classic&quot;}\">\n\t\t\t\t\t<div class=\"e-con-inner\">\n\t\t\t\t<div class=\"elementor-element elementor-element-147d5565 elementor-widget__width-initial elementor-widget-tablet__width-inherit elementor-widget elementor-widget-image\" data-id=\"147d5565\" data-element_type=\"widget\" data-widget_type=\"image.default\">\n\t\t\t\t<div class=\"elementor-widget-container\">\n\t\t\t\t\t\t\t\t\t\t\t\t\t\t\t<img fetchpriority=\"high\" decoding=\"async\" width=\"575\" height=\"715\" src=\"https:\/\/www.ajflyinghome.com\/wp-content\/uploads\/2024\/12\/Cost-Effective-and-High-Quality-Material.webp\" class=\"attachment-large size-large wp-image-2862\" alt=\"Kosteneffizientes und hochwertiges Material\" title=\"\">\t\t\t\t\t\t\t\t\t\t\t\t\t\t\t<\/div>\n\t\t\t\t<\/div>\n\t\t<div class=\"elementor-element elementor-element-4e4eea2b e-con-full e-flex e-con e-child\" data-id=\"4e4eea2b\" data-element_type=\"container\">\n\t\t\t\t<div class=\"elementor-element elementor-element-276df8ab elementor-widget elementor-widget-heading\" data-id=\"276df8ab\" data-element_type=\"widget\" data-widget_type=\"heading.default\">\n\t\t\t\t<div class=\"elementor-widget-container\">\n\t\t\t\t\t<h2 class=\"elementor-heading-title elementor-size-default\">Kosteneffizientes und hochwertiges Material<\/h2>\t\t\t\t<\/div>\n\t\t\t\t<\/div>\n\t\t\t\t<div class=\"elementor-element elementor-element-161ffa81 elementor-widget elementor-widget-text-editor\" data-id=\"161ffa81\" data-element_type=\"widget\" data-widget_type=\"text-editor.default\">\n\t\t\t\t<div class=\"elementor-widget-container\">\n\t\t\t\t\t\t\t\t\t<p>Wir fertigen ihre Sp\u00fclenschr\u00e4nke individuell mit wasserfestem Sperrholz, Spanplatte oder MDF, damit sie den Strapazen des t\u00e4glichen Gebrauchs und der Feuchtigkeitsbelastung standhalten und dennoch \u00fcber einen langen Zeitraum gut funktionieren.<\/p><p>Dar\u00fcber hinaus ist es g\u00fcnstiger im Vergleich zu hochwertigen Materialien wie Massivholz oder marinegeeigneten Sperrholz. Wenn Sie ein kosteng\u00fcnstiges Material f\u00fcr die Gestaltung Ihres Sp\u00fclenschranks suchen, kontaktieren Sie AJ Flying f\u00fcr erschwingliche L\u00f6sungen.<\/p>\t\t\t\t\t\t\t\t<\/div>\n\t\t\t\t<\/div>\n\t\t\t\t<div class=\"elementor-element elementor-element-168d379f elementor-tablet-align-center popmake-1598 elementor-widget elementor-widget-button\" data-id=\"168d379f\" data-element_type=\"widget\" data-widget_type=\"button.default\">\n\t\t\t\t<div class=\"elementor-widget-container\">\n\t\t\t\t\t\t\t\t\t<div class=\"elementor-button-wrapper\">\n\t\t\t\t\t<a class=\"elementor-button elementor-size-sm\" role=\"button\">\n\t\t\t\t\t\t<span class=\"elementor-button-content-wrapper\">\n\t\t\t\t\t\t\t\t\t<span class=\"elementor-button-text\">Angebot anfordern<\/span>\n\t\t\t\t\t<\/span>\n\t\t\t\t\t<\/a>\n\t\t\t\t<\/div>\n\t\t\t\t\t\t\t\t<\/div>\n\t\t\t\t<\/div>\n\t\t\t\t<\/div>\n\t\t\t\t\t<\/div>\n\t\t\t\t<\/div>\n\t\t<div class=\"elementor-element elementor-element-7640b65a e-flex e-con-boxed e-con e-parent\" data-id=\"7640b65a\" data-element_type=\"container\" data-settings=\"{&quot;background_background&quot;:&quot;classic&quot;}\">\n\t\t\t\t\t<div class=\"e-con-inner\">\n\t\t<div class=\"elementor-element elementor-element-50ae5a56 e-con-full e-flex e-con e-child\" data-id=\"50ae5a56\" data-element_type=\"container\">\n\t\t\t\t<div class=\"elementor-element elementor-element-4810c543 elementor-widget elementor-widget-heading\" data-id=\"4810c543\" data-element_type=\"widget\" data-widget_type=\"heading.default\">\n\t\t\t\t<div class=\"elementor-widget-container\">\n\t\t\t\t\t<h2 class=\"elementor-heading-title elementor-size-default\">Ma\u00dfgeschneiderte Sp\u00fcle f\u00fcr Schr\u00e4nke<\/h2>\t\t\t\t<\/div>\n\t\t\t\t<\/div>\n\t\t\t\t<div class=\"elementor-element elementor-element-5fc5fa33 elementor-widget elementor-widget-text-editor\" data-id=\"5fc5fa33\" data-element_type=\"widget\" data-widget_type=\"text-editor.default\">\n\t\t\t\t<div class=\"elementor-widget-container\">\n\t\t\t\t\t\t\t\t\t<p>AJ Flying Sp\u00fclenschr\u00e4nke k\u00f6nnen mit einer Vielzahl von Sp\u00fclen kombiniert werden, je nach den Anforderungen Ihres Projekts und der Produktnutzung. Wir bieten eine Reihe von Sp\u00fclenoptionen an, hergestellt aus langlebigem s304 Edelstahl oder Granit-Composite-Sp\u00fclen, die hohe Festigkeit und Resistenz gegen Rost und Kratzer aufweisen.<\/p><p>Sie k\u00f6nnen in Unterbau-, Einbau-, Wasserfall- und integrierte K\u00fcchensp\u00fclen kategorisiert werden, deren Farbe an den Schrank angepasst werden kann. Sie sind in verschiedenen Konfigurationen erh\u00e4ltlich, wie Einzel-, Doppel- und Dreifachbecken, die eine Anpassung erm\u00f6glichen, die f\u00fcr alle L\u00f6sungen geeignet ist, die die Bed\u00fcrfnisse von gewerblichen und privaten K\u00fcchen erf\u00fcllen.<\/p><p>Wir k\u00f6nnen auch Arbeitsplatten-, Bar- und Eckk\u00fcchensp\u00fclen liefern, die perfekt f\u00fcr kleine K\u00fcchen sind, <a href=\"https:\/\/www.ajflyinghome.com\/de\/bespoke-kitchen-island\/\">Inselm\u00f6bel<\/a>, und Nebenm\u00f6bel.<\/p>\t\t\t\t\t\t\t\t<\/div>\n\t\t\t\t<\/div>\n\t\t\t\t<div class=\"elementor-element elementor-element-5cd857f8 elementor-tablet-align-center popmake-1598 elementor-widget elementor-widget-button\" data-id=\"5cd857f8\" data-element_type=\"widget\" data-widget_type=\"button.default\">\n\t\t\t\t<div class=\"elementor-widget-container\">\n\t\t\t\t\t\t\t\t\t<div class=\"elementor-button-wrapper\">\n\t\t\t\t\t<a class=\"elementor-button elementor-size-sm\" role=\"button\">\n\t\t\t\t\t\t<span class=\"elementor-button-content-wrapper\">\n\t\t\t\t\t\t\t\t\t<span class=\"elementor-button-text\">Anfrage jetzt<\/span>\n\t\t\t\t\t<\/span>\n\t\t\t\t\t<\/a>\n\t\t\t\t<\/div>\n\t\t\t\t\t\t\t\t<\/div>\n\t\t\t\t<\/div>\n\t\t\t\t<\/div>\n\t\t<div class=\"elementor-element elementor-element-146e9b6d e-con-full e-flex e-con e-child\" data-id=\"146e9b6d\" data-element_type=\"container\">\n\t\t\t\t<div class=\"elementor-element elementor-element-1042960a elementor-widget elementor-widget-image\" data-id=\"1042960a\" data-element_type=\"widget\" data-widget_type=\"image.default\">\n\t\t\t\t<div class=\"elementor-widget-container\">\n\t\t\t\t\t\t\t\t\t\t\t\t\t\t\t<img decoding=\"async\" width=\"520\" height=\"690\" src=\"https:\/\/www.ajflyinghome.com\/wp-content\/uploads\/2024\/12\/Sink-for-Cabinet.webp\" class=\"attachment-large size-large wp-image-2863\" alt=\"\" title=\"\">\t\t\t\t\t\t\t\t\t\t\t\t\t\t\t<\/div>\n\t\t\t\t<\/div>\n\t\t\t\t<\/div>\n\t\t\t\t\t<\/div>\n\t\t\t\t<\/div>\n\t\t<div class=\"elementor-element elementor-element-12814e8b e-flex e-con-boxed e-con e-parent\" data-id=\"12814e8b\" data-element_type=\"container\" data-settings=\"{&quot;background_background&quot;:&quot;classic&quot;}\">\n\t\t\t\t\t<div class=\"e-con-inner\">\n\t\t<div class=\"elementor-element elementor-element-6ccba978 e-flex e-con-boxed e-con e-child\" data-id=\"6ccba978\" data-element_type=\"container\" data-settings=\"{&quot;background_background&quot;:&quot;classic&quot;}\">\n\t\t\t\t\t<div class=\"e-con-inner\">\n\t\t<div class=\"elementor-element elementor-element-4a1ac201 e-con-full e-flex e-con e-child\" data-id=\"4a1ac201\" data-element_type=\"container\" data-settings=\"{&quot;background_background&quot;:&quot;classic&quot;}\">\n\t\t\t\t<div class=\"elementor-element elementor-element-32e0cb7c elementor-widget elementor-widget-heading\" data-id=\"32e0cb7c\" data-element_type=\"widget\" data-widget_type=\"heading.default\">\n\t\t\t\t<div class=\"elementor-widget-container\">\n\t\t\t\t\t<h2 class=\"elementor-heading-title elementor-size-default\">Schrankfarbenoption<\/h2>\t\t\t\t<\/div>\n\t\t\t\t<\/div>\n\t\t\t\t<div class=\"elementor-element elementor-element-3aa92542 elementor-widget elementor-widget-text-editor\" data-id=\"3aa92542\" data-element_type=\"widget\" data-widget_type=\"text-editor.default\">\n\t\t\t\t<div class=\"elementor-widget-container\">\n\t\t\t\t\t\t\t\t\t<p>Um Ihren besonderen \u00e4sthetischen Anforderungen gerecht zu werden, m\u00fcssen wir verschiedene Oberfl\u00e4chenbehandlungen anbieten und <a href=\"https:\/\/www.ajflyinghome.com\/de\/kitchen-cabinet-color-trends\/\">beliebte Farben<\/a> um sie an jedes K\u00fcchendesign anzupassen.<\/p><p>Wir bieten <a href=\"https:\/\/www.ajflyinghome.com\/de\/best-wood-for-painted-cabinets\/\">lackierte Holzschr\u00e4nke<\/a> und Laminat-Finish-Optionen, mit breiten Farbauswahl einschlie\u00dflich Braun, Grau, Wei\u00df und Regattablau, sowie eine Mischung aus gl\u00e4nzenden, matten und satinierten Oberfl\u00e4chen. F\u00fcr Ihren K\u00fcchensp\u00fcle-Schrank k\u00f6nnte die dekorative Textur eine Holzmaserung, Stein, Stoff oder Metall sein.<\/p>\t\t\t\t\t\t\t\t<\/div>\n\t\t\t\t<\/div>\n\t\t\t\t<div class=\"elementor-element elementor-element-2d1bdd62 elementor-tablet-align-justify elementor-align-justify popmake-1598 elementor-widget elementor-widget-button\" data-id=\"2d1bdd62\" data-element_type=\"widget\" data-widget_type=\"button.default\">\n\t\t\t\t<div class=\"elementor-widget-container\">\n\t\t\t\t\t\t\t\t\t<div class=\"elementor-button-wrapper\">\n\t\t\t\t\t<a class=\"elementor-button elementor-size-sm\" role=\"button\">\n\t\t\t\t\t\t<span class=\"elementor-button-content-wrapper\">\n\t\t\t\t\t\t\t\t\t<span class=\"elementor-button-text\">Anfrage senden<\/span>\n\t\t\t\t\t<\/span>\n\t\t\t\t\t<\/a>\n\t\t\t\t<\/div>\n\t\t\t\t\t\t\t\t<\/div>\n\t\t\t\t<\/div>\n\t\t\t\t<\/div>\n\t\t\t\t\t<\/div>\n\t\t\t\t<\/div>\n\t\t\t\t\t<\/div>\n\t\t\t\t<\/div>\n\t\t<div class=\"elementor-element elementor-element-a07945f e-flex e-con-boxed e-con e-parent\" data-id=\"a07945f\" data-element_type=\"container\">\n\t\t\t\t\t<div class=\"e-con-inner\">\n\t\t<div class=\"elementor-element elementor-element-1548e5e e-con-full e-flex e-con e-child\" data-id=\"1548e5e\" data-element_type=\"container\">\n\t\t\t\t<div class=\"elementor-element elementor-element-1377319 elementor-widget elementor-widget-image\" data-id=\"1377319\" data-element_type=\"widget\" data-widget_type=\"image.default\">\n\t\t\t\t<div class=\"elementor-widget-container\">\n\t\t\t\t\t\t\t\t\t\t\t\t\t\t\t<img decoding=\"async\" width=\"540\" height=\"460\" src=\"https:\/\/www.ajflyinghome.com\/wp-content\/uploads\/2024\/12\/Kitchen-Sink-Storage.webp\" class=\"attachment-large size-large wp-image-2902\" alt=\"K\u00fcchensp\u00fcle Aufbewahrung\" title=\"\">\t\t\t\t\t\t\t\t\t\t\t\t\t\t\t<\/div>\n\t\t\t\t<\/div>\n\t\t\t\t<\/div>\n\t\t<div class=\"elementor-element elementor-element-bdac201 e-con-full e-flex e-con e-child\" data-id=\"bdac201\" data-element_type=\"container\">\n\t\t\t\t<div class=\"elementor-element elementor-element-1d1e9b3 elementor-widget elementor-widget-heading\" data-id=\"1d1e9b3\" data-element_type=\"widget\" data-widget_type=\"heading.default\">\n\t\t\t\t<div class=\"elementor-widget-container\">\n\t\t\t\t\t<h2 class=\"elementor-heading-title elementor-size-default\">K\u00fcchensp\u00fcle-Aufbewahrungsl\u00f6sung<\/h2>\t\t\t\t<\/div>\n\t\t\t\t<\/div>\n\t\t\t\t<div class=\"elementor-element elementor-element-1db6e19 elementor-widget elementor-widget-text-editor\" data-id=\"1db6e19\" data-element_type=\"widget\" data-widget_type=\"text-editor.default\">\n\t\t\t\t<div class=\"elementor-widget-container\">\n\t\t\t\t\t\t\t\t\t<p>Das intelligente Design, der raumsparende Feuerl\u00f6scher, kann zu solch niedrigen Preisen erreicht werden, erwartet den Service eines zuverl\u00e4ssigen Designteams, bereitgestellt von AJ Flying. Alle T\u00fcr-Einheiten k\u00f6nnen mit einem Regalset und abnehmbaren Kunststoffschalen ausgestattet werden, die zus\u00e4tzlichen Stauraum bieten. Der Sp\u00fcle-Schrank ist so konfiguriert, dass die Installation von Wasserleitungen und Rohrleitungen gut organisiert werden kann, um weniger Platz zu ben\u00f6tigen.<\/p><p>Weitere Optionen umfassen verstellbare Regale, herausziehbare Schubladen und Kippf\u00e4cher, die mit Ihrem Sp\u00fcle-Schrank kombiniert werden k\u00f6nnen.<\/p>\t\t\t\t\t\t\t\t<\/div>\n\t\t\t\t<\/div>\n\t\t\t\t<div class=\"elementor-element elementor-element-3f885b5 elementor-tablet-align-center popmake-1598 elementor-widget elementor-widget-button\" data-id=\"3f885b5\" data-element_type=\"widget\" data-widget_type=\"button.default\">\n\t\t\t\t<div class=\"elementor-widget-container\">\n\t\t\t\t\t\t\t\t\t<div class=\"elementor-button-wrapper\">\n\t\t\t\t\t<a class=\"elementor-button elementor-size-sm\" role=\"button\">\n\t\t\t\t\t\t<span class=\"elementor-button-content-wrapper\">\n\t\t\t\t\t\t\t\t\t<span class=\"elementor-button-text\">Anfrage jetzt<\/span>\n\t\t\t\t\t<\/span>\n\t\t\t\t\t<\/a>\n\t\t\t\t<\/div>\n\t\t\t\t\t\t\t\t<\/div>\n\t\t\t\t<\/div>\n\t\t\t\t<\/div>\n\t\t\t\t\t<\/div>\n\t\t\t\t<\/div>\n\t\t<div class=\"elementor-element elementor-element-314fa7b e-flex e-con-boxed e-con e-parent\" data-id=\"314fa7b\" data-element_type=\"container\">\n\t\t\t\t\t<div class=\"e-con-inner\">\n\t\t<div class=\"elementor-element elementor-element-0e3096d e-con-full e-flex e-con e-child\" data-id=\"0e3096d\" data-element_type=\"container\">\n\t\t\t\t<div class=\"elementor-element elementor-element-777ac66 elementor-widget elementor-widget-heading\" data-id=\"777ac66\" data-element_type=\"widget\" data-widget_type=\"heading.default\">\n\t\t\t\t<div class=\"elementor-widget-container\">\n\t\t\t\t\t<h2 class=\"elementor-heading-title elementor-size-default\">Arten von Schrankt\u00fcren f\u00fcr das Sp\u00fclbecken<\/h2>\t\t\t\t<\/div>\n\t\t\t\t<\/div>\n\t\t\t\t<div class=\"elementor-element elementor-element-33911c8 elementor-widget elementor-widget-text-editor\" data-id=\"33911c8\" data-element_type=\"widget\" data-widget_type=\"text-editor.default\">\n\t\t\t\t<div class=\"elementor-widget-container\">\n\t\t\t\t\t\t\t\t\t<p>Der Stil Ihres K\u00fcchensp\u00fclenschranks h\u00e4ngt stark vom T\u00fcrtyp des K\u00fcchenschranks ab. Klassisch und zeitlos \u2013 mit dem eingezogenen Shaker-Panel, das den Tag tr\u00e4gt \u2013 passt es sowohl zu modernen als auch zu traditionellen K\u00fcchendesigns. Die Verwendung einer Flachpaneelt\u00fcr schafft einen wirklich modernen und minimalistischen K\u00fcchenm\u00f6bel.<\/p><p>Wir bieten Schwenk-, Doppel-, Faltt\u00fcren und Schiebet\u00fcren f\u00fcr Schr\u00e4nke an, um unterschiedliche Bedienfunktionen zu erm\u00f6glichen.<\/p>\t\t\t\t\t\t\t\t<\/div>\n\t\t\t\t<\/div>\n\t\t\t\t<div class=\"elementor-element elementor-element-e08b827 elementor-tablet-align-center popmake-1598 elementor-widget elementor-widget-button\" data-id=\"e08b827\" data-element_type=\"widget\" data-widget_type=\"button.default\">\n\t\t\t\t<div class=\"elementor-widget-container\">\n\t\t\t\t\t\t\t\t\t<div class=\"elementor-button-wrapper\">\n\t\t\t\t\t<a class=\"elementor-button elementor-size-sm\" role=\"button\">\n\t\t\t\t\t\t<span class=\"elementor-button-content-wrapper\">\n\t\t\t\t\t\t\t\t\t<span class=\"elementor-button-text\">Anfrage jetzt<\/span>\n\t\t\t\t\t<\/span>\n\t\t\t\t\t<\/a>\n\t\t\t\t<\/div>\n\t\t\t\t\t\t\t\t<\/div>\n\t\t\t\t<\/div>\n\t\t\t\t<\/div>\n\t\t<div class=\"elementor-element elementor-element-ada5872 e-con-full e-flex e-con e-child\" data-id=\"ada5872\" data-element_type=\"container\">\n\t\t\t\t<div class=\"elementor-element elementor-element-7af6865 elementor-widget elementor-widget-image\" data-id=\"7af6865\" data-element_type=\"widget\" data-widget_type=\"image.default\">\n\t\t\t\t<div class=\"elementor-widget-container\">\n\t\t\t\t\t\t\t\t\t\t\t\t\t\t\t<img loading=\"lazy\" decoding=\"async\" width=\"540\" height=\"460\" src=\"https:\/\/www.ajflyinghome.com\/wp-content\/uploads\/2024\/12\/Sink-Cabinet-Door-Types.webp\" class=\"attachment-large size-large wp-image-2901\" alt=\"\" title=\"\">\t\t\t\t\t\t\t\t\t\t\t\t\t\t\t<\/div>\n\t\t\t\t<\/div>\n\t\t\t\t<\/div>\n\t\t\t\t\t<\/div>\n\t\t\t\t<\/div>\n\t\t\t\t<\/div>","protected":false},"excerpt":{"rendered":"<p>K\u00fcchensp\u00fcle Unterschrank AJ Flying ist ein Hersteller von ma\u00dfgeschneiderten K\u00fcchensp\u00fcle Unterschr\u00e4nken, die sich in Materialien, Gr\u00f6\u00dfen, Stilen, Farben und Stauraumfunktionen unterscheiden. Dies bietet Ihnen eine nahezu unbegrenzte Auswahl an Erscheinungsbildern und Stauraumm\u00f6glichkeiten f\u00fcr K\u00fcchenwaschbecken. Standards E1 und E0, die niedrigsten zul\u00e4ssigen Formaldehydemissionen. Unterst\u00fctzung f\u00fcr vormontierte und komplett montierte K\u00fcchensp\u00fcle Unterschr\u00e4nke. Erfahren Sie mehr [\u2026]<\/p>","protected":false},"author":1,"featured_media":3176,"parent":0,"menu_order":0,"comment_status":"closed","ping_status":"closed","template":"elementor_header_footer","meta":{"_acf_changed":false,"footnotes":""},"class_list":["post-2838","page","type-page","status-publish","has-post-thumbnail","hentry"],"blocksy_meta":[],"acf":[],"_links":{"self":[{"href":"https:\/\/www.ajflyinghome.com\/de\/wp-json\/wp\/v2\/pages\/2838","targetHints":{"allow":["GET"]}}],"collection":[{"href":"https:\/\/www.ajflyinghome.com\/de\/wp-json\/wp\/v2\/pages"}],"about":[{"href":"https:\/\/www.ajflyinghome.com\/de\/wp-json\/wp\/v2\/types\/page"}],"author":[{"embeddable":true,"href":"https:\/\/www.ajflyinghome.com\/de\/wp-json\/wp\/v2\/users\/1"}],"replies":[{"embeddable":true,"href":"https:\/\/www.ajflyinghome.com\/de\/wp-json\/wp\/v2\/comments?post=2838"}],"version-history":[{"count":1,"href":"https:\/\/www.ajflyinghome.com\/de\/wp-json\/wp\/v2\/pages\/2838\/revisions"}],"predecessor-version":[{"id":6054,"href":"https:\/\/www.ajflyinghome.com\/de\/wp-json\/wp\/v2\/pages\/2838\/revisions\/6054"}],"wp:featuredmedia":[{"embeddable":true,"href":"https:\/\/www.ajflyinghome.com\/de\/wp-json\/wp\/v2\/media\/3176"}],"wp:attachment":[{"href":"https:\/\/www.ajflyinghome.com\/de\/wp-json\/wp\/v2\/media?parent=2838"}],"curies":[{"name":"wp","href":"https:\/\/api.w.org\/{rel}","templated":true}]}}