{"id":1910,"date":"2024-10-08T13:58:59","date_gmt":"2024-10-08T05:58:59","guid":{"rendered":"https:\/\/www.ajflyinghome.com\/?page_id=1910"},"modified":"2025-04-27T11:08:30","modified_gmt":"2025-04-27T03:08:30","slug":"white-shaker-kitchen-cabinets","status":"publish","type":"page","link":"https:\/\/www.ajflyinghome.com\/es\/white-shaker-kitchen-cabinets\/","title":{"rendered":"Gabinetes de cocina blancos tipo shaker personalizados de fabricante chino"},"content":{"rendered":"<div data-elementor-type=\"wp-page\" data-elementor-id=\"1910\" class=\"elementor elementor-1910\">\n\t\t\t\t<div class=\"elementor-element elementor-element-24e2c382 e-flex e-con-boxed e-con e-parent\" data-id=\"24e2c382\" data-element_type=\"container\" data-settings=\"{&quot;background_background&quot;:&quot;classic&quot;}\">\n\t\t\t\t\t<div class=\"e-con-inner\">\n\t\t<div class=\"elementor-element elementor-element-7cd5439f e-con-full e-flex e-con e-child\" data-id=\"7cd5439f\" data-element_type=\"container\" data-settings=\"{&quot;background_background&quot;:&quot;classic&quot;}\">\n\t\t\t\t<div class=\"elementor-element elementor-element-4ac78232 elementor-widget elementor-widget-heading\" data-id=\"4ac78232\" data-element_type=\"widget\" data-widget_type=\"heading.default\">\n\t\t\t\t<div class=\"elementor-widget-container\">\n\t\t\t\t\t<h2 class=\"elementor-heading-title elementor-size-default\">Gabinetes de cocina estilo shaker blancos<\/h2>\t\t\t\t<\/div>\n\t\t\t\t<\/div>\n\t\t\t\t<div class=\"elementor-element elementor-element-6b715236 elementor-widget elementor-widget-text-editor\" data-id=\"6b715236\" data-element_type=\"widget\" data-widget_type=\"text-editor.default\">\n\t\t\t\t<div class=\"elementor-widget-container\">\n\t\t\t\t\t\t\t\t\t<p>AJ Flying puede personalizar tus gabinetes de cocina estilo shaker blancos en diferentes estilos y tama\u00f1os para que coincidan con la distribuci\u00f3n de tu cocina. Adem\u00e1s, ofrecemos una variedad de opciones personalizadas desde <a href=\"https:\/\/www.ajflyinghome.com\/es\/kitchen-cabinet-color-trends\/\">color<\/a> hasta material para satisfacer las necesidades de funcionalidad y apariencia de tu cocina.<\/p>\t\t\t\t\t\t\t\t<\/div>\n\t\t\t\t<\/div>\n\t\t\t\t<div class=\"elementor-element elementor-element-454d7c0b elementor-tablet-align-center popmake-1598 elementor-widget elementor-widget-button\" data-id=\"454d7c0b\" data-element_type=\"widget\" data-widget_type=\"button.default\">\n\t\t\t\t<div class=\"elementor-widget-container\">\n\t\t\t\t\t\t\t\t\t<div class=\"elementor-button-wrapper\">\n\t\t\t\t\t<a class=\"elementor-button elementor-size-sm\" role=\"button\">\n\t\t\t\t\t\t<span class=\"elementor-button-content-wrapper\">\n\t\t\t\t\t\t\t\t\t<span class=\"elementor-button-text\">Consulta Ahora<\/span>\n\t\t\t\t\t<\/span>\n\t\t\t\t\t<\/a>\n\t\t\t\t<\/div>\n\t\t\t\t\t\t\t\t<\/div>\n\t\t\t\t<\/div>\n\t\t\t\t<\/div>\n\t\t\t\t\t<\/div>\n\t\t\t\t<\/div>\n\t\t<div class=\"elementor-element elementor-element-2a7f8634 e-flex e-con-boxed e-con e-parent\" data-id=\"2a7f8634\" data-element_type=\"container\">\n\t\t\t\t\t<div class=\"e-con-inner\">\n\t\t\t\t<div class=\"elementor-element elementor-element-7a740a3a elementor-widget elementor-widget-heading\" data-id=\"7a740a3a\" data-element_type=\"widget\" data-widget_type=\"heading.default\">\n\t\t\t\t<div class=\"elementor-widget-container\">\n\t\t\t\t\t<h2 class=\"elementor-heading-title elementor-size-default\">AJ Flying - Gabinetes shaker blancos personalizados<\/h2>\t\t\t\t<\/div>\n\t\t\t\t<\/div>\n\t\t\t\t<div class=\"elementor-element elementor-element-48558b3e elementor-widget elementor-widget-text-editor\" data-id=\"48558b3e\" data-element_type=\"widget\" data-widget_type=\"text-editor.default\">\n\t\t\t\t<div class=\"elementor-widget-container\">\n\t\t\t\t\t\t\t\t\t<p>Los gabinetes shaker blancos de AJ Flying pueden ofrecer a tu cocina un aspecto limpio y sencillo, lo que los convierte en una opci\u00f3n ideal tanto para cocinas modernas minimalistas como tradicionales.<\/p><p>Nuestro <a href=\"https:\/\/www.ajflyinghome.com\/es\/shaker-kitchen-cabinets\/\">gabinetes de cocina estilo shaker<\/a> puede ser personalizado en diferentes tonalidades de blanco, como blanco hielo, blanco roto o blanco paloma, creando una cocina m\u00e1s luminosa y abierta.<\/p><p>Puedes encontrar una variedad de materiales para tus gabinetes de cocina shaker blancos, tanto opciones asequibles como de lujo. AJ Flying puede usar HDF o madera contrachapada para ofrecer un precio competitivo que se ajuste a tu presupuesto, con materiales resistentes y con bajas emisiones de formaldeh\u00eddo. Tambi\u00e9n puedes optar por madera maciza, como roble o cerezo, para crear un mueble c\u00e1lido y natural y realzar el nivel de tu cocina.<\/p><p>Si deseas construir una cocina atemporal y de aspecto cl\u00e1sico, considera los gabinetes shaker blancos de AJ Flying.<\/p>\t\t\t\t\t\t\t\t<\/div>\n\t\t\t\t<\/div>\n\t\t\t\t<div class=\"elementor-element elementor-element-2b489540 elementor-tablet-align-center popmake-1598 elementor-align-left elementor-widget elementor-widget-button\" data-id=\"2b489540\" data-element_type=\"widget\" data-widget_type=\"button.default\">\n\t\t\t\t<div class=\"elementor-widget-container\">\n\t\t\t\t\t\t\t\t\t<div class=\"elementor-button-wrapper\">\n\t\t\t\t\t<a class=\"elementor-button elementor-size-sm\" role=\"button\">\n\t\t\t\t\t\t<span class=\"elementor-button-content-wrapper\">\n\t\t\t\t\t\t\t\t\t<span class=\"elementor-button-text\">Enviar Consulta<\/span>\n\t\t\t\t\t<\/span>\n\t\t\t\t\t<\/a>\n\t\t\t\t<\/div>\n\t\t\t\t\t\t\t\t<\/div>\n\t\t\t\t<\/div>\n\t\t\t\t\t<\/div>\n\t\t\t\t<\/div>\n\t\t<div class=\"elementor-element elementor-element-5d50512b e-flex e-con-boxed e-con e-parent\" data-id=\"5d50512b\" data-element_type=\"container\" data-settings=\"{&quot;background_background&quot;:&quot;classic&quot;}\">\n\t\t\t\t\t<div class=\"e-con-inner\">\n\t\t\t\t<div class=\"elementor-element elementor-element-24f4da3c elementor-widget__width-initial elementor-widget-tablet__width-inherit elementor-widget elementor-widget-image\" data-id=\"24f4da3c\" data-element_type=\"widget\" data-widget_type=\"image.default\">\n\t\t\t\t<div class=\"elementor-widget-container\">\n\t\t\t\t\t\t\t\t\t\t\t\t\t\t\t<img fetchpriority=\"high\" decoding=\"async\" width=\"515\" height=\"640\" src=\"https:\/\/www.ajflyinghome.com\/wp-content\/uploads\/2024\/10\/Statement-Making-White-Color.webp\" class=\"attachment-large size-large wp-image-1992\" alt=\"Color blanco que destaca\" title=\"\">\t\t\t\t\t\t\t\t\t\t\t\t\t\t\t<\/div>\n\t\t\t\t<\/div>\n\t\t<div class=\"elementor-element elementor-element-7825d45b e-con-full e-flex e-con e-child\" data-id=\"7825d45b\" data-element_type=\"container\">\n\t\t\t\t<div class=\"elementor-element elementor-element-4c08e776 elementor-widget elementor-widget-heading\" data-id=\"4c08e776\" data-element_type=\"widget\" data-widget_type=\"heading.default\">\n\t\t\t\t<div class=\"elementor-widget-container\">\n\t\t\t\t\t<h2 class=\"elementor-heading-title elementor-size-default\">Color blanco que destaca<\/h2>\t\t\t\t<\/div>\n\t\t\t\t<\/div>\n\t\t\t\t<div class=\"elementor-element elementor-element-1241929e elementor-widget elementor-widget-text-editor\" data-id=\"1241929e\" data-element_type=\"widget\" data-widget_type=\"text-editor.default\">\n\t\t\t\t<div class=\"elementor-widget-container\">\n\t\t\t\t\t\t\t\t\t<p>AJ Flying ofrece varias opciones de color blanco para que tu cocina pueda tener diferentes sensaciones. Te proporcionamos blancos m\u00e1s suaves y c\u00e1lidos para fabricar cocinas de estilo granja o campestre, y puedes encontrar un color blanco paloma para combinar con una cocina de transici\u00f3n. Tambi\u00e9n puedes elegir blanco hielo para que tu cocina luzca m\u00e1s brillante y fresca.<\/p><p>Explora la gama completa de blancos a continuaci\u00f3n, encontrar\u00e1s una soluci\u00f3n para tu cocina.<\/p>\t\t\t\t\t\t\t\t<\/div>\n\t\t\t\t<\/div>\n\t\t<div class=\"elementor-element elementor-element-11a8713 e-grid e-con-full e-con e-child\" data-id=\"11a8713\" data-element_type=\"container\">\n\t\t\t\t<div class=\"elementor-element elementor-element-87e878b elementor-widget elementor-widget-text-editor\" data-id=\"87e878b\" data-element_type=\"widget\" data-widget_type=\"text-editor.default\">\n\t\t\t\t<div class=\"elementor-widget-container\">\n\t\t\t\t\t\t\t\t\t<ul><li>Blanco Colorado<\/li><li>Blanco hielo<\/li><li>Blanco Arcadia<\/li><li>Blanco roto<\/li><\/ul>\t\t\t\t\t\t\t\t<\/div>\n\t\t\t\t<\/div>\n\t\t\t\t<div class=\"elementor-element elementor-element-a50d3e4 elementor-widget elementor-widget-text-editor\" data-id=\"a50d3e4\" data-element_type=\"widget\" data-widget_type=\"text-editor.default\">\n\t\t\t\t<div class=\"elementor-widget-container\">\n\t\t\t\t\t\t\t\t\t<ul><li>Blanco Malibu<\/li><li>Blanco paloma<\/li><li>Blanco Aspen<\/li><li>Blanco brillante<\/li><\/ul>\t\t\t\t\t\t\t\t<\/div>\n\t\t\t\t<\/div>\n\t\t\t\t<div class=\"elementor-element elementor-element-c93d8da elementor-widget elementor-widget-text-editor\" data-id=\"c93d8da\" data-element_type=\"widget\" data-widget_type=\"text-editor.default\">\n\t\t\t\t<div class=\"elementor-widget-container\">\n\t\t\t\t\t\t\t\t\t<ul><li>Blanco satinado<\/li><li>Blanco marfil<\/li><li>Blanco atardecer<\/li><li>Blanco nieve<\/li><li>Blanco antiguo<\/li><\/ul>\t\t\t\t\t\t\t\t<\/div>\n\t\t\t\t<\/div>\n\t\t\t\t<\/div>\n\t\t\t\t<div class=\"elementor-element elementor-element-1a9857bc elementor-tablet-align-center popmake-1598 elementor-widget elementor-widget-button\" data-id=\"1a9857bc\" data-element_type=\"widget\" data-widget_type=\"button.default\">\n\t\t\t\t<div class=\"elementor-widget-container\">\n\t\t\t\t\t\t\t\t\t<div class=\"elementor-button-wrapper\">\n\t\t\t\t\t<a class=\"elementor-button elementor-size-sm\" role=\"button\">\n\t\t\t\t\t\t<span class=\"elementor-button-content-wrapper\">\n\t\t\t\t\t\t\t\t\t<span class=\"elementor-button-text\">Descubra m\u00e1s<\/span>\n\t\t\t\t\t<\/span>\n\t\t\t\t\t<\/a>\n\t\t\t\t<\/div>\n\t\t\t\t\t\t\t\t<\/div>\n\t\t\t\t<\/div>\n\t\t\t\t<\/div>\n\t\t\t\t\t<\/div>\n\t\t\t\t<\/div>\n\t\t<div class=\"elementor-element elementor-element-453cb10f e-flex e-con-boxed e-con e-parent\" data-id=\"453cb10f\" data-element_type=\"container\" data-settings=\"{&quot;background_background&quot;:&quot;classic&quot;}\">\n\t\t\t\t\t<div class=\"e-con-inner\">\n\t\t<div class=\"elementor-element elementor-element-56bada8b e-con-full e-flex e-con e-child\" data-id=\"56bada8b\" data-element_type=\"container\">\n\t\t\t\t<div class=\"elementor-element elementor-element-31318fa6 elementor-widget elementor-widget-heading\" data-id=\"31318fa6\" data-element_type=\"widget\" data-widget_type=\"heading.default\">\n\t\t\t\t<div class=\"elementor-widget-container\">\n\t\t\t\t\t<h2 class=\"elementor-heading-title elementor-size-default\">Caj\u00f3n de almacenamiento personalizado<\/h2>\t\t\t\t<\/div>\n\t\t\t\t<\/div>\n\t\t\t\t<div class=\"elementor-element elementor-element-150769fc elementor-widget elementor-widget-text-editor\" data-id=\"150769fc\" data-element_type=\"widget\" data-widget_type=\"text-editor.default\">\n\t\t\t\t<div class=\"elementor-widget-container\">\n\t\t\t\t\t\t\t\t\t<p>El caj\u00f3n de <a href=\"https:\/\/www.ajflyinghome.com\/es\/shaker-style-cabinets-vs-flat-panel-cabinets\/\">armarios de tipo shaker<\/a> puede ser personalizado para cumplir diferentes funciones. AJ Flying ofrece una construcci\u00f3n de cola de milano duradera y resistente para ampliar la capacidad de carga del caj\u00f3n. Utilizamos tableros de alta calidad <a href=\"https:\/\/www.ajflyinghome.com\/es\/mdf-kitchen-cabinet\/\">MDF<\/a>, HDF o contrachapado para fabricar las puertas y frentes de los cajones para evitar grietas y expansi\u00f3n, son opciones rentables. Puede instalarse con gu\u00edas de cierre suave para evitar golpes y ofrecer un funcionamiento silencioso.<\/p>\t\t\t\t\t\t\t\t<\/div>\n\t\t\t\t<\/div>\n\t\t\t\t<div class=\"elementor-element elementor-element-7b935f2e elementor-tablet-align-center popmake-1598 elementor-widget elementor-widget-button\" data-id=\"7b935f2e\" data-element_type=\"widget\" data-widget_type=\"button.default\">\n\t\t\t\t<div class=\"elementor-widget-container\">\n\t\t\t\t\t\t\t\t\t<div class=\"elementor-button-wrapper\">\n\t\t\t\t\t<a class=\"elementor-button elementor-size-sm\" role=\"button\">\n\t\t\t\t\t\t<span class=\"elementor-button-content-wrapper\">\n\t\t\t\t\t\t\t\t\t<span class=\"elementor-button-text\">Consulta Ahora<\/span>\n\t\t\t\t\t<\/span>\n\t\t\t\t\t<\/a>\n\t\t\t\t<\/div>\n\t\t\t\t\t\t\t\t<\/div>\n\t\t\t\t<\/div>\n\t\t\t\t<\/div>\n\t\t<div class=\"elementor-element elementor-element-20fc9f91 e-con-full e-flex e-con e-child\" data-id=\"20fc9f91\" data-element_type=\"container\">\n\t\t\t\t<div class=\"elementor-element elementor-element-29a7b19 elementor-widget elementor-widget-image\" data-id=\"29a7b19\" data-element_type=\"widget\" data-widget_type=\"image.default\">\n\t\t\t\t<div class=\"elementor-widget-container\">\n\t\t\t\t\t\t\t\t\t\t\t\t\t\t\t<img decoding=\"async\" width=\"515\" height=\"350\" src=\"https:\/\/www.ajflyinghome.com\/wp-content\/uploads\/2024\/10\/Custom-Storage-Drawer.webp\" class=\"attachment-large size-large wp-image-1993\" alt=\"Caj\u00f3n de almacenamiento personalizado\" title=\"\">\t\t\t\t\t\t\t\t\t\t\t\t\t\t\t<\/div>\n\t\t\t\t<\/div>\n\t\t\t\t<\/div>\n\t\t\t\t\t<\/div>\n\t\t\t\t<\/div>\n\t\t<div class=\"elementor-element elementor-element-508bda82 e-flex e-con-boxed e-con e-parent\" data-id=\"508bda82\" data-element_type=\"container\" data-settings=\"{&quot;background_background&quot;:&quot;classic&quot;}\">\n\t\t\t\t\t<div class=\"e-con-inner\">\n\t\t<div class=\"elementor-element elementor-element-68f09552 e-flex e-con-boxed e-con e-child\" data-id=\"68f09552\" data-element_type=\"container\" data-settings=\"{&quot;background_background&quot;:&quot;classic&quot;}\">\n\t\t\t\t\t<div class=\"e-con-inner\">\n\t\t<div class=\"elementor-element elementor-element-3f2fa2fd e-con-full e-flex e-con e-child\" data-id=\"3f2fa2fd\" data-element_type=\"container\" data-settings=\"{&quot;background_background&quot;:&quot;classic&quot;}\">\n\t\t\t\t<div class=\"elementor-element elementor-element-52951334 elementor-widget__width-initial elementor-widget elementor-widget-heading\" data-id=\"52951334\" data-element_type=\"widget\" data-widget_type=\"heading.default\">\n\t\t\t\t<div class=\"elementor-widget-container\">\n\t\t\t\t\t<h2 class=\"elementor-heading-title elementor-size-default\">Combina con el Dise\u00f1o de tu Cocina<\/h2>\t\t\t\t<\/div>\n\t\t\t\t<\/div>\n\t\t\t\t<div class=\"elementor-element elementor-element-1cd27789 elementor-widget elementor-widget-text-editor\" data-id=\"1cd27789\" data-element_type=\"widget\" data-widget_type=\"text-editor.default\">\n\t\t\t\t<div class=\"elementor-widget-container\">\n\t\t\t\t\t\t\t\t\t<p>En AJ Flying, puedes personalizar completamente los armarios blancos estilo shaker en diferentes tama\u00f1os y formas. Ofrecemos armarios de forma regular como rectangulares o cuadradas, tambi\u00e9n puedes encontrar formas en L y U o personalizarlos en formas irregulares para adaptarse a tu dise\u00f1o de cocina. Pueden fabricarse en tama\u00f1os est\u00e1ndar como 12, 15, 27 o 36 pulgadas, o ajustarlos para que encajen perfectamente en tu dise\u00f1o de cocina.<\/p>\t\t\t\t\t\t\t\t<\/div>\n\t\t\t\t<\/div>\n\t\t\t\t<div class=\"elementor-element elementor-element-2b067705 elementor-tablet-align-justify elementor-align-justify popmake-1598 elementor-widget elementor-widget-button\" data-id=\"2b067705\" data-element_type=\"widget\" data-widget_type=\"button.default\">\n\t\t\t\t<div class=\"elementor-widget-container\">\n\t\t\t\t\t\t\t\t\t<div class=\"elementor-button-wrapper\">\n\t\t\t\t\t<a class=\"elementor-button elementor-size-sm\" role=\"button\">\n\t\t\t\t\t\t<span class=\"elementor-button-content-wrapper\">\n\t\t\t\t\t\t\t\t\t<span class=\"elementor-button-text\">Enviar Consulta<\/span>\n\t\t\t\t\t<\/span>\n\t\t\t\t\t<\/a>\n\t\t\t\t<\/div>\n\t\t\t\t\t\t\t\t<\/div>\n\t\t\t\t<\/div>\n\t\t\t\t<\/div>\n\t\t\t\t\t<\/div>\n\t\t\t\t<\/div>\n\t\t\t\t\t<\/div>\n\t\t\t\t<\/div>\n\t\t<div class=\"elementor-element elementor-element-ea4b798 e-flex e-con-boxed e-con e-parent\" data-id=\"ea4b798\" data-element_type=\"container\" data-settings=\"{&quot;background_background&quot;:&quot;classic&quot;}\">\n\t\t\t\t\t<div class=\"e-con-inner\">\n\t\t<div class=\"elementor-element elementor-element-2379e4e e-con-full e-flex e-con e-child\" data-id=\"2379e4e\" data-element_type=\"container\">\n\t\t\t\t<div class=\"elementor-element elementor-element-7f73f5c elementor-widget elementor-widget-image\" data-id=\"7f73f5c\" data-element_type=\"widget\" data-widget_type=\"image.default\">\n\t\t\t\t<div class=\"elementor-widget-container\">\n\t\t\t\t\t\t\t\t\t\t\t\t\t\t\t<img decoding=\"async\" width=\"515\" height=\"350\" src=\"https:\/\/www.ajflyinghome.com\/wp-content\/uploads\/2024\/10\/Custom-White-Shaker-Cabinets-Types.webp\" class=\"attachment-large size-large wp-image-1995\" alt=\"\" title=\"\">\t\t\t\t\t\t\t\t\t\t\t\t\t\t\t<\/div>\n\t\t\t\t<\/div>\n\t\t\t\t<\/div>\n\t\t<div class=\"elementor-element elementor-element-a9ede4a e-con-full e-flex e-con e-child\" data-id=\"a9ede4a\" data-element_type=\"container\">\n\t\t\t\t<div class=\"elementor-element elementor-element-2db1b9c elementor-widget elementor-widget-heading\" data-id=\"2db1b9c\" data-element_type=\"widget\" data-widget_type=\"heading.default\">\n\t\t\t\t<div class=\"elementor-widget-container\">\n\t\t\t\t\t<h2 class=\"elementor-heading-title elementor-size-default\">Tipos de armarios blancos estilo shaker personalizados<\/h2>\t\t\t\t<\/div>\n\t\t\t\t<\/div>\n\t\t\t\t<div class=\"elementor-element elementor-element-c864af8 elementor-widget elementor-widget-text-editor\" data-id=\"c864af8\" data-element_type=\"widget\" data-widget_type=\"text-editor.default\">\n\t\t\t\t<div class=\"elementor-widget-container\">\n\t\t\t\t\t\t\t\t\t<p>AJ Flying ofrece una gama completa de tipos de armarios, puedes encontrar armarios base de una puerta para cocinas peque\u00f1as, y proporcionamos armarios base de doble puerta para soluciones de almacenamiento medianas a grandes. Nuestros <a href=\"https:\/\/www.ajflyinghome.com\/es\/kitchen-cabinets\/\">armarios de cocina<\/a> est\u00e1n dise\u00f1ados para maximizar el almacenamiento en tu cocina y puedes organizar todas las herramientas, cubiertos y peque\u00f1os electrodom\u00e9sticos para mantener tu cocina limpia, y dejar m\u00e1s espacio para la operaci\u00f3n. Env\u00eda una consulta para consultar nuestros tipos de armarios y comenzar un negocio con nosotros.<\/p>\t\t\t\t\t\t\t\t<\/div>\n\t\t\t\t<\/div>\n\t\t\t\t<div class=\"elementor-element elementor-element-312023a elementor-tablet-align-center popmake-1598 elementor-widget elementor-widget-button\" data-id=\"312023a\" data-element_type=\"widget\" data-widget_type=\"button.default\">\n\t\t\t\t<div class=\"elementor-widget-container\">\n\t\t\t\t\t\t\t\t\t<div class=\"elementor-button-wrapper\">\n\t\t\t\t\t<a class=\"elementor-button elementor-size-sm\" role=\"button\">\n\t\t\t\t\t\t<span class=\"elementor-button-content-wrapper\">\n\t\t\t\t\t\t\t\t\t<span class=\"elementor-button-text\">Obtener cotizaci\u00f3n<\/span>\n\t\t\t\t\t<\/span>\n\t\t\t\t\t<\/a>\n\t\t\t\t<\/div>\n\t\t\t\t\t\t\t\t<\/div>\n\t\t\t\t<\/div>\n\t\t\t\t<\/div>\n\t\t\t\t\t<\/div>\n\t\t\t\t<\/div>\n\t\t<div class=\"elementor-element elementor-element-4191e8e e-flex e-con-boxed e-con e-parent\" data-id=\"4191e8e\" data-element_type=\"container\">\n\t\t\t\t\t<div class=\"e-con-inner\">\n\t\t\t\t<div class=\"elementor-element elementor-element-2853446 elementor-widget elementor-widget-text-editor\" data-id=\"2853446\" data-element_type=\"widget\" data-widget_type=\"text-editor.default\">\n\t\t\t\t<div class=\"elementor-widget-container\">\n\t\t\t\t\t\t\t\t\t<p><strong>Armario base estilo shaker blanco:\u00a0<\/strong><\/p><ul><li>Armarios de una\/doble puerta<\/li><li>Armarios de base para fregadero<\/li><li>Armarios de esquina<\/li><li>Armarios en \u00e1ngulo<\/li><li>Armarios de basura<\/li><\/ul>\t\t\t\t\t\t\t\t<\/div>\n\t\t\t\t<\/div>\n\t\t\t\t<div class=\"elementor-element elementor-element-828e402 elementor-widget elementor-widget-text-editor\" data-id=\"828e402\" data-element_type=\"widget\" data-widget_type=\"text-editor.default\">\n\t\t\t\t<div class=\"elementor-widget-container\">\n\t\t\t\t\t\t\t\t\t<p><strong>Armarios de pared con shaker:<\/strong><\/p><ul><li>Armarios diagonales de esquina en la pared<\/li><li>Armario de esquina ciega en la pared<\/li><li>Armario de esquina en \u00e1ngulo en la pared<\/li><li>Armarios de microondas en la pared<\/li><\/ul>\t\t\t\t\t\t\t\t<\/div>\n\t\t\t\t<\/div>\n\t\t\t\t<div class=\"elementor-element elementor-element-f14f958 elementor-widget elementor-widget-text-editor\" data-id=\"f14f958\" data-element_type=\"widget\" data-widget_type=\"text-editor.default\">\n\t\t\t\t<div class=\"elementor-widget-container\">\n\t\t\t\t\t\t\t\t\t<p><strong>Armarios altos estilo shaker<\/strong><\/p><ul><li>Armarios de despensa de 84\" de altura<\/li><li>Armarios de despensa de 90\" de altura<\/li><li>Armarios para horno<\/li><\/ul>\t\t\t\t\t\t\t\t<\/div>\n\t\t\t\t<\/div>\n\t\t\t\t\t<\/div>\n\t\t\t\t<\/div>\n\t\t\t\t<\/div>","protected":false},"excerpt":{"rendered":"<p>Los armarios de cocina estilo shaker blancos AJ Flying pueden personalizarse en diferentes estilos y tama\u00f1os para adaptarse a la distribuci\u00f3n de su cocina. Adem\u00e1s, ofrecemos una variedad de opciones personalizadas desde el color hasta el material para satisfacer las necesidades de funcionalidad y apariencia de su cocina. Consulte ahora AJ Flying - Armarios shaker blancos personalizados AJ Flying shaker blancos [\u2026]<\/p>","protected":false},"author":1,"featured_media":3190,"parent":0,"menu_order":0,"comment_status":"closed","ping_status":"closed","template":"elementor_header_footer","meta":{"_acf_changed":false,"footnotes":""},"class_list":["post-1910","page","type-page","status-publish","has-post-thumbnail","hentry"],"blocksy_meta":[],"acf":[],"_links":{"self":[{"href":"https:\/\/www.ajflyinghome.com\/es\/wp-json\/wp\/v2\/pages\/1910","targetHints":{"allow":["GET"]}}],"collection":[{"href":"https:\/\/www.ajflyinghome.com\/es\/wp-json\/wp\/v2\/pages"}],"about":[{"href":"https:\/\/www.ajflyinghome.com\/es\/wp-json\/wp\/v2\/types\/page"}],"author":[{"embeddable":true,"href":"https:\/\/www.ajflyinghome.com\/es\/wp-json\/wp\/v2\/users\/1"}],"replies":[{"embeddable":true,"href":"https:\/\/www.ajflyinghome.com\/es\/wp-json\/wp\/v2\/comments?post=1910"}],"version-history":[{"count":0,"href":"https:\/\/www.ajflyinghome.com\/es\/wp-json\/wp\/v2\/pages\/1910\/revisions"}],"wp:featuredmedia":[{"embeddable":true,"href":"https:\/\/www.ajflyinghome.com\/es\/wp-json\/wp\/v2\/media\/3190"}],"wp:attachment":[{"href":"https:\/\/www.ajflyinghome.com\/es\/wp-json\/wp\/v2\/media?parent=1910"}],"curies":[{"name":"wp","href":"https:\/\/api.w.org\/{rel}","templated":true}]}}