{"id":2543,"date":"2024-11-26T17:06:10","date_gmt":"2024-11-26T09:06:10","guid":{"rendered":"https:\/\/www.ajflyinghome.com\/?page_id=2543"},"modified":"2025-03-10T14:05:58","modified_gmt":"2025-03-10T06:05:58","slug":"kitchen-wall-cabinets","status":"publish","type":"page","link":"https:\/\/www.ajflyinghome.com\/es\/kitchen-wall-cabinets\/","title":{"rendered":"Fabricante chino de armarios de pared para cocina OEM"},"content":{"rendered":"<div data-elementor-type=\"wp-page\" data-elementor-id=\"2543\" class=\"elementor elementor-2543\">\n\t\t\t\t<div class=\"elementor-element elementor-element-48878cbf e-flex e-con-boxed e-con e-parent\" data-id=\"48878cbf\" data-element_type=\"container\" data-settings=\"{&quot;background_background&quot;:&quot;classic&quot;}\">\n\t\t\t\t\t<div class=\"e-con-inner\">\n\t\t<div class=\"elementor-element elementor-element-373a2d0d e-con-full e-flex e-con e-child\" data-id=\"373a2d0d\" data-element_type=\"container\" data-settings=\"{&quot;background_background&quot;:&quot;classic&quot;}\">\n\t\t\t\t<div class=\"elementor-element elementor-element-27dbc497 elementor-widget elementor-widget-heading\" data-id=\"27dbc497\" data-element_type=\"widget\" data-widget_type=\"heading.default\">\n\t\t\t\t<div class=\"elementor-widget-container\">\n\t\t\t\t\t<h2 class=\"elementor-heading-title elementor-size-default\">Armarios de pared para cocina<\/h2>\t\t\t\t<\/div>\n\t\t\t\t<\/div>\n\t\t\t\t<div class=\"elementor-element elementor-element-3c0f47eb elementor-widget elementor-widget-text-editor\" data-id=\"3c0f47eb\" data-element_type=\"widget\" data-widget_type=\"text-editor.default\">\n\t\t\t\t<div class=\"elementor-widget-container\">\n\t\t\t\t\t\t\t\t\t<p>Los armarios de pared para cocina son un tipo de armarios superiores de cocina. Adem\u00e1s de los armarios de pared, tambi\u00e9n fabricamos armarios bajos, armarios altos, armarios para vino, etc.<\/p><p>Contamos con inspectores de calidad dedicados para garantizar la calidad de cada producto. Si est\u00e1 interesado en nuestros productos, \u00a1por favor p\u00f3ngase en contacto con nosotros!<\/p>\t\t\t\t\t\t\t\t<\/div>\n\t\t\t\t<\/div>\n\t\t\t\t<div class=\"elementor-element elementor-element-2721aa8c elementor-tablet-align-center popmake-1598 elementor-widget elementor-widget-button\" data-id=\"2721aa8c\" data-element_type=\"widget\" data-widget_type=\"button.default\">\n\t\t\t\t<div class=\"elementor-widget-container\">\n\t\t\t\t\t\t\t\t\t<div class=\"elementor-button-wrapper\">\n\t\t\t\t\t<a class=\"elementor-button elementor-size-sm\" role=\"button\">\n\t\t\t\t\t\t<span class=\"elementor-button-content-wrapper\">\n\t\t\t\t\t\t\t\t\t<span class=\"elementor-button-text\">Obtener precio<\/span>\n\t\t\t\t\t<\/span>\n\t\t\t\t\t<\/a>\n\t\t\t\t<\/div>\n\t\t\t\t\t\t\t\t<\/div>\n\t\t\t\t<\/div>\n\t\t\t\t<\/div>\n\t\t\t\t\t<\/div>\n\t\t\t\t<\/div>\n\t\t<div class=\"elementor-element elementor-element-710628b6 e-flex e-con-boxed e-con e-parent\" data-id=\"710628b6\" data-element_type=\"container\">\n\t\t\t\t\t<div class=\"e-con-inner\">\n\t\t\t\t<div class=\"elementor-element elementor-element-4c07c645 elementor-widget elementor-widget-heading\" data-id=\"4c07c645\" data-element_type=\"widget\" data-widget_type=\"heading.default\">\n\t\t\t\t<div class=\"elementor-widget-container\">\n\t\t\t\t\t<h2 class=\"elementor-heading-title elementor-size-default\">Proveedor de armarios de pared para cocina en China<\/h2>\t\t\t\t<\/div>\n\t\t\t\t<\/div>\n\t\t\t\t<div class=\"elementor-element elementor-element-57aac88b elementor-widget elementor-widget-text-editor\" data-id=\"57aac88b\" data-element_type=\"widget\" data-widget_type=\"text-editor.default\">\n\t\t\t\t<div class=\"elementor-widget-container\">\n\t\t\t\t\t\t\t\t\t<p>Un armario de pared para la cocina es un armario de almacenamiento instalado en la pared de la cocina, generalmente utilizado para guardar utensilios de cocina como platos, vajilla, condimentos, ingredientes, productos de limpieza, etc. Es fundamental maximizar el uso del espacio de almacenamiento y mantener la cocina limpia y ordenada.<\/p><p>Fabricamos armarios de pared para cocina en diferentes materiales, tama\u00f1os y tipos. Contamos con m\u00e1s de 10 dise\u00f1adores de ingenier\u00eda en nuestra f\u00e1brica que pueden personalizar el estilo, color y acabado de sus armarios de pared seg\u00fan el estilo de decoraci\u00f3n de su cocina.<\/p><p>Para resolver los h\u00e1bitos y necesidades de apertura de puertas de las diferentes familias para los armarios de pared de cocina, hemos dise\u00f1ado muchos m\u00e9todos de apertura de puertas, como empujar-tirar, deslizante, plegable, etc. Si necesita comprar armarios de pared de cocina, por favor cont\u00e1ctenos para una cotizaci\u00f3n y un plan personalizado.<\/p>\t\t\t\t\t\t\t\t<\/div>\n\t\t\t\t<\/div>\n\t\t\t\t<div class=\"elementor-element elementor-element-29ca5354 elementor-tablet-align-center popmake-1598 elementor-align-left elementor-widget elementor-widget-button\" data-id=\"29ca5354\" data-element_type=\"widget\" data-widget_type=\"button.default\">\n\t\t\t\t<div class=\"elementor-widget-container\">\n\t\t\t\t\t\t\t\t\t<div class=\"elementor-button-wrapper\">\n\t\t\t\t\t<a class=\"elementor-button elementor-size-sm\" role=\"button\">\n\t\t\t\t\t\t<span class=\"elementor-button-content-wrapper\">\n\t\t\t\t\t\t\t\t\t<span class=\"elementor-button-text\">Enviar Consulta<\/span>\n\t\t\t\t\t<\/span>\n\t\t\t\t\t<\/a>\n\t\t\t\t<\/div>\n\t\t\t\t\t\t\t\t<\/div>\n\t\t\t\t<\/div>\n\t\t\t\t\t<\/div>\n\t\t\t\t<\/div>\n\t\t<div class=\"elementor-element elementor-element-7c770137 e-flex e-con-boxed e-con e-parent\" data-id=\"7c770137\" data-element_type=\"container\" data-settings=\"{&quot;background_background&quot;:&quot;classic&quot;}\">\n\t\t\t\t\t<div class=\"e-con-inner\">\n\t\t\t\t<div class=\"elementor-element elementor-element-1b790b70 elementor-widget__width-initial elementor-widget-tablet__width-inherit elementor-widget elementor-widget-image\" data-id=\"1b790b70\" data-element_type=\"widget\" data-widget_type=\"image.default\">\n\t\t\t\t<div class=\"elementor-widget-container\">\n\t\t\t\t\t\t\t\t\t\t\t\t\t\t\t<img fetchpriority=\"high\" decoding=\"async\" width=\"725\" height=\"901\" src=\"https:\/\/www.ajflyinghome.com\/wp-content\/uploads\/2024\/11\/Kitchen-Wall-Cabinets-size.jpg\" class=\"attachment-large size-large wp-image-2565\" alt=\"Tama\u00f1o de armarios de pared de cocina\" title=\"\">\t\t\t\t\t\t\t\t\t\t\t\t\t\t\t<\/div>\n\t\t\t\t<\/div>\n\t\t<div class=\"elementor-element elementor-element-73e5dc6d e-con-full e-flex e-con e-child\" data-id=\"73e5dc6d\" data-element_type=\"container\">\n\t\t\t\t<div class=\"elementor-element elementor-element-356d659 elementor-widget elementor-widget-heading\" data-id=\"356d659\" data-element_type=\"widget\" data-widget_type=\"heading.default\">\n\t\t\t\t<div class=\"elementor-widget-container\">\n\t\t\t\t\t<h2 class=\"elementor-heading-title elementor-size-default\">Tama\u00f1o personalizado<\/h2>\t\t\t\t<\/div>\n\t\t\t\t<\/div>\n\t\t\t\t<div class=\"elementor-element elementor-element-405488c3 elementor-widget elementor-widget-text-editor\" data-id=\"405488c3\" data-element_type=\"widget\" data-widget_type=\"text-editor.default\">\n\t\t\t\t<div class=\"elementor-widget-container\">\n\t\t\t\t\t\t\t\t\t<p>Los armarios de pared de la cocina de AJ Flying le ofrecen una variedad de opciones de tama\u00f1o para adaptarse a diferentes distribuciones y necesidades de almacenamiento en la cocina. Las alturas disponibles son opcionales: 575 mm, 720 mm y 900 mm, el ancho var\u00eda desde 150 mm hasta 1000 mm, y la profundidad va de 300 mm a 600 mm. Estas dimensiones est\u00e1n dise\u00f1adas para ser flexibles y se pueden adaptar f\u00e1cilmente a cocinas peque\u00f1as o grandes espacios abiertos, ayud\u00e1ndole a maximizar el uso del espacio en la cocina sin perder belleza ni practicidad.<\/p><p>Adem\u00e1s de los tama\u00f1os mencionados, tambi\u00e9n ofrecemos servicios de personalizaci\u00f3n en profundidad. Puede enviarnos sus dibujos CAD y nuestros dise\u00f1adores crear\u00e1n dise\u00f1os y proporcionar\u00e1n representaciones visuales para usted.<\/p>\t\t\t\t\t\t\t\t<\/div>\n\t\t\t\t<\/div>\n\t\t\t\t<div class=\"elementor-element elementor-element-bd2e0fa elementor-tablet-align-center popmake-1598 elementor-widget elementor-widget-button\" data-id=\"bd2e0fa\" data-element_type=\"widget\" data-widget_type=\"button.default\">\n\t\t\t\t<div class=\"elementor-widget-container\">\n\t\t\t\t\t\t\t\t\t<div class=\"elementor-button-wrapper\">\n\t\t\t\t\t<a class=\"elementor-button elementor-size-sm\" role=\"button\">\n\t\t\t\t\t\t<span class=\"elementor-button-content-wrapper\">\n\t\t\t\t\t\t\t\t\t<span class=\"elementor-button-text\">Obtener cotizaci\u00f3n<\/span>\n\t\t\t\t\t<\/span>\n\t\t\t\t\t<\/a>\n\t\t\t\t<\/div>\n\t\t\t\t\t\t\t\t<\/div>\n\t\t\t\t<\/div>\n\t\t\t\t<\/div>\n\t\t\t\t\t<\/div>\n\t\t\t\t<\/div>\n\t\t<div class=\"elementor-element elementor-element-2e3eacab e-flex e-con-boxed e-con e-parent\" data-id=\"2e3eacab\" data-element_type=\"container\" data-settings=\"{&quot;background_background&quot;:&quot;classic&quot;}\">\n\t\t\t\t\t<div class=\"e-con-inner\">\n\t\t<div class=\"elementor-element elementor-element-1f4d8175 e-con-full e-flex e-con e-child\" data-id=\"1f4d8175\" data-element_type=\"container\">\n\t\t\t\t<div class=\"elementor-element elementor-element-2e3fefb0 elementor-widget elementor-widget-heading\" data-id=\"2e3fefb0\" data-element_type=\"widget\" data-widget_type=\"heading.default\">\n\t\t\t\t<div class=\"elementor-widget-container\">\n\t\t\t\t\t<h2 class=\"elementor-heading-title elementor-size-default\">Elegir el material adecuado<\/h2>\t\t\t\t<\/div>\n\t\t\t\t<\/div>\n\t\t\t\t<div class=\"elementor-element elementor-element-2647406d elementor-widget elementor-widget-text-editor\" data-id=\"2647406d\" data-element_type=\"widget\" data-widget_type=\"text-editor.default\">\n\t\t\t\t<div class=\"elementor-widget-container\">\n\t\t\t\t\t\t\t\t\t<p>Los armarios de pared de la cocina de AJ Flying est\u00e1n hechos de una variedad de materiales de alta calidad para satisfacer tus diferentes necesidades. La madera contrachapada tiene una estructura estable y una alta relaci\u00f3n calidad-precio; tablero de fibra de densidad media (<a href=\"https:\/\/www.ajflyinghome.com\/es\/mdf-kitchen-cabinet\/\">MDF<\/a> Tiene una textura uniforme y es adecuado para una variedad de tratamientos de superficie; la madera maciza es naturalmente hermosa y muestra un gusto de alta calidad; los materiales met\u00e1licos son duraderos y modernos; el dise\u00f1o de vidrio es transparente y elegante, lleno de estilo.\u00a0<\/p><p>Ya sea que la decoraci\u00f3n de tu cocina sea de estilo moderno y sencillo o de dise\u00f1o cl\u00e1sico tradicional, nuestros armarios de pared para cocina pueden ofrecerte una soluci\u00f3n de almacenamiento perfecta para ayudar a mejorar la eficiencia y el efecto visual de la cocina.<\/p>\t\t\t\t\t\t\t\t<\/div>\n\t\t\t\t<\/div>\n\t\t\t\t<div class=\"elementor-element elementor-element-5676ab80 elementor-tablet-align-center popmake-1598 elementor-widget elementor-widget-button\" data-id=\"5676ab80\" data-element_type=\"widget\" data-widget_type=\"button.default\">\n\t\t\t\t<div class=\"elementor-widget-container\">\n\t\t\t\t\t\t\t\t\t<div class=\"elementor-button-wrapper\">\n\t\t\t\t\t<a class=\"elementor-button elementor-size-sm\" role=\"button\">\n\t\t\t\t\t\t<span class=\"elementor-button-content-wrapper\">\n\t\t\t\t\t\t\t\t\t<span class=\"elementor-button-text\">Consulta Ahora<\/span>\n\t\t\t\t\t<\/span>\n\t\t\t\t\t<\/a>\n\t\t\t\t<\/div>\n\t\t\t\t\t\t\t\t<\/div>\n\t\t\t\t<\/div>\n\t\t\t\t<\/div>\n\t\t<div class=\"elementor-element elementor-element-1383e0f4 e-con-full e-flex e-con e-child\" data-id=\"1383e0f4\" data-element_type=\"container\">\n\t\t\t\t<div class=\"elementor-element elementor-element-641307be elementor-widget elementor-widget-image\" data-id=\"641307be\" data-element_type=\"widget\" data-widget_type=\"image.default\">\n\t\t\t\t<div class=\"elementor-widget-container\">\n\t\t\t\t\t\t\t\t\t\t\t\t\t\t\t<img decoding=\"async\" width=\"800\" height=\"800\" src=\"https:\/\/www.ajflyinghome.com\/wp-content\/uploads\/2024\/11\/Kitchen-wall-cabinets.jpg\" class=\"attachment-large size-large wp-image-2567\" alt=\"Armarios de pared para la cocina\" srcset=\"https:\/\/www.ajflyinghome.com\/wp-content\/uploads\/2024\/11\/Kitchen-wall-cabinets.jpg 800w, https:\/\/www.ajflyinghome.com\/wp-content\/uploads\/2024\/11\/Kitchen-wall-cabinets-768x768.jpg 768w\" sizes=\"(max-width: 800px) 100vw, 800px\" title=\"\">\t\t\t\t\t\t\t\t\t\t\t\t\t\t\t<\/div>\n\t\t\t\t<\/div>\n\t\t\t\t<\/div>\n\t\t\t\t\t<\/div>\n\t\t\t\t<\/div>\n\t\t<div class=\"elementor-element elementor-element-1ade2a5c e-flex e-con-boxed e-con e-parent\" data-id=\"1ade2a5c\" data-element_type=\"container\" data-settings=\"{&quot;background_background&quot;:&quot;classic&quot;}\">\n\t\t\t\t\t<div class=\"e-con-inner\">\n\t\t<div class=\"elementor-element elementor-element-cccd92c e-con-full e-flex e-con e-child\" data-id=\"cccd92c\" data-element_type=\"container\">\n\t\t\t\t<div class=\"elementor-element elementor-element-c179c94 elementor-widget__width-initial elementor-widget elementor-widget-image\" data-id=\"c179c94\" data-element_type=\"widget\" data-widget_type=\"image.default\">\n\t\t\t\t<div class=\"elementor-widget-container\">\n\t\t\t\t\t\t\t\t\t\t\t\t\t\t\t<img decoding=\"async\" width=\"800\" height=\"533\" src=\"https:\/\/www.ajflyinghome.com\/wp-content\/uploads\/2024\/11\/Wall-Cabinets-Types.jpg\" class=\"attachment-large size-large wp-image-2568\" alt=\"\" srcset=\"https:\/\/www.ajflyinghome.com\/wp-content\/uploads\/2024\/11\/Wall-Cabinets-Types.jpg 800w, https:\/\/www.ajflyinghome.com\/wp-content\/uploads\/2024\/11\/Wall-Cabinets-Types-768x512.jpg 768w\" sizes=\"(max-width: 800px) 100vw, 800px\" title=\"\">\t\t\t\t\t\t\t\t\t\t\t\t\t\t\t<\/div>\n\t\t\t\t<\/div>\n\t\t<div class=\"elementor-element elementor-element-4caafd8 e-con-full e-flex e-con e-child\" data-id=\"4caafd8\" data-element_type=\"container\">\n\t\t\t\t<div class=\"elementor-element elementor-element-a6fe967 elementor-widget elementor-widget-heading\" data-id=\"a6fe967\" data-element_type=\"widget\" data-widget_type=\"heading.default\">\n\t\t\t\t<div class=\"elementor-widget-container\">\n\t\t\t\t\t<h2 class=\"elementor-heading-title elementor-size-default\">Tipos de armarios de pared<\/h2>\t\t\t\t<\/div>\n\t\t\t\t<\/div>\n\t\t\t\t<div class=\"elementor-element elementor-element-bf1b37f elementor-widget elementor-widget-text-editor\" data-id=\"bf1b37f\" data-element_type=\"widget\" data-widget_type=\"text-editor.default\">\n\t\t\t\t<div class=\"elementor-widget-container\">\n\t\t\t\t\t\t\t\t\t<p>Disponemos de una variedad de tipos de armarios de pared para cocina que se adaptan a tus diferentes necesidades y distribuciones de cocina:<\/p><ul><li><strong>Armario de pared cerrado<\/strong>Oculta el espacio de almacenamiento para mantener la cocina ordenada; puede dividirse en unidades de pared simples y dobles.<\/li><li><strong>Armario de pared abierto<\/strong>C\u00f3modo y r\u00e1pido para guardar y acceder a objetos, y para exhibir decoraciones;<\/li><li><strong>Gabinete de pared de vidrio <\/strong>: aporta un toque moderno, exhibe objetos manteniendo la transparencia;<\/li><li><strong>Gabinete de pared en esquina <\/strong>: aprovecha eficientemente el espacio de la esquina de la cocina y optimiza el dise\u00f1o del plano.<\/li><\/ul>\t\t\t\t\t\t\t\t<\/div>\n\t\t\t\t<\/div>\n\t\t\t\t<div class=\"elementor-element elementor-element-0fef740 elementor-tablet-align-center popmake-1598 elementor-widget elementor-widget-button\" data-id=\"0fef740\" data-element_type=\"widget\" data-widget_type=\"button.default\">\n\t\t\t\t<div class=\"elementor-widget-container\">\n\t\t\t\t\t\t\t\t\t<div class=\"elementor-button-wrapper\">\n\t\t\t\t\t<a class=\"elementor-button elementor-size-sm\" role=\"button\">\n\t\t\t\t\t\t<span class=\"elementor-button-content-wrapper\">\n\t\t\t\t\t\t\t\t\t<span class=\"elementor-button-text\">Consulta Ahora<\/span>\n\t\t\t\t\t<\/span>\n\t\t\t\t\t<\/a>\n\t\t\t\t<\/div>\n\t\t\t\t\t\t\t\t<\/div>\n\t\t\t\t<\/div>\n\t\t\t\t<\/div>\n\t\t\t\t<\/div>\n\t\t\t\t\t<\/div>\n\t\t\t\t<\/div>\n\t\t<div class=\"elementor-element elementor-element-8902f57 e-flex e-con-boxed e-con e-parent\" data-id=\"8902f57\" data-element_type=\"container\">\n\t\t\t\t\t<div class=\"e-con-inner\">\n\t\t<div class=\"elementor-element elementor-element-480fc52 e-con-full e-flex e-con e-child\" data-id=\"480fc52\" data-element_type=\"container\">\n\t\t\t\t<div class=\"elementor-element elementor-element-20a411c elementor-widget__width-initial elementor-widget elementor-widget-image\" data-id=\"20a411c\" data-element_type=\"widget\" data-widget_type=\"image.default\">\n\t\t\t\t<div class=\"elementor-widget-container\">\n\t\t\t\t\t\t\t\t\t\t\t\t\t\t\t<img loading=\"lazy\" decoding=\"async\" width=\"800\" height=\"800\" src=\"https:\/\/www.ajflyinghome.com\/wp-content\/uploads\/2024\/11\/Kitchen-Wall-Cabinets-Style.jpg\" class=\"attachment-large size-large wp-image-2569\" alt=\"\" srcset=\"https:\/\/www.ajflyinghome.com\/wp-content\/uploads\/2024\/11\/Kitchen-Wall-Cabinets-Style.jpg 800w, https:\/\/www.ajflyinghome.com\/wp-content\/uploads\/2024\/11\/Kitchen-Wall-Cabinets-Style-768x768.jpg 768w, https:\/\/www.ajflyinghome.com\/wp-content\/uploads\/2024\/11\/elementor\/thumbs\/Kitchen-Wall-Cabinets-Style.jpg 1000w\" sizes=\"(max-width: 800px) 100vw, 800px\" title=\"\">\t\t\t\t\t\t\t\t\t\t\t\t\t\t\t<\/div>\n\t\t\t\t<\/div>\n\t\t\t\t<\/div>\n\t\t<div class=\"elementor-element elementor-element-42a07b0 e-con-full e-flex e-con e-child\" data-id=\"42a07b0\" data-element_type=\"container\">\n\t\t\t\t<div class=\"elementor-element elementor-element-cca1dac elementor-widget elementor-widget-heading\" data-id=\"cca1dac\" data-element_type=\"widget\" data-widget_type=\"heading.default\">\n\t\t\t\t<div class=\"elementor-widget-container\">\n\t\t\t\t\t<h2 class=\"elementor-heading-title elementor-size-default\">Opciones de estilo<\/h2>\t\t\t\t<\/div>\n\t\t\t\t<\/div>\n\t\t\t\t<div class=\"elementor-element elementor-element-9f26f66 elementor-widget elementor-widget-text-editor\" data-id=\"9f26f66\" data-element_type=\"widget\" data-widget_type=\"text-editor.default\">\n\t\t\t\t<div class=\"elementor-widget-container\">\n\t\t\t\t\t\t\t\t\t<p>Existen muchos estilos de gabinetes de pared para cocina. Bas\u00e1ndonos en investigaciones de mercado y comentarios de clientes, recomendamos los siguientes estilos de gabinetes de pared para cocina:<\/p><ul><li>Gabinetes con panel elevado<\/li><li><a href=\"https:\/\/www.ajflyinghome.com\/es\/shaker-kitchen-cabinets\/\">Armarios estilo Shaker<\/a><\/li><li>Gabinetes con tablero de cuentas<\/li><li>Gabinetes con lamas<\/li><li>Gabinetes de vidrio sin marco<\/li><li>Gabinetes de cocina con inserciones de vidrio<\/li><li>Gabinetes de cocina sin acabado<\/li><\/ul>\t\t\t\t\t\t\t\t<\/div>\n\t\t\t\t<\/div>\n\t\t\t\t<div class=\"elementor-element elementor-element-d9fe6cb elementor-tablet-align-center popmake-1598 elementor-widget elementor-widget-button\" data-id=\"d9fe6cb\" data-element_type=\"widget\" data-widget_type=\"button.default\">\n\t\t\t\t<div class=\"elementor-widget-container\">\n\t\t\t\t\t\t\t\t\t<div class=\"elementor-button-wrapper\">\n\t\t\t\t\t<a class=\"elementor-button elementor-size-sm\" role=\"button\">\n\t\t\t\t\t\t<span class=\"elementor-button-content-wrapper\">\n\t\t\t\t\t\t\t\t\t<span class=\"elementor-button-text\">Consulta Ahora<\/span>\n\t\t\t\t\t<\/span>\n\t\t\t\t\t<\/a>\n\t\t\t\t<\/div>\n\t\t\t\t\t\t\t\t<\/div>\n\t\t\t\t<\/div>\n\t\t\t\t<\/div>\n\t\t\t\t\t<\/div>\n\t\t\t\t<\/div>\n\t\t<div class=\"elementor-element elementor-element-5be2703 e-flex e-con-boxed e-con e-parent\" data-id=\"5be2703\" data-element_type=\"container\">\n\t\t\t\t\t<div class=\"e-con-inner\">\n\t\t\t\t<div class=\"elementor-element elementor-element-117fb37 elementor-widget elementor-widget-image\" data-id=\"117fb37\" data-element_type=\"widget\" data-widget_type=\"image.default\">\n\t\t\t\t<div class=\"elementor-widget-container\">\n\t\t\t\t\t\t\t\t\t\t\t\t\t\t\t<img loading=\"lazy\" decoding=\"async\" width=\"800\" height=\"533\" src=\"https:\/\/www.ajflyinghome.com\/wp-content\/uploads\/2024\/11\/upper-cabinets.jpg\" class=\"attachment-large size-large wp-image-2570\" alt=\"\" srcset=\"https:\/\/www.ajflyinghome.com\/wp-content\/uploads\/2024\/11\/upper-cabinets.jpg 800w, https:\/\/www.ajflyinghome.com\/wp-content\/uploads\/2024\/11\/upper-cabinets-768x512.jpg 768w\" sizes=\"(max-width: 800px) 100vw, 800px\" title=\"\">\t\t\t\t\t\t\t\t\t\t\t\t\t\t\t<\/div>\n\t\t\t\t<\/div>\n\t\t<div class=\"elementor-element elementor-element-db85181 e-con-full e-flex e-con e-child\" data-id=\"db85181\" data-element_type=\"container\">\n\t\t\t\t<div class=\"elementor-element elementor-element-3fcb26e elementor-widget elementor-widget-heading\" data-id=\"3fcb26e\" data-element_type=\"widget\" data-widget_type=\"heading.default\">\n\t\t\t\t<div class=\"elementor-widget-container\">\n\t\t\t\t\t<h2 class=\"elementor-heading-title elementor-size-default\">Acabados y colores personalizados<\/h2>\t\t\t\t<\/div>\n\t\t\t\t<\/div>\n\t\t\t\t<div class=\"elementor-element elementor-element-e93829e elementor-widget elementor-widget-text-editor\" data-id=\"e93829e\" data-element_type=\"widget\" data-widget_type=\"text-editor.default\">\n\t\t\t\t<div class=\"elementor-widget-container\">\n\t\t\t\t\t\t\t\t\t<p>El acabado y la selecci\u00f3n de color de los gabinetes de pared para cocina es una parte clave del dise\u00f1o de la cocina. Por ejemplo, los acabados de madera incluyen efecto nogal; efecto madera blanca, con patrones, roble, etc., mientras que los acabados met\u00e1licos y de vidrio tienen una est\u00e9tica m\u00e1s moderna y sencilla.<\/p><p>Las opciones de color son m\u00e1s abundantes, como Blanco Hielo, blanco, negro, gris, gris, azul marino, azul, verde, marr\u00f3n, etc. Si no sabes qu\u00e9 acabado y color de gabinetes de pared es adecuado para tu cocina, por favor comparte tus ideas.<\/p>\t\t\t\t\t\t\t\t<\/div>\n\t\t\t\t<\/div>\n\t\t\t\t<div class=\"elementor-element elementor-element-1f4c5ef elementor-tablet-align-center popmake-1598 elementor-widget elementor-widget-button\" data-id=\"1f4c5ef\" data-element_type=\"widget\" data-widget_type=\"button.default\">\n\t\t\t\t<div class=\"elementor-widget-container\">\n\t\t\t\t\t\t\t\t\t<div class=\"elementor-button-wrapper\">\n\t\t\t\t\t<a class=\"elementor-button elementor-size-sm\" role=\"button\">\n\t\t\t\t\t\t<span class=\"elementor-button-content-wrapper\">\n\t\t\t\t\t\t\t\t\t<span class=\"elementor-button-text\">Consulta Ahora<\/span>\n\t\t\t\t\t<\/span>\n\t\t\t\t\t<\/a>\n\t\t\t\t<\/div>\n\t\t\t\t\t\t\t\t<\/div>\n\t\t\t\t<\/div>\n\t\t\t\t<\/div>\n\t\t\t\t\t<\/div>\n\t\t\t\t<\/div>\n\t\t<div class=\"elementor-element elementor-element-d7bdcaf e-flex e-con-boxed e-con e-parent\" data-id=\"d7bdcaf\" data-element_type=\"container\">\n\t\t\t\t\t<div class=\"e-con-inner\">\n\t\t\t\t<div class=\"elementor-element elementor-element-d663f2d elementor-widget__width-initial elementor-widget elementor-widget-image\" data-id=\"d663f2d\" data-element_type=\"widget\" data-widget_type=\"image.default\">\n\t\t\t\t<div class=\"elementor-widget-container\">\n\t\t\t\t\t\t\t\t\t\t\t\t\t\t\t<img loading=\"lazy\" decoding=\"async\" width=\"800\" height=\"533\" src=\"https:\/\/www.ajflyinghome.com\/wp-content\/uploads\/2024\/11\/upper-kitchen-cabinets.jpeg\" class=\"attachment-large size-large wp-image-2571\" alt=\"armarios superiores de cocina\" srcset=\"https:\/\/www.ajflyinghome.com\/wp-content\/uploads\/2024\/11\/upper-kitchen-cabinets.jpeg 800w, https:\/\/www.ajflyinghome.com\/wp-content\/uploads\/2024\/11\/upper-kitchen-cabinets-768x512.jpeg 768w\" sizes=\"(max-width: 800px) 100vw, 800px\" title=\"\">\t\t\t\t\t\t\t\t\t\t\t\t\t\t\t<\/div>\n\t\t\t\t<\/div>\n\t\t<div class=\"elementor-element elementor-element-ead11dd e-con-full e-flex e-con e-child\" data-id=\"ead11dd\" data-element_type=\"container\">\n\t\t\t\t<div class=\"elementor-element elementor-element-aaf9652 elementor-widget elementor-widget-heading\" data-id=\"aaf9652\" data-element_type=\"widget\" data-widget_type=\"heading.default\">\n\t\t\t\t<div class=\"elementor-widget-container\">\n\t\t\t\t\t<h2 class=\"elementor-heading-title elementor-size-default\">Seleccionar m\u00e9todo de apertura de puerta<\/h2>\t\t\t\t<\/div>\n\t\t\t\t<\/div>\n\t\t\t\t<div class=\"elementor-element elementor-element-45e2b40 elementor-widget elementor-widget-text-editor\" data-id=\"45e2b40\" data-element_type=\"widget\" data-widget_type=\"text-editor.default\">\n\t\t\t\t<div class=\"elementor-widget-container\">\n\t\t\t\t\t\t\t\t\t<p>Existen muchas formas de abrir la puerta del mueble de cocina. Cada m\u00e9todo de apertura tiene funciones y caracter\u00edsticas est\u00e9ticas \u00fanicas. Puedes elegir entre los diferentes tipos de puertas de armario seg\u00fan tus h\u00e1bitos de uso o estilo de cocina:<\/p><ul><li>Puertas con bisagras<\/li><li>Puertas abatibles<\/li><li>Puertas correderas hacia arriba<\/li><li>Levantar puertas<\/li><li>Puertas plegables<\/li><li>Persiana enrollable<\/li><\/ul>\t\t\t\t\t\t\t\t<\/div>\n\t\t\t\t<\/div>\n\t\t\t\t<div class=\"elementor-element elementor-element-4c2ace1 elementor-tablet-align-center popmake-1598 elementor-widget elementor-widget-button\" data-id=\"4c2ace1\" data-element_type=\"widget\" data-widget_type=\"button.default\">\n\t\t\t\t<div class=\"elementor-widget-container\">\n\t\t\t\t\t\t\t\t\t<div class=\"elementor-button-wrapper\">\n\t\t\t\t\t<a class=\"elementor-button elementor-size-sm\" role=\"button\">\n\t\t\t\t\t\t<span class=\"elementor-button-content-wrapper\">\n\t\t\t\t\t\t\t\t\t<span class=\"elementor-button-text\">Consulta Ahora<\/span>\n\t\t\t\t\t<\/span>\n\t\t\t\t\t<\/a>\n\t\t\t\t<\/div>\n\t\t\t\t\t\t\t\t<\/div>\n\t\t\t\t<\/div>\n\t\t\t\t<\/div>\n\t\t\t\t\t<\/div>\n\t\t\t\t<\/div>\n\t\t\t\t<\/div>","protected":false},"excerpt":{"rendered":"<p>Los armarios de pared para cocina son un tipo de armarios superiores de cocina. Adem\u00e1s de los armarios de pared, tambi\u00e9n fabricamos armarios inferiores, armarios altos, armarios para vino, etc. Contamos con inspectores de calidad dedicados para garantizar la calidad de cada producto. Si est\u00e1 interesado en nuestros productos, \u00a1por favor p\u00f3ngase en contacto con nosotros! Solicitar precio Armarios de pared para cocina<\/p>","protected":false},"author":2,"featured_media":0,"parent":0,"menu_order":0,"comment_status":"closed","ping_status":"closed","template":"elementor_header_footer","meta":{"_acf_changed":false,"footnotes":""},"class_list":["post-2543","page","type-page","status-publish","hentry"],"blocksy_meta":[],"acf":[],"_links":{"self":[{"href":"https:\/\/www.ajflyinghome.com\/es\/wp-json\/wp\/v2\/pages\/2543","targetHints":{"allow":["GET"]}}],"collection":[{"href":"https:\/\/www.ajflyinghome.com\/es\/wp-json\/wp\/v2\/pages"}],"about":[{"href":"https:\/\/www.ajflyinghome.com\/es\/wp-json\/wp\/v2\/types\/page"}],"author":[{"embeddable":true,"href":"https:\/\/www.ajflyinghome.com\/es\/wp-json\/wp\/v2\/users\/2"}],"replies":[{"embeddable":true,"href":"https:\/\/www.ajflyinghome.com\/es\/wp-json\/wp\/v2\/comments?post=2543"}],"version-history":[{"count":0,"href":"https:\/\/www.ajflyinghome.com\/es\/wp-json\/wp\/v2\/pages\/2543\/revisions"}],"wp:attachment":[{"href":"https:\/\/www.ajflyinghome.com\/es\/wp-json\/wp\/v2\/media?parent=2543"}],"curies":[{"name":"wp","href":"https:\/\/api.w.org\/{rel}","templated":true}]}}