{"id":2546,"date":"2024-11-26T14:41:44","date_gmt":"2024-11-26T06:41:44","guid":{"rendered":"https:\/\/www.ajflyinghome.com\/?page_id=2546"},"modified":"2025-04-27T10:55:56","modified_gmt":"2025-04-27T02:55:56","slug":"kitchen-larder-cabinet","status":"publish","type":"page","link":"https:\/\/www.ajflyinghome.com\/es\/kitchen-larder-cabinet\/","title":{"rendered":"Fabricante de armarios de despensa para cocina china"},"content":{"rendered":"<div data-elementor-type=\"wp-page\" data-elementor-id=\"2546\" class=\"elementor elementor-2546\">\n\t\t\t\t<div class=\"elementor-element elementor-element-1b1a41b4 e-flex e-con-boxed e-con e-parent\" data-id=\"1b1a41b4\" data-element_type=\"container\" data-settings=\"{&quot;background_background&quot;:&quot;classic&quot;}\">\n\t\t\t\t\t<div class=\"e-con-inner\">\n\t\t<div class=\"elementor-element elementor-element-4cf0945b e-con-full e-flex e-con e-child\" data-id=\"4cf0945b\" data-element_type=\"container\" data-settings=\"{&quot;background_background&quot;:&quot;classic&quot;}\">\n\t\t\t\t<div class=\"elementor-element elementor-element-4b4a18d elementor-widget elementor-widget-heading\" data-id=\"4b4a18d\" data-element_type=\"widget\" data-widget_type=\"heading.default\">\n\t\t\t\t<div class=\"elementor-widget-container\">\n\t\t\t\t\t<h2 class=\"elementor-heading-title elementor-size-default\">Fabricante de armarios de despensa para cocina china<\/h2>\t\t\t\t<\/div>\n\t\t\t\t<\/div>\n\t\t\t\t<div class=\"elementor-element elementor-element-4888d945 elementor-widget elementor-widget-text-editor\" data-id=\"4888d945\" data-element_type=\"widget\" data-widget_type=\"text-editor.default\">\n\t\t\t\t<div class=\"elementor-widget-container\">\n\t\t\t\t\t\t\t\t\t<p>Desde armarios de despensa de cocina individuales hasta unidades triples de despensa de cocina, AJ Flying los fabrica en una amplia variedad de tama\u00f1os y configuraciones para almacenar ingredientes en espacios generosos.<\/p><p>Ofrecemos <a href=\"https:\/\/www.ajflyinghome.com\/es\/mdf-kitchen-cabinet\/\">MDF<\/a>de madera contrachapada y tableros de part\u00edculas para crear armarios a precios adorables, \u00a1garantizando calidad!<\/p><p>Todos son materiales de baja emisi\u00f3n de formaldeh\u00eddo y cumplen con las normas E1.<\/p>\t\t\t\t\t\t\t\t<\/div>\n\t\t\t\t<\/div>\n\t\t\t\t<div class=\"elementor-element elementor-element-10f409bb elementor-tablet-align-center popmake-1598 elementor-widget elementor-widget-button\" data-id=\"10f409bb\" data-element_type=\"widget\" data-widget_type=\"button.default\">\n\t\t\t\t<div class=\"elementor-widget-container\">\n\t\t\t\t\t\t\t\t\t<div class=\"elementor-button-wrapper\">\n\t\t\t\t\t<a class=\"elementor-button elementor-size-sm\" role=\"button\">\n\t\t\t\t\t\t<span class=\"elementor-button-content-wrapper\">\n\t\t\t\t\t\t\t\t\t<span class=\"elementor-button-text\">Descubra m\u00e1s<\/span>\n\t\t\t\t\t<\/span>\n\t\t\t\t\t<\/a>\n\t\t\t\t<\/div>\n\t\t\t\t\t\t\t\t<\/div>\n\t\t\t\t<\/div>\n\t\t\t\t<\/div>\n\t\t\t\t\t<\/div>\n\t\t\t\t<\/div>\n\t\t<div class=\"elementor-element elementor-element-2854ea8c e-flex e-con-boxed e-con e-parent\" data-id=\"2854ea8c\" data-element_type=\"container\">\n\t\t\t\t\t<div class=\"e-con-inner\">\n\t\t\t\t<div class=\"elementor-element elementor-element-84945d3 elementor-widget elementor-widget-heading\" data-id=\"84945d3\" data-element_type=\"widget\" data-widget_type=\"heading.default\">\n\t\t\t\t<div class=\"elementor-widget-container\">\n\t\t\t\t\t<h2 class=\"elementor-heading-title elementor-size-default\">Armario de despensa de cocina AJ Flying<\/h2>\t\t\t\t<\/div>\n\t\t\t\t<\/div>\n\t\t\t\t<div class=\"elementor-element elementor-element-48399c6 elementor-widget elementor-widget-text-editor\" data-id=\"48399c6\" data-element_type=\"widget\" data-widget_type=\"text-editor.default\">\n\t\t\t\t<div class=\"elementor-widget-container\">\n\t\t\t\t\t\t\t\t\t<p>Un armario de despensa de cocina es la mejor soluci\u00f3n para maximizar el espacio en tu cocina. AJ Flying lo ofrece con cajones y estantes para minimizar el desorden en tu cocina o \u00e1rea de utilidad. Puedes poner todo en un solo armario, convirti\u00e9ndolo en un lugar de f\u00e1cil acceso.<\/p><p>Podemos personalizar el armario de despensa para que encaje perfectamente con tus vers\u00e1tiles unidades de frigor\u00edfico, pueden acomodar otros electrodom\u00e9sticos para mantener tus utensilios de cocina organizados y ordenados.<\/p><p>No importa si deseas adaptar la funcionalidad o la est\u00e9tica del armario de despensa de cocina, AJ Flying lo cumplir\u00e1.<\/p>\t\t\t\t\t\t\t\t<\/div>\n\t\t\t\t<\/div>\n\t\t\t\t<div class=\"elementor-element elementor-element-8d9bfdc elementor-tablet-align-center popmake-1598 elementor-align-left elementor-widget elementor-widget-button\" data-id=\"8d9bfdc\" data-element_type=\"widget\" data-widget_type=\"button.default\">\n\t\t\t\t<div class=\"elementor-widget-container\">\n\t\t\t\t\t\t\t\t\t<div class=\"elementor-button-wrapper\">\n\t\t\t\t\t<a class=\"elementor-button elementor-size-sm\" role=\"button\">\n\t\t\t\t\t\t<span class=\"elementor-button-content-wrapper\">\n\t\t\t\t\t\t\t\t\t<span class=\"elementor-button-text\">Enviar Consulta<\/span>\n\t\t\t\t\t<\/span>\n\t\t\t\t\t<\/a>\n\t\t\t\t<\/div>\n\t\t\t\t\t\t\t\t<\/div>\n\t\t\t\t<\/div>\n\t\t\t\t\t<\/div>\n\t\t\t\t<\/div>\n\t\t<div class=\"elementor-element elementor-element-7f8c9423 e-flex e-con-boxed e-con e-parent\" data-id=\"7f8c9423\" data-element_type=\"container\" data-settings=\"{&quot;background_background&quot;:&quot;classic&quot;}\">\n\t\t\t\t\t<div class=\"e-con-inner\">\n\t\t\t\t<div class=\"elementor-element elementor-element-56f736cb elementor-widget__width-initial elementor-widget-tablet__width-inherit elementor-widget elementor-widget-image\" data-id=\"56f736cb\" data-element_type=\"widget\" data-widget_type=\"image.default\">\n\t\t\t\t<div class=\"elementor-widget-container\">\n\t\t\t\t\t\t\t\t\t\t\t\t\t\t\t<img fetchpriority=\"high\" decoding=\"async\" width=\"580\" height=\"715\" src=\"https:\/\/www.ajflyinghome.com\/wp-content\/uploads\/2024\/11\/Colors-for-Kitchen-Larder-Cabinet.webp\" class=\"attachment-large size-large wp-image-2593\" alt=\"Colores para el armario de despensa de cocina\" title=\"\">\t\t\t\t\t\t\t\t\t\t\t\t\t\t\t<\/div>\n\t\t\t\t<\/div>\n\t\t<div class=\"elementor-element elementor-element-1d41cb28 e-con-full e-flex e-con e-child\" data-id=\"1d41cb28\" data-element_type=\"container\">\n\t\t\t\t<div class=\"elementor-element elementor-element-39cca449 elementor-widget elementor-widget-heading\" data-id=\"39cca449\" data-element_type=\"widget\" data-widget_type=\"heading.default\">\n\t\t\t\t<div class=\"elementor-widget-container\">\n\t\t\t\t\t<h2 class=\"elementor-heading-title elementor-size-default\">Colores para el armario de despensa de cocina<\/h2>\t\t\t\t<\/div>\n\t\t\t\t<\/div>\n\t\t\t\t<div class=\"elementor-element elementor-element-3e8050a5 elementor-widget elementor-widget-text-editor\" data-id=\"3e8050a5\" data-element_type=\"widget\" data-widget_type=\"text-editor.default\">\n\t\t\t\t<div class=\"elementor-widget-container\">\n\t\t\t\t\t\t\t\t\t<p>Los armarios de despensa de cocina de AJ Flying son completamente personalizables en color. Puedes encontrar <a href=\"https:\/\/www.ajflyinghome.com\/es\/kitchen-cabinet-color-trends\/\">una variedad de opciones de color<\/a> desde los sistemas de color RAL o Pantone para complementar la decoraci\u00f3n de tu cocina.<\/p><p>Puedes encontrar neutros cl\u00e1sicos (blanco c\u00e1lido, gris paloma, crema cl\u00e1sica) para crear un armario de aspecto moderno y minimalista, tambi\u00e9n podemos usar colores de roble r\u00fastico, verde bosque y verde salvia para fabricar una pieza de cocina con declaraci\u00f3n audaz. La opci\u00f3n de tonos m\u00faltiples destacar\u00e1 tu personalidad y har\u00e1 que tu cocina sea \u00fanica.\u00a0<\/p>\t\t\t\t\t\t\t\t<\/div>\n\t\t\t\t<\/div>\n\t\t<div class=\"elementor-element elementor-element-e508610 e-con-full e-flex e-con e-child\" data-id=\"e508610\" data-element_type=\"container\">\n\t\t\t\t<div class=\"elementor-element elementor-element-fe0fcbf elementor-widget elementor-widget-text-editor\" data-id=\"fe0fcbf\" data-element_type=\"widget\" data-widget_type=\"text-editor.default\">\n\t\t\t\t<div class=\"elementor-widget-container\">\n\t\t\t\t\t\t\t\t\t<ul><li>Roble r\u00fastico<\/li><li>Crema cl\u00e1sica<\/li><li>Carb\u00f3n<\/li><li>Gris paloma<\/li><\/ul>\t\t\t\t\t\t\t\t<\/div>\n\t\t\t\t<\/div>\n\t\t\t\t<div class=\"elementor-element elementor-element-39e3c09 elementor-widget elementor-widget-text-editor\" data-id=\"39e3c09\" data-element_type=\"widget\" data-widget_type=\"text-editor.default\">\n\t\t\t\t<div class=\"elementor-widget-container\">\n\t\t\t\t\t\t\t\t\t<ul><li>Verde bosque<\/li><li>Blanco c\u00e1lido<\/li><li>Gris tormenta<\/li><li>Verde salvia<\/li><\/ul>\t\t\t\t\t\t\t\t<\/div>\n\t\t\t\t<\/div>\n\t\t\t\t<\/div>\n\t\t\t\t<div class=\"elementor-element elementor-element-6fd46cf elementor-tablet-align-center popmake-1598 elementor-widget elementor-widget-button\" data-id=\"6fd46cf\" data-element_type=\"widget\" data-widget_type=\"button.default\">\n\t\t\t\t<div class=\"elementor-widget-container\">\n\t\t\t\t\t\t\t\t\t<div class=\"elementor-button-wrapper\">\n\t\t\t\t\t<a class=\"elementor-button elementor-size-sm\" role=\"button\">\n\t\t\t\t\t\t<span class=\"elementor-button-content-wrapper\">\n\t\t\t\t\t\t\t\t\t<span class=\"elementor-button-text\">Obtener cotizaci\u00f3n<\/span>\n\t\t\t\t\t<\/span>\n\t\t\t\t\t<\/a>\n\t\t\t\t<\/div>\n\t\t\t\t\t\t\t\t<\/div>\n\t\t\t\t<\/div>\n\t\t\t\t<\/div>\n\t\t\t\t\t<\/div>\n\t\t\t\t<\/div>\n\t\t<div class=\"elementor-element elementor-element-4b7d854f e-flex e-con-boxed e-con e-parent\" data-id=\"4b7d854f\" data-element_type=\"container\" data-settings=\"{&quot;background_background&quot;:&quot;classic&quot;}\">\n\t\t\t\t\t<div class=\"e-con-inner\">\n\t\t<div class=\"elementor-element elementor-element-7089f260 e-con-full e-flex e-con e-child\" data-id=\"7089f260\" data-element_type=\"container\">\n\t\t\t\t<div class=\"elementor-element elementor-element-194978ec elementor-widget elementor-widget-heading\" data-id=\"194978ec\" data-element_type=\"widget\" data-widget_type=\"heading.default\">\n\t\t\t\t<div class=\"elementor-widget-container\">\n\t\t\t\t\t<h2 class=\"elementor-heading-title elementor-size-default\">Opciones de puertas de armario<\/h2>\t\t\t\t<\/div>\n\t\t\t\t<\/div>\n\t\t\t\t<div class=\"elementor-element elementor-element-3f1c5e54 elementor-widget elementor-widget-text-editor\" data-id=\"3f1c5e54\" data-element_type=\"widget\" data-widget_type=\"text-editor.default\">\n\t\t\t\t<div class=\"elementor-widget-container\">\n\t\t\t\t\t\t\t\t\t<p>Eleva el estilo de tu armario de despensa en la cocina con nuestras opciones de puertas de armario completamente personalizables. Nuestra puerta de estilo shaker te ofrece atemporalidad y versatilidad, con un marco limpio y un panel central en relieve, ideal tanto para dise\u00f1os de cocina modernos como transicionales.<\/p><p>Tambi\u00e9n ofrecemos puertas de armario de panel plano para crear armarios de despensa elegantes y sencillos para una cocina minimalista. Si eliges una puerta con frontal de cristal para exhibir tus art\u00edculos, no solo crea una sensaci\u00f3n de amplitud y apertura en la cocina, sino que tambi\u00e9n facilita ver y acceder al contenido del armario sin necesidad de abrirlo.<\/p>\t\t\t\t\t\t\t\t<\/div>\n\t\t\t\t<\/div>\n\t\t\t\t<div class=\"elementor-element elementor-element-5b221132 elementor-tablet-align-center popmake-1598 elementor-widget elementor-widget-button\" data-id=\"5b221132\" data-element_type=\"widget\" data-widget_type=\"button.default\">\n\t\t\t\t<div class=\"elementor-widget-container\">\n\t\t\t\t\t\t\t\t\t<div class=\"elementor-button-wrapper\">\n\t\t\t\t\t<a class=\"elementor-button elementor-size-sm\" role=\"button\">\n\t\t\t\t\t\t<span class=\"elementor-button-content-wrapper\">\n\t\t\t\t\t\t\t\t\t<span class=\"elementor-button-text\">Consulta Ahora<\/span>\n\t\t\t\t\t<\/span>\n\t\t\t\t\t<\/a>\n\t\t\t\t<\/div>\n\t\t\t\t\t\t\t\t<\/div>\n\t\t\t\t<\/div>\n\t\t\t\t<\/div>\n\t\t<div class=\"elementor-element elementor-element-5eb64c58 e-con-full e-flex e-con e-child\" data-id=\"5eb64c58\" data-element_type=\"container\">\n\t\t\t\t<div class=\"elementor-element elementor-element-20c70eb4 elementor-widget elementor-widget-image\" data-id=\"20c70eb4\" data-element_type=\"widget\" data-widget_type=\"image.default\">\n\t\t\t\t<div class=\"elementor-widget-container\">\n\t\t\t\t\t\t\t\t\t\t\t\t\t\t\t<img decoding=\"async\" width=\"515\" height=\"345\" src=\"https:\/\/www.ajflyinghome.com\/wp-content\/uploads\/2024\/11\/Door-Options.webp\" class=\"attachment-large size-large wp-image-2594\" alt=\"Opciones de puertas de armario\" title=\"\">\t\t\t\t\t\t\t\t\t\t\t\t\t\t\t<\/div>\n\t\t\t\t<\/div>\n\t\t\t\t<\/div>\n\t\t\t\t\t<\/div>\n\t\t\t\t<\/div>\n\t\t<div class=\"elementor-element elementor-element-1be00bab e-flex e-con-boxed e-con e-parent\" data-id=\"1be00bab\" data-element_type=\"container\" data-settings=\"{&quot;background_background&quot;:&quot;classic&quot;}\">\n\t\t\t\t\t<div class=\"e-con-inner\">\n\t\t<div class=\"elementor-element elementor-element-31e2905e e-flex e-con-boxed e-con e-child\" data-id=\"31e2905e\" data-element_type=\"container\" data-settings=\"{&quot;background_background&quot;:&quot;classic&quot;}\">\n\t\t\t\t\t<div class=\"e-con-inner\">\n\t\t<div class=\"elementor-element elementor-element-121960c e-con-full e-flex e-con e-child\" data-id=\"121960c\" data-element_type=\"container\" data-settings=\"{&quot;background_background&quot;:&quot;classic&quot;}\">\n\t\t\t\t<div class=\"elementor-element elementor-element-53038ec3 elementor-widget elementor-widget-heading\" data-id=\"53038ec3\" data-element_type=\"widget\" data-widget_type=\"heading.default\">\n\t\t\t\t<div class=\"elementor-widget-container\">\n\t\t\t\t\t<h2 class=\"elementor-heading-title elementor-size-default\">Tama\u00f1o a medida<\/h2>\t\t\t\t<\/div>\n\t\t\t\t<\/div>\n\t\t\t\t<div class=\"elementor-element elementor-element-1bc0d915 elementor-widget elementor-widget-text-editor\" data-id=\"1bc0d915\" data-element_type=\"widget\" data-widget_type=\"text-editor.default\">\n\t\t\t\t<div class=\"elementor-widget-container\">\n\t\t\t\t\t\t\t\t\t<p>AJ Flying ofrece una variedad de opciones de tama\u00f1o para tu armario de despensa en la cocina. Nuestro armario de despensa simple es compacto y cuenta con caracter\u00edsticas que ahorran espacio, lo que lo hace adecuado para cocinas peque\u00f1as. Puedes encontrar soluciones de armarios de doble despensa con estantes m\u00e1s profundos, m\u00faltiples cajones y compartimentos, obteniendo m\u00e1s espacio de almacenamiento.<\/p><p>AJ Flying puede personalizar un armario de triple despensa con compartimentos especializados para electrodom\u00e9sticos, utensilios de cocina e incluso estantes extra\u00edbles para despensa, lo cual es una buena idea para un dise\u00f1o de cocina abierto.<\/p>\t\t\t\t\t\t\t\t<\/div>\n\t\t\t\t<\/div>\n\t\t\t\t<div class=\"elementor-element elementor-element-51ae86d4 elementor-tablet-align-justify elementor-align-justify popmake-1598 elementor-widget elementor-widget-button\" data-id=\"51ae86d4\" data-element_type=\"widget\" data-widget_type=\"button.default\">\n\t\t\t\t<div class=\"elementor-widget-container\">\n\t\t\t\t\t\t\t\t\t<div class=\"elementor-button-wrapper\">\n\t\t\t\t\t<a class=\"elementor-button elementor-size-sm\" role=\"button\">\n\t\t\t\t\t\t<span class=\"elementor-button-content-wrapper\">\n\t\t\t\t\t\t\t\t\t<span class=\"elementor-button-text\">Reservar cita<\/span>\n\t\t\t\t\t<\/span>\n\t\t\t\t\t<\/a>\n\t\t\t\t<\/div>\n\t\t\t\t\t\t\t\t<\/div>\n\t\t\t\t<\/div>\n\t\t\t\t<\/div>\n\t\t\t\t\t<\/div>\n\t\t\t\t<\/div>\n\t\t\t\t\t<\/div>\n\t\t\t\t<\/div>\n\t\t<div class=\"elementor-element elementor-element-3e33393 e-flex e-con-boxed e-con e-parent\" data-id=\"3e33393\" data-element_type=\"container\">\n\t\t\t\t\t<div class=\"e-con-inner\">\n\t\t<div class=\"elementor-element elementor-element-1b31f89 e-con-full e-flex e-con e-child\" data-id=\"1b31f89\" data-element_type=\"container\">\n\t\t\t\t<div class=\"elementor-element elementor-element-074314d elementor-widget elementor-widget-image\" data-id=\"074314d\" data-element_type=\"widget\" data-widget_type=\"image.default\">\n\t\t\t\t<div class=\"elementor-widget-container\">\n\t\t\t\t\t\t\t\t\t\t\t\t\t\t\t<img decoding=\"async\" width=\"550\" height=\"365\" src=\"https:\/\/www.ajflyinghome.com\/wp-content\/uploads\/2024\/11\/Quality-Assurance.webp\" class=\"attachment-large size-large wp-image-2596\" alt=\"\" title=\"\">\t\t\t\t\t\t\t\t\t\t\t\t\t\t\t<\/div>\n\t\t\t\t<\/div>\n\t\t\t\t<\/div>\n\t\t<div class=\"elementor-element elementor-element-7d38c8b e-con-full e-flex e-con e-child\" data-id=\"7d38c8b\" data-element_type=\"container\">\n\t\t\t\t<div class=\"elementor-element elementor-element-84df4a8 elementor-widget elementor-widget-heading\" data-id=\"84df4a8\" data-element_type=\"widget\" data-widget_type=\"heading.default\">\n\t\t\t\t<div class=\"elementor-widget-container\">\n\t\t\t\t\t<h2 class=\"elementor-heading-title elementor-size-default\">Garant\u00eda de Calidad<\/h2>\t\t\t\t<\/div>\n\t\t\t\t<\/div>\n\t\t\t\t<div class=\"elementor-element elementor-element-201232b elementor-widget elementor-widget-text-editor\" data-id=\"201232b\" data-element_type=\"widget\" data-widget_type=\"text-editor.default\">\n\t\t\t\t<div class=\"elementor-widget-container\">\n\t\t\t\t\t\t\t\t\t<p>En AJ Flying, nuestra garant\u00eda es de 25 a\u00f1os. Fabricado con MDF, HDF y tableros de part\u00edculas, cada armario est\u00e1 dise\u00f1ado para una durabilidad y resistencia duraderas y se fabrica cumpliendo con certificaciones de la industria (ISO 9001, madera certificada FSC, etc.).\u00a0<\/p><p>Adem\u00e1s, prestamos atenci\u00f3n a m\u00faltiples controles de calidad, como la resistencia a la carga y la durabilidad de la superficie, para ofrecerte el servicio m\u00e1s confiable.<\/p>\t\t\t\t\t\t\t\t<\/div>\n\t\t\t\t<\/div>\n\t\t\t\t<div class=\"elementor-element elementor-element-2d98e1e elementor-tablet-align-center popmake-1598 elementor-widget elementor-widget-button\" data-id=\"2d98e1e\" data-element_type=\"widget\" data-widget_type=\"button.default\">\n\t\t\t\t<div class=\"elementor-widget-container\">\n\t\t\t\t\t\t\t\t\t<div class=\"elementor-button-wrapper\">\n\t\t\t\t\t<a class=\"elementor-button elementor-size-sm\" role=\"button\">\n\t\t\t\t\t\t<span class=\"elementor-button-content-wrapper\">\n\t\t\t\t\t\t\t\t\t<span class=\"elementor-button-text\">Consulta Ahora<\/span>\n\t\t\t\t\t<\/span>\n\t\t\t\t\t<\/a>\n\t\t\t\t<\/div>\n\t\t\t\t\t\t\t\t<\/div>\n\t\t\t\t<\/div>\n\t\t\t\t<\/div>\n\t\t\t\t\t<\/div>\n\t\t\t\t<\/div>\n\t\t\t\t<\/div>","protected":false},"excerpt":{"rendered":"<p>Fabricante de armarios de despensa para cocina en China. Desde armarios de despensa individuales hasta unidades triples, AJ Flying los fabrica en una amplia variedad de tama\u00f1os y configuraciones para almacenar ingredientes en espacios generosos. Ofrecemos MDF, contrachapado y tablero de part\u00edculas para crear armarios a precios adorables, \u00a1garantizando calidad! Todos contienen bajo contenido de formaldeh\u00eddo [\u2026]<\/p>","protected":false},"author":1,"featured_media":3174,"parent":0,"menu_order":0,"comment_status":"closed","ping_status":"closed","template":"elementor_header_footer","meta":{"_acf_changed":false,"footnotes":""},"class_list":["post-2546","page","type-page","status-publish","has-post-thumbnail","hentry"],"blocksy_meta":[],"acf":[],"_links":{"self":[{"href":"https:\/\/www.ajflyinghome.com\/es\/wp-json\/wp\/v2\/pages\/2546","targetHints":{"allow":["GET"]}}],"collection":[{"href":"https:\/\/www.ajflyinghome.com\/es\/wp-json\/wp\/v2\/pages"}],"about":[{"href":"https:\/\/www.ajflyinghome.com\/es\/wp-json\/wp\/v2\/types\/page"}],"author":[{"embeddable":true,"href":"https:\/\/www.ajflyinghome.com\/es\/wp-json\/wp\/v2\/users\/1"}],"replies":[{"embeddable":true,"href":"https:\/\/www.ajflyinghome.com\/es\/wp-json\/wp\/v2\/comments?post=2546"}],"version-history":[{"count":0,"href":"https:\/\/www.ajflyinghome.com\/es\/wp-json\/wp\/v2\/pages\/2546\/revisions"}],"wp:featuredmedia":[{"embeddable":true,"href":"https:\/\/www.ajflyinghome.com\/es\/wp-json\/wp\/v2\/media\/3174"}],"wp:attachment":[{"href":"https:\/\/www.ajflyinghome.com\/es\/wp-json\/wp\/v2\/media?parent=2546"}],"curies":[{"name":"wp","href":"https:\/\/api.w.org\/{rel}","templated":true}]}}