{"id":2612,"date":"2024-11-27T14:10:30","date_gmt":"2024-11-27T06:10:30","guid":{"rendered":"https:\/\/www.ajflyinghome.com\/?page_id=2612"},"modified":"2025-04-27T10:28:08","modified_gmt":"2025-04-27T02:28:08","slug":"kitchen-base-cabinets","status":"publish","type":"page","link":"https:\/\/www.ajflyinghome.com\/es\/kitchen-base-cabinets\/","title":{"rendered":"Proveedores y fabricantes de bases de armarios de cocina en China"},"content":{"rendered":"<div data-elementor-type=\"wp-page\" data-elementor-id=\"2612\" class=\"elementor elementor-2612\">\n\t\t\t\t<div class=\"elementor-element elementor-element-2910a3af e-flex e-con-boxed e-con e-parent\" data-id=\"2910a3af\" data-element_type=\"container\" data-settings=\"{&quot;background_background&quot;:&quot;classic&quot;}\">\n\t\t\t\t\t<div class=\"e-con-inner\">\n\t\t<div class=\"elementor-element elementor-element-5446c508 e-con-full e-flex e-con e-child\" data-id=\"5446c508\" data-element_type=\"container\" data-settings=\"{&quot;background_background&quot;:&quot;classic&quot;}\">\n\t\t\t\t<div class=\"elementor-element elementor-element-2204c0a6 elementor-widget elementor-widget-heading\" data-id=\"2204c0a6\" data-element_type=\"widget\" data-widget_type=\"heading.default\">\n\t\t\t\t<div class=\"elementor-widget-container\">\n\t\t\t\t\t<h2 class=\"elementor-heading-title elementor-size-default\">Gabinetes base de cocina OEM<\/h2>\t\t\t\t<\/div>\n\t\t\t\t<\/div>\n\t\t\t\t<div class=\"elementor-element elementor-element-1966011f elementor-widget elementor-widget-text-editor\" data-id=\"1966011f\" data-element_type=\"widget\" data-widget_type=\"text-editor.default\">\n\t\t\t\t<div class=\"elementor-widget-container\">\n\t\t\t\t\t\t\t\t\t<p>AJ Flying, un reconocido proveedor y fabricante de gabinetes de cocina en China con m\u00e1s de una d\u00e9cada de experiencia, ofrece una amplia gama de estilos y tama\u00f1os de gabinetes, junto con extensos servicios de personalizaci\u00f3n<\/p>\t\t\t\t\t\t\t\t<\/div>\n\t\t\t\t<\/div>\n\t\t\t\t<div class=\"elementor-element elementor-element-200b36e elementor-tablet-align-center popmake-1598 elementor-widget elementor-widget-button\" data-id=\"200b36e\" data-element_type=\"widget\" data-widget_type=\"button.default\">\n\t\t\t\t<div class=\"elementor-widget-container\">\n\t\t\t\t\t\t\t\t\t<div class=\"elementor-button-wrapper\">\n\t\t\t\t\t<a class=\"elementor-button elementor-size-sm\" role=\"button\">\n\t\t\t\t\t\t<span class=\"elementor-button-content-wrapper\">\n\t\t\t\t\t\t\t\t\t<span class=\"elementor-button-text\">Obtener cotizaci\u00f3n<\/span>\n\t\t\t\t\t<\/span>\n\t\t\t\t\t<\/a>\n\t\t\t\t<\/div>\n\t\t\t\t\t\t\t\t<\/div>\n\t\t\t\t<\/div>\n\t\t\t\t<\/div>\n\t\t\t\t\t<\/div>\n\t\t\t\t<\/div>\n\t\t<div class=\"elementor-element elementor-element-48b01f65 e-flex e-con-boxed e-con e-parent\" data-id=\"48b01f65\" data-element_type=\"container\">\n\t\t\t\t\t<div class=\"e-con-inner\">\n\t\t\t\t<div class=\"elementor-element elementor-element-290a56ee elementor-widget elementor-widget-heading\" data-id=\"290a56ee\" data-element_type=\"widget\" data-widget_type=\"heading.default\">\n\t\t\t\t<div class=\"elementor-widget-container\">\n\t\t\t\t\t<h2 class=\"elementor-heading-title elementor-size-default\">Fabricante de gabinetes base de cocina<\/h2>\t\t\t\t<\/div>\n\t\t\t\t<\/div>\n\t\t\t\t<div class=\"elementor-element elementor-element-520197a4 elementor-widget elementor-widget-text-editor\" data-id=\"520197a4\" data-element_type=\"widget\" data-widget_type=\"text-editor.default\">\n\t\t\t\t<div class=\"elementor-widget-container\">\n\t\t\t\t\t\t\t\t\t<p>Los gabinetes de cocina son las unidades b\u00e1sicas de la cocina y un espacio de almacenamiento indispensable en la cocina. Generalmente se utilizan para guardar diversos utensilios de cocina y alimentos. Como un reconocido proveedor y fabricante de gabinetes de cocina en China, AJ Flying ha estado profundamente involucrado en el campo de los gabinetes de cocina durante m\u00e1s de diez a\u00f1os, y se compromete a ofrecer a los clientes gabinetes de diversos estilos y tama\u00f1os, y a apoyar servicios de personalizaci\u00f3n profunda.<\/p><p>Para adaptarse a los estilos de decoraci\u00f3n de diferentes cocinas familiares, fabricamos gabinetes de cocina de diferentes materiales. Los ingenieros de dise\u00f1o de la empresa pueden combinar <a href=\"https:\/\/www.ajflyinghome.com\/es\/page\/4\/?s=color&amp;ct_post_type=post%3Apage\">gabinetes de cocina de diferentes colores<\/a> y estilos para usted seg\u00fan la decoraci\u00f3n de su cocina. Y proporcionar diversos accesorios para gabinetes de cocina.<\/p><p>\u00a1Si busca un gabinete de cocina adecuado, podemos ayudarle!<\/p>\t\t\t\t\t\t\t\t<\/div>\n\t\t\t\t<\/div>\n\t\t\t\t<div class=\"elementor-element elementor-element-4866d0fb elementor-tablet-align-center popmake-1598 elementor-align-left elementor-widget elementor-widget-button\" data-id=\"4866d0fb\" data-element_type=\"widget\" data-widget_type=\"button.default\">\n\t\t\t\t<div class=\"elementor-widget-container\">\n\t\t\t\t\t\t\t\t\t<div class=\"elementor-button-wrapper\">\n\t\t\t\t\t<a class=\"elementor-button elementor-size-sm\" role=\"button\">\n\t\t\t\t\t\t<span class=\"elementor-button-content-wrapper\">\n\t\t\t\t\t\t\t\t\t<span class=\"elementor-button-text\">Enviar Consulta<\/span>\n\t\t\t\t\t<\/span>\n\t\t\t\t\t<\/a>\n\t\t\t\t<\/div>\n\t\t\t\t\t\t\t\t<\/div>\n\t\t\t\t<\/div>\n\t\t\t\t\t<\/div>\n\t\t\t\t<\/div>\n\t\t<div class=\"elementor-element elementor-element-59ee1eb2 e-flex e-con-boxed e-con e-parent\" data-id=\"59ee1eb2\" data-element_type=\"container\" data-settings=\"{&quot;background_background&quot;:&quot;classic&quot;}\">\n\t\t\t\t\t<div class=\"e-con-inner\">\n\t\t\t\t<div class=\"elementor-element elementor-element-4ce866f6 elementor-widget__width-initial elementor-widget-tablet__width-inherit elementor-widget elementor-widget-image\" data-id=\"4ce866f6\" data-element_type=\"widget\" data-widget_type=\"image.default\">\n\t\t\t\t<div class=\"elementor-widget-container\">\n\t\t\t\t\t\t\t\t\t\t\t\t\t\t\t<img fetchpriority=\"high\" decoding=\"async\" width=\"580\" height=\"715\" src=\"https:\/\/www.ajflyinghome.com\/wp-content\/uploads\/2024\/11\/Types-Of-Base-Cabinets.webp\" class=\"attachment-large size-large wp-image-2716\" alt=\"\" title=\"\">\t\t\t\t\t\t\t\t\t\t\t\t\t\t\t<\/div>\n\t\t\t\t<\/div>\n\t\t<div class=\"elementor-element elementor-element-7ee95799 e-con-full e-flex e-con e-child\" data-id=\"7ee95799\" data-element_type=\"container\">\n\t\t\t\t<div class=\"elementor-element elementor-element-5f9fce20 elementor-widget elementor-widget-heading\" data-id=\"5f9fce20\" data-element_type=\"widget\" data-widget_type=\"heading.default\">\n\t\t\t\t<div class=\"elementor-widget-container\">\n\t\t\t\t\t<h2 class=\"elementor-heading-title elementor-size-default\">Tipos de gabinetes base<\/h2>\t\t\t\t<\/div>\n\t\t\t\t<\/div>\n\t\t\t\t<div class=\"elementor-element elementor-element-1eb066f2 elementor-widget elementor-widget-text-editor\" data-id=\"1eb066f2\" data-element_type=\"widget\" data-widget_type=\"text-editor.default\">\n\t\t\t\t<div class=\"elementor-widget-container\">\n\t\t\t\t\t\t\t\t\t<p>El dise\u00f1o y estilo de los gabinetes base afectan directamente la eficiencia, est\u00e9tica y estilo general de la cocina. A continuaci\u00f3n, algunos estilos comunes de gabinetes base de cocina. Si necesita un estilo personalizado, por favor proporci\u00f3nenos dibujos en CAD o cu\u00e9ntenos sus ideas:<\/p><ul><li>Gabinete Base para Fregadero<\/li><li>Gabinete de esquina<\/li><li>Gabinete de caj\u00f3n<\/li><li>Gabinete de puerta y estante<\/li><li>Gabinete de puerta y caj\u00f3n<\/li><li>Gabinete de despensa<\/li><li>Gabinete para horno<\/li><\/ul>\t\t\t\t\t\t\t\t<\/div>\n\t\t\t\t<\/div>\n\t\t\t\t<div class=\"elementor-element elementor-element-77ddda2b elementor-tablet-align-center popmake-1598 elementor-widget elementor-widget-button\" data-id=\"77ddda2b\" data-element_type=\"widget\" data-widget_type=\"button.default\">\n\t\t\t\t<div class=\"elementor-widget-container\">\n\t\t\t\t\t\t\t\t\t<div class=\"elementor-button-wrapper\">\n\t\t\t\t\t<a class=\"elementor-button elementor-size-sm\" role=\"button\">\n\t\t\t\t\t\t<span class=\"elementor-button-content-wrapper\">\n\t\t\t\t\t\t\t\t\t<span class=\"elementor-button-text\">Obtener cotizaci\u00f3n<\/span>\n\t\t\t\t\t<\/span>\n\t\t\t\t\t<\/a>\n\t\t\t\t<\/div>\n\t\t\t\t\t\t\t\t<\/div>\n\t\t\t\t<\/div>\n\t\t\t\t<\/div>\n\t\t\t\t\t<\/div>\n\t\t\t\t<\/div>\n\t\t<div class=\"elementor-element elementor-element-70d79718 e-flex e-con-boxed e-con e-parent\" data-id=\"70d79718\" data-element_type=\"container\" data-settings=\"{&quot;background_background&quot;:&quot;classic&quot;}\">\n\t\t\t\t\t<div class=\"e-con-inner\">\n\t\t<div class=\"elementor-element elementor-element-248c626c e-con-full e-flex e-con e-child\" data-id=\"248c626c\" data-element_type=\"container\">\n\t\t\t\t<div class=\"elementor-element elementor-element-28bc4e59 elementor-widget elementor-widget-heading\" data-id=\"28bc4e59\" data-element_type=\"widget\" data-widget_type=\"heading.default\">\n\t\t\t\t<div class=\"elementor-widget-container\">\n\t\t\t\t\t<h2 class=\"elementor-heading-title elementor-size-default\">Tama\u00f1os personalizados<\/h2>\t\t\t\t<\/div>\n\t\t\t\t<\/div>\n\t\t\t\t<div class=\"elementor-element elementor-element-3492eb6c elementor-widget elementor-widget-text-editor\" data-id=\"3492eb6c\" data-element_type=\"widget\" data-widget_type=\"text-editor.default\">\n\t\t\t\t<div class=\"elementor-widget-container\">\n\t\t\t\t\t\t\t\t\t<p>El tama\u00f1o del gabinete base de cocina ha sido cuidadosamente dise\u00f1ado y controlado estrictamente en calidad, teniendo en cuenta las diversas necesidades de los usuarios y mejorando la experiencia en la cocina:<\/p><p>La altura suele estar entre 60 y 90 cent\u00edmetros para garantizar la comodidad de operaci\u00f3n de usuarios de diferentes alturas;<\/p><p>En cuanto a la anchura, ofrecemos opciones est\u00e1ndar de 76 cent\u00edmetros (fregadero de un seno), 84 cent\u00edmetros (fregadero doble, de offset), 91 cent\u00edmetros (fregadero doble), 122 cent\u00edmetros, o de 23 a 61 cent\u00edmetros y otras opciones para adaptarse a diferentes distribuciones y requisitos funcionales de la cocina;<\/p><p>La profundidad suele estar entre 55 y 61 cent\u00edmetros, asegurando un espacio de almacenamiento suficiente mientras evita que los usuarios se agachen y reduce la carga f\u00edsica.<\/p>\t\t\t\t\t\t\t\t<\/div>\n\t\t\t\t<\/div>\n\t\t\t\t<div class=\"elementor-element elementor-element-210d6121 elementor-tablet-align-center popmake-1598 elementor-widget elementor-widget-button\" data-id=\"210d6121\" data-element_type=\"widget\" data-widget_type=\"button.default\">\n\t\t\t\t<div class=\"elementor-widget-container\">\n\t\t\t\t\t\t\t\t\t<div class=\"elementor-button-wrapper\">\n\t\t\t\t\t<a class=\"elementor-button elementor-size-sm\" role=\"button\">\n\t\t\t\t\t\t<span class=\"elementor-button-content-wrapper\">\n\t\t\t\t\t\t\t\t\t<span class=\"elementor-button-text\">Consulta Ahora<\/span>\n\t\t\t\t\t<\/span>\n\t\t\t\t\t<\/a>\n\t\t\t\t<\/div>\n\t\t\t\t\t\t\t\t<\/div>\n\t\t\t\t<\/div>\n\t\t\t\t<\/div>\n\t\t<div class=\"elementor-element elementor-element-64dc74d4 e-con-full e-flex e-con e-child\" data-id=\"64dc74d4\" data-element_type=\"container\">\n\t\t\t\t<div class=\"elementor-element elementor-element-203d6dfa elementor-widget elementor-widget-image\" data-id=\"203d6dfa\" data-element_type=\"widget\" data-widget_type=\"image.default\">\n\t\t\t\t<div class=\"elementor-widget-container\">\n\t\t\t\t\t\t\t\t\t\t\t\t\t\t\t<img decoding=\"async\" width=\"515\" height=\"345\" src=\"https:\/\/www.ajflyinghome.com\/wp-content\/uploads\/2024\/11\/Custom-Sizes.webp\" class=\"attachment-large size-large wp-image-2713\" alt=\"Tama\u00f1os de Armarios Base\" title=\"\">\t\t\t\t\t\t\t\t\t\t\t\t\t\t\t<\/div>\n\t\t\t\t<\/div>\n\t\t\t\t<\/div>\n\t\t\t\t\t<\/div>\n\t\t\t\t<\/div>\n\t\t<div class=\"elementor-element elementor-element-458c93e0 e-flex e-con-boxed e-con e-parent\" data-id=\"458c93e0\" data-element_type=\"container\" data-settings=\"{&quot;background_background&quot;:&quot;classic&quot;}\">\n\t\t\t\t\t<div class=\"e-con-inner\">\n\t\t<div class=\"elementor-element elementor-element-2f6d58b3 e-flex e-con-boxed e-con e-child\" data-id=\"2f6d58b3\" data-element_type=\"container\" data-settings=\"{&quot;background_background&quot;:&quot;classic&quot;}\">\n\t\t\t\t\t<div class=\"e-con-inner\">\n\t\t<div class=\"elementor-element elementor-element-6e7213ce e-con-full e-flex e-con e-child\" data-id=\"6e7213ce\" data-element_type=\"container\" data-settings=\"{&quot;background_background&quot;:&quot;classic&quot;}\">\n\t\t\t\t<div class=\"elementor-element elementor-element-33f08f9c elementor-widget elementor-widget-heading\" data-id=\"33f08f9c\" data-element_type=\"widget\" data-widget_type=\"heading.default\">\n\t\t\t\t<div class=\"elementor-widget-container\">\n\t\t\t\t\t<h2 class=\"elementor-heading-title elementor-size-default\">Color Personalizado<\/h2>\t\t\t\t<\/div>\n\t\t\t\t<\/div>\n\t\t\t\t<div class=\"elementor-element elementor-element-6bdb91e3 elementor-widget elementor-widget-text-editor\" data-id=\"6bdb91e3\" data-element_type=\"widget\" data-widget_type=\"text-editor.default\">\n\t\t\t\t<div class=\"elementor-widget-container\">\n\t\t\t\t\t\t\t\t\t<p>El color influye significativamente en la atm\u00f3sfera general de la cocina. Considerando la belleza y practicidad de los armarios base en el uso diario, le ofrecemos, desde blanco y negro cl\u00e1sicos hasta colores de madera natural, pasando por gris de moda, azul, verde, Nano blanco, nano verde, color, etc.<\/p><p>La f\u00e1brica AJ Flying cuenta con 2 m\u00e1quinas de pintura totalmente autom\u00e1ticas y 3 m\u00e1quinas de moldeo por pulverizaci\u00f3n totalmente autom\u00e1ticas, que pueden colorear uniformemente los armarios base de cocina y garantizar la calidad. Por lo tanto, no importa qu\u00e9 color necesite para sus armarios base de cocina, podemos satisfacerle.<\/p>\t\t\t\t\t\t\t\t<\/div>\n\t\t\t\t<\/div>\n\t\t\t\t<div class=\"elementor-element elementor-element-67ebc0b0 elementor-tablet-align-justify elementor-align-justify popmake-1598 elementor-widget elementor-widget-button\" data-id=\"67ebc0b0\" data-element_type=\"widget\" data-widget_type=\"button.default\">\n\t\t\t\t<div class=\"elementor-widget-container\">\n\t\t\t\t\t\t\t\t\t<div class=\"elementor-button-wrapper\">\n\t\t\t\t\t<a class=\"elementor-button elementor-size-sm\" role=\"button\">\n\t\t\t\t\t\t<span class=\"elementor-button-content-wrapper\">\n\t\t\t\t\t\t\t\t\t<span class=\"elementor-button-text\">Personaliza tu armario<\/span>\n\t\t\t\t\t<\/span>\n\t\t\t\t\t<\/a>\n\t\t\t\t<\/div>\n\t\t\t\t\t\t\t\t<\/div>\n\t\t\t\t<\/div>\n\t\t\t\t<\/div>\n\t\t\t\t\t<\/div>\n\t\t\t\t<\/div>\n\t\t\t\t\t<\/div>\n\t\t\t\t<\/div>\n\t\t<div class=\"elementor-element elementor-element-2e45659 e-flex e-con-boxed e-con e-parent\" data-id=\"2e45659\" data-element_type=\"container\">\n\t\t\t\t\t<div class=\"e-con-inner\">\n\t\t<div class=\"elementor-element elementor-element-9c8c656 e-con-full e-flex e-con e-child\" data-id=\"9c8c656\" data-element_type=\"container\">\n\t\t<div class=\"elementor-element elementor-element-df83f85 e-con-full e-flex e-con e-child\" data-id=\"df83f85\" data-element_type=\"container\">\n\t\t\t\t<div class=\"elementor-element elementor-element-81b3e7f elementor-widget elementor-widget-heading\" data-id=\"81b3e7f\" data-element_type=\"widget\" data-widget_type=\"heading.default\">\n\t\t\t\t<div class=\"elementor-widget-container\">\n\t\t\t\t\t<h2 class=\"elementor-heading-title elementor-size-default\">Elegir Material del Armario Base<\/h2>\t\t\t\t<\/div>\n\t\t\t\t<\/div>\n\t\t\t\t<div class=\"elementor-element elementor-element-e1ee137 elementor-widget elementor-widget-text-editor\" data-id=\"e1ee137\" data-element_type=\"widget\" data-widget_type=\"text-editor.default\">\n\t\t\t\t<div class=\"elementor-widget-container\">\n\t\t\t\t\t\t\t\t\t<p>Seleccionamos una variedad de materiales de alta calidad para fabricar armarios de cocina, asegurando su durabilidad, belleza y funcionalidad. La madera maciza y el contrachapado pueden proporcionar textura natural y larga vida \u00fatil; <a href=\"https:\/\/www.ajflyinghome.com\/es\/mdf-kitchen-cabinet\/\">MDF<\/a> El MDF (tablero de fibra de densidad media) y el tablero de part\u00edculas son resistentes a la humedad y adecuados para ambientes h\u00famedos en cocinas; los materiales de acero inoxidable y aluminio aportan modernidad y son f\u00e1ciles de limpiar.<\/p><p>Todos los materiales son sometidos a un estricto control de calidad, y la madera utilizada cumple con los est\u00e1ndares de protecci\u00f3n ambiental de grado E1 y superiores, y el contenido de emisi\u00f3n de formaldeh\u00eddo es \u22640.124mg\/m\u00b3. Esto puede proporcionar un entorno de vida m\u00e1s saludable y seguro para su familia.<\/p>\t\t\t\t\t\t\t\t<\/div>\n\t\t\t\t<\/div>\n\t\t\t\t<div class=\"elementor-element elementor-element-6a7c432 elementor-tablet-align-center popmake-1598 elementor-align-left elementor-widget elementor-widget-button\" data-id=\"6a7c432\" data-element_type=\"widget\" data-widget_type=\"button.default\">\n\t\t\t\t<div class=\"elementor-widget-container\">\n\t\t\t\t\t\t\t\t\t<div class=\"elementor-button-wrapper\">\n\t\t\t\t\t<a class=\"elementor-button elementor-size-sm\" role=\"button\">\n\t\t\t\t\t\t<span class=\"elementor-button-content-wrapper\">\n\t\t\t\t\t\t\t\t\t<span class=\"elementor-button-text\">Enviar Consulta<\/span>\n\t\t\t\t\t<\/span>\n\t\t\t\t\t<\/a>\n\t\t\t\t<\/div>\n\t\t\t\t\t\t\t\t<\/div>\n\t\t\t\t<\/div>\n\t\t\t\t<\/div>\n\t\t\t\t<\/div>\n\t\t<div class=\"elementor-element elementor-element-99df625 e-con-full e-flex e-con e-child\" data-id=\"99df625\" data-element_type=\"container\">\n\t\t\t\t<div class=\"elementor-element elementor-element-1707349 elementor-widget elementor-widget-image\" data-id=\"1707349\" data-element_type=\"widget\" data-widget_type=\"image.default\">\n\t\t\t\t<div class=\"elementor-widget-container\">\n\t\t\t\t\t\t\t\t\t\t\t\t\t\t\t<img decoding=\"async\" width=\"550\" height=\"365\" src=\"https:\/\/www.ajflyinghome.com\/wp-content\/uploads\/2024\/11\/Choose-Base-Cabinet-Material.webp\" class=\"attachment-large size-large wp-image-2711\" alt=\"Material del Armario Base\" title=\"\">\t\t\t\t\t\t\t\t\t\t\t\t\t\t\t<\/div>\n\t\t\t\t<\/div>\n\t\t\t\t<\/div>\n\t\t\t\t\t<\/div>\n\t\t\t\t<\/div>\n\t\t<div class=\"elementor-element elementor-element-e82aa78 e-flex e-con-boxed e-con e-parent\" data-id=\"e82aa78\" data-element_type=\"container\">\n\t\t\t\t\t<div class=\"e-con-inner\">\n\t\t<div class=\"elementor-element elementor-element-dd8fcba e-con-full e-flex e-con e-child\" data-id=\"dd8fcba\" data-element_type=\"container\">\n\t\t\t\t<div class=\"elementor-element elementor-element-15fe32a elementor-widget elementor-widget-image\" data-id=\"15fe32a\" data-element_type=\"widget\" data-widget_type=\"image.default\">\n\t\t\t\t<div class=\"elementor-widget-container\">\n\t\t\t\t\t\t\t\t\t\t\t\t\t\t\t<img loading=\"lazy\" decoding=\"async\" width=\"550\" height=\"365\" src=\"https:\/\/www.ajflyinghome.com\/wp-content\/uploads\/2024\/11\/Kitchen-Base-Cabinet-Accessories.webp\" class=\"attachment-large size-large wp-image-2714\" alt=\"Accesorios para Armarios Base de Cocina\" title=\"\">\t\t\t\t\t\t\t\t\t\t\t\t\t\t\t<\/div>\n\t\t\t\t<\/div>\n\t\t\t\t<\/div>\n\t\t<div class=\"elementor-element elementor-element-a554172 e-con-full e-flex e-con e-child\" data-id=\"a554172\" data-element_type=\"container\">\n\t\t<div class=\"elementor-element elementor-element-e628695 e-con-full e-flex e-con e-child\" data-id=\"e628695\" data-element_type=\"container\">\n\t\t\t\t<div class=\"elementor-element elementor-element-da6f76b elementor-widget elementor-widget-heading\" data-id=\"da6f76b\" data-element_type=\"widget\" data-widget_type=\"heading.default\">\n\t\t\t\t<div class=\"elementor-widget-container\">\n\t\t\t\t\t<h2 class=\"elementor-heading-title elementor-size-default\">Accesorios para Armarios Base de Cocina<\/h2>\t\t\t\t<\/div>\n\t\t\t\t<\/div>\n\t\t\t\t<\/div>\n\t\t\t\t<div class=\"elementor-element elementor-element-caf9150 elementor-widget elementor-widget-text-editor\" data-id=\"caf9150\" data-element_type=\"widget\" data-widget_type=\"text-editor.default\">\n\t\t\t\t<div class=\"elementor-widget-container\">\n\t\t\t\t\t\t\t\t\t<p>Los armarios de cocina de AJ Flying se han exportado a m\u00e1s de 160 pa\u00edses y regiones, por lo que conocemos la importancia de los accesorios para la funcionalidad y la experiencia del usuario de los armarios. Ofrecemos accesorios de alta calidad como rieles para cajones, bisagras, almacenamiento Lazy Susan, pat\u00edn para pies, contenedor de residuos, cajones, estantes, soportes para estantes, etc.<\/p><p>Cada accesorio es cuidadosamente seleccionado y dise\u00f1ado para mejorar la practicidad, belleza y durabilidad de los armarios de cocina y brindarle la mejor experiencia en la cocina. Si desea saber m\u00e1s sobre otros accesorios de armarios, env\u00edenos un correo electr\u00f3nico.<\/p>\t\t\t\t\t\t\t\t<\/div>\n\t\t\t\t<\/div>\n\t\t\t\t<div class=\"elementor-element elementor-element-34e3246 elementor-tablet-align-center popmake-1598 elementor-widget elementor-widget-button\" data-id=\"34e3246\" data-element_type=\"widget\" data-widget_type=\"button.default\">\n\t\t\t\t<div class=\"elementor-widget-container\">\n\t\t\t\t\t\t\t\t\t<div class=\"elementor-button-wrapper\">\n\t\t\t\t\t<a class=\"elementor-button elementor-size-sm\" role=\"button\">\n\t\t\t\t\t\t<span class=\"elementor-button-content-wrapper\">\n\t\t\t\t\t\t\t\t\t<span class=\"elementor-button-text\">Obtener cotizaci\u00f3n<\/span>\n\t\t\t\t\t<\/span>\n\t\t\t\t\t<\/a>\n\t\t\t\t<\/div>\n\t\t\t\t\t\t\t\t<\/div>\n\t\t\t\t<\/div>\n\t\t\t\t<\/div>\n\t\t\t\t\t<\/div>\n\t\t\t\t<\/div>\n\t\t\t\t<\/div>","protected":false},"excerpt":{"rendered":"<p>Oem Gabinetes base de cocina AJ Flying, un reconocido proveedor y fabricante de gabinetes de cocina en China con m\u00e1s de una d\u00e9cada de experiencia, ofrece una amplia gama de estilos y tama\u00f1os de gabinetes, junto con extensos servicios de personalizaci\u00f3n. Solicitar presupuesto. Fabricante de gabinetes base de cocina. Los gabinetes de cocina son las unidades b\u00e1sicas de la cocina y son un almacenamiento indispensable.<\/p>","protected":false},"author":2,"featured_media":3167,"parent":0,"menu_order":0,"comment_status":"closed","ping_status":"closed","template":"elementor_header_footer","meta":{"_acf_changed":false,"footnotes":""},"class_list":["post-2612","page","type-page","status-publish","has-post-thumbnail","hentry"],"blocksy_meta":[],"acf":[],"_links":{"self":[{"href":"https:\/\/www.ajflyinghome.com\/es\/wp-json\/wp\/v2\/pages\/2612","targetHints":{"allow":["GET"]}}],"collection":[{"href":"https:\/\/www.ajflyinghome.com\/es\/wp-json\/wp\/v2\/pages"}],"about":[{"href":"https:\/\/www.ajflyinghome.com\/es\/wp-json\/wp\/v2\/types\/page"}],"author":[{"embeddable":true,"href":"https:\/\/www.ajflyinghome.com\/es\/wp-json\/wp\/v2\/users\/2"}],"replies":[{"embeddable":true,"href":"https:\/\/www.ajflyinghome.com\/es\/wp-json\/wp\/v2\/comments?post=2612"}],"version-history":[{"count":0,"href":"https:\/\/www.ajflyinghome.com\/es\/wp-json\/wp\/v2\/pages\/2612\/revisions"}],"wp:featuredmedia":[{"embeddable":true,"href":"https:\/\/www.ajflyinghome.com\/es\/wp-json\/wp\/v2\/media\/3167"}],"wp:attachment":[{"href":"https:\/\/www.ajflyinghome.com\/es\/wp-json\/wp\/v2\/media?parent=2612"}],"curies":[{"name":"wp","href":"https:\/\/api.w.org\/{rel}","templated":true}]}}