{"id":2632,"date":"2024-11-28T16:11:28","date_gmt":"2024-11-28T08:11:28","guid":{"rendered":"https:\/\/www.ajflyinghome.com\/?page_id=2632"},"modified":"2025-04-24T11:39:53","modified_gmt":"2025-04-24T03:39:53","slug":"high-gloss-kitchen-cabinets","status":"publish","type":"page","link":"https:\/\/www.ajflyinghome.com\/es\/high-gloss-kitchen-cabinets\/","title":{"rendered":"Fabricante de armarios de cocina de alto brillo a medida en China"},"content":{"rendered":"<div data-elementor-type=\"wp-page\" data-elementor-id=\"2632\" class=\"elementor elementor-2632\">\n\t\t\t\t<div class=\"elementor-element elementor-element-25afbf7b e-flex e-con-boxed e-con e-parent\" data-id=\"25afbf7b\" data-element_type=\"container\" data-settings=\"{&quot;background_background&quot;:&quot;classic&quot;}\">\n\t\t\t\t\t<div class=\"e-con-inner\">\n\t\t<div class=\"elementor-element elementor-element-78545bdd e-con-full e-flex e-con e-child\" data-id=\"78545bdd\" data-element_type=\"container\" data-settings=\"{&quot;background_background&quot;:&quot;classic&quot;}\">\n\t\t\t\t<div class=\"elementor-element elementor-element-48d5d6c9 elementor-widget elementor-widget-heading\" data-id=\"48d5d6c9\" data-element_type=\"widget\" data-widget_type=\"heading.default\">\n\t\t\t\t<div class=\"elementor-widget-container\">\n\t\t\t\t\t<h2 class=\"elementor-heading-title elementor-size-default\">Proveedor de Gabinetes de Cocina de Alto Brillo en Espa\u00f1a<\/h2>\t\t\t\t<\/div>\n\t\t\t\t<\/div>\n\t\t\t\t<div class=\"elementor-element elementor-element-6507eb69 elementor-widget elementor-widget-text-editor\" data-id=\"6507eb69\" data-element_type=\"widget\" data-widget_type=\"text-editor.default\">\n\t\t\t\t<div class=\"elementor-widget-container\">\n\t\t\t\t\t\t\t\t\t<p>Nuestros gabinetes de cocina de alto brillo son populares entre los clientes por su buena calidad, bajo precio y personalizaci\u00f3n. Los gabinetes est\u00e1n acabados con tereftalato de polietileno, lo que hace que la superficie sea suave y plana, hermosa y f\u00e1cil de limpiar. AJ Flying cuenta con su propia f\u00e1brica de producci\u00f3n de gabinetes. Cont\u00e1ctanos y obt\u00e9n una cotizaci\u00f3n de primera mano aqu\u00ed.<\/p>\t\t\t\t\t\t\t\t<\/div>\n\t\t\t\t<\/div>\n\t\t\t\t<div class=\"elementor-element elementor-element-579b741b elementor-tablet-align-center popmake-1598 elementor-widget elementor-widget-button\" data-id=\"579b741b\" data-element_type=\"widget\" data-widget_type=\"button.default\">\n\t\t\t\t<div class=\"elementor-widget-container\">\n\t\t\t\t\t\t\t\t\t<div class=\"elementor-button-wrapper\">\n\t\t\t\t\t<a class=\"elementor-button elementor-size-sm\" role=\"button\">\n\t\t\t\t\t\t<span class=\"elementor-button-content-wrapper\">\n\t\t\t\t\t\t\t\t\t<span class=\"elementor-button-text\">Obtener cotizaci\u00f3n<\/span>\n\t\t\t\t\t<\/span>\n\t\t\t\t\t<\/a>\n\t\t\t\t<\/div>\n\t\t\t\t\t\t\t\t<\/div>\n\t\t\t\t<\/div>\n\t\t\t\t<\/div>\n\t\t\t\t\t<\/div>\n\t\t\t\t<\/div>\n\t\t<div class=\"elementor-element elementor-element-6cc709cf e-flex e-con-boxed e-con e-parent\" data-id=\"6cc709cf\" data-element_type=\"container\">\n\t\t\t\t\t<div class=\"e-con-inner\">\n\t\t\t\t<div class=\"elementor-element elementor-element-57f1fca5 elementor-widget elementor-widget-heading\" data-id=\"57f1fca5\" data-element_type=\"widget\" data-widget_type=\"heading.default\">\n\t\t\t\t<div class=\"elementor-widget-container\">\n\t\t\t\t\t<h2 class=\"elementor-heading-title elementor-size-default\">Gabinetes de Cocina de Alto Brillo de AJ Flying<\/h2>\t\t\t\t<\/div>\n\t\t\t\t<\/div>\n\t\t\t\t<div class=\"elementor-element elementor-element-1beffb elementor-widget elementor-widget-text-editor\" data-id=\"1beffb\" data-element_type=\"widget\" data-widget_type=\"text-editor.default\">\n\t\t\t\t<div class=\"elementor-widget-container\">\n\t\t\t\t\t\t\t\t\t<p>AJ Flying puede personalizar tus gabinetes de cocina de alto brillo seg\u00fan tus necesidades y presupuesto. Si tu presupuesto no es alto, tenemos tableros de part\u00edculas y tableros de densidad econ\u00f3micos como materiales para que elijas. Tambi\u00e9n puedes optar por madera maciza natural y lujosa para fabricar tus gabinetes. Ofrecemos una variedad de opciones econ\u00f3micas.<\/p><p>Si buscas una experiencia sensorial, utilizaremos accesorios de hardware de alta calidad como bisagras hidr\u00e1ulicas y deslizantes silenciosos para que tus gabinetes de cocina de alto brillo abran y cierren suavemente sin ruido, adem\u00e1s de prolongar la vida \u00fatil de los gabinetes.<\/p><p>Los materiales de los gabinetes de alto brillo de AJ Flying son procesados mediante acabado y banda de canto PUR, que envuelve la madera y no permite que se filtre formaldeh\u00eddo f\u00e1cilmente. Su nivel de protecci\u00f3n ambiental es superior a E1, por lo que puedes comprarlos con confianza.<\/p>\t\t\t\t\t\t\t\t<\/div>\n\t\t\t\t<\/div>\n\t\t\t\t<div class=\"elementor-element elementor-element-648de839 elementor-tablet-align-center popmake-1598 elementor-align-left elementor-widget elementor-widget-button\" data-id=\"648de839\" data-element_type=\"widget\" data-widget_type=\"button.default\">\n\t\t\t\t<div class=\"elementor-widget-container\">\n\t\t\t\t\t\t\t\t\t<div class=\"elementor-button-wrapper\">\n\t\t\t\t\t<a class=\"elementor-button elementor-size-sm\" role=\"button\">\n\t\t\t\t\t\t<span class=\"elementor-button-content-wrapper\">\n\t\t\t\t\t\t\t\t\t<span class=\"elementor-button-text\">Enviar Consulta<\/span>\n\t\t\t\t\t<\/span>\n\t\t\t\t\t<\/a>\n\t\t\t\t<\/div>\n\t\t\t\t\t\t\t\t<\/div>\n\t\t\t\t<\/div>\n\t\t\t\t\t<\/div>\n\t\t\t\t<\/div>\n\t\t<div class=\"elementor-element elementor-element-6a481479 e-flex e-con-boxed e-con e-parent\" data-id=\"6a481479\" data-element_type=\"container\">\n\t\t\t\t\t<div class=\"e-con-inner\">\n\t\t\t\t<div class=\"elementor-element elementor-element-734f9ddc elementor-widget elementor-widget-heading\" data-id=\"734f9ddc\" data-element_type=\"widget\" data-widget_type=\"heading.default\">\n\t\t\t\t<div class=\"elementor-widget-container\">\n\t\t\t\t\t<h2 class=\"elementor-heading-title elementor-size-default\">Caracter\u00edsticas de los Gabinetes de Cocina de Alto Brillo<\/h2>\t\t\t\t<\/div>\n\t\t\t\t<\/div>\n\t\t<div class=\"elementor-element elementor-element-3127509f e-con-full e-flex e-con e-child\" data-id=\"3127509f\" data-element_type=\"container\">\n\t\t<div class=\"elementor-element elementor-element-c81e498 e-con-full e-flex e-con e-child\" data-id=\"c81e498\" data-element_type=\"container\">\n\t\t\t\t<div class=\"elementor-element elementor-element-ef28c0e elementor-widget elementor-widget-icon-box\" data-id=\"ef28c0e\" data-element_type=\"widget\" data-widget_type=\"icon-box.default\">\n\t\t\t\t<div class=\"elementor-widget-container\">\n\t\t\t\t\t\t\t<div class=\"elementor-icon-box-wrapper\">\n\n\t\t\t\n\t\t\t\t\t\t<div class=\"elementor-icon-box-content\">\n\n\t\t\t\t\t\t\t\t\t<h3 class=\"elementor-icon-box-title\">\n\t\t\t\t\t\t<span  >\n\t\t\t\t\t\t\tDuraderos y F\u00e1ciles de Limpiar\t\t\t\t\t\t<\/span>\n\t\t\t\t\t<\/h3>\n\t\t\t\t\n\t\t\t\t\t\t\t\t\t<p class=\"elementor-icon-box-description\">\n\t\t\t\t\t\tLos gabinetes de AJ Flying utilizan tecnolog\u00eda de acabado de alto brillo PET, que mejora en gran medida las capacidades de resistencia a la humedad y antibacterianas del gabinete. Adem\u00e1s, los hace resistentes y duraderos, manteni\u00e9ndolos ordenados y hermosos.\t\t\t\t\t<\/p>\n\t\t\t\t\n\t\t\t<\/div>\n\t\t\t\n\t\t<\/div>\n\t\t\t\t\t\t<\/div>\n\t\t\t\t<\/div>\n\t\t\t\t<\/div>\n\t\t<div class=\"elementor-element elementor-element-0206890 e-con-full e-flex e-con e-child\" data-id=\"0206890\" data-element_type=\"container\">\n\t\t\t\t<div class=\"elementor-element elementor-element-5414eb0 elementor-widget elementor-widget-icon-box\" data-id=\"5414eb0\" data-element_type=\"widget\" data-widget_type=\"icon-box.default\">\n\t\t\t\t<div class=\"elementor-widget-container\">\n\t\t\t\t\t\t\t<div class=\"elementor-icon-box-wrapper\">\n\n\t\t\t\n\t\t\t\t\t\t<div class=\"elementor-icon-box-content\">\n\n\t\t\t\t\t\t\t\t\t<h3 class=\"elementor-icon-box-title\">\n\t\t\t\t\t\t<span  >\n\t\t\t\t\t\t\tEste es el encabezado\t\t\t\t\t\t<\/span>\n\t\t\t\t\t<\/h3>\n\t\t\t\t\n\t\t\t\t\t\t\t\t\t<p class=\"elementor-icon-box-description\">\n\t\t\t\t\t\tLos gabinetes de alto brillo de AJ Flying tienen un acabado similar a un espejo que har\u00e1 que tu espacio de cocina parezca m\u00e1s grande y brillante. El acabado de alto brillo hace que los colores sean m\u00e1s saturados, d\u00e1ndole un aspecto elegante y moderno, por lo que es perfecto para dise\u00f1os de cocina modernos.\t\t\t\t\t<\/p>\n\t\t\t\t\n\t\t\t<\/div>\n\t\t\t\n\t\t<\/div>\n\t\t\t\t\t\t<\/div>\n\t\t\t\t<\/div>\n\t\t\t\t<\/div>\n\t\t<div class=\"elementor-element elementor-element-c5a7d3a e-con-full e-flex e-con e-child\" data-id=\"c5a7d3a\" data-element_type=\"container\">\n\t\t\t\t<div class=\"elementor-element elementor-element-4568509 elementor-widget elementor-widget-icon-box\" data-id=\"4568509\" data-element_type=\"widget\" data-widget_type=\"icon-box.default\">\n\t\t\t\t<div class=\"elementor-widget-container\">\n\t\t\t\t\t\t\t<div class=\"elementor-icon-box-wrapper\">\n\n\t\t\t\n\t\t\t\t\t\t<div class=\"elementor-icon-box-content\">\n\n\t\t\t\t\t\t\t\t\t<h3 class=\"elementor-icon-box-title\">\n\t\t\t\t\t\t<span  >\n\t\t\t\t\t\t\tEste es el encabezado\t\t\t\t\t\t<\/span>\n\t\t\t\t\t<\/h3>\n\t\t\t\t\n\t\t\t\t\t\t\t\t\t<p class=\"elementor-icon-box-description\">\n\t\t\t\t\t\tLos gabinetes de alto brillo de AJ Flying tienen un gran espacio de almacenamiento, que puede realizar la partici\u00f3n de condimentos, platos, utensilios de limpieza de cocina y otros art\u00edculos para satisfacer tus necesidades de almacenamiento. Podemos configurar el tama\u00f1o de cada compartimento y espacio de caj\u00f3n seg\u00fan tus necesidades. \t\t\t\t\t<\/p>\n\t\t\t\t\n\t\t\t<\/div>\n\t\t\t\n\t\t<\/div>\n\t\t\t\t\t\t<\/div>\n\t\t\t\t<\/div>\n\t\t\t\t<\/div>\n\t\t\t\t<\/div>\n\t\t\t\t\t<\/div>\n\t\t\t\t<\/div>\n\t\t<div class=\"elementor-element elementor-element-371dcb5 e-flex e-con-boxed e-con e-parent\" data-id=\"371dcb5\" data-element_type=\"container\" data-settings=\"{&quot;background_background&quot;:&quot;classic&quot;}\">\n\t\t\t\t\t<div class=\"e-con-inner\">\n\t\t\t\t<div class=\"elementor-element elementor-element-1b478c39 elementor-widget__width-initial elementor-widget-tablet__width-inherit elementor-widget elementor-widget-image\" data-id=\"1b478c39\" data-element_type=\"widget\" data-widget_type=\"image.default\">\n\t\t\t\t<div class=\"elementor-widget-container\">\n\t\t\t\t\t\t\t\t\t\t\t\t\t\t\t<img fetchpriority=\"high\" decoding=\"async\" width=\"575\" height=\"645\" src=\"https:\/\/www.ajflyinghome.com\/wp-content\/uploads\/2024\/11\/Material-Options-3.webp\" class=\"attachment-large size-large wp-image-2728\" alt=\"Opciones de Material\" title=\"\">\t\t\t\t\t\t\t\t\t\t\t\t\t\t\t<\/div>\n\t\t\t\t<\/div>\n\t\t<div class=\"elementor-element elementor-element-8e35eb5 e-con-full e-flex e-con e-child\" data-id=\"8e35eb5\" data-element_type=\"container\">\n\t\t\t\t<div class=\"elementor-element elementor-element-2b7326cc elementor-widget elementor-widget-heading\" data-id=\"2b7326cc\" data-element_type=\"widget\" data-widget_type=\"heading.default\">\n\t\t\t\t<div class=\"elementor-widget-container\">\n\t\t\t\t\t<h2 class=\"elementor-heading-title elementor-size-default\">Opciones de Material<\/h2>\t\t\t\t<\/div>\n\t\t\t\t<\/div>\n\t\t\t\t<div class=\"elementor-element elementor-element-2e9c1184 elementor-widget elementor-widget-text-editor\" data-id=\"2e9c1184\" data-element_type=\"widget\" data-widget_type=\"text-editor.default\">\n\t\t\t\t<div class=\"elementor-widget-container\">\n\t\t\t\t\t\t\t\t\t<p>En AJ Flying, puedes elegir entre una variedad de materiales para fabricar <a href=\"https:\/\/www.ajflyinghome.com\/es\/kitchen-cabinets\/\">armarios de cocina<\/a>Cuando tu presupuesto es limitado, puedes optar por tableros de part\u00edculas y tableros de densidad de menor precio. Estos tableros est\u00e1n tratados con alto brillo PET, y sus propiedades a prueba de humedad y belleza mejorar\u00e1n considerablemente, as\u00ed que no te preocupes por la calidad de nuestros gabinetes.<\/p><p>Si valoras la calidad natural y lujosa de los gabinetes, AJ Flying tiene tableros de madera maciza para que elijas. En resumen, nuestro servicio de personalizaci\u00f3n puede ayudarte a obtener los gabinetes que mejor se adapten a tu presupuesto y personalidad en t\u00e9rminos de materiales.<\/p>\t\t\t\t\t\t\t\t<\/div>\n\t\t\t\t<\/div>\n\t\t\t\t<div class=\"elementor-element elementor-element-5b4b9c16 elementor-tablet-align-center popmake-1598 elementor-widget elementor-widget-button\" data-id=\"5b4b9c16\" data-element_type=\"widget\" data-widget_type=\"button.default\">\n\t\t\t\t<div class=\"elementor-widget-container\">\n\t\t\t\t\t\t\t\t\t<div class=\"elementor-button-wrapper\">\n\t\t\t\t\t<a class=\"elementor-button elementor-size-sm\" role=\"button\">\n\t\t\t\t\t\t<span class=\"elementor-button-content-wrapper\">\n\t\t\t\t\t\t\t\t\t<span class=\"elementor-button-text\">Obtener cotizaci\u00f3n<\/span>\n\t\t\t\t\t<\/span>\n\t\t\t\t\t<\/a>\n\t\t\t\t<\/div>\n\t\t\t\t\t\t\t\t<\/div>\n\t\t\t\t<\/div>\n\t\t\t\t<\/div>\n\t\t\t\t\t<\/div>\n\t\t\t\t<\/div>\n\t\t<div class=\"elementor-element elementor-element-4a2cdd8f e-flex e-con-boxed e-con e-parent\" data-id=\"4a2cdd8f\" data-element_type=\"container\" data-settings=\"{&quot;background_background&quot;:&quot;classic&quot;}\">\n\t\t\t\t\t<div class=\"e-con-inner\">\n\t\t<div class=\"elementor-element elementor-element-36404b0a e-con-full e-flex e-con e-child\" data-id=\"36404b0a\" data-element_type=\"container\">\n\t\t\t\t<div class=\"elementor-element elementor-element-35793359 elementor-widget elementor-widget-heading\" data-id=\"35793359\" data-element_type=\"widget\" data-widget_type=\"heading.default\">\n\t\t\t\t<div class=\"elementor-widget-container\">\n\t\t\t\t\t<h2 class=\"elementor-heading-title elementor-size-default\">Encimera a medida<\/h2>\t\t\t\t<\/div>\n\t\t\t\t<\/div>\n\t\t\t\t<div class=\"elementor-element elementor-element-40dce7ac elementor-widget elementor-widget-text-editor\" data-id=\"40dce7ac\" data-element_type=\"widget\" data-widget_type=\"text-editor.default\">\n\t\t\t\t<div class=\"elementor-widget-container\">\n\t\t\t\t\t\t\t\t\t<p>Las encimeras de AJ Flying se producen con gran cuidado y perfecci\u00f3n, esforz\u00e1ndose por crear encimeras de gabinetes de alta gama duraderas, ign\u00edfugas y resistentes a las quemaduras. Nuestras encimeras de piedra artificial est\u00e1n cortadas, empalmadas y pulidas para reducir las juntas. Adem\u00e1s, hemos a\u00f1adido dise\u00f1os de arco de retenci\u00f3n de agua en la parte frontal y trasera para evitar que el agua fluya hacia la pared y el suelo, y prevenir que la pared se humedezca y desarrolle moho. Personalizamos <a href=\"https:\/\/www.ajflyinghome.com\/es\/kitchen-countertop-height-and-depth\/\">profundidad y altura de la encimera<\/a> para adaptarse a la distribuci\u00f3n de tu cocina.<\/p><p>Tambi\u00e9n puedes elegir encimeras de madera, acero inoxidable o piedra, cada una con sus caracter\u00edsticas.<\/p>\t\t\t\t\t\t\t\t<\/div>\n\t\t\t\t<\/div>\n\t\t\t\t<div class=\"elementor-element elementor-element-cfa670a elementor-tablet-align-center popmake-1598 elementor-widget elementor-widget-button\" data-id=\"cfa670a\" data-element_type=\"widget\" data-widget_type=\"button.default\">\n\t\t\t\t<div class=\"elementor-widget-container\">\n\t\t\t\t\t\t\t\t\t<div class=\"elementor-button-wrapper\">\n\t\t\t\t\t<a class=\"elementor-button elementor-size-sm\" role=\"button\">\n\t\t\t\t\t\t<span class=\"elementor-button-content-wrapper\">\n\t\t\t\t\t\t\t\t\t<span class=\"elementor-button-text\">Consulta Ahora<\/span>\n\t\t\t\t\t<\/span>\n\t\t\t\t\t<\/a>\n\t\t\t\t<\/div>\n\t\t\t\t\t\t\t\t<\/div>\n\t\t\t\t<\/div>\n\t\t\t\t<\/div>\n\t\t<div class=\"elementor-element elementor-element-2b51e171 e-con-full e-flex e-con e-child\" data-id=\"2b51e171\" data-element_type=\"container\" data-settings=\"{&quot;background_background&quot;:&quot;classic&quot;}\">\n\t\t\t\t<div class=\"elementor-element elementor-element-70b11c9c elementor-widget elementor-widget-image\" data-id=\"70b11c9c\" data-element_type=\"widget\" data-widget_type=\"image.default\">\n\t\t\t\t<div class=\"elementor-widget-container\">\n\t\t\t\t\t\t\t\t\t\t\t\t\t\t\t<img decoding=\"async\" width=\"515\" height=\"560\" src=\"https:\/\/www.ajflyinghome.com\/wp-content\/uploads\/2024\/11\/Bespoke-Countertop.webp\" class=\"attachment-large size-large wp-image-2729\" alt=\"\" title=\"\">\t\t\t\t\t\t\t\t\t\t\t\t\t\t\t<\/div>\n\t\t\t\t<\/div>\n\t\t\t\t<\/div>\n\t\t\t\t\t<\/div>\n\t\t\t\t<\/div>\n\t\t<div class=\"elementor-element elementor-element-6f3b3a03 e-flex e-con-boxed e-con e-parent\" data-id=\"6f3b3a03\" data-element_type=\"container\" data-settings=\"{&quot;background_background&quot;:&quot;classic&quot;}\">\n\t\t\t\t\t<div class=\"e-con-inner\">\n\t\t<div class=\"elementor-element elementor-element-41afbd89 e-flex e-con-boxed e-con e-child\" data-id=\"41afbd89\" data-element_type=\"container\" data-settings=\"{&quot;background_background&quot;:&quot;classic&quot;}\">\n\t\t\t\t\t<div class=\"e-con-inner\">\n\t\t<div class=\"elementor-element elementor-element-1294266a e-con-full e-flex e-con e-child\" data-id=\"1294266a\" data-element_type=\"container\" data-settings=\"{&quot;background_background&quot;:&quot;classic&quot;}\">\n\t\t\t\t<div class=\"elementor-element elementor-element-70f17df1 elementor-widget elementor-widget-heading\" data-id=\"70f17df1\" data-element_type=\"widget\" data-widget_type=\"heading.default\">\n\t\t\t\t<div class=\"elementor-widget-container\">\n\t\t\t\t\t<h2 class=\"elementor-heading-title elementor-size-default\">Tama\u00f1o a medida<\/h2>\t\t\t\t<\/div>\n\t\t\t\t<\/div>\n\t\t\t\t<div class=\"elementor-element elementor-element-4b0b5a5 elementor-widget elementor-widget-text-editor\" data-id=\"4b0b5a5\" data-element_type=\"widget\" data-widget_type=\"text-editor.default\">\n\t\t\t\t<div class=\"elementor-widget-container\">\n\t\t\t\t\t\t\t\t\t<p>En AJ Flying, principalmente ofrecemos servicios de tama\u00f1o personalizado. Puede proporcionarnos sus planos de dise\u00f1o de cocina o simplemente indicarnos la longitud, profundidad y altura de los armarios. Nosotros fabricaremos armarios personalizados seg\u00fan su espacio real y requisitos de uso.<\/p><p>Le proporcionaremos dibujos en CAD para que tenga una comprensi\u00f3n intuitiva de sus armarios de cocina y asegurarse de que est\u00e9 satisfecho antes de comenzar la producci\u00f3n.<\/p>\t\t\t\t\t\t\t\t<\/div>\n\t\t\t\t<\/div>\n\t\t\t\t<div class=\"elementor-element elementor-element-60a3b25a elementor-tablet-align-justify elementor-align-justify popmake-1598 elementor-widget elementor-widget-button\" data-id=\"60a3b25a\" data-element_type=\"widget\" data-widget_type=\"button.default\">\n\t\t\t\t<div class=\"elementor-widget-container\">\n\t\t\t\t\t\t\t\t\t<div class=\"elementor-button-wrapper\">\n\t\t\t\t\t<a class=\"elementor-button elementor-size-sm\" role=\"button\">\n\t\t\t\t\t\t<span class=\"elementor-button-content-wrapper\">\n\t\t\t\t\t\t\t\t\t<span class=\"elementor-button-text\">Personaliza tu armario<\/span>\n\t\t\t\t\t<\/span>\n\t\t\t\t\t<\/a>\n\t\t\t\t<\/div>\n\t\t\t\t\t\t\t\t<\/div>\n\t\t\t\t<\/div>\n\t\t\t\t<\/div>\n\t\t\t\t\t<\/div>\n\t\t\t\t<\/div>\n\t\t\t\t\t<\/div>\n\t\t\t\t<\/div>\n\t\t<div class=\"elementor-element elementor-element-1530849 e-con-full e-flex e-con e-parent\" data-id=\"1530849\" data-element_type=\"container\">\n\t\t<div class=\"elementor-element elementor-element-8d69097 e-con-full e-flex e-con e-child\" data-id=\"8d69097\" data-element_type=\"container\">\n\t\t\t\t<div class=\"elementor-element elementor-element-10578ed elementor-widget elementor-widget-image\" data-id=\"10578ed\" data-element_type=\"widget\" data-widget_type=\"image.default\">\n\t\t\t\t<div class=\"elementor-widget-container\">\n\t\t\t\t\t\t\t\t\t\t\t\t\t\t\t<img decoding=\"async\" width=\"550\" height=\"500\" src=\"https:\/\/www.ajflyinghome.com\/wp-content\/uploads\/2024\/11\/Cabinet-Color-Finish.webp\" class=\"attachment-large size-large wp-image-2731\" alt=\"Color y acabado del armario\" title=\"\">\t\t\t\t\t\t\t\t\t\t\t\t\t\t\t<\/div>\n\t\t\t\t<\/div>\n\t\t\t\t<\/div>\n\t\t<div class=\"elementor-element elementor-element-8c62c82 e-con-full e-flex e-con e-child\" data-id=\"8c62c82\" data-element_type=\"container\">\n\t\t\t\t<div class=\"elementor-element elementor-element-a5cca1b elementor-widget elementor-widget-heading\" data-id=\"a5cca1b\" data-element_type=\"widget\" data-widget_type=\"heading.default\">\n\t\t\t\t<div class=\"elementor-widget-container\">\n\t\t\t\t\t<h2 class=\"elementor-heading-title elementor-size-default\">Color y acabado del armario<\/h2>\t\t\t\t<\/div>\n\t\t\t\t<\/div>\n\t\t\t\t<div class=\"elementor-element elementor-element-4a2a7fd elementor-widget elementor-widget-text-editor\" data-id=\"4a2a7fd\" data-element_type=\"widget\" data-widget_type=\"text-editor.default\">\n\t\t\t\t<div class=\"elementor-widget-container\">\n\t\t\t\t\t\t\t\t\t<p>El color de los armarios de cocina de alto brillo puede ser personalizado seg\u00fan sus necesidades para lograr el efecto deseado. Entre ellos, los m\u00e1s <a href=\"https:\/\/www.ajflyinghome.com\/es\/kitchen-cabinet-color-trends\/\">colores populares<\/a> son blanco de alto brillo y gris meridiano. Son de estilo sencillo, modernos y a la moda, y hasta ahora son las opciones m\u00e1s populares entre los usuarios.<\/p><p>AJ Flying utiliza equipos profesionales para te\u00f1ir el acabado de PET de alto brillo y luego emplea tecnolog\u00eda de uni\u00f3n para que el acabado se adapte al sustrato. Nuestro riguroso proceso de coloraci\u00f3n hace que sus armarios sean llenos de color con una diferencia m\u00ednima de tonalidad para que pueda obtener un armario satisfactorio.<\/p>\t\t\t\t\t\t\t\t<\/div>\n\t\t\t\t<\/div>\n\t\t\t\t<div class=\"elementor-element elementor-element-31c54c6 elementor-tablet-align-center popmake-1598 elementor-widget elementor-widget-button\" data-id=\"31c54c6\" data-element_type=\"widget\" data-widget_type=\"button.default\">\n\t\t\t\t<div class=\"elementor-widget-container\">\n\t\t\t\t\t\t\t\t\t<div class=\"elementor-button-wrapper\">\n\t\t\t\t\t<a class=\"elementor-button elementor-size-sm\" role=\"button\">\n\t\t\t\t\t\t<span class=\"elementor-button-content-wrapper\">\n\t\t\t\t\t\t\t\t\t<span class=\"elementor-button-text\">Consulta Ahora<\/span>\n\t\t\t\t\t<\/span>\n\t\t\t\t\t<\/a>\n\t\t\t\t<\/div>\n\t\t\t\t\t\t\t\t<\/div>\n\t\t\t\t<\/div>\n\t\t\t\t<\/div>\n\t\t\t\t<\/div>\n\t\t<div class=\"elementor-element elementor-element-652fc38 e-flex e-con-boxed e-con e-parent\" data-id=\"652fc38\" data-element_type=\"container\">\n\t\t\t\t\t<div class=\"e-con-inner\">\n\t\t<div class=\"elementor-element elementor-element-2f5e50e e-con-full e-flex e-con e-child\" data-id=\"2f5e50e\" data-element_type=\"container\">\n\t\t\t\t<div class=\"elementor-element elementor-element-552fdfb elementor-widget elementor-widget-heading\" data-id=\"552fdfb\" data-element_type=\"widget\" data-widget_type=\"heading.default\">\n\t\t\t\t<div class=\"elementor-widget-container\">\n\t\t\t\t\t<h2 class=\"elementor-heading-title elementor-size-default\">Banda de canto del armario<\/h2>\t\t\t\t<\/div>\n\t\t\t\t<\/div>\n\t\t\t\t<div class=\"elementor-element elementor-element-cf5c1f8 elementor-widget elementor-widget-text-editor\" data-id=\"cf5c1f8\" data-element_type=\"widget\" data-widget_type=\"text-editor.default\">\n\t\t\t\t<div class=\"elementor-widget-container\">\n\t\t\t\t\t\t\t\t\t<p>Damos gran importancia al proceso de banda de canto de los armarios, lo que har\u00e1 que los armarios sean m\u00e1s bonitos e integrados. Adem\u00e1s, en t\u00e9rminos de funci\u00f3n, la banda de canto puede prevenir la liberaci\u00f3n de formaldeh\u00eddo en la madera y actuar como una barrera contra la humedad.<\/p><p>AJ Flying utiliza PUR para bandear los bordes de los armarios de cocina de alto brillo para alcanzar buenas propiedades de sellado, y no es f\u00e1cil que se agrieten debido a cambios de temperatura.<\/p>\t\t\t\t\t\t\t\t<\/div>\n\t\t\t\t<\/div>\n\t\t\t\t<div class=\"elementor-element elementor-element-617a275 elementor-tablet-align-center popmake-1598 elementor-widget elementor-widget-button\" data-id=\"617a275\" data-element_type=\"widget\" data-widget_type=\"button.default\">\n\t\t\t\t<div class=\"elementor-widget-container\">\n\t\t\t\t\t\t\t\t\t<div class=\"elementor-button-wrapper\">\n\t\t\t\t\t<a class=\"elementor-button elementor-size-sm\" role=\"button\">\n\t\t\t\t\t\t<span class=\"elementor-button-content-wrapper\">\n\t\t\t\t\t\t\t\t\t<span class=\"elementor-button-text\">Consulta Ahora<\/span>\n\t\t\t\t\t<\/span>\n\t\t\t\t\t<\/a>\n\t\t\t\t<\/div>\n\t\t\t\t\t\t\t\t<\/div>\n\t\t\t\t<\/div>\n\t\t\t\t<\/div>\n\t\t<div class=\"elementor-element elementor-element-1b01e2a e-con-full e-flex e-con e-child\" data-id=\"1b01e2a\" data-element_type=\"container\">\n\t\t\t\t<div class=\"elementor-element elementor-element-e5d80e3 elementor-widget elementor-widget-image\" data-id=\"e5d80e3\" data-element_type=\"widget\" data-widget_type=\"image.default\">\n\t\t\t\t<div class=\"elementor-widget-container\">\n\t\t\t\t\t\t\t\t\t\t\t\t\t\t\t<img loading=\"lazy\" decoding=\"async\" width=\"550\" height=\"410\" src=\"https:\/\/www.ajflyinghome.com\/wp-content\/uploads\/2024\/11\/Cabinet-Edge-Banding.webp\" class=\"attachment-large size-large wp-image-2732\" alt=\"\" title=\"\">\t\t\t\t\t\t\t\t\t\t\t\t\t\t\t<\/div>\n\t\t\t\t<\/div>\n\t\t\t\t<\/div>\n\t\t\t\t\t<\/div>\n\t\t\t\t<\/div>\n\t\t\t\t<\/div>","protected":false},"excerpt":{"rendered":"<p>Proveedor de armarios de cocina de alto brillo en China Nuestros armarios de cocina de alto brillo son populares entre los clientes por su buena calidad, bajo precio y personalizaci\u00f3n. Los armarios est\u00e1n acabados con tereftalato de polietileno, lo que hace que la superficie sea lisa y plana, hermosa y f\u00e1cil de limpiar. AJ Flying cuenta con su propia f\u00e1brica de producci\u00f3n de armarios. Cont\u00e1ctanos y podr\u00e1s obtener un [\u2026]<\/p>","protected":false},"author":1,"featured_media":3165,"parent":0,"menu_order":0,"comment_status":"closed","ping_status":"closed","template":"elementor_header_footer","meta":{"_acf_changed":false,"footnotes":""},"class_list":["post-2632","page","type-page","status-publish","has-post-thumbnail","hentry"],"blocksy_meta":[],"acf":[],"_links":{"self":[{"href":"https:\/\/www.ajflyinghome.com\/es\/wp-json\/wp\/v2\/pages\/2632","targetHints":{"allow":["GET"]}}],"collection":[{"href":"https:\/\/www.ajflyinghome.com\/es\/wp-json\/wp\/v2\/pages"}],"about":[{"href":"https:\/\/www.ajflyinghome.com\/es\/wp-json\/wp\/v2\/types\/page"}],"author":[{"embeddable":true,"href":"https:\/\/www.ajflyinghome.com\/es\/wp-json\/wp\/v2\/users\/1"}],"replies":[{"embeddable":true,"href":"https:\/\/www.ajflyinghome.com\/es\/wp-json\/wp\/v2\/comments?post=2632"}],"version-history":[{"count":0,"href":"https:\/\/www.ajflyinghome.com\/es\/wp-json\/wp\/v2\/pages\/2632\/revisions"}],"wp:featuredmedia":[{"embeddable":true,"href":"https:\/\/www.ajflyinghome.com\/es\/wp-json\/wp\/v2\/media\/3165"}],"wp:attachment":[{"href":"https:\/\/www.ajflyinghome.com\/es\/wp-json\/wp\/v2\/media?parent=2632"}],"curies":[{"name":"wp","href":"https:\/\/api.w.org\/{rel}","templated":true}]}}