{"id":2736,"date":"2024-11-30T10:12:46","date_gmt":"2024-11-30T02:12:46","guid":{"rendered":"https:\/\/www.ajflyinghome.com\/?page_id=2736"},"modified":"2025-03-10T14:03:32","modified_gmt":"2025-03-10T06:03:32","slug":"lazy-susan-cabinet","status":"publish","type":"page","link":"https:\/\/www.ajflyinghome.com\/es\/lazy-susan-cabinet\/","title":{"rendered":"Fabricante de armarios con bandeja giratoria Lazy Susan en China"},"content":{"rendered":"<div data-elementor-type=\"wp-page\" data-elementor-id=\"2736\" class=\"elementor elementor-2736\">\n\t\t\t\t<div class=\"elementor-element elementor-element-10789007 e-flex e-con-boxed e-con e-parent\" data-id=\"10789007\" data-element_type=\"container\" data-settings=\"{&quot;background_background&quot;:&quot;classic&quot;}\">\n\t\t\t\t\t<div class=\"e-con-inner\">\n\t\t<div class=\"elementor-element elementor-element-17f25bd5 e-con-full e-flex e-con e-child\" data-id=\"17f25bd5\" data-element_type=\"container\" data-settings=\"{&quot;background_background&quot;:&quot;classic&quot;}\">\n\t\t\t\t<div class=\"elementor-element elementor-element-13248df8 elementor-widget elementor-widget-heading\" data-id=\"13248df8\" data-element_type=\"widget\" data-widget_type=\"heading.default\">\n\t\t\t\t<div class=\"elementor-widget-container\">\n\t\t\t\t\t<h2 class=\"elementor-heading-title elementor-size-default\">Fabricante de armarios con bandeja giratoria Lazy Susan en China<\/h2>\t\t\t\t<\/div>\n\t\t\t\t<\/div>\n\t\t\t\t<div class=\"elementor-element elementor-element-65a76cd7 elementor-widget elementor-widget-text-editor\" data-id=\"65a76cd7\" data-element_type=\"widget\" data-widget_type=\"text-editor.default\">\n\t\t\t\t<div class=\"elementor-widget-container\">\n\t\t\t\t\t\t\t\t\t<p>AJ Flying es un fabricante profesional de armarios con bandeja giratoria en China. Ofrecemos servicios personalizados para fabricar armarios con bandeja giratoria para su cocina, ayud\u00e1ndole a almacenar especias, alimentos enlatados, alimentos envasados e incluso peque\u00f1os electrodom\u00e9sticos, creando \u00e1reas de almacenamiento profundo de alta calidad para satisfacer sus necesidades de almacenamiento.<\/p>\t\t\t\t\t\t\t\t<\/div>\n\t\t\t\t<\/div>\n\t\t\t\t<div class=\"elementor-element elementor-element-7b73d25d elementor-tablet-align-center popmake-1598 elementor-widget elementor-widget-button\" data-id=\"7b73d25d\" data-element_type=\"widget\" data-widget_type=\"button.default\">\n\t\t\t\t<div class=\"elementor-widget-container\">\n\t\t\t\t\t\t\t\t\t<div class=\"elementor-button-wrapper\">\n\t\t\t\t\t<a class=\"elementor-button elementor-size-sm\" role=\"button\">\n\t\t\t\t\t\t<span class=\"elementor-button-content-wrapper\">\n\t\t\t\t\t\t\t\t\t<span class=\"elementor-button-text\">Descubra m\u00e1s<\/span>\n\t\t\t\t\t<\/span>\n\t\t\t\t\t<\/a>\n\t\t\t\t<\/div>\n\t\t\t\t\t\t\t\t<\/div>\n\t\t\t\t<\/div>\n\t\t\t\t<\/div>\n\t\t\t\t\t<\/div>\n\t\t\t\t<\/div>\n\t\t<div class=\"elementor-element elementor-element-78b3b47c e-flex e-con-boxed e-con e-parent\" data-id=\"78b3b47c\" data-element_type=\"container\">\n\t\t\t\t\t<div class=\"e-con-inner\">\n\t\t\t\t<div class=\"elementor-element elementor-element-3a7b62cb elementor-widget elementor-widget-heading\" data-id=\"3a7b62cb\" data-element_type=\"widget\" data-widget_type=\"heading.default\">\n\t\t\t\t<div class=\"elementor-widget-container\">\n\t\t\t\t\t<h2 class=\"elementor-heading-title elementor-size-default\">Armario con bandeja giratoria de AJ Flying<\/h2>\t\t\t\t<\/div>\n\t\t\t\t<\/div>\n\t\t\t\t<div class=\"elementor-element elementor-element-1e07f361 elementor-widget elementor-widget-text-editor\" data-id=\"1e07f361\" data-element_type=\"widget\" data-widget_type=\"text-editor.default\">\n\t\t\t\t<div class=\"elementor-widget-container\">\n\t\t\t\t\t\t\t\t\t<p>Nuestro armario con bandeja giratoria puede ser personalizado con diversos materiales seg\u00fan sus necesidades. Las diferentes partes pueden ser personalizadas con distintos materiales, como armario de madera maciza y bandeja giratoria de pl\u00e1stico, para adaptarse a las necesidades funcionales de su armario con bandeja giratoria.<\/p><p>Los armarios con bandeja giratoria de AJ Flying dominan la tecnolog\u00eda avanzada de corte. Nuestro equipo profesional de personalizaci\u00f3n proporcionar\u00e1 tama\u00f1os personalizados seg\u00fan sus necesidades y realizar\u00e1 cortes y perforaciones precisas para facilitar su instalaci\u00f3n. Adem\u00e1s, el equipo profesional de dise\u00f1o y I+D puede crear armarios con bandeja giratoria de forma personalizada. No importa qu\u00e9 forma desee para su armario con bandeja giratoria, aqu\u00ed encontrar\u00e1 una buena soluci\u00f3n.<\/p><p>Ofrecemos una variedad de tecnolog\u00edas de tratamiento superficial, como pintura, laminado, etc., para brindarle diversas opciones de personalizaci\u00f3n de color y acabados que combinen con el estilo diverso de su cocina.<\/p><p>Si desea personalizar el armario con bandeja giratoria en diferentes estilos destacados, env\u00edenos su consulta y le ofreceremos excelentes soluciones.<\/p>\t\t\t\t\t\t\t\t<\/div>\n\t\t\t\t<\/div>\n\t\t\t\t<div class=\"elementor-element elementor-element-6a5aa1ed elementor-tablet-align-center popmake-1598 elementor-align-left elementor-widget elementor-widget-button\" data-id=\"6a5aa1ed\" data-element_type=\"widget\" data-widget_type=\"button.default\">\n\t\t\t\t<div class=\"elementor-widget-container\">\n\t\t\t\t\t\t\t\t\t<div class=\"elementor-button-wrapper\">\n\t\t\t\t\t<a class=\"elementor-button elementor-size-sm\" role=\"button\">\n\t\t\t\t\t\t<span class=\"elementor-button-content-wrapper\">\n\t\t\t\t\t\t\t\t\t<span class=\"elementor-button-text\">Enviar Consulta<\/span>\n\t\t\t\t\t<\/span>\n\t\t\t\t\t<\/a>\n\t\t\t\t<\/div>\n\t\t\t\t\t\t\t\t<\/div>\n\t\t\t\t<\/div>\n\t\t\t\t\t<\/div>\n\t\t\t\t<\/div>\n\t\t<div class=\"elementor-element elementor-element-4461fd20 e-flex e-con-boxed e-con e-parent\" data-id=\"4461fd20\" data-element_type=\"container\">\n\t\t\t\t\t<div class=\"e-con-inner\">\n\t\t\t\t<div class=\"elementor-element elementor-element-161a94e1 elementor-widget elementor-widget-heading\" data-id=\"161a94e1\" data-element_type=\"widget\" data-widget_type=\"heading.default\">\n\t\t\t\t<div class=\"elementor-widget-container\">\n\t\t\t\t\t<h2 class=\"elementor-heading-title elementor-size-default\">Caracter\u00edsticas del armario con bandeja giratoria<\/h2>\t\t\t\t<\/div>\n\t\t\t\t<\/div>\n\t\t<div class=\"elementor-element elementor-element-4cacfd4d e-con-full e-flex e-con e-child\" data-id=\"4cacfd4d\" data-element_type=\"container\">\n\t\t<div class=\"elementor-element elementor-element-3b7522b2 e-con-full e-flex e-con e-child\" data-id=\"3b7522b2\" data-element_type=\"container\">\n\t\t\t\t<div class=\"elementor-element elementor-element-6bb60632 elementor-widget__width-initial elementor-widget elementor-widget-icon-box\" data-id=\"6bb60632\" data-element_type=\"widget\" data-widget_type=\"icon-box.default\">\n\t\t\t\t<div class=\"elementor-widget-container\">\n\t\t\t\t\t\t\t<div class=\"elementor-icon-box-wrapper\">\n\n\t\t\t\n\t\t\t\t\t\t<div class=\"elementor-icon-box-content\">\n\n\t\t\t\t\t\t\t\t\t<h3 class=\"elementor-icon-box-title\">\n\t\t\t\t\t\t<span  >\n\t\t\t\t\t\t\tAlta eficiencia\t\t\t\t\t\t<\/span>\n\t\t\t\t\t<\/h3>\n\t\t\t\t\n\t\t\t\t\t\t\t\t\t<p class=\"elementor-icon-box-description\">\n\t\t\t\t\t\tLa bandeja giratoria permite un acceso f\u00e1cil a los art\u00edculos almacenados en todo el armario, mejorando la eficiencia en el uso diario.\t\t\t\t\t<\/p>\n\t\t\t\t\n\t\t\t<\/div>\n\t\t\t\n\t\t<\/div>\n\t\t\t\t\t\t<\/div>\n\t\t\t\t<\/div>\n\t\t\t\t<\/div>\n\t\t<div class=\"elementor-element elementor-element-25309062 e-con-full e-flex e-con e-child\" data-id=\"25309062\" data-element_type=\"container\">\n\t\t\t\t<div class=\"elementor-element elementor-element-79fe854 elementor-widget elementor-widget-icon-box\" data-id=\"79fe854\" data-element_type=\"widget\" data-widget_type=\"icon-box.default\">\n\t\t\t\t<div class=\"elementor-widget-container\">\n\t\t\t\t\t\t\t<div class=\"elementor-icon-box-wrapper\">\n\n\t\t\t\n\t\t\t\t\t\t<div class=\"elementor-icon-box-content\">\n\n\t\t\t\t\t\t\t\t\t<h3 class=\"elementor-icon-box-title\">\n\t\t\t\t\t\t<span  >\n\t\t\t\t\t\t\tDurabilidad\t\t\t\t\t\t<\/span>\n\t\t\t\t\t<\/h3>\n\t\t\t\t\n\t\t\t\t\t\t\t\t\t<p class=\"elementor-icon-box-description\">\n\t\t\t\t\t\tEstantes multicapa y ajustables que pueden usarse para almacenar una variedad de art\u00edculos, desde especias hasta electrodom\u00e9sticos.\t\t\t\t\t<\/p>\n\t\t\t\t\n\t\t\t<\/div>\n\t\t\t\n\t\t<\/div>\n\t\t\t\t\t\t<\/div>\n\t\t\t\t<\/div>\n\t\t\t\t<\/div>\n\t\t<div class=\"elementor-element elementor-element-47e0baf1 e-con-full e-flex e-con e-child\" data-id=\"47e0baf1\" data-element_type=\"container\">\n\t\t\t\t<div class=\"elementor-element elementor-element-26b55199 elementor-widget elementor-widget-icon-box\" data-id=\"26b55199\" data-element_type=\"widget\" data-widget_type=\"icon-box.default\">\n\t\t\t\t<div class=\"elementor-widget-container\">\n\t\t\t\t\t\t\t<div class=\"elementor-icon-box-wrapper\">\n\n\t\t\t\n\t\t\t\t\t\t<div class=\"elementor-icon-box-content\">\n\n\t\t\t\t\t\t\t\t\t<h3 class=\"elementor-icon-box-title\">\n\t\t\t\t\t\t<span  >\n\t\t\t\t\t\t\tMaximizar el almacenamiento \t\t\t\t\t\t<\/span>\n\t\t\t\t\t<\/h3>\n\t\t\t\t\n\t\t\t\t\t\t\t\t\t<p class=\"elementor-icon-box-description\">\n\t\t\t\t\t\tLos armarios con bandeja giratoria cuentan con materiales y mecanismos resistentes para ofrecer un rendimiento duradero.\t\t\t\t\t<\/p>\n\t\t\t\t\n\t\t\t<\/div>\n\t\t\t\n\t\t<\/div>\n\t\t\t\t\t\t<\/div>\n\t\t\t\t<\/div>\n\t\t\t\t<\/div>\n\t\t<div class=\"elementor-element elementor-element-14a735b4 e-con-full e-flex e-con e-child\" data-id=\"14a735b4\" data-element_type=\"container\">\n\t\t\t\t<div class=\"elementor-element elementor-element-2410322f elementor-widget elementor-widget-icon-box\" data-id=\"2410322f\" data-element_type=\"widget\" data-widget_type=\"icon-box.default\">\n\t\t\t\t<div class=\"elementor-widget-container\">\n\t\t\t\t\t\t\t<div class=\"elementor-icon-box-wrapper\">\n\n\t\t\t\n\t\t\t\t\t\t<div class=\"elementor-icon-box-content\">\n\n\t\t\t\t\t\t\t\t\t<h3 class=\"elementor-icon-box-title\">\n\t\t\t\t\t\t<span  >\n\t\t\t\t\t\t\tLongevidad\t\t\t\t\t\t<\/span>\n\t\t\t\t\t<\/h3>\n\t\t\t\t\n\t\t\t\t\t\t\t\t\t<p class=\"elementor-icon-box-description\">\n\t\t\t\t\t\tSuperficies f\u00e1ciles de limpiar, materiales de alta calidad combinados con componentes duraderos que tienen una larga vida \u00fatil.\t\t\t\t\t<\/p>\n\t\t\t\t\n\t\t\t<\/div>\n\t\t\t\n\t\t<\/div>\n\t\t\t\t\t\t<\/div>\n\t\t\t\t<\/div>\n\t\t\t\t<\/div>\n\t\t\t\t<\/div>\n\t\t\t\t\t<\/div>\n\t\t\t\t<\/div>\n\t\t<div class=\"elementor-element elementor-element-7a440f78 e-flex e-con-boxed e-con e-parent\" data-id=\"7a440f78\" data-element_type=\"container\" data-settings=\"{&quot;background_background&quot;:&quot;classic&quot;}\">\n\t\t\t\t\t<div class=\"e-con-inner\">\n\t\t\t\t<div class=\"elementor-element elementor-element-1bb1008 elementor-widget__width-initial elementor-widget-tablet__width-inherit elementor-widget elementor-widget-image\" data-id=\"1bb1008\" data-element_type=\"widget\" data-widget_type=\"image.default\">\n\t\t\t\t<div class=\"elementor-widget-container\">\n\t\t\t\t\t\t\t\t\t\t\t\t\t\t\t<img fetchpriority=\"high\" decoding=\"async\" width=\"575\" height=\"715\" src=\"https:\/\/www.ajflyinghome.com\/wp-content\/uploads\/2024\/11\/Custom-Material.webp\" class=\"attachment-large size-large wp-image-2788\" alt=\"\" title=\"\">\t\t\t\t\t\t\t\t\t\t\t\t\t\t\t<\/div>\n\t\t\t\t<\/div>\n\t\t<div class=\"elementor-element elementor-element-3af6af66 e-con-full e-flex e-con e-child\" data-id=\"3af6af66\" data-element_type=\"container\">\n\t\t\t\t<div class=\"elementor-element elementor-element-17dd7465 elementor-widget elementor-widget-heading\" data-id=\"17dd7465\" data-element_type=\"widget\" data-widget_type=\"heading.default\">\n\t\t\t\t<div class=\"elementor-widget-container\">\n\t\t\t\t\t<h2 class=\"elementor-heading-title elementor-size-default\">Material Personalizado<\/h2>\t\t\t\t<\/div>\n\t\t\t\t<\/div>\n\t\t\t\t<div class=\"elementor-element elementor-element-7df7d8eb elementor-widget elementor-widget-text-editor\" data-id=\"7df7d8eb\" data-element_type=\"widget\" data-widget_type=\"text-editor.default\">\n\t\t\t\t<div class=\"elementor-widget-container\">\n\t\t\t\t\t\t\t\t\t<p>AJ Flying ofrece una variedad de materiales para personalizar su armario con bandeja giratoria. Utilizamos estructuras de ensamblaje para personalizar armarios profesionales y funcionales. Elegiremos diferentes materiales para distintas partes del armario. Puede escoger el material que prefiera seg\u00fan sus necesidades.<\/p><ul><li>Cuerpo del armario: madera maciza, contrachapado, <a href=\"https:\/\/www.ajflyinghome.com\/es\/mdf-kitchen-cabinet\/\">MDF<\/a>\u2026\u2026<\/li><li>bandeja giratoria: pl\u00e1stico, madera, acero met\u00e1lico, madera con bandas\u2026\u2026<\/li><li>Mecanismo de giro: metal, pl\u00e1stico\u2026\u2026<\/li><li>Puertas: madera maciza, MDF, paneles de vidrio\u2026\u2026<\/li><\/ul>\t\t\t\t\t\t\t\t<\/div>\n\t\t\t\t<\/div>\n\t\t\t\t<div class=\"elementor-element elementor-element-6bd7b48b elementor-tablet-align-center popmake-1598 elementor-widget elementor-widget-button\" data-id=\"6bd7b48b\" data-element_type=\"widget\" data-widget_type=\"button.default\">\n\t\t\t\t<div class=\"elementor-widget-container\">\n\t\t\t\t\t\t\t\t\t<div class=\"elementor-button-wrapper\">\n\t\t\t\t\t<a class=\"elementor-button elementor-size-sm\" role=\"button\">\n\t\t\t\t\t\t<span class=\"elementor-button-content-wrapper\">\n\t\t\t\t\t\t\t\t\t<span class=\"elementor-button-text\">Obtener cotizaci\u00f3n<\/span>\n\t\t\t\t\t<\/span>\n\t\t\t\t\t<\/a>\n\t\t\t\t<\/div>\n\t\t\t\t\t\t\t\t<\/div>\n\t\t\t\t<\/div>\n\t\t\t\t<\/div>\n\t\t\t\t\t<\/div>\n\t\t\t\t<\/div>\n\t\t<div class=\"elementor-element elementor-element-4b992fa2 e-flex e-con-boxed e-con e-parent\" data-id=\"4b992fa2\" data-element_type=\"container\" data-settings=\"{&quot;background_background&quot;:&quot;classic&quot;}\">\n\t\t\t\t\t<div class=\"e-con-inner\">\n\t\t<div class=\"elementor-element elementor-element-1e5e226a e-con-full e-flex e-con e-child\" data-id=\"1e5e226a\" data-element_type=\"container\">\n\t\t\t\t<div class=\"elementor-element elementor-element-7ad854c4 elementor-widget elementor-widget-heading\" data-id=\"7ad854c4\" data-element_type=\"widget\" data-widget_type=\"heading.default\">\n\t\t\t\t<div class=\"elementor-widget-container\">\n\t\t\t\t\t<h2 class=\"elementor-heading-title elementor-size-default\">Tama\u00f1o Personalizado<\/h2>\t\t\t\t<\/div>\n\t\t\t\t<\/div>\n\t\t\t\t<div class=\"elementor-element elementor-element-5b140a92 elementor-widget elementor-widget-text-editor\" data-id=\"5b140a92\" data-element_type=\"widget\" data-widget_type=\"text-editor.default\">\n\t\t\t\t<div class=\"elementor-widget-container\">\n\t\t\t\t\t\t\t\t\t<p>AJ Flying personalizar\u00e1 el tama\u00f1o de su gabinete lazy susan de acuerdo con el dise\u00f1o de su cocina. Contamos con equipos CNC de alta precisi\u00f3n, como CNC, para cortar con precisi\u00f3n su gabinete lazy susan. Nuestra tecnolog\u00eda de corte profesional puede lograr una precisi\u00f3n a nivel de mil\u00edmetros o incluso a nivel de micrones, adecuada para necesidades personalizadas de diferentes tama\u00f1os, como 16\u2033, 18\u2033, 24\u2033, 28\u2033, 30\u2033, 32\u2033, 36\u2033, etc. Tambi\u00e9n podemos satisfacer sus necesidades de personalizaci\u00f3n de tama\u00f1os complejos o especiales.<\/p>\t\t\t\t\t\t\t\t<\/div>\n\t\t\t\t<\/div>\n\t\t\t\t<div class=\"elementor-element elementor-element-428ded5b elementor-tablet-align-center popmake-1598 elementor-widget elementor-widget-button\" data-id=\"428ded5b\" data-element_type=\"widget\" data-widget_type=\"button.default\">\n\t\t\t\t<div class=\"elementor-widget-container\">\n\t\t\t\t\t\t\t\t\t<div class=\"elementor-button-wrapper\">\n\t\t\t\t\t<a class=\"elementor-button elementor-size-sm\" role=\"button\">\n\t\t\t\t\t\t<span class=\"elementor-button-content-wrapper\">\n\t\t\t\t\t\t\t\t\t<span class=\"elementor-button-text\">Consulta Ahora<\/span>\n\t\t\t\t\t<\/span>\n\t\t\t\t\t<\/a>\n\t\t\t\t<\/div>\n\t\t\t\t\t\t\t\t<\/div>\n\t\t\t\t<\/div>\n\t\t\t\t<\/div>\n\t\t<div class=\"elementor-element elementor-element-15adad9e e-con-full e-flex e-con e-child\" data-id=\"15adad9e\" data-element_type=\"container\">\n\t\t\t\t<div class=\"elementor-element elementor-element-3c6f74cc elementor-widget elementor-widget-image\" data-id=\"3c6f74cc\" data-element_type=\"widget\" data-widget_type=\"image.default\">\n\t\t\t\t<div class=\"elementor-widget-container\">\n\t\t\t\t\t\t\t\t\t\t\t\t\t\t\t<img decoding=\"async\" width=\"515\" height=\"470\" src=\"https:\/\/www.ajflyinghome.com\/wp-content\/uploads\/2024\/11\/Custom-Size.webp\" class=\"attachment-large size-large wp-image-2789\" alt=\"Tama\u00f1o Personalizado\" title=\"\">\t\t\t\t\t\t\t\t\t\t\t\t\t\t\t<\/div>\n\t\t\t\t<\/div>\n\t\t\t\t<\/div>\n\t\t\t\t\t<\/div>\n\t\t\t\t<\/div>\n\t\t<div class=\"elementor-element elementor-element-72ae88aa e-flex e-con-boxed e-con e-parent\" data-id=\"72ae88aa\" data-element_type=\"container\" data-settings=\"{&quot;background_background&quot;:&quot;classic&quot;}\">\n\t\t\t\t\t<div class=\"e-con-inner\">\n\t\t\t\t<div class=\"elementor-element elementor-element-35927955 elementor-widget__width-initial elementor-widget-tablet__width-inherit elementor-widget elementor-widget-image\" data-id=\"35927955\" data-element_type=\"widget\" data-widget_type=\"image.default\">\n\t\t\t\t<div class=\"elementor-widget-container\">\n\t\t\t\t\t\t\t\t\t\t\t\t\t\t\t<img decoding=\"async\" width=\"580\" height=\"715\" src=\"https:\/\/www.ajflyinghome.com\/wp-content\/uploads\/2024\/11\/Shape-Design.webp\" class=\"attachment-large size-large wp-image-2790\" alt=\"\" title=\"\">\t\t\t\t\t\t\t\t\t\t\t\t\t\t\t<\/div>\n\t\t\t\t<\/div>\n\t\t<div class=\"elementor-element elementor-element-4a4b036d e-con-full e-flex e-con e-child\" data-id=\"4a4b036d\" data-element_type=\"container\">\n\t\t\t\t<div class=\"elementor-element elementor-element-2e93f92e elementor-widget elementor-widget-heading\" data-id=\"2e93f92e\" data-element_type=\"widget\" data-widget_type=\"heading.default\">\n\t\t\t\t<div class=\"elementor-widget-container\">\n\t\t\t\t\t<h2 class=\"elementor-heading-title elementor-size-default\">Dise\u00f1o de Forma<\/h2>\t\t\t\t<\/div>\n\t\t\t\t<\/div>\n\t\t\t\t<div class=\"elementor-element elementor-element-31591e4b elementor-widget elementor-widget-text-editor\" data-id=\"31591e4b\" data-element_type=\"widget\" data-widget_type=\"text-editor.default\">\n\t\t\t\t<div class=\"elementor-widget-container\">\n\t\t\t\t\t\t\t\t\t<p>AJ Flying tiene tecnolog\u00eda de dise\u00f1o profesional y puede personalizar la forma de los gabinetes lazy susan que se adapten a su cocina seg\u00fan sus necesidades. Utilizamos software de dise\u00f1o profesional (como AutoCAD, SolidWorks) para dise\u00f1ar modelos de productos de cualquier forma y transferir el dise\u00f1o sin problemas a la etapa de producci\u00f3n. A continuaci\u00f3n se presentan varios estilos que hacemos con frecuencia. Si tiene otros requisitos de dise\u00f1o, puede contactar a nuestro equipo de personalizaci\u00f3n.<\/p><ul><li>Forma de Ri\u00f1\u00f3n<\/li><li>Corte en Pie<\/li><li>Forma<\/li><li>Media Luna<\/li><\/ul>\t\t\t\t\t\t\t\t<\/div>\n\t\t\t\t<\/div>\n\t\t\t\t<div class=\"elementor-element elementor-element-64fdee14 elementor-tablet-align-center popmake-1598 elementor-widget elementor-widget-button\" data-id=\"64fdee14\" data-element_type=\"widget\" data-widget_type=\"button.default\">\n\t\t\t\t<div class=\"elementor-widget-container\">\n\t\t\t\t\t\t\t\t\t<div class=\"elementor-button-wrapper\">\n\t\t\t\t\t<a class=\"elementor-button elementor-size-sm\" role=\"button\">\n\t\t\t\t\t\t<span class=\"elementor-button-content-wrapper\">\n\t\t\t\t\t\t\t\t\t<span class=\"elementor-button-text\">Obtener cotizaci\u00f3n<\/span>\n\t\t\t\t\t<\/span>\n\t\t\t\t\t<\/a>\n\t\t\t\t<\/div>\n\t\t\t\t\t\t\t\t<\/div>\n\t\t\t\t<\/div>\n\t\t\t\t<\/div>\n\t\t\t\t\t<\/div>\n\t\t\t\t<\/div>\n\t\t<div class=\"elementor-element elementor-element-417430d2 e-flex e-con-boxed e-con e-parent\" data-id=\"417430d2\" data-element_type=\"container\" data-settings=\"{&quot;background_background&quot;:&quot;classic&quot;}\">\n\t\t\t\t\t<div class=\"e-con-inner\">\n\t\t<div class=\"elementor-element elementor-element-7ad753de e-flex e-con-boxed e-con e-child\" data-id=\"7ad753de\" data-element_type=\"container\" data-settings=\"{&quot;background_background&quot;:&quot;classic&quot;}\">\n\t\t\t\t\t<div class=\"e-con-inner\">\n\t\t<div class=\"elementor-element elementor-element-467c9e e-con-full e-flex e-con e-child\" data-id=\"467c9e\" data-element_type=\"container\" data-settings=\"{&quot;background_background&quot;:&quot;classic&quot;}\">\n\t\t\t\t<div class=\"elementor-element elementor-element-784eb7c2 elementor-widget elementor-widget-heading\" data-id=\"784eb7c2\" data-element_type=\"widget\" data-widget_type=\"heading.default\">\n\t\t\t\t<div class=\"elementor-widget-container\">\n\t\t\t\t\t<h2 class=\"elementor-heading-title elementor-size-default\">\nColor y Acabado<\/h2>\t\t\t\t<\/div>\n\t\t\t\t<\/div>\n\t\t\t\t<div class=\"elementor-element elementor-element-690db197 elementor-widget elementor-widget-text-editor\" data-id=\"690db197\" data-element_type=\"widget\" data-widget_type=\"text-editor.default\">\n\t\t\t\t<div class=\"elementor-widget-container\">\n\t\t\t\t\t\t\t\t\t<p>\u00a0<\/p><p>El sistema de combinaci\u00f3n de colores y el equipo de combinaci\u00f3n de colores de AJ Flying pueden lograr una serie de personalizaciones de color, como colores neutros como blanco, crema o gris paloma, gris oscuro o grafito, negro, marr\u00f3n oscuro o espresso, etc. Adem\u00e1s, tambi\u00e9n dominamos tecnolog\u00edas avanzadas de tratamiento de superficies como acabado de pintura, acabado de madera, <a href=\"https:\/\/www.ajflyinghome.com\/es\/laminate-kitchen-cabinets\/\">acabado de laminado<\/a>, acabado de chapa, etc. para satisfacer su diversa arte de procesamiento de color y garantizar la estabilidad y adaptabilidad del color del gabinete lazy susan.<\/p>\t\t\t\t\t\t\t\t<\/div>\n\t\t\t\t<\/div>\n\t\t\t\t<div class=\"elementor-element elementor-element-227c337a elementor-tablet-align-justify elementor-align-justify popmake-1598 elementor-widget elementor-widget-button\" data-id=\"227c337a\" data-element_type=\"widget\" data-widget_type=\"button.default\">\n\t\t\t\t<div class=\"elementor-widget-container\">\n\t\t\t\t\t\t\t\t\t<div class=\"elementor-button-wrapper\">\n\t\t\t\t\t<a class=\"elementor-button elementor-size-sm\" role=\"button\">\n\t\t\t\t\t\t<span class=\"elementor-button-content-wrapper\">\n\t\t\t\t\t\t\t\t\t<span class=\"elementor-button-text\">Solicitar Dise\u00f1o<\/span>\n\t\t\t\t\t<\/span>\n\t\t\t\t\t<\/a>\n\t\t\t\t<\/div>\n\t\t\t\t\t\t\t\t<\/div>\n\t\t\t\t<\/div>\n\t\t\t\t<\/div>\n\t\t\t\t\t<\/div>\n\t\t\t\t<\/div>\n\t\t\t\t\t<\/div>\n\t\t\t\t<\/div>\n\t\t\t\t<\/div>","protected":false},"excerpt":{"rendered":"<p>AJ Flying es un fabricante profesional de armarios con bandeja giratoria en China. Ofrecemos servicios personalizados para fabricar armarios con bandeja giratoria para su cocina, ayud\u00e1ndole a almacenar especias, conservas, alimentos envasados e incluso peque\u00f1os electrodom\u00e9sticos, creando espacios de almacenamiento profundo de alta calidad que se adaptan a sus necesidades de almacenamiento. Descubra m\u00e1s AJ Flying-Lazy [\u2026]<\/p>","protected":false},"author":2,"featured_media":3180,"parent":0,"menu_order":0,"comment_status":"closed","ping_status":"closed","template":"elementor_header_footer","meta":{"_acf_changed":false,"footnotes":""},"class_list":["post-2736","page","type-page","status-publish","has-post-thumbnail","hentry"],"blocksy_meta":[],"acf":[],"_links":{"self":[{"href":"https:\/\/www.ajflyinghome.com\/es\/wp-json\/wp\/v2\/pages\/2736","targetHints":{"allow":["GET"]}}],"collection":[{"href":"https:\/\/www.ajflyinghome.com\/es\/wp-json\/wp\/v2\/pages"}],"about":[{"href":"https:\/\/www.ajflyinghome.com\/es\/wp-json\/wp\/v2\/types\/page"}],"author":[{"embeddable":true,"href":"https:\/\/www.ajflyinghome.com\/es\/wp-json\/wp\/v2\/users\/2"}],"replies":[{"embeddable":true,"href":"https:\/\/www.ajflyinghome.com\/es\/wp-json\/wp\/v2\/comments?post=2736"}],"version-history":[{"count":0,"href":"https:\/\/www.ajflyinghome.com\/es\/wp-json\/wp\/v2\/pages\/2736\/revisions"}],"wp:featuredmedia":[{"embeddable":true,"href":"https:\/\/www.ajflyinghome.com\/es\/wp-json\/wp\/v2\/media\/3180"}],"wp:attachment":[{"href":"https:\/\/www.ajflyinghome.com\/es\/wp-json\/wp\/v2\/media?parent=2736"}],"curies":[{"name":"wp","href":"https:\/\/api.w.org\/{rel}","templated":true}]}}