{"id":2797,"date":"2024-12-02T17:14:08","date_gmt":"2024-12-02T09:14:08","guid":{"rendered":"https:\/\/www.ajflyinghome.com\/?page_id=2797"},"modified":"2025-06-09T10:34:13","modified_gmt":"2025-06-09T02:34:13","slug":"shallow-kitchen-cabinets","status":"publish","type":"page","link":"https:\/\/www.ajflyinghome.com\/es\/shallow-kitchen-cabinets\/","title":{"rendered":"Proveedor de gabinetes de cocina poco profundos de China"},"content":{"rendered":"<div data-elementor-type=\"wp-page\" data-elementor-id=\"2797\" class=\"elementor elementor-2797\">\n\t\t\t\t<div class=\"elementor-element elementor-element-59665e5a e-flex e-con-boxed e-con e-parent\" data-id=\"59665e5a\" data-element_type=\"container\" data-settings=\"{&quot;background_background&quot;:&quot;classic&quot;}\">\n\t\t\t\t\t<div class=\"e-con-inner\">\n\t\t<div class=\"elementor-element elementor-element-66f4c432 e-con-full e-flex e-con e-child\" data-id=\"66f4c432\" data-element_type=\"container\" data-settings=\"{&quot;background_background&quot;:&quot;classic&quot;}\">\n\t\t\t\t<div class=\"elementor-element elementor-element-25d4f44d elementor-widget elementor-widget-heading\" data-id=\"25d4f44d\" data-element_type=\"widget\" data-widget_type=\"heading.default\">\n\t\t\t\t<div class=\"elementor-widget-container\">\n\t\t\t\t\t<h2 class=\"elementor-heading-title elementor-size-default\">Fabricante de armarios de cocina poco profundos en China<\/h2>\t\t\t\t<\/div>\n\t\t\t\t<\/div>\n\t\t\t\t<div class=\"elementor-element elementor-element-5ebf7476 elementor-widget elementor-widget-text-editor\" data-id=\"5ebf7476\" data-element_type=\"widget\" data-widget_type=\"text-editor.default\">\n\t\t\t\t<div class=\"elementor-widget-container\">\n\t\t\t\t\t\t\t\t\t<p>AJ Flying produce armarios de menor profundidad para espacios limitados en la cocina, pueden ser personalizados en diferentes materiales, tama\u00f1os, colores y estilos. Adem\u00e1s, nuestros armarios cumplen con las normas ANSI A161.1 y IOS 7170, garantizando resistencia y durabilidad.<\/p>\t\t\t\t\t\t\t\t<\/div>\n\t\t\t\t<\/div>\n\t\t\t\t<div class=\"elementor-element elementor-element-4e8cf225 elementor-tablet-align-center popmake-1598 elementor-widget elementor-widget-button\" data-id=\"4e8cf225\" data-element_type=\"widget\" data-widget_type=\"button.default\">\n\t\t\t\t<div class=\"elementor-widget-container\">\n\t\t\t\t\t\t\t\t\t<div class=\"elementor-button-wrapper\">\n\t\t\t\t\t<a class=\"elementor-button elementor-size-sm\" role=\"button\">\n\t\t\t\t\t\t<span class=\"elementor-button-content-wrapper\">\n\t\t\t\t\t\t\t\t\t<span class=\"elementor-button-text\">Consulta Ahora<\/span>\n\t\t\t\t\t<\/span>\n\t\t\t\t\t<\/a>\n\t\t\t\t<\/div>\n\t\t\t\t\t\t\t\t<\/div>\n\t\t\t\t<\/div>\n\t\t\t\t<\/div>\n\t\t\t\t\t<\/div>\n\t\t\t\t<\/div>\n\t\t<div class=\"elementor-element elementor-element-18e027d7 e-flex e-con-boxed e-con e-parent\" data-id=\"18e027d7\" data-element_type=\"container\">\n\t\t\t\t\t<div class=\"e-con-inner\">\n\t\t\t\t<div class=\"elementor-element elementor-element-5827cef9 elementor-widget elementor-widget-heading\" data-id=\"5827cef9\" data-element_type=\"widget\" data-widget_type=\"heading.default\">\n\t\t\t\t<div class=\"elementor-widget-container\">\n\t\t\t\t\t<h2 class=\"elementor-heading-title elementor-size-default\">AJ Flying - Armarios de cocina de profundidad reducida<\/h2>\t\t\t\t<\/div>\n\t\t\t\t<\/div>\n\t\t\t\t<div class=\"elementor-element elementor-element-15c2d44f elementor-widget elementor-widget-text-editor\" data-id=\"15c2d44f\" data-element_type=\"widget\" data-widget_type=\"text-editor.default\">\n\t\t\t\t<div class=\"elementor-widget-container\">\n\t\t\t\t\t\t\t\t\t<p>Los armarios de cocina poco profundos se utilizan para estrechar la cocina o los pasillos, creando una superficie plana y uniforme, mientras que los armarios regulares sobresaldr\u00edan demasiado.\u00a0<\/p><p>Nuestros armarios de cocina delgados est\u00e1n dise\u00f1ados ergon\u00f3micamente, puedes alcanzar f\u00e1cilmente los objetos ya que no est\u00e1n enterrados en estantes profundos. Adem\u00e1s, el armario est\u00e1 equipado con cajones y bandejas extra\u00edbles para maximizar la funcionalidad.<\/p><p>AJ Flying ofrece una gama completa de opciones a medida, puedes elegir diferentes materiales para crear armarios, como <a href=\"https:\/\/www.ajflyinghome.com\/es\/mdf-kitchen-cabinet\/\">MDF<\/a>tablero de madera contrachapada, y <a href=\"https:\/\/www.ajflyinghome.com\/es\/melamine-kitchen-cabinet\/\">melamina<\/a>todos son confiables, pasan pruebas de emisi\u00f3n de formaldeh\u00eddo y son duraderos sin deformarse ni fallar en uso prolongado.<\/p><p>Ya sea que desees personalizar su funcionalidad o est\u00e9tica, AJ Flying puede satisfacer tus necesidades.<\/p>\t\t\t\t\t\t\t\t<\/div>\n\t\t\t\t<\/div>\n\t\t\t\t<div class=\"elementor-element elementor-element-15c913f7 elementor-tablet-align-center popmake-1598 elementor-align-left elementor-widget elementor-widget-button\" data-id=\"15c913f7\" data-element_type=\"widget\" data-widget_type=\"button.default\">\n\t\t\t\t<div class=\"elementor-widget-container\">\n\t\t\t\t\t\t\t\t\t<div class=\"elementor-button-wrapper\">\n\t\t\t\t\t<a class=\"elementor-button elementor-size-sm\" role=\"button\">\n\t\t\t\t\t\t<span class=\"elementor-button-content-wrapper\">\n\t\t\t\t\t\t\t\t\t<span class=\"elementor-button-text\">Enviar Consulta<\/span>\n\t\t\t\t\t<\/span>\n\t\t\t\t\t<\/a>\n\t\t\t\t<\/div>\n\t\t\t\t\t\t\t\t<\/div>\n\t\t\t\t<\/div>\n\t\t\t\t\t<\/div>\n\t\t\t\t<\/div>\n\t\t<div class=\"elementor-element elementor-element-1c2a5953 e-flex e-con-boxed e-con e-parent\" data-id=\"1c2a5953\" data-element_type=\"container\" data-settings=\"{&quot;background_background&quot;:&quot;classic&quot;}\">\n\t\t\t\t\t<div class=\"e-con-inner\">\n\t\t\t\t<div class=\"elementor-element elementor-element-7f6ac6c4 elementor-widget__width-initial elementor-widget-tablet__width-inherit elementor-widget elementor-widget-image\" data-id=\"7f6ac6c4\" data-element_type=\"widget\" data-widget_type=\"image.default\">\n\t\t\t\t<div class=\"elementor-widget-container\">\n\t\t\t\t\t\t\t\t\t\t\t\t\t\t\t<img fetchpriority=\"high\" decoding=\"async\" width=\"575\" height=\"715\" src=\"https:\/\/www.ajflyinghome.com\/wp-content\/uploads\/2024\/12\/Durable-and-Reliable-Materials.webp\" class=\"attachment-large size-large wp-image-2826\" alt=\"Materiales duraderos y confiables\" title=\"\">\t\t\t\t\t\t\t\t\t\t\t\t\t\t\t<\/div>\n\t\t\t\t<\/div>\n\t\t<div class=\"elementor-element elementor-element-3267b71 e-con-full e-flex e-con e-child\" data-id=\"3267b71\" data-element_type=\"container\">\n\t\t\t\t<div class=\"elementor-element elementor-element-6c0d24c elementor-widget elementor-widget-heading\" data-id=\"6c0d24c\" data-element_type=\"widget\" data-widget_type=\"heading.default\">\n\t\t\t\t<div class=\"elementor-widget-container\">\n\t\t\t\t\t<h2 class=\"elementor-heading-title elementor-size-default\">Materiales duraderos y confiables<\/h2>\t\t\t\t<\/div>\n\t\t\t\t<\/div>\n\t\t\t\t<div class=\"elementor-element elementor-element-133e23aa elementor-widget elementor-widget-text-editor\" data-id=\"133e23aa\" data-element_type=\"widget\" data-widget_type=\"text-editor.default\">\n\t\t\t\t<div class=\"elementor-widget-container\">\n\t\t\t\t\t\t\t\t\t<p>Los armarios de cocina poco profundos est\u00e1n hechos de tableros de madera engineered de precio competitivo, como aglomerado, fibra de densidad media y madera contrachapada. Ofrecemos una opci\u00f3n est\u00e1ndar econ\u00f3mica de 16 mm, y puedes elegir un tablero m\u00e1s grueso de 18 mm para mejorar la capacidad de carga del armario en \u00e1reas de uso frecuente y cargas pesadas.<\/p><p>El borde del tablero ha sido tratado con sellos acu\u00e1ticos de 1 mm, lo que puede mejorar la resistencia de tu armario de cocina poco profundo a la humedad y la infiltraci\u00f3n de agua. Esto no solo evita hinchaz\u00f3n, deformaciones o deterioro, sino que tambi\u00e9n reduce el riesgo de astillas o aspereza y ofrece un aspecto uniforme a tus armarios.<\/p>\t\t\t\t\t\t\t\t<\/div>\n\t\t\t\t<\/div>\n\t\t\t\t<div class=\"elementor-element elementor-element-32510606 elementor-tablet-align-center popmake-1598 elementor-widget elementor-widget-button\" data-id=\"32510606\" data-element_type=\"widget\" data-widget_type=\"button.default\">\n\t\t\t\t<div class=\"elementor-widget-container\">\n\t\t\t\t\t\t\t\t\t<div class=\"elementor-button-wrapper\">\n\t\t\t\t\t<a class=\"elementor-button elementor-size-sm\" role=\"button\">\n\t\t\t\t\t\t<span class=\"elementor-button-content-wrapper\">\n\t\t\t\t\t\t\t\t\t<span class=\"elementor-button-text\">Obtener cotizaci\u00f3n<\/span>\n\t\t\t\t\t<\/span>\n\t\t\t\t\t<\/a>\n\t\t\t\t<\/div>\n\t\t\t\t\t\t\t\t<\/div>\n\t\t\t\t<\/div>\n\t\t\t\t<\/div>\n\t\t\t\t\t<\/div>\n\t\t\t\t<\/div>\n\t\t<div class=\"elementor-element elementor-element-581e3c8b e-flex e-con-boxed e-con e-parent\" data-id=\"581e3c8b\" data-element_type=\"container\" data-settings=\"{&quot;background_background&quot;:&quot;classic&quot;}\">\n\t\t\t\t\t<div class=\"e-con-inner\">\n\t\t<div class=\"elementor-element elementor-element-2efa1d7f e-con-full e-flex e-con e-child\" data-id=\"2efa1d7f\" data-element_type=\"container\">\n\t\t\t\t<div class=\"elementor-element elementor-element-5be4f554 elementor-widget elementor-widget-heading\" data-id=\"5be4f554\" data-element_type=\"widget\" data-widget_type=\"heading.default\">\n\t\t\t\t<div class=\"elementor-widget-container\">\n\t\t\t\t\t<h2 class=\"elementor-heading-title elementor-size-default\">Opciones de superficie y color<\/h2>\t\t\t\t<\/div>\n\t\t\t\t<\/div>\n\t\t\t\t<div class=\"elementor-element elementor-element-71daf78c elementor-widget elementor-widget-text-editor\" data-id=\"71daf78c\" data-element_type=\"widget\" data-widget_type=\"text-editor.default\">\n\t\t\t\t<div class=\"elementor-widget-container\">\n\t\t\t\t\t\t\t\t\t<p>Nuestros armarios de cocina poco profundos pueden ser tratados con melamina para formar un acabado duradero, atractivo y funcional. Esto puede hacer que la superficie de tu armario sea lisa, resistente y a prueba de ara\u00f1azos, manchas y humedad, lo que mejora la vida \u00fatil del armario. Tus armarios pueden ser personalizados en <a href=\"https:\/\/www.ajflyinghome.com\/es\/kitchen-cabinet-color-trends\/\">una amplia gama de colores<\/a>patrones y texturas, incluyendo vetas de madera realistas, texturas de piedra y colores s\u00f3lidos.<\/p><p>AJ Flying puede usar acr\u00edlico para formar una superficie reflectante similar a un espejo que realza la luminosidad y a\u00f1ade un aspecto lujoso a tus armarios, resistiendo la decoloraci\u00f3n o p\u00e9rdida de color cuando se expone a la luz solar.<\/p>\t\t\t\t\t\t\t\t<\/div>\n\t\t\t\t<\/div>\n\t\t\t\t<div class=\"elementor-element elementor-element-1891959a elementor-tablet-align-center popmake-1598 elementor-widget elementor-widget-button\" data-id=\"1891959a\" data-element_type=\"widget\" data-widget_type=\"button.default\">\n\t\t\t\t<div class=\"elementor-widget-container\">\n\t\t\t\t\t\t\t\t\t<div class=\"elementor-button-wrapper\">\n\t\t\t\t\t<a class=\"elementor-button elementor-size-sm\" role=\"button\">\n\t\t\t\t\t\t<span class=\"elementor-button-content-wrapper\">\n\t\t\t\t\t\t\t\t\t<span class=\"elementor-button-text\">Consulta Ahora<\/span>\n\t\t\t\t\t<\/span>\n\t\t\t\t\t<\/a>\n\t\t\t\t<\/div>\n\t\t\t\t\t\t\t\t<\/div>\n\t\t\t\t<\/div>\n\t\t\t\t<\/div>\n\t\t<div class=\"elementor-element elementor-element-592431c5 e-con-full e-flex e-con e-child\" data-id=\"592431c5\" data-element_type=\"container\">\n\t\t\t\t<div class=\"elementor-element elementor-element-52632c9 elementor-widget elementor-widget-image\" data-id=\"52632c9\" data-element_type=\"widget\" data-widget_type=\"image.default\">\n\t\t\t\t<div class=\"elementor-widget-container\">\n\t\t\t\t\t\t\t\t\t\t\t\t\t\t\t<img decoding=\"async\" width=\"515\" height=\"620\" src=\"https:\/\/www.ajflyinghome.com\/wp-content\/uploads\/2024\/12\/Surface-and-Color-Option.webp\" class=\"attachment-large size-large wp-image-2827\" alt=\"Opciones de superficie y color\" title=\"\">\t\t\t\t\t\t\t\t\t\t\t\t\t\t\t<\/div>\n\t\t\t\t<\/div>\n\t\t\t\t<\/div>\n\t\t\t\t\t<\/div>\n\t\t\t\t<\/div>\n\t\t<div class=\"elementor-element elementor-element-5db745a9 e-flex e-con-boxed e-con e-parent\" data-id=\"5db745a9\" data-element_type=\"container\" data-settings=\"{&quot;background_background&quot;:&quot;classic&quot;}\">\n\t\t\t\t\t<div class=\"e-con-inner\">\n\t\t<div class=\"elementor-element elementor-element-2870bb2a e-flex e-con-boxed e-con e-child\" data-id=\"2870bb2a\" data-element_type=\"container\" data-settings=\"{&quot;background_background&quot;:&quot;classic&quot;}\">\n\t\t\t\t\t<div class=\"e-con-inner\">\n\t\t<div class=\"elementor-element elementor-element-3a431307 e-con-full e-flex e-con e-child\" data-id=\"3a431307\" data-element_type=\"container\" data-settings=\"{&quot;background_background&quot;:&quot;classic&quot;}\">\n\t\t\t\t<div class=\"elementor-element elementor-element-f6177f5 elementor-widget elementor-widget-heading\" data-id=\"f6177f5\" data-element_type=\"widget\" data-widget_type=\"heading.default\">\n\t\t\t\t<div class=\"elementor-widget-container\">\n\t\t\t\t\t<h2 class=\"elementor-heading-title elementor-size-default\">Aplicaci\u00f3n de armarios poco profundos<\/h2>\t\t\t\t<\/div>\n\t\t\t\t<\/div>\n\t\t\t\t<div class=\"elementor-element elementor-element-77e171db elementor-widget elementor-widget-text-editor\" data-id=\"77e171db\" data-element_type=\"widget\" data-widget_type=\"text-editor.default\">\n\t\t\t\t<div class=\"elementor-widget-container\">\n\t\t\t\t\t\t\t\t\t<p>Los armarios poco profundos son una soluci\u00f3n de almacenamiento vers\u00e1til para muchas aplicaciones. Con su caracter\u00edstica de profundidad reducida, son ideales para ofrecer una encimera estructural robusta para colocar electrodom\u00e9sticos y proporcionar suficiente espacio para almacenar especias e ingredientes de reposter\u00eda, mientras a\u00fan tienes espacio para cocinar y pasar. Adem\u00e1s, los armarios poco profundos pueden usarse como armarios de pared o en la parte trasera de <a href=\"https:\/\/www.ajflyinghome.com\/es\/bespoke-kitchen-island\/\">islas de cocina<\/a> para a\u00f1adir almacenamiento adicional para art\u00edculos no esenciales.<\/p>\t\t\t\t\t\t\t\t<\/div>\n\t\t\t\t<\/div>\n\t\t\t\t<div class=\"elementor-element elementor-element-5453276a elementor-tablet-align-justify elementor-align-justify popmake-1598 elementor-widget elementor-widget-button\" data-id=\"5453276a\" data-element_type=\"widget\" data-widget_type=\"button.default\">\n\t\t\t\t<div class=\"elementor-widget-container\">\n\t\t\t\t\t\t\t\t\t<div class=\"elementor-button-wrapper\">\n\t\t\t\t\t<a class=\"elementor-button elementor-size-sm\" role=\"button\">\n\t\t\t\t\t\t<span class=\"elementor-button-content-wrapper\">\n\t\t\t\t\t\t\t\t\t<span class=\"elementor-button-text\">Comparte tus ideas<\/span>\n\t\t\t\t\t<\/span>\n\t\t\t\t\t<\/a>\n\t\t\t\t<\/div>\n\t\t\t\t\t\t\t\t<\/div>\n\t\t\t\t<\/div>\n\t\t\t\t<\/div>\n\t\t\t\t\t<\/div>\n\t\t\t\t<\/div>\n\t\t\t\t\t<\/div>\n\t\t\t\t<\/div>\n\t\t<div class=\"elementor-element elementor-element-53fc681 e-flex e-con-boxed e-con e-parent\" data-id=\"53fc681\" data-element_type=\"container\">\n\t\t\t\t\t<div class=\"e-con-inner\">\n\t\t<div class=\"elementor-element elementor-element-48d05d3 e-con-full e-flex e-con e-child\" data-id=\"48d05d3\" data-element_type=\"container\">\n\t\t\t\t<div class=\"elementor-element elementor-element-ad1f71a elementor-widget elementor-widget-heading\" data-id=\"ad1f71a\" data-element_type=\"widget\" data-widget_type=\"heading.default\">\n\t\t\t\t<div class=\"elementor-widget-container\">\n\t\t\t\t\t<h2 class=\"elementor-heading-title elementor-size-default\">Espacio de almacenamiento a medida<\/h2>\t\t\t\t<\/div>\n\t\t\t\t<\/div>\n\t\t\t\t<div class=\"elementor-element elementor-element-003f076 elementor-widget elementor-widget-text-editor\" data-id=\"003f076\" data-element_type=\"widget\" data-widget_type=\"text-editor.default\">\n\t\t\t\t<div class=\"elementor-widget-container\">\n\t\t\t\t\t\t\t\t\t<p>Una distribuci\u00f3n razonable de puertas y cajones har\u00e1 que el espacio de almacenamiento de los armarios sea m\u00e1s conveniente y usable. Puedes elegir 1 puerta de un armario poco profundo sin divisor central para almacenar aplicaciones de cocina de mayor tama\u00f1o. Ofrecemos 2 opciones de puertas para armarios de m\u00e1s de 60 cm de ancho, un dise\u00f1o sim\u00e9trico que complementa cocinas tradicionales o cl\u00e1sicas.<\/p><p>Las estanter\u00edas ajustables est\u00e1n disponibles por AJ Flying, para un uso eficiente del espacio interior eliminando espacios no utilizados, asegurando que cada cent\u00edmetro del armario sea aprovechado.<\/p>\t\t\t\t\t\t\t\t<\/div>\n\t\t\t\t<\/div>\n\t\t\t\t<div class=\"elementor-element elementor-element-d0fa418 elementor-tablet-align-center popmake-1598 elementor-widget elementor-widget-button\" data-id=\"d0fa418\" data-element_type=\"widget\" data-widget_type=\"button.default\">\n\t\t\t\t<div class=\"elementor-widget-container\">\n\t\t\t\t\t\t\t\t\t<div class=\"elementor-button-wrapper\">\n\t\t\t\t\t<a class=\"elementor-button elementor-size-sm\" role=\"button\">\n\t\t\t\t\t\t<span class=\"elementor-button-content-wrapper\">\n\t\t\t\t\t\t\t\t\t<span class=\"elementor-button-text\">Consulta Ahora<\/span>\n\t\t\t\t\t<\/span>\n\t\t\t\t\t<\/a>\n\t\t\t\t<\/div>\n\t\t\t\t\t\t\t\t<\/div>\n\t\t\t\t<\/div>\n\t\t\t\t<\/div>\n\t\t<div class=\"elementor-element elementor-element-af70796 e-con-full e-flex e-con e-child\" data-id=\"af70796\" data-element_type=\"container\">\n\t\t\t\t<div class=\"elementor-element elementor-element-e53cc33 elementor-widget elementor-widget-image\" data-id=\"e53cc33\" data-element_type=\"widget\" data-widget_type=\"image.default\">\n\t\t\t\t<div class=\"elementor-widget-container\">\n\t\t\t\t\t\t\t\t\t\t\t\t\t\t\t<img decoding=\"async\" width=\"550\" height=\"470\" src=\"https:\/\/www.ajflyinghome.com\/wp-content\/uploads\/2024\/12\/Bespoke-Storage-Space.webp\" class=\"attachment-large size-large wp-image-2829\" alt=\"Espacio de almacenamiento a medida\" title=\"\">\t\t\t\t\t\t\t\t\t\t\t\t\t\t\t<\/div>\n\t\t\t\t<\/div>\n\t\t\t\t<\/div>\n\t\t\t\t\t<\/div>\n\t\t\t\t<\/div>\n\t\t<div class=\"elementor-element elementor-element-ff13755 e-flex e-con-boxed e-con e-parent\" data-id=\"ff13755\" data-element_type=\"container\">\n\t\t\t\t\t<div class=\"e-con-inner\">\n\t\t<div class=\"elementor-element elementor-element-259b797 e-con-full e-flex e-con e-child\" data-id=\"259b797\" data-element_type=\"container\">\n\t\t\t\t<div class=\"elementor-element elementor-element-72217d4 elementor-widget elementor-widget-image\" data-id=\"72217d4\" data-element_type=\"widget\" data-widget_type=\"image.default\">\n\t\t\t\t<div class=\"elementor-widget-container\">\n\t\t\t\t\t\t\t\t\t\t\t\t\t\t\t<img loading=\"lazy\" decoding=\"async\" width=\"550\" height=\"470\" src=\"https:\/\/www.ajflyinghome.com\/wp-content\/uploads\/2024\/12\/Size-and-Pack-Format.webp\" class=\"attachment-large size-large wp-image-2830\" alt=\"\" title=\"\">\t\t\t\t\t\t\t\t\t\t\t\t\t\t\t<\/div>\n\t\t\t\t<\/div>\n\t\t\t\t<\/div>\n\t\t<div class=\"elementor-element elementor-element-b057d8d e-con-full e-flex e-con e-child\" data-id=\"b057d8d\" data-element_type=\"container\">\n\t\t\t\t<div class=\"elementor-element elementor-element-6496ff8 elementor-widget elementor-widget-heading\" data-id=\"6496ff8\" data-element_type=\"widget\" data-widget_type=\"heading.default\">\n\t\t\t\t<div class=\"elementor-widget-container\">\n\t\t\t\t\t<h2 class=\"elementor-heading-title elementor-size-default\">Tama\u00f1o y formato del paquete<\/h2>\t\t\t\t<\/div>\n\t\t\t\t<\/div>\n\t\t\t\t<div class=\"elementor-element elementor-element-b4fd69b elementor-widget elementor-widget-text-editor\" data-id=\"b4fd69b\" data-element_type=\"widget\" data-widget_type=\"text-editor.default\">\n\t\t\t\t<div class=\"elementor-widget-container\">\n\t\t\t\t\t\t\t\t\t<p>Nuestra l\u00ednea de producci\u00f3n est\u00e1 equipada con m\u00e1quinas CNC avanzadas para ofrecerte un servicio de corte a medida, las placas se cortan con dimensiones exactas seg\u00fan las demandas de tu armario, eliminando la necesidad de recortes adicionales, lo que mejora la rentabilidad al reducir el desperdicio.<\/p><p>De esta manera, puedes elegir un armario poco profundo en paquete plano que ha sido cortado y preperforado, lo que te ayuda a ahorrar mucho en costos de env\u00edo ya que ocupan poco volumen. Si no quieres hacerlo t\u00fa mismo, podemos montarlo en nuestra f\u00e1brica directamente, ahorr\u00e1ndote mucho tiempo.<\/p>\t\t\t\t\t\t\t\t<\/div>\n\t\t\t\t<\/div>\n\t\t\t\t<div class=\"elementor-element elementor-element-bf13a25 elementor-tablet-align-center popmake-1598 elementor-widget elementor-widget-button\" data-id=\"bf13a25\" data-element_type=\"widget\" data-widget_type=\"button.default\">\n\t\t\t\t<div class=\"elementor-widget-container\">\n\t\t\t\t\t\t\t\t\t<div class=\"elementor-button-wrapper\">\n\t\t\t\t\t<a class=\"elementor-button elementor-size-sm\" role=\"button\">\n\t\t\t\t\t\t<span class=\"elementor-button-content-wrapper\">\n\t\t\t\t\t\t\t\t\t<span class=\"elementor-button-text\">Consulta Ahora<\/span>\n\t\t\t\t\t<\/span>\n\t\t\t\t\t<\/a>\n\t\t\t\t<\/div>\n\t\t\t\t\t\t\t\t<\/div>\n\t\t\t\t<\/div>\n\t\t\t\t<\/div>\n\t\t\t\t\t<\/div>\n\t\t\t\t<\/div>\n\t\t\t\t<\/div>","protected":false},"excerpt":{"rendered":"<p>Fabricante chino de armarios de cocina poco profundos AJ Flying produce armarios de menor profundidad para espacios limitados en la cocina, pueden ser personalizados en diferentes materiales, tama\u00f1os, colores y estilos. Adem\u00e1s, nuestros armarios cumplen con las normas ANSI A161.1 e IOS 7170, garantizando resistencia y durabilidad. Consulta ahora AJ Flying- Armarios de cocina de menor profundidad Los armarios de cocina poco profundos se utilizan para estrechar [\u2026]<\/p>","protected":false},"author":1,"featured_media":3184,"parent":0,"menu_order":0,"comment_status":"closed","ping_status":"closed","template":"elementor_header_footer","meta":{"_acf_changed":false,"footnotes":""},"class_list":["post-2797","page","type-page","status-publish","has-post-thumbnail","hentry"],"blocksy_meta":[],"acf":[],"_links":{"self":[{"href":"https:\/\/www.ajflyinghome.com\/es\/wp-json\/wp\/v2\/pages\/2797","targetHints":{"allow":["GET"]}}],"collection":[{"href":"https:\/\/www.ajflyinghome.com\/es\/wp-json\/wp\/v2\/pages"}],"about":[{"href":"https:\/\/www.ajflyinghome.com\/es\/wp-json\/wp\/v2\/types\/page"}],"author":[{"embeddable":true,"href":"https:\/\/www.ajflyinghome.com\/es\/wp-json\/wp\/v2\/users\/1"}],"replies":[{"embeddable":true,"href":"https:\/\/www.ajflyinghome.com\/es\/wp-json\/wp\/v2\/comments?post=2797"}],"version-history":[{"count":0,"href":"https:\/\/www.ajflyinghome.com\/es\/wp-json\/wp\/v2\/pages\/2797\/revisions"}],"wp:featuredmedia":[{"embeddable":true,"href":"https:\/\/www.ajflyinghome.com\/es\/wp-json\/wp\/v2\/media\/3184"}],"wp:attachment":[{"href":"https:\/\/www.ajflyinghome.com\/es\/wp-json\/wp\/v2\/media?parent=2797"}],"curies":[{"name":"wp","href":"https:\/\/api.w.org\/{rel}","templated":true}]}}