{"id":2838,"date":"2024-12-05T14:17:51","date_gmt":"2024-12-05T06:17:51","guid":{"rendered":"https:\/\/www.ajflyinghome.com\/?page_id=2838"},"modified":"2025-06-09T10:33:22","modified_gmt":"2025-06-09T02:33:22","slug":"kitchen-sink-cabinet","status":"publish","type":"page","link":"https:\/\/www.ajflyinghome.com\/es\/kitchen-sink-cabinet\/","title":{"rendered":"Proveedor de gabinetes para fregadero de cocina en China"},"content":{"rendered":"<div data-elementor-type=\"wp-page\" data-elementor-id=\"2838\" class=\"elementor elementor-2838\">\n\t\t\t\t<div class=\"elementor-element elementor-element-13101207 e-flex e-con-boxed e-con e-parent\" data-id=\"13101207\" data-element_type=\"container\" data-settings=\"{&quot;background_background&quot;:&quot;classic&quot;}\">\n\t\t\t\t\t<div class=\"e-con-inner\">\n\t\t<div class=\"elementor-element elementor-element-7b126ded e-con-full e-flex e-con e-child\" data-id=\"7b126ded\" data-element_type=\"container\" data-settings=\"{&quot;background_background&quot;:&quot;classic&quot;}\">\n\t\t\t\t<div class=\"elementor-element elementor-element-2248dfc7 elementor-widget elementor-widget-heading\" data-id=\"2248dfc7\" data-element_type=\"widget\" data-widget_type=\"heading.default\">\n\t\t\t\t<div class=\"elementor-widget-container\">\n\t\t\t\t\t<h2 class=\"elementor-heading-title elementor-size-default\">Gabinete de fregadero de cocina<\/h2>\t\t\t\t<\/div>\n\t\t\t\t<\/div>\n\t\t\t\t<div class=\"elementor-element elementor-element-4edfdc67 elementor-widget elementor-widget-text-editor\" data-id=\"4edfdc67\" data-element_type=\"widget\" data-widget_type=\"text-editor.default\">\n\t\t\t\t<div class=\"elementor-widget-container\">\n\t\t\t\t\t\t\t\t\t<p>AJ Flying es un fabricante de gabinetes de fregadero de cocina personalizados que var\u00edan en materiales, tama\u00f1os, estilos, colores y caracter\u00edsticas de almacenamiento. Esto le ofrece una elecci\u00f3n casi ilimitada de apariencia y opciones de almacenamiento para el fregadero de la cocina.<\/p><p>Normas E1 y E0, las emisiones de formaldeh\u00eddo m\u00e1s bajas permitidas.<\/p><p>Soporte <a href=\"https:\/\/www.ajflyinghome.com\/es\/ready-to-assemble-kitchen-cabinets\/\">y gabinetes de fregadero de cocina listos para montar<\/a> y completamente montados.<\/p>\t\t\t\t\t\t\t\t<\/div>\n\t\t\t\t<\/div>\n\t\t\t\t<div class=\"elementor-element elementor-element-3d3ed0f elementor-tablet-align-center popmake-1598 elementor-widget elementor-widget-button\" data-id=\"3d3ed0f\" data-element_type=\"widget\" data-widget_type=\"button.default\">\n\t\t\t\t<div class=\"elementor-widget-container\">\n\t\t\t\t\t\t\t\t\t<div class=\"elementor-button-wrapper\">\n\t\t\t\t\t<a class=\"elementor-button elementor-size-sm\" role=\"button\">\n\t\t\t\t\t\t<span class=\"elementor-button-content-wrapper\">\n\t\t\t\t\t\t\t\t\t<span class=\"elementor-button-text\">Descubra m\u00e1s<\/span>\n\t\t\t\t\t<\/span>\n\t\t\t\t\t<\/a>\n\t\t\t\t<\/div>\n\t\t\t\t\t\t\t\t<\/div>\n\t\t\t\t<\/div>\n\t\t\t\t<\/div>\n\t\t\t\t\t<\/div>\n\t\t\t\t<\/div>\n\t\t<div class=\"elementor-element elementor-element-361a14be e-flex e-con-boxed e-con e-parent\" data-id=\"361a14be\" data-element_type=\"container\">\n\t\t\t\t\t<div class=\"e-con-inner\">\n\t\t\t\t<div class=\"elementor-element elementor-element-67e81a77 elementor-widget elementor-widget-heading\" data-id=\"67e81a77\" data-element_type=\"widget\" data-widget_type=\"heading.default\">\n\t\t\t\t<div class=\"elementor-widget-container\">\n\t\t\t\t\t<h2 class=\"elementor-heading-title elementor-size-default\">Fabricante de gabinetes de fregadero de cocina<\/h2>\t\t\t\t<\/div>\n\t\t\t\t<\/div>\n\t\t\t\t<div class=\"elementor-element elementor-element-47a5cd1a elementor-widget elementor-widget-text-editor\" data-id=\"47a5cd1a\" data-element_type=\"widget\" data-widget_type=\"text-editor.default\">\n\t\t\t\t<div class=\"elementor-widget-container\">\n\t\t\t\t\t\t\t\t\t<p>El gabinete de fregadero de cocina est\u00e1 construido para soportar el fregadero y alojar la plomer\u00eda. El gabinete del fregadero se integra de manera fluida e inteligente en los gabinetes y encimeras circundantes, con una vista de toda la cocina.<\/p><p>Los gabinetes de fregadero de cocina de AJ Flying est\u00e1n hechos de tablero artificial como <a href=\"https:\/\/www.ajflyinghome.com\/es\/mdf-kitchen-cabinet\/\">MDF<\/a> y madera contrachapada, est\u00e1n tratados con un <a href=\"https:\/\/www.ajflyinghome.com\/es\/laminate-kitchen-cabinets\/\">acabado de laminado<\/a> para resistir la humedad y prevenir da\u00f1os por derrames o fugas de agua.<\/p><p>Construido en cualquier tama\u00f1o en altura, ancho o profundidad seg\u00fan los requisitos de su distribuci\u00f3n de cocina y necesidades de almacenamiento. Elija entre varios tipos como r\u00fastico, contempor\u00e1neo, de granja y otros fregaderos y <a href=\"https:\/\/www.ajflyinghome.com\/es\/kitchen-countertop-height-and-depth\/\">diferentes dimensiones de encimeras<\/a> para satisfacer las necesidades espec\u00edficas de la cocina.<\/p>\t\t\t\t\t\t\t\t<\/div>\n\t\t\t\t<\/div>\n\t\t\t\t<div class=\"elementor-element elementor-element-7181bb0c elementor-tablet-align-center popmake-1598 elementor-align-left elementor-widget elementor-widget-button\" data-id=\"7181bb0c\" data-element_type=\"widget\" data-widget_type=\"button.default\">\n\t\t\t\t<div class=\"elementor-widget-container\">\n\t\t\t\t\t\t\t\t\t<div class=\"elementor-button-wrapper\">\n\t\t\t\t\t<a class=\"elementor-button elementor-size-sm\" role=\"button\">\n\t\t\t\t\t\t<span class=\"elementor-button-content-wrapper\">\n\t\t\t\t\t\t\t\t\t<span class=\"elementor-button-text\">Enviar Consulta<\/span>\n\t\t\t\t\t<\/span>\n\t\t\t\t\t<\/a>\n\t\t\t\t<\/div>\n\t\t\t\t\t\t\t\t<\/div>\n\t\t\t\t<\/div>\n\t\t\t\t\t<\/div>\n\t\t\t\t<\/div>\n\t\t<div class=\"elementor-element elementor-element-1715beb1 e-flex e-con-boxed e-con e-parent\" data-id=\"1715beb1\" data-element_type=\"container\" data-settings=\"{&quot;background_background&quot;:&quot;classic&quot;}\">\n\t\t\t\t\t<div class=\"e-con-inner\">\n\t\t\t\t<div class=\"elementor-element elementor-element-147d5565 elementor-widget__width-initial elementor-widget-tablet__width-inherit elementor-widget elementor-widget-image\" data-id=\"147d5565\" data-element_type=\"widget\" data-widget_type=\"image.default\">\n\t\t\t\t<div class=\"elementor-widget-container\">\n\t\t\t\t\t\t\t\t\t\t\t\t\t\t\t<img fetchpriority=\"high\" decoding=\"async\" width=\"575\" height=\"715\" src=\"https:\/\/www.ajflyinghome.com\/wp-content\/uploads\/2024\/12\/Cost-Effective-and-High-Quality-Material.webp\" class=\"attachment-large size-large wp-image-2862\" alt=\"Material rentable y de alta calidad\" title=\"\">\t\t\t\t\t\t\t\t\t\t\t\t\t\t\t<\/div>\n\t\t\t\t<\/div>\n\t\t<div class=\"elementor-element elementor-element-4e4eea2b e-con-full e-flex e-con e-child\" data-id=\"4e4eea2b\" data-element_type=\"container\">\n\t\t\t\t<div class=\"elementor-element elementor-element-276df8ab elementor-widget elementor-widget-heading\" data-id=\"276df8ab\" data-element_type=\"widget\" data-widget_type=\"heading.default\">\n\t\t\t\t<div class=\"elementor-widget-container\">\n\t\t\t\t\t<h2 class=\"elementor-heading-title elementor-size-default\">Material rentable y de alta calidad<\/h2>\t\t\t\t<\/div>\n\t\t\t\t<\/div>\n\t\t\t\t<div class=\"elementor-element elementor-element-161ffa81 elementor-widget elementor-widget-text-editor\" data-id=\"161ffa81\" data-element_type=\"widget\" data-widget_type=\"text-editor.default\">\n\t\t\t\t<div class=\"elementor-widget-container\">\n\t\t\t\t\t\t\t\t\t<p>Fabricamos a medida sus gabinetes de fregadero con madera contrachapada resistente al agua, aglomerado o MDF para que puedan soportar las exigencias del uso diario y la exposici\u00f3n a la humedad, y a\u00fan as\u00ed rendir bien durante mucho tiempo.<\/p><p>Adem\u00e1s, es m\u00e1s asequible en comparaci\u00f3n con materiales de alta calidad, como madera maciza o madera contrachapada de grado marino. Si desea adquirir un material rentable para dise\u00f1ar su gabinete de fregadero, contacte con AJ Flying para soluciones asequibles.<\/p>\t\t\t\t\t\t\t\t<\/div>\n\t\t\t\t<\/div>\n\t\t\t\t<div class=\"elementor-element elementor-element-168d379f elementor-tablet-align-center popmake-1598 elementor-widget elementor-widget-button\" data-id=\"168d379f\" data-element_type=\"widget\" data-widget_type=\"button.default\">\n\t\t\t\t<div class=\"elementor-widget-container\">\n\t\t\t\t\t\t\t\t\t<div class=\"elementor-button-wrapper\">\n\t\t\t\t\t<a class=\"elementor-button elementor-size-sm\" role=\"button\">\n\t\t\t\t\t\t<span class=\"elementor-button-content-wrapper\">\n\t\t\t\t\t\t\t\t\t<span class=\"elementor-button-text\">Obtener cotizaci\u00f3n<\/span>\n\t\t\t\t\t<\/span>\n\t\t\t\t\t<\/a>\n\t\t\t\t<\/div>\n\t\t\t\t\t\t\t\t<\/div>\n\t\t\t\t<\/div>\n\t\t\t\t<\/div>\n\t\t\t\t\t<\/div>\n\t\t\t\t<\/div>\n\t\t<div class=\"elementor-element elementor-element-7640b65a e-flex e-con-boxed e-con e-parent\" data-id=\"7640b65a\" data-element_type=\"container\" data-settings=\"{&quot;background_background&quot;:&quot;classic&quot;}\">\n\t\t\t\t\t<div class=\"e-con-inner\">\n\t\t<div class=\"elementor-element elementor-element-50ae5a56 e-con-full e-flex e-con e-child\" data-id=\"50ae5a56\" data-element_type=\"container\">\n\t\t\t\t<div class=\"elementor-element elementor-element-4810c543 elementor-widget elementor-widget-heading\" data-id=\"4810c543\" data-element_type=\"widget\" data-widget_type=\"heading.default\">\n\t\t\t\t<div class=\"elementor-widget-container\">\n\t\t\t\t\t<h2 class=\"elementor-heading-title elementor-size-default\">Fregadero personalizado para gabinete<\/h2>\t\t\t\t<\/div>\n\t\t\t\t<\/div>\n\t\t\t\t<div class=\"elementor-element elementor-element-5fc5fa33 elementor-widget elementor-widget-text-editor\" data-id=\"5fc5fa33\" data-element_type=\"widget\" data-widget_type=\"text-editor.default\">\n\t\t\t\t<div class=\"elementor-widget-container\">\n\t\t\t\t\t\t\t\t\t<p>Los gabinetes de fregadero de AJ Flying pueden combinarse con una variedad de fregaderos seg\u00fan los requisitos de su proyecto y el uso del producto. Ofrecemos una gama de opciones de fregaderos, fabricados en acero inoxidable s304 duradero o fregaderos de compuesto de granito, con alta resistencia y resistencia a la oxidaci\u00f3n y ara\u00f1azos.<\/p><p>Se pueden clasificar en fregaderos de cocina bajo encimera, empotrados, de cascada e integrados, cuyo color se puede personalizar para complementar el mueble. Vienen en varias configuraciones, como tazones simples, dobles y triples, que permiten una personalizaci\u00f3n adecuada para todas las soluciones que requieren atender las necesidades de cocinas comerciales y residenciales.<\/p><p>Tambi\u00e9n podemos suministrar fregaderos de cocina para estaciones de trabajo, bares y esquinas, que son perfectos para cocinas peque\u00f1as. <a href=\"https:\/\/www.ajflyinghome.com\/es\/bespoke-kitchen-island\/\">muebles de isla<\/a>y muebles auxiliares.<\/p>\t\t\t\t\t\t\t\t<\/div>\n\t\t\t\t<\/div>\n\t\t\t\t<div class=\"elementor-element elementor-element-5cd857f8 elementor-tablet-align-center popmake-1598 elementor-widget elementor-widget-button\" data-id=\"5cd857f8\" data-element_type=\"widget\" data-widget_type=\"button.default\">\n\t\t\t\t<div class=\"elementor-widget-container\">\n\t\t\t\t\t\t\t\t\t<div class=\"elementor-button-wrapper\">\n\t\t\t\t\t<a class=\"elementor-button elementor-size-sm\" role=\"button\">\n\t\t\t\t\t\t<span class=\"elementor-button-content-wrapper\">\n\t\t\t\t\t\t\t\t\t<span class=\"elementor-button-text\">Consulta Ahora<\/span>\n\t\t\t\t\t<\/span>\n\t\t\t\t\t<\/a>\n\t\t\t\t<\/div>\n\t\t\t\t\t\t\t\t<\/div>\n\t\t\t\t<\/div>\n\t\t\t\t<\/div>\n\t\t<div class=\"elementor-element elementor-element-146e9b6d e-con-full e-flex e-con e-child\" data-id=\"146e9b6d\" data-element_type=\"container\">\n\t\t\t\t<div class=\"elementor-element elementor-element-1042960a elementor-widget elementor-widget-image\" data-id=\"1042960a\" data-element_type=\"widget\" data-widget_type=\"image.default\">\n\t\t\t\t<div class=\"elementor-widget-container\">\n\t\t\t\t\t\t\t\t\t\t\t\t\t\t\t<img decoding=\"async\" width=\"520\" height=\"690\" src=\"https:\/\/www.ajflyinghome.com\/wp-content\/uploads\/2024\/12\/Sink-for-Cabinet.webp\" class=\"attachment-large size-large wp-image-2863\" alt=\"\" title=\"\">\t\t\t\t\t\t\t\t\t\t\t\t\t\t\t<\/div>\n\t\t\t\t<\/div>\n\t\t\t\t<\/div>\n\t\t\t\t\t<\/div>\n\t\t\t\t<\/div>\n\t\t<div class=\"elementor-element elementor-element-12814e8b e-flex e-con-boxed e-con e-parent\" data-id=\"12814e8b\" data-element_type=\"container\" data-settings=\"{&quot;background_background&quot;:&quot;classic&quot;}\">\n\t\t\t\t\t<div class=\"e-con-inner\">\n\t\t<div class=\"elementor-element elementor-element-6ccba978 e-flex e-con-boxed e-con e-child\" data-id=\"6ccba978\" data-element_type=\"container\" data-settings=\"{&quot;background_background&quot;:&quot;classic&quot;}\">\n\t\t\t\t\t<div class=\"e-con-inner\">\n\t\t<div class=\"elementor-element elementor-element-4a1ac201 e-con-full e-flex e-con e-child\" data-id=\"4a1ac201\" data-element_type=\"container\" data-settings=\"{&quot;background_background&quot;:&quot;classic&quot;}\">\n\t\t\t\t<div class=\"elementor-element elementor-element-32e0cb7c elementor-widget elementor-widget-heading\" data-id=\"32e0cb7c\" data-element_type=\"widget\" data-widget_type=\"heading.default\">\n\t\t\t\t<div class=\"elementor-widget-container\">\n\t\t\t\t\t<h2 class=\"elementor-heading-title elementor-size-default\">Opci\u00f3n de color del mueble<\/h2>\t\t\t\t<\/div>\n\t\t\t\t<\/div>\n\t\t\t\t<div class=\"elementor-element elementor-element-3aa92542 elementor-widget elementor-widget-text-editor\" data-id=\"3aa92542\" data-element_type=\"widget\" data-widget_type=\"text-editor.default\">\n\t\t\t\t<div class=\"elementor-widget-container\">\n\t\t\t\t\t\t\t\t\t<p>Para cumplir con su necesidad est\u00e9tica especial, necesitaremos ofrecer diferentes tratamientos de superficie y <a href=\"https:\/\/www.ajflyinghome.com\/es\/kitchen-cabinet-color-trends\/\">colores populares<\/a> para permitir que coincidan con cualquier dise\u00f1o de cocina.<\/p><p>Ofrecemos <a href=\"https:\/\/www.ajflyinghome.com\/es\/best-wood-for-painted-cabinets\/\">muebles de madera pintados<\/a> y opciones de acabado laminado, con una amplia gama de colores que incluyen marr\u00f3n, gris, blanco y azul regata, as\u00ed como una mezcla de acabados brillantes, mate y satinado. Para su mueble de fregadero de cocina, la textura decorativa podr\u00eda ser un grano de madera, piedra, tela o metal.<\/p>\t\t\t\t\t\t\t\t<\/div>\n\t\t\t\t<\/div>\n\t\t\t\t<div class=\"elementor-element elementor-element-2d1bdd62 elementor-tablet-align-justify elementor-align-justify popmake-1598 elementor-widget elementor-widget-button\" data-id=\"2d1bdd62\" data-element_type=\"widget\" data-widget_type=\"button.default\">\n\t\t\t\t<div class=\"elementor-widget-container\">\n\t\t\t\t\t\t\t\t\t<div class=\"elementor-button-wrapper\">\n\t\t\t\t\t<a class=\"elementor-button elementor-size-sm\" role=\"button\">\n\t\t\t\t\t\t<span class=\"elementor-button-content-wrapper\">\n\t\t\t\t\t\t\t\t\t<span class=\"elementor-button-text\">Enviar Consulta<\/span>\n\t\t\t\t\t<\/span>\n\t\t\t\t\t<\/a>\n\t\t\t\t<\/div>\n\t\t\t\t\t\t\t\t<\/div>\n\t\t\t\t<\/div>\n\t\t\t\t<\/div>\n\t\t\t\t\t<\/div>\n\t\t\t\t<\/div>\n\t\t\t\t\t<\/div>\n\t\t\t\t<\/div>\n\t\t<div class=\"elementor-element elementor-element-a07945f e-flex e-con-boxed e-con e-parent\" data-id=\"a07945f\" data-element_type=\"container\">\n\t\t\t\t\t<div class=\"e-con-inner\">\n\t\t<div class=\"elementor-element elementor-element-1548e5e e-con-full e-flex e-con e-child\" data-id=\"1548e5e\" data-element_type=\"container\">\n\t\t\t\t<div class=\"elementor-element elementor-element-1377319 elementor-widget elementor-widget-image\" data-id=\"1377319\" data-element_type=\"widget\" data-widget_type=\"image.default\">\n\t\t\t\t<div class=\"elementor-widget-container\">\n\t\t\t\t\t\t\t\t\t\t\t\t\t\t\t<img decoding=\"async\" width=\"540\" height=\"460\" src=\"https:\/\/www.ajflyinghome.com\/wp-content\/uploads\/2024\/12\/Kitchen-Sink-Storage.webp\" class=\"attachment-large size-large wp-image-2902\" alt=\"Almacenamiento para fregadero de cocina\" title=\"\">\t\t\t\t\t\t\t\t\t\t\t\t\t\t\t<\/div>\n\t\t\t\t<\/div>\n\t\t\t\t<\/div>\n\t\t<div class=\"elementor-element elementor-element-bdac201 e-con-full e-flex e-con e-child\" data-id=\"bdac201\" data-element_type=\"container\">\n\t\t\t\t<div class=\"elementor-element elementor-element-1d1e9b3 elementor-widget elementor-widget-heading\" data-id=\"1d1e9b3\" data-element_type=\"widget\" data-widget_type=\"heading.default\">\n\t\t\t\t<div class=\"elementor-widget-container\">\n\t\t\t\t\t<h2 class=\"elementor-heading-title elementor-size-default\">Soluci\u00f3n de almacenamiento para fregaderos de cocina<\/h2>\t\t\t\t<\/div>\n\t\t\t\t<\/div>\n\t\t\t\t<div class=\"elementor-element elementor-element-1db6e19 elementor-widget elementor-widget-text-editor\" data-id=\"1db6e19\" data-element_type=\"widget\" data-widget_type=\"text-editor.default\">\n\t\t\t\t<div class=\"elementor-widget-container\">\n\t\t\t\t\t\t\t\t\t<p>El dise\u00f1o inteligente, el extintor que maximiza el espacio, se puede lograr a un precio tan bajo, espera el servicio de un equipo de dise\u00f1o confiable proporcionado por AJ Flying. Todas las unidades de puerta pueden venir equipadas con un kit de estantes y bandejas de pl\u00e1stico removibles que a\u00f1aden almacenamiento. El mueble del fregadero tiene su configuraci\u00f3n hecha de tal manera que implica que la fontaner\u00eda y las tuber\u00edas pueden estar bien organizadas para requerir menos espacio.<\/p><p>M\u00e1s opciones incluyen estanter\u00edas ajustables, cajones extra\u00edbles y compartimentos inclinables que se pueden emparejar con su mueble de fregadero.<\/p>\t\t\t\t\t\t\t\t<\/div>\n\t\t\t\t<\/div>\n\t\t\t\t<div class=\"elementor-element elementor-element-3f885b5 elementor-tablet-align-center popmake-1598 elementor-widget elementor-widget-button\" data-id=\"3f885b5\" data-element_type=\"widget\" data-widget_type=\"button.default\">\n\t\t\t\t<div class=\"elementor-widget-container\">\n\t\t\t\t\t\t\t\t\t<div class=\"elementor-button-wrapper\">\n\t\t\t\t\t<a class=\"elementor-button elementor-size-sm\" role=\"button\">\n\t\t\t\t\t\t<span class=\"elementor-button-content-wrapper\">\n\t\t\t\t\t\t\t\t\t<span class=\"elementor-button-text\">Consulta Ahora<\/span>\n\t\t\t\t\t<\/span>\n\t\t\t\t\t<\/a>\n\t\t\t\t<\/div>\n\t\t\t\t\t\t\t\t<\/div>\n\t\t\t\t<\/div>\n\t\t\t\t<\/div>\n\t\t\t\t\t<\/div>\n\t\t\t\t<\/div>\n\t\t<div class=\"elementor-element elementor-element-314fa7b e-flex e-con-boxed e-con e-parent\" data-id=\"314fa7b\" data-element_type=\"container\">\n\t\t\t\t\t<div class=\"e-con-inner\">\n\t\t<div class=\"elementor-element elementor-element-0e3096d e-con-full e-flex e-con e-child\" data-id=\"0e3096d\" data-element_type=\"container\">\n\t\t\t\t<div class=\"elementor-element elementor-element-777ac66 elementor-widget elementor-widget-heading\" data-id=\"777ac66\" data-element_type=\"widget\" data-widget_type=\"heading.default\">\n\t\t\t\t<div class=\"elementor-widget-container\">\n\t\t\t\t\t<h2 class=\"elementor-heading-title elementor-size-default\">Tipos de puertas de mueble de fregadero<\/h2>\t\t\t\t<\/div>\n\t\t\t\t<\/div>\n\t\t\t\t<div class=\"elementor-element elementor-element-33911c8 elementor-widget elementor-widget-text-editor\" data-id=\"33911c8\" data-element_type=\"widget\" data-widget_type=\"text-editor.default\">\n\t\t\t\t<div class=\"elementor-widget-container\">\n\t\t\t\t\t\t\t\t\t<p>El estilo de su mueble de fregadero de cocina depender\u00e1 en gran medida del tipo de puerta del mueble de cocina. Cl\u00e1sico y atemporal, con el panel de sacudida empotrado que lleva la delantera, puede adaptarse tanto a dise\u00f1os de cocina modernos como tradicionales. El uso de una puerta de panel plano crea un mueble de cocina verdaderamente moderno y minimalista.<\/p><p>Ofrecemos puertas de mueble oscilantes, dobles, plegables y deslizantes para ofrecer diversas funcionalidades operativas.<\/p>\t\t\t\t\t\t\t\t<\/div>\n\t\t\t\t<\/div>\n\t\t\t\t<div class=\"elementor-element elementor-element-e08b827 elementor-tablet-align-center popmake-1598 elementor-widget elementor-widget-button\" data-id=\"e08b827\" data-element_type=\"widget\" data-widget_type=\"button.default\">\n\t\t\t\t<div class=\"elementor-widget-container\">\n\t\t\t\t\t\t\t\t\t<div class=\"elementor-button-wrapper\">\n\t\t\t\t\t<a class=\"elementor-button elementor-size-sm\" role=\"button\">\n\t\t\t\t\t\t<span class=\"elementor-button-content-wrapper\">\n\t\t\t\t\t\t\t\t\t<span class=\"elementor-button-text\">Consulta Ahora<\/span>\n\t\t\t\t\t<\/span>\n\t\t\t\t\t<\/a>\n\t\t\t\t<\/div>\n\t\t\t\t\t\t\t\t<\/div>\n\t\t\t\t<\/div>\n\t\t\t\t<\/div>\n\t\t<div class=\"elementor-element elementor-element-ada5872 e-con-full e-flex e-con e-child\" data-id=\"ada5872\" data-element_type=\"container\">\n\t\t\t\t<div class=\"elementor-element elementor-element-7af6865 elementor-widget elementor-widget-image\" data-id=\"7af6865\" data-element_type=\"widget\" data-widget_type=\"image.default\">\n\t\t\t\t<div class=\"elementor-widget-container\">\n\t\t\t\t\t\t\t\t\t\t\t\t\t\t\t<img loading=\"lazy\" decoding=\"async\" width=\"540\" height=\"460\" src=\"https:\/\/www.ajflyinghome.com\/wp-content\/uploads\/2024\/12\/Sink-Cabinet-Door-Types.webp\" class=\"attachment-large size-large wp-image-2901\" alt=\"\" title=\"\">\t\t\t\t\t\t\t\t\t\t\t\t\t\t\t<\/div>\n\t\t\t\t<\/div>\n\t\t\t\t<\/div>\n\t\t\t\t\t<\/div>\n\t\t\t\t<\/div>\n\t\t\t\t<\/div>","protected":false},"excerpt":{"rendered":"<p>El gabinete de fregadero de cocina AJ Flying es un fabricante de gabinetes de fregadero de cocina personalizados que var\u00edan en materiales, tama\u00f1os, estilos, colores y caracter\u00edsticas de almacenamiento. Esto le ofrece una elecci\u00f3n casi ilimitada de apariencia y opciones de almacenamiento para el fregadero de cocina. Normas E1 y E0, las emisiones de formaldeh\u00eddo m\u00e1s bajas permitidas. Soporta gabinetes de fregadero de cocina listos para ensamblar y completamente ensamblados. Descubra [\u2026]<\/p>","protected":false},"author":1,"featured_media":3176,"parent":0,"menu_order":0,"comment_status":"closed","ping_status":"closed","template":"elementor_header_footer","meta":{"_acf_changed":false,"footnotes":""},"class_list":["post-2838","page","type-page","status-publish","has-post-thumbnail","hentry"],"blocksy_meta":[],"acf":[],"_links":{"self":[{"href":"https:\/\/www.ajflyinghome.com\/es\/wp-json\/wp\/v2\/pages\/2838","targetHints":{"allow":["GET"]}}],"collection":[{"href":"https:\/\/www.ajflyinghome.com\/es\/wp-json\/wp\/v2\/pages"}],"about":[{"href":"https:\/\/www.ajflyinghome.com\/es\/wp-json\/wp\/v2\/types\/page"}],"author":[{"embeddable":true,"href":"https:\/\/www.ajflyinghome.com\/es\/wp-json\/wp\/v2\/users\/1"}],"replies":[{"embeddable":true,"href":"https:\/\/www.ajflyinghome.com\/es\/wp-json\/wp\/v2\/comments?post=2838"}],"version-history":[{"count":1,"href":"https:\/\/www.ajflyinghome.com\/es\/wp-json\/wp\/v2\/pages\/2838\/revisions"}],"predecessor-version":[{"id":6054,"href":"https:\/\/www.ajflyinghome.com\/es\/wp-json\/wp\/v2\/pages\/2838\/revisions\/6054"}],"wp:featuredmedia":[{"embeddable":true,"href":"https:\/\/www.ajflyinghome.com\/es\/wp-json\/wp\/v2\/media\/3176"}],"wp:attachment":[{"href":"https:\/\/www.ajflyinghome.com\/es\/wp-json\/wp\/v2\/media?parent=2838"}],"curies":[{"name":"wp","href":"https:\/\/api.w.org\/{rel}","templated":true}]}}