{"id":1910,"date":"2024-10-08T13:58:59","date_gmt":"2024-10-08T05:58:59","guid":{"rendered":"https:\/\/www.ajflyinghome.com\/?page_id=1910"},"modified":"2025-04-27T11:08:30","modified_gmt":"2025-04-27T03:08:30","slug":"white-shaker-kitchen-cabinets","status":"publish","type":"page","link":"https:\/\/www.ajflyinghome.com\/fr\/white-shaker-kitchen-cabinets\/","title":{"rendered":"Armoires de cuisine blanches sur mesure de fabricant chinois"},"content":{"rendered":"<div data-elementor-type=\"wp-page\" data-elementor-id=\"1910\" class=\"elementor elementor-1910\">\n\t\t\t\t<div class=\"elementor-element elementor-element-24e2c382 e-flex e-con-boxed e-con e-parent\" data-id=\"24e2c382\" data-element_type=\"container\" data-settings=\"{&quot;background_background&quot;:&quot;classic&quot;}\">\n\t\t\t\t\t<div class=\"e-con-inner\">\n\t\t<div class=\"elementor-element elementor-element-7cd5439f e-con-full e-flex e-con e-child\" data-id=\"7cd5439f\" data-element_type=\"container\" data-settings=\"{&quot;background_background&quot;:&quot;classic&quot;}\">\n\t\t\t\t<div class=\"elementor-element elementor-element-4ac78232 elementor-widget elementor-widget-heading\" data-id=\"4ac78232\" data-element_type=\"widget\" data-widget_type=\"heading.default\">\n\t\t\t\t<div class=\"elementor-widget-container\">\n\t\t\t\t\t<h2 class=\"elementor-heading-title elementor-size-default\">White Shaker Kichen Cabinets<\/h2>\t\t\t\t<\/div>\n\t\t\t\t<\/div>\n\t\t\t\t<div class=\"elementor-element elementor-element-6b715236 elementor-widget elementor-widget-text-editor\" data-id=\"6b715236\" data-element_type=\"widget\" data-widget_type=\"text-editor.default\">\n\t\t\t\t<div class=\"elementor-widget-container\">\n\t\t\t\t\t\t\t\t\t<p>AJ Flying peut personnaliser vos armoires de cuisine shaker blanches dans diff\u00e9rents styles et tailles pour s'adapter \u00e0 la disposition de votre cuisine. De plus, nous proposons une gamme d'options personnalis\u00e9es allant <a href=\"https:\/\/www.ajflyinghome.com\/fr\/kitchen-cabinet-color-trends\/\">couleur<\/a> \u00e0 la mati\u00e8re pour r\u00e9pondre aux besoins de fonctionnalit\u00e9 et d'apparence de votre cuisine.<\/p>\t\t\t\t\t\t\t\t<\/div>\n\t\t\t\t<\/div>\n\t\t\t\t<div class=\"elementor-element elementor-element-454d7c0b elementor-tablet-align-center popmake-1598 elementor-widget elementor-widget-button\" data-id=\"454d7c0b\" data-element_type=\"widget\" data-widget_type=\"button.default\">\n\t\t\t\t<div class=\"elementor-widget-container\">\n\t\t\t\t\t\t\t\t\t<div class=\"elementor-button-wrapper\">\n\t\t\t\t\t<a class=\"elementor-button elementor-size-sm\" role=\"button\">\n\t\t\t\t\t\t<span class=\"elementor-button-content-wrapper\">\n\t\t\t\t\t\t\t\t\t<span class=\"elementor-button-text\">Demande maintenant<\/span>\n\t\t\t\t\t<\/span>\n\t\t\t\t\t<\/a>\n\t\t\t\t<\/div>\n\t\t\t\t\t\t\t\t<\/div>\n\t\t\t\t<\/div>\n\t\t\t\t<\/div>\n\t\t\t\t\t<\/div>\n\t\t\t\t<\/div>\n\t\t<div class=\"elementor-element elementor-element-2a7f8634 e-flex e-con-boxed e-con e-parent\" data-id=\"2a7f8634\" data-element_type=\"container\">\n\t\t\t\t\t<div class=\"e-con-inner\">\n\t\t\t\t<div class=\"elementor-element elementor-element-7a740a3a elementor-widget elementor-widget-heading\" data-id=\"7a740a3a\" data-element_type=\"widget\" data-widget_type=\"heading.default\">\n\t\t\t\t<div class=\"elementor-widget-container\">\n\t\t\t\t\t<h2 class=\"elementor-heading-title elementor-size-default\">AJ Flying- Armoires shaker blanches personnalis\u00e9es<\/h2>\t\t\t\t<\/div>\n\t\t\t\t<\/div>\n\t\t\t\t<div class=\"elementor-element elementor-element-48558b3e elementor-widget elementor-widget-text-editor\" data-id=\"48558b3e\" data-element_type=\"widget\" data-widget_type=\"text-editor.default\">\n\t\t\t\t<div class=\"elementor-widget-container\">\n\t\t\t\t\t\t\t\t\t<p>Les armoires shaker blanches d'AJ Flying peuvent offrir \u00e0 votre cuisine un look propre et simple, ce qui en fait une id\u00e9e pour les cuisines modernes minimalistes et traditionnelles.<\/p><p>Nos <a href=\"https:\/\/www.ajflyinghome.com\/fr\/shaker-kitchen-cabinets\/\">armoires de cuisine shaker<\/a> peuvent \u00eatre personnalis\u00e9es avec diff\u00e9rentes apparences blanches, telles que blanc glac\u00e9, blanc cass\u00e9 ou blanc colombe, ce qui peut cr\u00e9er une cuisine plus lumineuse et plus ouverte.<\/p><p>Vous pouvez trouver une vari\u00e9t\u00e9 de mat\u00e9riaux pour vos armoires de cuisine shaker blanches, allant d'options abordables \u00e0 des options luxueuses. AJ Flying peut utiliser du MDF ou du contreplaqu\u00e9 pour offrir un prix comp\u00e9titif adapt\u00e9 \u00e0 votre budget, ils sont solides et \u00e0 faible \u00e9mission de formald\u00e9hyde. Vous pouvez choisir du bois massif, comme le ch\u00eane ou la cerise, pour cr\u00e9er une armoire chaleureuse et naturelle et am\u00e9liorer le niveau de votre cuisine.<\/p><p>Si vous souhaitez construire une cuisine intemporelle et au style classique, envisagez les armoires blanches shaker d'AJ Flying.<\/p>\t\t\t\t\t\t\t\t<\/div>\n\t\t\t\t<\/div>\n\t\t\t\t<div class=\"elementor-element elementor-element-2b489540 elementor-tablet-align-center popmake-1598 elementor-align-left elementor-widget elementor-widget-button\" data-id=\"2b489540\" data-element_type=\"widget\" data-widget_type=\"button.default\">\n\t\t\t\t<div class=\"elementor-widget-container\">\n\t\t\t\t\t\t\t\t\t<div class=\"elementor-button-wrapper\">\n\t\t\t\t\t<a class=\"elementor-button elementor-size-sm\" role=\"button\">\n\t\t\t\t\t\t<span class=\"elementor-button-content-wrapper\">\n\t\t\t\t\t\t\t\t\t<span class=\"elementor-button-text\">Envoyer une demande<\/span>\n\t\t\t\t\t<\/span>\n\t\t\t\t\t<\/a>\n\t\t\t\t<\/div>\n\t\t\t\t\t\t\t\t<\/div>\n\t\t\t\t<\/div>\n\t\t\t\t\t<\/div>\n\t\t\t\t<\/div>\n\t\t<div class=\"elementor-element elementor-element-5d50512b e-flex e-con-boxed e-con e-parent\" data-id=\"5d50512b\" data-element_type=\"container\" data-settings=\"{&quot;background_background&quot;:&quot;classic&quot;}\">\n\t\t\t\t\t<div class=\"e-con-inner\">\n\t\t\t\t<div class=\"elementor-element elementor-element-24f4da3c elementor-widget__width-initial elementor-widget-tablet__width-inherit elementor-widget elementor-widget-image\" data-id=\"24f4da3c\" data-element_type=\"widget\" data-widget_type=\"image.default\">\n\t\t\t\t<div class=\"elementor-widget-container\">\n\t\t\t\t\t\t\t\t\t\t\t\t\t\t\t<img fetchpriority=\"high\" decoding=\"async\" width=\"515\" height=\"640\" src=\"https:\/\/www.ajflyinghome.com\/wp-content\/uploads\/2024\/10\/Statement-Making-White-Color.webp\" class=\"attachment-large size-large wp-image-1992\" alt=\"Couleur blanche qui attire l&#039;attention\" title=\"\">\t\t\t\t\t\t\t\t\t\t\t\t\t\t\t<\/div>\n\t\t\t\t<\/div>\n\t\t<div class=\"elementor-element elementor-element-7825d45b e-con-full e-flex e-con e-child\" data-id=\"7825d45b\" data-element_type=\"container\">\n\t\t\t\t<div class=\"elementor-element elementor-element-4c08e776 elementor-widget elementor-widget-heading\" data-id=\"4c08e776\" data-element_type=\"widget\" data-widget_type=\"heading.default\">\n\t\t\t\t<div class=\"elementor-widget-container\">\n\t\t\t\t\t<h2 class=\"elementor-heading-title elementor-size-default\">Couleur blanche qui attire l'attention<\/h2>\t\t\t\t<\/div>\n\t\t\t\t<\/div>\n\t\t\t\t<div class=\"elementor-element elementor-element-1241929e elementor-widget elementor-widget-text-editor\" data-id=\"1241929e\" data-element_type=\"widget\" data-widget_type=\"text-editor.default\">\n\t\t\t\t<div class=\"elementor-widget-container\">\n\t\t\t\t\t\t\t\t\t<p>AJ Flying propose plusieurs options de couleurs blanches pour que votre cuisine puisse avoir diff\u00e9rentes ambiances. Nous vous proposons un blanc cass\u00e9 plus doux et plus chaud pour fabriquer des cuisines de ferme ou de style campagnard, et vous pouvez trouver une couleur blanc colombe pour assortir une cuisine transitionnelle. Vous pouvez \u00e9galement choisir un blanc glac\u00e9 pour que votre cuisine paraisse plus lumineuse et plus fra\u00eeche.<\/p><p>Explorez le choix blanc complet ci-dessous, vous trouverez une solution pour votre cuisine.<\/p>\t\t\t\t\t\t\t\t<\/div>\n\t\t\t\t<\/div>\n\t\t<div class=\"elementor-element elementor-element-11a8713 e-grid e-con-full e-con e-child\" data-id=\"11a8713\" data-element_type=\"container\">\n\t\t\t\t<div class=\"elementor-element elementor-element-87e878b elementor-widget elementor-widget-text-editor\" data-id=\"87e878b\" data-element_type=\"widget\" data-widget_type=\"text-editor.default\">\n\t\t\t\t<div class=\"elementor-widget-container\">\n\t\t\t\t\t\t\t\t\t<ul><li>Blanc Colorado<\/li><li>Blanc glac\u00e9<\/li><li>Blanc Arcadia<\/li><li>Off-white<\/li><\/ul>\t\t\t\t\t\t\t\t<\/div>\n\t\t\t\t<\/div>\n\t\t\t\t<div class=\"elementor-element elementor-element-a50d3e4 elementor-widget elementor-widget-text-editor\" data-id=\"a50d3e4\" data-element_type=\"widget\" data-widget_type=\"text-editor.default\">\n\t\t\t\t<div class=\"elementor-widget-container\">\n\t\t\t\t\t\t\t\t\t<ul><li>Blanc Malibu<\/li><li>Blanc colombe<\/li><li>Blanc tremble<\/li><li>Blanc brillant<\/li><\/ul>\t\t\t\t\t\t\t\t<\/div>\n\t\t\t\t<\/div>\n\t\t\t\t<div class=\"elementor-element elementor-element-c93d8da elementor-widget elementor-widget-text-editor\" data-id=\"c93d8da\" data-element_type=\"widget\" data-widget_type=\"text-editor.default\">\n\t\t\t\t<div class=\"elementor-widget-container\">\n\t\t\t\t\t\t\t\t\t<ul><li>Blanc satin<\/li><li>Blanc ivoire<\/li><li>Blanc cr\u00e9puscule<\/li><li>Blanc neige<\/li><li>Blanc antique<\/li><\/ul>\t\t\t\t\t\t\t\t<\/div>\n\t\t\t\t<\/div>\n\t\t\t\t<\/div>\n\t\t\t\t<div class=\"elementor-element elementor-element-1a9857bc elementor-tablet-align-center popmake-1598 elementor-widget elementor-widget-button\" data-id=\"1a9857bc\" data-element_type=\"widget\" data-widget_type=\"button.default\">\n\t\t\t\t<div class=\"elementor-widget-container\">\n\t\t\t\t\t\t\t\t\t<div class=\"elementor-button-wrapper\">\n\t\t\t\t\t<a class=\"elementor-button elementor-size-sm\" role=\"button\">\n\t\t\t\t\t\t<span class=\"elementor-button-content-wrapper\">\n\t\t\t\t\t\t\t\t\t<span class=\"elementor-button-text\">En savoir plus<\/span>\n\t\t\t\t\t<\/span>\n\t\t\t\t\t<\/a>\n\t\t\t\t<\/div>\n\t\t\t\t\t\t\t\t<\/div>\n\t\t\t\t<\/div>\n\t\t\t\t<\/div>\n\t\t\t\t\t<\/div>\n\t\t\t\t<\/div>\n\t\t<div class=\"elementor-element elementor-element-453cb10f e-flex e-con-boxed e-con e-parent\" data-id=\"453cb10f\" data-element_type=\"container\" data-settings=\"{&quot;background_background&quot;:&quot;classic&quot;}\">\n\t\t\t\t\t<div class=\"e-con-inner\">\n\t\t<div class=\"elementor-element elementor-element-56bada8b e-con-full e-flex e-con e-child\" data-id=\"56bada8b\" data-element_type=\"container\">\n\t\t\t\t<div class=\"elementor-element elementor-element-31318fa6 elementor-widget elementor-widget-heading\" data-id=\"31318fa6\" data-element_type=\"widget\" data-widget_type=\"heading.default\">\n\t\t\t\t<div class=\"elementor-widget-container\">\n\t\t\t\t\t<h2 class=\"elementor-heading-title elementor-size-default\">Tiroir de rangement personnalis\u00e9<\/h2>\t\t\t\t<\/div>\n\t\t\t\t<\/div>\n\t\t\t\t<div class=\"elementor-element elementor-element-150769fc elementor-widget elementor-widget-text-editor\" data-id=\"150769fc\" data-element_type=\"widget\" data-widget_type=\"text-editor.default\">\n\t\t\t\t<div class=\"elementor-widget-container\">\n\t\t\t\t\t\t\t\t\t<p>Le tiroir de <a href=\"https:\/\/www.ajflyinghome.com\/fr\/shaker-style-cabinets-vs-flat-panel-cabinets\/\">armoires shaker<\/a> peut \u00eatre personnalis\u00e9 pour r\u00e9pondre \u00e0 diff\u00e9rentes fonctions. AJ Flying offre une construction \u00e0 queue d'aronde durable et robuste pour augmenter la capacit\u00e9 de charge du tiroir. Nous utilisons du bois de haute qualit\u00e9 <a href=\"https:\/\/www.ajflyinghome.com\/fr\/mdf-kitchen-cabinet\/\">MDF<\/a>, HDF ou contreplaqu\u00e9 pour fabriquer la porte d'armoire et les fa\u00e7ades de tiroir afin d'\u00e9viter les fissures et l'expansion, ce sont des options \u00e9conomiques. Il peut \u00eatre install\u00e9 avec des glissi\u00e8res \u00e0 fermeture douce pour \u00e9viter les claquements et offrir un fonctionnement silencieux.<\/p>\t\t\t\t\t\t\t\t<\/div>\n\t\t\t\t<\/div>\n\t\t\t\t<div class=\"elementor-element elementor-element-7b935f2e elementor-tablet-align-center popmake-1598 elementor-widget elementor-widget-button\" data-id=\"7b935f2e\" data-element_type=\"widget\" data-widget_type=\"button.default\">\n\t\t\t\t<div class=\"elementor-widget-container\">\n\t\t\t\t\t\t\t\t\t<div class=\"elementor-button-wrapper\">\n\t\t\t\t\t<a class=\"elementor-button elementor-size-sm\" role=\"button\">\n\t\t\t\t\t\t<span class=\"elementor-button-content-wrapper\">\n\t\t\t\t\t\t\t\t\t<span class=\"elementor-button-text\">Demande maintenant<\/span>\n\t\t\t\t\t<\/span>\n\t\t\t\t\t<\/a>\n\t\t\t\t<\/div>\n\t\t\t\t\t\t\t\t<\/div>\n\t\t\t\t<\/div>\n\t\t\t\t<\/div>\n\t\t<div class=\"elementor-element elementor-element-20fc9f91 e-con-full e-flex e-con e-child\" data-id=\"20fc9f91\" data-element_type=\"container\">\n\t\t\t\t<div class=\"elementor-element elementor-element-29a7b19 elementor-widget elementor-widget-image\" data-id=\"29a7b19\" data-element_type=\"widget\" data-widget_type=\"image.default\">\n\t\t\t\t<div class=\"elementor-widget-container\">\n\t\t\t\t\t\t\t\t\t\t\t\t\t\t\t<img decoding=\"async\" width=\"515\" height=\"350\" src=\"https:\/\/www.ajflyinghome.com\/wp-content\/uploads\/2024\/10\/Custom-Storage-Drawer.webp\" class=\"attachment-large size-large wp-image-1993\" alt=\"Tiroir de rangement personnalis\u00e9\" title=\"\">\t\t\t\t\t\t\t\t\t\t\t\t\t\t\t<\/div>\n\t\t\t\t<\/div>\n\t\t\t\t<\/div>\n\t\t\t\t\t<\/div>\n\t\t\t\t<\/div>\n\t\t<div class=\"elementor-element elementor-element-508bda82 e-flex e-con-boxed e-con e-parent\" data-id=\"508bda82\" data-element_type=\"container\" data-settings=\"{&quot;background_background&quot;:&quot;classic&quot;}\">\n\t\t\t\t\t<div class=\"e-con-inner\">\n\t\t<div class=\"elementor-element elementor-element-68f09552 e-flex e-con-boxed e-con e-child\" data-id=\"68f09552\" data-element_type=\"container\" data-settings=\"{&quot;background_background&quot;:&quot;classic&quot;}\">\n\t\t\t\t\t<div class=\"e-con-inner\">\n\t\t<div class=\"elementor-element elementor-element-3f2fa2fd e-con-full e-flex e-con e-child\" data-id=\"3f2fa2fd\" data-element_type=\"container\" data-settings=\"{&quot;background_background&quot;:&quot;classic&quot;}\">\n\t\t\t\t<div class=\"elementor-element elementor-element-52951334 elementor-widget__width-initial elementor-widget elementor-widget-heading\" data-id=\"52951334\" data-element_type=\"widget\" data-widget_type=\"heading.default\">\n\t\t\t\t<div class=\"elementor-widget-container\">\n\t\t\t\t\t<h2 class=\"elementor-heading-title elementor-size-default\">Adapter votre am\u00e9nagement de cuisine<\/h2>\t\t\t\t<\/div>\n\t\t\t\t<\/div>\n\t\t\t\t<div class=\"elementor-element elementor-element-1cd27789 elementor-widget elementor-widget-text-editor\" data-id=\"1cd27789\" data-element_type=\"widget\" data-widget_type=\"text-editor.default\">\n\t\t\t\t<div class=\"elementor-widget-container\">\n\t\t\t\t\t\t\t\t\t<p>Chez AJ Flying, vous pouvez enti\u00e8rement personnaliser les armoires shaker blanches en diff\u00e9rentes tailles et formes. Nous proposons des armoires de forme r\u00e9guli\u00e8re comme rectangulaires ou carr\u00e9es, vous pouvez \u00e9galement trouver des formes en L et en U ou les personnaliser en formes irr\u00e9guli\u00e8res pour s'adapter \u00e0 votre am\u00e9nagement de cuisine. Elles peuvent \u00eatre cr\u00e9\u00e9es en tailles standard comme 12, 15, 27 ou 36 pouces, ou vous pouvez les ajuster pour s'int\u00e9grer parfaitement \u00e0 votre conception de cuisine.<\/p>\t\t\t\t\t\t\t\t<\/div>\n\t\t\t\t<\/div>\n\t\t\t\t<div class=\"elementor-element elementor-element-2b067705 elementor-tablet-align-justify elementor-align-justify popmake-1598 elementor-widget elementor-widget-button\" data-id=\"2b067705\" data-element_type=\"widget\" data-widget_type=\"button.default\">\n\t\t\t\t<div class=\"elementor-widget-container\">\n\t\t\t\t\t\t\t\t\t<div class=\"elementor-button-wrapper\">\n\t\t\t\t\t<a class=\"elementor-button elementor-size-sm\" role=\"button\">\n\t\t\t\t\t\t<span class=\"elementor-button-content-wrapper\">\n\t\t\t\t\t\t\t\t\t<span class=\"elementor-button-text\">Envoyer une demande<\/span>\n\t\t\t\t\t<\/span>\n\t\t\t\t\t<\/a>\n\t\t\t\t<\/div>\n\t\t\t\t\t\t\t\t<\/div>\n\t\t\t\t<\/div>\n\t\t\t\t<\/div>\n\t\t\t\t\t<\/div>\n\t\t\t\t<\/div>\n\t\t\t\t\t<\/div>\n\t\t\t\t<\/div>\n\t\t<div class=\"elementor-element elementor-element-ea4b798 e-flex e-con-boxed e-con e-parent\" data-id=\"ea4b798\" data-element_type=\"container\" data-settings=\"{&quot;background_background&quot;:&quot;classic&quot;}\">\n\t\t\t\t\t<div class=\"e-con-inner\">\n\t\t<div class=\"elementor-element elementor-element-2379e4e e-con-full e-flex e-con e-child\" data-id=\"2379e4e\" data-element_type=\"container\">\n\t\t\t\t<div class=\"elementor-element elementor-element-7f73f5c elementor-widget elementor-widget-image\" data-id=\"7f73f5c\" data-element_type=\"widget\" data-widget_type=\"image.default\">\n\t\t\t\t<div class=\"elementor-widget-container\">\n\t\t\t\t\t\t\t\t\t\t\t\t\t\t\t<img decoding=\"async\" width=\"515\" height=\"350\" src=\"https:\/\/www.ajflyinghome.com\/wp-content\/uploads\/2024\/10\/Custom-White-Shaker-Cabinets-Types.webp\" class=\"attachment-large size-large wp-image-1995\" alt=\"\" title=\"\">\t\t\t\t\t\t\t\t\t\t\t\t\t\t\t<\/div>\n\t\t\t\t<\/div>\n\t\t\t\t<\/div>\n\t\t<div class=\"elementor-element elementor-element-a9ede4a e-con-full e-flex e-con e-child\" data-id=\"a9ede4a\" data-element_type=\"container\">\n\t\t\t\t<div class=\"elementor-element elementor-element-2db1b9c elementor-widget elementor-widget-heading\" data-id=\"2db1b9c\" data-element_type=\"widget\" data-widget_type=\"heading.default\">\n\t\t\t\t<div class=\"elementor-widget-container\">\n\t\t\t\t\t<h2 class=\"elementor-heading-title elementor-size-default\">Types d'armoires shaker blanches personnalis\u00e9es<\/h2>\t\t\t\t<\/div>\n\t\t\t\t<\/div>\n\t\t\t\t<div class=\"elementor-element elementor-element-c864af8 elementor-widget elementor-widget-text-editor\" data-id=\"c864af8\" data-element_type=\"widget\" data-widget_type=\"text-editor.default\">\n\t\t\t\t<div class=\"elementor-widget-container\">\n\t\t\t\t\t\t\t\t\t<p>AJ Flying offre une gamme compl\u00e8te de types d'armoires, vous pouvez trouver des armoires de base \u00e0 porte simple pour les petites cuisines, et nous fournissons des armoires \u00e0 double porte pour des solutions de rangement de moyenne \u00e0 grande taille. Notre <a href=\"https:\/\/www.ajflyinghome.com\/fr\/kitchen-cabinets\/\">armoires de cuisine<\/a> sont con\u00e7us pour maximiser le rangement dans votre cuisine et vous pouvez organiser tous les outils de cuisine, couverts, et petits appareils pour garder votre cuisine propre, et laisser plus d'espace pour l'op\u00e9ration. Envoyez une demande pour d\u00e9couvrir nos types d'armoires et commencer une activit\u00e9 avec nous.<\/p>\t\t\t\t\t\t\t\t<\/div>\n\t\t\t\t<\/div>\n\t\t\t\t<div class=\"elementor-element elementor-element-312023a elementor-tablet-align-center popmake-1598 elementor-widget elementor-widget-button\" data-id=\"312023a\" data-element_type=\"widget\" data-widget_type=\"button.default\">\n\t\t\t\t<div class=\"elementor-widget-container\">\n\t\t\t\t\t\t\t\t\t<div class=\"elementor-button-wrapper\">\n\t\t\t\t\t<a class=\"elementor-button elementor-size-sm\" role=\"button\">\n\t\t\t\t\t\t<span class=\"elementor-button-content-wrapper\">\n\t\t\t\t\t\t\t\t\t<span class=\"elementor-button-text\">Obtenir un devis<\/span>\n\t\t\t\t\t<\/span>\n\t\t\t\t\t<\/a>\n\t\t\t\t<\/div>\n\t\t\t\t\t\t\t\t<\/div>\n\t\t\t\t<\/div>\n\t\t\t\t<\/div>\n\t\t\t\t\t<\/div>\n\t\t\t\t<\/div>\n\t\t<div class=\"elementor-element elementor-element-4191e8e e-flex e-con-boxed e-con e-parent\" data-id=\"4191e8e\" data-element_type=\"container\">\n\t\t\t\t\t<div class=\"e-con-inner\">\n\t\t\t\t<div class=\"elementor-element elementor-element-2853446 elementor-widget elementor-widget-text-editor\" data-id=\"2853446\" data-element_type=\"widget\" data-widget_type=\"text-editor.default\">\n\t\t\t\t<div class=\"elementor-widget-container\">\n\t\t\t\t\t\t\t\t\t<p><strong>Armoire de base White Shaker :\u00a0<\/strong><\/p><ul><li>Armoires \u00e0 porte simple\/double<\/li><li>Armoires sous \u00e9vier<\/li><li>Armoires d'angle<\/li><li>Armoires d'angle<\/li><li>Armoires \u00e0 poubelle<\/li><\/ul>\t\t\t\t\t\t\t\t<\/div>\n\t\t\t\t<\/div>\n\t\t\t\t<div class=\"elementor-element elementor-element-828e402 elementor-widget elementor-widget-text-editor\" data-id=\"828e402\" data-element_type=\"widget\" data-widget_type=\"text-editor.default\">\n\t\t\t\t<div class=\"elementor-widget-container\">\n\t\t\t\t\t\t\t\t\t<p><strong>Armoires \u00e0 secouer murales :<\/strong><\/p><ul><li>Armoires d'angle diagonales murales<\/li><li>Armoire d'angle aveugle murale<\/li><li>Armoire d'angle murale<\/li><li>Armoires \u00e0 micro-ondes murales<\/li><\/ul>\t\t\t\t\t\t\t\t<\/div>\n\t\t\t\t<\/div>\n\t\t\t\t<div class=\"elementor-element elementor-element-f14f958 elementor-widget elementor-widget-text-editor\" data-id=\"f14f958\" data-element_type=\"widget\" data-widget_type=\"text-editor.default\">\n\t\t\t\t<div class=\"elementor-widget-container\">\n\t\t\t\t\t\t\t\t\t<p><strong>Grandes armoires \u00e0 secouer<\/strong><\/p><ul><li>Armoires de garde-manger de 84 pouces de haut<\/li><li>Armoires de garde-manger de 90 pouces de haut<\/li><li>armoires de four<\/li><\/ul>\t\t\t\t\t\t\t\t<\/div>\n\t\t\t\t<\/div>\n\t\t\t\t\t<\/div>\n\t\t\t\t<\/div>\n\t\t\t\t<\/div>","protected":false},"excerpt":{"rendered":"<p>Les armoires de cuisine blanche de style shaker AJ Flying peuvent \u00eatre personnalis\u00e9es dans diff\u00e9rents styles et tailles pour s\u2019adapter \u00e0 la configuration de votre cuisine. De plus, nous proposons une gamme d\u2019options personnalis\u00e9es, du choix de la couleur au mat\u00e9riau, afin de r\u00e9pondre \u00e0 vos besoins fonctionnels et esth\u00e9tiques. Demandez d\u00e8s maintenant AJ Flying - Armoires de style shaker blanches personnalis\u00e9es AJ Flying blanches shaker [\u2026]<\/p>","protected":false},"author":1,"featured_media":3190,"parent":0,"menu_order":0,"comment_status":"closed","ping_status":"closed","template":"elementor_header_footer","meta":{"_acf_changed":false,"footnotes":""},"class_list":["post-1910","page","type-page","status-publish","has-post-thumbnail","hentry"],"blocksy_meta":[],"acf":[],"_links":{"self":[{"href":"https:\/\/www.ajflyinghome.com\/fr\/wp-json\/wp\/v2\/pages\/1910","targetHints":{"allow":["GET"]}}],"collection":[{"href":"https:\/\/www.ajflyinghome.com\/fr\/wp-json\/wp\/v2\/pages"}],"about":[{"href":"https:\/\/www.ajflyinghome.com\/fr\/wp-json\/wp\/v2\/types\/page"}],"author":[{"embeddable":true,"href":"https:\/\/www.ajflyinghome.com\/fr\/wp-json\/wp\/v2\/users\/1"}],"replies":[{"embeddable":true,"href":"https:\/\/www.ajflyinghome.com\/fr\/wp-json\/wp\/v2\/comments?post=1910"}],"version-history":[{"count":0,"href":"https:\/\/www.ajflyinghome.com\/fr\/wp-json\/wp\/v2\/pages\/1910\/revisions"}],"wp:featuredmedia":[{"embeddable":true,"href":"https:\/\/www.ajflyinghome.com\/fr\/wp-json\/wp\/v2\/media\/3190"}],"wp:attachment":[{"href":"https:\/\/www.ajflyinghome.com\/fr\/wp-json\/wp\/v2\/media?parent=1910"}],"curies":[{"name":"wp","href":"https:\/\/api.w.org\/{rel}","templated":true}]}}