{"id":2736,"date":"2024-11-30T10:12:46","date_gmt":"2024-11-30T02:12:46","guid":{"rendered":"https:\/\/www.ajflyinghome.com\/?page_id=2736"},"modified":"2025-03-10T14:03:32","modified_gmt":"2025-03-10T06:03:32","slug":"lazy-susan-cabinet","status":"publish","type":"page","link":"https:\/\/www.ajflyinghome.com\/fr\/lazy-susan-cabinet\/","title":{"rendered":"Fabricant de meubles pour cabinet Lazy Susan en Chine"},"content":{"rendered":"<div data-elementor-type=\"wp-page\" data-elementor-id=\"2736\" class=\"elementor elementor-2736\">\n\t\t\t\t<div class=\"elementor-element elementor-element-10789007 e-flex e-con-boxed e-con e-parent\" data-id=\"10789007\" data-element_type=\"container\" data-settings=\"{&quot;background_background&quot;:&quot;classic&quot;}\">\n\t\t\t\t\t<div class=\"e-con-inner\">\n\t\t<div class=\"elementor-element elementor-element-17f25bd5 e-con-full e-flex e-con e-child\" data-id=\"17f25bd5\" data-element_type=\"container\" data-settings=\"{&quot;background_background&quot;:&quot;classic&quot;}\">\n\t\t\t\t<div class=\"elementor-element elementor-element-13248df8 elementor-widget elementor-widget-heading\" data-id=\"13248df8\" data-element_type=\"widget\" data-widget_type=\"heading.default\">\n\t\t\t\t<div class=\"elementor-widget-container\">\n\t\t\t\t\t<h2 class=\"elementor-heading-title elementor-size-default\">Fabricant de meubles pour cabinet Lazy Susan en Chine<\/h2>\t\t\t\t<\/div>\n\t\t\t\t<\/div>\n\t\t\t\t<div class=\"elementor-element elementor-element-65a76cd7 elementor-widget elementor-widget-text-editor\" data-id=\"65a76cd7\" data-element_type=\"widget\" data-widget_type=\"text-editor.default\">\n\t\t\t\t<div class=\"elementor-widget-container\">\n\t\t\t\t\t\t\t\t\t<p>AJ Flying est un fabricant professionnel de meubles \u00e0 plateau tournant en France. Nous proposons des services personnalis\u00e9s pour fabriquer des meubles \u00e0 plateau tournant pour votre cuisine, vous aidant \u00e0 stocker \u00e9pices, conserves, aliments emball\u00e9s, et m\u00eame petits appareils \u00e9lectrom\u00e9nagers, cr\u00e9ant des espaces de rangement profonds de haute qualit\u00e9 pour r\u00e9pondre \u00e0 vos besoins de stockage.<\/p>\t\t\t\t\t\t\t\t<\/div>\n\t\t\t\t<\/div>\n\t\t\t\t<div class=\"elementor-element elementor-element-7b73d25d elementor-tablet-align-center popmake-1598 elementor-widget elementor-widget-button\" data-id=\"7b73d25d\" data-element_type=\"widget\" data-widget_type=\"button.default\">\n\t\t\t\t<div class=\"elementor-widget-container\">\n\t\t\t\t\t\t\t\t\t<div class=\"elementor-button-wrapper\">\n\t\t\t\t\t<a class=\"elementor-button elementor-size-sm\" role=\"button\">\n\t\t\t\t\t\t<span class=\"elementor-button-content-wrapper\">\n\t\t\t\t\t\t\t\t\t<span class=\"elementor-button-text\">En savoir plus<\/span>\n\t\t\t\t\t<\/span>\n\t\t\t\t\t<\/a>\n\t\t\t\t<\/div>\n\t\t\t\t\t\t\t\t<\/div>\n\t\t\t\t<\/div>\n\t\t\t\t<\/div>\n\t\t\t\t\t<\/div>\n\t\t\t\t<\/div>\n\t\t<div class=\"elementor-element elementor-element-78b3b47c e-flex e-con-boxed e-con e-parent\" data-id=\"78b3b47c\" data-element_type=\"container\">\n\t\t\t\t\t<div class=\"e-con-inner\">\n\t\t\t\t<div class=\"elementor-element elementor-element-3a7b62cb elementor-widget elementor-widget-heading\" data-id=\"3a7b62cb\" data-element_type=\"widget\" data-widget_type=\"heading.default\">\n\t\t\t\t<div class=\"elementor-widget-container\">\n\t\t\t\t\t<h2 class=\"elementor-heading-title elementor-size-default\">Armoires \u00e0 plateau tournant AJ Flying-Lazy Susan<\/h2>\t\t\t\t<\/div>\n\t\t\t\t<\/div>\n\t\t\t\t<div class=\"elementor-element elementor-element-1e07f361 elementor-widget elementor-widget-text-editor\" data-id=\"1e07f361\" data-element_type=\"widget\" data-widget_type=\"text-editor.default\">\n\t\t\t\t<div class=\"elementor-widget-container\">\n\t\t\t\t\t\t\t\t\t<p>Notre armoire \u00e0 plateau tournant peut \u00eatre personnalis\u00e9e avec divers mat\u00e9riaux selon vos besoins. Diff\u00e9rentes parties peuvent \u00eatre personnalis\u00e9es avec diff\u00e9rents mat\u00e9riaux, tels que bois massif et plastique, pour r\u00e9pondre aux besoins fonctionnels de votre armoire \u00e0 plateau tournant.<\/p><p>Les armoires \u00e0 plateau tournant d'AJ Flying ma\u00eetrisent une technologie de d\u00e9coupe avanc\u00e9e. Notre \u00e9quipe de personnalisation professionnelle fournira des tailles sur mesure selon vos besoins et effectuera des d\u00e9coupes et per\u00e7ages pr\u00e9cis pour faciliter votre installation. De plus, l'\u00e9quipe de conception et de R&amp;D peut r\u00e9aliser des armoires \u00e0 plateau tournant de forme personnalis\u00e9e pour vous. Quel que soit la forme d'armoire \u00e0 plateau tournant que vous souhaitez, vous trouverez une bonne solution ici.<\/p><p>Nous proposons une vari\u00e9t\u00e9 de technologies de traitement de surface, telles que la peinture, la lamination, etc., pour vous offrir diverses options de personnalisation de couleur et de finitions afin de s'harmoniser avec le style diversifi\u00e9 de votre cuisine.<\/p><p>Supposez que vous souhaitez personnaliser l'armoire \u00e0 plateau tournant dans diff\u00e9rents styles caract\u00e9ristiques. Veuillez nous envoyer votre demande et nous vous fournirons d'excellentes solutions.<\/p>\t\t\t\t\t\t\t\t<\/div>\n\t\t\t\t<\/div>\n\t\t\t\t<div class=\"elementor-element elementor-element-6a5aa1ed elementor-tablet-align-center popmake-1598 elementor-align-left elementor-widget elementor-widget-button\" data-id=\"6a5aa1ed\" data-element_type=\"widget\" data-widget_type=\"button.default\">\n\t\t\t\t<div class=\"elementor-widget-container\">\n\t\t\t\t\t\t\t\t\t<div class=\"elementor-button-wrapper\">\n\t\t\t\t\t<a class=\"elementor-button elementor-size-sm\" role=\"button\">\n\t\t\t\t\t\t<span class=\"elementor-button-content-wrapper\">\n\t\t\t\t\t\t\t\t\t<span class=\"elementor-button-text\">Envoyer une demande<\/span>\n\t\t\t\t\t<\/span>\n\t\t\t\t\t<\/a>\n\t\t\t\t<\/div>\n\t\t\t\t\t\t\t\t<\/div>\n\t\t\t\t<\/div>\n\t\t\t\t\t<\/div>\n\t\t\t\t<\/div>\n\t\t<div class=\"elementor-element elementor-element-4461fd20 e-flex e-con-boxed e-con e-parent\" data-id=\"4461fd20\" data-element_type=\"container\">\n\t\t\t\t\t<div class=\"e-con-inner\">\n\t\t\t\t<div class=\"elementor-element elementor-element-161a94e1 elementor-widget elementor-widget-heading\" data-id=\"161a94e1\" data-element_type=\"widget\" data-widget_type=\"heading.default\">\n\t\t\t\t<div class=\"elementor-widget-container\">\n\t\t\t\t\t<h2 class=\"elementor-heading-title elementor-size-default\">Caract\u00e9ristiques de l'armoire \u00e0 plateau tournant<\/h2>\t\t\t\t<\/div>\n\t\t\t\t<\/div>\n\t\t<div class=\"elementor-element elementor-element-4cacfd4d e-con-full e-flex e-con e-child\" data-id=\"4cacfd4d\" data-element_type=\"container\">\n\t\t<div class=\"elementor-element elementor-element-3b7522b2 e-con-full e-flex e-con e-child\" data-id=\"3b7522b2\" data-element_type=\"container\">\n\t\t\t\t<div class=\"elementor-element elementor-element-6bb60632 elementor-widget__width-initial elementor-widget elementor-widget-icon-box\" data-id=\"6bb60632\" data-element_type=\"widget\" data-widget_type=\"icon-box.default\">\n\t\t\t\t<div class=\"elementor-widget-container\">\n\t\t\t\t\t\t\t<div class=\"elementor-icon-box-wrapper\">\n\n\t\t\t\n\t\t\t\t\t\t<div class=\"elementor-icon-box-content\">\n\n\t\t\t\t\t\t\t\t\t<h3 class=\"elementor-icon-box-title\">\n\t\t\t\t\t\t<span  >\n\t\t\t\t\t\t\tHaute efficacit\u00e9\t\t\t\t\t\t<\/span>\n\t\t\t\t\t<\/h3>\n\t\t\t\t\n\t\t\t\t\t\t\t\t\t<p class=\"elementor-icon-box-description\">\n\t\t\t\t\t\tLe plateau tournant permet un acc\u00e8s facile aux articles stock\u00e9s dans tout le meuble, am\u00e9liorant l'efficacit\u00e9 lors de l'utilisation quotidienne.\t\t\t\t\t<\/p>\n\t\t\t\t\n\t\t\t<\/div>\n\t\t\t\n\t\t<\/div>\n\t\t\t\t\t\t<\/div>\n\t\t\t\t<\/div>\n\t\t\t\t<\/div>\n\t\t<div class=\"elementor-element elementor-element-25309062 e-con-full e-flex e-con e-child\" data-id=\"25309062\" data-element_type=\"container\">\n\t\t\t\t<div class=\"elementor-element elementor-element-79fe854 elementor-widget elementor-widget-icon-box\" data-id=\"79fe854\" data-element_type=\"widget\" data-widget_type=\"icon-box.default\">\n\t\t\t\t<div class=\"elementor-widget-container\">\n\t\t\t\t\t\t\t<div class=\"elementor-icon-box-wrapper\">\n\n\t\t\t\n\t\t\t\t\t\t<div class=\"elementor-icon-box-content\">\n\n\t\t\t\t\t\t\t\t\t<h3 class=\"elementor-icon-box-title\">\n\t\t\t\t\t\t<span  >\n\t\t\t\t\t\t\tDurabilit\u00e9\t\t\t\t\t\t<\/span>\n\t\t\t\t\t<\/h3>\n\t\t\t\t\n\t\t\t\t\t\t\t\t\t<p class=\"elementor-icon-box-description\">\n\t\t\t\t\t\tLes \u00e9tag\u00e8res multicouches et r\u00e9glables peuvent \u00eatre utilis\u00e9es pour stocker une vari\u00e9t\u00e9 d'articles, des \u00e9pices diverses aux appareils \u00e9lectriques.\t\t\t\t\t<\/p>\n\t\t\t\t\n\t\t\t<\/div>\n\t\t\t\n\t\t<\/div>\n\t\t\t\t\t\t<\/div>\n\t\t\t\t<\/div>\n\t\t\t\t<\/div>\n\t\t<div class=\"elementor-element elementor-element-47e0baf1 e-con-full e-flex e-con e-child\" data-id=\"47e0baf1\" data-element_type=\"container\">\n\t\t\t\t<div class=\"elementor-element elementor-element-26b55199 elementor-widget elementor-widget-icon-box\" data-id=\"26b55199\" data-element_type=\"widget\" data-widget_type=\"icon-box.default\">\n\t\t\t\t<div class=\"elementor-widget-container\">\n\t\t\t\t\t\t\t<div class=\"elementor-icon-box-wrapper\">\n\n\t\t\t\n\t\t\t\t\t\t<div class=\"elementor-icon-box-content\">\n\n\t\t\t\t\t\t\t\t\t<h3 class=\"elementor-icon-box-title\">\n\t\t\t\t\t\t<span  >\n\t\t\t\t\t\t\tOptimiser le rangement \t\t\t\t\t\t<\/span>\n\t\t\t\t\t<\/h3>\n\t\t\t\t\n\t\t\t\t\t\t\t\t\t<p class=\"elementor-icon-box-description\">\n\t\t\t\t\t\tLes armoires \u00e0 plateau tournant disposent de mat\u00e9riaux et de m\u00e9canismes robustes pour assurer une performance durable.\t\t\t\t\t<\/p>\n\t\t\t\t\n\t\t\t<\/div>\n\t\t\t\n\t\t<\/div>\n\t\t\t\t\t\t<\/div>\n\t\t\t\t<\/div>\n\t\t\t\t<\/div>\n\t\t<div class=\"elementor-element elementor-element-14a735b4 e-con-full e-flex e-con e-child\" data-id=\"14a735b4\" data-element_type=\"container\">\n\t\t\t\t<div class=\"elementor-element elementor-element-2410322f elementor-widget elementor-widget-icon-box\" data-id=\"2410322f\" data-element_type=\"widget\" data-widget_type=\"icon-box.default\">\n\t\t\t\t<div class=\"elementor-widget-container\">\n\t\t\t\t\t\t\t<div class=\"elementor-icon-box-wrapper\">\n\n\t\t\t\n\t\t\t\t\t\t<div class=\"elementor-icon-box-content\">\n\n\t\t\t\t\t\t\t\t\t<h3 class=\"elementor-icon-box-title\">\n\t\t\t\t\t\t<span  >\n\t\t\t\t\t\t\tDurabilit\u00e9\t\t\t\t\t\t<\/span>\n\t\t\t\t\t<\/h3>\n\t\t\t\t\n\t\t\t\t\t\t\t\t\t<p class=\"elementor-icon-box-description\">\n\t\t\t\t\t\tLes surfaces faciles \u00e0 nettoyer, les mat\u00e9riaux de haute qualit\u00e9 combin\u00e9s \u00e0 des composants durables ont une longue dur\u00e9e de vie.\t\t\t\t\t<\/p>\n\t\t\t\t\n\t\t\t<\/div>\n\t\t\t\n\t\t<\/div>\n\t\t\t\t\t\t<\/div>\n\t\t\t\t<\/div>\n\t\t\t\t<\/div>\n\t\t\t\t<\/div>\n\t\t\t\t\t<\/div>\n\t\t\t\t<\/div>\n\t\t<div class=\"elementor-element elementor-element-7a440f78 e-flex e-con-boxed e-con e-parent\" data-id=\"7a440f78\" data-element_type=\"container\" data-settings=\"{&quot;background_background&quot;:&quot;classic&quot;}\">\n\t\t\t\t\t<div class=\"e-con-inner\">\n\t\t\t\t<div class=\"elementor-element elementor-element-1bb1008 elementor-widget__width-initial elementor-widget-tablet__width-inherit elementor-widget elementor-widget-image\" data-id=\"1bb1008\" data-element_type=\"widget\" data-widget_type=\"image.default\">\n\t\t\t\t<div class=\"elementor-widget-container\">\n\t\t\t\t\t\t\t\t\t\t\t\t\t\t\t<img fetchpriority=\"high\" decoding=\"async\" width=\"575\" height=\"715\" src=\"https:\/\/www.ajflyinghome.com\/wp-content\/uploads\/2024\/11\/Custom-Material.webp\" class=\"attachment-large size-large wp-image-2788\" alt=\"\" title=\"\">\t\t\t\t\t\t\t\t\t\t\t\t\t\t\t<\/div>\n\t\t\t\t<\/div>\n\t\t<div class=\"elementor-element elementor-element-3af6af66 e-con-full e-flex e-con e-child\" data-id=\"3af6af66\" data-element_type=\"container\">\n\t\t\t\t<div class=\"elementor-element elementor-element-17dd7465 elementor-widget elementor-widget-heading\" data-id=\"17dd7465\" data-element_type=\"widget\" data-widget_type=\"heading.default\">\n\t\t\t\t<div class=\"elementor-widget-container\">\n\t\t\t\t\t<h2 class=\"elementor-heading-title elementor-size-default\">Mat\u00e9riau personnalis\u00e9<\/h2>\t\t\t\t<\/div>\n\t\t\t\t<\/div>\n\t\t\t\t<div class=\"elementor-element elementor-element-7df7d8eb elementor-widget elementor-widget-text-editor\" data-id=\"7df7d8eb\" data-element_type=\"widget\" data-widget_type=\"text-editor.default\">\n\t\t\t\t<div class=\"elementor-widget-container\">\n\t\t\t\t\t\t\t\t\t<p>AJ Flying propose une vari\u00e9t\u00e9 de mat\u00e9riaux pour personnaliser votre armoire \u00e0 plateau tournant. Nous utilisons une structure d'assemblage pour cr\u00e9er des armoires professionnelles et fonctionnelles. Nous choisirons diff\u00e9rents mat\u00e9riaux pour diff\u00e9rentes parties de l'armoire. Vous pouvez choisir le mat\u00e9riau qui vous convient selon vos besoins.<\/p><ul><li>Corps de l'armoire : bois massif, contreplaqu\u00e9, <a href=\"https:\/\/www.ajflyinghome.com\/fr\/mdf-kitchen-cabinet\/\">MDF<\/a>\u2026\u2026<\/li><li>lazy susan : Plastique, Bois, M\u00e9tal Acier, Bois band\u00e9\u2026\u2026<\/li><li>M\u00e9canisme de rotation : M\u00e9tal, Plastique\u2026\u2026<\/li><li>Portes : bois massif, MDF, Panneaux en verre\u2026\u2026<\/li><\/ul>\t\t\t\t\t\t\t\t<\/div>\n\t\t\t\t<\/div>\n\t\t\t\t<div class=\"elementor-element elementor-element-6bd7b48b elementor-tablet-align-center popmake-1598 elementor-widget elementor-widget-button\" data-id=\"6bd7b48b\" data-element_type=\"widget\" data-widget_type=\"button.default\">\n\t\t\t\t<div class=\"elementor-widget-container\">\n\t\t\t\t\t\t\t\t\t<div class=\"elementor-button-wrapper\">\n\t\t\t\t\t<a class=\"elementor-button elementor-size-sm\" role=\"button\">\n\t\t\t\t\t\t<span class=\"elementor-button-content-wrapper\">\n\t\t\t\t\t\t\t\t\t<span class=\"elementor-button-text\">Obtenir un devis<\/span>\n\t\t\t\t\t<\/span>\n\t\t\t\t\t<\/a>\n\t\t\t\t<\/div>\n\t\t\t\t\t\t\t\t<\/div>\n\t\t\t\t<\/div>\n\t\t\t\t<\/div>\n\t\t\t\t\t<\/div>\n\t\t\t\t<\/div>\n\t\t<div class=\"elementor-element elementor-element-4b992fa2 e-flex e-con-boxed e-con e-parent\" data-id=\"4b992fa2\" data-element_type=\"container\" data-settings=\"{&quot;background_background&quot;:&quot;classic&quot;}\">\n\t\t\t\t\t<div class=\"e-con-inner\">\n\t\t<div class=\"elementor-element elementor-element-1e5e226a e-con-full e-flex e-con e-child\" data-id=\"1e5e226a\" data-element_type=\"container\">\n\t\t\t\t<div class=\"elementor-element elementor-element-7ad854c4 elementor-widget elementor-widget-heading\" data-id=\"7ad854c4\" data-element_type=\"widget\" data-widget_type=\"heading.default\">\n\t\t\t\t<div class=\"elementor-widget-container\">\n\t\t\t\t\t<h2 class=\"elementor-heading-title elementor-size-default\">Taille personnalis\u00e9e<\/h2>\t\t\t\t<\/div>\n\t\t\t\t<\/div>\n\t\t\t\t<div class=\"elementor-element elementor-element-5b140a92 elementor-widget elementor-widget-text-editor\" data-id=\"5b140a92\" data-element_type=\"widget\" data-widget_type=\"text-editor.default\">\n\t\t\t\t<div class=\"elementor-widget-container\">\n\t\t\t\t\t\t\t\t\t<p>AJ Flying personnalisera la taille de votre meuble lazy susan selon la disposition de votre cuisine. Nous disposons d\u2019\u00e9quipements CNC de haute pr\u00e9cision tels que CNC pour couper avec pr\u00e9cision votre meuble lazy susan. Notre technologie de coupe professionnelle peut atteindre une pr\u00e9cision au niveau millim\u00e8tre ou m\u00eame micron, adapt\u00e9e aux besoins personnalis\u00e9s de diff\u00e9rentes tailles, telles que 16\u2033, 18\u2033, 24\u2033, 28\u2033, 30\u2033, 32\u2033, 36\u2033, etc. Nous pouvons \u00e9galement r\u00e9pondre \u00e0 vos besoins pour une personnalisation de taille complexe ou sp\u00e9ciale.<\/p>\t\t\t\t\t\t\t\t<\/div>\n\t\t\t\t<\/div>\n\t\t\t\t<div class=\"elementor-element elementor-element-428ded5b elementor-tablet-align-center popmake-1598 elementor-widget elementor-widget-button\" data-id=\"428ded5b\" data-element_type=\"widget\" data-widget_type=\"button.default\">\n\t\t\t\t<div class=\"elementor-widget-container\">\n\t\t\t\t\t\t\t\t\t<div class=\"elementor-button-wrapper\">\n\t\t\t\t\t<a class=\"elementor-button elementor-size-sm\" role=\"button\">\n\t\t\t\t\t\t<span class=\"elementor-button-content-wrapper\">\n\t\t\t\t\t\t\t\t\t<span class=\"elementor-button-text\">Demande maintenant<\/span>\n\t\t\t\t\t<\/span>\n\t\t\t\t\t<\/a>\n\t\t\t\t<\/div>\n\t\t\t\t\t\t\t\t<\/div>\n\t\t\t\t<\/div>\n\t\t\t\t<\/div>\n\t\t<div class=\"elementor-element elementor-element-15adad9e e-con-full e-flex e-con e-child\" data-id=\"15adad9e\" data-element_type=\"container\">\n\t\t\t\t<div class=\"elementor-element elementor-element-3c6f74cc elementor-widget elementor-widget-image\" data-id=\"3c6f74cc\" data-element_type=\"widget\" data-widget_type=\"image.default\">\n\t\t\t\t<div class=\"elementor-widget-container\">\n\t\t\t\t\t\t\t\t\t\t\t\t\t\t\t<img decoding=\"async\" width=\"515\" height=\"470\" src=\"https:\/\/www.ajflyinghome.com\/wp-content\/uploads\/2024\/11\/Custom-Size.webp\" class=\"attachment-large size-large wp-image-2789\" alt=\"Taille personnalis\u00e9e\" title=\"\">\t\t\t\t\t\t\t\t\t\t\t\t\t\t\t<\/div>\n\t\t\t\t<\/div>\n\t\t\t\t<\/div>\n\t\t\t\t\t<\/div>\n\t\t\t\t<\/div>\n\t\t<div class=\"elementor-element elementor-element-72ae88aa e-flex e-con-boxed e-con e-parent\" data-id=\"72ae88aa\" data-element_type=\"container\" data-settings=\"{&quot;background_background&quot;:&quot;classic&quot;}\">\n\t\t\t\t\t<div class=\"e-con-inner\">\n\t\t\t\t<div class=\"elementor-element elementor-element-35927955 elementor-widget__width-initial elementor-widget-tablet__width-inherit elementor-widget elementor-widget-image\" data-id=\"35927955\" data-element_type=\"widget\" data-widget_type=\"image.default\">\n\t\t\t\t<div class=\"elementor-widget-container\">\n\t\t\t\t\t\t\t\t\t\t\t\t\t\t\t<img decoding=\"async\" width=\"580\" height=\"715\" src=\"https:\/\/www.ajflyinghome.com\/wp-content\/uploads\/2024\/11\/Shape-Design.webp\" class=\"attachment-large size-large wp-image-2790\" alt=\"\" title=\"\">\t\t\t\t\t\t\t\t\t\t\t\t\t\t\t<\/div>\n\t\t\t\t<\/div>\n\t\t<div class=\"elementor-element elementor-element-4a4b036d e-con-full e-flex e-con e-child\" data-id=\"4a4b036d\" data-element_type=\"container\">\n\t\t\t\t<div class=\"elementor-element elementor-element-2e93f92e elementor-widget elementor-widget-heading\" data-id=\"2e93f92e\" data-element_type=\"widget\" data-widget_type=\"heading.default\">\n\t\t\t\t<div class=\"elementor-widget-container\">\n\t\t\t\t\t<h2 class=\"elementor-heading-title elementor-size-default\">Conception de forme<\/h2>\t\t\t\t<\/div>\n\t\t\t\t<\/div>\n\t\t\t\t<div class=\"elementor-element elementor-element-31591e4b elementor-widget elementor-widget-text-editor\" data-id=\"31591e4b\" data-element_type=\"widget\" data-widget_type=\"text-editor.default\">\n\t\t\t\t<div class=\"elementor-widget-container\">\n\t\t\t\t\t\t\t\t\t<p>AJ Flying poss\u00e8de une technologie de conception professionnelle et peut personnaliser la forme des meubles lazy susan qui conviennent \u00e0 votre cuisine selon vos besoins. Nous utilisons des logiciels de conception professionnels (tels qu\u2019AutoCAD, SolidWorks) pour concevoir des mod\u00e8les de produits de toute forme et transf\u00e9rer sans couture la conception \u00e0 l\u2019\u00e9tape de production. Voici plusieurs styles que nous r\u00e9alisons souvent. Si vous avez d\u2019autres exigences de conception, vous pouvez contacter notre \u00e9quipe de personnalisation.\u200e<\/p><ul><li>Forme en rein<\/li><li>D\u00e9coupe en tarte<\/li><li>Forme<\/li><li>\u200eDemie lune<\/li><\/ul>\t\t\t\t\t\t\t\t<\/div>\n\t\t\t\t<\/div>\n\t\t\t\t<div class=\"elementor-element elementor-element-64fdee14 elementor-tablet-align-center popmake-1598 elementor-widget elementor-widget-button\" data-id=\"64fdee14\" data-element_type=\"widget\" data-widget_type=\"button.default\">\n\t\t\t\t<div class=\"elementor-widget-container\">\n\t\t\t\t\t\t\t\t\t<div class=\"elementor-button-wrapper\">\n\t\t\t\t\t<a class=\"elementor-button elementor-size-sm\" role=\"button\">\n\t\t\t\t\t\t<span class=\"elementor-button-content-wrapper\">\n\t\t\t\t\t\t\t\t\t<span class=\"elementor-button-text\">Obtenir un devis<\/span>\n\t\t\t\t\t<\/span>\n\t\t\t\t\t<\/a>\n\t\t\t\t<\/div>\n\t\t\t\t\t\t\t\t<\/div>\n\t\t\t\t<\/div>\n\t\t\t\t<\/div>\n\t\t\t\t\t<\/div>\n\t\t\t\t<\/div>\n\t\t<div class=\"elementor-element elementor-element-417430d2 e-flex e-con-boxed e-con e-parent\" data-id=\"417430d2\" data-element_type=\"container\" data-settings=\"{&quot;background_background&quot;:&quot;classic&quot;}\">\n\t\t\t\t\t<div class=\"e-con-inner\">\n\t\t<div class=\"elementor-element elementor-element-7ad753de e-flex e-con-boxed e-con e-child\" data-id=\"7ad753de\" data-element_type=\"container\" data-settings=\"{&quot;background_background&quot;:&quot;classic&quot;}\">\n\t\t\t\t\t<div class=\"e-con-inner\">\n\t\t<div class=\"elementor-element elementor-element-467c9e e-con-full e-flex e-con e-child\" data-id=\"467c9e\" data-element_type=\"container\" data-settings=\"{&quot;background_background&quot;:&quot;classic&quot;}\">\n\t\t\t\t<div class=\"elementor-element elementor-element-784eb7c2 elementor-widget elementor-widget-heading\" data-id=\"784eb7c2\" data-element_type=\"widget\" data-widget_type=\"heading.default\">\n\t\t\t\t<div class=\"elementor-widget-container\">\n\t\t\t\t\t<h2 class=\"elementor-heading-title elementor-size-default\">\nCouleur &amp; Finition<\/h2>\t\t\t\t<\/div>\n\t\t\t\t<\/div>\n\t\t\t\t<div class=\"elementor-element elementor-element-690db197 elementor-widget elementor-widget-text-editor\" data-id=\"690db197\" data-element_type=\"widget\" data-widget_type=\"text-editor.default\">\n\t\t\t\t<div class=\"elementor-widget-container\">\n\t\t\t\t\t\t\t\t\t<p>\u00a0<\/p><p>Le syst\u00e8me de correspondance des couleurs d'AJ Flying et l'\u00e9quipe de correspondance des couleurs peuvent r\u00e9aliser une s\u00e9rie de personnalisations de couleurs, telles que des couleurs neutres comme blanc, cr\u00e8me ou gris colombe, gris fonc\u00e9 ou graphite, noir, brun fonc\u00e9 ou espresso, etc. De plus, nous ma\u00eetrisons \u00e9galement des technologies avanc\u00e9es de traitement de surface telles que la finition peinture, la finition bois, <a href=\"https:\/\/www.ajflyinghome.com\/fr\/laminate-kitchen-cabinets\/\">finition stratifi\u00e9<\/a>, finition placage, etc. pour r\u00e9pondre \u00e0 votre art de traitement des couleurs diversifi\u00e9 et assurer la stabilit\u00e9 et l'adaptabilit\u00e9 de la couleur du meuble \u00e0 rotation.<\/p>\t\t\t\t\t\t\t\t<\/div>\n\t\t\t\t<\/div>\n\t\t\t\t<div class=\"elementor-element elementor-element-227c337a elementor-tablet-align-justify elementor-align-justify popmake-1598 elementor-widget elementor-widget-button\" data-id=\"227c337a\" data-element_type=\"widget\" data-widget_type=\"button.default\">\n\t\t\t\t<div class=\"elementor-widget-container\">\n\t\t\t\t\t\t\t\t\t<div class=\"elementor-button-wrapper\">\n\t\t\t\t\t<a class=\"elementor-button elementor-size-sm\" role=\"button\">\n\t\t\t\t\t\t<span class=\"elementor-button-content-wrapper\">\n\t\t\t\t\t\t\t\t\t<span class=\"elementor-button-text\">Demander une conception<\/span>\n\t\t\t\t\t<\/span>\n\t\t\t\t\t<\/a>\n\t\t\t\t<\/div>\n\t\t\t\t\t\t\t\t<\/div>\n\t\t\t\t<\/div>\n\t\t\t\t<\/div>\n\t\t\t\t\t<\/div>\n\t\t\t\t<\/div>\n\t\t\t\t\t<\/div>\n\t\t\t\t<\/div>\n\t\t\t\t<\/div>","protected":false},"excerpt":{"rendered":"<p>AJ Flying est un fabricant professionnel de meubles \u00e0 plateau tournant en Chine. Nous proposons des services personnalis\u00e9s pour fabriquer des meubles \u00e0 plateau tournant pour votre cuisine, vous aidant \u00e0 ranger \u00e9pices, conserves, aliments emball\u00e9s et m\u00eame petits appareils \u00e9lectrom\u00e9nagers, en cr\u00e9ant des espaces de rangement profonds de haute qualit\u00e9 adapt\u00e9s \u00e0 vos besoins de stockage. En savoir plus AJ Flying-Lazy [\u2026]<\/p>","protected":false},"author":2,"featured_media":3180,"parent":0,"menu_order":0,"comment_status":"closed","ping_status":"closed","template":"elementor_header_footer","meta":{"_acf_changed":false,"footnotes":""},"class_list":["post-2736","page","type-page","status-publish","has-post-thumbnail","hentry"],"blocksy_meta":[],"acf":[],"_links":{"self":[{"href":"https:\/\/www.ajflyinghome.com\/fr\/wp-json\/wp\/v2\/pages\/2736","targetHints":{"allow":["GET"]}}],"collection":[{"href":"https:\/\/www.ajflyinghome.com\/fr\/wp-json\/wp\/v2\/pages"}],"about":[{"href":"https:\/\/www.ajflyinghome.com\/fr\/wp-json\/wp\/v2\/types\/page"}],"author":[{"embeddable":true,"href":"https:\/\/www.ajflyinghome.com\/fr\/wp-json\/wp\/v2\/users\/2"}],"replies":[{"embeddable":true,"href":"https:\/\/www.ajflyinghome.com\/fr\/wp-json\/wp\/v2\/comments?post=2736"}],"version-history":[{"count":0,"href":"https:\/\/www.ajflyinghome.com\/fr\/wp-json\/wp\/v2\/pages\/2736\/revisions"}],"wp:featuredmedia":[{"embeddable":true,"href":"https:\/\/www.ajflyinghome.com\/fr\/wp-json\/wp\/v2\/media\/3180"}],"wp:attachment":[{"href":"https:\/\/www.ajflyinghome.com\/fr\/wp-json\/wp\/v2\/media?parent=2736"}],"curies":[{"name":"wp","href":"https:\/\/api.w.org\/{rel}","templated":true}]}}