{"id":2546,"date":"2024-11-26T14:41:44","date_gmt":"2024-11-26T06:41:44","guid":{"rendered":"https:\/\/www.ajflyinghome.com\/?page_id=2546"},"modified":"2025-04-27T10:55:56","modified_gmt":"2025-04-27T02:55:56","slug":"kitchen-larder-cabinet","status":"publish","type":"page","link":"https:\/\/www.ajflyinghome.com\/pt\/kitchen-larder-cabinet\/","title":{"rendered":"Fabricante de Arm\u00e1rios de Armazenamento para Cozinha Chinesa"},"content":{"rendered":"<div data-elementor-type=\"wp-page\" data-elementor-id=\"2546\" class=\"elementor elementor-2546\">\n\t\t\t\t<div class=\"elementor-element elementor-element-1b1a41b4 e-flex e-con-boxed e-con e-parent\" data-id=\"1b1a41b4\" data-element_type=\"container\" data-settings=\"{&quot;background_background&quot;:&quot;classic&quot;}\">\n\t\t\t\t\t<div class=\"e-con-inner\">\n\t\t<div class=\"elementor-element elementor-element-4cf0945b e-con-full e-flex e-con e-child\" data-id=\"4cf0945b\" data-element_type=\"container\" data-settings=\"{&quot;background_background&quot;:&quot;classic&quot;}\">\n\t\t\t\t<div class=\"elementor-element elementor-element-4b4a18d elementor-widget elementor-widget-heading\" data-id=\"4b4a18d\" data-element_type=\"widget\" data-widget_type=\"heading.default\">\n\t\t\t\t<div class=\"elementor-widget-container\">\n\t\t\t\t\t<h2 class=\"elementor-heading-title elementor-size-default\">Fabricante de Arm\u00e1rios de Armazenamento para Cozinha Chinesa<\/h2>\t\t\t\t<\/div>\n\t\t\t\t<\/div>\n\t\t\t\t<div class=\"elementor-element elementor-element-4888d945 elementor-widget elementor-widget-text-editor\" data-id=\"4888d945\" data-element_type=\"widget\" data-widget_type=\"text-editor.default\">\n\t\t\t\t<div class=\"elementor-widget-container\">\n\t\t\t\t\t\t\t\t\t<p>De arm\u00e1rios de despensa de cozinha individuais a unidades triplas de despensa de cozinha, a AJ Flying fabrica-os numa vasta gama de tamanhos e configura\u00e7\u00f5es para armazenar ingredientes com bastante espa\u00e7o.<\/p><p>We offer <a href=\"https:\/\/www.ajflyinghome.com\/pt\/mdf-kitchen-cabinet\/\">MDF<\/a>, madeira compensada e aglomerado para criar arm\u00e1rios a pre\u00e7os ador\u00e1veis, garantindo qualidade!<\/p><p>Todos s\u00e3o materiais com baixas emiss\u00f5es de formalde\u00eddo e cumprem os padr\u00f5es E1.<\/p>\t\t\t\t\t\t\t\t<\/div>\n\t\t\t\t<\/div>\n\t\t\t\t<div class=\"elementor-element elementor-element-10f409bb elementor-tablet-align-center popmake-1598 elementor-widget elementor-widget-button\" data-id=\"10f409bb\" data-element_type=\"widget\" data-widget_type=\"button.default\">\n\t\t\t\t<div class=\"elementor-widget-container\">\n\t\t\t\t\t\t\t\t\t<div class=\"elementor-button-wrapper\">\n\t\t\t\t\t<a class=\"elementor-button elementor-size-sm\" role=\"button\">\n\t\t\t\t\t\t<span class=\"elementor-button-content-wrapper\">\n\t\t\t\t\t\t\t\t\t<span class=\"elementor-button-text\">Saiba mais<\/span>\n\t\t\t\t\t<\/span>\n\t\t\t\t\t<\/a>\n\t\t\t\t<\/div>\n\t\t\t\t\t\t\t\t<\/div>\n\t\t\t\t<\/div>\n\t\t\t\t<\/div>\n\t\t\t\t\t<\/div>\n\t\t\t\t<\/div>\n\t\t<div class=\"elementor-element elementor-element-2854ea8c e-flex e-con-boxed e-con e-parent\" data-id=\"2854ea8c\" data-element_type=\"container\">\n\t\t\t\t\t<div class=\"e-con-inner\">\n\t\t\t\t<div class=\"elementor-element elementor-element-84945d3 elementor-widget elementor-widget-heading\" data-id=\"84945d3\" data-element_type=\"widget\" data-widget_type=\"heading.default\">\n\t\t\t\t<div class=\"elementor-widget-container\">\n\t\t\t\t\t<h2 class=\"elementor-heading-title elementor-size-default\">Arm\u00e1rio de despensa de cozinha AJ Flying<\/h2>\t\t\t\t<\/div>\n\t\t\t\t<\/div>\n\t\t\t\t<div class=\"elementor-element elementor-element-48399c6 elementor-widget elementor-widget-text-editor\" data-id=\"48399c6\" data-element_type=\"widget\" data-widget_type=\"text-editor.default\">\n\t\t\t\t<div class=\"elementor-widget-container\">\n\t\t\t\t\t\t\t\t\t<p>Um arm\u00e1rio de despensa de cozinha \u00e9 a sua melhor solu\u00e7\u00e3o para maximizar o espa\u00e7o na cozinha. A AJ Flying oferece-o com gavetas e prateleiras para minimizar a desordem na sua cozinha ou \u00e1rea de servi\u00e7o. Pode colocar tudo num \u00fanico arm\u00e1rio, tornando-o um local de f\u00e1cil acesso.<\/p><p>Somos capazes de personalizar o arm\u00e1rio de despensa para encaixar perfeitamente nas suas unidades de frigor\u00edfico vers\u00e1teis, podendo acomodar outros eletrodom\u00e9sticos para manter os seus utens\u00edlios de cozinha organizados e arrumados.<\/p><p>Quer esteja a adaptar a funcionalidade ou a est\u00e9tica do arm\u00e1rio de despensa de cozinha, a AJ Flying ir\u00e1 satisfazer as suas necessidades.<\/p>\t\t\t\t\t\t\t\t<\/div>\n\t\t\t\t<\/div>\n\t\t\t\t<div class=\"elementor-element elementor-element-8d9bfdc elementor-tablet-align-center popmake-1598 elementor-align-left elementor-widget elementor-widget-button\" data-id=\"8d9bfdc\" data-element_type=\"widget\" data-widget_type=\"button.default\">\n\t\t\t\t<div class=\"elementor-widget-container\">\n\t\t\t\t\t\t\t\t\t<div class=\"elementor-button-wrapper\">\n\t\t\t\t\t<a class=\"elementor-button elementor-size-sm\" role=\"button\">\n\t\t\t\t\t\t<span class=\"elementor-button-content-wrapper\">\n\t\t\t\t\t\t\t\t\t<span class=\"elementor-button-text\">Enviar Consulta<\/span>\n\t\t\t\t\t<\/span>\n\t\t\t\t\t<\/a>\n\t\t\t\t<\/div>\n\t\t\t\t\t\t\t\t<\/div>\n\t\t\t\t<\/div>\n\t\t\t\t\t<\/div>\n\t\t\t\t<\/div>\n\t\t<div class=\"elementor-element elementor-element-7f8c9423 e-flex e-con-boxed e-con e-parent\" data-id=\"7f8c9423\" data-element_type=\"container\" data-settings=\"{&quot;background_background&quot;:&quot;classic&quot;}\">\n\t\t\t\t\t<div class=\"e-con-inner\">\n\t\t\t\t<div class=\"elementor-element elementor-element-56f736cb elementor-widget__width-initial elementor-widget-tablet__width-inherit elementor-widget elementor-widget-image\" data-id=\"56f736cb\" data-element_type=\"widget\" data-widget_type=\"image.default\">\n\t\t\t\t<div class=\"elementor-widget-container\">\n\t\t\t\t\t\t\t\t\t\t\t\t\t\t\t<img fetchpriority=\"high\" decoding=\"async\" width=\"580\" height=\"715\" src=\"https:\/\/www.ajflyinghome.com\/wp-content\/uploads\/2024\/11\/Colors-for-Kitchen-Larder-Cabinet.webp\" class=\"attachment-large size-large wp-image-2593\" alt=\"Cores para Arm\u00e1rio de Despensa de Cozinha\" title=\"\">\t\t\t\t\t\t\t\t\t\t\t\t\t\t\t<\/div>\n\t\t\t\t<\/div>\n\t\t<div class=\"elementor-element elementor-element-1d41cb28 e-con-full e-flex e-con e-child\" data-id=\"1d41cb28\" data-element_type=\"container\">\n\t\t\t\t<div class=\"elementor-element elementor-element-39cca449 elementor-widget elementor-widget-heading\" data-id=\"39cca449\" data-element_type=\"widget\" data-widget_type=\"heading.default\">\n\t\t\t\t<div class=\"elementor-widget-container\">\n\t\t\t\t\t<h2 class=\"elementor-heading-title elementor-size-default\">Cores para Arm\u00e1rio de Despensa de Cozinha<\/h2>\t\t\t\t<\/div>\n\t\t\t\t<\/div>\n\t\t\t\t<div class=\"elementor-element elementor-element-3e8050a5 elementor-widget elementor-widget-text-editor\" data-id=\"3e8050a5\" data-element_type=\"widget\" data-widget_type=\"text-editor.default\">\n\t\t\t\t<div class=\"elementor-widget-container\">\n\t\t\t\t\t\t\t\t\t<p>Os arm\u00e1rios de despensa de cozinha AJ Flying s\u00e3o totalmente personaliz\u00e1veis em cor. Pode encontrar <a href=\"https:\/\/www.ajflyinghome.com\/pt\/kitchen-cabinet-color-trends\/\">uma variedade de op\u00e7\u00f5es de cores<\/a> dos sistemas de cores RAL ou Pantone para complementar a decora\u00e7\u00e3o da sua cozinha.<\/p><p>Pode encontrar neutros cl\u00e1ssicos (branco quente, cinza pomba, creme cl\u00e1ssico) para criar um arm\u00e1rio de aspeto moderno e minimalista, ou usar cores r\u00fasticas de carvalho, verde floresta e verde s\u00e1lvia para fabricar uma pe\u00e7a de cozinha de impacto. A op\u00e7\u00e3o de m\u00faltiplos tons destacar\u00e1 a sua personalidade e tornar\u00e1 a sua cozinha \u00fanica.\u00a0<\/p>\t\t\t\t\t\t\t\t<\/div>\n\t\t\t\t<\/div>\n\t\t<div class=\"elementor-element elementor-element-e508610 e-con-full e-flex e-con e-child\" data-id=\"e508610\" data-element_type=\"container\">\n\t\t\t\t<div class=\"elementor-element elementor-element-fe0fcbf elementor-widget elementor-widget-text-editor\" data-id=\"fe0fcbf\" data-element_type=\"widget\" data-widget_type=\"text-editor.default\">\n\t\t\t\t<div class=\"elementor-widget-container\">\n\t\t\t\t\t\t\t\t\t<ul><li>Carvalho r\u00fastico<\/li><li>Creme cl\u00e1ssico<\/li><li>Carv\u00e3o<\/li><li>Cinza pomba<\/li><\/ul>\t\t\t\t\t\t\t\t<\/div>\n\t\t\t\t<\/div>\n\t\t\t\t<div class=\"elementor-element elementor-element-39e3c09 elementor-widget elementor-widget-text-editor\" data-id=\"39e3c09\" data-element_type=\"widget\" data-widget_type=\"text-editor.default\">\n\t\t\t\t<div class=\"elementor-widget-container\">\n\t\t\t\t\t\t\t\t\t<ul><li>Verde floresta<\/li><li>Branco quente<\/li><li>Cinza tempestade<\/li><li>Verde s\u00e1lvia<\/li><\/ul>\t\t\t\t\t\t\t\t<\/div>\n\t\t\t\t<\/div>\n\t\t\t\t<\/div>\n\t\t\t\t<div class=\"elementor-element elementor-element-6fd46cf elementor-tablet-align-center popmake-1598 elementor-widget elementor-widget-button\" data-id=\"6fd46cf\" data-element_type=\"widget\" data-widget_type=\"button.default\">\n\t\t\t\t<div class=\"elementor-widget-container\">\n\t\t\t\t\t\t\t\t\t<div class=\"elementor-button-wrapper\">\n\t\t\t\t\t<a class=\"elementor-button elementor-size-sm\" role=\"button\">\n\t\t\t\t\t\t<span class=\"elementor-button-content-wrapper\">\n\t\t\t\t\t\t\t\t\t<span class=\"elementor-button-text\">Obter Or\u00e7amento<\/span>\n\t\t\t\t\t<\/span>\n\t\t\t\t\t<\/a>\n\t\t\t\t<\/div>\n\t\t\t\t\t\t\t\t<\/div>\n\t\t\t\t<\/div>\n\t\t\t\t<\/div>\n\t\t\t\t\t<\/div>\n\t\t\t\t<\/div>\n\t\t<div class=\"elementor-element elementor-element-4b7d854f e-flex e-con-boxed e-con e-parent\" data-id=\"4b7d854f\" data-element_type=\"container\" data-settings=\"{&quot;background_background&quot;:&quot;classic&quot;}\">\n\t\t\t\t\t<div class=\"e-con-inner\">\n\t\t<div class=\"elementor-element elementor-element-7089f260 e-con-full e-flex e-con e-child\" data-id=\"7089f260\" data-element_type=\"container\">\n\t\t\t\t<div class=\"elementor-element elementor-element-194978ec elementor-widget elementor-widget-heading\" data-id=\"194978ec\" data-element_type=\"widget\" data-widget_type=\"heading.default\">\n\t\t\t\t<div class=\"elementor-widget-container\">\n\t\t\t\t\t<h2 class=\"elementor-heading-title elementor-size-default\">Op\u00e7\u00f5es de Portas de Arm\u00e1rio<\/h2>\t\t\t\t<\/div>\n\t\t\t\t<\/div>\n\t\t\t\t<div class=\"elementor-element elementor-element-3f1c5e54 elementor-widget elementor-widget-text-editor\" data-id=\"3f1c5e54\" data-element_type=\"widget\" data-widget_type=\"text-editor.default\">\n\t\t\t\t<div class=\"elementor-widget-container\">\n\t\t\t\t\t\t\t\t\t<p>Eleve o estilo do seu arm\u00e1rio de despensa na cozinha com as nossas op\u00e7\u00f5es totalmente personaliz\u00e1veis de portas de arm\u00e1rio. A nossa porta de estilo shaker oferece atemporalidade e versatilidade, apresentando uma moldura limpa com um painel central rebaixado, sendo uma ideia tanto para design de cozinha moderna quanto transicional.<\/p><p>Tamb\u00e9m oferecemos portas de arm\u00e1rio de painel plano para criar arm\u00e1rios de despensa elegantes e simples para uma cozinha minimalista. Se optar por uma porta com frente de vidro para exibir os seus objetos, n\u00e3o s\u00f3 cria uma sensa\u00e7\u00e3o de espa\u00e7o aberto e arejado na cozinha, como tamb\u00e9m facilita a visualiza\u00e7\u00e3o e o acesso ao conte\u00fado do arm\u00e1rio sem precisar abri-lo.<\/p>\t\t\t\t\t\t\t\t<\/div>\n\t\t\t\t<\/div>\n\t\t\t\t<div class=\"elementor-element elementor-element-5b221132 elementor-tablet-align-center popmake-1598 elementor-widget elementor-widget-button\" data-id=\"5b221132\" data-element_type=\"widget\" data-widget_type=\"button.default\">\n\t\t\t\t<div class=\"elementor-widget-container\">\n\t\t\t\t\t\t\t\t\t<div class=\"elementor-button-wrapper\">\n\t\t\t\t\t<a class=\"elementor-button elementor-size-sm\" role=\"button\">\n\t\t\t\t\t\t<span class=\"elementor-button-content-wrapper\">\n\t\t\t\t\t\t\t\t\t<span class=\"elementor-button-text\">Solicitar Or\u00e7amento Agora<\/span>\n\t\t\t\t\t<\/span>\n\t\t\t\t\t<\/a>\n\t\t\t\t<\/div>\n\t\t\t\t\t\t\t\t<\/div>\n\t\t\t\t<\/div>\n\t\t\t\t<\/div>\n\t\t<div class=\"elementor-element elementor-element-5eb64c58 e-con-full e-flex e-con e-child\" data-id=\"5eb64c58\" data-element_type=\"container\">\n\t\t\t\t<div class=\"elementor-element elementor-element-20c70eb4 elementor-widget elementor-widget-image\" data-id=\"20c70eb4\" data-element_type=\"widget\" data-widget_type=\"image.default\">\n\t\t\t\t<div class=\"elementor-widget-container\">\n\t\t\t\t\t\t\t\t\t\t\t\t\t\t\t<img decoding=\"async\" width=\"515\" height=\"345\" src=\"https:\/\/www.ajflyinghome.com\/wp-content\/uploads\/2024\/11\/Door-Options.webp\" class=\"attachment-large size-large wp-image-2594\" alt=\"Op\u00e7\u00f5es de Portas de Arm\u00e1rio\" title=\"\">\t\t\t\t\t\t\t\t\t\t\t\t\t\t\t<\/div>\n\t\t\t\t<\/div>\n\t\t\t\t<\/div>\n\t\t\t\t\t<\/div>\n\t\t\t\t<\/div>\n\t\t<div class=\"elementor-element elementor-element-1be00bab e-flex e-con-boxed e-con e-parent\" data-id=\"1be00bab\" data-element_type=\"container\" data-settings=\"{&quot;background_background&quot;:&quot;classic&quot;}\">\n\t\t\t\t\t<div class=\"e-con-inner\">\n\t\t<div class=\"elementor-element elementor-element-31e2905e e-flex e-con-boxed e-con e-child\" data-id=\"31e2905e\" data-element_type=\"container\" data-settings=\"{&quot;background_background&quot;:&quot;classic&quot;}\">\n\t\t\t\t\t<div class=\"e-con-inner\">\n\t\t<div class=\"elementor-element elementor-element-121960c e-con-full e-flex e-con e-child\" data-id=\"121960c\" data-element_type=\"container\" data-settings=\"{&quot;background_background&quot;:&quot;classic&quot;}\">\n\t\t\t\t<div class=\"elementor-element elementor-element-53038ec3 elementor-widget elementor-widget-heading\" data-id=\"53038ec3\" data-element_type=\"widget\" data-widget_type=\"heading.default\">\n\t\t\t\t<div class=\"elementor-widget-container\">\n\t\t\t\t\t<h2 class=\"elementor-heading-title elementor-size-default\">Tamanho Personalizado<\/h2>\t\t\t\t<\/div>\n\t\t\t\t<\/div>\n\t\t\t\t<div class=\"elementor-element elementor-element-1bc0d915 elementor-widget elementor-widget-text-editor\" data-id=\"1bc0d915\" data-element_type=\"widget\" data-widget_type=\"text-editor.default\">\n\t\t\t\t<div class=\"elementor-widget-container\">\n\t\t\t\t\t\t\t\t\t<p>AJ Flying oferece uma variedade de op\u00e7\u00f5es de tamanhos para o seu arm\u00e1rio de despensa na cozinha. O nosso arm\u00e1rio de despensa \u00fanico \u00e9 compacto e possui caracter\u00edsticas que economizam espa\u00e7o, tornando-o adequado para cozinhas pequenas. Pode encontrar solu\u00e7\u00f5es de arm\u00e1rios de despensa duplos com prateleiras mais profundas, m\u00faltiplas gavetas e compartimentos, proporcionando mais espa\u00e7o de armazenamento.<\/p><p>A AJ Flying pode personalizar um arm\u00e1rio de despensa triplo com compartimentos especializados para eletrodom\u00e9sticos, utens\u00edlios de cozinha e at\u00e9 prateleiras deslizantes, o que \u00e9 uma boa ideia para um design de cozinha aberto.<\/p>\t\t\t\t\t\t\t\t<\/div>\n\t\t\t\t<\/div>\n\t\t\t\t<div class=\"elementor-element elementor-element-51ae86d4 elementor-tablet-align-justify elementor-align-justify popmake-1598 elementor-widget elementor-widget-button\" data-id=\"51ae86d4\" data-element_type=\"widget\" data-widget_type=\"button.default\">\n\t\t\t\t<div class=\"elementor-widget-container\">\n\t\t\t\t\t\t\t\t\t<div class=\"elementor-button-wrapper\">\n\t\t\t\t\t<a class=\"elementor-button elementor-size-sm\" role=\"button\">\n\t\t\t\t\t\t<span class=\"elementor-button-content-wrapper\">\n\t\t\t\t\t\t\t\t\t<span class=\"elementor-button-text\">Marcar consulta<\/span>\n\t\t\t\t\t<\/span>\n\t\t\t\t\t<\/a>\n\t\t\t\t<\/div>\n\t\t\t\t\t\t\t\t<\/div>\n\t\t\t\t<\/div>\n\t\t\t\t<\/div>\n\t\t\t\t\t<\/div>\n\t\t\t\t<\/div>\n\t\t\t\t\t<\/div>\n\t\t\t\t<\/div>\n\t\t<div class=\"elementor-element elementor-element-3e33393 e-flex e-con-boxed e-con e-parent\" data-id=\"3e33393\" data-element_type=\"container\">\n\t\t\t\t\t<div class=\"e-con-inner\">\n\t\t<div class=\"elementor-element elementor-element-1b31f89 e-con-full e-flex e-con e-child\" data-id=\"1b31f89\" data-element_type=\"container\">\n\t\t\t\t<div class=\"elementor-element elementor-element-074314d elementor-widget elementor-widget-image\" data-id=\"074314d\" data-element_type=\"widget\" data-widget_type=\"image.default\">\n\t\t\t\t<div class=\"elementor-widget-container\">\n\t\t\t\t\t\t\t\t\t\t\t\t\t\t\t<img decoding=\"async\" width=\"550\" height=\"365\" src=\"https:\/\/www.ajflyinghome.com\/wp-content\/uploads\/2024\/11\/Quality-Assurance.webp\" class=\"attachment-large size-large wp-image-2596\" alt=\"\" title=\"\">\t\t\t\t\t\t\t\t\t\t\t\t\t\t\t<\/div>\n\t\t\t\t<\/div>\n\t\t\t\t<\/div>\n\t\t<div class=\"elementor-element elementor-element-7d38c8b e-con-full e-flex e-con e-child\" data-id=\"7d38c8b\" data-element_type=\"container\">\n\t\t\t\t<div class=\"elementor-element elementor-element-84df4a8 elementor-widget elementor-widget-heading\" data-id=\"84df4a8\" data-element_type=\"widget\" data-widget_type=\"heading.default\">\n\t\t\t\t<div class=\"elementor-widget-container\">\n\t\t\t\t\t<h2 class=\"elementor-heading-title elementor-size-default\">Garantia de Qualidade<\/h2>\t\t\t\t<\/div>\n\t\t\t\t<\/div>\n\t\t\t\t<div class=\"elementor-element elementor-element-201232b elementor-widget elementor-widget-text-editor\" data-id=\"201232b\" data-element_type=\"widget\" data-widget_type=\"text-editor.default\">\n\t\t\t\t<div class=\"elementor-widget-container\">\n\t\t\t\t\t\t\t\t\t<p>Na AJ Flying, a nossa garantia \u00e9 de 25 anos. Fabricado em MDF, HDF e aglomerado, cada arm\u00e1rio \u00e9 projetado para durabilidade e resist\u00eancia duradouras e \u00e9 fabricado em conformidade com certifica\u00e7\u00f5es da ind\u00fastria (ISO 9001, madeira certificada FSC, etc.).\u00a0<\/p><p>Al\u00e9m disso, prestamos aten\u00e7\u00e3o a m\u00faltiplas verifica\u00e7\u00f5es de qualidade, como resist\u00eancia \u00e0 carga e durabilidade da superf\u00edcie, para oferecer o servi\u00e7o mais confi\u00e1vel.<\/p>\t\t\t\t\t\t\t\t<\/div>\n\t\t\t\t<\/div>\n\t\t\t\t<div class=\"elementor-element elementor-element-2d98e1e elementor-tablet-align-center popmake-1598 elementor-widget elementor-widget-button\" data-id=\"2d98e1e\" data-element_type=\"widget\" data-widget_type=\"button.default\">\n\t\t\t\t<div class=\"elementor-widget-container\">\n\t\t\t\t\t\t\t\t\t<div class=\"elementor-button-wrapper\">\n\t\t\t\t\t<a class=\"elementor-button elementor-size-sm\" role=\"button\">\n\t\t\t\t\t\t<span class=\"elementor-button-content-wrapper\">\n\t\t\t\t\t\t\t\t\t<span class=\"elementor-button-text\">Solicitar Or\u00e7amento Agora<\/span>\n\t\t\t\t\t<\/span>\n\t\t\t\t\t<\/a>\n\t\t\t\t<\/div>\n\t\t\t\t\t\t\t\t<\/div>\n\t\t\t\t<\/div>\n\t\t\t\t<\/div>\n\t\t\t\t\t<\/div>\n\t\t\t\t<\/div>\n\t\t\t\t<\/div>","protected":false},"excerpt":{"rendered":"<p>Fabricante de Arm\u00e1rios de Armazenamento para Cozinha na China Desde arm\u00e1rios de armazenamento de cozinha individuais at\u00e9 unidades triplas, a AJ Flying fabrica-os numa vasta gama de tamanhos e configura\u00e7\u00f5es para armazenar ingredientes em espa\u00e7os generosos. Oferecemos MDF, compensado e aglomerado para criar arm\u00e1rios a pre\u00e7os acess\u00edveis, garantindo qualidade! Todos t\u00eam baixo teor de formalde\u00eddo [\u2026]<\/p>","protected":false},"author":1,"featured_media":3174,"parent":0,"menu_order":0,"comment_status":"closed","ping_status":"closed","template":"elementor_header_footer","meta":{"_acf_changed":false,"footnotes":""},"class_list":["post-2546","page","type-page","status-publish","has-post-thumbnail","hentry"],"blocksy_meta":[],"acf":[],"_links":{"self":[{"href":"https:\/\/www.ajflyinghome.com\/pt\/wp-json\/wp\/v2\/pages\/2546","targetHints":{"allow":["GET"]}}],"collection":[{"href":"https:\/\/www.ajflyinghome.com\/pt\/wp-json\/wp\/v2\/pages"}],"about":[{"href":"https:\/\/www.ajflyinghome.com\/pt\/wp-json\/wp\/v2\/types\/page"}],"author":[{"embeddable":true,"href":"https:\/\/www.ajflyinghome.com\/pt\/wp-json\/wp\/v2\/users\/1"}],"replies":[{"embeddable":true,"href":"https:\/\/www.ajflyinghome.com\/pt\/wp-json\/wp\/v2\/comments?post=2546"}],"version-history":[{"count":0,"href":"https:\/\/www.ajflyinghome.com\/pt\/wp-json\/wp\/v2\/pages\/2546\/revisions"}],"wp:featuredmedia":[{"embeddable":true,"href":"https:\/\/www.ajflyinghome.com\/pt\/wp-json\/wp\/v2\/media\/3174"}],"wp:attachment":[{"href":"https:\/\/www.ajflyinghome.com\/pt\/wp-json\/wp\/v2\/media?parent=2546"}],"curies":[{"name":"wp","href":"https:\/\/api.w.org\/{rel}","templated":true}]}}