{"id":2612,"date":"2024-11-27T14:10:30","date_gmt":"2024-11-27T06:10:30","guid":{"rendered":"https:\/\/www.ajflyinghome.com\/?page_id=2612"},"modified":"2025-04-27T10:28:08","modified_gmt":"2025-04-27T02:28:08","slug":"kitchen-base-cabinets","status":"publish","type":"page","link":"https:\/\/www.ajflyinghome.com\/pt\/kitchen-base-cabinets\/","title":{"rendered":"Fornecedores e Fabricantes de Arm\u00e1rios de Base de Cozinha na China 1"},"content":{"rendered":"<div data-elementor-type=\"wp-page\" data-elementor-id=\"2612\" class=\"elementor elementor-2612\">\n\t\t\t\t<div class=\"elementor-element elementor-element-2910a3af e-flex e-con-boxed e-con e-parent\" data-id=\"2910a3af\" data-element_type=\"container\" data-settings=\"{&quot;background_background&quot;:&quot;classic&quot;}\">\n\t\t\t\t\t<div class=\"e-con-inner\">\n\t\t<div class=\"elementor-element elementor-element-5446c508 e-con-full e-flex e-con e-child\" data-id=\"5446c508\" data-element_type=\"container\" data-settings=\"{&quot;background_background&quot;:&quot;classic&quot;}\">\n\t\t\t\t<div class=\"elementor-element elementor-element-2204c0a6 elementor-widget elementor-widget-heading\" data-id=\"2204c0a6\" data-element_type=\"widget\" data-widget_type=\"heading.default\">\n\t\t\t\t<div class=\"elementor-widget-container\">\n\t\t\t\t\t<h2 class=\"elementor-heading-title elementor-size-default\">Arm\u00e1rios de Base de Cozinha Oem<\/h2>\t\t\t\t<\/div>\n\t\t\t\t<\/div>\n\t\t\t\t<div class=\"elementor-element elementor-element-1966011f elementor-widget elementor-widget-text-editor\" data-id=\"1966011f\" data-element_type=\"widget\" data-widget_type=\"text-editor.default\">\n\t\t\t\t<div class=\"elementor-widget-container\">\n\t\t\t\t\t\t\t\t\t<p>AJ Flying, um fornecedor e fabricante de arm\u00e1rios de cozinha de renome na China com mais de uma d\u00e9cada de experi\u00eancia, oferece uma vasta gama de estilos e tamanhos de arm\u00e1rios, juntamente com extensos servi\u00e7os de personaliza\u00e7\u00e3o<\/p>\t\t\t\t\t\t\t\t<\/div>\n\t\t\t\t<\/div>\n\t\t\t\t<div class=\"elementor-element elementor-element-200b36e elementor-tablet-align-center popmake-1598 elementor-widget elementor-widget-button\" data-id=\"200b36e\" data-element_type=\"widget\" data-widget_type=\"button.default\">\n\t\t\t\t<div class=\"elementor-widget-container\">\n\t\t\t\t\t\t\t\t\t<div class=\"elementor-button-wrapper\">\n\t\t\t\t\t<a class=\"elementor-button elementor-size-sm\" role=\"button\">\n\t\t\t\t\t\t<span class=\"elementor-button-content-wrapper\">\n\t\t\t\t\t\t\t\t\t<span class=\"elementor-button-text\">Obter Or\u00e7amento<\/span>\n\t\t\t\t\t<\/span>\n\t\t\t\t\t<\/a>\n\t\t\t\t<\/div>\n\t\t\t\t\t\t\t\t<\/div>\n\t\t\t\t<\/div>\n\t\t\t\t<\/div>\n\t\t\t\t\t<\/div>\n\t\t\t\t<\/div>\n\t\t<div class=\"elementor-element elementor-element-48b01f65 e-flex e-con-boxed e-con e-parent\" data-id=\"48b01f65\" data-element_type=\"container\">\n\t\t\t\t\t<div class=\"e-con-inner\">\n\t\t\t\t<div class=\"elementor-element elementor-element-290a56ee elementor-widget elementor-widget-heading\" data-id=\"290a56ee\" data-element_type=\"widget\" data-widget_type=\"heading.default\">\n\t\t\t\t<div class=\"elementor-widget-container\">\n\t\t\t\t\t<h2 class=\"elementor-heading-title elementor-size-default\">Fabricante de Arm\u00e1rios de Base de Cozinha<\/h2>\t\t\t\t<\/div>\n\t\t\t\t<\/div>\n\t\t\t\t<div class=\"elementor-element elementor-element-520197a4 elementor-widget elementor-widget-text-editor\" data-id=\"520197a4\" data-element_type=\"widget\" data-widget_type=\"text-editor.default\">\n\t\t\t\t<div class=\"elementor-widget-container\">\n\t\t\t\t\t\t\t\t\t<p>Os arm\u00e1rios de cozinha s\u00e3o as unidades b\u00e1sicas da cozinha e representam um espa\u00e7o de armazenamento indispens\u00e1vel na cozinha. Geralmente s\u00e3o usados para guardar v\u00e1rios utens\u00edlios de cozinha e alimentos. Como um fornecedor e fabricante de arm\u00e1rios de cozinha bem conhecido na China, a AJ Flying tem estado profundamente envolvida no campo dos arm\u00e1rios de cozinha h\u00e1 mais de dez anos, comprometendo-se a fornecer aos clientes arm\u00e1rios de v\u00e1rios estilos e tamanhos, e apoiando servi\u00e7os de personaliza\u00e7\u00e3o profunda.<\/p><p>Para se adaptar aos estilos de decora\u00e7\u00e3o de diferentes cozinhas familiares, fabricamos arm\u00e1rios de cozinha de diferentes materiais. Os engenheiros de design da empresa podem combinar <a href=\"https:\/\/www.ajflyinghome.com\/pt\/page\/4\/?s=color&amp;ct_post_type=post%3Apage\">arm\u00e1rios de cozinha de diferentes cores<\/a> e estilos para si, de acordo com a decora\u00e7\u00e3o da sua cozinha. E fornecer v\u00e1rios acess\u00f3rios para arm\u00e1rios de cozinha.<\/p><p>Se procura um arm\u00e1rio de cozinha adequado, podemos ajudar!<\/p>\t\t\t\t\t\t\t\t<\/div>\n\t\t\t\t<\/div>\n\t\t\t\t<div class=\"elementor-element elementor-element-4866d0fb elementor-tablet-align-center popmake-1598 elementor-align-left elementor-widget elementor-widget-button\" data-id=\"4866d0fb\" data-element_type=\"widget\" data-widget_type=\"button.default\">\n\t\t\t\t<div class=\"elementor-widget-container\">\n\t\t\t\t\t\t\t\t\t<div class=\"elementor-button-wrapper\">\n\t\t\t\t\t<a class=\"elementor-button elementor-size-sm\" role=\"button\">\n\t\t\t\t\t\t<span class=\"elementor-button-content-wrapper\">\n\t\t\t\t\t\t\t\t\t<span class=\"elementor-button-text\">Enviar Consulta<\/span>\n\t\t\t\t\t<\/span>\n\t\t\t\t\t<\/a>\n\t\t\t\t<\/div>\n\t\t\t\t\t\t\t\t<\/div>\n\t\t\t\t<\/div>\n\t\t\t\t\t<\/div>\n\t\t\t\t<\/div>\n\t\t<div class=\"elementor-element elementor-element-59ee1eb2 e-flex e-con-boxed e-con e-parent\" data-id=\"59ee1eb2\" data-element_type=\"container\" data-settings=\"{&quot;background_background&quot;:&quot;classic&quot;}\">\n\t\t\t\t\t<div class=\"e-con-inner\">\n\t\t\t\t<div class=\"elementor-element elementor-element-4ce866f6 elementor-widget__width-initial elementor-widget-tablet__width-inherit elementor-widget elementor-widget-image\" data-id=\"4ce866f6\" data-element_type=\"widget\" data-widget_type=\"image.default\">\n\t\t\t\t<div class=\"elementor-widget-container\">\n\t\t\t\t\t\t\t\t\t\t\t\t\t\t\t<img fetchpriority=\"high\" decoding=\"async\" width=\"580\" height=\"715\" src=\"https:\/\/www.ajflyinghome.com\/wp-content\/uploads\/2024\/11\/Types-Of-Base-Cabinets.webp\" class=\"attachment-large size-large wp-image-2716\" alt=\"\" title=\"\">\t\t\t\t\t\t\t\t\t\t\t\t\t\t\t<\/div>\n\t\t\t\t<\/div>\n\t\t<div class=\"elementor-element elementor-element-7ee95799 e-con-full e-flex e-con e-child\" data-id=\"7ee95799\" data-element_type=\"container\">\n\t\t\t\t<div class=\"elementor-element elementor-element-5f9fce20 elementor-widget elementor-widget-heading\" data-id=\"5f9fce20\" data-element_type=\"widget\" data-widget_type=\"heading.default\">\n\t\t\t\t<div class=\"elementor-widget-container\">\n\t\t\t\t\t<h2 class=\"elementor-heading-title elementor-size-default\">Tipos de Arm\u00e1rios de Base<\/h2>\t\t\t\t<\/div>\n\t\t\t\t<\/div>\n\t\t\t\t<div class=\"elementor-element elementor-element-1eb066f2 elementor-widget elementor-widget-text-editor\" data-id=\"1eb066f2\" data-element_type=\"widget\" data-widget_type=\"text-editor.default\">\n\t\t\t\t<div class=\"elementor-widget-container\">\n\t\t\t\t\t\t\t\t\t<p>O design e o estilo dos arm\u00e1rios de base afetam diretamente a efici\u00eancia, est\u00e9tica e o estilo geral da cozinha. A seguir, alguns estilos comuns de arm\u00e1rios de base de cozinha. Se precisar de um estilo personalizado, por favor, forne\u00e7a-nos desenhos CAD ou diga-nos as suas ideias:<\/p><ul><li>Arm\u00e1rio de Base para Pias<\/li><li>Arm\u00e1rio de Base de Cantos<\/li><li>Arm\u00e1rio de Base com Gavetas<\/li><li>Arm\u00e1rio de Base com Porta e Prateleira<\/li><li>Arm\u00e1rio de Base com Porta e Gaveta<\/li><li>Arm\u00e1rio de Base para despensa<\/li><li>Arm\u00e1rio de Base para forno<\/li><\/ul>\t\t\t\t\t\t\t\t<\/div>\n\t\t\t\t<\/div>\n\t\t\t\t<div class=\"elementor-element elementor-element-77ddda2b elementor-tablet-align-center popmake-1598 elementor-widget elementor-widget-button\" data-id=\"77ddda2b\" data-element_type=\"widget\" data-widget_type=\"button.default\">\n\t\t\t\t<div class=\"elementor-widget-container\">\n\t\t\t\t\t\t\t\t\t<div class=\"elementor-button-wrapper\">\n\t\t\t\t\t<a class=\"elementor-button elementor-size-sm\" role=\"button\">\n\t\t\t\t\t\t<span class=\"elementor-button-content-wrapper\">\n\t\t\t\t\t\t\t\t\t<span class=\"elementor-button-text\">Obter Or\u00e7amento<\/span>\n\t\t\t\t\t<\/span>\n\t\t\t\t\t<\/a>\n\t\t\t\t<\/div>\n\t\t\t\t\t\t\t\t<\/div>\n\t\t\t\t<\/div>\n\t\t\t\t<\/div>\n\t\t\t\t\t<\/div>\n\t\t\t\t<\/div>\n\t\t<div class=\"elementor-element elementor-element-70d79718 e-flex e-con-boxed e-con e-parent\" data-id=\"70d79718\" data-element_type=\"container\" data-settings=\"{&quot;background_background&quot;:&quot;classic&quot;}\">\n\t\t\t\t\t<div class=\"e-con-inner\">\n\t\t<div class=\"elementor-element elementor-element-248c626c e-con-full e-flex e-con e-child\" data-id=\"248c626c\" data-element_type=\"container\">\n\t\t\t\t<div class=\"elementor-element elementor-element-28bc4e59 elementor-widget elementor-widget-heading\" data-id=\"28bc4e59\" data-element_type=\"widget\" data-widget_type=\"heading.default\">\n\t\t\t\t<div class=\"elementor-widget-container\">\n\t\t\t\t\t<h2 class=\"elementor-heading-title elementor-size-default\">Tamanhos Personalizados<\/h2>\t\t\t\t<\/div>\n\t\t\t\t<\/div>\n\t\t\t\t<div class=\"elementor-element elementor-element-3492eb6c elementor-widget elementor-widget-text-editor\" data-id=\"3492eb6c\" data-element_type=\"widget\" data-widget_type=\"text-editor.default\">\n\t\t\t\t<div class=\"elementor-widget-container\">\n\t\t\t\t\t\t\t\t\t<p>O tamanho do arm\u00e1rio de base de cozinha foi cuidadosamente desenhado e rigorosamente controlado em qualidade, tendo em conta as diversas necessidades dos utilizadores e melhorando a experi\u00eancia na cozinha:<\/p><p>A altura geralmente varia entre 60 e 90 cent\u00edmetros para garantir o conforto de utiliza\u00e7\u00e3o de utilizadores de diferentes alturas;<\/p><p>Em termos de largura, fornecemos 30 polegadas padr\u00e3o (pia de cuba \u00fanica), 33 polegadas (dupla cuba, pia deslocada), 36 polegadas (pia de cuba dupla), 48 polegadas ou de 9 a 24 polegadas, al\u00e9m de outras op\u00e7\u00f5es para adaptar-se a diferentes layouts de cozinha e requisitos funcionais;<\/p><p>A profundidade geralmente varia entre 55 e 61 cent\u00edmetros, garantindo espa\u00e7o de armazenamento suficiente enquanto evita que os utilizadores se dobrem e reduzam o esfor\u00e7o f\u00edsico.<\/p>\t\t\t\t\t\t\t\t<\/div>\n\t\t\t\t<\/div>\n\t\t\t\t<div class=\"elementor-element elementor-element-210d6121 elementor-tablet-align-center popmake-1598 elementor-widget elementor-widget-button\" data-id=\"210d6121\" data-element_type=\"widget\" data-widget_type=\"button.default\">\n\t\t\t\t<div class=\"elementor-widget-container\">\n\t\t\t\t\t\t\t\t\t<div class=\"elementor-button-wrapper\">\n\t\t\t\t\t<a class=\"elementor-button elementor-size-sm\" role=\"button\">\n\t\t\t\t\t\t<span class=\"elementor-button-content-wrapper\">\n\t\t\t\t\t\t\t\t\t<span class=\"elementor-button-text\">Solicitar Or\u00e7amento Agora<\/span>\n\t\t\t\t\t<\/span>\n\t\t\t\t\t<\/a>\n\t\t\t\t<\/div>\n\t\t\t\t\t\t\t\t<\/div>\n\t\t\t\t<\/div>\n\t\t\t\t<\/div>\n\t\t<div class=\"elementor-element elementor-element-64dc74d4 e-con-full e-flex e-con e-child\" data-id=\"64dc74d4\" data-element_type=\"container\">\n\t\t\t\t<div class=\"elementor-element elementor-element-203d6dfa elementor-widget elementor-widget-image\" data-id=\"203d6dfa\" data-element_type=\"widget\" data-widget_type=\"image.default\">\n\t\t\t\t<div class=\"elementor-widget-container\">\n\t\t\t\t\t\t\t\t\t\t\t\t\t\t\t<img decoding=\"async\" width=\"515\" height=\"345\" src=\"https:\/\/www.ajflyinghome.com\/wp-content\/uploads\/2024\/11\/Custom-Sizes.webp\" class=\"attachment-large size-large wp-image-2713\" alt=\"Tamanhos de arm\u00e1rios de base\" title=\"\">\t\t\t\t\t\t\t\t\t\t\t\t\t\t\t<\/div>\n\t\t\t\t<\/div>\n\t\t\t\t<\/div>\n\t\t\t\t\t<\/div>\n\t\t\t\t<\/div>\n\t\t<div class=\"elementor-element elementor-element-458c93e0 e-flex e-con-boxed e-con e-parent\" data-id=\"458c93e0\" data-element_type=\"container\" data-settings=\"{&quot;background_background&quot;:&quot;classic&quot;}\">\n\t\t\t\t\t<div class=\"e-con-inner\">\n\t\t<div class=\"elementor-element elementor-element-2f6d58b3 e-flex e-con-boxed e-con e-child\" data-id=\"2f6d58b3\" data-element_type=\"container\" data-settings=\"{&quot;background_background&quot;:&quot;classic&quot;}\">\n\t\t\t\t\t<div class=\"e-con-inner\">\n\t\t<div class=\"elementor-element elementor-element-6e7213ce e-con-full e-flex e-con e-child\" data-id=\"6e7213ce\" data-element_type=\"container\" data-settings=\"{&quot;background_background&quot;:&quot;classic&quot;}\">\n\t\t\t\t<div class=\"elementor-element elementor-element-33f08f9c elementor-widget elementor-widget-heading\" data-id=\"33f08f9c\" data-element_type=\"widget\" data-widget_type=\"heading.default\">\n\t\t\t\t<div class=\"elementor-widget-container\">\n\t\t\t\t\t<h2 class=\"elementor-heading-title elementor-size-default\">Cor Personalizada<\/h2>\t\t\t\t<\/div>\n\t\t\t\t<\/div>\n\t\t\t\t<div class=\"elementor-element elementor-element-6bdb91e3 elementor-widget elementor-widget-text-editor\" data-id=\"6bdb91e3\" data-element_type=\"widget\" data-widget_type=\"text-editor.default\">\n\t\t\t\t<div class=\"elementor-widget-container\">\n\t\t\t\t\t\t\t\t\t<p>A cor influencia significativamente a atmosfera geral da cozinha. Considerando a beleza e praticidade dos arm\u00e1rios base no uso di\u00e1rio, oferecemos desde branco cl\u00e1ssico e preto at\u00e9 cores de madeira natural, passando por cinza, azul, verde, Nano branco, nano verde, entre outras.<\/p><p>A f\u00e1brica AJ Flying possui 2 m\u00e1quinas de pintura totalmente autom\u00e1ticas e 3 m\u00e1quinas de moldagem por pulveriza\u00e7\u00e3o totalmente autom\u00e1ticas, capazes de colorir uniformemente os arm\u00e1rios de base de cozinha e garantir qualidade. Portanto, independentemente da cor que precisar para os seus arm\u00e1rios de base, podemos satisfaz\u00ea-lo.<\/p>\t\t\t\t\t\t\t\t<\/div>\n\t\t\t\t<\/div>\n\t\t\t\t<div class=\"elementor-element elementor-element-67ebc0b0 elementor-tablet-align-justify elementor-align-justify popmake-1598 elementor-widget elementor-widget-button\" data-id=\"67ebc0b0\" data-element_type=\"widget\" data-widget_type=\"button.default\">\n\t\t\t\t<div class=\"elementor-widget-container\">\n\t\t\t\t\t\t\t\t\t<div class=\"elementor-button-wrapper\">\n\t\t\t\t\t<a class=\"elementor-button elementor-size-sm\" role=\"button\">\n\t\t\t\t\t\t<span class=\"elementor-button-content-wrapper\">\n\t\t\t\t\t\t\t\t\t<span class=\"elementor-button-text\">Personalize o seu arm\u00e1rio<\/span>\n\t\t\t\t\t<\/span>\n\t\t\t\t\t<\/a>\n\t\t\t\t<\/div>\n\t\t\t\t\t\t\t\t<\/div>\n\t\t\t\t<\/div>\n\t\t\t\t<\/div>\n\t\t\t\t\t<\/div>\n\t\t\t\t<\/div>\n\t\t\t\t\t<\/div>\n\t\t\t\t<\/div>\n\t\t<div class=\"elementor-element elementor-element-2e45659 e-flex e-con-boxed e-con e-parent\" data-id=\"2e45659\" data-element_type=\"container\">\n\t\t\t\t\t<div class=\"e-con-inner\">\n\t\t<div class=\"elementor-element elementor-element-9c8c656 e-con-full e-flex e-con e-child\" data-id=\"9c8c656\" data-element_type=\"container\">\n\t\t<div class=\"elementor-element elementor-element-df83f85 e-con-full e-flex e-con e-child\" data-id=\"df83f85\" data-element_type=\"container\">\n\t\t\t\t<div class=\"elementor-element elementor-element-81b3e7f elementor-widget elementor-widget-heading\" data-id=\"81b3e7f\" data-element_type=\"widget\" data-widget_type=\"heading.default\">\n\t\t\t\t<div class=\"elementor-widget-container\">\n\t\t\t\t\t<h2 class=\"elementor-heading-title elementor-size-default\">Escolha Material do Arm\u00e1rio Base<\/h2>\t\t\t\t<\/div>\n\t\t\t\t<\/div>\n\t\t\t\t<div class=\"elementor-element elementor-element-e1ee137 elementor-widget elementor-widget-text-editor\" data-id=\"e1ee137\" data-element_type=\"widget\" data-widget_type=\"text-editor.default\">\n\t\t\t\t<div class=\"elementor-widget-container\">\n\t\t\t\t\t\t\t\t\t<p>Selecionamos uma variedade de materiais de alta qualidade para fabricar arm\u00e1rios de cozinha, garantindo durabilidade, beleza e funcionalidade. Madeira maci\u00e7a e compensado proporcionam textura natural e longa vida \u00fatil; <a href=\"https:\/\/www.ajflyinghome.com\/pt\/mdf-kitchen-cabinet\/\">MDF<\/a> MDF (painel de fibra de m\u00e9dia densidade) e aglomerado s\u00e3o resistentes \u00e0 humidade e adequados para ambientes h\u00famidos em cozinhas; materiais de a\u00e7o inoxid\u00e1vel e alum\u00ednio oferecem modernidade e s\u00e3o f\u00e1ceis de limpar.<\/p><p>Todos os materiais s\u00e3o rigorosamente controlados em qualidade, e a madeira utilizada atende aos padr\u00f5es ambientais de grau E1 ou superiores, com teor de emiss\u00e3o de formalde\u00eddo \u22640,124mg\/m\u00b3. Pode proporcionar um ambiente de vida mais saud\u00e1vel e seguro para a sua fam\u00edlia.<\/p>\t\t\t\t\t\t\t\t<\/div>\n\t\t\t\t<\/div>\n\t\t\t\t<div class=\"elementor-element elementor-element-6a7c432 elementor-tablet-align-center popmake-1598 elementor-align-left elementor-widget elementor-widget-button\" data-id=\"6a7c432\" data-element_type=\"widget\" data-widget_type=\"button.default\">\n\t\t\t\t<div class=\"elementor-widget-container\">\n\t\t\t\t\t\t\t\t\t<div class=\"elementor-button-wrapper\">\n\t\t\t\t\t<a class=\"elementor-button elementor-size-sm\" role=\"button\">\n\t\t\t\t\t\t<span class=\"elementor-button-content-wrapper\">\n\t\t\t\t\t\t\t\t\t<span class=\"elementor-button-text\">Enviar Consulta<\/span>\n\t\t\t\t\t<\/span>\n\t\t\t\t\t<\/a>\n\t\t\t\t<\/div>\n\t\t\t\t\t\t\t\t<\/div>\n\t\t\t\t<\/div>\n\t\t\t\t<\/div>\n\t\t\t\t<\/div>\n\t\t<div class=\"elementor-element elementor-element-99df625 e-con-full e-flex e-con e-child\" data-id=\"99df625\" data-element_type=\"container\">\n\t\t\t\t<div class=\"elementor-element elementor-element-1707349 elementor-widget elementor-widget-image\" data-id=\"1707349\" data-element_type=\"widget\" data-widget_type=\"image.default\">\n\t\t\t\t<div class=\"elementor-widget-container\">\n\t\t\t\t\t\t\t\t\t\t\t\t\t\t\t<img decoding=\"async\" width=\"550\" height=\"365\" src=\"https:\/\/www.ajflyinghome.com\/wp-content\/uploads\/2024\/11\/Choose-Base-Cabinet-Material.webp\" class=\"attachment-large size-large wp-image-2711\" alt=\"Material do Arm\u00e1rio Base\" title=\"\">\t\t\t\t\t\t\t\t\t\t\t\t\t\t\t<\/div>\n\t\t\t\t<\/div>\n\t\t\t\t<\/div>\n\t\t\t\t\t<\/div>\n\t\t\t\t<\/div>\n\t\t<div class=\"elementor-element elementor-element-e82aa78 e-flex e-con-boxed e-con e-parent\" data-id=\"e82aa78\" data-element_type=\"container\">\n\t\t\t\t\t<div class=\"e-con-inner\">\n\t\t<div class=\"elementor-element elementor-element-dd8fcba e-con-full e-flex e-con e-child\" data-id=\"dd8fcba\" data-element_type=\"container\">\n\t\t\t\t<div class=\"elementor-element elementor-element-15fe32a elementor-widget elementor-widget-image\" data-id=\"15fe32a\" data-element_type=\"widget\" data-widget_type=\"image.default\">\n\t\t\t\t<div class=\"elementor-widget-container\">\n\t\t\t\t\t\t\t\t\t\t\t\t\t\t\t<img loading=\"lazy\" decoding=\"async\" width=\"550\" height=\"365\" src=\"https:\/\/www.ajflyinghome.com\/wp-content\/uploads\/2024\/11\/Kitchen-Base-Cabinet-Accessories.webp\" class=\"attachment-large size-large wp-image-2714\" alt=\"Acess\u00f3rios para Arm\u00e1rios de Base de Cozinha\" title=\"\">\t\t\t\t\t\t\t\t\t\t\t\t\t\t\t<\/div>\n\t\t\t\t<\/div>\n\t\t\t\t<\/div>\n\t\t<div class=\"elementor-element elementor-element-a554172 e-con-full e-flex e-con e-child\" data-id=\"a554172\" data-element_type=\"container\">\n\t\t<div class=\"elementor-element elementor-element-e628695 e-con-full e-flex e-con e-child\" data-id=\"e628695\" data-element_type=\"container\">\n\t\t\t\t<div class=\"elementor-element elementor-element-da6f76b elementor-widget elementor-widget-heading\" data-id=\"da6f76b\" data-element_type=\"widget\" data-widget_type=\"heading.default\">\n\t\t\t\t<div class=\"elementor-widget-container\">\n\t\t\t\t\t<h2 class=\"elementor-heading-title elementor-size-default\">Acess\u00f3rios para Arm\u00e1rios de Base de Cozinha<\/h2>\t\t\t\t<\/div>\n\t\t\t\t<\/div>\n\t\t\t\t<\/div>\n\t\t\t\t<div class=\"elementor-element elementor-element-caf9150 elementor-widget elementor-widget-text-editor\" data-id=\"caf9150\" data-element_type=\"widget\" data-widget_type=\"text-editor.default\">\n\t\t\t\t<div class=\"elementor-widget-container\">\n\t\t\t\t\t\t\t\t\t<p>Os arm\u00e1rios de cozinha AJ Flying foram exportados para mais de 160 pa\u00edses e regi\u00f5es, por isso sabemos da import\u00e2ncia dos acess\u00f3rios para a funcionalidade e experi\u00eancia do utilizador dos arm\u00e1rios. Oferecemos acess\u00f3rios de alta qualidade como Corredi\u00e7as para gavetas, Dobradi\u00e7as, Armazenamento Lazy Susan, Rodap\u00e9, Contentor de res\u00edduos, Gavetas, Prateleiras, Suportes de prateleira, etc.<\/p><p>Cada acess\u00f3rio \u00e9 cuidadosamente selecionado e projetado para melhorar a praticidade, beleza e durabilidade dos arm\u00e1rios de cozinha, proporcionando a melhor experi\u00eancia na sua cozinha. Se desejar saber mais sobre outros acess\u00f3rios de arm\u00e1rio, envie-nos um email.<\/p>\t\t\t\t\t\t\t\t<\/div>\n\t\t\t\t<\/div>\n\t\t\t\t<div class=\"elementor-element elementor-element-34e3246 elementor-tablet-align-center popmake-1598 elementor-widget elementor-widget-button\" data-id=\"34e3246\" data-element_type=\"widget\" data-widget_type=\"button.default\">\n\t\t\t\t<div class=\"elementor-widget-container\">\n\t\t\t\t\t\t\t\t\t<div class=\"elementor-button-wrapper\">\n\t\t\t\t\t<a class=\"elementor-button elementor-size-sm\" role=\"button\">\n\t\t\t\t\t\t<span class=\"elementor-button-content-wrapper\">\n\t\t\t\t\t\t\t\t\t<span class=\"elementor-button-text\">Obter Or\u00e7amento<\/span>\n\t\t\t\t\t<\/span>\n\t\t\t\t\t<\/a>\n\t\t\t\t<\/div>\n\t\t\t\t\t\t\t\t<\/div>\n\t\t\t\t<\/div>\n\t\t\t\t<\/div>\n\t\t\t\t\t<\/div>\n\t\t\t\t<\/div>\n\t\t\t\t<\/div>","protected":false},"excerpt":{"rendered":"<p>Oem Kitchen Base Cabinets AJ Flying, um fornecedor e fabricante de arm\u00e1rios de cozinha reconhecido, com mais de uma d\u00e9cada de experi\u00eancia, oferece uma vasta gama de estilos e tamanhos de arm\u00e1rios, juntamente com servi\u00e7os extensivos de personaliza\u00e7\u00e3o Solicitar Or\u00e7amento Fabricante de Arm\u00e1rios de Base para Cozinha Os arm\u00e1rios de cozinha s\u00e3o as unidades b\u00e1sicas da cozinha e representam um armazenamento indispens\u00e1vel.<\/p>","protected":false},"author":2,"featured_media":3167,"parent":0,"menu_order":0,"comment_status":"closed","ping_status":"closed","template":"elementor_header_footer","meta":{"_acf_changed":false,"footnotes":""},"class_list":["post-2612","page","type-page","status-publish","has-post-thumbnail","hentry"],"blocksy_meta":[],"acf":[],"_links":{"self":[{"href":"https:\/\/www.ajflyinghome.com\/pt\/wp-json\/wp\/v2\/pages\/2612","targetHints":{"allow":["GET"]}}],"collection":[{"href":"https:\/\/www.ajflyinghome.com\/pt\/wp-json\/wp\/v2\/pages"}],"about":[{"href":"https:\/\/www.ajflyinghome.com\/pt\/wp-json\/wp\/v2\/types\/page"}],"author":[{"embeddable":true,"href":"https:\/\/www.ajflyinghome.com\/pt\/wp-json\/wp\/v2\/users\/2"}],"replies":[{"embeddable":true,"href":"https:\/\/www.ajflyinghome.com\/pt\/wp-json\/wp\/v2\/comments?post=2612"}],"version-history":[{"count":0,"href":"https:\/\/www.ajflyinghome.com\/pt\/wp-json\/wp\/v2\/pages\/2612\/revisions"}],"wp:featuredmedia":[{"embeddable":true,"href":"https:\/\/www.ajflyinghome.com\/pt\/wp-json\/wp\/v2\/media\/3167"}],"wp:attachment":[{"href":"https:\/\/www.ajflyinghome.com\/pt\/wp-json\/wp\/v2\/media?parent=2612"}],"curies":[{"name":"wp","href":"https:\/\/api.w.org\/{rel}","templated":true}]}}