{"id":2736,"date":"2024-11-30T10:12:46","date_gmt":"2024-11-30T02:12:46","guid":{"rendered":"https:\/\/www.ajflyinghome.com\/?page_id=2736"},"modified":"2025-03-10T14:03:32","modified_gmt":"2025-03-10T06:03:32","slug":"lazy-susan-cabinet","status":"publish","type":"page","link":"https:\/\/www.ajflyinghome.com\/pt\/lazy-susan-cabinet\/","title":{"rendered":"Fabricante de arm\u00e1rios com prato girat\u00f3rio Lazy Susan na China"},"content":{"rendered":"<div data-elementor-type=\"wp-page\" data-elementor-id=\"2736\" class=\"elementor elementor-2736\">\n\t\t\t\t<div class=\"elementor-element elementor-element-10789007 e-flex e-con-boxed e-con e-parent\" data-id=\"10789007\" data-element_type=\"container\" data-settings=\"{&quot;background_background&quot;:&quot;classic&quot;}\">\n\t\t\t\t\t<div class=\"e-con-inner\">\n\t\t<div class=\"elementor-element elementor-element-17f25bd5 e-con-full e-flex e-con e-child\" data-id=\"17f25bd5\" data-element_type=\"container\" data-settings=\"{&quot;background_background&quot;:&quot;classic&quot;}\">\n\t\t\t\t<div class=\"elementor-element elementor-element-13248df8 elementor-widget elementor-widget-heading\" data-id=\"13248df8\" data-element_type=\"widget\" data-widget_type=\"heading.default\">\n\t\t\t\t<div class=\"elementor-widget-container\">\n\t\t\t\t\t<h2 class=\"elementor-heading-title elementor-size-default\">Fabricante de arm\u00e1rios com prato girat\u00f3rio Lazy Susan na China<\/h2>\t\t\t\t<\/div>\n\t\t\t\t<\/div>\n\t\t\t\t<div class=\"elementor-element elementor-element-65a76cd7 elementor-widget elementor-widget-text-editor\" data-id=\"65a76cd7\" data-element_type=\"widget\" data-widget_type=\"text-editor.default\">\n\t\t\t\t<div class=\"elementor-widget-container\">\n\t\t\t\t\t\t\t\t\t<p>A AJ Flying \u00e9 uma fabricante profissional de arm\u00e1rios com prato girat\u00f3rio na China. Fornecemos servi\u00e7os personalizados para fabricar arm\u00e1rios com prato girat\u00f3rio para a sua cozinha, ajudando a armazenar especiarias, alimentos enlatados, alimentos embalados e at\u00e9 pequenos eletrodom\u00e9sticos, criando \u00e1reas de armazenamento profundo de alta qualidade para atender \u00e0s suas necessidades de armazenamento.<\/p>\t\t\t\t\t\t\t\t<\/div>\n\t\t\t\t<\/div>\n\t\t\t\t<div class=\"elementor-element elementor-element-7b73d25d elementor-tablet-align-center popmake-1598 elementor-widget elementor-widget-button\" data-id=\"7b73d25d\" data-element_type=\"widget\" data-widget_type=\"button.default\">\n\t\t\t\t<div class=\"elementor-widget-container\">\n\t\t\t\t\t\t\t\t\t<div class=\"elementor-button-wrapper\">\n\t\t\t\t\t<a class=\"elementor-button elementor-size-sm\" role=\"button\">\n\t\t\t\t\t\t<span class=\"elementor-button-content-wrapper\">\n\t\t\t\t\t\t\t\t\t<span class=\"elementor-button-text\">Saiba mais<\/span>\n\t\t\t\t\t<\/span>\n\t\t\t\t\t<\/a>\n\t\t\t\t<\/div>\n\t\t\t\t\t\t\t\t<\/div>\n\t\t\t\t<\/div>\n\t\t\t\t<\/div>\n\t\t\t\t\t<\/div>\n\t\t\t\t<\/div>\n\t\t<div class=\"elementor-element elementor-element-78b3b47c e-flex e-con-boxed e-con e-parent\" data-id=\"78b3b47c\" data-element_type=\"container\">\n\t\t\t\t\t<div class=\"e-con-inner\">\n\t\t\t\t<div class=\"elementor-element elementor-element-3a7b62cb elementor-widget elementor-widget-heading\" data-id=\"3a7b62cb\" data-element_type=\"widget\" data-widget_type=\"heading.default\">\n\t\t\t\t<div class=\"elementor-widget-container\">\n\t\t\t\t\t<h2 class=\"elementor-heading-title elementor-size-default\">Arm\u00e1rio com prato girat\u00f3rio AJ Flying<\/h2>\t\t\t\t<\/div>\n\t\t\t\t<\/div>\n\t\t\t\t<div class=\"elementor-element elementor-element-1e07f361 elementor-widget elementor-widget-text-editor\" data-id=\"1e07f361\" data-element_type=\"widget\" data-widget_type=\"text-editor.default\">\n\t\t\t\t<div class=\"elementor-widget-container\">\n\t\t\t\t\t\t\t\t\t<p>O nosso arm\u00e1rio com prato girat\u00f3rio pode ser personalizado com v\u00e1rios materiais de acordo com as suas necessidades. Diferentes partes podem ser personalizadas com materiais distintos, como arm\u00e1rio de madeira maci\u00e7a e prato girat\u00f3rio de pl\u00e1stico, para atender \u00e0s necessidades funcionais do seu arm\u00e1rio com prato girat\u00f3rio.<\/p><p>Os arm\u00e1rios com prato girat\u00f3rio da AJ Flying dominam tecnologia avan\u00e7ada de corte. A nossa equipa profissional de personaliza\u00e7\u00e3o fornecer\u00e1 tamanhos personalizados de acordo com as suas necessidades e realizar\u00e1 cortes e perfura\u00e7\u00f5es precisas para facilitar a sua instala\u00e7\u00e3o. Al\u00e9m disso, a equipa de design e P&amp;D pode criar arm\u00e1rios com prato girat\u00f3rio de forma personalizada. Independentemente da forma que desejar, encontrar\u00e1 aqui uma boa solu\u00e7\u00e3o.<\/p><p>Oferecemos uma variedade de tecnologias de tratamento de superf\u00edcie, como pintura, lamina\u00e7\u00e3o, etc., para proporcionar v\u00e1rias op\u00e7\u00f5es de personaliza\u00e7\u00e3o de cores e acabamentos que combinem com o estilo diversificado da sua cozinha.<\/p><p>Se desejar personalizar o arm\u00e1rio com prato girat\u00f3rio em diferentes estilos destacados, envie-nos a sua consulta e forneceremos excelentes solu\u00e7\u00f5es.<\/p>\t\t\t\t\t\t\t\t<\/div>\n\t\t\t\t<\/div>\n\t\t\t\t<div class=\"elementor-element elementor-element-6a5aa1ed elementor-tablet-align-center popmake-1598 elementor-align-left elementor-widget elementor-widget-button\" data-id=\"6a5aa1ed\" data-element_type=\"widget\" data-widget_type=\"button.default\">\n\t\t\t\t<div class=\"elementor-widget-container\">\n\t\t\t\t\t\t\t\t\t<div class=\"elementor-button-wrapper\">\n\t\t\t\t\t<a class=\"elementor-button elementor-size-sm\" role=\"button\">\n\t\t\t\t\t\t<span class=\"elementor-button-content-wrapper\">\n\t\t\t\t\t\t\t\t\t<span class=\"elementor-button-text\">Enviar Consulta<\/span>\n\t\t\t\t\t<\/span>\n\t\t\t\t\t<\/a>\n\t\t\t\t<\/div>\n\t\t\t\t\t\t\t\t<\/div>\n\t\t\t\t<\/div>\n\t\t\t\t\t<\/div>\n\t\t\t\t<\/div>\n\t\t<div class=\"elementor-element elementor-element-4461fd20 e-flex e-con-boxed e-con e-parent\" data-id=\"4461fd20\" data-element_type=\"container\">\n\t\t\t\t\t<div class=\"e-con-inner\">\n\t\t\t\t<div class=\"elementor-element elementor-element-161a94e1 elementor-widget elementor-widget-heading\" data-id=\"161a94e1\" data-element_type=\"widget\" data-widget_type=\"heading.default\">\n\t\t\t\t<div class=\"elementor-widget-container\">\n\t\t\t\t\t<h2 class=\"elementor-heading-title elementor-size-default\">Caracter\u00edsticas do Arm\u00e1rio com Prato Girat\u00f3rio<\/h2>\t\t\t\t<\/div>\n\t\t\t\t<\/div>\n\t\t<div class=\"elementor-element elementor-element-4cacfd4d e-con-full e-flex e-con e-child\" data-id=\"4cacfd4d\" data-element_type=\"container\">\n\t\t<div class=\"elementor-element elementor-element-3b7522b2 e-con-full e-flex e-con e-child\" data-id=\"3b7522b2\" data-element_type=\"container\">\n\t\t\t\t<div class=\"elementor-element elementor-element-6bb60632 elementor-widget__width-initial elementor-widget elementor-widget-icon-box\" data-id=\"6bb60632\" data-element_type=\"widget\" data-widget_type=\"icon-box.default\">\n\t\t\t\t<div class=\"elementor-widget-container\">\n\t\t\t\t\t\t\t<div class=\"elementor-icon-box-wrapper\">\n\n\t\t\t\n\t\t\t\t\t\t<div class=\"elementor-icon-box-content\">\n\n\t\t\t\t\t\t\t\t\t<h3 class=\"elementor-icon-box-title\">\n\t\t\t\t\t\t<span  >\n\t\t\t\t\t\t\tAlta efici\u00eancia\t\t\t\t\t\t<\/span>\n\t\t\t\t\t<\/h3>\n\t\t\t\t\n\t\t\t\t\t\t\t\t\t<p class=\"elementor-icon-box-description\">\n\t\t\t\t\t\tA bandeja rotativa permite acesso f\u00e1cil aos itens armazenados em todo o arm\u00e1rio, melhorando a efici\u00eancia no uso di\u00e1rio.\t\t\t\t\t<\/p>\n\t\t\t\t\n\t\t\t<\/div>\n\t\t\t\n\t\t<\/div>\n\t\t\t\t\t\t<\/div>\n\t\t\t\t<\/div>\n\t\t\t\t<\/div>\n\t\t<div class=\"elementor-element elementor-element-25309062 e-con-full e-flex e-con e-child\" data-id=\"25309062\" data-element_type=\"container\">\n\t\t\t\t<div class=\"elementor-element elementor-element-79fe854 elementor-widget elementor-widget-icon-box\" data-id=\"79fe854\" data-element_type=\"widget\" data-widget_type=\"icon-box.default\">\n\t\t\t\t<div class=\"elementor-widget-container\">\n\t\t\t\t\t\t\t<div class=\"elementor-icon-box-wrapper\">\n\n\t\t\t\n\t\t\t\t\t\t<div class=\"elementor-icon-box-content\">\n\n\t\t\t\t\t\t\t\t\t<h3 class=\"elementor-icon-box-title\">\n\t\t\t\t\t\t<span  >\n\t\t\t\t\t\t\tDurabilidade\t\t\t\t\t\t<\/span>\n\t\t\t\t\t<\/h3>\n\t\t\t\t\n\t\t\t\t\t\t\t\t\t<p class=\"elementor-icon-box-description\">\n\t\t\t\t\t\tPrateleiras de v\u00e1rias camadas e ajust\u00e1veis podem ser usadas para armazenar uma variedade de itens, desde especiarias at\u00e9 eletrodom\u00e9sticos.\t\t\t\t\t<\/p>\n\t\t\t\t\n\t\t\t<\/div>\n\t\t\t\n\t\t<\/div>\n\t\t\t\t\t\t<\/div>\n\t\t\t\t<\/div>\n\t\t\t\t<\/div>\n\t\t<div class=\"elementor-element elementor-element-47e0baf1 e-con-full e-flex e-con e-child\" data-id=\"47e0baf1\" data-element_type=\"container\">\n\t\t\t\t<div class=\"elementor-element elementor-element-26b55199 elementor-widget elementor-widget-icon-box\" data-id=\"26b55199\" data-element_type=\"widget\" data-widget_type=\"icon-box.default\">\n\t\t\t\t<div class=\"elementor-widget-container\">\n\t\t\t\t\t\t\t<div class=\"elementor-icon-box-wrapper\">\n\n\t\t\t\n\t\t\t\t\t\t<div class=\"elementor-icon-box-content\">\n\n\t\t\t\t\t\t\t\t\t<h3 class=\"elementor-icon-box-title\">\n\t\t\t\t\t\t<span  >\n\t\t\t\t\t\t\tMaximizar o Armazenamento \t\t\t\t\t\t<\/span>\n\t\t\t\t\t<\/h3>\n\t\t\t\t\n\t\t\t\t\t\t\t\t\t<p class=\"elementor-icon-box-description\">\n\t\t\t\t\t\tOs arm\u00e1rios com prato girat\u00f3rio apresentam materiais e mecanismos robustos para garantir um desempenho duradouro.\t\t\t\t\t<\/p>\n\t\t\t\t\n\t\t\t<\/div>\n\t\t\t\n\t\t<\/div>\n\t\t\t\t\t\t<\/div>\n\t\t\t\t<\/div>\n\t\t\t\t<\/div>\n\t\t<div class=\"elementor-element elementor-element-14a735b4 e-con-full e-flex e-con e-child\" data-id=\"14a735b4\" data-element_type=\"container\">\n\t\t\t\t<div class=\"elementor-element elementor-element-2410322f elementor-widget elementor-widget-icon-box\" data-id=\"2410322f\" data-element_type=\"widget\" data-widget_type=\"icon-box.default\">\n\t\t\t\t<div class=\"elementor-widget-container\">\n\t\t\t\t\t\t\t<div class=\"elementor-icon-box-wrapper\">\n\n\t\t\t\n\t\t\t\t\t\t<div class=\"elementor-icon-box-content\">\n\n\t\t\t\t\t\t\t\t\t<h3 class=\"elementor-icon-box-title\">\n\t\t\t\t\t\t<span  >\n\t\t\t\t\t\t\tDurabilidade\t\t\t\t\t\t<\/span>\n\t\t\t\t\t<\/h3>\n\t\t\t\t\n\t\t\t\t\t\t\t\t\t<p class=\"elementor-icon-box-description\">\n\t\t\t\t\t\tSuperf\u00edcies f\u00e1ceis de limpar, materiais de alta qualidade combinados com componentes dur\u00e1veis t\u00eam uma longa vida \u00fatil.\t\t\t\t\t<\/p>\n\t\t\t\t\n\t\t\t<\/div>\n\t\t\t\n\t\t<\/div>\n\t\t\t\t\t\t<\/div>\n\t\t\t\t<\/div>\n\t\t\t\t<\/div>\n\t\t\t\t<\/div>\n\t\t\t\t\t<\/div>\n\t\t\t\t<\/div>\n\t\t<div class=\"elementor-element elementor-element-7a440f78 e-flex e-con-boxed e-con e-parent\" data-id=\"7a440f78\" data-element_type=\"container\" data-settings=\"{&quot;background_background&quot;:&quot;classic&quot;}\">\n\t\t\t\t\t<div class=\"e-con-inner\">\n\t\t\t\t<div class=\"elementor-element elementor-element-1bb1008 elementor-widget__width-initial elementor-widget-tablet__width-inherit elementor-widget elementor-widget-image\" data-id=\"1bb1008\" data-element_type=\"widget\" data-widget_type=\"image.default\">\n\t\t\t\t<div class=\"elementor-widget-container\">\n\t\t\t\t\t\t\t\t\t\t\t\t\t\t\t<img fetchpriority=\"high\" decoding=\"async\" width=\"575\" height=\"715\" src=\"https:\/\/www.ajflyinghome.com\/wp-content\/uploads\/2024\/11\/Custom-Material.webp\" class=\"attachment-large size-large wp-image-2788\" alt=\"\" title=\"\">\t\t\t\t\t\t\t\t\t\t\t\t\t\t\t<\/div>\n\t\t\t\t<\/div>\n\t\t<div class=\"elementor-element elementor-element-3af6af66 e-con-full e-flex e-con e-child\" data-id=\"3af6af66\" data-element_type=\"container\">\n\t\t\t\t<div class=\"elementor-element elementor-element-17dd7465 elementor-widget elementor-widget-heading\" data-id=\"17dd7465\" data-element_type=\"widget\" data-widget_type=\"heading.default\">\n\t\t\t\t<div class=\"elementor-widget-container\">\n\t\t\t\t\t<h2 class=\"elementor-heading-title elementor-size-default\">Material Personalizado<\/h2>\t\t\t\t<\/div>\n\t\t\t\t<\/div>\n\t\t\t\t<div class=\"elementor-element elementor-element-7df7d8eb elementor-widget elementor-widget-text-editor\" data-id=\"7df7d8eb\" data-element_type=\"widget\" data-widget_type=\"text-editor.default\">\n\t\t\t\t<div class=\"elementor-widget-container\">\n\t\t\t\t\t\t\t\t\t<p>A AJ Flying oferece uma variedade de materiais para personalizar o seu arm\u00e1rio com prato girat\u00f3rio. Utilizamos estrutura de encaixe para criar arm\u00e1rios profissionais e funcionais. Escolheremos diferentes materiais para diferentes partes do arm\u00e1rio. Pode selecionar o material de sua prefer\u00eancia de acordo com as suas necessidades.<\/p><ul><li>Corpo do arm\u00e1rio: madeira maci\u00e7a, compensado, <a href=\"https:\/\/www.ajflyinghome.com\/pt\/mdf-kitchen-cabinet\/\">MDF<\/a>\u2026\u2026<\/li><li>Prato girat\u00f3rio: pl\u00e1stico, madeira, a\u00e7o met\u00e1lico, madeira com banda met\u00e1lica\u2026\u2026<\/li><li>Mecanismo de rota\u00e7\u00e3o: metal, pl\u00e1stico\u2026\u2026<\/li><li>Portas: madeira maci\u00e7a, MDF, pain\u00e9is de vidro\u2026\u2026<\/li><\/ul>\t\t\t\t\t\t\t\t<\/div>\n\t\t\t\t<\/div>\n\t\t\t\t<div class=\"elementor-element elementor-element-6bd7b48b elementor-tablet-align-center popmake-1598 elementor-widget elementor-widget-button\" data-id=\"6bd7b48b\" data-element_type=\"widget\" data-widget_type=\"button.default\">\n\t\t\t\t<div class=\"elementor-widget-container\">\n\t\t\t\t\t\t\t\t\t<div class=\"elementor-button-wrapper\">\n\t\t\t\t\t<a class=\"elementor-button elementor-size-sm\" role=\"button\">\n\t\t\t\t\t\t<span class=\"elementor-button-content-wrapper\">\n\t\t\t\t\t\t\t\t\t<span class=\"elementor-button-text\">Obter Or\u00e7amento<\/span>\n\t\t\t\t\t<\/span>\n\t\t\t\t\t<\/a>\n\t\t\t\t<\/div>\n\t\t\t\t\t\t\t\t<\/div>\n\t\t\t\t<\/div>\n\t\t\t\t<\/div>\n\t\t\t\t\t<\/div>\n\t\t\t\t<\/div>\n\t\t<div class=\"elementor-element elementor-element-4b992fa2 e-flex e-con-boxed e-con e-parent\" data-id=\"4b992fa2\" data-element_type=\"container\" data-settings=\"{&quot;background_background&quot;:&quot;classic&quot;}\">\n\t\t\t\t\t<div class=\"e-con-inner\">\n\t\t<div class=\"elementor-element elementor-element-1e5e226a e-con-full e-flex e-con e-child\" data-id=\"1e5e226a\" data-element_type=\"container\">\n\t\t\t\t<div class=\"elementor-element elementor-element-7ad854c4 elementor-widget elementor-widget-heading\" data-id=\"7ad854c4\" data-element_type=\"widget\" data-widget_type=\"heading.default\">\n\t\t\t\t<div class=\"elementor-widget-container\">\n\t\t\t\t\t<h2 class=\"elementor-heading-title elementor-size-default\">Tamanho personalizado<\/h2>\t\t\t\t<\/div>\n\t\t\t\t<\/div>\n\t\t\t\t<div class=\"elementor-element elementor-element-5b140a92 elementor-widget elementor-widget-text-editor\" data-id=\"5b140a92\" data-element_type=\"widget\" data-widget_type=\"text-editor.default\">\n\t\t\t\t<div class=\"elementor-widget-container\">\n\t\t\t\t\t\t\t\t\t<p>A AJ Flying ir\u00e1 personalizar o tamanho do seu arm\u00e1rio de rota\u00e7\u00e3o de acordo com o layout da sua cozinha. Dispomos de equipamentos CNC de alta precis\u00e3o, como CNC, para cortar com exatid\u00e3o o seu arm\u00e1rio de rota\u00e7\u00e3o. A nossa tecnologia de corte profissional pode alcan\u00e7ar uma precis\u00e3o ao n\u00edvel do mil\u00edmetro ou at\u00e9 do micron, adequada para necessidades personalizadas de diferentes tamanhos, como 40 cm, 45 cm, 60 cm, 70 cm, 75 cm, 80 cm, 90 cm, etc. Tamb\u00e9m podemos atender \u00e0s suas necessidades de personaliza\u00e7\u00e3o para tamanhos complexos ou especiais.<\/p>\t\t\t\t\t\t\t\t<\/div>\n\t\t\t\t<\/div>\n\t\t\t\t<div class=\"elementor-element elementor-element-428ded5b elementor-tablet-align-center popmake-1598 elementor-widget elementor-widget-button\" data-id=\"428ded5b\" data-element_type=\"widget\" data-widget_type=\"button.default\">\n\t\t\t\t<div class=\"elementor-widget-container\">\n\t\t\t\t\t\t\t\t\t<div class=\"elementor-button-wrapper\">\n\t\t\t\t\t<a class=\"elementor-button elementor-size-sm\" role=\"button\">\n\t\t\t\t\t\t<span class=\"elementor-button-content-wrapper\">\n\t\t\t\t\t\t\t\t\t<span class=\"elementor-button-text\">Solicitar Or\u00e7amento Agora<\/span>\n\t\t\t\t\t<\/span>\n\t\t\t\t\t<\/a>\n\t\t\t\t<\/div>\n\t\t\t\t\t\t\t\t<\/div>\n\t\t\t\t<\/div>\n\t\t\t\t<\/div>\n\t\t<div class=\"elementor-element elementor-element-15adad9e e-con-full e-flex e-con e-child\" data-id=\"15adad9e\" data-element_type=\"container\">\n\t\t\t\t<div class=\"elementor-element elementor-element-3c6f74cc elementor-widget elementor-widget-image\" data-id=\"3c6f74cc\" data-element_type=\"widget\" data-widget_type=\"image.default\">\n\t\t\t\t<div class=\"elementor-widget-container\">\n\t\t\t\t\t\t\t\t\t\t\t\t\t\t\t<img decoding=\"async\" width=\"515\" height=\"470\" src=\"https:\/\/www.ajflyinghome.com\/wp-content\/uploads\/2024\/11\/Custom-Size.webp\" class=\"attachment-large size-large wp-image-2789\" alt=\"Tamanho personalizado\" title=\"\">\t\t\t\t\t\t\t\t\t\t\t\t\t\t\t<\/div>\n\t\t\t\t<\/div>\n\t\t\t\t<\/div>\n\t\t\t\t\t<\/div>\n\t\t\t\t<\/div>\n\t\t<div class=\"elementor-element elementor-element-72ae88aa e-flex e-con-boxed e-con e-parent\" data-id=\"72ae88aa\" data-element_type=\"container\" data-settings=\"{&quot;background_background&quot;:&quot;classic&quot;}\">\n\t\t\t\t\t<div class=\"e-con-inner\">\n\t\t\t\t<div class=\"elementor-element elementor-element-35927955 elementor-widget__width-initial elementor-widget-tablet__width-inherit elementor-widget elementor-widget-image\" data-id=\"35927955\" data-element_type=\"widget\" data-widget_type=\"image.default\">\n\t\t\t\t<div class=\"elementor-widget-container\">\n\t\t\t\t\t\t\t\t\t\t\t\t\t\t\t<img decoding=\"async\" width=\"580\" height=\"715\" src=\"https:\/\/www.ajflyinghome.com\/wp-content\/uploads\/2024\/11\/Shape-Design.webp\" class=\"attachment-large size-large wp-image-2790\" alt=\"\" title=\"\">\t\t\t\t\t\t\t\t\t\t\t\t\t\t\t<\/div>\n\t\t\t\t<\/div>\n\t\t<div class=\"elementor-element elementor-element-4a4b036d e-con-full e-flex e-con e-child\" data-id=\"4a4b036d\" data-element_type=\"container\">\n\t\t\t\t<div class=\"elementor-element elementor-element-2e93f92e elementor-widget elementor-widget-heading\" data-id=\"2e93f92e\" data-element_type=\"widget\" data-widget_type=\"heading.default\">\n\t\t\t\t<div class=\"elementor-widget-container\">\n\t\t\t\t\t<h2 class=\"elementor-heading-title elementor-size-default\">Design de Forma<\/h2>\t\t\t\t<\/div>\n\t\t\t\t<\/div>\n\t\t\t\t<div class=\"elementor-element elementor-element-31591e4b elementor-widget elementor-widget-text-editor\" data-id=\"31591e4b\" data-element_type=\"widget\" data-widget_type=\"text-editor.default\">\n\t\t\t\t<div class=\"elementor-widget-container\">\n\t\t\t\t\t\t\t\t\t<p>A AJ Flying possui tecnologia de design profissional e pode personalizar a forma de arm\u00e1rios de roldana que se adequem \u00e0 sua cozinha de acordo com as suas necessidades. Utilizamos software de design profissional (como AutoCAD, SolidWorks) para criar modelos de produtos de qualquer forma e transferir o design de forma fluida para a fase de produ\u00e7\u00e3o. A seguir, apresentamos v\u00e1rios estilos que costumamos fabricar. Se tiver outros requisitos de design, pode contactar a nossa equipa de personaliza\u00e7\u00e3o.<\/p><ul><li>Forma do Rim<\/li><li>Pie Cut<\/li><li>Forma<\/li><li>Meia Lua<\/li><\/ul>\t\t\t\t\t\t\t\t<\/div>\n\t\t\t\t<\/div>\n\t\t\t\t<div class=\"elementor-element elementor-element-64fdee14 elementor-tablet-align-center popmake-1598 elementor-widget elementor-widget-button\" data-id=\"64fdee14\" data-element_type=\"widget\" data-widget_type=\"button.default\">\n\t\t\t\t<div class=\"elementor-widget-container\">\n\t\t\t\t\t\t\t\t\t<div class=\"elementor-button-wrapper\">\n\t\t\t\t\t<a class=\"elementor-button elementor-size-sm\" role=\"button\">\n\t\t\t\t\t\t<span class=\"elementor-button-content-wrapper\">\n\t\t\t\t\t\t\t\t\t<span class=\"elementor-button-text\">Obter Or\u00e7amento<\/span>\n\t\t\t\t\t<\/span>\n\t\t\t\t\t<\/a>\n\t\t\t\t<\/div>\n\t\t\t\t\t\t\t\t<\/div>\n\t\t\t\t<\/div>\n\t\t\t\t<\/div>\n\t\t\t\t\t<\/div>\n\t\t\t\t<\/div>\n\t\t<div class=\"elementor-element elementor-element-417430d2 e-flex e-con-boxed e-con e-parent\" data-id=\"417430d2\" data-element_type=\"container\" data-settings=\"{&quot;background_background&quot;:&quot;classic&quot;}\">\n\t\t\t\t\t<div class=\"e-con-inner\">\n\t\t<div class=\"elementor-element elementor-element-7ad753de e-flex e-con-boxed e-con e-child\" data-id=\"7ad753de\" data-element_type=\"container\" data-settings=\"{&quot;background_background&quot;:&quot;classic&quot;}\">\n\t\t\t\t\t<div class=\"e-con-inner\">\n\t\t<div class=\"elementor-element elementor-element-467c9e e-con-full e-flex e-con e-child\" data-id=\"467c9e\" data-element_type=\"container\" data-settings=\"{&quot;background_background&quot;:&quot;classic&quot;}\">\n\t\t\t\t<div class=\"elementor-element elementor-element-784eb7c2 elementor-widget elementor-widget-heading\" data-id=\"784eb7c2\" data-element_type=\"widget\" data-widget_type=\"heading.default\">\n\t\t\t\t<div class=\"elementor-widget-container\">\n\t\t\t\t\t<h2 class=\"elementor-heading-title elementor-size-default\">\nCor e Acabamento<\/h2>\t\t\t\t<\/div>\n\t\t\t\t<\/div>\n\t\t\t\t<div class=\"elementor-element elementor-element-690db197 elementor-widget elementor-widget-text-editor\" data-id=\"690db197\" data-element_type=\"widget\" data-widget_type=\"text-editor.default\">\n\t\t\t\t<div class=\"elementor-widget-container\">\n\t\t\t\t\t\t\t\t\t<p>\u00a0<\/p><p>O sistema de correspond\u00eancia de cores da AJ Flying e a equipa de correspond\u00eancia de cores podem realizar uma s\u00e9rie de personaliza\u00e7\u00f5es de cor, como cores neutras como branco, creme ou cinza pombal, cinza escuro ou grafite, preto, castanho escuro ou expresso, entre outras. Al\u00e9m disso, tamb\u00e9m dominamos tecnologias avan\u00e7adas de tratamento de superf\u00edcie, como acabamento pintado, acabamento em madeira, <a href=\"https:\/\/www.ajflyinghome.com\/pt\/laminate-kitchen-cabinets\/\">acabamento em laminado<\/a>acabamento em folheado, etc., para atender \u00e0 sua arte de processamento de cores diversificada e garantir a estabilidade e adaptabilidade da cor do arm\u00e1rio de roldanas.<\/p>\t\t\t\t\t\t\t\t<\/div>\n\t\t\t\t<\/div>\n\t\t\t\t<div class=\"elementor-element elementor-element-227c337a elementor-tablet-align-justify elementor-align-justify popmake-1598 elementor-widget elementor-widget-button\" data-id=\"227c337a\" data-element_type=\"widget\" data-widget_type=\"button.default\">\n\t\t\t\t<div class=\"elementor-widget-container\">\n\t\t\t\t\t\t\t\t\t<div class=\"elementor-button-wrapper\">\n\t\t\t\t\t<a class=\"elementor-button elementor-size-sm\" role=\"button\">\n\t\t\t\t\t\t<span class=\"elementor-button-content-wrapper\">\n\t\t\t\t\t\t\t\t\t<span class=\"elementor-button-text\">Solicitar Design<\/span>\n\t\t\t\t\t<\/span>\n\t\t\t\t\t<\/a>\n\t\t\t\t<\/div>\n\t\t\t\t\t\t\t\t<\/div>\n\t\t\t\t<\/div>\n\t\t\t\t<\/div>\n\t\t\t\t\t<\/div>\n\t\t\t\t<\/div>\n\t\t\t\t\t<\/div>\n\t\t\t\t<\/div>\n\t\t\t\t<\/div>","protected":false},"excerpt":{"rendered":"<p>Fabricante de Arm\u00e1rios com Giro de China AJ Flying \u00e9 um fabricante profissional de arm\u00e1rios com giro na China. Oferecemos servi\u00e7os personalizados para fabricar arm\u00e1rios com giro para a sua cozinha, ajudando a armazenar especiarias, produtos enlatados, alimentos embalados e at\u00e9 pequenos eletrodom\u00e9sticos, criando \u00e1reas de armazenamento profundo de alta qualidade para atender \u00e0s suas necessidades de armazenamento. Saiba mais AJ Flying-Giro\u2026<\/p>","protected":false},"author":2,"featured_media":3180,"parent":0,"menu_order":0,"comment_status":"closed","ping_status":"closed","template":"elementor_header_footer","meta":{"_acf_changed":false,"footnotes":""},"class_list":["post-2736","page","type-page","status-publish","has-post-thumbnail","hentry"],"blocksy_meta":[],"acf":[],"_links":{"self":[{"href":"https:\/\/www.ajflyinghome.com\/pt\/wp-json\/wp\/v2\/pages\/2736","targetHints":{"allow":["GET"]}}],"collection":[{"href":"https:\/\/www.ajflyinghome.com\/pt\/wp-json\/wp\/v2\/pages"}],"about":[{"href":"https:\/\/www.ajflyinghome.com\/pt\/wp-json\/wp\/v2\/types\/page"}],"author":[{"embeddable":true,"href":"https:\/\/www.ajflyinghome.com\/pt\/wp-json\/wp\/v2\/users\/2"}],"replies":[{"embeddable":true,"href":"https:\/\/www.ajflyinghome.com\/pt\/wp-json\/wp\/v2\/comments?post=2736"}],"version-history":[{"count":0,"href":"https:\/\/www.ajflyinghome.com\/pt\/wp-json\/wp\/v2\/pages\/2736\/revisions"}],"wp:featuredmedia":[{"embeddable":true,"href":"https:\/\/www.ajflyinghome.com\/pt\/wp-json\/wp\/v2\/media\/3180"}],"wp:attachment":[{"href":"https:\/\/www.ajflyinghome.com\/pt\/wp-json\/wp\/v2\/media?parent=2736"}],"curies":[{"name":"wp","href":"https:\/\/api.w.org\/{rel}","templated":true}]}}