{"id":2797,"date":"2024-12-02T17:14:08","date_gmt":"2024-12-02T09:14:08","guid":{"rendered":"https:\/\/www.ajflyinghome.com\/?page_id=2797"},"modified":"2025-06-09T10:34:13","modified_gmt":"2025-06-09T02:34:13","slug":"shallow-kitchen-cabinets","status":"publish","type":"page","link":"https:\/\/www.ajflyinghome.com\/pt\/shallow-kitchen-cabinets\/","title":{"rendered":"Fornecedor de Arm\u00e1rios de Cozinha Rasos da China"},"content":{"rendered":"<div data-elementor-type=\"wp-page\" data-elementor-id=\"2797\" class=\"elementor elementor-2797\">\n\t\t\t\t<div class=\"elementor-element elementor-element-59665e5a e-flex e-con-boxed e-con e-parent\" data-id=\"59665e5a\" data-element_type=\"container\" data-settings=\"{&quot;background_background&quot;:&quot;classic&quot;}\">\n\t\t\t\t\t<div class=\"e-con-inner\">\n\t\t<div class=\"elementor-element elementor-element-66f4c432 e-con-full e-flex e-con e-child\" data-id=\"66f4c432\" data-element_type=\"container\" data-settings=\"{&quot;background_background&quot;:&quot;classic&quot;}\">\n\t\t\t\t<div class=\"elementor-element elementor-element-25d4f44d elementor-widget elementor-widget-heading\" data-id=\"25d4f44d\" data-element_type=\"widget\" data-widget_type=\"heading.default\">\n\t\t\t\t<div class=\"elementor-widget-container\">\n\t\t\t\t\t<h2 class=\"elementor-heading-title elementor-size-default\">Fabricante de Arm\u00e1rios de Cozinha Rasos da China<\/h2>\t\t\t\t<\/div>\n\t\t\t\t<\/div>\n\t\t\t\t<div class=\"elementor-element elementor-element-5ebf7476 elementor-widget elementor-widget-text-editor\" data-id=\"5ebf7476\" data-element_type=\"widget\" data-widget_type=\"text-editor.default\">\n\t\t\t\t<div class=\"elementor-widget-container\">\n\t\t\t\t\t\t\t\t\t<p>A AJ Flying produz arm\u00e1rios de profundidade reduzida para espa\u00e7os de cozinha limitados, podendo ser personalizados em diferentes materiais, tamanhos, cores e estilos. Al\u00e9m disso, os nossos arm\u00e1rios cumprem as normas ANSI A161.1 e IOS 7170, garantindo resist\u00eancia e durabilidade.<\/p>\t\t\t\t\t\t\t\t<\/div>\n\t\t\t\t<\/div>\n\t\t\t\t<div class=\"elementor-element elementor-element-4e8cf225 elementor-tablet-align-center popmake-1598 elementor-widget elementor-widget-button\" data-id=\"4e8cf225\" data-element_type=\"widget\" data-widget_type=\"button.default\">\n\t\t\t\t<div class=\"elementor-widget-container\">\n\t\t\t\t\t\t\t\t\t<div class=\"elementor-button-wrapper\">\n\t\t\t\t\t<a class=\"elementor-button elementor-size-sm\" role=\"button\">\n\t\t\t\t\t\t<span class=\"elementor-button-content-wrapper\">\n\t\t\t\t\t\t\t\t\t<span class=\"elementor-button-text\">Solicitar Or\u00e7amento Agora<\/span>\n\t\t\t\t\t<\/span>\n\t\t\t\t\t<\/a>\n\t\t\t\t<\/div>\n\t\t\t\t\t\t\t\t<\/div>\n\t\t\t\t<\/div>\n\t\t\t\t<\/div>\n\t\t\t\t\t<\/div>\n\t\t\t\t<\/div>\n\t\t<div class=\"elementor-element elementor-element-18e027d7 e-flex e-con-boxed e-con e-parent\" data-id=\"18e027d7\" data-element_type=\"container\">\n\t\t\t\t\t<div class=\"e-con-inner\">\n\t\t\t\t<div class=\"elementor-element elementor-element-5827cef9 elementor-widget elementor-widget-heading\" data-id=\"5827cef9\" data-element_type=\"widget\" data-widget_type=\"heading.default\">\n\t\t\t\t<div class=\"elementor-widget-container\">\n\t\t\t\t\t<h2 class=\"elementor-heading-title elementor-size-default\">Arm\u00e1rios de Cozinha de Profundidade Reduzida AJ Flying<\/h2>\t\t\t\t<\/div>\n\t\t\t\t<\/div>\n\t\t\t\t<div class=\"elementor-element elementor-element-15c2d44f elementor-widget elementor-widget-text-editor\" data-id=\"15c2d44f\" data-element_type=\"widget\" data-widget_type=\"text-editor.default\">\n\t\t\t\t<div class=\"elementor-widget-container\">\n\t\t\t\t\t\t\t\t\t<p>Shallow kitchen cabinets are used to narrow the kitchen or hallways to create a flat and seamless surface, whereas regular cabinets would protrude too much.\u00a0<\/p><p>Os nossos arm\u00e1rios de cozinha slimline baseiam-se num design ergon\u00f3mico, permitindo-lhe alcan\u00e7ar facilmente os objetos, uma vez que n\u00e3o est\u00e3o enterrados em prateleiras profundas. Al\u00e9m disso, o arm\u00e1rio est\u00e1 equipado com gavetas e puxadores para maximizar a funcionalidade.<\/p><p>AJ Flying offers a full range of bespoke options, you can choose different materials to create cabinets, such as <a href=\"https:\/\/www.ajflyinghome.com\/pt\/mdf-kitchen-cabinet\/\">MDF<\/a>, contraplacado, e <a href=\"https:\/\/www.ajflyinghome.com\/pt\/melamine-kitchen-cabinet\/\">melamina<\/a>Todos eles passam com fiabilidade nos testes de emiss\u00e3o de formalde\u00eddo, e s\u00e3o dur\u00e1veis sem deforma\u00e7\u00e3o ou falha para uso prolongado.<\/p><p>Quer personalize a sua funcionalidade ou est\u00e9tica, a AJ Flying pode atender \u00e0s suas necessidades.<\/p>\t\t\t\t\t\t\t\t<\/div>\n\t\t\t\t<\/div>\n\t\t\t\t<div class=\"elementor-element elementor-element-15c913f7 elementor-tablet-align-center popmake-1598 elementor-align-left elementor-widget elementor-widget-button\" data-id=\"15c913f7\" data-element_type=\"widget\" data-widget_type=\"button.default\">\n\t\t\t\t<div class=\"elementor-widget-container\">\n\t\t\t\t\t\t\t\t\t<div class=\"elementor-button-wrapper\">\n\t\t\t\t\t<a class=\"elementor-button elementor-size-sm\" role=\"button\">\n\t\t\t\t\t\t<span class=\"elementor-button-content-wrapper\">\n\t\t\t\t\t\t\t\t\t<span class=\"elementor-button-text\">Enviar Consulta<\/span>\n\t\t\t\t\t<\/span>\n\t\t\t\t\t<\/a>\n\t\t\t\t<\/div>\n\t\t\t\t\t\t\t\t<\/div>\n\t\t\t\t<\/div>\n\t\t\t\t\t<\/div>\n\t\t\t\t<\/div>\n\t\t<div class=\"elementor-element elementor-element-1c2a5953 e-flex e-con-boxed e-con e-parent\" data-id=\"1c2a5953\" data-element_type=\"container\" data-settings=\"{&quot;background_background&quot;:&quot;classic&quot;}\">\n\t\t\t\t\t<div class=\"e-con-inner\">\n\t\t\t\t<div class=\"elementor-element elementor-element-7f6ac6c4 elementor-widget__width-initial elementor-widget-tablet__width-inherit elementor-widget elementor-widget-image\" data-id=\"7f6ac6c4\" data-element_type=\"widget\" data-widget_type=\"image.default\">\n\t\t\t\t<div class=\"elementor-widget-container\">\n\t\t\t\t\t\t\t\t\t\t\t\t\t\t\t<img fetchpriority=\"high\" decoding=\"async\" width=\"575\" height=\"715\" src=\"https:\/\/www.ajflyinghome.com\/wp-content\/uploads\/2024\/12\/Durable-and-Reliable-Materials.webp\" class=\"attachment-large size-large wp-image-2826\" alt=\"Materiais Dur\u00e1veis e Fi\u00e1veis\" title=\"\">\t\t\t\t\t\t\t\t\t\t\t\t\t\t\t<\/div>\n\t\t\t\t<\/div>\n\t\t<div class=\"elementor-element elementor-element-3267b71 e-con-full e-flex e-con e-child\" data-id=\"3267b71\" data-element_type=\"container\">\n\t\t\t\t<div class=\"elementor-element elementor-element-6c0d24c elementor-widget elementor-widget-heading\" data-id=\"6c0d24c\" data-element_type=\"widget\" data-widget_type=\"heading.default\">\n\t\t\t\t<div class=\"elementor-widget-container\">\n\t\t\t\t\t<h2 class=\"elementor-heading-title elementor-size-default\">Materiais Dur\u00e1veis e Fi\u00e1veis<\/h2>\t\t\t\t<\/div>\n\t\t\t\t<\/div>\n\t\t\t\t<div class=\"elementor-element elementor-element-133e23aa elementor-widget elementor-widget-text-editor\" data-id=\"133e23aa\" data-element_type=\"widget\" data-widget_type=\"text-editor.default\">\n\t\t\t\t<div class=\"elementor-widget-container\">\n\t\t\t\t\t\t\t\t\t<p>Os arm\u00e1rios de cozinha rasos s\u00e3o feitos de pain\u00e9is de madeira engenheirada de pre\u00e7o competitivo, como aglomerado, fibra de m\u00e9dia densidade e contraplacado. Oferecemos uma op\u00e7\u00e3o econ\u00f3mica padr\u00e3o de 16 mm, e pode optar por um painel mais espesso de 18 mm para melhorar a capacidade de carga do arm\u00e1rio em \u00e1reas de uso frequente e cargas pesadas.<\/p><p>A borda da placa foi tratada com selantes aqu\u00e1ticos de 1 mm, o que pode melhorar a resist\u00eancia do seu arm\u00e1rio de cozinha raso \u00e0 humidade e infiltra\u00e7\u00f5es de \u00e1gua. Isto n\u00e3o s\u00f3 evita incha\u00e7o, empenamento ou deteriora\u00e7\u00e3o, mas tamb\u00e9m reduz o risco de farpas ou irregularidades e confere aos seus arm\u00e1rios uma apar\u00eancia uniforme.<\/p>\t\t\t\t\t\t\t\t<\/div>\n\t\t\t\t<\/div>\n\t\t\t\t<div class=\"elementor-element elementor-element-32510606 elementor-tablet-align-center popmake-1598 elementor-widget elementor-widget-button\" data-id=\"32510606\" data-element_type=\"widget\" data-widget_type=\"button.default\">\n\t\t\t\t<div class=\"elementor-widget-container\">\n\t\t\t\t\t\t\t\t\t<div class=\"elementor-button-wrapper\">\n\t\t\t\t\t<a class=\"elementor-button elementor-size-sm\" role=\"button\">\n\t\t\t\t\t\t<span class=\"elementor-button-content-wrapper\">\n\t\t\t\t\t\t\t\t\t<span class=\"elementor-button-text\">Obter Or\u00e7amento<\/span>\n\t\t\t\t\t<\/span>\n\t\t\t\t\t<\/a>\n\t\t\t\t<\/div>\n\t\t\t\t\t\t\t\t<\/div>\n\t\t\t\t<\/div>\n\t\t\t\t<\/div>\n\t\t\t\t\t<\/div>\n\t\t\t\t<\/div>\n\t\t<div class=\"elementor-element elementor-element-581e3c8b e-flex e-con-boxed e-con e-parent\" data-id=\"581e3c8b\" data-element_type=\"container\" data-settings=\"{&quot;background_background&quot;:&quot;classic&quot;}\">\n\t\t\t\t\t<div class=\"e-con-inner\">\n\t\t<div class=\"elementor-element elementor-element-2efa1d7f e-con-full e-flex e-con e-child\" data-id=\"2efa1d7f\" data-element_type=\"container\">\n\t\t\t\t<div class=\"elementor-element elementor-element-5be4f554 elementor-widget elementor-widget-heading\" data-id=\"5be4f554\" data-element_type=\"widget\" data-widget_type=\"heading.default\">\n\t\t\t\t<div class=\"elementor-widget-container\">\n\t\t\t\t\t<h2 class=\"elementor-heading-title elementor-size-default\">Op\u00e7\u00e3o de Superf\u00edcie e Cor<\/h2>\t\t\t\t<\/div>\n\t\t\t\t<\/div>\n\t\t\t\t<div class=\"elementor-element elementor-element-71daf78c elementor-widget elementor-widget-text-editor\" data-id=\"71daf78c\" data-element_type=\"widget\" data-widget_type=\"text-editor.default\">\n\t\t\t\t<div class=\"elementor-widget-container\">\n\t\t\t\t\t\t\t\t\t<p>Os nossos arm\u00e1rios de cozinha rasos podem ser tratados com melamina para formar um acabamento duradouro, atraente e funcional. Pode tornar a superf\u00edcie do seu arm\u00e1rio lisa, resistente e resistente a riscos, manchas e humidade, o que melhora a vida \u00fatil do arm\u00e1rio. Os seus arm\u00e1rios podem ser personalizados em <a href=\"https:\/\/www.ajflyinghome.com\/pt\/kitchen-cabinet-color-trends\/\">uma vasta gama de cores<\/a>, padr\u00f5es e texturas, incluindo veios de madeira realistas, texturas de pedra e cores s\u00f3lidas.<\/p><p>A AJ Flying pode usar acr\u00edlico para formar uma superf\u00edcie refletora semelhante a um espelho, aumentando o brilho e adicionando uma apar\u00eancia luxuosa aos seus arm\u00e1rios; eles podem resistir ao desvanecimento ou descolora\u00e7\u00e3o quando expostos \u00e0 luz solar.<\/p>\t\t\t\t\t\t\t\t<\/div>\n\t\t\t\t<\/div>\n\t\t\t\t<div class=\"elementor-element elementor-element-1891959a elementor-tablet-align-center popmake-1598 elementor-widget elementor-widget-button\" data-id=\"1891959a\" data-element_type=\"widget\" data-widget_type=\"button.default\">\n\t\t\t\t<div class=\"elementor-widget-container\">\n\t\t\t\t\t\t\t\t\t<div class=\"elementor-button-wrapper\">\n\t\t\t\t\t<a class=\"elementor-button elementor-size-sm\" role=\"button\">\n\t\t\t\t\t\t<span class=\"elementor-button-content-wrapper\">\n\t\t\t\t\t\t\t\t\t<span class=\"elementor-button-text\">Solicitar Or\u00e7amento Agora<\/span>\n\t\t\t\t\t<\/span>\n\t\t\t\t\t<\/a>\n\t\t\t\t<\/div>\n\t\t\t\t\t\t\t\t<\/div>\n\t\t\t\t<\/div>\n\t\t\t\t<\/div>\n\t\t<div class=\"elementor-element elementor-element-592431c5 e-con-full e-flex e-con e-child\" data-id=\"592431c5\" data-element_type=\"container\">\n\t\t\t\t<div class=\"elementor-element elementor-element-52632c9 elementor-widget elementor-widget-image\" data-id=\"52632c9\" data-element_type=\"widget\" data-widget_type=\"image.default\">\n\t\t\t\t<div class=\"elementor-widget-container\">\n\t\t\t\t\t\t\t\t\t\t\t\t\t\t\t<img decoding=\"async\" width=\"515\" height=\"620\" src=\"https:\/\/www.ajflyinghome.com\/wp-content\/uploads\/2024\/12\/Surface-and-Color-Option.webp\" class=\"attachment-large size-large wp-image-2827\" alt=\"Op\u00e7\u00e3o de Superf\u00edcie e Cor\" title=\"\">\t\t\t\t\t\t\t\t\t\t\t\t\t\t\t<\/div>\n\t\t\t\t<\/div>\n\t\t\t\t<\/div>\n\t\t\t\t\t<\/div>\n\t\t\t\t<\/div>\n\t\t<div class=\"elementor-element elementor-element-5db745a9 e-flex e-con-boxed e-con e-parent\" data-id=\"5db745a9\" data-element_type=\"container\" data-settings=\"{&quot;background_background&quot;:&quot;classic&quot;}\">\n\t\t\t\t\t<div class=\"e-con-inner\">\n\t\t<div class=\"elementor-element elementor-element-2870bb2a e-flex e-con-boxed e-con e-child\" data-id=\"2870bb2a\" data-element_type=\"container\" data-settings=\"{&quot;background_background&quot;:&quot;classic&quot;}\">\n\t\t\t\t\t<div class=\"e-con-inner\">\n\t\t<div class=\"elementor-element elementor-element-3a431307 e-con-full e-flex e-con e-child\" data-id=\"3a431307\" data-element_type=\"container\" data-settings=\"{&quot;background_background&quot;:&quot;classic&quot;}\">\n\t\t\t\t<div class=\"elementor-element elementor-element-f6177f5 elementor-widget elementor-widget-heading\" data-id=\"f6177f5\" data-element_type=\"widget\" data-widget_type=\"heading.default\">\n\t\t\t\t<div class=\"elementor-widget-container\">\n\t\t\t\t\t<h2 class=\"elementor-heading-title elementor-size-default\">Aplica\u00e7\u00e3o de Arm\u00e1rio Raso<\/h2>\t\t\t\t<\/div>\n\t\t\t\t<\/div>\n\t\t\t\t<div class=\"elementor-element elementor-element-77e171db elementor-widget elementor-widget-text-editor\" data-id=\"77e171db\" data-element_type=\"widget\" data-widget_type=\"text-editor.default\">\n\t\t\t\t<div class=\"elementor-widget-container\">\n\t\t\t\t\t\t\t\t\t<p>Arm\u00e1rios rasos s\u00e3o uma solu\u00e7\u00e3o de armazenamento vers\u00e1til para v\u00e1rias aplica\u00e7\u00f5es. Com uma profundidade reduzida, s\u00e3o a ideia perfeita para oferecer uma bancada estrutural robusta para colocar electrodom\u00e9sticos e proporcionar espa\u00e7o suficiente para armazenar especiarias e ingredientes de confeitaria, enquanto ainda h\u00e1 espa\u00e7o para cozinhar e passar. Al\u00e9m disso, os arm\u00e1rios rasos podem ser utilizados como de parede, ou colocados na parte de tr\u00e1s de <a href=\"https:\/\/www.ajflyinghome.com\/pt\/bespoke-kitchen-island\/\">ilhas de cozinha<\/a> para adicionar armazenamento extra para itens n\u00e3o essenciais.<\/p>\t\t\t\t\t\t\t\t<\/div>\n\t\t\t\t<\/div>\n\t\t\t\t<div class=\"elementor-element elementor-element-5453276a elementor-tablet-align-justify elementor-align-justify popmake-1598 elementor-widget elementor-widget-button\" data-id=\"5453276a\" data-element_type=\"widget\" data-widget_type=\"button.default\">\n\t\t\t\t<div class=\"elementor-widget-container\">\n\t\t\t\t\t\t\t\t\t<div class=\"elementor-button-wrapper\">\n\t\t\t\t\t<a class=\"elementor-button elementor-size-sm\" role=\"button\">\n\t\t\t\t\t\t<span class=\"elementor-button-content-wrapper\">\n\t\t\t\t\t\t\t\t\t<span class=\"elementor-button-text\">Partilhe as suas Ideias<\/span>\n\t\t\t\t\t<\/span>\n\t\t\t\t\t<\/a>\n\t\t\t\t<\/div>\n\t\t\t\t\t\t\t\t<\/div>\n\t\t\t\t<\/div>\n\t\t\t\t<\/div>\n\t\t\t\t\t<\/div>\n\t\t\t\t<\/div>\n\t\t\t\t\t<\/div>\n\t\t\t\t<\/div>\n\t\t<div class=\"elementor-element elementor-element-53fc681 e-flex e-con-boxed e-con e-parent\" data-id=\"53fc681\" data-element_type=\"container\">\n\t\t\t\t\t<div class=\"e-con-inner\">\n\t\t<div class=\"elementor-element elementor-element-48d05d3 e-con-full e-flex e-con e-child\" data-id=\"48d05d3\" data-element_type=\"container\">\n\t\t\t\t<div class=\"elementor-element elementor-element-ad1f71a elementor-widget elementor-widget-heading\" data-id=\"ad1f71a\" data-element_type=\"widget\" data-widget_type=\"heading.default\">\n\t\t\t\t<div class=\"elementor-widget-container\">\n\t\t\t\t\t<h2 class=\"elementor-heading-title elementor-size-default\">Espa\u00e7o de Armazenamento Personalizado<\/h2>\t\t\t\t<\/div>\n\t\t\t\t<\/div>\n\t\t\t\t<div class=\"elementor-element elementor-element-003f076 elementor-widget elementor-widget-text-editor\" data-id=\"003f076\" data-element_type=\"widget\" data-widget_type=\"text-editor.default\">\n\t\t\t\t<div class=\"elementor-widget-container\">\n\t\t\t\t\t\t\t\t\t<p>Um layout razo\u00e1vel de portas e gavetas tornar\u00e1 o espa\u00e7o de armazenamento dos arm\u00e1rios mais conveniente e utiliz\u00e1vel. Pode escolher 1 porta de um arm\u00e1rio raso sem divisor central para armazenar aplica\u00e7\u00f5es de cozinha maiores. Oferecemos 2 op\u00e7\u00f5es de portas para arm\u00e1rios com mais de 60 cm de largura, um design sim\u00e9trico para complementar cozinhas tradicionais ou cl\u00e1ssicas.<\/p><p>As prateleiras ajust\u00e1veis est\u00e3o dispon\u00edveis pela AJ Flying, para uso eficiente do espa\u00e7o interior, eliminando espa\u00e7os n\u00e3o utilizados, garantindo que cada cent\u00edmetro do arm\u00e1rio seja aproveitado.<\/p>\t\t\t\t\t\t\t\t<\/div>\n\t\t\t\t<\/div>\n\t\t\t\t<div class=\"elementor-element elementor-element-d0fa418 elementor-tablet-align-center popmake-1598 elementor-widget elementor-widget-button\" data-id=\"d0fa418\" data-element_type=\"widget\" data-widget_type=\"button.default\">\n\t\t\t\t<div class=\"elementor-widget-container\">\n\t\t\t\t\t\t\t\t\t<div class=\"elementor-button-wrapper\">\n\t\t\t\t\t<a class=\"elementor-button elementor-size-sm\" role=\"button\">\n\t\t\t\t\t\t<span class=\"elementor-button-content-wrapper\">\n\t\t\t\t\t\t\t\t\t<span class=\"elementor-button-text\">Solicitar Or\u00e7amento Agora<\/span>\n\t\t\t\t\t<\/span>\n\t\t\t\t\t<\/a>\n\t\t\t\t<\/div>\n\t\t\t\t\t\t\t\t<\/div>\n\t\t\t\t<\/div>\n\t\t\t\t<\/div>\n\t\t<div class=\"elementor-element elementor-element-af70796 e-con-full e-flex e-con e-child\" data-id=\"af70796\" data-element_type=\"container\">\n\t\t\t\t<div class=\"elementor-element elementor-element-e53cc33 elementor-widget elementor-widget-image\" data-id=\"e53cc33\" data-element_type=\"widget\" data-widget_type=\"image.default\">\n\t\t\t\t<div class=\"elementor-widget-container\">\n\t\t\t\t\t\t\t\t\t\t\t\t\t\t\t<img decoding=\"async\" width=\"550\" height=\"470\" src=\"https:\/\/www.ajflyinghome.com\/wp-content\/uploads\/2024\/12\/Bespoke-Storage-Space.webp\" class=\"attachment-large size-large wp-image-2829\" alt=\"Espa\u00e7o de Armazenamento Personalizado\" title=\"\">\t\t\t\t\t\t\t\t\t\t\t\t\t\t\t<\/div>\n\t\t\t\t<\/div>\n\t\t\t\t<\/div>\n\t\t\t\t\t<\/div>\n\t\t\t\t<\/div>\n\t\t<div class=\"elementor-element elementor-element-ff13755 e-flex e-con-boxed e-con e-parent\" data-id=\"ff13755\" data-element_type=\"container\">\n\t\t\t\t\t<div class=\"e-con-inner\">\n\t\t<div class=\"elementor-element elementor-element-259b797 e-con-full e-flex e-con e-child\" data-id=\"259b797\" data-element_type=\"container\">\n\t\t\t\t<div class=\"elementor-element elementor-element-72217d4 elementor-widget elementor-widget-image\" data-id=\"72217d4\" data-element_type=\"widget\" data-widget_type=\"image.default\">\n\t\t\t\t<div class=\"elementor-widget-container\">\n\t\t\t\t\t\t\t\t\t\t\t\t\t\t\t<img loading=\"lazy\" decoding=\"async\" width=\"550\" height=\"470\" src=\"https:\/\/www.ajflyinghome.com\/wp-content\/uploads\/2024\/12\/Size-and-Pack-Format.webp\" class=\"attachment-large size-large wp-image-2830\" alt=\"\" title=\"\">\t\t\t\t\t\t\t\t\t\t\t\t\t\t\t<\/div>\n\t\t\t\t<\/div>\n\t\t\t\t<\/div>\n\t\t<div class=\"elementor-element elementor-element-b057d8d e-con-full e-flex e-con e-child\" data-id=\"b057d8d\" data-element_type=\"container\">\n\t\t\t\t<div class=\"elementor-element elementor-element-6496ff8 elementor-widget elementor-widget-heading\" data-id=\"6496ff8\" data-element_type=\"widget\" data-widget_type=\"heading.default\">\n\t\t\t\t<div class=\"elementor-widget-container\">\n\t\t\t\t\t<h2 class=\"elementor-heading-title elementor-size-default\">Tamanho e Formato de Embalagem<\/h2>\t\t\t\t<\/div>\n\t\t\t\t<\/div>\n\t\t\t\t<div class=\"elementor-element elementor-element-b4fd69b elementor-widget elementor-widget-text-editor\" data-id=\"b4fd69b\" data-element_type=\"widget\" data-widget_type=\"text-editor.default\">\n\t\t\t\t<div class=\"elementor-widget-container\">\n\t\t\t\t\t\t\t\t\t<p>A nossa linha de produ\u00e7\u00e3o est\u00e1 equipada com m\u00e1quinas CNC avan\u00e7adas para oferecer um servi\u00e7o de corte ao tamanho, os pain\u00e9is s\u00e3o cortados com dimens\u00f5es exatas de acordo com as suas necessidades de arm\u00e1rio, eliminando a necessidade de ajustes adicionais, o que melhora a rela\u00e7\u00e3o custo-benef\u00edcio ao reduzir o desperd\u00edcio.<\/p><p>Desta forma, pode escolher um arm\u00e1rio raso em embalagem plana que foi cortado e pr\u00e9-perfurado, o que ajuda a economizar bastante nos custos de transporte, pois ocupa um volume reduzido. Se n\u00e3o desejar montar sozinho, podemos montar na nossa f\u00e1brica diretamente, poupando-lhe muito tempo.<\/p>\t\t\t\t\t\t\t\t<\/div>\n\t\t\t\t<\/div>\n\t\t\t\t<div class=\"elementor-element elementor-element-bf13a25 elementor-tablet-align-center popmake-1598 elementor-widget elementor-widget-button\" data-id=\"bf13a25\" data-element_type=\"widget\" data-widget_type=\"button.default\">\n\t\t\t\t<div class=\"elementor-widget-container\">\n\t\t\t\t\t\t\t\t\t<div class=\"elementor-button-wrapper\">\n\t\t\t\t\t<a class=\"elementor-button elementor-size-sm\" role=\"button\">\n\t\t\t\t\t\t<span class=\"elementor-button-content-wrapper\">\n\t\t\t\t\t\t\t\t\t<span class=\"elementor-button-text\">Solicitar Or\u00e7amento Agora<\/span>\n\t\t\t\t\t<\/span>\n\t\t\t\t\t<\/a>\n\t\t\t\t<\/div>\n\t\t\t\t\t\t\t\t<\/div>\n\t\t\t\t<\/div>\n\t\t\t\t<\/div>\n\t\t\t\t\t<\/div>\n\t\t\t\t<\/div>\n\t\t\t\t<\/div>","protected":false},"excerpt":{"rendered":"<p>Fabricante de Arm\u00e1rios de Cozinha Rasos da China AJ Flying produz arm\u00e1rios de profundidade reduzida para espa\u00e7os limitados na cozinha, podendo ser personalizados em diferentes materiais, tamanhos, cores e estilos. Al\u00e9m disso, os nossos arm\u00e1rios cumprem os padr\u00f5es ANSI A161.1 e IOS 7170, garantindo resist\u00eancia e durabilidade. Solicite agora AJ Flying - Arm\u00e1rios de Cozinha de Profundidade Reduzida Os arm\u00e1rios de cozinha rasos s\u00e3o utilizados para estreitar [\u2026]<\/p>","protected":false},"author":1,"featured_media":3184,"parent":0,"menu_order":0,"comment_status":"closed","ping_status":"closed","template":"elementor_header_footer","meta":{"_acf_changed":false,"footnotes":""},"class_list":["post-2797","page","type-page","status-publish","has-post-thumbnail","hentry"],"blocksy_meta":[],"acf":[],"_links":{"self":[{"href":"https:\/\/www.ajflyinghome.com\/pt\/wp-json\/wp\/v2\/pages\/2797","targetHints":{"allow":["GET"]}}],"collection":[{"href":"https:\/\/www.ajflyinghome.com\/pt\/wp-json\/wp\/v2\/pages"}],"about":[{"href":"https:\/\/www.ajflyinghome.com\/pt\/wp-json\/wp\/v2\/types\/page"}],"author":[{"embeddable":true,"href":"https:\/\/www.ajflyinghome.com\/pt\/wp-json\/wp\/v2\/users\/1"}],"replies":[{"embeddable":true,"href":"https:\/\/www.ajflyinghome.com\/pt\/wp-json\/wp\/v2\/comments?post=2797"}],"version-history":[{"count":0,"href":"https:\/\/www.ajflyinghome.com\/pt\/wp-json\/wp\/v2\/pages\/2797\/revisions"}],"wp:featuredmedia":[{"embeddable":true,"href":"https:\/\/www.ajflyinghome.com\/pt\/wp-json\/wp\/v2\/media\/3184"}],"wp:attachment":[{"href":"https:\/\/www.ajflyinghome.com\/pt\/wp-json\/wp\/v2\/media?parent=2797"}],"curies":[{"name":"wp","href":"https:\/\/api.w.org\/{rel}","templated":true}]}}