{"id":2838,"date":"2024-12-05T14:17:51","date_gmt":"2024-12-05T06:17:51","guid":{"rendered":"https:\/\/www.ajflyinghome.com\/?page_id=2838"},"modified":"2025-06-09T10:33:22","modified_gmt":"2025-06-09T02:33:22","slug":"kitchen-sink-cabinet","status":"publish","type":"page","link":"https:\/\/www.ajflyinghome.com\/pt\/kitchen-sink-cabinet\/","title":{"rendered":"Fornecedor de Arm\u00e1rios de Lava-Lou\u00e7as para Cozinha"},"content":{"rendered":"<div data-elementor-type=\"wp-page\" data-elementor-id=\"2838\" class=\"elementor elementor-2838\">\n\t\t\t\t<div class=\"elementor-element elementor-element-13101207 e-flex e-con-boxed e-con e-parent\" data-id=\"13101207\" data-element_type=\"container\" data-settings=\"{&quot;background_background&quot;:&quot;classic&quot;}\">\n\t\t\t\t\t<div class=\"e-con-inner\">\n\t\t<div class=\"elementor-element elementor-element-7b126ded e-con-full e-flex e-con e-child\" data-id=\"7b126ded\" data-element_type=\"container\" data-settings=\"{&quot;background_background&quot;:&quot;classic&quot;}\">\n\t\t\t\t<div class=\"elementor-element elementor-element-2248dfc7 elementor-widget elementor-widget-heading\" data-id=\"2248dfc7\" data-element_type=\"widget\" data-widget_type=\"heading.default\">\n\t\t\t\t<div class=\"elementor-widget-container\">\n\t\t\t\t\t<h2 class=\"elementor-heading-title elementor-size-default\">Arm\u00e1rio de Pia de Cozinha<\/h2>\t\t\t\t<\/div>\n\t\t\t\t<\/div>\n\t\t\t\t<div class=\"elementor-element elementor-element-4edfdc67 elementor-widget elementor-widget-text-editor\" data-id=\"4edfdc67\" data-element_type=\"widget\" data-widget_type=\"text-editor.default\">\n\t\t\t\t<div class=\"elementor-widget-container\">\n\t\t\t\t\t\t\t\t\t<p>A AJ Flying \u00e9 uma fabricante de arm\u00e1rios de pia de cozinha personalizados, variando em materiais, tamanhos, estilos, cores e caracter\u00edsticas de armazenamento. Isto oferece-lhe uma escolha quase ilimitada de apar\u00eancia e op\u00e7\u00f5es de armazenamento para a sua pia de cozinha.<\/p><p>Normas E1 e E0, as emiss\u00f5es de formalde\u00eddo mais baixas permitidas.<\/p><p>Suporte <a href=\"https:\/\/www.ajflyinghome.com\/pt\/ready-to-assemble-kitchen-cabinets\/\">pronto a montar<\/a> e arm\u00e1rios de pia de cozinha totalmente montados.<\/p>\t\t\t\t\t\t\t\t<\/div>\n\t\t\t\t<\/div>\n\t\t\t\t<div class=\"elementor-element elementor-element-3d3ed0f elementor-tablet-align-center popmake-1598 elementor-widget elementor-widget-button\" data-id=\"3d3ed0f\" data-element_type=\"widget\" data-widget_type=\"button.default\">\n\t\t\t\t<div class=\"elementor-widget-container\">\n\t\t\t\t\t\t\t\t\t<div class=\"elementor-button-wrapper\">\n\t\t\t\t\t<a class=\"elementor-button elementor-size-sm\" role=\"button\">\n\t\t\t\t\t\t<span class=\"elementor-button-content-wrapper\">\n\t\t\t\t\t\t\t\t\t<span class=\"elementor-button-text\">Saiba mais<\/span>\n\t\t\t\t\t<\/span>\n\t\t\t\t\t<\/a>\n\t\t\t\t<\/div>\n\t\t\t\t\t\t\t\t<\/div>\n\t\t\t\t<\/div>\n\t\t\t\t<\/div>\n\t\t\t\t\t<\/div>\n\t\t\t\t<\/div>\n\t\t<div class=\"elementor-element elementor-element-361a14be e-flex e-con-boxed e-con e-parent\" data-id=\"361a14be\" data-element_type=\"container\">\n\t\t\t\t\t<div class=\"e-con-inner\">\n\t\t\t\t<div class=\"elementor-element elementor-element-67e81a77 elementor-widget elementor-widget-heading\" data-id=\"67e81a77\" data-element_type=\"widget\" data-widget_type=\"heading.default\">\n\t\t\t\t<div class=\"elementor-widget-container\">\n\t\t\t\t\t<h2 class=\"elementor-heading-title elementor-size-default\">Fabricante de Arm\u00e1rios de Pia de Cozinha<\/h2>\t\t\t\t<\/div>\n\t\t\t\t<\/div>\n\t\t\t\t<div class=\"elementor-element elementor-element-47a5cd1a elementor-widget elementor-widget-text-editor\" data-id=\"47a5cd1a\" data-element_type=\"widget\" data-widget_type=\"text-editor.default\">\n\t\t\t\t<div class=\"elementor-widget-container\">\n\t\t\t\t\t\t\t\t\t<p>O arm\u00e1rio de pia de cozinha \u00e9 constru\u00eddo para suportar a pia e alojar a canaliza\u00e7\u00e3o. O arm\u00e1rio de pia \u00e9 integrado de forma harmoniosa e inteligente nos arm\u00e1rios e bancadas circundantes, com vista para toda a cozinha.<\/p><p>Os arm\u00e1rios de pia da AJ Flying s\u00e3o feitos de placa artificial como <a href=\"https:\/\/www.ajflyinghome.com\/pt\/mdf-kitchen-cabinet\/\">MDF<\/a> e compensado, s\u00e3o tratados com um <a href=\"https:\/\/www.ajflyinghome.com\/pt\/laminate-kitchen-cabinets\/\">laminado<\/a> acabamento para resistir \u00e0 humidade, prevenindo danos causados por salpicos ou fugas de \u00e1gua.<\/p><p>Constru\u00eddo em qualquer tamanho de altura, largura ou profundidade conforme as necessidades do seu layout de cozinha e armazenamento. Escolha entre v\u00e1rios tipos, como r\u00fastico, contempor\u00e2neo, fazenda, e outros tipos de pias, bem como <a href=\"https:\/\/www.ajflyinghome.com\/pt\/kitchen-countertop-height-and-depth\/\">diferentes dimens\u00f5es de bancadas<\/a> para atender \u00e0s necessidades espec\u00edficas da cozinha.<\/p>\t\t\t\t\t\t\t\t<\/div>\n\t\t\t\t<\/div>\n\t\t\t\t<div class=\"elementor-element elementor-element-7181bb0c elementor-tablet-align-center popmake-1598 elementor-align-left elementor-widget elementor-widget-button\" data-id=\"7181bb0c\" data-element_type=\"widget\" data-widget_type=\"button.default\">\n\t\t\t\t<div class=\"elementor-widget-container\">\n\t\t\t\t\t\t\t\t\t<div class=\"elementor-button-wrapper\">\n\t\t\t\t\t<a class=\"elementor-button elementor-size-sm\" role=\"button\">\n\t\t\t\t\t\t<span class=\"elementor-button-content-wrapper\">\n\t\t\t\t\t\t\t\t\t<span class=\"elementor-button-text\">Enviar Consulta<\/span>\n\t\t\t\t\t<\/span>\n\t\t\t\t\t<\/a>\n\t\t\t\t<\/div>\n\t\t\t\t\t\t\t\t<\/div>\n\t\t\t\t<\/div>\n\t\t\t\t\t<\/div>\n\t\t\t\t<\/div>\n\t\t<div class=\"elementor-element elementor-element-1715beb1 e-flex e-con-boxed e-con e-parent\" data-id=\"1715beb1\" data-element_type=\"container\" data-settings=\"{&quot;background_background&quot;:&quot;classic&quot;}\">\n\t\t\t\t\t<div class=\"e-con-inner\">\n\t\t\t\t<div class=\"elementor-element elementor-element-147d5565 elementor-widget__width-initial elementor-widget-tablet__width-inherit elementor-widget elementor-widget-image\" data-id=\"147d5565\" data-element_type=\"widget\" data-widget_type=\"image.default\">\n\t\t\t\t<div class=\"elementor-widget-container\">\n\t\t\t\t\t\t\t\t\t\t\t\t\t\t\t<img fetchpriority=\"high\" decoding=\"async\" width=\"575\" height=\"715\" src=\"https:\/\/www.ajflyinghome.com\/wp-content\/uploads\/2024\/12\/Cost-Effective-and-High-Quality-Material.webp\" class=\"attachment-large size-large wp-image-2862\" alt=\"Material de Alta Qualidade e Custo-Efetivo\" title=\"\">\t\t\t\t\t\t\t\t\t\t\t\t\t\t\t<\/div>\n\t\t\t\t<\/div>\n\t\t<div class=\"elementor-element elementor-element-4e4eea2b e-con-full e-flex e-con e-child\" data-id=\"4e4eea2b\" data-element_type=\"container\">\n\t\t\t\t<div class=\"elementor-element elementor-element-276df8ab elementor-widget elementor-widget-heading\" data-id=\"276df8ab\" data-element_type=\"widget\" data-widget_type=\"heading.default\">\n\t\t\t\t<div class=\"elementor-widget-container\">\n\t\t\t\t\t<h2 class=\"elementor-heading-title elementor-size-default\">Material de Alta Qualidade e Custo-Efetivo<\/h2>\t\t\t\t<\/div>\n\t\t\t\t<\/div>\n\t\t\t\t<div class=\"elementor-element elementor-element-161ffa81 elementor-widget elementor-widget-text-editor\" data-id=\"161ffa81\" data-element_type=\"widget\" data-widget_type=\"text-editor.default\">\n\t\t\t\t<div class=\"elementor-widget-container\">\n\t\t\t\t\t\t\t\t\t<p>Fabricamos sob medida os seus arm\u00e1rios de pia com compensado resistente \u00e0 \u00e1gua, aglomerado ou MDF, para que possam suportar o uso di\u00e1rio e a exposi\u00e7\u00e3o \u00e0 humidade, mantendo um bom desempenho ao longo do tempo.<\/p><p>Al\u00e9m disso, \u00e9 mais acess\u00edvel em compara\u00e7\u00e3o com materiais de alta qualidade, como madeira maci\u00e7a ou compensado de grau mar\u00edtimo. Se desejar adquirir um material econ\u00f3mico para projetar o seu arm\u00e1rio de pia, contacte a AJ Flying para solu\u00e7\u00f5es acess\u00edveis.<\/p>\t\t\t\t\t\t\t\t<\/div>\n\t\t\t\t<\/div>\n\t\t\t\t<div class=\"elementor-element elementor-element-168d379f elementor-tablet-align-center popmake-1598 elementor-widget elementor-widget-button\" data-id=\"168d379f\" data-element_type=\"widget\" data-widget_type=\"button.default\">\n\t\t\t\t<div class=\"elementor-widget-container\">\n\t\t\t\t\t\t\t\t\t<div class=\"elementor-button-wrapper\">\n\t\t\t\t\t<a class=\"elementor-button elementor-size-sm\" role=\"button\">\n\t\t\t\t\t\t<span class=\"elementor-button-content-wrapper\">\n\t\t\t\t\t\t\t\t\t<span class=\"elementor-button-text\">Obter Or\u00e7amento<\/span>\n\t\t\t\t\t<\/span>\n\t\t\t\t\t<\/a>\n\t\t\t\t<\/div>\n\t\t\t\t\t\t\t\t<\/div>\n\t\t\t\t<\/div>\n\t\t\t\t<\/div>\n\t\t\t\t\t<\/div>\n\t\t\t\t<\/div>\n\t\t<div class=\"elementor-element elementor-element-7640b65a e-flex e-con-boxed e-con e-parent\" data-id=\"7640b65a\" data-element_type=\"container\" data-settings=\"{&quot;background_background&quot;:&quot;classic&quot;}\">\n\t\t\t\t\t<div class=\"e-con-inner\">\n\t\t<div class=\"elementor-element elementor-element-50ae5a56 e-con-full e-flex e-con e-child\" data-id=\"50ae5a56\" data-element_type=\"container\">\n\t\t\t\t<div class=\"elementor-element elementor-element-4810c543 elementor-widget elementor-widget-heading\" data-id=\"4810c543\" data-element_type=\"widget\" data-widget_type=\"heading.default\">\n\t\t\t\t<div class=\"elementor-widget-container\">\n\t\t\t\t\t<h2 class=\"elementor-heading-title elementor-size-default\">Pia Personalizada para Arm\u00e1rio<\/h2>\t\t\t\t<\/div>\n\t\t\t\t<\/div>\n\t\t\t\t<div class=\"elementor-element elementor-element-5fc5fa33 elementor-widget elementor-widget-text-editor\" data-id=\"5fc5fa33\" data-element_type=\"widget\" data-widget_type=\"text-editor.default\">\n\t\t\t\t<div class=\"elementor-widget-container\">\n\t\t\t\t\t\t\t\t\t<p>Os arm\u00e1rios de pia da AJ Flying podem ser combinados com uma variedade de pias, dependendo do que o seu projeto requer e do uso do produto. Oferecemos uma gama de op\u00e7\u00f5es de pias, feitas de a\u00e7o inoxid\u00e1vel s304 dur\u00e1vel ou pias de comp\u00f3sito de granito, com alta resist\u00eancia e resist\u00eancia \u00e0 ferrugem e riscos.<\/p><p>Podem ser classificados como pias de cozinha embutidas, de encaixe, de cascata e integradas, cuja cor pode ser personalizada para complementar o m\u00f3vel. Dispon\u00edveis em v\u00e1rias configura\u00e7\u00f5es, como uma cuba, duas cubas e tr\u00eas cubas, permitindo personaliza\u00e7\u00f5es adequadas para todas as solu\u00e7\u00f5es que necessitam de atender \u00e0s necessidades de cozinhas comerciais e residenciais.<\/p><p>Tamb\u00e9m podemos fornecer pias de bancada, de bar e de canto para cozinhas, que s\u00e3o perfeitas para cozinhas pequenas. <a href=\"https:\/\/www.ajflyinghome.com\/pt\/bespoke-kitchen-island\/\">arm\u00e1rios de ilha<\/a>, e arm\u00e1rios auxiliares.<\/p>\t\t\t\t\t\t\t\t<\/div>\n\t\t\t\t<\/div>\n\t\t\t\t<div class=\"elementor-element elementor-element-5cd857f8 elementor-tablet-align-center popmake-1598 elementor-widget elementor-widget-button\" data-id=\"5cd857f8\" data-element_type=\"widget\" data-widget_type=\"button.default\">\n\t\t\t\t<div class=\"elementor-widget-container\">\n\t\t\t\t\t\t\t\t\t<div class=\"elementor-button-wrapper\">\n\t\t\t\t\t<a class=\"elementor-button elementor-size-sm\" role=\"button\">\n\t\t\t\t\t\t<span class=\"elementor-button-content-wrapper\">\n\t\t\t\t\t\t\t\t\t<span class=\"elementor-button-text\">Solicitar Or\u00e7amento Agora<\/span>\n\t\t\t\t\t<\/span>\n\t\t\t\t\t<\/a>\n\t\t\t\t<\/div>\n\t\t\t\t\t\t\t\t<\/div>\n\t\t\t\t<\/div>\n\t\t\t\t<\/div>\n\t\t<div class=\"elementor-element elementor-element-146e9b6d e-con-full e-flex e-con e-child\" data-id=\"146e9b6d\" data-element_type=\"container\">\n\t\t\t\t<div class=\"elementor-element elementor-element-1042960a elementor-widget elementor-widget-image\" data-id=\"1042960a\" data-element_type=\"widget\" data-widget_type=\"image.default\">\n\t\t\t\t<div class=\"elementor-widget-container\">\n\t\t\t\t\t\t\t\t\t\t\t\t\t\t\t<img decoding=\"async\" width=\"520\" height=\"690\" src=\"https:\/\/www.ajflyinghome.com\/wp-content\/uploads\/2024\/12\/Sink-for-Cabinet.webp\" class=\"attachment-large size-large wp-image-2863\" alt=\"\" title=\"\">\t\t\t\t\t\t\t\t\t\t\t\t\t\t\t<\/div>\n\t\t\t\t<\/div>\n\t\t\t\t<\/div>\n\t\t\t\t\t<\/div>\n\t\t\t\t<\/div>\n\t\t<div class=\"elementor-element elementor-element-12814e8b e-flex e-con-boxed e-con e-parent\" data-id=\"12814e8b\" data-element_type=\"container\" data-settings=\"{&quot;background_background&quot;:&quot;classic&quot;}\">\n\t\t\t\t\t<div class=\"e-con-inner\">\n\t\t<div class=\"elementor-element elementor-element-6ccba978 e-flex e-con-boxed e-con e-child\" data-id=\"6ccba978\" data-element_type=\"container\" data-settings=\"{&quot;background_background&quot;:&quot;classic&quot;}\">\n\t\t\t\t\t<div class=\"e-con-inner\">\n\t\t<div class=\"elementor-element elementor-element-4a1ac201 e-con-full e-flex e-con e-child\" data-id=\"4a1ac201\" data-element_type=\"container\" data-settings=\"{&quot;background_background&quot;:&quot;classic&quot;}\">\n\t\t\t\t<div class=\"elementor-element elementor-element-32e0cb7c elementor-widget elementor-widget-heading\" data-id=\"32e0cb7c\" data-element_type=\"widget\" data-widget_type=\"heading.default\">\n\t\t\t\t<div class=\"elementor-widget-container\">\n\t\t\t\t\t<h2 class=\"elementor-heading-title elementor-size-default\">Op\u00e7\u00e3o de Cor do Arm\u00e1rio<\/h2>\t\t\t\t<\/div>\n\t\t\t\t<\/div>\n\t\t\t\t<div class=\"elementor-element elementor-element-3aa92542 elementor-widget elementor-widget-text-editor\" data-id=\"3aa92542\" data-element_type=\"widget\" data-widget_type=\"text-editor.default\">\n\t\t\t\t<div class=\"elementor-widget-container\">\n\t\t\t\t\t\t\t\t\t<p>Para satisfazer a sua necessidade est\u00e9tica especial, ser\u00e1 necess\u00e1rio oferecer diferentes tratamentos de superf\u00edcie e <a href=\"https:\/\/www.ajflyinghome.com\/pt\/kitchen-cabinet-color-trends\/\">cores populares<\/a> para os permitir combinar com qualquer design de cozinha.<\/p><p>We offer <a href=\"https:\/\/www.ajflyinghome.com\/pt\/best-wood-for-painted-cabinets\/\">arm\u00e1rios de madeira pintados<\/a> e op\u00e7\u00f5es de acabamento em laminado, com amplas escolhas de cores incluindo castanho, cinza, branco e azul regata, bem como uma combina\u00e7\u00e3o de acabamentos brilhante, fosco e acetinado. Para o arm\u00e1rio da sua pia de cozinha, a textura decorativa pode ser uma textura de madeira, pedra, tecido ou metal.<\/p>\t\t\t\t\t\t\t\t<\/div>\n\t\t\t\t<\/div>\n\t\t\t\t<div class=\"elementor-element elementor-element-2d1bdd62 elementor-tablet-align-justify elementor-align-justify popmake-1598 elementor-widget elementor-widget-button\" data-id=\"2d1bdd62\" data-element_type=\"widget\" data-widget_type=\"button.default\">\n\t\t\t\t<div class=\"elementor-widget-container\">\n\t\t\t\t\t\t\t\t\t<div class=\"elementor-button-wrapper\">\n\t\t\t\t\t<a class=\"elementor-button elementor-size-sm\" role=\"button\">\n\t\t\t\t\t\t<span class=\"elementor-button-content-wrapper\">\n\t\t\t\t\t\t\t\t\t<span class=\"elementor-button-text\">Enviar Consulta<\/span>\n\t\t\t\t\t<\/span>\n\t\t\t\t\t<\/a>\n\t\t\t\t<\/div>\n\t\t\t\t\t\t\t\t<\/div>\n\t\t\t\t<\/div>\n\t\t\t\t<\/div>\n\t\t\t\t\t<\/div>\n\t\t\t\t<\/div>\n\t\t\t\t\t<\/div>\n\t\t\t\t<\/div>\n\t\t<div class=\"elementor-element elementor-element-a07945f e-flex e-con-boxed e-con e-parent\" data-id=\"a07945f\" data-element_type=\"container\">\n\t\t\t\t\t<div class=\"e-con-inner\">\n\t\t<div class=\"elementor-element elementor-element-1548e5e e-con-full e-flex e-con e-child\" data-id=\"1548e5e\" data-element_type=\"container\">\n\t\t\t\t<div class=\"elementor-element elementor-element-1377319 elementor-widget elementor-widget-image\" data-id=\"1377319\" data-element_type=\"widget\" data-widget_type=\"image.default\">\n\t\t\t\t<div class=\"elementor-widget-container\">\n\t\t\t\t\t\t\t\t\t\t\t\t\t\t\t<img decoding=\"async\" width=\"540\" height=\"460\" src=\"https:\/\/www.ajflyinghome.com\/wp-content\/uploads\/2024\/12\/Kitchen-Sink-Storage.webp\" class=\"attachment-large size-large wp-image-2902\" alt=\"Armazenamento de Pia de Cozinha\" title=\"\">\t\t\t\t\t\t\t\t\t\t\t\t\t\t\t<\/div>\n\t\t\t\t<\/div>\n\t\t\t\t<\/div>\n\t\t<div class=\"elementor-element elementor-element-bdac201 e-con-full e-flex e-con e-child\" data-id=\"bdac201\" data-element_type=\"container\">\n\t\t\t\t<div class=\"elementor-element elementor-element-1d1e9b3 elementor-widget elementor-widget-heading\" data-id=\"1d1e9b3\" data-element_type=\"widget\" data-widget_type=\"heading.default\">\n\t\t\t\t<div class=\"elementor-widget-container\">\n\t\t\t\t\t<h2 class=\"elementor-heading-title elementor-size-default\">Solu\u00e7\u00e3o de Armazenamento para Pias de Cozinha<\/h2>\t\t\t\t<\/div>\n\t\t\t\t<\/div>\n\t\t\t\t<div class=\"elementor-element elementor-element-1db6e19 elementor-widget elementor-widget-text-editor\" data-id=\"1db6e19\" data-element_type=\"widget\" data-widget_type=\"text-editor.default\">\n\t\t\t\t<div class=\"elementor-widget-container\">\n\t\t\t\t\t\t\t\t\t<p>O design inteligente, extintor que maximiza o espa\u00e7o, pode ser alcan\u00e7ado a pre\u00e7os t\u00e3o baixos, contando com o servi\u00e7o de uma equipa de design fi\u00e1vel fornecida pela AJ Flying. Todas as unidades de porta podem vir equipadas com um kit de prateleiras e bandejas de pl\u00e1stico remov\u00edveis que aumentam o espa\u00e7o de armazenamento. O arm\u00e1rio da pia foi configurado de forma a permitir uma organiza\u00e7\u00e3o eficiente da canaliza\u00e7\u00e3o e tubagens, requerendo menos espa\u00e7o.<\/p><p>Mais op\u00e7\u00f5es incluem prateleiras ajust\u00e1veis, gavetas deslizantes e compartimentos inclin\u00e1veis que podem ser combinados com o seu arm\u00e1rio de pia.<\/p>\t\t\t\t\t\t\t\t<\/div>\n\t\t\t\t<\/div>\n\t\t\t\t<div class=\"elementor-element elementor-element-3f885b5 elementor-tablet-align-center popmake-1598 elementor-widget elementor-widget-button\" data-id=\"3f885b5\" data-element_type=\"widget\" data-widget_type=\"button.default\">\n\t\t\t\t<div class=\"elementor-widget-container\">\n\t\t\t\t\t\t\t\t\t<div class=\"elementor-button-wrapper\">\n\t\t\t\t\t<a class=\"elementor-button elementor-size-sm\" role=\"button\">\n\t\t\t\t\t\t<span class=\"elementor-button-content-wrapper\">\n\t\t\t\t\t\t\t\t\t<span class=\"elementor-button-text\">Solicitar Or\u00e7amento Agora<\/span>\n\t\t\t\t\t<\/span>\n\t\t\t\t\t<\/a>\n\t\t\t\t<\/div>\n\t\t\t\t\t\t\t\t<\/div>\n\t\t\t\t<\/div>\n\t\t\t\t<\/div>\n\t\t\t\t\t<\/div>\n\t\t\t\t<\/div>\n\t\t<div class=\"elementor-element elementor-element-314fa7b e-flex e-con-boxed e-con e-parent\" data-id=\"314fa7b\" data-element_type=\"container\">\n\t\t\t\t\t<div class=\"e-con-inner\">\n\t\t<div class=\"elementor-element elementor-element-0e3096d e-con-full e-flex e-con e-child\" data-id=\"0e3096d\" data-element_type=\"container\">\n\t\t\t\t<div class=\"elementor-element elementor-element-777ac66 elementor-widget elementor-widget-heading\" data-id=\"777ac66\" data-element_type=\"widget\" data-widget_type=\"heading.default\">\n\t\t\t\t<div class=\"elementor-widget-container\">\n\t\t\t\t\t<h2 class=\"elementor-heading-title elementor-size-default\">Tipos de Portas de Arm\u00e1rio de Pia<\/h2>\t\t\t\t<\/div>\n\t\t\t\t<\/div>\n\t\t\t\t<div class=\"elementor-element elementor-element-33911c8 elementor-widget elementor-widget-text-editor\" data-id=\"33911c8\" data-element_type=\"widget\" data-widget_type=\"text-editor.default\">\n\t\t\t\t<div class=\"elementor-widget-container\">\n\t\t\t\t\t\t\t\t\t<p>The style of your kitchen sink cabinet will be heavily dependent on the kitchen cabinet door type. Classic and timeless-with the recessed shaker panel carrying the day-it can fit for modern kitchen design through traditional ones. Use of a flat-panel door creates a truly modern and minimalist kitchen designed cabinet.<\/p><p>Oferecemos portas de arm\u00e1rio de baloi\u00e7o, duplas, dobr\u00e1veis e deslizantes para proporcionar diferentes funcionalidades operacionais.<\/p>\t\t\t\t\t\t\t\t<\/div>\n\t\t\t\t<\/div>\n\t\t\t\t<div class=\"elementor-element elementor-element-e08b827 elementor-tablet-align-center popmake-1598 elementor-widget elementor-widget-button\" data-id=\"e08b827\" data-element_type=\"widget\" data-widget_type=\"button.default\">\n\t\t\t\t<div class=\"elementor-widget-container\">\n\t\t\t\t\t\t\t\t\t<div class=\"elementor-button-wrapper\">\n\t\t\t\t\t<a class=\"elementor-button elementor-size-sm\" role=\"button\">\n\t\t\t\t\t\t<span class=\"elementor-button-content-wrapper\">\n\t\t\t\t\t\t\t\t\t<span class=\"elementor-button-text\">Solicitar Or\u00e7amento Agora<\/span>\n\t\t\t\t\t<\/span>\n\t\t\t\t\t<\/a>\n\t\t\t\t<\/div>\n\t\t\t\t\t\t\t\t<\/div>\n\t\t\t\t<\/div>\n\t\t\t\t<\/div>\n\t\t<div class=\"elementor-element elementor-element-ada5872 e-con-full e-flex e-con e-child\" data-id=\"ada5872\" data-element_type=\"container\">\n\t\t\t\t<div class=\"elementor-element elementor-element-7af6865 elementor-widget elementor-widget-image\" data-id=\"7af6865\" data-element_type=\"widget\" data-widget_type=\"image.default\">\n\t\t\t\t<div class=\"elementor-widget-container\">\n\t\t\t\t\t\t\t\t\t\t\t\t\t\t\t<img loading=\"lazy\" decoding=\"async\" width=\"540\" height=\"460\" src=\"https:\/\/www.ajflyinghome.com\/wp-content\/uploads\/2024\/12\/Sink-Cabinet-Door-Types.webp\" class=\"attachment-large size-large wp-image-2901\" alt=\"\" title=\"\">\t\t\t\t\t\t\t\t\t\t\t\t\t\t\t<\/div>\n\t\t\t\t<\/div>\n\t\t\t\t<\/div>\n\t\t\t\t\t<\/div>\n\t\t\t\t<\/div>\n\t\t\t\t<\/div>","protected":false},"excerpt":{"rendered":"<p>A Arm\u00e1rio de Pia de Cozinha AJ Flying \u00e9 um fabricante de arm\u00e1rios de pia de cozinha personalizados, variando em materiais, tamanhos, estilos, cores e caracter\u00edsticas de armazenamento. Isto oferece-lhe uma escolha quase ilimitada de apar\u00eancia e op\u00e7\u00f5es de armazenamento para a pia de cozinha. Padr\u00f5es E1 e E0, as emiss\u00f5es de formalde\u00eddo mais baixas permitidas. Apoio a arm\u00e1rios de pia de cozinha prontos a montar e totalmente montados. Descubra [\u2026]<\/p>","protected":false},"author":1,"featured_media":3176,"parent":0,"menu_order":0,"comment_status":"closed","ping_status":"closed","template":"elementor_header_footer","meta":{"_acf_changed":false,"footnotes":""},"class_list":["post-2838","page","type-page","status-publish","has-post-thumbnail","hentry"],"blocksy_meta":[],"acf":[],"_links":{"self":[{"href":"https:\/\/www.ajflyinghome.com\/pt\/wp-json\/wp\/v2\/pages\/2838","targetHints":{"allow":["GET"]}}],"collection":[{"href":"https:\/\/www.ajflyinghome.com\/pt\/wp-json\/wp\/v2\/pages"}],"about":[{"href":"https:\/\/www.ajflyinghome.com\/pt\/wp-json\/wp\/v2\/types\/page"}],"author":[{"embeddable":true,"href":"https:\/\/www.ajflyinghome.com\/pt\/wp-json\/wp\/v2\/users\/1"}],"replies":[{"embeddable":true,"href":"https:\/\/www.ajflyinghome.com\/pt\/wp-json\/wp\/v2\/comments?post=2838"}],"version-history":[{"count":1,"href":"https:\/\/www.ajflyinghome.com\/pt\/wp-json\/wp\/v2\/pages\/2838\/revisions"}],"predecessor-version":[{"id":6054,"href":"https:\/\/www.ajflyinghome.com\/pt\/wp-json\/wp\/v2\/pages\/2838\/revisions\/6054"}],"wp:featuredmedia":[{"embeddable":true,"href":"https:\/\/www.ajflyinghome.com\/pt\/wp-json\/wp\/v2\/media\/3176"}],"wp:attachment":[{"href":"https:\/\/www.ajflyinghome.com\/pt\/wp-json\/wp\/v2\/media?parent=2838"}],"curies":[{"name":"wp","href":"https:\/\/api.w.org\/{rel}","templated":true}]}}