{"id":3252,"date":"2025-01-03T18:15:19","date_gmt":"2025-01-03T10:15:19","guid":{"rendered":"https:\/\/www.ajflyinghome.com\/?page_id=3252"},"modified":"2025-06-09T10:32:30","modified_gmt":"2025-06-09T02:32:30","slug":"l-shaped-kitchen-cabinet","status":"publish","type":"page","link":"https:\/\/www.ajflyinghome.com\/pt\/l-shaped-kitchen-cabinet\/","title":{"rendered":"Arm\u00e1rio de Cozinha em Forma de L Personalizado com Pre\u00e7o de F\u00e1brica"},"content":{"rendered":"<div data-elementor-type=\"wp-page\" data-elementor-id=\"3252\" class=\"elementor elementor-3252\">\n\t\t\t\t<div class=\"elementor-element elementor-element-6137c07b e-flex e-con-boxed e-con e-parent\" data-id=\"6137c07b\" data-element_type=\"container\" data-settings=\"{&quot;background_background&quot;:&quot;classic&quot;}\">\n\t\t\t\t\t<div class=\"e-con-inner\">\n\t\t<div class=\"elementor-element elementor-element-429862d4 e-con-full e-flex e-con e-child\" data-id=\"429862d4\" data-element_type=\"container\" data-settings=\"{&quot;background_background&quot;:&quot;classic&quot;}\">\n\t\t\t\t<div class=\"elementor-element elementor-element-7a2ede99 elementor-widget elementor-widget-heading\" data-id=\"7a2ede99\" data-element_type=\"widget\" data-widget_type=\"heading.default\">\n\t\t\t\t<div class=\"elementor-widget-container\">\n\t\t\t\t\t<h2 class=\"elementor-heading-title elementor-size-default\">Arm\u00e1rio de Cozinha em Forma de L<\/h2>\t\t\t\t<\/div>\n\t\t\t\t<\/div>\n\t\t\t\t<div class=\"elementor-element elementor-element-6e25b1de elementor-widget elementor-widget-text-editor\" data-id=\"6e25b1de\" data-element_type=\"widget\" data-widget_type=\"text-editor.default\">\n\t\t\t\t<div class=\"elementor-widget-container\">\n\t\t\t\t\t\t\t\t\t<p>Arm\u00e1rios de cozinha em forma de L oferecem espa\u00e7o de armazenamento suficiente e uma disposi\u00e7\u00e3o altamente eficiente do tri\u00e2ngulo de cozinha na ergonomia do fluxo de trabalho. <a href=\"https:\/\/www.ajflyinghome.com\/pt\/\">AJ Flying<\/a> fornece uma gama completa de op\u00e7\u00f5es personalizadas, incluindo tamanho, <a href=\"https:\/\/www.ajflyinghome.com\/pt\/kitchen-cabinet-color-trends\/\">cores<\/a>, materiais, coloca\u00e7\u00e3o de eletrodom\u00e9sticos, bancadas, etc.<\/p>\t\t\t\t\t\t\t\t<\/div>\n\t\t\t\t<\/div>\n\t\t\t\t<div class=\"elementor-element elementor-element-7efaaef elementor-tablet-align-center popmake-1598 elementor-widget elementor-widget-button\" data-id=\"7efaaef\" data-element_type=\"widget\" data-widget_type=\"button.default\">\n\t\t\t\t<div class=\"elementor-widget-container\">\n\t\t\t\t\t\t\t\t\t<div class=\"elementor-button-wrapper\">\n\t\t\t\t\t<a class=\"elementor-button elementor-size-sm\" role=\"button\">\n\t\t\t\t\t\t<span class=\"elementor-button-content-wrapper\">\n\t\t\t\t\t\t\t\t\t<span class=\"elementor-button-text\">Solicitar Or\u00e7amento Agora<\/span>\n\t\t\t\t\t<\/span>\n\t\t\t\t\t<\/a>\n\t\t\t\t<\/div>\n\t\t\t\t\t\t\t\t<\/div>\n\t\t\t\t<\/div>\n\t\t\t\t<\/div>\n\t\t\t\t\t<\/div>\n\t\t\t\t<\/div>\n\t\t<div class=\"elementor-element elementor-element-1e69aa0 e-flex e-con-boxed e-con e-parent\" data-id=\"1e69aa0\" data-element_type=\"container\">\n\t\t\t\t\t<div class=\"e-con-inner\">\n\t\t\t\t<div class=\"elementor-element elementor-element-5aa34197 elementor-widget elementor-widget-heading\" data-id=\"5aa34197\" data-element_type=\"widget\" data-widget_type=\"heading.default\">\n\t\t\t\t<div class=\"elementor-widget-container\">\n\t\t\t\t\t<h2 class=\"elementor-heading-title elementor-size-default\">Fabricante de Arm\u00e1rios de Cozinha em Forma de L na China<\/h2>\t\t\t\t<\/div>\n\t\t\t\t<\/div>\n\t\t\t\t<div class=\"elementor-element elementor-element-3fd6ce8e elementor-widget elementor-widget-text-editor\" data-id=\"3fd6ce8e\" data-element_type=\"widget\" data-widget_type=\"text-editor.default\">\n\t\t\t\t<div class=\"elementor-widget-container\">\n\t\t\t\t\t\t\t\t\t<p>O arm\u00e1rio de cozinha em forma de L AJ Flying foi projetado para formar um tri\u00e2ngulo dourado eficiente para melhorar a sua efici\u00eancia na cozinha. Eles v\u00eam com muitos arm\u00e1rios de armazenamento e prateleiras ajust\u00e1veis para organizar os utens\u00edlios de cozinha e manter a cozinha limpa para trabalhar, al\u00e9m disso, a forma de L conecta a \u00e1rea de lavagem e de cozimento com um espa\u00e7o de armazenamento para facilitar o cozimento.<\/p><p>Oferecemos op\u00e7\u00f5es flex\u00edveis sob medida para arm\u00e1rios de cozinha em forma de L para torn\u00e1-los adequados tanto para cozinhas pequenas quanto grandes. Os nossos arm\u00e1rios s\u00e3o projetados em uma <a href=\"https:\/\/www.ajflyinghome.com\/pt\/ready-to-assemble-kitchen-cabinets\/\">pronto a montar<\/a> estrutura, reduzindo o volume e economizando nos custos de transporte. O arm\u00e1rio \u00e9 feito de placa artificial de alta qualidade, ecol\u00f3gica e econ\u00f3mica, como <a href=\"https:\/\/www.ajflyinghome.com\/pt\/mdf-kitchen-cabinet\/\">MDF<\/a> e OSB.<\/p><p>Para destacar-se no estilo da sua cozinha, oferecemos v\u00e1rias cores puras da RAL e diferentes op\u00e7\u00f5es de gr\u00e3os de madeira populares para os arm\u00e1rios, podendo personalizar a bancada com diferentes texturas para se adequar ao design geral da cozinha.<\/p>\t\t\t\t\t\t\t\t<\/div>\n\t\t\t\t<\/div>\n\t\t\t\t<div class=\"elementor-element elementor-element-295a5c61 elementor-tablet-align-center popmake-1598 elementor-align-left elementor-widget elementor-widget-button\" data-id=\"295a5c61\" data-element_type=\"widget\" data-widget_type=\"button.default\">\n\t\t\t\t<div class=\"elementor-widget-container\">\n\t\t\t\t\t\t\t\t\t<div class=\"elementor-button-wrapper\">\n\t\t\t\t\t<a class=\"elementor-button elementor-size-sm\" role=\"button\">\n\t\t\t\t\t\t<span class=\"elementor-button-content-wrapper\">\n\t\t\t\t\t\t\t\t\t<span class=\"elementor-button-text\">Enviar Consulta<\/span>\n\t\t\t\t\t<\/span>\n\t\t\t\t\t<\/a>\n\t\t\t\t<\/div>\n\t\t\t\t\t\t\t\t<\/div>\n\t\t\t\t<\/div>\n\t\t\t\t\t<\/div>\n\t\t\t\t<\/div>\n\t\t<div class=\"elementor-element elementor-element-6e8ff744 e-flex e-con-boxed e-con e-parent\" data-id=\"6e8ff744\" data-element_type=\"container\">\n\t\t\t\t\t<div class=\"e-con-inner\">\n\t\t\t\t<div class=\"elementor-element elementor-element-6e74587 elementor-widget elementor-widget-heading\" data-id=\"6e74587\" data-element_type=\"widget\" data-widget_type=\"heading.default\">\n\t\t\t\t<div class=\"elementor-widget-container\">\n\t\t\t\t\t<h2 class=\"elementor-heading-title elementor-size-default\">Tipos de Arm\u00e1rios<\/h2>\t\t\t\t<\/div>\n\t\t\t\t<\/div>\n\t\t\t\t<div class=\"elementor-element elementor-element-c69f9ae elementor-widget elementor-widget-text-editor\" data-id=\"c69f9ae\" data-element_type=\"widget\" data-widget_type=\"text-editor.default\">\n\t\t\t\t<div class=\"elementor-widget-container\">\n\t\t\t\t\t\t\t\t\t<p>A AJ Flying adapta o seu arm\u00e1rio de cozinha em forma de L para locais espec\u00edficos e serve fun\u00e7\u00f5es \u00fanicas com base na sua posi\u00e7\u00e3o.<\/p>\t\t\t\t\t\t\t\t<\/div>\n\t\t\t\t<\/div>\n\t\t<div class=\"elementor-element elementor-element-07cb111 e-con-full e-flex e-con e-child\" data-id=\"07cb111\" data-element_type=\"container\">\n\t\t\t\t<div class=\"elementor-element elementor-element-c8e489d elementor-widget elementor-widget-icon-box\" data-id=\"c8e489d\" data-element_type=\"widget\" data-widget_type=\"icon-box.default\">\n\t\t\t\t<div class=\"elementor-widget-container\">\n\t\t\t\t\t\t\t<div class=\"elementor-icon-box-wrapper\">\n\n\t\t\t\n\t\t\t\t\t\t<div class=\"elementor-icon-box-content\">\n\n\t\t\t\t\t\t\t\t\t<h3 class=\"elementor-icon-box-title\">\n\t\t\t\t\t\t<span  >\n\t\t\t\t\t\t\tArm\u00e1rio Base\t\t\t\t\t\t<\/span>\n\t\t\t\t\t<\/h3>\n\t\t\t\t\n\t\t\t\t\t\t\t\t\t<p class=\"elementor-icon-box-description\">\n\t\t\t\t\t\tOferecemos arm\u00e1rios de base em forma de L para formar a base da bancada. S\u00e3o integrados com fun\u00e7\u00f5es de cozimento, lavagem e armazenamento.\t\t\t\t\t<\/p>\n\t\t\t\t\n\t\t\t<\/div>\n\t\t\t\n\t\t<\/div>\n\t\t\t\t\t\t<\/div>\n\t\t\t\t<\/div>\n\t\t\t\t<div class=\"elementor-element elementor-element-bb9b9be elementor-widget elementor-widget-icon-box\" data-id=\"bb9b9be\" data-element_type=\"widget\" data-widget_type=\"icon-box.default\">\n\t\t\t\t<div class=\"elementor-widget-container\">\n\t\t\t\t\t\t\t<div class=\"elementor-icon-box-wrapper\">\n\n\t\t\t\n\t\t\t\t\t\t<div class=\"elementor-icon-box-content\">\n\n\t\t\t\t\t\t\t\t\t<h3 class=\"elementor-icon-box-title\">\n\t\t\t\t\t\t<span  >\n\t\t\t\t\t\t\tArm\u00e1rio de Parede\t\t\t\t\t\t<\/span>\n\t\t\t\t\t<\/h3>\n\t\t\t\t\n\t\t\t\t\t\t\t\t\t<p class=\"elementor-icon-box-description\">\n\t\t\t\t\t\tO nosso arm\u00e1rio de parede em forma de L fornece armazenamento superior para copos e pratos, o que pode maximizar o espa\u00e7o de armazenamento enquanto torna a sua cozinha mais espa\u00e7osa.\t\t\t\t\t<\/p>\n\t\t\t\t\n\t\t\t<\/div>\n\t\t\t\n\t\t<\/div>\n\t\t\t\t\t\t<\/div>\n\t\t\t\t<\/div>\n\t\t\t\t<div class=\"elementor-element elementor-element-391d2f0 elementor-widget elementor-widget-icon-box\" data-id=\"391d2f0\" data-element_type=\"widget\" data-widget_type=\"icon-box.default\">\n\t\t\t\t<div class=\"elementor-widget-container\">\n\t\t\t\t\t\t\t<div class=\"elementor-icon-box-wrapper\">\n\n\t\t\t\n\t\t\t\t\t\t<div class=\"elementor-icon-box-content\">\n\n\t\t\t\t\t\t\t\t\t<h3 class=\"elementor-icon-box-title\">\n\t\t\t\t\t\t<span  >\n\t\t\t\t\t\t\tArm\u00e1rio de Despensa\t\t\t\t\t\t<\/span>\n\t\t\t\t\t<\/h3>\n\t\t\t\t\n\t\t\t\t\t\t\t\t\t<p class=\"elementor-icon-box-description\">\n\t\t\t\t\t\tArm\u00e1rios de despensa em forma de L s\u00e3o projetados do ch\u00e3o ao teto, utilizados para maximizar a capacidade de armazenamento na \u00e1rea do canto. Pode armazenar produtos secos, itens a granel e utens\u00edlios de cozinha.\t\t\t\t\t<\/p>\n\t\t\t\t\n\t\t\t<\/div>\n\t\t\t\n\t\t<\/div>\n\t\t\t\t\t\t<\/div>\n\t\t\t\t<\/div>\n\t\t\t\t<\/div>\n\t\t\t\t\t<\/div>\n\t\t\t\t<\/div>\n\t\t<div class=\"elementor-element elementor-element-546f9eb5 e-flex e-con-boxed e-con e-parent\" data-id=\"546f9eb5\" data-element_type=\"container\" data-settings=\"{&quot;background_background&quot;:&quot;classic&quot;}\">\n\t\t\t\t\t<div class=\"e-con-inner\">\n\t\t\t\t<div class=\"elementor-element elementor-element-7c4338bb elementor-widget__width-initial elementor-widget-tablet__width-inherit elementor-widget elementor-widget-image\" data-id=\"7c4338bb\" data-element_type=\"widget\" data-widget_type=\"image.default\">\n\t\t\t\t<div class=\"elementor-widget-container\">\n\t\t\t\t\t\t\t\t\t\t\t\t\t\t\t<img fetchpriority=\"high\" decoding=\"async\" width=\"580\" height=\"680\" src=\"https:\/\/www.ajflyinghome.com\/wp-content\/uploads\/2025\/01\/High-Quality-Quartz-Countertop.webp\" class=\"attachment-large size-large wp-image-3298\" alt=\"\" title=\"\">\t\t\t\t\t\t\t\t\t\t\t\t\t\t\t<\/div>\n\t\t\t\t<\/div>\n\t\t<div class=\"elementor-element elementor-element-20bec6c8 e-con-full e-flex e-con e-child\" data-id=\"20bec6c8\" data-element_type=\"container\">\n\t\t\t\t<div class=\"elementor-element elementor-element-5d5a8221 elementor-widget elementor-widget-heading\" data-id=\"5d5a8221\" data-element_type=\"widget\" data-widget_type=\"heading.default\">\n\t\t\t\t<div class=\"elementor-widget-container\">\n\t\t\t\t\t<h2 class=\"elementor-heading-title elementor-size-default\">Bancada de Quartzo de Qualidade<\/h2>\t\t\t\t<\/div>\n\t\t\t\t<\/div>\n\t\t\t\t<div class=\"elementor-element elementor-element-3ef39a8e elementor-widget elementor-widget-text-editor\" data-id=\"3ef39a8e\" data-element_type=\"widget\" data-widget_type=\"text-editor.default\">\n\t\t\t\t<div class=\"elementor-widget-container\">\n\t\t\t\t\t\t\t\t\t<p>O arm\u00e1rio de cozinha em forma de L AJ Flying \u00e9 combinado com uma bancada de quartzo para atender tanto \u00e0 funcionalidade quanto \u00e0 est\u00e9tica. S\u00e3o mais duros que a pedra natural e resistentes a riscos e fissuras. S\u00e3o resistentes a manchas devido \u00e0 sua superf\u00edcie n\u00e3o porosa.<\/p><p>Al\u00e9m disso, pode escolher entre diferentes cores, padr\u00f5es e texturas, como imita\u00e7\u00e3o de m\u00e1rmore ou granito. A AJ Flying tamb\u00e9m oferece <a href=\"https:\/\/www.ajflyinghome.com\/pt\/kitchen-countertop-height-and-depth\/\">profundidade e altura padr\u00e3o de bancada<\/a>, tamb\u00e9m pode personaliz\u00e1-lo com base no layout da sua cozinha.<\/p>\t\t\t\t\t\t\t\t<\/div>\n\t\t\t\t<\/div>\n\t\t\t\t<div class=\"elementor-element elementor-element-6406a3dd elementor-tablet-align-center popmake-1598 elementor-widget elementor-widget-button\" data-id=\"6406a3dd\" data-element_type=\"widget\" data-widget_type=\"button.default\">\n\t\t\t\t<div class=\"elementor-widget-container\">\n\t\t\t\t\t\t\t\t\t<div class=\"elementor-button-wrapper\">\n\t\t\t\t\t<a class=\"elementor-button elementor-size-sm\" role=\"button\">\n\t\t\t\t\t\t<span class=\"elementor-button-content-wrapper\">\n\t\t\t\t\t\t\t\t\t<span class=\"elementor-button-text\">Obter Or\u00e7amento<\/span>\n\t\t\t\t\t<\/span>\n\t\t\t\t\t<\/a>\n\t\t\t\t<\/div>\n\t\t\t\t\t\t\t\t<\/div>\n\t\t\t\t<\/div>\n\t\t\t\t<\/div>\n\t\t\t\t\t<\/div>\n\t\t\t\t<\/div>\n\t\t<div class=\"elementor-element elementor-element-723e056b e-flex e-con-boxed e-con e-parent\" data-id=\"723e056b\" data-element_type=\"container\" data-settings=\"{&quot;background_background&quot;:&quot;classic&quot;}\">\n\t\t\t\t\t<div class=\"e-con-inner\">\n\t\t<div class=\"elementor-element elementor-element-32adff6e e-con-full e-flex e-con e-child\" data-id=\"32adff6e\" data-element_type=\"container\">\n\t\t\t\t<div class=\"elementor-element elementor-element-31fed20d elementor-widget elementor-widget-heading\" data-id=\"31fed20d\" data-element_type=\"widget\" data-widget_type=\"heading.default\">\n\t\t\t\t<div class=\"elementor-widget-container\">\n\t\t\t\t\t<h2 class=\"elementor-heading-title elementor-size-default\">Op\u00e7\u00f5es de Material de Base<\/h2>\t\t\t\t<\/div>\n\t\t\t\t<\/div>\n\t\t\t\t<div class=\"elementor-element elementor-element-732984f9 elementor-widget elementor-widget-text-editor\" data-id=\"732984f9\" data-element_type=\"widget\" data-widget_type=\"text-editor.default\">\n\t\t\t\t<div class=\"elementor-widget-container\">\n\t\t\t\t\t\t\t\t\t<p>Painel de engenharia dur\u00e1vel e acess\u00edvel \u00e9 o material mais popular para arm\u00e1rios de cozinha em forma de L. O aglomerado de m\u00e9dia densidade oferece caracter\u00edsticas est\u00e1veis, sendo menos propenso a deforma\u00e7\u00f5es, o que \u00e9 uma boa ideia para portas de arm\u00e1rio e frentes de gavetas. Se preferir uma op\u00e7\u00e3o mais econ\u00f3mica, podemos oferecer aglomerado de part\u00edculas.<\/p><p>Aplicamos HDF, OSB ou compensado com caracter\u00edsticas est\u00e1veis como material para molduras de arm\u00e1rios com excelente acabamento de bordas. Estes fazem com que os nossos arm\u00e1rios durem mais de 10 anos se forem devidamente mantidos.<\/p>\t\t\t\t\t\t\t\t<\/div>\n\t\t\t\t<\/div>\n\t\t\t\t<div class=\"elementor-element elementor-element-7b2e3136 elementor-tablet-align-center popmake-1598 elementor-widget elementor-widget-button\" data-id=\"7b2e3136\" data-element_type=\"widget\" data-widget_type=\"button.default\">\n\t\t\t\t<div class=\"elementor-widget-container\">\n\t\t\t\t\t\t\t\t\t<div class=\"elementor-button-wrapper\">\n\t\t\t\t\t<a class=\"elementor-button elementor-size-sm\" role=\"button\">\n\t\t\t\t\t\t<span class=\"elementor-button-content-wrapper\">\n\t\t\t\t\t\t\t\t\t<span class=\"elementor-button-text\">Solicitar Or\u00e7amento Agora<\/span>\n\t\t\t\t\t<\/span>\n\t\t\t\t\t<\/a>\n\t\t\t\t<\/div>\n\t\t\t\t\t\t\t\t<\/div>\n\t\t\t\t<\/div>\n\t\t\t\t<\/div>\n\t\t<div class=\"elementor-element elementor-element-650ed92b e-con-full e-flex e-con e-child\" data-id=\"650ed92b\" data-element_type=\"container\">\n\t\t\t\t<div class=\"elementor-element elementor-element-5a590f9d elementor-widget elementor-widget-image\" data-id=\"5a590f9d\" data-element_type=\"widget\" data-widget_type=\"image.default\">\n\t\t\t\t<div class=\"elementor-widget-container\">\n\t\t\t\t\t\t\t\t\t\t\t\t\t\t\t<img decoding=\"async\" width=\"550\" height=\"610\" src=\"https:\/\/www.ajflyinghome.com\/wp-content\/uploads\/2025\/01\/Base-Material-Options.webp\" class=\"attachment-large size-large wp-image-3297\" alt=\"Op\u00e7\u00f5es de Material de Base\" title=\"\">\t\t\t\t\t\t\t\t\t\t\t\t\t\t\t<\/div>\n\t\t\t\t<\/div>\n\t\t\t\t<\/div>\n\t\t\t\t\t<\/div>\n\t\t\t\t<\/div>\n\t\t<div class=\"elementor-element elementor-element-3ce9fc87 e-flex e-con-boxed e-con e-parent\" data-id=\"3ce9fc87\" data-element_type=\"container\" data-settings=\"{&quot;background_background&quot;:&quot;classic&quot;}\">\n\t\t\t\t\t<div class=\"e-con-inner\">\n\t\t<div class=\"elementor-element elementor-element-4ba1beee e-flex e-con-boxed e-con e-child\" data-id=\"4ba1beee\" data-element_type=\"container\" data-settings=\"{&quot;background_background&quot;:&quot;classic&quot;}\">\n\t\t\t\t\t<div class=\"e-con-inner\">\n\t\t<div class=\"elementor-element elementor-element-2c6574b2 e-con-full e-flex e-con e-child\" data-id=\"2c6574b2\" data-element_type=\"container\" data-settings=\"{&quot;background_background&quot;:&quot;classic&quot;}\">\n\t\t\t\t<div class=\"elementor-element elementor-element-15fb9645 elementor-widget elementor-widget-heading\" data-id=\"15fb9645\" data-element_type=\"widget\" data-widget_type=\"heading.default\">\n\t\t\t\t<div class=\"elementor-widget-container\">\n\t\t\t\t\t<h2 class=\"elementor-heading-title elementor-size-default\">Aplica\u00e7\u00f5es<\/h2>\t\t\t\t<\/div>\n\t\t\t\t<\/div>\n\t\t\t\t<div class=\"elementor-element elementor-element-e23ab79 elementor-widget elementor-widget-text-editor\" data-id=\"e23ab79\" data-element_type=\"widget\" data-widget_type=\"text-editor.default\">\n\t\t\t\t<div class=\"elementor-widget-container\">\n\t\t\t\t\t\t\t\t\t<p>Arm\u00e1rios em forma de L podem ser utilizados em cozinhas pequenas para criar um espa\u00e7o de conceito aberto, fazendo a sua cozinha parecer maior. Para uma cozinha grande com arm\u00e1rio em forma de L, pode colocar um <a href=\"https:\/\/www.ajflyinghome.com\/pt\/bespoke-kitchen-island\/\">arm\u00e1rio ilha<\/a> no meio para servir como espa\u00e7o adicional de prepara\u00e7\u00e3o e assentos.<\/p><p>Al\u00e9m disso, os arm\u00e1rios em forma de L s\u00e3o vers\u00e1teis, podem ser aplicados na sala de estar ou em recantos de janelas para ampliar o espa\u00e7o de armazenamento e manter o espa\u00e7o organizado.<\/p>\t\t\t\t\t\t\t\t<\/div>\n\t\t\t\t<\/div>\n\t\t\t\t<div class=\"elementor-element elementor-element-4a343b1f elementor-tablet-align-justify elementor-align-justify popmake-1598 elementor-widget elementor-widget-button\" data-id=\"4a343b1f\" data-element_type=\"widget\" data-widget_type=\"button.default\">\n\t\t\t\t<div class=\"elementor-widget-container\">\n\t\t\t\t\t\t\t\t\t<div class=\"elementor-button-wrapper\">\n\t\t\t\t\t<a class=\"elementor-button elementor-size-sm\" role=\"button\">\n\t\t\t\t\t\t<span class=\"elementor-button-content-wrapper\">\n\t\t\t\t\t\t\t\t\t<span class=\"elementor-button-text\">Marcar consulta<\/span>\n\t\t\t\t\t<\/span>\n\t\t\t\t\t<\/a>\n\t\t\t\t<\/div>\n\t\t\t\t\t\t\t\t<\/div>\n\t\t\t\t<\/div>\n\t\t\t\t<\/div>\n\t\t\t\t\t<\/div>\n\t\t\t\t<\/div>\n\t\t\t\t\t<\/div>\n\t\t\t\t<\/div>\n\t\t<div class=\"elementor-element elementor-element-198ca37 e-flex e-con-boxed e-con e-parent\" data-id=\"198ca37\" data-element_type=\"container\">\n\t\t\t\t\t<div class=\"e-con-inner\">\n\t\t<div class=\"elementor-element elementor-element-58556fa e-con-full e-flex e-con e-child\" data-id=\"58556fa\" data-element_type=\"container\">\n\t\t\t\t<div class=\"elementor-element elementor-element-b3bcfa1 elementor-widget elementor-widget-image\" data-id=\"b3bcfa1\" data-element_type=\"widget\" data-widget_type=\"image.default\">\n\t\t\t\t<div class=\"elementor-widget-container\">\n\t\t\t\t\t\t\t\t\t\t\t\t\t\t\t<img decoding=\"async\" width=\"550\" height=\"590\" src=\"https:\/\/www.ajflyinghome.com\/wp-content\/uploads\/2025\/01\/Color-and-Finishing.webp\" class=\"attachment-large size-large wp-image-3287\" alt=\"\" title=\"\">\t\t\t\t\t\t\t\t\t\t\t\t\t\t\t<\/div>\n\t\t\t\t<\/div>\n\t\t\t\t<\/div>\n\t\t<div class=\"elementor-element elementor-element-c750c90 e-con-full e-flex e-con e-child\" data-id=\"c750c90\" data-element_type=\"container\">\n\t\t\t\t<div class=\"elementor-element elementor-element-716ab3c elementor-widget elementor-widget-heading\" data-id=\"716ab3c\" data-element_type=\"widget\" data-widget_type=\"heading.default\">\n\t\t\t\t<div class=\"elementor-widget-container\">\n\t\t\t\t\t<h2 class=\"elementor-heading-title elementor-size-default\">Cor e Acabamento Personalizados<\/h2>\t\t\t\t<\/div>\n\t\t\t\t<\/div>\n\t\t\t\t<div class=\"elementor-element elementor-element-462509f elementor-widget elementor-widget-text-editor\" data-id=\"462509f\" data-element_type=\"widget\" data-widget_type=\"text-editor.default\">\n\t\t\t\t<div class=\"elementor-widget-container\">\n\t\t\t\t\t\t\t\t\t<p>A superf\u00edcie do arm\u00e1rio em forma de L pode ser tratada com <a href=\"https:\/\/www.ajflyinghome.com\/pt\/melamine-kitchen-cabinet\/\">Melamina<\/a> material para oferecer superf\u00edcies foscas ou brilhantes com padr\u00e3o de madeira, textura ou cores s\u00f3lidas, requerem menos cuidados m\u00ednimos e s\u00e3o f\u00e1ceis de limpar.<\/p><p>AJ Flying oferece tratamento de superf\u00edcie em folheado com apar\u00eancia aut\u00eantica de madeira, oferecendo os benef\u00edcios de materiais de n\u00facleo engenheirados.<\/p>\t\t\t\t\t\t\t\t<\/div>\n\t\t\t\t<\/div>\n\t\t\t\t<div class=\"elementor-element elementor-element-eebb6fb elementor-tablet-align-center popmake-1598 elementor-widget elementor-widget-button\" data-id=\"eebb6fb\" data-element_type=\"widget\" data-widget_type=\"button.default\">\n\t\t\t\t<div class=\"elementor-widget-container\">\n\t\t\t\t\t\t\t\t\t<div class=\"elementor-button-wrapper\">\n\t\t\t\t\t<a class=\"elementor-button elementor-size-sm\" role=\"button\">\n\t\t\t\t\t\t<span class=\"elementor-button-content-wrapper\">\n\t\t\t\t\t\t\t\t\t<span class=\"elementor-button-text\">Solicitar Or\u00e7amento Agora<\/span>\n\t\t\t\t\t<\/span>\n\t\t\t\t\t<\/a>\n\t\t\t\t<\/div>\n\t\t\t\t\t\t\t\t<\/div>\n\t\t\t\t<\/div>\n\t\t\t\t<\/div>\n\t\t\t\t\t<\/div>\n\t\t\t\t<\/div>\n\t\t<div class=\"elementor-element elementor-element-c03a4f4 e-flex e-con-boxed e-con e-parent\" data-id=\"c03a4f4\" data-element_type=\"container\">\n\t\t\t\t\t<div class=\"e-con-inner\">\n\t\t<div class=\"elementor-element elementor-element-8d16f29 e-con-full e-flex e-con e-child\" data-id=\"8d16f29\" data-element_type=\"container\">\n\t\t\t\t<div class=\"elementor-element elementor-element-348726d elementor-widget elementor-widget-heading\" data-id=\"348726d\" data-element_type=\"widget\" data-widget_type=\"heading.default\">\n\t\t\t\t<div class=\"elementor-widget-container\">\n\t\t\t\t\t<h2 class=\"elementor-heading-title elementor-size-default\">Estilos Personalizados de Portas de Arm\u00e1rio<\/h2>\t\t\t\t<\/div>\n\t\t\t\t<\/div>\n\t\t\t\t<div class=\"elementor-element elementor-element-c760576 elementor-widget elementor-widget-text-editor\" data-id=\"c760576\" data-element_type=\"widget\" data-widget_type=\"text-editor.default\">\n\t\t\t\t<div class=\"elementor-widget-container\">\n\t\t\t\t\t\t\t\t\t<p>A AJ Flying oferece uma variedade de estilos de portas de arm\u00e1rio para o seu arm\u00e1rio de cozinha em forma de L. Portas de painel plano ou chapa com superf\u00edcies planas e lisas criam arm\u00e1rios de cozinha modernos e minimalistas. Escolha entre portas de painel elevado com bordas decorativas para cozinhas tradicionais e cl\u00e1ssicas.<\/p><p>Se preferir arm\u00e1rios de estilo transicional, podemos fornecer um arm\u00e1rio em forma de L com estilo shaker rebaixado.<\/p>\t\t\t\t\t\t\t\t<\/div>\n\t\t\t\t<\/div>\n\t\t\t\t<div class=\"elementor-element elementor-element-20051b0 elementor-tablet-align-center popmake-1598 elementor-widget elementor-widget-button\" data-id=\"20051b0\" data-element_type=\"widget\" data-widget_type=\"button.default\">\n\t\t\t\t<div class=\"elementor-widget-container\">\n\t\t\t\t\t\t\t\t\t<div class=\"elementor-button-wrapper\">\n\t\t\t\t\t<a class=\"elementor-button elementor-size-sm\" role=\"button\">\n\t\t\t\t\t\t<span class=\"elementor-button-content-wrapper\">\n\t\t\t\t\t\t\t\t\t<span class=\"elementor-button-text\">Solicitar Or\u00e7amento Agora<\/span>\n\t\t\t\t\t<\/span>\n\t\t\t\t\t<\/a>\n\t\t\t\t<\/div>\n\t\t\t\t\t\t\t\t<\/div>\n\t\t\t\t<\/div>\n\t\t\t\t<\/div>\n\t\t<div class=\"elementor-element elementor-element-cdd328b e-con-full e-flex e-con e-child\" data-id=\"cdd328b\" data-element_type=\"container\">\n\t\t\t\t<div class=\"elementor-element elementor-element-9ac20b7 elementor-widget elementor-widget-image\" data-id=\"9ac20b7\" data-element_type=\"widget\" data-widget_type=\"image.default\">\n\t\t\t\t<div class=\"elementor-widget-container\">\n\t\t\t\t\t\t\t\t\t\t\t\t\t\t\t<img loading=\"lazy\" decoding=\"async\" width=\"575\" height=\"715\" src=\"https:\/\/www.ajflyinghome.com\/wp-content\/uploads\/2024\/12\/AJ-Flying-Cabinet-Door-Options.webp\" class=\"attachment-large size-large wp-image-3032\" alt=\"Estilo de Porta de Arm\u00e1rio\" title=\"\">\t\t\t\t\t\t\t\t\t\t\t\t\t\t\t<\/div>\n\t\t\t\t<\/div>\n\t\t\t\t<\/div>\n\t\t\t\t\t<\/div>\n\t\t\t\t<\/div>\n\t\t\t\t<\/div>","protected":false},"excerpt":{"rendered":"<p>Arm\u00e1rio de Cozinha em Forma de L Os arm\u00e1rios de cozinha em forma de L oferecem espa\u00e7o de armazenamento suficiente e uma disposi\u00e7\u00e3o altamente eficiente do tri\u00e2ngulo de cozinha no fluxo ergon\u00f3mico. A AJ Flying disponibiliza uma gama completa de op\u00e7\u00f5es personalizadas, incluindo tamanhos, cores, materiais, coloca\u00e7\u00e3o de eletrodom\u00e9sticos, bancadas, etc. Solicite Agora Fabricante de Arm\u00e1rios de Cozinha em Forma de L em Portugal A AJ Flying, arm\u00e1rio de cozinha em forma de L \u00e9 [\u2026]<\/p>","protected":false},"author":1,"featured_media":3302,"parent":0,"menu_order":0,"comment_status":"closed","ping_status":"closed","template":"elementor_header_footer","meta":{"_acf_changed":false,"footnotes":""},"class_list":["post-3252","page","type-page","status-publish","has-post-thumbnail","hentry"],"blocksy_meta":[],"acf":[],"_links":{"self":[{"href":"https:\/\/www.ajflyinghome.com\/pt\/wp-json\/wp\/v2\/pages\/3252","targetHints":{"allow":["GET"]}}],"collection":[{"href":"https:\/\/www.ajflyinghome.com\/pt\/wp-json\/wp\/v2\/pages"}],"about":[{"href":"https:\/\/www.ajflyinghome.com\/pt\/wp-json\/wp\/v2\/types\/page"}],"author":[{"embeddable":true,"href":"https:\/\/www.ajflyinghome.com\/pt\/wp-json\/wp\/v2\/users\/1"}],"replies":[{"embeddable":true,"href":"https:\/\/www.ajflyinghome.com\/pt\/wp-json\/wp\/v2\/comments?post=3252"}],"version-history":[{"count":0,"href":"https:\/\/www.ajflyinghome.com\/pt\/wp-json\/wp\/v2\/pages\/3252\/revisions"}],"wp:featuredmedia":[{"embeddable":true,"href":"https:\/\/www.ajflyinghome.com\/pt\/wp-json\/wp\/v2\/media\/3302"}],"wp:attachment":[{"href":"https:\/\/www.ajflyinghome.com\/pt\/wp-json\/wp\/v2\/media?parent=3252"}],"curies":[{"name":"wp","href":"https:\/\/api.w.org\/{rel}","templated":true}]}}