{"id":791,"date":"2022-07-28T07:00:19","date_gmt":"2022-07-28T07:00:19","guid":{"rendered":"https:\/\/startersites.io\/elementor\/bizconsult\/?page_id=791"},"modified":"2025-11-03T09:19:25","modified_gmt":"2025-11-03T01:19:25","slug":"about-us","status":"publish","type":"page","link":"https:\/\/www.ajflyinghome.com\/pt\/about-us\/","title":{"rendered":"Sobre N\u00f3s"},"content":{"rendered":"<div data-elementor-type=\"wp-page\" data-elementor-id=\"791\" class=\"elementor elementor-791\">\n\t\t\t\t<div class=\"elementor-element elementor-element-eeed4cb e-flex e-con-boxed e-con e-parent\" data-id=\"eeed4cb\" data-element_type=\"container\" data-settings=\"{&quot;background_background&quot;:&quot;classic&quot;}\">\n\t\t\t\t\t<div class=\"e-con-inner\">\n\t\t\t\t<div class=\"elementor-element elementor-element-337a5f1 elementor-widget elementor-widget-heading\" data-id=\"337a5f1\" data-element_type=\"widget\" data-widget_type=\"heading.default\">\n\t\t\t\t<div class=\"elementor-widget-container\">\n\t\t\t\t\t<h2 class=\"elementor-heading-title elementor-size-default\">Sobre a AJ Flying<\/h2>\t\t\t\t<\/div>\n\t\t\t\t<\/div>\n\t\t\t\t<div class=\"elementor-element elementor-element-451373a elementor-widget elementor-widget-image\" data-id=\"451373a\" data-element_type=\"widget\" data-widget_type=\"image.default\">\n\t\t\t\t<div class=\"elementor-widget-container\">\n\t\t\t\t\t\t\t\t\t\t\t\t\t\t\t<img fetchpriority=\"high\" decoding=\"async\" width=\"1290\" height=\"540\" src=\"https:\/\/www.ajflyinghome.com\/wp-content\/uploads\/2024\/09\/About-AJ.webp\" class=\"attachment-full size-full wp-image-1698\" alt=\"Sobre a AJ\" srcset=\"https:\/\/www.ajflyinghome.com\/wp-content\/uploads\/2024\/09\/About-AJ.webp 1290w, https:\/\/www.ajflyinghome.com\/wp-content\/uploads\/2024\/09\/About-AJ-768x321.webp 768w\" sizes=\"(max-width: 1290px) 100vw, 1290px\" title=\"\">\t\t\t\t\t\t\t\t\t\t\t\t\t\t\t<\/div>\n\t\t\t\t<\/div>\n\t\t\t\t\t<\/div>\n\t\t\t\t<\/div>\n\t\t<div class=\"elementor-element elementor-element-52b5f5b e-flex e-con-boxed e-con e-parent\" data-id=\"52b5f5b\" data-element_type=\"container\">\n\t\t\t\t\t<div class=\"e-con-inner\">\n\t\t\t\t<div class=\"elementor-element elementor-element-5ee7417 elementor-widget elementor-widget-text-editor\" data-id=\"5ee7417\" data-element_type=\"widget\" data-widget_type=\"text-editor.default\">\n\t\t\t\t<div class=\"elementor-widget-container\">\n\t\t\t\t\t\t\t\t\t<p>A AJ Flying est\u00e1 localizada na Rua Chuang Xiang, Cidade Xin Tang, Guangdong, Guangzhou, China. Fomos fundados em 2008 e j\u00e1 atendemos mais de 5000 clientes em todo o mundo, com experi\u00eancia profissional na ind\u00fastria e linhas de produ\u00e7\u00e3o avan\u00e7adas.<\/p><p>A nossa \u00e1rea de produ\u00e7\u00e3o de arm\u00e1rios \u00e9 superior a 90.000 metros quadrados, possibilitando a produ\u00e7\u00e3o de mais de 270.000 conjuntos de arm\u00e1rios por ano. Isso permite-nos oferecer uma capacidade de entrega incompar\u00e1vel. Al\u00e9m disso, oferecemos uma vasta gama de materiais e op\u00e7\u00f5es de acabamento para criar v\u00e1rias op\u00e7\u00f5es de arm\u00e1rios.<\/p><p>Personalizamos qualquer m\u00f3vel para o seu espa\u00e7o, os principais produtos incluem arm\u00e1rios de cozinha, roupeiros, lavabos de casa de banho, etc. Com m\u00e1quinas Homag alem\u00e3s para formar linhas de produ\u00e7\u00e3o autom\u00e1ticas avan\u00e7adas, a AJ Flying pode oferecer arm\u00e1rios com a m\u00e1xima precis\u00e3o e durabilidade, de acordo com os padr\u00f5es internacionais.<\/p>\t\t\t\t\t\t\t\t<\/div>\n\t\t\t\t<\/div>\n\t\t\t\t\t<\/div>\n\t\t\t\t<\/div>\n\t\t<div class=\"elementor-element elementor-element-61422b7 e-flex e-con-boxed e-con e-parent\" data-id=\"61422b7\" data-element_type=\"container\">\n\t\t\t\t\t<div class=\"e-con-inner\">\n\t\t\t\t<div class=\"elementor-element elementor-element-d0b04b1 elementor-widget-divider--view-line elementor-widget elementor-widget-divider\" data-id=\"d0b04b1\" data-element_type=\"widget\" data-widget_type=\"divider.default\">\n\t\t\t\t<div class=\"elementor-widget-container\">\n\t\t\t\t\t\t\t<div class=\"elementor-divider\">\n\t\t\t<span class=\"elementor-divider-separator\">\n\t\t\t\t\t\t<\/span>\n\t\t<\/div>\n\t\t\t\t\t\t<\/div>\n\t\t\t\t<\/div>\n\t\t\t\t\t<\/div>\n\t\t\t\t<\/div>\n\t\t<div class=\"elementor-element elementor-element-d75455c e-flex e-con-boxed e-con e-parent\" data-id=\"d75455c\" data-element_type=\"container\" data-settings=\"{&quot;background_background&quot;:&quot;classic&quot;}\">\n\t\t\t\t\t<div class=\"e-con-inner\">\n\t\t\t\t<div class=\"elementor-element elementor-element-f71b5ee elementor-widget__width-initial elementor-widget-tablet__width-inherit elementor-widget elementor-widget-image\" data-id=\"f71b5ee\" data-element_type=\"widget\" data-widget_type=\"image.default\">\n\t\t\t\t<div class=\"elementor-widget-container\">\n\t\t\t\t\t\t\t\t\t\t\t\t\t\t\t<img decoding=\"async\" width=\"600\" height=\"730\" src=\"https:\/\/www.ajflyinghome.com\/wp-content\/uploads\/2024\/09\/Better-Communication-with-US.webp\" class=\"attachment-large size-large wp-image-1699\" alt=\"Melhor Comunica\u00e7\u00e3o connosco\" title=\"\">\t\t\t\t\t\t\t\t\t\t\t\t\t\t\t<\/div>\n\t\t\t\t<\/div>\n\t\t<div class=\"elementor-element elementor-element-e5cc82e e-con-full e-flex e-con e-child\" data-id=\"e5cc82e\" data-element_type=\"container\">\n\t\t\t\t<div class=\"elementor-element elementor-element-e99846e elementor-widget elementor-widget-heading\" data-id=\"e99846e\" data-element_type=\"widget\" data-widget_type=\"heading.default\">\n\t\t\t\t<div class=\"elementor-widget-container\">\n\t\t\t\t\t<h2 class=\"elementor-heading-title elementor-size-default\">Melhor Comunica\u00e7\u00e3o<\/h2>\t\t\t\t<\/div>\n\t\t\t\t<\/div>\n\t\t\t\t<div class=\"elementor-element elementor-element-7edccbd elementor-widget elementor-widget-text-editor\" data-id=\"7edccbd\" data-element_type=\"widget\" data-widget_type=\"text-editor.default\">\n\t\t\t\t<div class=\"elementor-widget-container\">\n\t\t\t\t\t\t\t\t\t<p>A comunica\u00e7\u00e3o ser\u00e1 um grande desafio se desejar personalizar arm\u00e1rios provenientes da China. A AJ Flying tem exportado arm\u00e1rios para todo o mundo h\u00e1 mais de 16 anos, com vasta experi\u00eancia em projetos e na ind\u00fastria, conseguimos identificar rapidamente os seus gostos e requisitos \u00fanicos, mesmo que seja de diferentes pa\u00edses com culturas distintas.<\/p><p>Estamos orgulhosos n\u00e3o s\u00f3 da nossa vasta experi\u00eancia na ind\u00fastria, mas tamb\u00e9m da nossa atitude acess\u00edvel. A AJ Flying respeita totalmente os seus conceitos de design e podemos integr\u00e1-los na produ\u00e7\u00e3o ap\u00f3s uma comunica\u00e7\u00e3o clara. Por \u00faltimo, ajudaremos a identificar aspectos irrazo\u00e1veis para melhorar o plano atrav\u00e9s de uma comunica\u00e7\u00e3o adicional com a nossa experi\u00eancia. Garantindo que todos os produtos entregues sejam o que necessita e que possa usar.<\/p>\t\t\t\t\t\t\t\t<\/div>\n\t\t\t\t<\/div>\n\t\t\t\t<div class=\"elementor-element elementor-element-27fa672 elementor-tablet-align-center popmake-1598 elementor-widget elementor-widget-button\" data-id=\"27fa672\" data-element_type=\"widget\" data-widget_type=\"button.default\">\n\t\t\t\t<div class=\"elementor-widget-container\">\n\t\t\t\t\t\t\t\t\t<div class=\"elementor-button-wrapper\">\n\t\t\t\t\t<a class=\"elementor-button elementor-button-link elementor-size-sm\" href=\"#\">\n\t\t\t\t\t\t<span class=\"elementor-button-content-wrapper\">\n\t\t\t\t\t\t\t\t\t<span class=\"elementor-button-text\">Fale Conosco<\/span>\n\t\t\t\t\t<\/span>\n\t\t\t\t\t<\/a>\n\t\t\t\t<\/div>\n\t\t\t\t\t\t\t\t<\/div>\n\t\t\t\t<\/div>\n\t\t\t\t<\/div>\n\t\t\t\t\t<\/div>\n\t\t\t\t<\/div>\n\t\t<div class=\"elementor-element elementor-element-70784f7 e-flex e-con-boxed e-con e-parent\" data-id=\"70784f7\" data-element_type=\"container\" data-settings=\"{&quot;background_background&quot;:&quot;classic&quot;}\">\n\t\t\t\t\t<div class=\"e-con-inner\">\n\t\t<div class=\"elementor-element elementor-element-6d64a00 e-con-full e-flex e-con e-child\" data-id=\"6d64a00\" data-element_type=\"container\">\n\t\t\t\t<div class=\"elementor-element elementor-element-de208f7 elementor-widget elementor-widget-heading\" data-id=\"de208f7\" data-element_type=\"widget\" data-widget_type=\"heading.default\">\n\t\t\t\t<div class=\"elementor-widget-container\">\n\t\t\t\t\t<h2 class=\"elementor-heading-title elementor-size-default\">Certificados<\/h2>\t\t\t\t<\/div>\n\t\t\t\t<\/div>\n\t\t\t\t<div class=\"elementor-element elementor-element-64dc248 elementor-widget elementor-widget-text-editor\" data-id=\"64dc248\" data-element_type=\"widget\" data-widget_type=\"text-editor.default\">\n\t\t\t\t<div class=\"elementor-widget-container\">\n\t\t\t\t\t\t\t\t\t<p>A AJ Flying compromete-se com um neg\u00f3cio verde e sustent\u00e1vel para proteger o nosso ambiente. A nossa f\u00e1brica possui certifica\u00e7\u00e3o FSC para melhorar a pontua\u00e7\u00e3o LEED e construir edif\u00edcios verdes para si.<\/p><p>Para viver de forma melhor e segura, os nossos pain\u00e9is passaram pelas certifica\u00e7\u00f5es CARB e GreenGauard, indicando que os nossos arm\u00e1rios cumprem rigorosos padr\u00f5es de qualidade do ar, reduzindo o formalde\u00eddo e outras emiss\u00f5es nocivas no ambiente interior.<\/p><p>Al\u00e9m disso, a AJ Flying presta aten\u00e7\u00e3o \u00e0 qualidade dos arm\u00e1rios para evitar riscos potenciais. Todos cumprem os padr\u00f5es A161.1 estabelecidos pela ANSI e KCMA, apresentando bom desempenho em capacidade de carga e durabilidade.<\/p>\t\t\t\t\t\t\t\t<\/div>\n\t\t\t\t<\/div>\n\t\t\t\t<div class=\"elementor-element elementor-element-c1666f4 elementor-tablet-align-center popmake-1598 elementor-widget elementor-widget-button\" data-id=\"c1666f4\" data-element_type=\"widget\" data-widget_type=\"button.default\">\n\t\t\t\t<div class=\"elementor-widget-container\">\n\t\t\t\t\t\t\t\t\t<div class=\"elementor-button-wrapper\">\n\t\t\t\t\t<a class=\"elementor-button elementor-button-link elementor-size-sm\" href=\"#\">\n\t\t\t\t\t\t<span class=\"elementor-button-content-wrapper\">\n\t\t\t\t\t\t\t\t\t<span class=\"elementor-button-text\">Solicitar Or\u00e7amento Agora<\/span>\n\t\t\t\t\t<\/span>\n\t\t\t\t\t<\/a>\n\t\t\t\t<\/div>\n\t\t\t\t\t\t\t\t<\/div>\n\t\t\t\t<\/div>\n\t\t\t\t<\/div>\n\t\t\t\t<div class=\"elementor-element elementor-element-a6a5f41 elementor-widget__width-initial elementor-widget-tablet__width-inherit elementor-widget elementor-widget-image\" data-id=\"a6a5f41\" data-element_type=\"widget\" data-widget_type=\"image.default\">\n\t\t\t\t<div class=\"elementor-widget-container\">\n\t\t\t\t\t\t\t\t\t\t\t\t\t\t\t<img decoding=\"async\" width=\"600\" height=\"730\" src=\"https:\/\/www.ajflyinghome.com\/wp-content\/uploads\/2024\/09\/Certification.webp\" class=\"attachment-large size-large wp-image-1700\" alt=\"\" title=\"\">\t\t\t\t\t\t\t\t\t\t\t\t\t\t\t<\/div>\n\t\t\t\t<\/div>\n\t\t\t\t\t<\/div>\n\t\t\t\t<\/div>\n\t\t<div class=\"elementor-element elementor-element-48dee1f e-flex e-con-boxed e-con e-parent\" data-id=\"48dee1f\" data-element_type=\"container\" data-settings=\"{&quot;background_background&quot;:&quot;classic&quot;}\">\n\t\t\t\t\t<div class=\"e-con-inner\">\n\t\t\t\t<div class=\"elementor-element elementor-element-d46e85f elementor-widget elementor-widget-heading\" data-id=\"d46e85f\" data-element_type=\"widget\" data-widget_type=\"heading.default\">\n\t\t\t\t<div class=\"elementor-widget-container\">\n\t\t\t\t\t<h2 class=\"elementor-heading-title elementor-size-default\">Explore as Nossas Ideias \u00danicas<\/h2>\t\t\t\t<\/div>\n\t\t\t\t<\/div>\n\t\t\t\t<div class=\"elementor-element elementor-element-4a43e89 elementor-widget__width-initial elementor-widget-tablet__width-inherit elementor-widget elementor-widget-text-editor\" data-id=\"4a43e89\" data-element_type=\"widget\" data-widget_type=\"text-editor.default\">\n\t\t\t\t<div class=\"elementor-widget-container\">\n\t\t\t\t\t\t\t\t\t<p>A nossa equipa de design interna caracteriza-se por criatividade abundante e compet\u00eancias de design proficientes. Prometemos fornecer-lhe um plano de piso 2D em at\u00e9 2 dias e apresentar as suas ideias de design com renderiza\u00e7\u00f5es 3D em 3 a 5 dias, apenas se partilhar as suas ideias e requisitos exatos.<\/p><p>\u00a0<\/p><p>Envie-nos os seus requisitos agora e trabalhe connosco para obter ideias criativas inesperadas.<\/p>\t\t\t\t\t\t\t\t<\/div>\n\t\t\t\t<\/div>\n\t\t\t\t\t<\/div>\n\t\t\t\t<\/div>\n\t\t<div class=\"elementor-element elementor-element-9831759 e-flex e-con-boxed e-con e-parent\" data-id=\"9831759\" data-element_type=\"container\" data-settings=\"{&quot;background_background&quot;:&quot;classic&quot;}\">\n\t\t\t\t\t<div class=\"e-con-inner\">\n\t\t\t\t<div class=\"elementor-element elementor-element-5a05d2a elementor-widget__width-initial elementor-widget-tablet__width-inherit elementor-widget elementor-widget-image\" data-id=\"5a05d2a\" data-element_type=\"widget\" data-widget_type=\"image.default\">\n\t\t\t\t<div class=\"elementor-widget-container\">\n\t\t\t\t\t\t\t\t\t\t\t\t\t\t\t<img loading=\"lazy\" decoding=\"async\" width=\"600\" height=\"730\" src=\"https:\/\/www.ajflyinghome.com\/wp-content\/uploads\/2024\/09\/Inspection.webp\" class=\"attachment-large size-large wp-image-1702\" alt=\"Inspe\u00e7\u00e3o\" title=\"\">\t\t\t\t\t\t\t\t\t\t\t\t\t\t\t<\/div>\n\t\t\t\t<\/div>\n\t\t<div class=\"elementor-element elementor-element-0c91059 e-con-full e-flex e-con e-child\" data-id=\"0c91059\" data-element_type=\"container\">\n\t\t\t\t<div class=\"elementor-element elementor-element-183bce9 elementor-widget elementor-widget-heading\" data-id=\"183bce9\" data-element_type=\"widget\" data-widget_type=\"heading.default\">\n\t\t\t\t<div class=\"elementor-widget-container\">\n\t\t\t\t\t<h2 class=\"elementor-heading-title elementor-size-default\">Encomenda Sem Preocupa\u00e7\u00f5es<\/h2>\t\t\t\t<\/div>\n\t\t\t\t<\/div>\n\t\t\t\t<div class=\"elementor-element elementor-element-9dbadd1 elementor-widget elementor-widget-text-editor\" data-id=\"9dbadd1\" data-element_type=\"widget\" data-widget_type=\"text-editor.default\">\n\t\t\t\t<div class=\"elementor-widget-container\">\n\t\t\t\t\t\t\t\t\t<p>Na AJ Flying, a qualidade \u00e9 a coisa mais importante para n\u00f3s, pois n\u00e3o s\u00f3 afeta diretamente a reputa\u00e7\u00e3o da empresa e a competitividade no mercado, mas tamb\u00e9m determina a sua satisfa\u00e7\u00e3o.<\/p><p>Para melhor servi-lo, a AJ Flying estabeleceu um sistema completo de inspe\u00e7\u00e3o de qualidade em 2009, e criou uma equipa de controlo de qualidade bem treinada e respons\u00e1vel para garantir que os seus m\u00f3veis de arm\u00e1rio estejam em conformidade com os requisitos em todos os processos de produ\u00e7\u00e3o.<\/p>\t\t\t\t\t\t\t\t<\/div>\n\t\t\t\t<\/div>\n\t\t\t\t<div class=\"elementor-element elementor-element-a5f2fe4 elementor-tablet-align-center popmake-1598 elementor-widget elementor-widget-button\" data-id=\"a5f2fe4\" data-element_type=\"widget\" data-widget_type=\"button.default\">\n\t\t\t\t<div class=\"elementor-widget-container\">\n\t\t\t\t\t\t\t\t\t<div class=\"elementor-button-wrapper\">\n\t\t\t\t\t<a class=\"elementor-button elementor-button-link elementor-size-sm\" href=\"#\">\n\t\t\t\t\t\t<span class=\"elementor-button-content-wrapper\">\n\t\t\t\t\t\t\t\t\t<span class=\"elementor-button-text\">Enviar Consulta<\/span>\n\t\t\t\t\t<\/span>\n\t\t\t\t\t<\/a>\n\t\t\t\t<\/div>\n\t\t\t\t\t\t\t\t<\/div>\n\t\t\t\t<\/div>\n\t\t\t\t<\/div>\n\t\t\t\t\t<\/div>\n\t\t\t\t<\/div>\n\t\t\t\t<\/div>","protected":false},"excerpt":{"rendered":"<p>Sobre AJ Flying AJ Flying est\u00e1 localizada na Rua Chuang Xiang, Vila Xin Tang, Guangdong, Guangzhou, China. Fund\u00e1mos em 2008 e j\u00e1 atendemos mais de 5000 clientes em todo o mundo, com experi\u00eancia profissional na ind\u00fastria e linhas de produ\u00e7\u00e3o avan\u00e7adas. A nossa \u00e1rea de produ\u00e7\u00e3o de arm\u00e1rios \u00e9 superior a 90.000 metros quadrados, permitindo produzir mais de 270.000 conjuntos [\u2026]<\/p>","protected":false},"author":1,"featured_media":0,"parent":0,"menu_order":0,"comment_status":"closed","ping_status":"closed","template":"","meta":{"_acf_changed":false,"footnotes":""},"class_list":["post-791","page","type-page","status-publish","hentry"],"blocksy_meta":{"page_title_panel":"","has_hero_section":"disabled","da5b4872f9e8334623972e2d166fd56a":"","hero_section":"type-1","hero_elements":[{"id":"custom_title","enabled":true,"heading_tag":"h1","title":"Home"},{"id":"custom_description","enabled":true,"description_visibility":{"desktop":true,"tablet":true,"mobile":false}},{"id":"custom_meta","enabled":false,"meta_elements":[{"id":"author","enabled":true,"label":"By","has_author_avatar":"yes","avatar_size":25},{"id":"post_date","enabled":true,"label":"On","date_format_source":"default","date_format":"M j, Y"},{"id":"updated_date","enabled":false,"label":"On","date_format_source":"default","date_format":"M j, Y"},{"id":"categories","enabled":false,"label":"In","style":"simple"},{"id":"comments","enabled":true}],"page_meta_elements":{"joined":true,"articles_count":true,"comments":true}},{"id":"breadcrumbs","enabled":false}],"e6d535d3e1e37507fc0033d9ef7c98b0":"","hero_alignment1":"CT_CSS_SKIP_RULE","hero_margin":40,"hero_alignment2":"center","hero_vertical_alignment":"center","af604582675f2c6b2d61704d7aa0b27c":"","hero_structure":"narrow","ce6f705cef06fac676ecc48a8a6948fd":"","page_title_bg_type":"featured_image","custom_hero_background":{"attachment_id":null},"page_title_image_size":"full","parallax":{"desktop":false,"tablet":false,"mobile":false},"bd6f81ef84ae85f9e69d912b8ee9c623":"","hero_height":"250px","pageTitleFont":{"family":"Default","variation":"Default","size":"30px","line-height":"CT_CSS_SKIP_RULE","letter-spacing":"CT_CSS_SKIP_RULE","text-transform":"CT_CSS_SKIP_RULE","text-decoration":"CT_CSS_SKIP_RULE"},"pageTitleFontColor":{"default":{"color":"CT_CSS_SKIP_RULEDEFAULT"}},"pageMetaFont":{"family":"Default","variation":"n6","size":"12px","line-height":"1.3","letter-spacing":"CT_CSS_SKIP_RULE","text-transform":"uppercase","text-decoration":"CT_CSS_SKIP_RULE"},"pageMetaFontColor":{"default":{"color":"CT_CSS_SKIP_RULEDEFAULT"},"hover":{"color":"CT_CSS_SKIP_RULEDEFAULT"}},"page_meta_button_type_font_colors":{"default":{"color":"CT_CSS_SKIP_RULEDEFAULT"},"hover":{"color":"CT_CSS_SKIP_RULEDEFAULT"}},"page_meta_button_type_background_colors":{"default":{"color":"CT_CSS_SKIP_RULEDEFAULT"},"hover":{"color":"CT_CSS_SKIP_RULEDEFAULT"}},"pageExcerptFont":{"family":"Default","variation":"Default","size":"CT_CSS_SKIP_RULE","line-height":"CT_CSS_SKIP_RULE","letter-spacing":"CT_CSS_SKIP_RULE","text-transform":"CT_CSS_SKIP_RULE","text-decoration":"CT_CSS_SKIP_RULE"},"pageExcerptColor":{"default":{"color":"CT_CSS_SKIP_RULEDEFAULT"}},"breadcrumbsFont":{"family":"Default","variation":"Default","size":"CT_CSS_SKIP_RULE","line-height":"CT_CSS_SKIP_RULE","letter-spacing":"CT_CSS_SKIP_RULE","text-transform":"CT_CSS_SKIP_RULE","text-decoration":"CT_CSS_SKIP_RULE"},"breadcrumbsFontColor":{"default":{"color":"CT_CSS_SKIP_RULEDEFAULT"},"initial":{"color":"CT_CSS_SKIP_RULEDEFAULT"},"hover":{"color":"CT_CSS_SKIP_RULEDEFAULT"}},"pageTitleOverlay":{"background_type":"color","background_pattern":"type-1","background_image":{"attachment_id":null,"x":0,"y":0},"gradient":"linear-gradient(135deg,rgba(6,147,227,1) 0%,rgb(155,81,224) 100%)","background_repeat":"repeat","background_size":"auto","background_attachment":"scroll","patternColor":{"default":{"color":"#e5e7ea"}},"overlayColor":{"default":{"color":"CT_CSS_SKIP_RULE"}},"backgroundColor":{"default":{"color":"CT_CSS_SKIP_RULE"}}},"pageTitleBackground":{"background_type":"color","background_pattern":"type-1","background_image":{"attachment_id":null,"x":0,"y":0},"gradient":"linear-gradient(135deg,rgba(6,147,227,1) 0%,rgb(155,81,224) 100%)","background_repeat":"repeat","background_size":"auto","background_attachment":"scroll","patternColor":{"default":{"color":"#e5e7ea"}},"overlayColor":{"default":{"color":"CT_CSS_SKIP_RULE"}},"backgroundColor":{"default":{"color":"var(--theme-palette-color-6)"}}},"pageTitlePadding":{"top":"50px","bottom":"50px","left":"auto","right":"auto","linked":true},"8c4a6d2961d44fcfa49a0dd572b8a506":"","page_structure_type":"default","702871a7ab24e49134d063076717b1f5":"","content_style_source":"inherit","content_style":"wide","vertical_spacing_source":"custom","content_area_spacing":"none","background":{"background_type":"color","background_pattern":"type-1","background_image":{"attachment_id":null,"x":0,"y":0},"gradient":"linear-gradient(135deg,rgba(6,147,227,1) 0%,rgb(155,81,224) 100%)","background_repeat":"repeat","background_size":"auto","background_attachment":"scroll","patternColor":{"default":{"color":"#e5e7ea"}},"overlayColor":{"default":{"color":"CT_CSS_SKIP_RULE"}},"backgroundColor":{"default":{"color":"CT_CSS_SKIP_RULE"}}},"content_background":{"background_type":"color","background_pattern":"type-1","background_image":{"attachment_id":null,"x":0,"y":0},"gradient":"linear-gradient(135deg,rgba(6,147,227,1) 0%,rgb(155,81,224) 100%)","background_repeat":"repeat","background_size":"auto","background_attachment":"scroll","patternColor":{"default":{"color":"#e5e7ea"}},"overlayColor":{"default":{"color":"CT_CSS_SKIP_RULE"}},"backgroundColor":{"default":{"color":"var(--theme-palette-color-8)"}}},"content_boxed_shadow":{"inherit":false,"blur":18,"spread":-6,"v_offset":12,"h_offset":0,"inset":false,"enable":true,"color":{"color":"rgba(34, 56, 101, 0.04)"}},"content_boxed_border":{"width":1,"style":"none","color":{"color":"rgba(44,62,80,0.2)"}},"content_boxed_radius":{"top":"3px","bottom":"3px","left":"3px","right":"3px","linked":true},"boxed_content_spacing":{"desktop":{"top":"40px","bottom":"40px","left":"40px","right":"40px","linked":true},"tablet":{"top":"35px","bottom":"35px","left":"35px","right":"35px","linked":true},"mobile":{"top":"20px","bottom":"20px","left":"20px","right":"20px","linked":true}},"7922427f56353a5999fd9b23b8da9b06":"","disable_featured_image":"no","disable_share_box":"no","disable_header":"no","disable_footer":"no","styles_descriptor":{"styles":{"desktop":"","tablet":"","mobile":""},"google_fonts":[],"version":6}},"acf":[],"_links":{"self":[{"href":"https:\/\/www.ajflyinghome.com\/pt\/wp-json\/wp\/v2\/pages\/791","targetHints":{"allow":["GET"]}}],"collection":[{"href":"https:\/\/www.ajflyinghome.com\/pt\/wp-json\/wp\/v2\/pages"}],"about":[{"href":"https:\/\/www.ajflyinghome.com\/pt\/wp-json\/wp\/v2\/types\/page"}],"author":[{"embeddable":true,"href":"https:\/\/www.ajflyinghome.com\/pt\/wp-json\/wp\/v2\/users\/1"}],"replies":[{"embeddable":true,"href":"https:\/\/www.ajflyinghome.com\/pt\/wp-json\/wp\/v2\/comments?post=791"}],"version-history":[{"count":3,"href":"https:\/\/www.ajflyinghome.com\/pt\/wp-json\/wp\/v2\/pages\/791\/revisions"}],"predecessor-version":[{"id":6336,"href":"https:\/\/www.ajflyinghome.com\/pt\/wp-json\/wp\/v2\/pages\/791\/revisions\/6336"}],"wp:attachment":[{"href":"https:\/\/www.ajflyinghome.com\/pt\/wp-json\/wp\/v2\/media?parent=791"}],"curies":[{"name":"wp","href":"https:\/\/api.w.org\/{rel}","templated":true}]}}