{"id":2612,"date":"2024-11-27T14:10:30","date_gmt":"2024-11-27T06:10:30","guid":{"rendered":"https:\/\/www.ajflyinghome.com\/?page_id=2612"},"modified":"2025-04-27T10:28:08","modified_gmt":"2025-04-27T02:28:08","slug":"kitchen-base-cabinets","status":"publish","type":"page","link":"https:\/\/www.ajflyinghome.com\/tr\/kitchen-base-cabinets\/","title":{"rendered":"\u00c7in Mutfak Dolaplar\u0131 Temel Dolap Tedarik\u00e7ileri ve \u00dcreticileri"},"content":{"rendered":"<div data-elementor-type=\"wp-page\" data-elementor-id=\"2612\" class=\"elementor elementor-2612\">\n\t\t\t\t<div class=\"elementor-element elementor-element-2910a3af e-flex e-con-boxed e-con e-parent\" data-id=\"2910a3af\" data-element_type=\"container\" data-settings=\"{&quot;background_background&quot;:&quot;classic&quot;}\">\n\t\t\t\t\t<div class=\"e-con-inner\">\n\t\t<div class=\"elementor-element elementor-element-5446c508 e-con-full e-flex e-con e-child\" data-id=\"5446c508\" data-element_type=\"container\" data-settings=\"{&quot;background_background&quot;:&quot;classic&quot;}\">\n\t\t\t\t<div class=\"elementor-element elementor-element-2204c0a6 elementor-widget elementor-widget-heading\" data-id=\"2204c0a6\" data-element_type=\"widget\" data-widget_type=\"heading.default\">\n\t\t\t\t<div class=\"elementor-widget-container\">\n\t\t\t\t\t<h2 class=\"elementor-heading-title elementor-size-default\">Oem Mutfak Alt Dolaplar\u0131<\/h2>\t\t\t\t<\/div>\n\t\t\t\t<\/div>\n\t\t\t\t<div class=\"elementor-element elementor-element-1966011f elementor-widget elementor-widget-text-editor\" data-id=\"1966011f\" data-element_type=\"widget\" data-widget_type=\"text-editor.default\">\n\t\t\t\t<div class=\"elementor-widget-container\">\n\t\t\t\t\t\t\t\t\t<p>AJ Flying, T\u00fcrkiye'de tan\u0131nm\u0131\u015f bir mutfak dolab\u0131 tedarik\u00e7isi ve \u00fcreticisi olup, on y\u0131ldan fazla deneyime sahip, geni\u015f bir dolap tarz\u0131 ve boyut yelpazesi ile kapsaml\u0131 \u00f6zelle\u015ftirme hizmetleri sunmaktad\u0131r<\/p>\t\t\t\t\t\t\t\t<\/div>\n\t\t\t\t<\/div>\n\t\t\t\t<div class=\"elementor-element elementor-element-200b36e elementor-tablet-align-center popmake-1598 elementor-widget elementor-widget-button\" data-id=\"200b36e\" data-element_type=\"widget\" data-widget_type=\"button.default\">\n\t\t\t\t<div class=\"elementor-widget-container\">\n\t\t\t\t\t\t\t\t\t<div class=\"elementor-button-wrapper\">\n\t\t\t\t\t<a class=\"elementor-button elementor-size-sm\" role=\"button\">\n\t\t\t\t\t\t<span class=\"elementor-button-content-wrapper\">\n\t\t\t\t\t\t\t\t\t<span class=\"elementor-button-text\">Teklif Al<\/span>\n\t\t\t\t\t<\/span>\n\t\t\t\t\t<\/a>\n\t\t\t\t<\/div>\n\t\t\t\t\t\t\t\t<\/div>\n\t\t\t\t<\/div>\n\t\t\t\t<\/div>\n\t\t\t\t\t<\/div>\n\t\t\t\t<\/div>\n\t\t<div class=\"elementor-element elementor-element-48b01f65 e-flex e-con-boxed e-con e-parent\" data-id=\"48b01f65\" data-element_type=\"container\">\n\t\t\t\t\t<div class=\"e-con-inner\">\n\t\t\t\t<div class=\"elementor-element elementor-element-290a56ee elementor-widget elementor-widget-heading\" data-id=\"290a56ee\" data-element_type=\"widget\" data-widget_type=\"heading.default\">\n\t\t\t\t<div class=\"elementor-widget-container\">\n\t\t\t\t\t<h2 class=\"elementor-heading-title elementor-size-default\">Mutfak Alt Dolaplar\u0131 \u00dcreticisi<\/h2>\t\t\t\t<\/div>\n\t\t\t\t<\/div>\n\t\t\t\t<div class=\"elementor-element elementor-element-520197a4 elementor-widget elementor-widget-text-editor\" data-id=\"520197a4\" data-element_type=\"widget\" data-widget_type=\"text-editor.default\">\n\t\t\t\t<div class=\"elementor-widget-container\">\n\t\t\t\t\t\t\t\t\t<p>Mutfak dolaplar\u0131, mutfa\u011f\u0131n temel birimleri olup, mutfakta vazge\u00e7ilmez bir depolama alan\u0131d\u0131r. Genellikle \u00e7e\u015fitli mutfak gere\u00e7leri ve yiyeceklerin saklanmas\u0131nda kullan\u0131l\u0131rlar. T\u00fcrkiye'de tan\u0131nm\u0131\u015f bir mutfak dolab\u0131 tedarik\u00e7isi ve \u00fcreticisi olarak, AJ Flying on y\u0131ldan fazla s\u00fcredir mutfak dolab\u0131 alan\u0131nda derinlemesine \u00e7al\u0131\u015fmalar yapmakta ve m\u00fc\u015fterilere \u00e7e\u015fitli tarz ve boyutlarda dolaplar sunmay\u0131, kapsaml\u0131 \u00f6zelle\u015ftirme hizmetleri desteklemeyi taahh\u00fct etmektedir<\/p><p>Farkl\u0131 aile mutfaklar\u0131n\u0131n dekorasyon tarzlar\u0131na uyum sa\u011flamak amac\u0131yla, farkl\u0131 malzemelerden mutfak dolaplar\u0131 \u00fcretiyoruz. \u015eirketin tasar\u0131m m\u00fchendisleri, <a href=\"https:\/\/www.ajflyinghome.com\/tr\/page\/4\/?s=color&amp;ct_post_type=post%3Apage\">farkl\u0131 renklerde<\/a> ve tarzlarda mutfak dolaplar\u0131yla uyum sa\u011flayabilir ve mutfak dekorasyonunuza uygun \u00e7\u00f6z\u00fcmler sunabilir. Ayr\u0131ca, mutfak dolaplar\u0131 i\u00e7in \u00e7e\u015fitli aksesuarlar sa\u011flarlar.<\/p><p>Uygun bir mutfak dolab\u0131 ar\u0131yorsan\u0131z, size yard\u0131mc\u0131 olabiliriz!<\/p>\t\t\t\t\t\t\t\t<\/div>\n\t\t\t\t<\/div>\n\t\t\t\t<div class=\"elementor-element elementor-element-4866d0fb elementor-tablet-align-center popmake-1598 elementor-align-left elementor-widget elementor-widget-button\" data-id=\"4866d0fb\" data-element_type=\"widget\" data-widget_type=\"button.default\">\n\t\t\t\t<div class=\"elementor-widget-container\">\n\t\t\t\t\t\t\t\t\t<div class=\"elementor-button-wrapper\">\n\t\t\t\t\t<a class=\"elementor-button elementor-size-sm\" role=\"button\">\n\t\t\t\t\t\t<span class=\"elementor-button-content-wrapper\">\n\t\t\t\t\t\t\t\t\t<span class=\"elementor-button-text\">Teklif G\u00f6nder<\/span>\n\t\t\t\t\t<\/span>\n\t\t\t\t\t<\/a>\n\t\t\t\t<\/div>\n\t\t\t\t\t\t\t\t<\/div>\n\t\t\t\t<\/div>\n\t\t\t\t\t<\/div>\n\t\t\t\t<\/div>\n\t\t<div class=\"elementor-element elementor-element-59ee1eb2 e-flex e-con-boxed e-con e-parent\" data-id=\"59ee1eb2\" data-element_type=\"container\" data-settings=\"{&quot;background_background&quot;:&quot;classic&quot;}\">\n\t\t\t\t\t<div class=\"e-con-inner\">\n\t\t\t\t<div class=\"elementor-element elementor-element-4ce866f6 elementor-widget__width-initial elementor-widget-tablet__width-inherit elementor-widget elementor-widget-image\" data-id=\"4ce866f6\" data-element_type=\"widget\" data-widget_type=\"image.default\">\n\t\t\t\t<div class=\"elementor-widget-container\">\n\t\t\t\t\t\t\t\t\t\t\t\t\t\t\t<img fetchpriority=\"high\" decoding=\"async\" width=\"580\" height=\"715\" src=\"https:\/\/www.ajflyinghome.com\/wp-content\/uploads\/2024\/11\/Types-Of-Base-Cabinets.webp\" class=\"attachment-large size-large wp-image-2716\" alt=\"\" title=\"\">\t\t\t\t\t\t\t\t\t\t\t\t\t\t\t<\/div>\n\t\t\t\t<\/div>\n\t\t<div class=\"elementor-element elementor-element-7ee95799 e-con-full e-flex e-con e-child\" data-id=\"7ee95799\" data-element_type=\"container\">\n\t\t\t\t<div class=\"elementor-element elementor-element-5f9fce20 elementor-widget elementor-widget-heading\" data-id=\"5f9fce20\" data-element_type=\"widget\" data-widget_type=\"heading.default\">\n\t\t\t\t<div class=\"elementor-widget-container\">\n\t\t\t\t\t<h2 class=\"elementor-heading-title elementor-size-default\">Alt Dolap T\u00fcrleri<\/h2>\t\t\t\t<\/div>\n\t\t\t\t<\/div>\n\t\t\t\t<div class=\"elementor-element elementor-element-1eb066f2 elementor-widget elementor-widget-text-editor\" data-id=\"1eb066f2\" data-element_type=\"widget\" data-widget_type=\"text-editor.default\">\n\t\t\t\t<div class=\"elementor-widget-container\">\n\t\t\t\t\t\t\t\t\t<p>Alt dolaplar\u0131n tasar\u0131m\u0131 ve stili, do\u011frudan mutfa\u011f\u0131n verimlili\u011fini, esteti\u011fini ve genel tarz\u0131n\u0131 etkiler. A\u015fa\u011f\u0131da baz\u0131 yayg\u0131n mutfak alt dolab\u0131 stilleri bulunmaktad\u0131r. \u00d6zelle\u015ftirilmi\u015f bir stil ihtiyac\u0131n\u0131z varsa, l\u00fctfen bize CAD \u00e7izimleri sa\u011flay\u0131n veya fikirlerinizi anlat\u0131n:<\/p><ul><li>Lavabo Alt Dolab\u0131<\/li><li>K\u00f6\u015fe Alt Dolab\u0131<\/li><li>\u00c7ekmeceli Alt Dolap<\/li><li>Kap\u0131 ve Rafl\u0131 Alt Dolap<\/li><li>Kap\u0131 ve \u00c7ekmeceli Alt Dolap<\/li><li>Kiler Alt Dolab\u0131<\/li><li>F\u0131r\u0131n Alt Dolab\u0131<\/li><\/ul>\t\t\t\t\t\t\t\t<\/div>\n\t\t\t\t<\/div>\n\t\t\t\t<div class=\"elementor-element elementor-element-77ddda2b elementor-tablet-align-center popmake-1598 elementor-widget elementor-widget-button\" data-id=\"77ddda2b\" data-element_type=\"widget\" data-widget_type=\"button.default\">\n\t\t\t\t<div class=\"elementor-widget-container\">\n\t\t\t\t\t\t\t\t\t<div class=\"elementor-button-wrapper\">\n\t\t\t\t\t<a class=\"elementor-button elementor-size-sm\" role=\"button\">\n\t\t\t\t\t\t<span class=\"elementor-button-content-wrapper\">\n\t\t\t\t\t\t\t\t\t<span class=\"elementor-button-text\">Teklif Al<\/span>\n\t\t\t\t\t<\/span>\n\t\t\t\t\t<\/a>\n\t\t\t\t<\/div>\n\t\t\t\t\t\t\t\t<\/div>\n\t\t\t\t<\/div>\n\t\t\t\t<\/div>\n\t\t\t\t\t<\/div>\n\t\t\t\t<\/div>\n\t\t<div class=\"elementor-element elementor-element-70d79718 e-flex e-con-boxed e-con e-parent\" data-id=\"70d79718\" data-element_type=\"container\" data-settings=\"{&quot;background_background&quot;:&quot;classic&quot;}\">\n\t\t\t\t\t<div class=\"e-con-inner\">\n\t\t<div class=\"elementor-element elementor-element-248c626c e-con-full e-flex e-con e-child\" data-id=\"248c626c\" data-element_type=\"container\">\n\t\t\t\t<div class=\"elementor-element elementor-element-28bc4e59 elementor-widget elementor-widget-heading\" data-id=\"28bc4e59\" data-element_type=\"widget\" data-widget_type=\"heading.default\">\n\t\t\t\t<div class=\"elementor-widget-container\">\n\t\t\t\t\t<h2 class=\"elementor-heading-title elementor-size-default\">\u00d6zelle\u015ftirilmi\u015f Boyutlar<\/h2>\t\t\t\t<\/div>\n\t\t\t\t<\/div>\n\t\t\t\t<div class=\"elementor-element elementor-element-3492eb6c elementor-widget elementor-widget-text-editor\" data-id=\"3492eb6c\" data-element_type=\"widget\" data-widget_type=\"text-editor.default\">\n\t\t\t\t<div class=\"elementor-widget-container\">\n\t\t\t\t\t\t\t\t\t<p>Mutfak alt dolab\u0131n\u0131n boyutu, kullan\u0131c\u0131lar\u0131n \u00e7e\u015fitli ihtiya\u00e7lar\u0131n\u0131 dikkate alarak \u00f6zenle tasarlanm\u0131\u015f ve kalite kontrol\u00fc s\u0131k\u0131 bir \u015fekilde yap\u0131lm\u0131\u015ft\u0131r, b\u00f6ylece mutfak deneyimini geli\u015ftirmektedir:<\/p><p>Y\u00fckseklik genellikle 60 cm ile 90 cm aras\u0131nda olup, farkl\u0131 boylardaki kullan\u0131c\u0131lar\u0131n kullan\u0131m konforunu sa\u011flar;<\/p><p>Geni\u015flik a\u00e7\u0131s\u0131ndan, farkl\u0131 mutfak d\u00fczenlerine ve fonksiyonel gereksinimlere uyum sa\u011flamak i\u00e7in standart 30 in\u00e7 (Tek hazne lavabo), 33 in\u00e7 (\u00c7ift hazne, kayd\u0131rmal\u0131 lavabo), 36 in\u00e7 (\u00c7ift hazne lavabo), 48 in\u00e7 veya 9 ila 24 in\u00e7 ve di\u011fer se\u00e7enekler sunuyoruz;<\/p><p>Derinlik genellikle 21.7 ile 24 in\u00e7 aras\u0131nda olup, yeterli depolama alan\u0131 sa\u011flar ve kullan\u0131c\u0131lar\u0131n e\u011filmesini engelleyerek fiziksel y\u00fck\u00fc azalt\u0131r.<\/p>\t\t\t\t\t\t\t\t<\/div>\n\t\t\t\t<\/div>\n\t\t\t\t<div class=\"elementor-element elementor-element-210d6121 elementor-tablet-align-center popmake-1598 elementor-widget elementor-widget-button\" data-id=\"210d6121\" data-element_type=\"widget\" data-widget_type=\"button.default\">\n\t\t\t\t<div class=\"elementor-widget-container\">\n\t\t\t\t\t\t\t\t\t<div class=\"elementor-button-wrapper\">\n\t\t\t\t\t<a class=\"elementor-button elementor-size-sm\" role=\"button\">\n\t\t\t\t\t\t<span class=\"elementor-button-content-wrapper\">\n\t\t\t\t\t\t\t\t\t<span class=\"elementor-button-text\">Hemen Sorgula<\/span>\n\t\t\t\t\t<\/span>\n\t\t\t\t\t<\/a>\n\t\t\t\t<\/div>\n\t\t\t\t\t\t\t\t<\/div>\n\t\t\t\t<\/div>\n\t\t\t\t<\/div>\n\t\t<div class=\"elementor-element elementor-element-64dc74d4 e-con-full e-flex e-con e-child\" data-id=\"64dc74d4\" data-element_type=\"container\">\n\t\t\t\t<div class=\"elementor-element elementor-element-203d6dfa elementor-widget elementor-widget-image\" data-id=\"203d6dfa\" data-element_type=\"widget\" data-widget_type=\"image.default\">\n\t\t\t\t<div class=\"elementor-widget-container\">\n\t\t\t\t\t\t\t\t\t\t\t\t\t\t\t<img decoding=\"async\" width=\"515\" height=\"345\" src=\"https:\/\/www.ajflyinghome.com\/wp-content\/uploads\/2024\/11\/Custom-Sizes.webp\" class=\"attachment-large size-large wp-image-2713\" alt=\"Baz dolap boyutlar\u0131\" title=\"\">\t\t\t\t\t\t\t\t\t\t\t\t\t\t\t<\/div>\n\t\t\t\t<\/div>\n\t\t\t\t<\/div>\n\t\t\t\t\t<\/div>\n\t\t\t\t<\/div>\n\t\t<div class=\"elementor-element elementor-element-458c93e0 e-flex e-con-boxed e-con e-parent\" data-id=\"458c93e0\" data-element_type=\"container\" data-settings=\"{&quot;background_background&quot;:&quot;classic&quot;}\">\n\t\t\t\t\t<div class=\"e-con-inner\">\n\t\t<div class=\"elementor-element elementor-element-2f6d58b3 e-flex e-con-boxed e-con e-child\" data-id=\"2f6d58b3\" data-element_type=\"container\" data-settings=\"{&quot;background_background&quot;:&quot;classic&quot;}\">\n\t\t\t\t\t<div class=\"e-con-inner\">\n\t\t<div class=\"elementor-element elementor-element-6e7213ce e-con-full e-flex e-con e-child\" data-id=\"6e7213ce\" data-element_type=\"container\" data-settings=\"{&quot;background_background&quot;:&quot;classic&quot;}\">\n\t\t\t\t<div class=\"elementor-element elementor-element-33f08f9c elementor-widget elementor-widget-heading\" data-id=\"33f08f9c\" data-element_type=\"widget\" data-widget_type=\"heading.default\">\n\t\t\t\t<div class=\"elementor-widget-container\">\n\t\t\t\t\t<h2 class=\"elementor-heading-title elementor-size-default\">\u00d6zel Renk<\/h2>\t\t\t\t<\/div>\n\t\t\t\t<\/div>\n\t\t\t\t<div class=\"elementor-element elementor-element-6bdb91e3 elementor-widget elementor-widget-text-editor\" data-id=\"6bdb91e3\" data-element_type=\"widget\" data-widget_type=\"text-editor.default\">\n\t\t\t\t<div class=\"elementor-widget-container\">\n\t\t\t\t\t\t\t\t\t<p>Renk, mutfa\u011f\u0131n genel atmosferini \u00f6nemli \u00f6l\u00e7\u00fcde etkiler. G\u00fcnl\u00fck kullan\u0131mda baz dolaplar\u0131n g\u00fczelli\u011fi ve pratikli\u011fini g\u00f6z \u00f6n\u00fcnde bulundurarak, size klasik beyaz ve siyah\u0131n yan\u0131 s\u0131ra do\u011fal ah\u015fap renkleri, modaya uygun gri, mavi, ye\u015fil, Nano beyaz, nano ye\u015fil, renk vb. se\u00e7enekler sunuyoruz.<\/p><p>AJ Flying fabrikas\u0131nda 2 tam otomatik boyama makinesi ve 3 tam otomatik sprey kal\u0131plama makinesi bulunmaktad\u0131r, bu makineler mutfak baz dolaplar\u0131n\u0131 e\u015fit \u015fekilde boyar ve kaliteyi sa\u011flar. Dolay\u0131s\u0131yla mutfak baz dolaplar\u0131n\u0131z i\u00e7in hangi renk ihtiyac\u0131n\u0131z olursa olsun, sizi memnun edece\u011fiz.<\/p>\t\t\t\t\t\t\t\t<\/div>\n\t\t\t\t<\/div>\n\t\t\t\t<div class=\"elementor-element elementor-element-67ebc0b0 elementor-tablet-align-justify elementor-align-justify popmake-1598 elementor-widget elementor-widget-button\" data-id=\"67ebc0b0\" data-element_type=\"widget\" data-widget_type=\"button.default\">\n\t\t\t\t<div class=\"elementor-widget-container\">\n\t\t\t\t\t\t\t\t\t<div class=\"elementor-button-wrapper\">\n\t\t\t\t\t<a class=\"elementor-button elementor-size-sm\" role=\"button\">\n\t\t\t\t\t\t<span class=\"elementor-button-content-wrapper\">\n\t\t\t\t\t\t\t\t\t<span class=\"elementor-button-text\">Kendi Dolab\u0131n\u0131z\u0131 \u00d6zelle\u015ftirin<\/span>\n\t\t\t\t\t<\/span>\n\t\t\t\t\t<\/a>\n\t\t\t\t<\/div>\n\t\t\t\t\t\t\t\t<\/div>\n\t\t\t\t<\/div>\n\t\t\t\t<\/div>\n\t\t\t\t\t<\/div>\n\t\t\t\t<\/div>\n\t\t\t\t\t<\/div>\n\t\t\t\t<\/div>\n\t\t<div class=\"elementor-element elementor-element-2e45659 e-flex e-con-boxed e-con e-parent\" data-id=\"2e45659\" data-element_type=\"container\">\n\t\t\t\t\t<div class=\"e-con-inner\">\n\t\t<div class=\"elementor-element elementor-element-9c8c656 e-con-full e-flex e-con e-child\" data-id=\"9c8c656\" data-element_type=\"container\">\n\t\t<div class=\"elementor-element elementor-element-df83f85 e-con-full e-flex e-con e-child\" data-id=\"df83f85\" data-element_type=\"container\">\n\t\t\t\t<div class=\"elementor-element elementor-element-81b3e7f elementor-widget elementor-widget-heading\" data-id=\"81b3e7f\" data-element_type=\"widget\" data-widget_type=\"heading.default\">\n\t\t\t\t<div class=\"elementor-widget-container\">\n\t\t\t\t\t<h2 class=\"elementor-heading-title elementor-size-default\">Baz Dolap Malzemesi Se\u00e7imi<\/h2>\t\t\t\t<\/div>\n\t\t\t\t<\/div>\n\t\t\t\t<div class=\"elementor-element elementor-element-e1ee137 elementor-widget elementor-widget-text-editor\" data-id=\"e1ee137\" data-element_type=\"widget\" data-widget_type=\"text-editor.default\">\n\t\t\t\t<div class=\"elementor-widget-container\">\n\t\t\t\t\t\t\t\t\t<p>Dayan\u0131kl\u0131l\u0131k, g\u00fczellik ve fonksiyonellik sa\u011flamak i\u00e7in \u00e7e\u015fitli y\u00fcksek kaliteli malzemeler se\u00e7iyoruz. Masif ah\u015fap ve kontrplak do\u011fal doku ve uzun hizmet \u00f6mr\u00fc sa\u011flar; <a href=\"https:\/\/www.ajflyinghome.com\/tr\/mdf-kitchen-cabinet\/\">MDF<\/a> (orta yo\u011funluklu lif levha) ve yonga levha nem ge\u00e7irmez olup, mutfaklarda nemli ortamlara uygundur; paslanmaz \u00e7elik ve al\u00fcminyum malzemeler modernlik sa\u011flar ve temizli\u011fi kolayd\u0131r.<\/p><p>T\u00fcm malzemeler s\u0131k\u0131 kalite kontrol\u00fcnden ge\u00e7irilmi\u015f olup, kullan\u0131lan ah\u015fap E1 s\u0131n\u0131f\u0131 ve \u00fczeri \u00e7evre dostu standartlara uygun ve formaldehit sal\u0131n\u0131m\u0131 \u22640.124mg\/m\u00b3't\u00fcr. Aileniz i\u00e7in daha sa\u011fl\u0131kl\u0131 ve g\u00fcvenli bir ya\u015fam ortam\u0131 sa\u011flayabilir.<\/p>\t\t\t\t\t\t\t\t<\/div>\n\t\t\t\t<\/div>\n\t\t\t\t<div class=\"elementor-element elementor-element-6a7c432 elementor-tablet-align-center popmake-1598 elementor-align-left elementor-widget elementor-widget-button\" data-id=\"6a7c432\" data-element_type=\"widget\" data-widget_type=\"button.default\">\n\t\t\t\t<div class=\"elementor-widget-container\">\n\t\t\t\t\t\t\t\t\t<div class=\"elementor-button-wrapper\">\n\t\t\t\t\t<a class=\"elementor-button elementor-size-sm\" role=\"button\">\n\t\t\t\t\t\t<span class=\"elementor-button-content-wrapper\">\n\t\t\t\t\t\t\t\t\t<span class=\"elementor-button-text\">Teklif G\u00f6nder<\/span>\n\t\t\t\t\t<\/span>\n\t\t\t\t\t<\/a>\n\t\t\t\t<\/div>\n\t\t\t\t\t\t\t\t<\/div>\n\t\t\t\t<\/div>\n\t\t\t\t<\/div>\n\t\t\t\t<\/div>\n\t\t<div class=\"elementor-element elementor-element-99df625 e-con-full e-flex e-con e-child\" data-id=\"99df625\" data-element_type=\"container\">\n\t\t\t\t<div class=\"elementor-element elementor-element-1707349 elementor-widget elementor-widget-image\" data-id=\"1707349\" data-element_type=\"widget\" data-widget_type=\"image.default\">\n\t\t\t\t<div class=\"elementor-widget-container\">\n\t\t\t\t\t\t\t\t\t\t\t\t\t\t\t<img decoding=\"async\" width=\"550\" height=\"365\" src=\"https:\/\/www.ajflyinghome.com\/wp-content\/uploads\/2024\/11\/Choose-Base-Cabinet-Material.webp\" class=\"attachment-large size-large wp-image-2711\" alt=\"Baz Dolap Malzemesi\" title=\"\">\t\t\t\t\t\t\t\t\t\t\t\t\t\t\t<\/div>\n\t\t\t\t<\/div>\n\t\t\t\t<\/div>\n\t\t\t\t\t<\/div>\n\t\t\t\t<\/div>\n\t\t<div class=\"elementor-element elementor-element-e82aa78 e-flex e-con-boxed e-con e-parent\" data-id=\"e82aa78\" data-element_type=\"container\">\n\t\t\t\t\t<div class=\"e-con-inner\">\n\t\t<div class=\"elementor-element elementor-element-dd8fcba e-con-full e-flex e-con e-child\" data-id=\"dd8fcba\" data-element_type=\"container\">\n\t\t\t\t<div class=\"elementor-element elementor-element-15fe32a elementor-widget elementor-widget-image\" data-id=\"15fe32a\" data-element_type=\"widget\" data-widget_type=\"image.default\">\n\t\t\t\t<div class=\"elementor-widget-container\">\n\t\t\t\t\t\t\t\t\t\t\t\t\t\t\t<img loading=\"lazy\" decoding=\"async\" width=\"550\" height=\"365\" src=\"https:\/\/www.ajflyinghome.com\/wp-content\/uploads\/2024\/11\/Kitchen-Base-Cabinet-Accessories.webp\" class=\"attachment-large size-large wp-image-2714\" alt=\"Mutfak Baz Dolab\u0131 Aksesuarlar\u0131\" title=\"\">\t\t\t\t\t\t\t\t\t\t\t\t\t\t\t<\/div>\n\t\t\t\t<\/div>\n\t\t\t\t<\/div>\n\t\t<div class=\"elementor-element elementor-element-a554172 e-con-full e-flex e-con e-child\" data-id=\"a554172\" data-element_type=\"container\">\n\t\t<div class=\"elementor-element elementor-element-e628695 e-con-full e-flex e-con e-child\" data-id=\"e628695\" data-element_type=\"container\">\n\t\t\t\t<div class=\"elementor-element elementor-element-da6f76b elementor-widget elementor-widget-heading\" data-id=\"da6f76b\" data-element_type=\"widget\" data-widget_type=\"heading.default\">\n\t\t\t\t<div class=\"elementor-widget-container\">\n\t\t\t\t\t<h2 class=\"elementor-heading-title elementor-size-default\">Mutfak Baz Dolab\u0131 Aksesuarlar\u0131<\/h2>\t\t\t\t<\/div>\n\t\t\t\t<\/div>\n\t\t\t\t<\/div>\n\t\t\t\t<div class=\"elementor-element elementor-element-caf9150 elementor-widget elementor-widget-text-editor\" data-id=\"caf9150\" data-element_type=\"widget\" data-widget_type=\"text-editor.default\">\n\t\t\t\t<div class=\"elementor-widget-container\">\n\t\t\t\t\t\t\t\t\t<p>AJ Flying\u2019in mutfak dolaplar\u0131, 160\u2019tan fazla \u00fclke ve b\u00f6lgeye ihra\u00e7 edilmi\u015ftir, bu nedenle aksesuarlar\u0131n dolaplar\u0131n fonksiyonelli\u011fi ve kullan\u0131c\u0131 deneyimi \u00fczerindeki \u00f6nemini biliyoruz. Y\u00fcksek kaliteli \u00c7ekmece Ray\u0131, Mente\u015fe, Lazy Susan Depolama, Ayak Tak\u0131m\u0131, At\u0131k Kutusu, \u00c7ekmeceler, Raflar, Raf Destekleri vb. sunuyoruz.<\/p><p>Her aksesuar \u00f6zenle se\u00e7ilmi\u015f ve tasarlanm\u0131\u015f olup, mutfak dolaplar\u0131n\u0131n pratikli\u011fini, g\u00fczelli\u011fini ve dayan\u0131kl\u0131l\u0131\u011f\u0131n\u0131 art\u0131rmak ve size en iyi mutfak deneyimini sunmak i\u00e7in tasarlanm\u0131\u015ft\u0131r. Di\u011fer dolap aksesuarlar\u0131 hakk\u0131nda daha fazla bilgi almak isterseniz, l\u00fctfen bize e-posta g\u00f6nderin.<\/p>\t\t\t\t\t\t\t\t<\/div>\n\t\t\t\t<\/div>\n\t\t\t\t<div class=\"elementor-element elementor-element-34e3246 elementor-tablet-align-center popmake-1598 elementor-widget elementor-widget-button\" data-id=\"34e3246\" data-element_type=\"widget\" data-widget_type=\"button.default\">\n\t\t\t\t<div class=\"elementor-widget-container\">\n\t\t\t\t\t\t\t\t\t<div class=\"elementor-button-wrapper\">\n\t\t\t\t\t<a class=\"elementor-button elementor-size-sm\" role=\"button\">\n\t\t\t\t\t\t<span class=\"elementor-button-content-wrapper\">\n\t\t\t\t\t\t\t\t\t<span class=\"elementor-button-text\">Teklif Al<\/span>\n\t\t\t\t\t<\/span>\n\t\t\t\t\t<\/a>\n\t\t\t\t<\/div>\n\t\t\t\t\t\t\t\t<\/div>\n\t\t\t\t<\/div>\n\t\t\t\t<\/div>\n\t\t\t\t\t<\/div>\n\t\t\t\t<\/div>\n\t\t\t\t<\/div>","protected":false},"excerpt":{"rendered":"<p>OEM Mutfak Taban Dolaplar\u0131 AJ Flying, \u00c7in'de tan\u0131nm\u0131\u015f bir mutfak dolab\u0131 tedarik\u00e7isi ve \u00fcreticisi olup on y\u0131l\u0131 a\u015fk\u0131n deneyime sahiptir, geni\u015f bir dolap tarz\u0131 ve boyut yelpazesi sunar ve kapsaml\u0131 \u00f6zelle\u015ftirme hizmetleri sa\u011flar. Teklif Al\u0131n. Mutfak Taban Dolaplar\u0131 \u00dcreticisi. Mutfak dolaplar\u0131, mutfa\u011f\u0131n temel birimleri olup vazge\u00e7ilmez depolama alanlar\u0131d\u0131r.<\/p>","protected":false},"author":2,"featured_media":3167,"parent":0,"menu_order":0,"comment_status":"closed","ping_status":"closed","template":"elementor_header_footer","meta":{"_acf_changed":false,"footnotes":""},"class_list":["post-2612","page","type-page","status-publish","has-post-thumbnail","hentry"],"blocksy_meta":[],"acf":[],"_links":{"self":[{"href":"https:\/\/www.ajflyinghome.com\/tr\/wp-json\/wp\/v2\/pages\/2612","targetHints":{"allow":["GET"]}}],"collection":[{"href":"https:\/\/www.ajflyinghome.com\/tr\/wp-json\/wp\/v2\/pages"}],"about":[{"href":"https:\/\/www.ajflyinghome.com\/tr\/wp-json\/wp\/v2\/types\/page"}],"author":[{"embeddable":true,"href":"https:\/\/www.ajflyinghome.com\/tr\/wp-json\/wp\/v2\/users\/2"}],"replies":[{"embeddable":true,"href":"https:\/\/www.ajflyinghome.com\/tr\/wp-json\/wp\/v2\/comments?post=2612"}],"version-history":[{"count":0,"href":"https:\/\/www.ajflyinghome.com\/tr\/wp-json\/wp\/v2\/pages\/2612\/revisions"}],"wp:featuredmedia":[{"embeddable":true,"href":"https:\/\/www.ajflyinghome.com\/tr\/wp-json\/wp\/v2\/media\/3167"}],"wp:attachment":[{"href":"https:\/\/www.ajflyinghome.com\/tr\/wp-json\/wp\/v2\/media?parent=2612"}],"curies":[{"name":"wp","href":"https:\/\/api.w.org\/{rel}","templated":true}]}}