{"id":2736,"date":"2024-11-30T10:12:46","date_gmt":"2024-11-30T02:12:46","guid":{"rendered":"https:\/\/www.ajflyinghome.com\/?page_id=2736"},"modified":"2025-03-10T14:03:32","modified_gmt":"2025-03-10T06:03:32","slug":"lazy-susan-cabinet","status":"publish","type":"page","link":"https:\/\/www.ajflyinghome.com\/tr\/lazy-susan-cabinet\/","title":{"rendered":"\u00c7in Lazy Susan Dolap \u00dcreticisi"},"content":{"rendered":"<div data-elementor-type=\"wp-page\" data-elementor-id=\"2736\" class=\"elementor elementor-2736\">\n\t\t\t\t<div class=\"elementor-element elementor-element-10789007 e-flex e-con-boxed e-con e-parent\" data-id=\"10789007\" data-element_type=\"container\" data-settings=\"{&quot;background_background&quot;:&quot;classic&quot;}\">\n\t\t\t\t\t<div class=\"e-con-inner\">\n\t\t<div class=\"elementor-element elementor-element-17f25bd5 e-con-full e-flex e-con e-child\" data-id=\"17f25bd5\" data-element_type=\"container\" data-settings=\"{&quot;background_background&quot;:&quot;classic&quot;}\">\n\t\t\t\t<div class=\"elementor-element elementor-element-13248df8 elementor-widget elementor-widget-heading\" data-id=\"13248df8\" data-element_type=\"widget\" data-widget_type=\"heading.default\">\n\t\t\t\t<div class=\"elementor-widget-container\">\n\t\t\t\t\t<h2 class=\"elementor-heading-title elementor-size-default\">\u00c7in Lazy Susan Dolap \u00dcreticisi<\/h2>\t\t\t\t<\/div>\n\t\t\t\t<\/div>\n\t\t\t\t<div class=\"elementor-element elementor-element-65a76cd7 elementor-widget elementor-widget-text-editor\" data-id=\"65a76cd7\" data-element_type=\"widget\" data-widget_type=\"text-editor.default\">\n\t\t\t\t<div class=\"elementor-widget-container\">\n\t\t\t\t\t\t\t\t\t<p>AJ Flying, T\u00fcrkiye'de profesyonel bir tembel susan dolab\u0131 \u00fcreticisidir. Mutfaklar\u0131n\u0131z i\u00e7in \u00f6zelle\u015ftirilmi\u015f tembel susan dolaplar\u0131 \u00fcretmenize yard\u0131mc\u0131 olmak amac\u0131yla \u00e7e\u015fitli hizmetler sunuyoruz; baharatlar, konserve \u00fcr\u00fcnler, paketlenmi\u015f g\u0131dalar ve hatta k\u00fc\u00e7\u00fck ev aletleri gibi e\u015fyalar\u0131 depolaman\u0131za olanak tan\u0131r, depolama ihtiya\u00e7lar\u0131n\u0131za uygun y\u00fcksek kaliteli derin saklama alanlar\u0131 olu\u015fturur.<\/p>\t\t\t\t\t\t\t\t<\/div>\n\t\t\t\t<\/div>\n\t\t\t\t<div class=\"elementor-element elementor-element-7b73d25d elementor-tablet-align-center popmake-1598 elementor-widget elementor-widget-button\" data-id=\"7b73d25d\" data-element_type=\"widget\" data-widget_type=\"button.default\">\n\t\t\t\t<div class=\"elementor-widget-container\">\n\t\t\t\t\t\t\t\t\t<div class=\"elementor-button-wrapper\">\n\t\t\t\t\t<a class=\"elementor-button elementor-size-sm\" role=\"button\">\n\t\t\t\t\t\t<span class=\"elementor-button-content-wrapper\">\n\t\t\t\t\t\t\t\t\t<span class=\"elementor-button-text\">Daha fazla bilgi edinin<\/span>\n\t\t\t\t\t<\/span>\n\t\t\t\t\t<\/a>\n\t\t\t\t<\/div>\n\t\t\t\t\t\t\t\t<\/div>\n\t\t\t\t<\/div>\n\t\t\t\t<\/div>\n\t\t\t\t\t<\/div>\n\t\t\t\t<\/div>\n\t\t<div class=\"elementor-element elementor-element-78b3b47c e-flex e-con-boxed e-con e-parent\" data-id=\"78b3b47c\" data-element_type=\"container\">\n\t\t\t\t\t<div class=\"e-con-inner\">\n\t\t\t\t<div class=\"elementor-element elementor-element-3a7b62cb elementor-widget elementor-widget-heading\" data-id=\"3a7b62cb\" data-element_type=\"widget\" data-widget_type=\"heading.default\">\n\t\t\t\t<div class=\"elementor-widget-container\">\n\t\t\t\t\t<h2 class=\"elementor-heading-title elementor-size-default\">AJ Flying-Tembel Susam Dolab\u0131<\/h2>\t\t\t\t<\/div>\n\t\t\t\t<\/div>\n\t\t\t\t<div class=\"elementor-element elementor-element-1e07f361 elementor-widget elementor-widget-text-editor\" data-id=\"1e07f361\" data-element_type=\"widget\" data-widget_type=\"text-editor.default\">\n\t\t\t\t<div class=\"elementor-widget-container\">\n\t\t\t\t\t\t\t\t\t<p>Tembel susan dolab\u0131m\u0131z, ihtiya\u00e7lar\u0131n\u0131za g\u00f6re \u00e7e\u015fitli malzemelerle \u00f6zelle\u015ftirilebilir. Farkl\u0131 par\u00e7alar, fonksiyonel ihtiya\u00e7lar\u0131n\u0131za uygun olarak farkl\u0131 malzemelerle \u00f6zelle\u015ftirilebilir, \u00f6rne\u011fin masif ah\u015fap dolap ve plastik tembel susan gibi, b\u00f6ylece tembel susan dolab\u0131n\u0131z\u0131n fonksiyonel ihtiya\u00e7lar\u0131na uygun hale gelir.<\/p><p>AJ Flying\u2019in tembel susan dolaplar\u0131 geli\u015fmi\u015f kesim teknolojisini kullan\u0131r. Profesyonel \u00f6zelle\u015ftirme ekibimiz, ihtiya\u00e7lar\u0131n\u0131za g\u00f6re \u00f6zelle\u015ftirilmi\u015f boyutlar sa\u011flayacak ve montaj\u0131n\u0131z\u0131 kolayla\u015ft\u0131rmak i\u00e7in hassas kesim ve delme i\u015flemleri yapacakt\u0131r. Ayr\u0131ca, profesyonel tasar\u0131m ve Ar-Ge ekibimiz sizin i\u00e7in \u00f6zel \u015fekilli tembel susan dolaplar yapabilir. Hangi \u015fekil tembel susan dolab\u0131 istedi\u011finize bakmaks\u0131z\u0131n, burada iyi bir \u00e7\u00f6z\u00fcm bulacaks\u0131n\u0131z.<\/p><p>Boyama, laminasyon gibi \u00e7e\u015fitli y\u00fczey i\u015fleme teknolojileri sunuyoruz; b\u00f6ylece \u00e7e\u015fitli renk \u00f6zelle\u015ftirme se\u00e7enekleri ve biti\u015fler sa\u011flayarak mutfa\u011f\u0131n\u0131z\u0131n farkl\u0131 tarzlar\u0131na uyum sa\u011flar.<\/p><p>Farkl\u0131 \u00f6zelliklere sahip tembel susan dolab\u0131 tarzlar\u0131n\u0131 \u00f6zelle\u015ftirmek istiyorsan\u0131z, l\u00fctfen bizimle ileti\u015fime ge\u00e7in ve size m\u00fckemmel \u00e7\u00f6z\u00fcmler sunal\u0131m.<\/p>\t\t\t\t\t\t\t\t<\/div>\n\t\t\t\t<\/div>\n\t\t\t\t<div class=\"elementor-element elementor-element-6a5aa1ed elementor-tablet-align-center popmake-1598 elementor-align-left elementor-widget elementor-widget-button\" data-id=\"6a5aa1ed\" data-element_type=\"widget\" data-widget_type=\"button.default\">\n\t\t\t\t<div class=\"elementor-widget-container\">\n\t\t\t\t\t\t\t\t\t<div class=\"elementor-button-wrapper\">\n\t\t\t\t\t<a class=\"elementor-button elementor-size-sm\" role=\"button\">\n\t\t\t\t\t\t<span class=\"elementor-button-content-wrapper\">\n\t\t\t\t\t\t\t\t\t<span class=\"elementor-button-text\">Teklif G\u00f6nder<\/span>\n\t\t\t\t\t<\/span>\n\t\t\t\t\t<\/a>\n\t\t\t\t<\/div>\n\t\t\t\t\t\t\t\t<\/div>\n\t\t\t\t<\/div>\n\t\t\t\t\t<\/div>\n\t\t\t\t<\/div>\n\t\t<div class=\"elementor-element elementor-element-4461fd20 e-flex e-con-boxed e-con e-parent\" data-id=\"4461fd20\" data-element_type=\"container\">\n\t\t\t\t\t<div class=\"e-con-inner\">\n\t\t\t\t<div class=\"elementor-element elementor-element-161a94e1 elementor-widget elementor-widget-heading\" data-id=\"161a94e1\" data-element_type=\"widget\" data-widget_type=\"heading.default\">\n\t\t\t\t<div class=\"elementor-widget-container\">\n\t\t\t\t\t<h2 class=\"elementor-heading-title elementor-size-default\">Tembel Susam Dolab\u0131 \u00d6zellikleri<\/h2>\t\t\t\t<\/div>\n\t\t\t\t<\/div>\n\t\t<div class=\"elementor-element elementor-element-4cacfd4d e-con-full e-flex e-con e-child\" data-id=\"4cacfd4d\" data-element_type=\"container\">\n\t\t<div class=\"elementor-element elementor-element-3b7522b2 e-con-full e-flex e-con e-child\" data-id=\"3b7522b2\" data-element_type=\"container\">\n\t\t\t\t<div class=\"elementor-element elementor-element-6bb60632 elementor-widget__width-initial elementor-widget elementor-widget-icon-box\" data-id=\"6bb60632\" data-element_type=\"widget\" data-widget_type=\"icon-box.default\">\n\t\t\t\t<div class=\"elementor-widget-container\">\n\t\t\t\t\t\t\t<div class=\"elementor-icon-box-wrapper\">\n\n\t\t\t\n\t\t\t\t\t\t<div class=\"elementor-icon-box-content\">\n\n\t\t\t\t\t\t\t\t\t<h3 class=\"elementor-icon-box-title\">\n\t\t\t\t\t\t<span  >\n\t\t\t\t\t\t\tY\u00fcksek verimlilik\t\t\t\t\t\t<\/span>\n\t\t\t\t\t<\/h3>\n\t\t\t\t\n\t\t\t\t\t\t\t\t\t<p class=\"elementor-icon-box-description\">\n\t\t\t\t\t\tD\u00f6nen tepsi, dolap boyunca depolanan e\u015fyalara kolay eri\u015fim sa\u011flar, g\u00fcnl\u00fck kullan\u0131mda verimlili\u011fi art\u0131r\u0131r.\t\t\t\t\t<\/p>\n\t\t\t\t\n\t\t\t<\/div>\n\t\t\t\n\t\t<\/div>\n\t\t\t\t\t\t<\/div>\n\t\t\t\t<\/div>\n\t\t\t\t<\/div>\n\t\t<div class=\"elementor-element elementor-element-25309062 e-con-full e-flex e-con e-child\" data-id=\"25309062\" data-element_type=\"container\">\n\t\t\t\t<div class=\"elementor-element elementor-element-79fe854 elementor-widget elementor-widget-icon-box\" data-id=\"79fe854\" data-element_type=\"widget\" data-widget_type=\"icon-box.default\">\n\t\t\t\t<div class=\"elementor-widget-container\">\n\t\t\t\t\t\t\t<div class=\"elementor-icon-box-wrapper\">\n\n\t\t\t\n\t\t\t\t\t\t<div class=\"elementor-icon-box-content\">\n\n\t\t\t\t\t\t\t\t\t<h3 class=\"elementor-icon-box-title\">\n\t\t\t\t\t\t<span  >\n\t\t\t\t\t\t\tDayan\u0131kl\u0131l\u0131k\t\t\t\t\t\t<\/span>\n\t\t\t\t\t<\/h3>\n\t\t\t\t\n\t\t\t\t\t\t\t\t\t<p class=\"elementor-icon-box-description\">\n\t\t\t\t\t\t\u00c7ok katmanl\u0131 ve ayarlanabilir raflar, \u00e7e\u015fitli baharatlardan elektrikli ev aletlerine kadar bir\u00e7ok e\u015fyay\u0131 depolamak i\u00e7in kullan\u0131labilir.\t\t\t\t\t<\/p>\n\t\t\t\t\n\t\t\t<\/div>\n\t\t\t\n\t\t<\/div>\n\t\t\t\t\t\t<\/div>\n\t\t\t\t<\/div>\n\t\t\t\t<\/div>\n\t\t<div class=\"elementor-element elementor-element-47e0baf1 e-con-full e-flex e-con e-child\" data-id=\"47e0baf1\" data-element_type=\"container\">\n\t\t\t\t<div class=\"elementor-element elementor-element-26b55199 elementor-widget elementor-widget-icon-box\" data-id=\"26b55199\" data-element_type=\"widget\" data-widget_type=\"icon-box.default\">\n\t\t\t\t<div class=\"elementor-widget-container\">\n\t\t\t\t\t\t\t<div class=\"elementor-icon-box-wrapper\">\n\n\t\t\t\n\t\t\t\t\t\t<div class=\"elementor-icon-box-content\">\n\n\t\t\t\t\t\t\t\t\t<h3 class=\"elementor-icon-box-title\">\n\t\t\t\t\t\t<span  >\n\t\t\t\t\t\t\tDepolamay\u0131 Maksimize Edin \t\t\t\t\t\t<\/span>\n\t\t\t\t\t<\/h3>\n\t\t\t\t\n\t\t\t\t\t\t\t\t\t<p class=\"elementor-icon-box-description\">\n\t\t\t\t\t\tTembel susan dolaplar, dayan\u0131kl\u0131 malzemeler ve mekanizmalar kullanarak uzun \u00f6m\u00fcrl\u00fc performans sa\u011flar.\t\t\t\t\t<\/p>\n\t\t\t\t\n\t\t\t<\/div>\n\t\t\t\n\t\t<\/div>\n\t\t\t\t\t\t<\/div>\n\t\t\t\t<\/div>\n\t\t\t\t<\/div>\n\t\t<div class=\"elementor-element elementor-element-14a735b4 e-con-full e-flex e-con e-child\" data-id=\"14a735b4\" data-element_type=\"container\">\n\t\t\t\t<div class=\"elementor-element elementor-element-2410322f elementor-widget elementor-widget-icon-box\" data-id=\"2410322f\" data-element_type=\"widget\" data-widget_type=\"icon-box.default\">\n\t\t\t\t<div class=\"elementor-widget-container\">\n\t\t\t\t\t\t\t<div class=\"elementor-icon-box-wrapper\">\n\n\t\t\t\n\t\t\t\t\t\t<div class=\"elementor-icon-box-content\">\n\n\t\t\t\t\t\t\t\t\t<h3 class=\"elementor-icon-box-title\">\n\t\t\t\t\t\t<span  >\n\t\t\t\t\t\t\tDayan\u0131kl\u0131l\u0131k\t\t\t\t\t\t<\/span>\n\t\t\t\t\t<\/h3>\n\t\t\t\t\n\t\t\t\t\t\t\t\t\t<p class=\"elementor-icon-box-description\">\n\t\t\t\t\t\tTemizlemesi kolay y\u00fczeyler, y\u00fcksek kaliteli malzemeler ve dayan\u0131kl\u0131 bile\u015fenler uzun \u00f6m\u00fcr sa\u011flar.\t\t\t\t\t<\/p>\n\t\t\t\t\n\t\t\t<\/div>\n\t\t\t\n\t\t<\/div>\n\t\t\t\t\t\t<\/div>\n\t\t\t\t<\/div>\n\t\t\t\t<\/div>\n\t\t\t\t<\/div>\n\t\t\t\t\t<\/div>\n\t\t\t\t<\/div>\n\t\t<div class=\"elementor-element elementor-element-7a440f78 e-flex e-con-boxed e-con e-parent\" data-id=\"7a440f78\" data-element_type=\"container\" data-settings=\"{&quot;background_background&quot;:&quot;classic&quot;}\">\n\t\t\t\t\t<div class=\"e-con-inner\">\n\t\t\t\t<div class=\"elementor-element elementor-element-1bb1008 elementor-widget__width-initial elementor-widget-tablet__width-inherit elementor-widget elementor-widget-image\" data-id=\"1bb1008\" data-element_type=\"widget\" data-widget_type=\"image.default\">\n\t\t\t\t<div class=\"elementor-widget-container\">\n\t\t\t\t\t\t\t\t\t\t\t\t\t\t\t<img fetchpriority=\"high\" decoding=\"async\" width=\"575\" height=\"715\" src=\"https:\/\/www.ajflyinghome.com\/wp-content\/uploads\/2024\/11\/Custom-Material.webp\" class=\"attachment-large size-large wp-image-2788\" alt=\"\" title=\"\">\t\t\t\t\t\t\t\t\t\t\t\t\t\t\t<\/div>\n\t\t\t\t<\/div>\n\t\t<div class=\"elementor-element elementor-element-3af6af66 e-con-full e-flex e-con e-child\" data-id=\"3af6af66\" data-element_type=\"container\">\n\t\t\t\t<div class=\"elementor-element elementor-element-17dd7465 elementor-widget elementor-widget-heading\" data-id=\"17dd7465\" data-element_type=\"widget\" data-widget_type=\"heading.default\">\n\t\t\t\t<div class=\"elementor-widget-container\">\n\t\t\t\t\t<h2 class=\"elementor-heading-title elementor-size-default\">\u00d6zel Malzeme<\/h2>\t\t\t\t<\/div>\n\t\t\t\t<\/div>\n\t\t\t\t<div class=\"elementor-element elementor-element-7df7d8eb elementor-widget elementor-widget-text-editor\" data-id=\"7df7d8eb\" data-element_type=\"widget\" data-widget_type=\"text-editor.default\">\n\t\t\t\t<div class=\"elementor-widget-container\">\n\t\t\t\t\t\t\t\t\t<p>AJ Flying, tembel susan dolab\u0131n\u0131z\u0131 \u00f6zelle\u015ftirmeniz i\u00e7in \u00e7e\u015fitli malzemeler sunar. Profesyonel ve fonksiyonel dolaplar yapmak i\u00e7in birle\u015fim yap\u0131s\u0131na g\u00f6re malzeme kullan\u0131yoruz. Dolab\u0131n farkl\u0131 par\u00e7alar\u0131 i\u00e7in farkl\u0131 malzemeler se\u00e7ece\u011fiz. \u0130htiya\u00e7lar\u0131n\u0131za g\u00f6re tercih etti\u011finiz malzemeyi se\u00e7ebilirsiniz.<\/p><ul><li>Dolap g\u00f6vdesi: masif ah\u015fap, kontrplak, <a href=\"https:\/\/www.ajflyinghome.com\/tr\/mdf-kitchen-cabinet\/\">MDF<\/a>\u2026\u2026<\/li><li>Tembel susan: Plastik, Ah\u015fap, Metal \u00c7elik, Bantl\u0131 Ah\u015fap\u2026\u2026<\/li><li>D\u00f6nme mekanizmas\u0131: Metal, Plastik\u2026\u2026<\/li><li>Kapaklar: masif ah\u015fap, MDF, Cam Paneller\u2026\u2026<\/li><\/ul>\t\t\t\t\t\t\t\t<\/div>\n\t\t\t\t<\/div>\n\t\t\t\t<div class=\"elementor-element elementor-element-6bd7b48b elementor-tablet-align-center popmake-1598 elementor-widget elementor-widget-button\" data-id=\"6bd7b48b\" data-element_type=\"widget\" data-widget_type=\"button.default\">\n\t\t\t\t<div class=\"elementor-widget-container\">\n\t\t\t\t\t\t\t\t\t<div class=\"elementor-button-wrapper\">\n\t\t\t\t\t<a class=\"elementor-button elementor-size-sm\" role=\"button\">\n\t\t\t\t\t\t<span class=\"elementor-button-content-wrapper\">\n\t\t\t\t\t\t\t\t\t<span class=\"elementor-button-text\">Teklif Al<\/span>\n\t\t\t\t\t<\/span>\n\t\t\t\t\t<\/a>\n\t\t\t\t<\/div>\n\t\t\t\t\t\t\t\t<\/div>\n\t\t\t\t<\/div>\n\t\t\t\t<\/div>\n\t\t\t\t\t<\/div>\n\t\t\t\t<\/div>\n\t\t<div class=\"elementor-element elementor-element-4b992fa2 e-flex e-con-boxed e-con e-parent\" data-id=\"4b992fa2\" data-element_type=\"container\" data-settings=\"{&quot;background_background&quot;:&quot;classic&quot;}\">\n\t\t\t\t\t<div class=\"e-con-inner\">\n\t\t<div class=\"elementor-element elementor-element-1e5e226a e-con-full e-flex e-con e-child\" data-id=\"1e5e226a\" data-element_type=\"container\">\n\t\t\t\t<div class=\"elementor-element elementor-element-7ad854c4 elementor-widget elementor-widget-heading\" data-id=\"7ad854c4\" data-element_type=\"widget\" data-widget_type=\"heading.default\">\n\t\t\t\t<div class=\"elementor-widget-container\">\n\t\t\t\t\t<h2 class=\"elementor-heading-title elementor-size-default\">\u00d6zelle\u015ftirilmi\u015f Boyut<\/h2>\t\t\t\t<\/div>\n\t\t\t\t<\/div>\n\t\t\t\t<div class=\"elementor-element elementor-element-5b140a92 elementor-widget elementor-widget-text-editor\" data-id=\"5b140a92\" data-element_type=\"widget\" data-widget_type=\"text-editor.default\">\n\t\t\t\t<div class=\"elementor-widget-container\">\n\t\t\t\t\t\t\t\t\t<p>AJ Flying, tembel susan dolab\u0131n\u0131z\u0131n boyutunu mutfa\u011f\u0131n\u0131z\u0131n d\u00fczenine g\u00f6re \u00f6zelle\u015ftirecektir. Tembel susan dolab\u0131n\u0131z\u0131 hassas bir \u015fekilde kesmek i\u00e7in CNC gibi y\u00fcksek hassasiyetli CNC ekipmanlar\u0131m\u0131z bulunmaktad\u0131r. Profesyonel kesme teknolojimiz, 16\u2033, 18\u2033, 24\u2033, 28\u2033, 30\u2033, 32\u2033, 36\u2033 gibi farkl\u0131 boyutlardaki \u00f6zelle\u015ftirilmi\u015f ihtiya\u00e7lar i\u00e7in uygun, milimetre d\u00fczeyinde ve hatta mikron d\u00fczeyinde hassasiyet sa\u011flayabilir. Ayr\u0131ca, baz\u0131 karma\u015f\u0131k veya \u00f6zel boyut \u00f6zelle\u015ftirme ihtiya\u00e7lar\u0131n\u0131z\u0131 da kar\u015f\u0131layabiliriz.<\/p>\t\t\t\t\t\t\t\t<\/div>\n\t\t\t\t<\/div>\n\t\t\t\t<div class=\"elementor-element elementor-element-428ded5b elementor-tablet-align-center popmake-1598 elementor-widget elementor-widget-button\" data-id=\"428ded5b\" data-element_type=\"widget\" data-widget_type=\"button.default\">\n\t\t\t\t<div class=\"elementor-widget-container\">\n\t\t\t\t\t\t\t\t\t<div class=\"elementor-button-wrapper\">\n\t\t\t\t\t<a class=\"elementor-button elementor-size-sm\" role=\"button\">\n\t\t\t\t\t\t<span class=\"elementor-button-content-wrapper\">\n\t\t\t\t\t\t\t\t\t<span class=\"elementor-button-text\">Hemen Sorgula<\/span>\n\t\t\t\t\t<\/span>\n\t\t\t\t\t<\/a>\n\t\t\t\t<\/div>\n\t\t\t\t\t\t\t\t<\/div>\n\t\t\t\t<\/div>\n\t\t\t\t<\/div>\n\t\t<div class=\"elementor-element elementor-element-15adad9e e-con-full e-flex e-con e-child\" data-id=\"15adad9e\" data-element_type=\"container\">\n\t\t\t\t<div class=\"elementor-element elementor-element-3c6f74cc elementor-widget elementor-widget-image\" data-id=\"3c6f74cc\" data-element_type=\"widget\" data-widget_type=\"image.default\">\n\t\t\t\t<div class=\"elementor-widget-container\">\n\t\t\t\t\t\t\t\t\t\t\t\t\t\t\t<img decoding=\"async\" width=\"515\" height=\"470\" src=\"https:\/\/www.ajflyinghome.com\/wp-content\/uploads\/2024\/11\/Custom-Size.webp\" class=\"attachment-large size-large wp-image-2789\" alt=\"\u00d6zelle\u015ftirilmi\u015f Boyut\" title=\"\">\t\t\t\t\t\t\t\t\t\t\t\t\t\t\t<\/div>\n\t\t\t\t<\/div>\n\t\t\t\t<\/div>\n\t\t\t\t\t<\/div>\n\t\t\t\t<\/div>\n\t\t<div class=\"elementor-element elementor-element-72ae88aa e-flex e-con-boxed e-con e-parent\" data-id=\"72ae88aa\" data-element_type=\"container\" data-settings=\"{&quot;background_background&quot;:&quot;classic&quot;}\">\n\t\t\t\t\t<div class=\"e-con-inner\">\n\t\t\t\t<div class=\"elementor-element elementor-element-35927955 elementor-widget__width-initial elementor-widget-tablet__width-inherit elementor-widget elementor-widget-image\" data-id=\"35927955\" data-element_type=\"widget\" data-widget_type=\"image.default\">\n\t\t\t\t<div class=\"elementor-widget-container\">\n\t\t\t\t\t\t\t\t\t\t\t\t\t\t\t<img decoding=\"async\" width=\"580\" height=\"715\" src=\"https:\/\/www.ajflyinghome.com\/wp-content\/uploads\/2024\/11\/Shape-Design.webp\" class=\"attachment-large size-large wp-image-2790\" alt=\"\" title=\"\">\t\t\t\t\t\t\t\t\t\t\t\t\t\t\t<\/div>\n\t\t\t\t<\/div>\n\t\t<div class=\"elementor-element elementor-element-4a4b036d e-con-full e-flex e-con e-child\" data-id=\"4a4b036d\" data-element_type=\"container\">\n\t\t\t\t<div class=\"elementor-element elementor-element-2e93f92e elementor-widget elementor-widget-heading\" data-id=\"2e93f92e\" data-element_type=\"widget\" data-widget_type=\"heading.default\">\n\t\t\t\t<div class=\"elementor-widget-container\">\n\t\t\t\t\t<h2 class=\"elementor-heading-title elementor-size-default\">\u015eekil Tasar\u0131m\u0131<\/h2>\t\t\t\t<\/div>\n\t\t\t\t<\/div>\n\t\t\t\t<div class=\"elementor-element elementor-element-31591e4b elementor-widget elementor-widget-text-editor\" data-id=\"31591e4b\" data-element_type=\"widget\" data-widget_type=\"text-editor.default\">\n\t\t\t\t<div class=\"elementor-widget-container\">\n\t\t\t\t\t\t\t\t\t<p>AJ Flying, profesyonel tasar\u0131m teknolojisine sahiptir ve ihtiya\u00e7lar\u0131n\u0131za g\u00f6re mutfa\u011f\u0131n\u0131za uygun tembel susan dolaplar\u0131n\u0131n \u015feklini \u00f6zelle\u015ftirebilir. Herhangi bir \u015fekilde \u00fcr\u00fcn modelleri tasarlamak ve tasar\u0131m\u0131 \u00fcretim a\u015famas\u0131na sorunsuz bir \u015fekilde aktarmak i\u00e7in profesyonel tasar\u0131m yaz\u0131l\u0131mlar\u0131 (AutoCAD, SolidWorks gibi) kullan\u0131yoruz. A\u015fa\u011f\u0131da, s\u0131k\u00e7a yapt\u0131\u011f\u0131m\u0131z \u00e7e\u015fitli stiller bulunmaktad\u0131r. Ba\u015fka tasar\u0131m gereksinimleriniz varsa, \u00f6zelle\u015ftirme ekibimizle ileti\u015fime ge\u00e7ebilirsiniz.\u200e<\/p><ul><li>B\u00f6brek \u015eekli<\/li><li>Pasta Dilimi<\/li><li>\u015eekil<\/li><li>\u200eYar\u0131m Ay<\/li><\/ul>\t\t\t\t\t\t\t\t<\/div>\n\t\t\t\t<\/div>\n\t\t\t\t<div class=\"elementor-element elementor-element-64fdee14 elementor-tablet-align-center popmake-1598 elementor-widget elementor-widget-button\" data-id=\"64fdee14\" data-element_type=\"widget\" data-widget_type=\"button.default\">\n\t\t\t\t<div class=\"elementor-widget-container\">\n\t\t\t\t\t\t\t\t\t<div class=\"elementor-button-wrapper\">\n\t\t\t\t\t<a class=\"elementor-button elementor-size-sm\" role=\"button\">\n\t\t\t\t\t\t<span class=\"elementor-button-content-wrapper\">\n\t\t\t\t\t\t\t\t\t<span class=\"elementor-button-text\">Teklif Al<\/span>\n\t\t\t\t\t<\/span>\n\t\t\t\t\t<\/a>\n\t\t\t\t<\/div>\n\t\t\t\t\t\t\t\t<\/div>\n\t\t\t\t<\/div>\n\t\t\t\t<\/div>\n\t\t\t\t\t<\/div>\n\t\t\t\t<\/div>\n\t\t<div class=\"elementor-element elementor-element-417430d2 e-flex e-con-boxed e-con e-parent\" data-id=\"417430d2\" data-element_type=\"container\" data-settings=\"{&quot;background_background&quot;:&quot;classic&quot;}\">\n\t\t\t\t\t<div class=\"e-con-inner\">\n\t\t<div class=\"elementor-element elementor-element-7ad753de e-flex e-con-boxed e-con e-child\" data-id=\"7ad753de\" data-element_type=\"container\" data-settings=\"{&quot;background_background&quot;:&quot;classic&quot;}\">\n\t\t\t\t\t<div class=\"e-con-inner\">\n\t\t<div class=\"elementor-element elementor-element-467c9e e-con-full e-flex e-con e-child\" data-id=\"467c9e\" data-element_type=\"container\" data-settings=\"{&quot;background_background&quot;:&quot;classic&quot;}\">\n\t\t\t\t<div class=\"elementor-element elementor-element-784eb7c2 elementor-widget elementor-widget-heading\" data-id=\"784eb7c2\" data-element_type=\"widget\" data-widget_type=\"heading.default\">\n\t\t\t\t<div class=\"elementor-widget-container\">\n\t\t\t\t\t<h2 class=\"elementor-heading-title elementor-size-default\">\nRenk ve Y\u00fczey<\/h2>\t\t\t\t<\/div>\n\t\t\t\t<\/div>\n\t\t\t\t<div class=\"elementor-element elementor-element-690db197 elementor-widget elementor-widget-text-editor\" data-id=\"690db197\" data-element_type=\"widget\" data-widget_type=\"text-editor.default\">\n\t\t\t\t<div class=\"elementor-widget-container\">\n\t\t\t\t\t\t\t\t\t<p>\u00a0<\/p><p>AJ Flying\u2019in renk e\u015fle\u015ftirme sistemi ve renk e\u015fle\u015ftirme ekibi, beyaz, krem veya g\u00fcvercin grisi gibi n\u00f6tr renkler, koyu gri veya grafit, siyah, koyu kahverengi veya espresso gibi bir dizi renk \u00f6zelle\u015ftirmesi yapabilir. Buna ek olarak, boya kaplama, ah\u015fap kaplama gibi geli\u015fmi\u015f y\u00fczey i\u015fleme teknolojilerine de hakimiz, <a href=\"https:\/\/www.ajflyinghome.com\/tr\/laminate-kitchen-cabinets\/\">laminat kaplama<\/a>, kaplama kaplama vb. ile \u00e7e\u015fitli renk i\u015fleme sanat\u0131n\u0131z\u0131 kar\u015f\u0131layarak tembel susan dolab\u0131 renginin stabilitesini ve uyarlanabilirli\u011fini sa\u011fl\u0131yoruz.<\/p>\t\t\t\t\t\t\t\t<\/div>\n\t\t\t\t<\/div>\n\t\t\t\t<div class=\"elementor-element elementor-element-227c337a elementor-tablet-align-justify elementor-align-justify popmake-1598 elementor-widget elementor-widget-button\" data-id=\"227c337a\" data-element_type=\"widget\" data-widget_type=\"button.default\">\n\t\t\t\t<div class=\"elementor-widget-container\">\n\t\t\t\t\t\t\t\t\t<div class=\"elementor-button-wrapper\">\n\t\t\t\t\t<a class=\"elementor-button elementor-size-sm\" role=\"button\">\n\t\t\t\t\t\t<span class=\"elementor-button-content-wrapper\">\n\t\t\t\t\t\t\t\t\t<span class=\"elementor-button-text\">Tasar\u0131m \u0130ste<\/span>\n\t\t\t\t\t<\/span>\n\t\t\t\t\t<\/a>\n\t\t\t\t<\/div>\n\t\t\t\t\t\t\t\t<\/div>\n\t\t\t\t<\/div>\n\t\t\t\t<\/div>\n\t\t\t\t\t<\/div>\n\t\t\t\t<\/div>\n\t\t\t\t\t<\/div>\n\t\t\t\t<\/div>\n\t\t\t\t<\/div>","protected":false},"excerpt":{"rendered":"<p>AJ Flying, \u00c7in'de profesyonel bir tembel Susan dolap \u00fcreticisidir. Mutfaklar\u0131n\u0131z i\u00e7in \u00f6zel olarak tasarlanm\u0131\u015f tembel Susan dolaplar\u0131 \u00fcretiminde hizmet sunuyoruz; baharatlar, konserve \u00fcr\u00fcnler, paketlenmi\u015f yiyecekler ve hatta k\u00fc\u00e7\u00fck ev aletleri depolaman\u0131za yard\u0131mc\u0131 oluyoruz. Depolama ihtiya\u00e7lar\u0131n\u0131za uygun y\u00fcksek kaliteli derin saklama alanlar\u0131 olu\u015fturuyoruz. Daha fazla bilgi edinin AJ Flying-Tembel Susan[\u2026]<\/p>","protected":false},"author":2,"featured_media":3180,"parent":0,"menu_order":0,"comment_status":"closed","ping_status":"closed","template":"elementor_header_footer","meta":{"_acf_changed":false,"footnotes":""},"class_list":["post-2736","page","type-page","status-publish","has-post-thumbnail","hentry"],"blocksy_meta":[],"acf":[],"_links":{"self":[{"href":"https:\/\/www.ajflyinghome.com\/tr\/wp-json\/wp\/v2\/pages\/2736","targetHints":{"allow":["GET"]}}],"collection":[{"href":"https:\/\/www.ajflyinghome.com\/tr\/wp-json\/wp\/v2\/pages"}],"about":[{"href":"https:\/\/www.ajflyinghome.com\/tr\/wp-json\/wp\/v2\/types\/page"}],"author":[{"embeddable":true,"href":"https:\/\/www.ajflyinghome.com\/tr\/wp-json\/wp\/v2\/users\/2"}],"replies":[{"embeddable":true,"href":"https:\/\/www.ajflyinghome.com\/tr\/wp-json\/wp\/v2\/comments?post=2736"}],"version-history":[{"count":0,"href":"https:\/\/www.ajflyinghome.com\/tr\/wp-json\/wp\/v2\/pages\/2736\/revisions"}],"wp:featuredmedia":[{"embeddable":true,"href":"https:\/\/www.ajflyinghome.com\/tr\/wp-json\/wp\/v2\/media\/3180"}],"wp:attachment":[{"href":"https:\/\/www.ajflyinghome.com\/tr\/wp-json\/wp\/v2\/media?parent=2736"}],"curies":[{"name":"wp","href":"https:\/\/api.w.org\/{rel}","templated":true}]}}