{"id":791,"date":"2022-07-28T07:00:19","date_gmt":"2022-07-28T07:00:19","guid":{"rendered":"https:\/\/startersites.io\/elementor\/bizconsult\/?page_id=791"},"modified":"2025-11-03T09:19:25","modified_gmt":"2025-11-03T01:19:25","slug":"about-us","status":"publish","type":"page","link":"https:\/\/www.ajflyinghome.com\/tr\/about-us\/","title":{"rendered":"Hakk\u0131m\u0131zda"},"content":{"rendered":"<div data-elementor-type=\"wp-page\" data-elementor-id=\"791\" class=\"elementor elementor-791\">\n\t\t\t\t<div class=\"elementor-element elementor-element-eeed4cb e-flex e-con-boxed e-con e-parent\" data-id=\"eeed4cb\" data-element_type=\"container\" data-settings=\"{&quot;background_background&quot;:&quot;classic&quot;}\">\n\t\t\t\t\t<div class=\"e-con-inner\">\n\t\t\t\t<div class=\"elementor-element elementor-element-337a5f1 elementor-widget elementor-widget-heading\" data-id=\"337a5f1\" data-element_type=\"widget\" data-widget_type=\"heading.default\">\n\t\t\t\t<div class=\"elementor-widget-container\">\n\t\t\t\t\t<h2 class=\"elementor-heading-title elementor-size-default\">AJ Flying Hakk\u0131nda<\/h2>\t\t\t\t<\/div>\n\t\t\t\t<\/div>\n\t\t\t\t<div class=\"elementor-element elementor-element-451373a elementor-widget elementor-widget-image\" data-id=\"451373a\" data-element_type=\"widget\" data-widget_type=\"image.default\">\n\t\t\t\t<div class=\"elementor-widget-container\">\n\t\t\t\t\t\t\t\t\t\t\t\t\t\t\t<img fetchpriority=\"high\" decoding=\"async\" width=\"1290\" height=\"540\" src=\"https:\/\/www.ajflyinghome.com\/wp-content\/uploads\/2024\/09\/About-AJ.webp\" class=\"attachment-full size-full wp-image-1698\" alt=\"AJ Hakk\u0131nda\" srcset=\"https:\/\/www.ajflyinghome.com\/wp-content\/uploads\/2024\/09\/About-AJ.webp 1290w, https:\/\/www.ajflyinghome.com\/wp-content\/uploads\/2024\/09\/About-AJ-768x321.webp 768w\" sizes=\"(max-width: 1290px) 100vw, 1290px\" title=\"\">\t\t\t\t\t\t\t\t\t\t\t\t\t\t\t<\/div>\n\t\t\t\t<\/div>\n\t\t\t\t\t<\/div>\n\t\t\t\t<\/div>\n\t\t<div class=\"elementor-element elementor-element-52b5f5b e-flex e-con-boxed e-con e-parent\" data-id=\"52b5f5b\" data-element_type=\"container\">\n\t\t\t\t\t<div class=\"e-con-inner\">\n\t\t\t\t<div class=\"elementor-element elementor-element-5ee7417 elementor-widget elementor-widget-text-editor\" data-id=\"5ee7417\" data-element_type=\"widget\" data-widget_type=\"text-editor.default\">\n\t\t\t\t<div class=\"elementor-widget-container\">\n\t\t\t\t\t\t\t\t\t<p>AJ Flying, Guangdong, Guangzhou, \u00c7in, Xin Tang Kasabas\u0131, Chuang Xiang Road'da bulunmaktad\u0131r. 2008 y\u0131l\u0131nda kuruldu ve profesyonel sekt\u00f6r deneyimi ve geli\u015fmi\u015f \u00fcretim hatlar\u0131yla d\u00fcnya genelinde 5000'den fazla m\u00fc\u015fteriye hizmet vermektedir.<\/p><p>Kabinler \u00fcretim alan\u0131m\u0131z 90.000 metrekareyi a\u015fmakta olup, y\u0131lda 270.000\u2019den fazla kabin seti \u00fcretme imkan\u0131 sunmaktad\u0131r. Bu da size e\u015fsiz teslimat kapasitesi ile hizmet vermemizi sa\u011flar. Ayr\u0131ca, \u00e7e\u015fitli kabin se\u00e7enekleri olu\u015fturmak i\u00e7in geni\u015f malzeme ve bitirme se\u00e7enekleri sunuyoruz.<\/p><p>Her t\u00fcrl\u00fc mobilyay\u0131 sizin alan\u0131n\u0131za g\u00f6re \u00f6zelle\u015ftiriyoruz, ana \u00fcr\u00fcnler aras\u0131nda mutfak dolaplar\u0131, gard\u0131roplar, banyo lavabolar\u0131 vb. bulunmaktad\u0131r. Geli\u015fmi\u015f otomatik \u00fcretim hatlar\u0131 olu\u015fturmak i\u00e7in Alman Homag makineleri kullanarak, AJ Flying uluslararas\u0131 standartlara uygun en hassas ve dayan\u0131kl\u0131 dolaplar\u0131 sunabilir.<\/p>\t\t\t\t\t\t\t\t<\/div>\n\t\t\t\t<\/div>\n\t\t\t\t\t<\/div>\n\t\t\t\t<\/div>\n\t\t<div class=\"elementor-element elementor-element-61422b7 e-flex e-con-boxed e-con e-parent\" data-id=\"61422b7\" data-element_type=\"container\">\n\t\t\t\t\t<div class=\"e-con-inner\">\n\t\t\t\t<div class=\"elementor-element elementor-element-d0b04b1 elementor-widget-divider--view-line elementor-widget elementor-widget-divider\" data-id=\"d0b04b1\" data-element_type=\"widget\" data-widget_type=\"divider.default\">\n\t\t\t\t<div class=\"elementor-widget-container\">\n\t\t\t\t\t\t\t<div class=\"elementor-divider\">\n\t\t\t<span class=\"elementor-divider-separator\">\n\t\t\t\t\t\t<\/span>\n\t\t<\/div>\n\t\t\t\t\t\t<\/div>\n\t\t\t\t<\/div>\n\t\t\t\t\t<\/div>\n\t\t\t\t<\/div>\n\t\t<div class=\"elementor-element elementor-element-d75455c e-flex e-con-boxed e-con e-parent\" data-id=\"d75455c\" data-element_type=\"container\" data-settings=\"{&quot;background_background&quot;:&quot;classic&quot;}\">\n\t\t\t\t\t<div class=\"e-con-inner\">\n\t\t\t\t<div class=\"elementor-element elementor-element-f71b5ee elementor-widget__width-initial elementor-widget-tablet__width-inherit elementor-widget elementor-widget-image\" data-id=\"f71b5ee\" data-element_type=\"widget\" data-widget_type=\"image.default\">\n\t\t\t\t<div class=\"elementor-widget-container\">\n\t\t\t\t\t\t\t\t\t\t\t\t\t\t\t<img decoding=\"async\" width=\"600\" height=\"730\" src=\"https:\/\/www.ajflyinghome.com\/wp-content\/uploads\/2024\/09\/Better-Communication-with-US.webp\" class=\"attachment-large size-large wp-image-1699\" alt=\"Bizimle Daha \u0130yi \u0130leti\u015fim\" title=\"\">\t\t\t\t\t\t\t\t\t\t\t\t\t\t\t<\/div>\n\t\t\t\t<\/div>\n\t\t<div class=\"elementor-element elementor-element-e5cc82e e-con-full e-flex e-con e-child\" data-id=\"e5cc82e\" data-element_type=\"container\">\n\t\t\t\t<div class=\"elementor-element elementor-element-e99846e elementor-widget elementor-widget-heading\" data-id=\"e99846e\" data-element_type=\"widget\" data-widget_type=\"heading.default\">\n\t\t\t\t<div class=\"elementor-widget-container\">\n\t\t\t\t\t<h2 class=\"elementor-heading-title elementor-size-default\">Daha \u0130yi \u0130leti\u015fim<\/h2>\t\t\t\t<\/div>\n\t\t\t\t<\/div>\n\t\t\t\t<div class=\"elementor-element elementor-element-7edccbd elementor-widget elementor-widget-text-editor\" data-id=\"7edccbd\" data-element_type=\"widget\" data-widget_type=\"text-editor.default\">\n\t\t\t\t<div class=\"elementor-widget-container\">\n\t\t\t\t\t\t\t\t\t<p>\u00c7in\u2019den kabin \u00f6zelle\u015ftirmesi yapacaksan\u0131z ileti\u015fim b\u00fcy\u00fck bir zorluk olabilir. AJ Flying, 16 y\u0131ldan fazla s\u00fcredir d\u00fcnya genelinde kabin ihra\u00e7 etmektedir ve zengin proje ve sekt\u00f6r deneyimi ile farkl\u0131 k\u00fclt\u00fcrlere sahip \u00fclkelerden olsan\u0131z bile benzersiz zevklerinizi ve ihtiya\u00e7lar\u0131n\u0131z\u0131 h\u0131zl\u0131ca belirleyebiliriz.<\/p><p>Sadece sekt\u00f6r tecr\u00fcbemizle de\u011fil, ayn\u0131 zamanda yakla\u015f\u0131m\u0131m\u0131zla da gururluyuz. AJ Flying, tasar\u0131m konseptlerinize tam sayg\u0131 g\u00f6sterir ve a\u00e7\u0131k ileti\u015fim sonras\u0131 bunlar\u0131 \u00fcretime entegre edebiliriz. Son olarak, makul olmayan noktalar\u0131 tespit edip, deneyimimizle daha iyi bir plan yapman\u0131z i\u00e7in size yard\u0131mc\u0131 olaca\u011f\u0131z. T\u00fcm teslim edilen \u00fcr\u00fcnlerin ihtiya\u00e7lar\u0131n\u0131z\u0131 kar\u015f\u0131lamas\u0131n\u0131 ve kullanabilece\u011finiz \u00fcr\u00fcnler olmas\u0131n\u0131 sa\u011flar\u0131z.<\/p>\t\t\t\t\t\t\t\t<\/div>\n\t\t\t\t<\/div>\n\t\t\t\t<div class=\"elementor-element elementor-element-27fa672 elementor-tablet-align-center popmake-1598 elementor-widget elementor-widget-button\" data-id=\"27fa672\" data-element_type=\"widget\" data-widget_type=\"button.default\">\n\t\t\t\t<div class=\"elementor-widget-container\">\n\t\t\t\t\t\t\t\t\t<div class=\"elementor-button-wrapper\">\n\t\t\t\t\t<a class=\"elementor-button elementor-button-link elementor-size-sm\" href=\"#\">\n\t\t\t\t\t\t<span class=\"elementor-button-content-wrapper\">\n\t\t\t\t\t\t\t\t\t<span class=\"elementor-button-text\">Bizimle Konu\u015fun<\/span>\n\t\t\t\t\t<\/span>\n\t\t\t\t\t<\/a>\n\t\t\t\t<\/div>\n\t\t\t\t\t\t\t\t<\/div>\n\t\t\t\t<\/div>\n\t\t\t\t<\/div>\n\t\t\t\t\t<\/div>\n\t\t\t\t<\/div>\n\t\t<div class=\"elementor-element elementor-element-70784f7 e-flex e-con-boxed e-con e-parent\" data-id=\"70784f7\" data-element_type=\"container\" data-settings=\"{&quot;background_background&quot;:&quot;classic&quot;}\">\n\t\t\t\t\t<div class=\"e-con-inner\">\n\t\t<div class=\"elementor-element elementor-element-6d64a00 e-con-full e-flex e-con e-child\" data-id=\"6d64a00\" data-element_type=\"container\">\n\t\t\t\t<div class=\"elementor-element elementor-element-de208f7 elementor-widget elementor-widget-heading\" data-id=\"de208f7\" data-element_type=\"widget\" data-widget_type=\"heading.default\">\n\t\t\t\t<div class=\"elementor-widget-container\">\n\t\t\t\t\t<h2 class=\"elementor-heading-title elementor-size-default\">Sertifikalar<\/h2>\t\t\t\t<\/div>\n\t\t\t\t<\/div>\n\t\t\t\t<div class=\"elementor-element elementor-element-64dc248 elementor-widget elementor-widget-text-editor\" data-id=\"64dc248\" data-element_type=\"widget\" data-widget_type=\"text-editor.default\">\n\t\t\t\t<div class=\"elementor-widget-container\">\n\t\t\t\t\t\t\t\t\t<p>AJ Flying, \u00e7evremizi korumak amac\u0131yla ye\u015fil ve s\u00fcrd\u00fcr\u00fclebilir bir i\u015f yapmaya kendini adam\u0131\u015ft\u0131r. Fabrikam\u0131z FSC sertifikas\u0131na sahiptir ve LEED puan\u0131n\u0131 art\u0131rmak ile birlikte \u00e7evre dostu binalar in\u015fa etmektedir.<\/p><p>Daha iyi ve g\u00fcvenli bir ya\u015fam i\u00e7in, panellerimiz CARB ve GreenGauard sertifikalar\u0131n\u0131 ge\u00e7mi\u015ftir, bu da dolaplar\u0131m\u0131z\u0131n kat\u0131 hava kalitesi standartlar\u0131na uydu\u011funu ve i\u00e7 ortamda formaldehit ve di\u011fer zararl\u0131 emisyonlar\u0131 azaltaca\u011f\u0131n\u0131 g\u00f6sterir.<\/p><p>Ayr\u0131ca, AJ Flying kabin kalitesine \u00f6nem verir ve potansiyel riskleri \u00f6nlemek i\u00e7in A161.1 standartlar\u0131na uygun olup, y\u00fck ta\u015f\u0131ma kapasitesi ve dayan\u0131kl\u0131l\u0131k a\u00e7\u0131s\u0131ndan iyi performans g\u00f6sterir.<\/p>\t\t\t\t\t\t\t\t<\/div>\n\t\t\t\t<\/div>\n\t\t\t\t<div class=\"elementor-element elementor-element-c1666f4 elementor-tablet-align-center popmake-1598 elementor-widget elementor-widget-button\" data-id=\"c1666f4\" data-element_type=\"widget\" data-widget_type=\"button.default\">\n\t\t\t\t<div class=\"elementor-widget-container\">\n\t\t\t\t\t\t\t\t\t<div class=\"elementor-button-wrapper\">\n\t\t\t\t\t<a class=\"elementor-button elementor-button-link elementor-size-sm\" href=\"#\">\n\t\t\t\t\t\t<span class=\"elementor-button-content-wrapper\">\n\t\t\t\t\t\t\t\t\t<span class=\"elementor-button-text\">Hemen Sorgula<\/span>\n\t\t\t\t\t<\/span>\n\t\t\t\t\t<\/a>\n\t\t\t\t<\/div>\n\t\t\t\t\t\t\t\t<\/div>\n\t\t\t\t<\/div>\n\t\t\t\t<\/div>\n\t\t\t\t<div class=\"elementor-element elementor-element-a6a5f41 elementor-widget__width-initial elementor-widget-tablet__width-inherit elementor-widget elementor-widget-image\" data-id=\"a6a5f41\" data-element_type=\"widget\" data-widget_type=\"image.default\">\n\t\t\t\t<div class=\"elementor-widget-container\">\n\t\t\t\t\t\t\t\t\t\t\t\t\t\t\t<img decoding=\"async\" width=\"600\" height=\"730\" src=\"https:\/\/www.ajflyinghome.com\/wp-content\/uploads\/2024\/09\/Certification.webp\" class=\"attachment-large size-large wp-image-1700\" alt=\"\" title=\"\">\t\t\t\t\t\t\t\t\t\t\t\t\t\t\t<\/div>\n\t\t\t\t<\/div>\n\t\t\t\t\t<\/div>\n\t\t\t\t<\/div>\n\t\t<div class=\"elementor-element elementor-element-48dee1f e-flex e-con-boxed e-con e-parent\" data-id=\"48dee1f\" data-element_type=\"container\" data-settings=\"{&quot;background_background&quot;:&quot;classic&quot;}\">\n\t\t\t\t\t<div class=\"e-con-inner\">\n\t\t\t\t<div class=\"elementor-element elementor-element-d46e85f elementor-widget elementor-widget-heading\" data-id=\"d46e85f\" data-element_type=\"widget\" data-widget_type=\"heading.default\">\n\t\t\t\t<div class=\"elementor-widget-container\">\n\t\t\t\t\t<h2 class=\"elementor-heading-title elementor-size-default\">Benzersiz Fikirlerimizi Ke\u015ffedin<\/h2>\t\t\t\t<\/div>\n\t\t\t\t<\/div>\n\t\t\t\t<div class=\"elementor-element elementor-element-4a43e89 elementor-widget__width-initial elementor-widget-tablet__width-inherit elementor-widget elementor-widget-text-editor\" data-id=\"4a43e89\" data-element_type=\"widget\" data-widget_type=\"text-editor.default\">\n\t\t\t\t<div class=\"elementor-widget-container\">\n\t\t\t\t\t\t\t\t\t<p>\u0130\u00e7 tasar\u0131m ekibimiz, zengin yarat\u0131c\u0131l\u0131k ve yetkin tasar\u0131m becerileri ile karakterizedir. Sadece do\u011fru fikir ve ihtiya\u00e7lar\u0131n\u0131z\u0131 payla\u015ft\u0131\u011f\u0131n\u0131z takdirde, 2 g\u00fcn i\u00e7inde size 2D kat plan\u0131 ve 3-5 g\u00fcn i\u00e7inde 3D g\u00f6rselle\u015ftirmelerle tasar\u0131m fikirlerinizi sunmay\u0131 vaat ediyoruz.<\/p><p>\u00a0<\/p><p>\u015eimdi ihtiya\u00e7lar\u0131n\u0131z\u0131 bize g\u00f6nderin ve beklenmedik yarat\u0131c\u0131 fikirler almak i\u00e7in bizimle \u00e7al\u0131\u015f\u0131n.<\/p>\t\t\t\t\t\t\t\t<\/div>\n\t\t\t\t<\/div>\n\t\t\t\t\t<\/div>\n\t\t\t\t<\/div>\n\t\t<div class=\"elementor-element elementor-element-9831759 e-flex e-con-boxed e-con e-parent\" data-id=\"9831759\" data-element_type=\"container\" data-settings=\"{&quot;background_background&quot;:&quot;classic&quot;}\">\n\t\t\t\t\t<div class=\"e-con-inner\">\n\t\t\t\t<div class=\"elementor-element elementor-element-5a05d2a elementor-widget__width-initial elementor-widget-tablet__width-inherit elementor-widget elementor-widget-image\" data-id=\"5a05d2a\" data-element_type=\"widget\" data-widget_type=\"image.default\">\n\t\t\t\t<div class=\"elementor-widget-container\">\n\t\t\t\t\t\t\t\t\t\t\t\t\t\t\t<img loading=\"lazy\" decoding=\"async\" width=\"600\" height=\"730\" src=\"https:\/\/www.ajflyinghome.com\/wp-content\/uploads\/2024\/09\/Inspection.webp\" class=\"attachment-large size-large wp-image-1702\" alt=\"\u0130nceleme\" title=\"\">\t\t\t\t\t\t\t\t\t\t\t\t\t\t\t<\/div>\n\t\t\t\t<\/div>\n\t\t<div class=\"elementor-element elementor-element-0c91059 e-con-full e-flex e-con e-child\" data-id=\"0c91059\" data-element_type=\"container\">\n\t\t\t\t<div class=\"elementor-element elementor-element-183bce9 elementor-widget elementor-widget-heading\" data-id=\"183bce9\" data-element_type=\"widget\" data-widget_type=\"heading.default\">\n\t\t\t\t<div class=\"elementor-widget-container\">\n\t\t\t\t\t<h2 class=\"elementor-heading-title elementor-size-default\">Sorunsuz Sipari\u015f<\/h2>\t\t\t\t<\/div>\n\t\t\t\t<\/div>\n\t\t\t\t<div class=\"elementor-element elementor-element-9dbadd1 elementor-widget elementor-widget-text-editor\" data-id=\"9dbadd1\" data-element_type=\"widget\" data-widget_type=\"text-editor.default\">\n\t\t\t\t<div class=\"elementor-widget-container\">\n\t\t\t\t\t\t\t\t\t<p>AJ Flying\u2019de kalite en \u00f6nemli konudur, \u00e7\u00fcnk\u00fc bu do\u011frudan \u015firketin itibar\u0131n\u0131 ve piyasa rekabet\u00e7ili\u011fini etkiler ve ayn\u0131 zamanda sizin memnuniyetinizi belirler.<\/p><p>Size daha iyi hizmet verebilmek i\u00e7in, AJ Flying 2009 y\u0131l\u0131nda kapsaml\u0131 bir kalite kontrol sistemi kurdu ve e\u011fitimli ve sorumlu bir QC ekibi olu\u015fturarak, her \u00fcretim s\u00fcrecinde kabin mobilyalar\u0131n\u0131z\u0131n gereksinimlere uygun olmas\u0131n\u0131 sa\u011flad\u0131.<\/p>\t\t\t\t\t\t\t\t<\/div>\n\t\t\t\t<\/div>\n\t\t\t\t<div class=\"elementor-element elementor-element-a5f2fe4 elementor-tablet-align-center popmake-1598 elementor-widget elementor-widget-button\" data-id=\"a5f2fe4\" data-element_type=\"widget\" data-widget_type=\"button.default\">\n\t\t\t\t<div class=\"elementor-widget-container\">\n\t\t\t\t\t\t\t\t\t<div class=\"elementor-button-wrapper\">\n\t\t\t\t\t<a class=\"elementor-button elementor-button-link elementor-size-sm\" href=\"#\">\n\t\t\t\t\t\t<span class=\"elementor-button-content-wrapper\">\n\t\t\t\t\t\t\t\t\t<span class=\"elementor-button-text\">Teklif G\u00f6nder<\/span>\n\t\t\t\t\t<\/span>\n\t\t\t\t\t<\/a>\n\t\t\t\t<\/div>\n\t\t\t\t\t\t\t\t<\/div>\n\t\t\t\t<\/div>\n\t\t\t\t<\/div>\n\t\t\t\t\t<\/div>\n\t\t\t\t<\/div>\n\t\t\t\t<\/div>","protected":false},"excerpt":{"rendered":"<p>AJ Flying Hakk\u0131nda AJ Flying, Chuang Xiang Road, Xin Tang Kasabas\u0131, Guangdong, Guangzhou, \u00c7in'de bulunmaktad\u0131r. 2008 y\u0131l\u0131nda kuruldu\u011fumuzdan beri, profesyonel sekt\u00f6r deneyimi ve geli\u015fmi\u015f \u00fcretim hatlar\u0131yla d\u00fcnya genelinde 5000'den fazla m\u00fc\u015fteriye hizmet verdik. Dolap \u00fcretim alan\u0131m\u0131z 90000 metrekareyi a\u015fmakta olup, y\u0131lda 270000'den fazla tak\u0131m \u00fcretim yapma imkan\u0131 sa\u011flamaktad\u0131r.<\/p>","protected":false},"author":1,"featured_media":0,"parent":0,"menu_order":0,"comment_status":"closed","ping_status":"closed","template":"","meta":{"_acf_changed":false,"footnotes":""},"class_list":["post-791","page","type-page","status-publish","hentry"],"blocksy_meta":{"page_title_panel":"","has_hero_section":"disabled","da5b4872f9e8334623972e2d166fd56a":"","hero_section":"type-1","hero_elements":[{"id":"custom_title","enabled":true,"heading_tag":"h1","title":"Home"},{"id":"custom_description","enabled":true,"description_visibility":{"desktop":true,"tablet":true,"mobile":false}},{"id":"custom_meta","enabled":false,"meta_elements":[{"id":"author","enabled":true,"label":"By","has_author_avatar":"yes","avatar_size":25},{"id":"post_date","enabled":true,"label":"On","date_format_source":"default","date_format":"M j, Y"},{"id":"updated_date","enabled":false,"label":"On","date_format_source":"default","date_format":"M j, Y"},{"id":"categories","enabled":false,"label":"In","style":"simple"},{"id":"comments","enabled":true}],"page_meta_elements":{"joined":true,"articles_count":true,"comments":true}},{"id":"breadcrumbs","enabled":false}],"e6d535d3e1e37507fc0033d9ef7c98b0":"","hero_alignment1":"CT_CSS_SKIP_RULE","hero_margin":40,"hero_alignment2":"center","hero_vertical_alignment":"center","af604582675f2c6b2d61704d7aa0b27c":"","hero_structure":"narrow","ce6f705cef06fac676ecc48a8a6948fd":"","page_title_bg_type":"featured_image","custom_hero_background":{"attachment_id":null},"page_title_image_size":"full","parallax":{"desktop":false,"tablet":false,"mobile":false},"bd6f81ef84ae85f9e69d912b8ee9c623":"","hero_height":"250px","pageTitleFont":{"family":"Default","variation":"Default","size":"30px","line-height":"CT_CSS_SKIP_RULE","letter-spacing":"CT_CSS_SKIP_RULE","text-transform":"CT_CSS_SKIP_RULE","text-decoration":"CT_CSS_SKIP_RULE"},"pageTitleFontColor":{"default":{"color":"CT_CSS_SKIP_RULEDEFAULT"}},"pageMetaFont":{"family":"Default","variation":"n6","size":"12px","line-height":"1.3","letter-spacing":"CT_CSS_SKIP_RULE","text-transform":"uppercase","text-decoration":"CT_CSS_SKIP_RULE"},"pageMetaFontColor":{"default":{"color":"CT_CSS_SKIP_RULEDEFAULT"},"hover":{"color":"CT_CSS_SKIP_RULEDEFAULT"}},"page_meta_button_type_font_colors":{"default":{"color":"CT_CSS_SKIP_RULEDEFAULT"},"hover":{"color":"CT_CSS_SKIP_RULEDEFAULT"}},"page_meta_button_type_background_colors":{"default":{"color":"CT_CSS_SKIP_RULEDEFAULT"},"hover":{"color":"CT_CSS_SKIP_RULEDEFAULT"}},"pageExcerptFont":{"family":"Default","variation":"Default","size":"CT_CSS_SKIP_RULE","line-height":"CT_CSS_SKIP_RULE","letter-spacing":"CT_CSS_SKIP_RULE","text-transform":"CT_CSS_SKIP_RULE","text-decoration":"CT_CSS_SKIP_RULE"},"pageExcerptColor":{"default":{"color":"CT_CSS_SKIP_RULEDEFAULT"}},"breadcrumbsFont":{"family":"Default","variation":"Default","size":"CT_CSS_SKIP_RULE","line-height":"CT_CSS_SKIP_RULE","letter-spacing":"CT_CSS_SKIP_RULE","text-transform":"CT_CSS_SKIP_RULE","text-decoration":"CT_CSS_SKIP_RULE"},"breadcrumbsFontColor":{"default":{"color":"CT_CSS_SKIP_RULEDEFAULT"},"initial":{"color":"CT_CSS_SKIP_RULEDEFAULT"},"hover":{"color":"CT_CSS_SKIP_RULEDEFAULT"}},"pageTitleOverlay":{"background_type":"color","background_pattern":"type-1","background_image":{"attachment_id":null,"x":0,"y":0},"gradient":"linear-gradient(135deg,rgba(6,147,227,1) 0%,rgb(155,81,224) 100%)","background_repeat":"repeat","background_size":"auto","background_attachment":"scroll","patternColor":{"default":{"color":"#e5e7ea"}},"overlayColor":{"default":{"color":"CT_CSS_SKIP_RULE"}},"backgroundColor":{"default":{"color":"CT_CSS_SKIP_RULE"}}},"pageTitleBackground":{"background_type":"color","background_pattern":"type-1","background_image":{"attachment_id":null,"x":0,"y":0},"gradient":"linear-gradient(135deg,rgba(6,147,227,1) 0%,rgb(155,81,224) 100%)","background_repeat":"repeat","background_size":"auto","background_attachment":"scroll","patternColor":{"default":{"color":"#e5e7ea"}},"overlayColor":{"default":{"color":"CT_CSS_SKIP_RULE"}},"backgroundColor":{"default":{"color":"var(--theme-palette-color-6)"}}},"pageTitlePadding":{"top":"50px","bottom":"50px","left":"auto","right":"auto","linked":true},"8c4a6d2961d44fcfa49a0dd572b8a506":"","page_structure_type":"default","702871a7ab24e49134d063076717b1f5":"","content_style_source":"inherit","content_style":"wide","vertical_spacing_source":"custom","content_area_spacing":"none","background":{"background_type":"color","background_pattern":"type-1","background_image":{"attachment_id":null,"x":0,"y":0},"gradient":"linear-gradient(135deg,rgba(6,147,227,1) 0%,rgb(155,81,224) 100%)","background_repeat":"repeat","background_size":"auto","background_attachment":"scroll","patternColor":{"default":{"color":"#e5e7ea"}},"overlayColor":{"default":{"color":"CT_CSS_SKIP_RULE"}},"backgroundColor":{"default":{"color":"CT_CSS_SKIP_RULE"}}},"content_background":{"background_type":"color","background_pattern":"type-1","background_image":{"attachment_id":null,"x":0,"y":0},"gradient":"linear-gradient(135deg,rgba(6,147,227,1) 0%,rgb(155,81,224) 100%)","background_repeat":"repeat","background_size":"auto","background_attachment":"scroll","patternColor":{"default":{"color":"#e5e7ea"}},"overlayColor":{"default":{"color":"CT_CSS_SKIP_RULE"}},"backgroundColor":{"default":{"color":"var(--theme-palette-color-8)"}}},"content_boxed_shadow":{"inherit":false,"blur":18,"spread":-6,"v_offset":12,"h_offset":0,"inset":false,"enable":true,"color":{"color":"rgba(34, 56, 101, 0.04)"}},"content_boxed_border":{"width":1,"style":"none","color":{"color":"rgba(44,62,80,0.2)"}},"content_boxed_radius":{"top":"3px","bottom":"3px","left":"3px","right":"3px","linked":true},"boxed_content_spacing":{"desktop":{"top":"40px","bottom":"40px","left":"40px","right":"40px","linked":true},"tablet":{"top":"35px","bottom":"35px","left":"35px","right":"35px","linked":true},"mobile":{"top":"20px","bottom":"20px","left":"20px","right":"20px","linked":true}},"7922427f56353a5999fd9b23b8da9b06":"","disable_featured_image":"no","disable_share_box":"no","disable_header":"no","disable_footer":"no","styles_descriptor":{"styles":{"desktop":"","tablet":"","mobile":""},"google_fonts":[],"version":6}},"acf":[],"_links":{"self":[{"href":"https:\/\/www.ajflyinghome.com\/tr\/wp-json\/wp\/v2\/pages\/791","targetHints":{"allow":["GET"]}}],"collection":[{"href":"https:\/\/www.ajflyinghome.com\/tr\/wp-json\/wp\/v2\/pages"}],"about":[{"href":"https:\/\/www.ajflyinghome.com\/tr\/wp-json\/wp\/v2\/types\/page"}],"author":[{"embeddable":true,"href":"https:\/\/www.ajflyinghome.com\/tr\/wp-json\/wp\/v2\/users\/1"}],"replies":[{"embeddable":true,"href":"https:\/\/www.ajflyinghome.com\/tr\/wp-json\/wp\/v2\/comments?post=791"}],"version-history":[{"count":3,"href":"https:\/\/www.ajflyinghome.com\/tr\/wp-json\/wp\/v2\/pages\/791\/revisions"}],"predecessor-version":[{"id":6336,"href":"https:\/\/www.ajflyinghome.com\/tr\/wp-json\/wp\/v2\/pages\/791\/revisions\/6336"}],"wp:attachment":[{"href":"https:\/\/www.ajflyinghome.com\/tr\/wp-json\/wp\/v2\/media?parent=791"}],"curies":[{"name":"wp","href":"https:\/\/api.w.org\/{rel}","templated":true}]}}